{"id":10697,"date":"2020-07-28T12:12:46","date_gmt":"2020-07-28T10:12:46","guid":{"rendered":"https:\/\/www.rijeka.hr\/it\/?page_id=10697"},"modified":"2022-11-07T12:43:55","modified_gmt":"2022-11-07T11:43:55","slug":"mysmartlife-transizione-intelligente-delle-citta-dellue-verso-un-nuovo-concetto-di-vita-ed-economia-intelligenti","status":"publish","type":"page","link":"https:\/\/www.rijeka.hr\/it\/amministrazione-cittadina\/progetti-dellue\/progetti-chiusi\/mysmartlife-transizione-intelligente-delle-citta-dellue-verso-un-nuovo-concetto-di-vita-ed-economia-intelligenti\/","title":{"rendered":"mySMARTLife &#8211; Transizione intelligente delle citt\u00e0 dell&#8217;UE verso un nuovo concetto di vita ed economia intelligenti"},"content":{"rendered":"<p>&nbsp;<\/p>\n<p><strong>Durata del progetto:<\/strong> 1 dicembre 2016-30 novembre 2021 (60 mesi)<\/p>\n<p><img loading=\"lazy\" decoding=\"async\" width=\"235\" height=\"199\" class=\"size-full wp-image-10702 alignleft\" src=\"https:\/\/www.rijeka.hr\/it\/wp-content\/uploads\/sites\/3\/2020\/07\/smart.jpg\" alt=\"\" \/>Descrizione: la definizione di un avanzato processo di pianificazione urbana servir\u00e0 come strumento per raggiungere obiettivi ambiziosi stabiliti dalla strategia di trasformazione urbana. Il processo avanzato di pianificazione urbana include un approccio integrato alla pianificazione degli interventi nelle citt\u00e0 sulla base di rigide valutazioni dell&#8217;impatto di ciascun intervento, l&#8217;approccio dell&#8217;inclusione attiva dei cittadini nel processo di gestione della citt\u00e0 e l&#8217;approccio economico strutturato, dal punto di vista di un&#8217;impresa urbana modello per un quadro economico per le grandi aziende e le piccole e medie imprese e le start-up locali.<\/p>\n<p>Nantes (Francia), Amburgo (Germania) e Helsinki (Finlandia) sono le cosiddette citt\u00e0 &#8220;faro&#8221;, mentre Varna (Bulgaria), Bydgoszcz (Polonia), Fiume (Croazia) e Palencia (Spagna) sono i cosiddetti &#8220;seguaci&#8221;. Tutte le citt\u00e0 saranno incluse nel rinnovamento di parte della citt\u00e0 e nello sviluppo di case intelligenti \u2013 Smart district; Energia intelligente &#8211; offerta e domanda; Sviluppo IKT e sviluppo di piattaforme urbane; mobilit\u00e0 sostenibile &#8211; mobilit\u00e0 intelligente, migliorata &#8211; illuminazione pubblica intelligente.<\/p>\n<p>Le attivit\u00e0 chiave sono in programma e verranno svolte in tre citt\u00e0 faro: Nantes (Francia), Amburgo (Germania) e Helsinki (Finlandia). I seguaci di quattro citt\u00e0 &#8211; Varna (Bulgaria), Bydgoszcz (Polonia), Rijeka (Croazia) e Palencia (Spagna) &#8211; impareranno direttamente da queste esperienze e prepareranno i propri piani di trasformazione urbana. Inoltre, le citt\u00e0 europee e sono invitate a scambiarsi esperienze e apprendere direttamente dalle scoperte e dai risultati di mySMARTLife aderendo alla rete mySMARTLife Cities.<\/p>\n<p>\u201cMySMARTLife mira a sostenere le citt\u00e0 dell&#8217;UE nella loro transizione verso luoghi pi\u00f9 sostenibili. L&#8217;impegno di Nantes, Amburgo e Helsinki a sviluppare i loro piani urbani avanzati e ad attuare azioni cos\u00ec ambiziose nelle loro citt\u00e0 attraverso mySMARTLife [pi\u00f9 di 150 azioni nelle tre citt\u00e0] garantisce che non solo la tecnologia, ma i loro modelli di business correlati siano convalidati dalla prospettiva delle citt\u00e0, facendo mySMARTLife un riferimento per un nuovo concetto di citt\u00e0 europea\u201d, sottolinea Rub\u00e9n Garc\u00eda Pajares, coordinatore del progetto mySMARTLife.<\/p>\n<p><strong>Attivit\u00e0:<\/strong><\/p>\n<ul>\n<li>Definizione della strategia di trasformazione urbana (citt\u00e0 intelligenti, economia intelligente, rafforzamento delle capacit\u00e0 e mentoring, pianificazione urbana integrata avanzata)<\/li>\n<li>Attuare attivit\u00e0 a Nantes<\/li>\n<li>Attuare attivit\u00e0 ad Amburgo<\/li>\n<li>Attuare attivit\u00e0 a Helsinki<\/li>\n<li>Mentoring e valutazione di nuove attivit\u00e0 implementate<\/li>\n<\/ul>\n<p><strong>Partner:<\/strong><\/p>\n<ul>\n<li>Fundacion Cartif<\/li>\n<li>Nantes Metropole<\/li>\n<li>Engie<\/li>\n<li>Association pour la Recherch\u00e9 et le Development des methods et processus Industriels<\/li>\n<li>Centre d etudes et d expertise sur les risques l environnement la mobilite et l amanagement<\/li>\n<li>Electricite Reseau Distribution France SA<\/li>\n<li>Freie und Hansestadt Hamburg<\/li>\n<li>Hafencity Universitat Hamburg<\/li>\n<li>Hochschule fuer angewandte Wissenschaften<\/li>\n<li>Volkswagen AG<\/li>\n<li>T-systems International GMBH<\/li>\n<li>Konsalt Gesellschaft fur Stadt und Regionalanalysen und Projektentwicklung mbH<\/li>\n<li>EnergieNetz Hamburg eG<\/li>\n<li>Helsingin Kaupunki<\/li>\n<li>Forum Virium Helsinki OY<\/li>\n<li>Teknologian tutkimuskeskus VTT Oy<\/li>\n<li>Helen OY<\/li>\n<li>Fourdeg OY<\/li>\n<li>Salufsin OY<\/li>\n<li>Metropolia Ammattikorkeakoulu OY<\/li>\n<li>Steinbeis Innovation GGMBH<\/li>\n<li>Fundacion Tecnalia Research &amp; Innovation<\/li>\n<li>Nobatek<\/li>\n<li>Fundacion Esade<\/li>\n<li>Miasto Bydgoszcz<\/li>\n<li>Municipality of Varna<\/li>\n<li>Citt\u00e0 di Fiume<\/li>\n<li>Ayuntamiento de Palencia<\/li>\n<\/ul>\n<p><strong>Budget:<\/strong><\/p>\n<p><strong>Budget complessivo del progetto:<\/strong> 21.574.074,21 \u20ac<br \/>\n<strong>Finanziato dal programma:<\/strong> 18.656.101,98 \u20ac<br \/>\n<strong>Bilancio della Citt\u00e0 di Fiume<\/strong>: 140.625,00 \u20ac<\/p>\n<p><strong>Finanziato con:<\/strong><\/p>\n<p>Programma Horizon2020, Smart City Call<\/p>\n","protected":false},"excerpt":{"rendered":"<p>Obiettivo del progetto: il progetto mySMARTlife mira a creare una strategia di trasformazione urbana al fine di fornire assistenza alle citt\u00e0 nella definizione di un modello di transizione che li aiuter\u00e0 a raggiungere l&#8217;eccellenza nei processi di sviluppo urbano, rispondendo alle principali sfide che le citt\u00e0 affrontano nel loro sforzo di avvicinarsi ai concetti di citt\u00e0 intelligenti ed economia intelligente.<\/p>\n","protected":false},"author":5,"featured_media":11619,"parent":2062,"menu_order":0,"comment_status":"closed","ping_status":"closed","template":"","meta":{"_acf_changed":false,"_trash_the_other_posts":false,"footnotes":"","_links_to":"","_links_to_target":""},"tags":[],"class_list":["post-10697","page","type-page","status-publish","has-post-thumbnail","hentry"],"acf":[],"yoast_head":"<!-- This site is optimized with the Yoast SEO plugin v24.4 - https:\/\/yoast.com\/wordpress\/plugins\/seo\/ -->\n<title>mySMARTLife - Transizione intelligente delle citt\u00e0 dell&#039;UE verso un nuovo concetto di vita ed economia intelligenti - Citt\u00e0 di Fiume<\/title>\n<meta name=\"robots\" content=\"index, follow, max-snippet:-1, max-image-preview:large, max-video-preview:-1\" \/>\n<link rel=\"canonical\" href=\"https:\/\/www.rijeka.hr\/it\/amministrazione-cittadina\/progetti-dellue\/progetti-chiusi\/mysmartlife-transizione-intelligente-delle-citta-dellue-verso-un-nuovo-concetto-di-vita-ed-economia-intelligenti\/\" \/>\n<meta property=\"og:locale\" content=\"it_IT\" \/>\n<meta property=\"og:type\" content=\"article\" \/>\n<meta property=\"og:title\" content=\"mySMARTLife - Transizione intelligente delle citt\u00e0 dell&#039;UE verso un nuovo concetto di vita ed economia intelligenti - Citt\u00e0 di Fiume\" \/>\n<meta property=\"og:description\" content=\"Obiettivo del progetto: il progetto mySMARTlife mira a creare una strategia di trasformazione urbana al fine di fornire assistenza alle citt\u00e0 nella definizione di un modello di transizione che li aiuter\u00e0 a raggiungere l&#039;eccellenza nei processi di sviluppo urbano, rispondendo alle principali sfide che le citt\u00e0 affrontano nel loro sforzo di avvicinarsi ai concetti di citt\u00e0 intelligenti ed economia intelligente.\" \/>\n<meta property=\"og:url\" content=\"https:\/\/www.rijeka.hr\/it\/amministrazione-cittadina\/progetti-dellue\/progetti-chiusi\/mysmartlife-transizione-intelligente-delle-citta-dellue-verso-un-nuovo-concetto-di-vita-ed-economia-intelligenti\/\" \/>\n<meta property=\"og:site_name\" content=\"Citt\u00e0 di Fiume\" \/>\n<meta property=\"article:modified_time\" content=\"2022-11-07T11:43:55+00:00\" \/>\n<meta property=\"og:image\" content=\"https:\/\/www.rijeka.hr\/it\/wp-content\/uploads\/sites\/3\/2020\/11\/mySMARTLife-1.jpg\" \/>\n\t<meta property=\"og:image:width\" content=\"420\" \/>\n\t<meta property=\"og:image:height\" content=\"316\" \/>\n\t<meta property=\"og:image:type\" content=\"image\/jpeg\" \/>\n<meta name=\"twitter:card\" content=\"summary_large_image\" \/>\n<meta name=\"twitter:label1\" content=\"Est. reading time\" \/>\n\t<meta name=\"twitter:data1\" content=\"2 minutes\" \/>\n<script type=\"application\/ld+json\" class=\"yoast-schema-graph\">{\"@context\":\"https:\/\/schema.org\",\"@graph\":[{\"@type\":\"WebPage\",\"@id\":\"https:\/\/www.rijeka.hr\/it\/amministrazione-cittadina\/progetti-dellue\/progetti-chiusi\/mysmartlife-transizione-intelligente-delle-citta-dellue-verso-un-nuovo-concetto-di-vita-ed-economia-intelligenti\/\",\"url\":\"https:\/\/www.rijeka.hr\/it\/amministrazione-cittadina\/progetti-dellue\/progetti-chiusi\/mysmartlife-transizione-intelligente-delle-citta-dellue-verso-un-nuovo-concetto-di-vita-ed-economia-intelligenti\/\",\"name\":\"mySMARTLife - Transizione intelligente delle citt\u00e0 dell'UE verso un nuovo concetto di vita ed economia intelligenti - Citt\u00e0 di Fiume\",\"isPartOf\":{\"@id\":\"https:\/\/www.rijeka.hr\/it\/#website\"},\"primaryImageOfPage\":{\"@id\":\"https:\/\/www.rijeka.hr\/it\/amministrazione-cittadina\/progetti-dellue\/progetti-chiusi\/mysmartlife-transizione-intelligente-delle-citta-dellue-verso-un-nuovo-concetto-di-vita-ed-economia-intelligenti\/#primaryimage\"},\"image\":{\"@id\":\"https:\/\/www.rijeka.hr\/it\/amministrazione-cittadina\/progetti-dellue\/progetti-chiusi\/mysmartlife-transizione-intelligente-delle-citta-dellue-verso-un-nuovo-concetto-di-vita-ed-economia-intelligenti\/#primaryimage\"},\"thumbnailUrl\":\"https:\/\/www.rijeka.hr\/it\/wp-content\/uploads\/sites\/3\/2020\/11\/mySMARTLife-1.jpg\",\"datePublished\":\"2020-07-28T10:12:46+00:00\",\"dateModified\":\"2022-11-07T11:43:55+00:00\",\"breadcrumb\":{\"@id\":\"https:\/\/www.rijeka.hr\/it\/amministrazione-cittadina\/progetti-dellue\/progetti-chiusi\/mysmartlife-transizione-intelligente-delle-citta-dellue-verso-un-nuovo-concetto-di-vita-ed-economia-intelligenti\/#breadcrumb\"},\"inLanguage\":\"it-IT\",\"potentialAction\":[{\"@type\":\"ReadAction\",\"target\":[\"https:\/\/www.rijeka.hr\/it\/amministrazione-cittadina\/progetti-dellue\/progetti-chiusi\/mysmartlife-transizione-intelligente-delle-citta-dellue-verso-un-nuovo-concetto-di-vita-ed-economia-intelligenti\/\"]}]},{\"@type\":\"ImageObject\",\"inLanguage\":\"it-IT\",\"@id\":\"https:\/\/www.rijeka.hr\/it\/amministrazione-cittadina\/progetti-dellue\/progetti-chiusi\/mysmartlife-transizione-intelligente-delle-citta-dellue-verso-un-nuovo-concetto-di-vita-ed-economia-intelligenti\/#primaryimage\",\"url\":\"https:\/\/www.rijeka.hr\/it\/wp-content\/uploads\/sites\/3\/2020\/11\/mySMARTLife-1.jpg\",\"contentUrl\":\"https:\/\/www.rijeka.hr\/it\/wp-content\/uploads\/sites\/3\/2020\/11\/mySMARTLife-1.jpg\",\"width\":420,\"height\":316},{\"@type\":\"BreadcrumbList\",\"@id\":\"https:\/\/www.rijeka.hr\/it\/amministrazione-cittadina\/progetti-dellue\/progetti-chiusi\/mysmartlife-transizione-intelligente-delle-citta-dellue-verso-un-nuovo-concetto-di-vita-ed-economia-intelligenti\/#breadcrumb\",\"itemListElement\":[{\"@type\":\"ListItem\",\"position\":1,\"name\":\"Po\u010detna stranica\",\"item\":\"https:\/\/www.rijeka.hr\/it\/\"},{\"@type\":\"ListItem\",\"position\":2,\"name\":\"Amministrazione cittadina\",\"item\":\"https:\/\/www.rijeka.hr\/it\/amministrazione-cittadina\/\"},{\"@type\":\"ListItem\",\"position\":3,\"name\":\"Progetti dell&#8217;UE\",\"item\":\"https:\/\/www.rijeka.hr\/it\/amministrazione-cittadina\/progetti-dellue\/\"},{\"@type\":\"ListItem\",\"position\":4,\"name\":\"Progetti chiusi\",\"item\":\"https:\/\/www.rijeka.hr\/it\/amministrazione-cittadina\/progetti-dellue\/progetti-chiusi\/\"},{\"@type\":\"ListItem\",\"position\":5,\"name\":\"mySMARTLife &#8211; Transizione intelligente delle citt\u00e0 dell&#8217;UE verso un nuovo concetto di vita ed economia intelligenti\"}]},{\"@type\":\"WebSite\",\"@id\":\"https:\/\/www.rijeka.hr\/it\/#website\",\"url\":\"https:\/\/www.rijeka.hr\/it\/\",\"name\":\"Citt\u00e0 di Fiume\",\"description\":\"Portale web della Citta&#039; di Fiume\",\"potentialAction\":[{\"@type\":\"SearchAction\",\"target\":{\"@type\":\"EntryPoint\",\"urlTemplate\":\"https:\/\/www.rijeka.hr\/it\/?s={search_term_string}\"},\"query-input\":{\"@type\":\"PropertyValueSpecification\",\"valueRequired\":true,\"valueName\":\"search_term_string\"}}],\"inLanguage\":\"it-IT\"}]}<\/script>\n<!-- \/ Yoast SEO plugin. -->","yoast_head_json":{"title":"mySMARTLife - Transizione intelligente delle citt\u00e0 dell'UE verso un nuovo concetto di vita ed economia intelligenti - Citt\u00e0 di Fiume","robots":{"index":"index","follow":"follow","max-snippet":"max-snippet:-1","max-image-preview":"max-image-preview:large","max-video-preview":"max-video-preview:-1"},"canonical":"https:\/\/www.rijeka.hr\/it\/amministrazione-cittadina\/progetti-dellue\/progetti-chiusi\/mysmartlife-transizione-intelligente-delle-citta-dellue-verso-un-nuovo-concetto-di-vita-ed-economia-intelligenti\/","og_locale":"it_IT","og_type":"article","og_title":"mySMARTLife - Transizione intelligente delle citt\u00e0 dell'UE verso un nuovo concetto di vita ed economia intelligenti - Citt\u00e0 di Fiume","og_description":"Obiettivo del progetto: il progetto mySMARTlife mira a creare una strategia di trasformazione urbana al fine di fornire assistenza alle citt\u00e0 nella definizione di un modello di transizione che li aiuter\u00e0 a raggiungere l'eccellenza nei processi di sviluppo urbano, rispondendo alle principali sfide che le citt\u00e0 affrontano nel loro sforzo di avvicinarsi ai concetti di citt\u00e0 intelligenti ed economia intelligente.","og_url":"https:\/\/www.rijeka.hr\/it\/amministrazione-cittadina\/progetti-dellue\/progetti-chiusi\/mysmartlife-transizione-intelligente-delle-citta-dellue-verso-un-nuovo-concetto-di-vita-ed-economia-intelligenti\/","og_site_name":"Citt\u00e0 di Fiume","article_modified_time":"2022-11-07T11:43:55+00:00","og_image":[{"width":420,"height":316,"url":"https:\/\/www.rijeka.hr\/it\/wp-content\/uploads\/sites\/3\/2020\/11\/mySMARTLife-1.jpg","type":"image\/jpeg"}],"twitter_card":"summary_large_image","twitter_misc":{"Est. reading time":"2 minutes"},"schema":{"@context":"https:\/\/schema.org","@graph":[{"@type":"WebPage","@id":"https:\/\/www.rijeka.hr\/it\/amministrazione-cittadina\/progetti-dellue\/progetti-chiusi\/mysmartlife-transizione-intelligente-delle-citta-dellue-verso-un-nuovo-concetto-di-vita-ed-economia-intelligenti\/","url":"https:\/\/www.rijeka.hr\/it\/amministrazione-cittadina\/progetti-dellue\/progetti-chiusi\/mysmartlife-transizione-intelligente-delle-citta-dellue-verso-un-nuovo-concetto-di-vita-ed-economia-intelligenti\/","name":"mySMARTLife - Transizione intelligente delle citt\u00e0 dell'UE verso un nuovo concetto di vita ed economia intelligenti - Citt\u00e0 di Fiume","isPartOf":{"@id":"https:\/\/www.rijeka.hr\/it\/#website"},"primaryImageOfPage":{"@id":"https:\/\/www.rijeka.hr\/it\/amministrazione-cittadina\/progetti-dellue\/progetti-chiusi\/mysmartlife-transizione-intelligente-delle-citta-dellue-verso-un-nuovo-concetto-di-vita-ed-economia-intelligenti\/#primaryimage"},"image":{"@id":"https:\/\/www.rijeka.hr\/it\/amministrazione-cittadina\/progetti-dellue\/progetti-chiusi\/mysmartlife-transizione-intelligente-delle-citta-dellue-verso-un-nuovo-concetto-di-vita-ed-economia-intelligenti\/#primaryimage"},"thumbnailUrl":"https:\/\/www.rijeka.hr\/it\/wp-content\/uploads\/sites\/3\/2020\/11\/mySMARTLife-1.jpg","datePublished":"2020-07-28T10:12:46+00:00","dateModified":"2022-11-07T11:43:55+00:00","breadcrumb":{"@id":"https:\/\/www.rijeka.hr\/it\/amministrazione-cittadina\/progetti-dellue\/progetti-chiusi\/mysmartlife-transizione-intelligente-delle-citta-dellue-verso-un-nuovo-concetto-di-vita-ed-economia-intelligenti\/#breadcrumb"},"inLanguage":"it-IT","potentialAction":[{"@type":"ReadAction","target":["https:\/\/www.rijeka.hr\/it\/amministrazione-cittadina\/progetti-dellue\/progetti-chiusi\/mysmartlife-transizione-intelligente-delle-citta-dellue-verso-un-nuovo-concetto-di-vita-ed-economia-intelligenti\/"]}]},{"@type":"ImageObject","inLanguage":"it-IT","@id":"https:\/\/www.rijeka.hr\/it\/amministrazione-cittadina\/progetti-dellue\/progetti-chiusi\/mysmartlife-transizione-intelligente-delle-citta-dellue-verso-un-nuovo-concetto-di-vita-ed-economia-intelligenti\/#primaryimage","url":"https:\/\/www.rijeka.hr\/it\/wp-content\/uploads\/sites\/3\/2020\/11\/mySMARTLife-1.jpg","contentUrl":"https:\/\/www.rijeka.hr\/it\/wp-content\/uploads\/sites\/3\/2020\/11\/mySMARTLife-1.jpg","width":420,"height":316},{"@type":"BreadcrumbList","@id":"https:\/\/www.rijeka.hr\/it\/amministrazione-cittadina\/progetti-dellue\/progetti-chiusi\/mysmartlife-transizione-intelligente-delle-citta-dellue-verso-un-nuovo-concetto-di-vita-ed-economia-intelligenti\/#breadcrumb","itemListElement":[{"@type":"ListItem","position":1,"name":"Po\u010detna stranica","item":"https:\/\/www.rijeka.hr\/it\/"},{"@type":"ListItem","position":2,"name":"Amministrazione cittadina","item":"https:\/\/www.rijeka.hr\/it\/amministrazione-cittadina\/"},{"@type":"ListItem","position":3,"name":"Progetti dell&#8217;UE","item":"https:\/\/www.rijeka.hr\/it\/amministrazione-cittadina\/progetti-dellue\/"},{"@type":"ListItem","position":4,"name":"Progetti chiusi","item":"https:\/\/www.rijeka.hr\/it\/amministrazione-cittadina\/progetti-dellue\/progetti-chiusi\/"},{"@type":"ListItem","position":5,"name":"mySMARTLife &#8211; Transizione intelligente delle citt\u00e0 dell&#8217;UE verso un nuovo concetto di vita ed economia intelligenti"}]},{"@type":"WebSite","@id":"https:\/\/www.rijeka.hr\/it\/#website","url":"https:\/\/www.rijeka.hr\/it\/","name":"Citt\u00e0 di Fiume","description":"Portale web della Citta&#039; di Fiume","potentialAction":[{"@type":"SearchAction","target":{"@type":"EntryPoint","urlTemplate":"https:\/\/www.rijeka.hr\/it\/?s={search_term_string}"},"query-input":{"@type":"PropertyValueSpecification","valueRequired":true,"valueName":"search_term_string"}}],"inLanguage":"it-IT"}]}},"_links":{"self":[{"href":"https:\/\/www.rijeka.hr\/it\/wp-json\/wp\/v2\/pages\/10697","targetHints":{"allow":["GET"]}}],"collection":[{"href":"https:\/\/www.rijeka.hr\/it\/wp-json\/wp\/v2\/pages"}],"about":[{"href":"https:\/\/www.rijeka.hr\/it\/wp-json\/wp\/v2\/types\/page"}],"author":[{"embeddable":true,"href":"https:\/\/www.rijeka.hr\/it\/wp-json\/wp\/v2\/users\/5"}],"replies":[{"embeddable":true,"href":"https:\/\/www.rijeka.hr\/it\/wp-json\/wp\/v2\/comments?post=10697"}],"version-history":[{"count":3,"href":"https:\/\/www.rijeka.hr\/it\/wp-json\/wp\/v2\/pages\/10697\/revisions"}],"predecessor-version":[{"id":10703,"href":"https:\/\/www.rijeka.hr\/it\/wp-json\/wp\/v2\/pages\/10697\/revisions\/10703"}],"up":[{"embeddable":true,"href":"https:\/\/www.rijeka.hr\/it\/wp-json\/wp\/v2\/pages\/2062"}],"wp:featuredmedia":[{"embeddable":true,"href":"https:\/\/www.rijeka.hr\/it\/wp-json\/wp\/v2\/media\/11619"}],"wp:attachment":[{"href":"https:\/\/www.rijeka.hr\/it\/wp-json\/wp\/v2\/media?parent=10697"}],"wp:term":[{"taxonomy":"post_tag","embeddable":true,"href":"https:\/\/www.rijeka.hr\/it\/wp-json\/wp\/v2\/tags?post=10697"}],"curies":[{"name":"wp","href":"https:\/\/api.w.org\/{rel}","templated":true}]}}