{"id":10719,"date":"2020-07-30T10:33:49","date_gmt":"2020-07-30T08:33:49","guid":{"rendered":"https:\/\/www.rijeka.hr\/it\/?page_id=10719"},"modified":"2022-11-07T12:43:22","modified_gmt":"2022-11-07T11:43:22","slug":"promehs-promozione-della-salute-mentale-nelle-scuole","status":"publish","type":"page","link":"https:\/\/www.rijeka.hr\/it\/amministrazione-cittadina\/progetti-dellue\/progetti-chiusi\/promehs-promozione-della-salute-mentale-nelle-scuole\/","title":{"rendered":"PROMEHS \u2013 Promozione della salute mentale a scuola"},"content":{"rendered":"<h3>Titolo del progetto: Promozione della salute mentale a scuola<\/h3>\n<h3>Gli obiettivi del progetto PROMEHS sono:<\/h3>\n<ul>\n<li>offrire un framework sistematico per sviluppare e implementare un curriculum sulla salute mentale a scuola che sia evidence-based e universale, e offrire formazione agli insegnanti;<\/li>\n<li>migliorare la salute mentale di studenti e insegnanti;<\/li>\n<li>condividere buone pratiche e raccomandazioni su come promuovere la salute mentale a scuola con chi opera nella scuola, genitori, autorit\u00e0 pubbliche e stakeholders;<\/li>\n<li>integrare PROMEHS nelle politiche educative e sanitarie nazionali;<\/li>\n<li>innovare le politiche educative nazionali collaborando con autorit\u00e0 pubbliche nazionali e internazionali;<\/li>\n<li>sviluppare un curriculum per la promozione della salute mentale a scuola che sia evidence-based.<\/li>\n<\/ul>\n<p>Il curriculum intende migliorare il benessere sociale ed emotivo degli studenti, il loro atteggiamento verso se stessi, gli altri e l&#8217;apprendimento, cos\u00ec come ridurre problemi di condotta e aggressivit\u00e0, sofferenza emotiva e ansia.<\/p>\n<p>PROMEHS offrir\u00e0 training a operatori scolastici per potenziare la promozione della salute mentale a scuola.<\/p>\n<p>I risultati serviranno per migliorare le politiche educative nazionali degli stati membri e per promuovere la salute mentale nelle scuole.<\/p>\n<h3>Descrizione:<\/h3>\n<p><img loading=\"lazy\" decoding=\"async\" width=\"394\" height=\"304\" class=\"size-full wp-image-10722 alignleft\" src=\"https:\/\/www.rijeka.hr\/it\/wp-content\/uploads\/sites\/3\/2020\/07\/Promehs-logo.jpg\" alt=\"\" \/>I problemi di salute mentale che si riscontrano fra i bambini sono diventati pi\u00f9 frequenti negli ultimi anni. La depressione poi \u00e8 descritta come il primo problema di salute mentale fra gli adolescenti, ed il suicidio \u00e8 identificato come la terza causa di morte adolescenziale (WHO, 2015). Circa il 20% dei bambini manifestano disagi scolastici e spesso queste difficolt\u00e0 cominciano prima dei 14 anni. C&#8217;\u00e8 quindi bisogno di interventi tempestivi, e la scuola offre un contesto ideale per la promozione della salute mentale, lavorando gi\u00e0 con bambini di 5-6 anni e durante i loro anni di sviluppo cognitivo, emotivo e comportamentale. PROMEHS verr\u00e0 implementato in 7 paesi partner (Italia, Croazia, Grecia, Lituania, Portogallo, Romania e Malta) con l&#8217;obiettivo di sviluppare un curriculum universale basato su risultati della ricerca da condurre con l&#8217;obiettivo di promuovere la salute mentale a scuola.<\/p>\n<h3>Coordinatore del progetto:<\/h3>\n<p>Universit\u00e0 di Milano-Bicocca, Italia<\/p>\n<h3>Partner:<\/h3>\n<p>Citt\u00e0 di Fiume, Dipartimento per l\u2019educazione e l\u2019istruzione (Croazia), Ministero dell&#8217;Istruzione, dell&#8217;Universit\u00e0 e della Ricerca (Italia), Ufficio Scolastico Regionale della Lombardia (Italia), Universit\u00e0 di Malta (Malta), Universit\u00e0 della Lituania (Lituania), Ufficio Scolastico Regionale di Sigulda (Lituania), Universit\u00e0 degli studi di Fiume (Croazia), Ufficio Scolastico della Regione litoraneo \u2013 montana (Croazia), Universit\u00e0 di Suceava Stefan Cel Mare (Romania), Ufficio Scolastico Regionale di Suceava (Romania), Universit\u00e0 di Patras (Grecia), Universit\u00e0 of Lisbona (Portogallo).<\/p>\n<h3>Durata del progetto: 15 febbraio 2019-14 febbraio 2022<\/h3>\n<h3>Valore del progetto: 2.012.927,00 EUR<\/h3>\n<h3>Finanziato nell&#8217;ambito del progetto: Erasmus +, Attivit\u00e0 chiave 3.<\/h3>\n<h3>Autorit\u00e0 competente: Commissione europea<\/h3>\n<h3>Sito web ufficiale: <a href=\"https:\/\/www.promehs.org\/\">https:\/\/www.promehs.org\/<\/a><\/h3>\n<h3>Persona da contattare per ulteriori informazioni:<\/h3>\n<p><strong>Lana Golob<\/strong><br \/>\nDipartimento per l\u2019educazione e l\u2019istruzione della Citt\u00e0 di Fiume<br \/>\nE-mail: <a href=\"&#109;&#x61;i&#x6c;&#x74;&#111;&#x3a;l&#97;&#x6e;&#97;&#x2e;g&#111;&#x6c;o&#x62;&#64;&#114;&#x69;j&#x65;&#x6b;&#97;&#x2e;h&#114;\">&#108;&#x61;&#110;&#x61;&#46;&#x67;&#111;&#x6c;&#111;&#x62;&#64;&#x72;i&#x6a;e&#x6b;a&#x2e;h&#x72;<\/a><br \/>\nTel. <a href=\"tel:\/\/+385 51 209 575\">051 209 575<\/a>.<\/p>\n","protected":false},"excerpt":{"rendered":"<p>Titolo del progetto: Promozione della salute mentale a scuola Gli obiettivi del progetto PROMEHS sono: offrire un framework sistematico per sviluppare e implementare un curriculum sulla salute mentale a scuola che sia evidence-based e universale, e offrire formazione agli insegnanti; migliorare la salute mentale di studenti e insegnanti; condividere buone pratiche e raccomandazioni su come&#8230;<\/p>\n","protected":false},"author":22,"featured_media":11621,"parent":2062,"menu_order":0,"comment_status":"closed","ping_status":"closed","template":"","meta":{"_acf_changed":false,"_trash_the_other_posts":false,"footnotes":"","_links_to":"","_links_to_target":""},"tags":[],"class_list":["post-10719","page","type-page","status-publish","has-post-thumbnail","hentry"],"acf":[],"yoast_head":"<!-- This site is optimized with the Yoast SEO plugin v24.4 - https:\/\/yoast.com\/wordpress\/plugins\/seo\/ -->\n<title>PROMEHS \u2013 Promozione della salute mentale a scuola - Citt\u00e0 di Fiume<\/title>\n<meta name=\"robots\" content=\"index, follow, max-snippet:-1, max-image-preview:large, max-video-preview:-1\" \/>\n<link rel=\"canonical\" href=\"https:\/\/www.rijeka.hr\/it\/amministrazione-cittadina\/progetti-dellue\/progetti-chiusi\/promehs-promozione-della-salute-mentale-nelle-scuole\/\" \/>\n<meta property=\"og:locale\" content=\"it_IT\" \/>\n<meta property=\"og:type\" content=\"article\" \/>\n<meta property=\"og:title\" content=\"PROMEHS \u2013 Promozione della salute mentale a scuola - Citt\u00e0 di Fiume\" \/>\n<meta property=\"og:description\" content=\"Titolo del progetto: Promozione della salute mentale a scuola Gli obiettivi del progetto PROMEHS sono: offrire un framework sistematico per sviluppare e implementare un curriculum sulla salute mentale a scuola che sia evidence-based e universale, e offrire formazione agli insegnanti; migliorare la salute mentale di studenti e insegnanti; condividere buone pratiche e raccomandazioni su come...\" \/>\n<meta property=\"og:url\" content=\"https:\/\/www.rijeka.hr\/it\/amministrazione-cittadina\/progetti-dellue\/progetti-chiusi\/promehs-promozione-della-salute-mentale-nelle-scuole\/\" \/>\n<meta property=\"og:site_name\" content=\"Citt\u00e0 di Fiume\" \/>\n<meta property=\"article:modified_time\" content=\"2022-11-07T11:43:22+00:00\" \/>\n<meta property=\"og:image\" content=\"https:\/\/www.rijeka.hr\/it\/wp-content\/uploads\/sites\/3\/2020\/11\/Promehs-logo.jpg\" \/>\n\t<meta property=\"og:image:width\" content=\"394\" \/>\n\t<meta property=\"og:image:height\" content=\"304\" \/>\n\t<meta property=\"og:image:type\" content=\"image\/jpeg\" \/>\n<meta name=\"twitter:card\" content=\"summary_large_image\" \/>\n<meta name=\"twitter:label1\" content=\"Est. reading time\" \/>\n\t<meta name=\"twitter:data1\" content=\"2 minutes\" \/>\n<script type=\"application\/ld+json\" class=\"yoast-schema-graph\">{\"@context\":\"https:\/\/schema.org\",\"@graph\":[{\"@type\":\"WebPage\",\"@id\":\"https:\/\/www.rijeka.hr\/it\/amministrazione-cittadina\/progetti-dellue\/progetti-chiusi\/promehs-promozione-della-salute-mentale-nelle-scuole\/\",\"url\":\"https:\/\/www.rijeka.hr\/it\/amministrazione-cittadina\/progetti-dellue\/progetti-chiusi\/promehs-promozione-della-salute-mentale-nelle-scuole\/\",\"name\":\"PROMEHS \u2013 Promozione della salute mentale a scuola - Citt\u00e0 di Fiume\",\"isPartOf\":{\"@id\":\"https:\/\/www.rijeka.hr\/it\/#website\"},\"primaryImageOfPage\":{\"@id\":\"https:\/\/www.rijeka.hr\/it\/amministrazione-cittadina\/progetti-dellue\/progetti-chiusi\/promehs-promozione-della-salute-mentale-nelle-scuole\/#primaryimage\"},\"image\":{\"@id\":\"https:\/\/www.rijeka.hr\/it\/amministrazione-cittadina\/progetti-dellue\/progetti-chiusi\/promehs-promozione-della-salute-mentale-nelle-scuole\/#primaryimage\"},\"thumbnailUrl\":\"https:\/\/www.rijeka.hr\/it\/wp-content\/uploads\/sites\/3\/2020\/11\/Promehs-logo.jpg\",\"datePublished\":\"2020-07-30T08:33:49+00:00\",\"dateModified\":\"2022-11-07T11:43:22+00:00\",\"breadcrumb\":{\"@id\":\"https:\/\/www.rijeka.hr\/it\/amministrazione-cittadina\/progetti-dellue\/progetti-chiusi\/promehs-promozione-della-salute-mentale-nelle-scuole\/#breadcrumb\"},\"inLanguage\":\"it-IT\",\"potentialAction\":[{\"@type\":\"ReadAction\",\"target\":[\"https:\/\/www.rijeka.hr\/it\/amministrazione-cittadina\/progetti-dellue\/progetti-chiusi\/promehs-promozione-della-salute-mentale-nelle-scuole\/\"]}]},{\"@type\":\"ImageObject\",\"inLanguage\":\"it-IT\",\"@id\":\"https:\/\/www.rijeka.hr\/it\/amministrazione-cittadina\/progetti-dellue\/progetti-chiusi\/promehs-promozione-della-salute-mentale-nelle-scuole\/#primaryimage\",\"url\":\"https:\/\/www.rijeka.hr\/it\/wp-content\/uploads\/sites\/3\/2020\/11\/Promehs-logo.jpg\",\"contentUrl\":\"https:\/\/www.rijeka.hr\/it\/wp-content\/uploads\/sites\/3\/2020\/11\/Promehs-logo.jpg\",\"width\":394,\"height\":304},{\"@type\":\"BreadcrumbList\",\"@id\":\"https:\/\/www.rijeka.hr\/it\/amministrazione-cittadina\/progetti-dellue\/progetti-chiusi\/promehs-promozione-della-salute-mentale-nelle-scuole\/#breadcrumb\",\"itemListElement\":[{\"@type\":\"ListItem\",\"position\":1,\"name\":\"Po\u010detna stranica\",\"item\":\"https:\/\/www.rijeka.hr\/it\/\"},{\"@type\":\"ListItem\",\"position\":2,\"name\":\"Amministrazione cittadina\",\"item\":\"https:\/\/www.rijeka.hr\/it\/amministrazione-cittadina\/\"},{\"@type\":\"ListItem\",\"position\":3,\"name\":\"Progetti dell&#8217;UE\",\"item\":\"https:\/\/www.rijeka.hr\/it\/amministrazione-cittadina\/progetti-dellue\/\"},{\"@type\":\"ListItem\",\"position\":4,\"name\":\"Progetti chiusi\",\"item\":\"https:\/\/www.rijeka.hr\/it\/amministrazione-cittadina\/progetti-dellue\/progetti-chiusi\/\"},{\"@type\":\"ListItem\",\"position\":5,\"name\":\"PROMEHS \u2013 Promozione della salute mentale a scuola\"}]},{\"@type\":\"WebSite\",\"@id\":\"https:\/\/www.rijeka.hr\/it\/#website\",\"url\":\"https:\/\/www.rijeka.hr\/it\/\",\"name\":\"Citt\u00e0 di Fiume\",\"description\":\"Portale web della Citta&#039; di Fiume\",\"potentialAction\":[{\"@type\":\"SearchAction\",\"target\":{\"@type\":\"EntryPoint\",\"urlTemplate\":\"https:\/\/www.rijeka.hr\/it\/?s={search_term_string}\"},\"query-input\":{\"@type\":\"PropertyValueSpecification\",\"valueRequired\":true,\"valueName\":\"search_term_string\"}}],\"inLanguage\":\"it-IT\"}]}<\/script>\n<!-- \/ Yoast SEO plugin. -->","yoast_head_json":{"title":"PROMEHS \u2013 Promozione della salute mentale a scuola - Citt\u00e0 di Fiume","robots":{"index":"index","follow":"follow","max-snippet":"max-snippet:-1","max-image-preview":"max-image-preview:large","max-video-preview":"max-video-preview:-1"},"canonical":"https:\/\/www.rijeka.hr\/it\/amministrazione-cittadina\/progetti-dellue\/progetti-chiusi\/promehs-promozione-della-salute-mentale-nelle-scuole\/","og_locale":"it_IT","og_type":"article","og_title":"PROMEHS \u2013 Promozione della salute mentale a scuola - Citt\u00e0 di Fiume","og_description":"Titolo del progetto: Promozione della salute mentale a scuola Gli obiettivi del progetto PROMEHS sono: offrire un framework sistematico per sviluppare e implementare un curriculum sulla salute mentale a scuola che sia evidence-based e universale, e offrire formazione agli insegnanti; migliorare la salute mentale di studenti e insegnanti; condividere buone pratiche e raccomandazioni su come...","og_url":"https:\/\/www.rijeka.hr\/it\/amministrazione-cittadina\/progetti-dellue\/progetti-chiusi\/promehs-promozione-della-salute-mentale-nelle-scuole\/","og_site_name":"Citt\u00e0 di Fiume","article_modified_time":"2022-11-07T11:43:22+00:00","og_image":[{"width":394,"height":304,"url":"https:\/\/www.rijeka.hr\/it\/wp-content\/uploads\/sites\/3\/2020\/11\/Promehs-logo.jpg","type":"image\/jpeg"}],"twitter_card":"summary_large_image","twitter_misc":{"Est. reading time":"2 minutes"},"schema":{"@context":"https:\/\/schema.org","@graph":[{"@type":"WebPage","@id":"https:\/\/www.rijeka.hr\/it\/amministrazione-cittadina\/progetti-dellue\/progetti-chiusi\/promehs-promozione-della-salute-mentale-nelle-scuole\/","url":"https:\/\/www.rijeka.hr\/it\/amministrazione-cittadina\/progetti-dellue\/progetti-chiusi\/promehs-promozione-della-salute-mentale-nelle-scuole\/","name":"PROMEHS \u2013 Promozione della salute mentale a scuola - Citt\u00e0 di Fiume","isPartOf":{"@id":"https:\/\/www.rijeka.hr\/it\/#website"},"primaryImageOfPage":{"@id":"https:\/\/www.rijeka.hr\/it\/amministrazione-cittadina\/progetti-dellue\/progetti-chiusi\/promehs-promozione-della-salute-mentale-nelle-scuole\/#primaryimage"},"image":{"@id":"https:\/\/www.rijeka.hr\/it\/amministrazione-cittadina\/progetti-dellue\/progetti-chiusi\/promehs-promozione-della-salute-mentale-nelle-scuole\/#primaryimage"},"thumbnailUrl":"https:\/\/www.rijeka.hr\/it\/wp-content\/uploads\/sites\/3\/2020\/11\/Promehs-logo.jpg","datePublished":"2020-07-30T08:33:49+00:00","dateModified":"2022-11-07T11:43:22+00:00","breadcrumb":{"@id":"https:\/\/www.rijeka.hr\/it\/amministrazione-cittadina\/progetti-dellue\/progetti-chiusi\/promehs-promozione-della-salute-mentale-nelle-scuole\/#breadcrumb"},"inLanguage":"it-IT","potentialAction":[{"@type":"ReadAction","target":["https:\/\/www.rijeka.hr\/it\/amministrazione-cittadina\/progetti-dellue\/progetti-chiusi\/promehs-promozione-della-salute-mentale-nelle-scuole\/"]}]},{"@type":"ImageObject","inLanguage":"it-IT","@id":"https:\/\/www.rijeka.hr\/it\/amministrazione-cittadina\/progetti-dellue\/progetti-chiusi\/promehs-promozione-della-salute-mentale-nelle-scuole\/#primaryimage","url":"https:\/\/www.rijeka.hr\/it\/wp-content\/uploads\/sites\/3\/2020\/11\/Promehs-logo.jpg","contentUrl":"https:\/\/www.rijeka.hr\/it\/wp-content\/uploads\/sites\/3\/2020\/11\/Promehs-logo.jpg","width":394,"height":304},{"@type":"BreadcrumbList","@id":"https:\/\/www.rijeka.hr\/it\/amministrazione-cittadina\/progetti-dellue\/progetti-chiusi\/promehs-promozione-della-salute-mentale-nelle-scuole\/#breadcrumb","itemListElement":[{"@type":"ListItem","position":1,"name":"Po\u010detna stranica","item":"https:\/\/www.rijeka.hr\/it\/"},{"@type":"ListItem","position":2,"name":"Amministrazione cittadina","item":"https:\/\/www.rijeka.hr\/it\/amministrazione-cittadina\/"},{"@type":"ListItem","position":3,"name":"Progetti dell&#8217;UE","item":"https:\/\/www.rijeka.hr\/it\/amministrazione-cittadina\/progetti-dellue\/"},{"@type":"ListItem","position":4,"name":"Progetti chiusi","item":"https:\/\/www.rijeka.hr\/it\/amministrazione-cittadina\/progetti-dellue\/progetti-chiusi\/"},{"@type":"ListItem","position":5,"name":"PROMEHS \u2013 Promozione della salute mentale a scuola"}]},{"@type":"WebSite","@id":"https:\/\/www.rijeka.hr\/it\/#website","url":"https:\/\/www.rijeka.hr\/it\/","name":"Citt\u00e0 di Fiume","description":"Portale web della Citta&#039; di Fiume","potentialAction":[{"@type":"SearchAction","target":{"@type":"EntryPoint","urlTemplate":"https:\/\/www.rijeka.hr\/it\/?s={search_term_string}"},"query-input":{"@type":"PropertyValueSpecification","valueRequired":true,"valueName":"search_term_string"}}],"inLanguage":"it-IT"}]}},"_links":{"self":[{"href":"https:\/\/www.rijeka.hr\/it\/wp-json\/wp\/v2\/pages\/10719","targetHints":{"allow":["GET"]}}],"collection":[{"href":"https:\/\/www.rijeka.hr\/it\/wp-json\/wp\/v2\/pages"}],"about":[{"href":"https:\/\/www.rijeka.hr\/it\/wp-json\/wp\/v2\/types\/page"}],"author":[{"embeddable":true,"href":"https:\/\/www.rijeka.hr\/it\/wp-json\/wp\/v2\/users\/22"}],"replies":[{"embeddable":true,"href":"https:\/\/www.rijeka.hr\/it\/wp-json\/wp\/v2\/comments?post=10719"}],"version-history":[{"count":3,"href":"https:\/\/www.rijeka.hr\/it\/wp-json\/wp\/v2\/pages\/10719\/revisions"}],"predecessor-version":[{"id":12168,"href":"https:\/\/www.rijeka.hr\/it\/wp-json\/wp\/v2\/pages\/10719\/revisions\/12168"}],"up":[{"embeddable":true,"href":"https:\/\/www.rijeka.hr\/it\/wp-json\/wp\/v2\/pages\/2062"}],"wp:featuredmedia":[{"embeddable":true,"href":"https:\/\/www.rijeka.hr\/it\/wp-json\/wp\/v2\/media\/11621"}],"wp:attachment":[{"href":"https:\/\/www.rijeka.hr\/it\/wp-json\/wp\/v2\/media?parent=10719"}],"wp:term":[{"taxonomy":"post_tag","embeddable":true,"href":"https:\/\/www.rijeka.hr\/it\/wp-json\/wp\/v2\/tags?post=10719"}],"curies":[{"name":"wp","href":"https:\/\/api.w.org\/{rel}","templated":true}]}}