{"id":1072,"date":"2016-08-10T10:16:08","date_gmt":"2016-08-10T08:16:08","guid":{"rendered":"https:\/\/www.rijeka.hr\/it\/?page_id=1072"},"modified":"2024-12-24T11:58:05","modified_gmt":"2024-12-24T10:58:05","slug":"necessita-pubbliche-nel-campo-della-cultura","status":"publish","type":"page","link":"https:\/\/www.rijeka.hr\/it\/temi-per-i-cittadini\/cultura\/necessita-pubbliche-nel-campo-della-cultura\/","title":{"rendered":"Necessit\u00e0 pubbliche nel campo della cultura"},"content":{"rendered":"<p>Il concorso per il necessit\u00e0 pubbliche nel campo culturale viene pubblicato ogni anno.<\/p>\n<p>Le necessit\u00e0 pubbliche nel campo culturale della Citt\u00e0 di Fiume sono programmi culturali, manifestazioni, progetti e attivit\u00e0 per cui i mezzi vengono stanziati nel Bilancio della Citt\u00e0 di Fiume. Oltre a finanziare il programma, l\u2019amministrazione cittadina determina anche il modo in cui viene controllato l\u2019uso dei fondi assegnati. I programmi culturali e il loro inserimento al Programma di necessit\u00e0 pubbliche nel campo culturale sono determinati attraverso l\u2019invito pubblico, bandito dal Dipartimento municipale per la cultura. I consigli culturali della Citt\u00e0, nominati dal Consiglio della Citt\u00e0 di Fiume, valutano le proposte di programma pervenute.<\/p>\n<p>I Consigli culturali inviano al Dipartimento la valutazione professionale con la proposta di sovvenzionamento del programma. In base alla valutazione professionale, il Dipartimento prepara la Proposta di programma per le necessit\u00e0 pubbliche nel campo della cultura con il piano di ripartizione dei mezzi per singoli programmi e beneficiari. La proposta finale del programma e del piano di ripartizione dei mezzi viene determinata dal sindaco della Citt\u00e0 di Fiume che invia il programma al Consiglio cittadino per approvazione. Il programma viene pubblicato nella Gazzetta ufficiale della Regione litoraneo \u2013 montana e sul sito web della Citt\u00e0.<\/p>\n<h3><\/h3>\n","protected":false},"excerpt":{"rendered":"<p>Il concorso per il necessit\u00e0 pubbliche nel campo culturale viene pubblicato ogni anno. Le necessit\u00e0 pubbliche nel campo culturale della Citt\u00e0 di Fiume sono programmi culturali, manifestazioni, progetti e attivit\u00e0 per cui i mezzi vengono stanziati nel Bilancio della Citt\u00e0 di Fiume. Oltre a finanziare il programma, l\u2019amministrazione cittadina determina anche il modo in cui&#8230;<\/p>\n","protected":false},"author":6,"featured_media":0,"parent":1031,"menu_order":44,"comment_status":"closed","ping_status":"closed","template":"","meta":{"_acf_changed":false,"_trash_the_other_posts":false,"footnotes":"","_links_to":"","_links_to_target":""},"tags":[],"class_list":["post-1072","page","type-page","status-publish","hentry"],"acf":[],"yoast_head":"<!-- This site is optimized with the Yoast SEO plugin v24.4 - https:\/\/yoast.com\/wordpress\/plugins\/seo\/ -->\n<title>Necessit\u00e0 pubbliche nel campo della cultura - Citt\u00e0 di Fiume<\/title>\n<meta name=\"robots\" content=\"index, follow, max-snippet:-1, max-image-preview:large, max-video-preview:-1\" \/>\n<link rel=\"canonical\" href=\"https:\/\/www.rijeka.hr\/it\/temi-per-i-cittadini\/cultura\/necessita-pubbliche-nel-campo-della-cultura\/\" \/>\n<meta property=\"og:locale\" content=\"it_IT\" \/>\n<meta property=\"og:type\" content=\"article\" \/>\n<meta property=\"og:title\" content=\"Necessit\u00e0 pubbliche nel campo della cultura - Citt\u00e0 di Fiume\" \/>\n<meta property=\"og:description\" content=\"Il concorso per il necessit\u00e0 pubbliche nel campo culturale viene pubblicato ogni anno. Le necessit\u00e0 pubbliche nel campo culturale della Citt\u00e0 di Fiume sono programmi culturali, manifestazioni, progetti e attivit\u00e0 per cui i mezzi vengono stanziati nel Bilancio della Citt\u00e0 di Fiume. Oltre a finanziare il programma, l\u2019amministrazione cittadina determina anche il modo in cui...\" \/>\n<meta property=\"og:url\" content=\"https:\/\/www.rijeka.hr\/it\/temi-per-i-cittadini\/cultura\/necessita-pubbliche-nel-campo-della-cultura\/\" \/>\n<meta property=\"og:site_name\" content=\"Citt\u00e0 di Fiume\" \/>\n<meta property=\"article:modified_time\" content=\"2024-12-24T10:58:05+00:00\" \/>\n<meta name=\"twitter:card\" content=\"summary_large_image\" \/>\n<meta name=\"twitter:label1\" content=\"Est. reading time\" \/>\n\t<meta name=\"twitter:data1\" content=\"1 minute\" \/>\n<script type=\"application\/ld+json\" class=\"yoast-schema-graph\">{\"@context\":\"https:\/\/schema.org\",\"@graph\":[{\"@type\":\"WebPage\",\"@id\":\"https:\/\/www.rijeka.hr\/it\/temi-per-i-cittadini\/cultura\/necessita-pubbliche-nel-campo-della-cultura\/\",\"url\":\"https:\/\/www.rijeka.hr\/it\/temi-per-i-cittadini\/cultura\/necessita-pubbliche-nel-campo-della-cultura\/\",\"name\":\"Necessit\u00e0 pubbliche nel campo della cultura - Citt\u00e0 di Fiume\",\"isPartOf\":{\"@id\":\"https:\/\/www.rijeka.hr\/it\/#website\"},\"datePublished\":\"2016-08-10T08:16:08+00:00\",\"dateModified\":\"2024-12-24T10:58:05+00:00\",\"breadcrumb\":{\"@id\":\"https:\/\/www.rijeka.hr\/it\/temi-per-i-cittadini\/cultura\/necessita-pubbliche-nel-campo-della-cultura\/#breadcrumb\"},\"inLanguage\":\"it-IT\",\"potentialAction\":[{\"@type\":\"ReadAction\",\"target\":[\"https:\/\/www.rijeka.hr\/it\/temi-per-i-cittadini\/cultura\/necessita-pubbliche-nel-campo-della-cultura\/\"]}]},{\"@type\":\"BreadcrumbList\",\"@id\":\"https:\/\/www.rijeka.hr\/it\/temi-per-i-cittadini\/cultura\/necessita-pubbliche-nel-campo-della-cultura\/#breadcrumb\",\"itemListElement\":[{\"@type\":\"ListItem\",\"position\":1,\"name\":\"Po\u010detna stranica\",\"item\":\"https:\/\/www.rijeka.hr\/it\/\"},{\"@type\":\"ListItem\",\"position\":2,\"name\":\"Temi per i cittadini\",\"item\":\"https:\/\/www.rijeka.hr\/it\/temi-per-i-cittadini\/\"},{\"@type\":\"ListItem\",\"position\":3,\"name\":\"Cultura\",\"item\":\"https:\/\/www.rijeka.hr\/it\/temi-per-i-cittadini\/cultura\/\"},{\"@type\":\"ListItem\",\"position\":4,\"name\":\"Necessit\u00e0 pubbliche nel campo della cultura\"}]},{\"@type\":\"WebSite\",\"@id\":\"https:\/\/www.rijeka.hr\/it\/#website\",\"url\":\"https:\/\/www.rijeka.hr\/it\/\",\"name\":\"Citt\u00e0 di Fiume\",\"description\":\"Portale web della Citta&#039; di Fiume\",\"potentialAction\":[{\"@type\":\"SearchAction\",\"target\":{\"@type\":\"EntryPoint\",\"urlTemplate\":\"https:\/\/www.rijeka.hr\/it\/?s={search_term_string}\"},\"query-input\":{\"@type\":\"PropertyValueSpecification\",\"valueRequired\":true,\"valueName\":\"search_term_string\"}}],\"inLanguage\":\"it-IT\"}]}<\/script>\n<!-- \/ Yoast SEO plugin. -->","yoast_head_json":{"title":"Necessit\u00e0 pubbliche nel campo della cultura - Citt\u00e0 di Fiume","robots":{"index":"index","follow":"follow","max-snippet":"max-snippet:-1","max-image-preview":"max-image-preview:large","max-video-preview":"max-video-preview:-1"},"canonical":"https:\/\/www.rijeka.hr\/it\/temi-per-i-cittadini\/cultura\/necessita-pubbliche-nel-campo-della-cultura\/","og_locale":"it_IT","og_type":"article","og_title":"Necessit\u00e0 pubbliche nel campo della cultura - Citt\u00e0 di Fiume","og_description":"Il concorso per il necessit\u00e0 pubbliche nel campo culturale viene pubblicato ogni anno. Le necessit\u00e0 pubbliche nel campo culturale della Citt\u00e0 di Fiume sono programmi culturali, manifestazioni, progetti e attivit\u00e0 per cui i mezzi vengono stanziati nel Bilancio della Citt\u00e0 di Fiume. Oltre a finanziare il programma, l\u2019amministrazione cittadina determina anche il modo in cui...","og_url":"https:\/\/www.rijeka.hr\/it\/temi-per-i-cittadini\/cultura\/necessita-pubbliche-nel-campo-della-cultura\/","og_site_name":"Citt\u00e0 di Fiume","article_modified_time":"2024-12-24T10:58:05+00:00","twitter_card":"summary_large_image","twitter_misc":{"Est. reading time":"1 minute"},"schema":{"@context":"https:\/\/schema.org","@graph":[{"@type":"WebPage","@id":"https:\/\/www.rijeka.hr\/it\/temi-per-i-cittadini\/cultura\/necessita-pubbliche-nel-campo-della-cultura\/","url":"https:\/\/www.rijeka.hr\/it\/temi-per-i-cittadini\/cultura\/necessita-pubbliche-nel-campo-della-cultura\/","name":"Necessit\u00e0 pubbliche nel campo della cultura - Citt\u00e0 di Fiume","isPartOf":{"@id":"https:\/\/www.rijeka.hr\/it\/#website"},"datePublished":"2016-08-10T08:16:08+00:00","dateModified":"2024-12-24T10:58:05+00:00","breadcrumb":{"@id":"https:\/\/www.rijeka.hr\/it\/temi-per-i-cittadini\/cultura\/necessita-pubbliche-nel-campo-della-cultura\/#breadcrumb"},"inLanguage":"it-IT","potentialAction":[{"@type":"ReadAction","target":["https:\/\/www.rijeka.hr\/it\/temi-per-i-cittadini\/cultura\/necessita-pubbliche-nel-campo-della-cultura\/"]}]},{"@type":"BreadcrumbList","@id":"https:\/\/www.rijeka.hr\/it\/temi-per-i-cittadini\/cultura\/necessita-pubbliche-nel-campo-della-cultura\/#breadcrumb","itemListElement":[{"@type":"ListItem","position":1,"name":"Po\u010detna stranica","item":"https:\/\/www.rijeka.hr\/it\/"},{"@type":"ListItem","position":2,"name":"Temi per i cittadini","item":"https:\/\/www.rijeka.hr\/it\/temi-per-i-cittadini\/"},{"@type":"ListItem","position":3,"name":"Cultura","item":"https:\/\/www.rijeka.hr\/it\/temi-per-i-cittadini\/cultura\/"},{"@type":"ListItem","position":4,"name":"Necessit\u00e0 pubbliche nel campo della cultura"}]},{"@type":"WebSite","@id":"https:\/\/www.rijeka.hr\/it\/#website","url":"https:\/\/www.rijeka.hr\/it\/","name":"Citt\u00e0 di Fiume","description":"Portale web della Citta&#039; di Fiume","potentialAction":[{"@type":"SearchAction","target":{"@type":"EntryPoint","urlTemplate":"https:\/\/www.rijeka.hr\/it\/?s={search_term_string}"},"query-input":{"@type":"PropertyValueSpecification","valueRequired":true,"valueName":"search_term_string"}}],"inLanguage":"it-IT"}]}},"_links":{"self":[{"href":"https:\/\/www.rijeka.hr\/it\/wp-json\/wp\/v2\/pages\/1072","targetHints":{"allow":["GET"]}}],"collection":[{"href":"https:\/\/www.rijeka.hr\/it\/wp-json\/wp\/v2\/pages"}],"about":[{"href":"https:\/\/www.rijeka.hr\/it\/wp-json\/wp\/v2\/types\/page"}],"author":[{"embeddable":true,"href":"https:\/\/www.rijeka.hr\/it\/wp-json\/wp\/v2\/users\/6"}],"replies":[{"embeddable":true,"href":"https:\/\/www.rijeka.hr\/it\/wp-json\/wp\/v2\/comments?post=1072"}],"version-history":[{"count":9,"href":"https:\/\/www.rijeka.hr\/it\/wp-json\/wp\/v2\/pages\/1072\/revisions"}],"predecessor-version":[{"id":8167,"href":"https:\/\/www.rijeka.hr\/it\/wp-json\/wp\/v2\/pages\/1072\/revisions\/8167"}],"up":[{"embeddable":true,"href":"https:\/\/www.rijeka.hr\/it\/wp-json\/wp\/v2\/pages\/1031"}],"wp:attachment":[{"href":"https:\/\/www.rijeka.hr\/it\/wp-json\/wp\/v2\/media?parent=1072"}],"wp:term":[{"taxonomy":"post_tag","embeddable":true,"href":"https:\/\/www.rijeka.hr\/it\/wp-json\/wp\/v2\/tags?post=1072"}],"curies":[{"name":"wp","href":"https:\/\/api.w.org\/{rel}","templated":true}]}}