{"id":10798,"date":"2020-08-13T14:35:03","date_gmt":"2020-08-13T12:35:03","guid":{"rendered":"https:\/\/www.rijeka.hr\/it\/?page_id=10798"},"modified":"2021-01-29T09:11:42","modified_gmt":"2021-01-29T08:11:42","slug":"cultura-del-dopolavoro-ieri-oggi-domani","status":"publish","type":"page","link":"https:\/\/www.rijeka.hr\/it\/amministrazione-cittadina\/progetti-dellue\/progetti-chiusi\/cultura-del-dopolavoro-ieri-oggi-domani\/","title":{"rendered":"Cultura del dopolavoro &#8211; Ieri, oggi, domani"},"content":{"rendered":"<h3><img loading=\"lazy\" decoding=\"async\" width=\"750\" height=\"242\" class=\"aligncenter wp-image-10766 size-full\" src=\"https:\/\/www.rijeka.hr\/it\/wp-content\/uploads\/sites\/3\/2020\/08\/Europska-unija-i-Europski-socijalni-fond.jpg\" alt=\"\" srcset=\"https:\/\/www.rijeka.hr\/it\/wp-content\/uploads\/sites\/3\/2020\/08\/Europska-unija-i-Europski-socijalni-fond.jpg 750w, https:\/\/www.rijeka.hr\/it\/wp-content\/uploads\/sites\/3\/2020\/08\/Europska-unija-i-Europski-socijalni-fond-600x194.jpg 600w\" sizes=\"(max-width: 750px) 100vw, 750px\" \/><\/h3>\n<h3>Titolo del progetto:<\/h3>\n<h3>Cultura del dopolavoro &#8211; Ieri, oggi, domani<\/h3>\n<h3>Obiettivo del progetto<\/h3>\n<p>Formazione professionale di professionisti e artisti culturali per avvicinare l&#8217;arte e la cultura alle persone di et\u00e0 superiore ai 54 anni e l&#8217;inclusione sociale e migliorare la qualit\u00e0 della vita delle persone di et\u00e0 superiore ai 54 anni che miglioreranno le capacit\u00e0 sociali, cognitive, emotive e creative attraverso il progetto e acquisiranno visibilit\u00e0 e aumentare le opportunit\u00e0 di lavoro.<\/p>\n<h3>Autorit\u00e0 competente<\/h3>\n<p>Ministero della Cultura, nell&#8217;ambito del bando pubblico \u201cL\u2019arte e la cultura 54+\u201d<\/p>\n<h3>Descrizione<\/h3>\n<p>Il progetto parte dal fatto che Fiume \u00e8 una citt\u00e0 dei lavoratori. Nell&#8217;et\u00e0 d&#8217;oro della produzione industriale a Fiume, molta attenzione veniva prestata all&#8217;istruzione dei lavoratori all&#8217;interno dei complessi industriali e le fabbriche si prendevano cura del progresso sociale e culturale dei loro lavoratori. Venivano organizzate sale di lettura, sezioni di film, mostre e spettacoli, venivano pubblicati giornali di fabbrica, ecc. Il tempo libero organizzato congiuntamente nelle ex fabbriche e cantieri navali di Fiume era comunemente chiamato il dopolavoro. Dopo la ristrutturazione dell&#8217;ex complesso industriale Rikard Ben\u010di\u0107 nell&#8217;ambito del Fondo europeo di sviluppo regionale, vi si trasferir\u00e0 il Museo di arte moderna e contemporanea, promotore del progetto.<\/p>\n<p>A causa di ci\u00f2, si sta formando un nuovo centro culturale a Fiume, che riunir\u00e0 gli ex lavoratori delle fabbriche e dei cantieri navali chiusi a Fiume (54+ persone), che fino agli anni &#8217;90 chiamavano tali locali propri. In questo complesso, in collaborazione con altre istituzioni e associazioni culturali e artistiche della citt\u00e0 di Fiume, inizieranno finalmente a creare contenuti che saranno co-creati da ex lavoratori. In altre parole, grazie al dialogo intergenerazionale tra operatori culturali e target group (54+) si creeranno forme di tempo libero organizzato, sul modello dell&#8217;ex dopolavoro.<\/p>\n<p>Il progetto fa parte del programma Rijeka 2020 &#8211; Capitale Europea della Cultura.<\/p>\n<h3>Attivit\u00e0 progettuali<\/h3>\n<p>Pertanto, abbiamo invitato diversi artisti ed esperti culturali croati a ideare in modo qualitativo e a realizzare 6 laboratori, applicando le nuove conoscenze acquisite, a cui parteciperanno un minimo di 50 persone di et\u00e0 superiore ai 54 anni. Questi laboratori sono dedicati a Performance, Pittura, Fotografia, Critica culturale, Guide alle mostre e Ambasciatori di Fiume 2020 \u2013 Capitale europea della cultura.<\/p>\n<h3>Risultato del progetto<\/h3>\n<p>Il risultato di questo progetto sar\u00e0 un libro (Libro di lettura sul dopolavoro) e una mostra collettiva allestita da artisti, cultori e persone di et\u00e0 superiore ai 54 anni, affrontando il tema del fenomeno culturale del dopolavoro ieri, oggi, domani con prodotti culturali e artistici partecipativi specifici del gruppo target 54+ creati durante i laboratori.<\/p>\n<h3>Partner<\/h3>\n<p>Museo d&#8217;arte moderna e contemporanea (promotore del progetto)<br \/>\nCollettivo creativo \u201cKombinat\u201d, Fiume<br \/>\nCentro per la cultura tecnica di Fiume<\/p>\n<h3>Durata<\/h3>\n<p>1 agosto 2018 &#8211; 1 dicembre 2019<\/p>\n<h3>Budget<\/h3>\n<p>Valore totale del progetto: 594.828,37 kune<\/p>\n<p>Co-finanziato dall&#8217;UE: 505.604,12 kune (l\u201985%)<\/p>\n<p>L&#8217;importo rimanente cofinanziato dal: Ministero della Cultura<\/p>\n<h3>Finanziato con<\/h3>\n<p>Fondi strutturali &#8211; Fondo sociale europeo &#8211; Programma operativo Risorse umane efficaci 2014-2020, nell&#8217;ambito dell&#8217;Asse prioritario 2 &#8220;Inclusione sociale&#8221;<\/p>\n<h3>Persona da contattare per ulteriori informazioni<\/h3>\n<p><strong>Katerina Jovanovi\u0107<\/strong><br \/>\nMuseo di arte moderna e contemporanea Fiume<br \/>\nTel: +385 51 492 617<br \/>\ne-mail: &#x6b;&#97;t&#x65;&#114;i&#x6e;&#x61;&#46;&#x6a;&#x6f;&#118;a&#x6e;&#111;v&#x69;&#x63;&#64;&#x6d;&#x6d;&#115;u&#x2e;&#104;r<\/p>\n","protected":false},"excerpt":{"rendered":"<p>Titolo del progetto: Cultura del dopolavoro &#8211; Ieri, oggi, domani Obiettivo del progetto Formazione professionale di professionisti e artisti culturali per avvicinare l&#8217;arte e la cultura alle persone di et\u00e0 superiore ai 54 anni e l&#8217;inclusione sociale e migliorare la qualit\u00e0 della vita delle persone di et\u00e0 superiore ai 54 anni che miglioreranno le capacit\u00e0&#8230;<\/p>\n","protected":false},"author":8,"featured_media":0,"parent":2062,"menu_order":0,"comment_status":"closed","ping_status":"closed","template":"","meta":{"_acf_changed":false,"_trash_the_other_posts":false,"footnotes":"","_links_to":"","_links_to_target":""},"tags":[],"class_list":["post-10798","page","type-page","status-publish","hentry"],"acf":[],"yoast_head":"<!-- This site is optimized with the Yoast SEO plugin v24.4 - https:\/\/yoast.com\/wordpress\/plugins\/seo\/ -->\n<title>Cultura del dopolavoro - Ieri, oggi, domani - Citt\u00e0 di Fiume<\/title>\n<meta name=\"robots\" content=\"index, follow, max-snippet:-1, max-image-preview:large, max-video-preview:-1\" \/>\n<link rel=\"canonical\" href=\"https:\/\/www.rijeka.hr\/it\/amministrazione-cittadina\/progetti-dellue\/progetti-chiusi\/cultura-del-dopolavoro-ieri-oggi-domani\/\" \/>\n<meta property=\"og:locale\" content=\"it_IT\" \/>\n<meta property=\"og:type\" content=\"article\" \/>\n<meta property=\"og:title\" content=\"Cultura del dopolavoro - Ieri, oggi, domani - Citt\u00e0 di Fiume\" \/>\n<meta property=\"og:description\" content=\"Titolo del progetto: Cultura del dopolavoro &#8211; Ieri, oggi, domani Obiettivo del progetto Formazione professionale di professionisti e artisti culturali per avvicinare l&#8217;arte e la cultura alle persone di et\u00e0 superiore ai 54 anni e l&#8217;inclusione sociale e migliorare la qualit\u00e0 della vita delle persone di et\u00e0 superiore ai 54 anni che miglioreranno le capacit\u00e0...\" \/>\n<meta property=\"og:url\" content=\"https:\/\/www.rijeka.hr\/it\/amministrazione-cittadina\/progetti-dellue\/progetti-chiusi\/cultura-del-dopolavoro-ieri-oggi-domani\/\" \/>\n<meta property=\"og:site_name\" content=\"Citt\u00e0 di Fiume\" \/>\n<meta property=\"article:modified_time\" content=\"2021-01-29T08:11:42+00:00\" \/>\n<meta property=\"og:image\" content=\"https:\/\/www.rijeka.hr\/it\/wp-content\/uploads\/sites\/3\/2020\/08\/Europska-unija-i-Europski-socijalni-fond.jpg\" \/>\n<meta name=\"twitter:card\" content=\"summary_large_image\" \/>\n<meta name=\"twitter:label1\" content=\"Est. reading time\" \/>\n\t<meta name=\"twitter:data1\" content=\"2 minutes\" \/>\n<script type=\"application\/ld+json\" class=\"yoast-schema-graph\">{\"@context\":\"https:\/\/schema.org\",\"@graph\":[{\"@type\":\"WebPage\",\"@id\":\"https:\/\/www.rijeka.hr\/it\/amministrazione-cittadina\/progetti-dellue\/progetti-chiusi\/cultura-del-dopolavoro-ieri-oggi-domani\/\",\"url\":\"https:\/\/www.rijeka.hr\/it\/amministrazione-cittadina\/progetti-dellue\/progetti-chiusi\/cultura-del-dopolavoro-ieri-oggi-domani\/\",\"name\":\"Cultura del dopolavoro - Ieri, oggi, domani - Citt\u00e0 di Fiume\",\"isPartOf\":{\"@id\":\"https:\/\/www.rijeka.hr\/it\/#website\"},\"primaryImageOfPage\":{\"@id\":\"https:\/\/www.rijeka.hr\/it\/amministrazione-cittadina\/progetti-dellue\/progetti-chiusi\/cultura-del-dopolavoro-ieri-oggi-domani\/#primaryimage\"},\"image\":{\"@id\":\"https:\/\/www.rijeka.hr\/it\/amministrazione-cittadina\/progetti-dellue\/progetti-chiusi\/cultura-del-dopolavoro-ieri-oggi-domani\/#primaryimage\"},\"thumbnailUrl\":\"https:\/\/www.rijeka.hr\/it\/wp-content\/uploads\/sites\/3\/2020\/08\/Europska-unija-i-Europski-socijalni-fond.jpg\",\"datePublished\":\"2020-08-13T12:35:03+00:00\",\"dateModified\":\"2021-01-29T08:11:42+00:00\",\"breadcrumb\":{\"@id\":\"https:\/\/www.rijeka.hr\/it\/amministrazione-cittadina\/progetti-dellue\/progetti-chiusi\/cultura-del-dopolavoro-ieri-oggi-domani\/#breadcrumb\"},\"inLanguage\":\"it-IT\",\"potentialAction\":[{\"@type\":\"ReadAction\",\"target\":[\"https:\/\/www.rijeka.hr\/it\/amministrazione-cittadina\/progetti-dellue\/progetti-chiusi\/cultura-del-dopolavoro-ieri-oggi-domani\/\"]}]},{\"@type\":\"ImageObject\",\"inLanguage\":\"it-IT\",\"@id\":\"https:\/\/www.rijeka.hr\/it\/amministrazione-cittadina\/progetti-dellue\/progetti-chiusi\/cultura-del-dopolavoro-ieri-oggi-domani\/#primaryimage\",\"url\":\"https:\/\/www.rijeka.hr\/it\/wp-content\/uploads\/sites\/3\/2020\/08\/Europska-unija-i-Europski-socijalni-fond.jpg\",\"contentUrl\":\"https:\/\/www.rijeka.hr\/it\/wp-content\/uploads\/sites\/3\/2020\/08\/Europska-unija-i-Europski-socijalni-fond.jpg\",\"width\":750,\"height\":242},{\"@type\":\"BreadcrumbList\",\"@id\":\"https:\/\/www.rijeka.hr\/it\/amministrazione-cittadina\/progetti-dellue\/progetti-chiusi\/cultura-del-dopolavoro-ieri-oggi-domani\/#breadcrumb\",\"itemListElement\":[{\"@type\":\"ListItem\",\"position\":1,\"name\":\"Po\u010detna stranica\",\"item\":\"https:\/\/www.rijeka.hr\/it\/\"},{\"@type\":\"ListItem\",\"position\":2,\"name\":\"Amministrazione cittadina\",\"item\":\"https:\/\/www.rijeka.hr\/it\/amministrazione-cittadina\/\"},{\"@type\":\"ListItem\",\"position\":3,\"name\":\"Progetti dell&#8217;UE\",\"item\":\"https:\/\/www.rijeka.hr\/it\/amministrazione-cittadina\/progetti-dellue\/\"},{\"@type\":\"ListItem\",\"position\":4,\"name\":\"Progetti chiusi\",\"item\":\"https:\/\/www.rijeka.hr\/it\/amministrazione-cittadina\/progetti-dellue\/progetti-chiusi\/\"},{\"@type\":\"ListItem\",\"position\":5,\"name\":\"Cultura del dopolavoro &#8211; Ieri, oggi, domani\"}]},{\"@type\":\"WebSite\",\"@id\":\"https:\/\/www.rijeka.hr\/it\/#website\",\"url\":\"https:\/\/www.rijeka.hr\/it\/\",\"name\":\"Citt\u00e0 di Fiume\",\"description\":\"Portale web della Citta&#039; di Fiume\",\"potentialAction\":[{\"@type\":\"SearchAction\",\"target\":{\"@type\":\"EntryPoint\",\"urlTemplate\":\"https:\/\/www.rijeka.hr\/it\/?s={search_term_string}\"},\"query-input\":{\"@type\":\"PropertyValueSpecification\",\"valueRequired\":true,\"valueName\":\"search_term_string\"}}],\"inLanguage\":\"it-IT\"}]}<\/script>\n<!-- \/ Yoast SEO plugin. -->","yoast_head_json":{"title":"Cultura del dopolavoro - Ieri, oggi, domani - Citt\u00e0 di Fiume","robots":{"index":"index","follow":"follow","max-snippet":"max-snippet:-1","max-image-preview":"max-image-preview:large","max-video-preview":"max-video-preview:-1"},"canonical":"https:\/\/www.rijeka.hr\/it\/amministrazione-cittadina\/progetti-dellue\/progetti-chiusi\/cultura-del-dopolavoro-ieri-oggi-domani\/","og_locale":"it_IT","og_type":"article","og_title":"Cultura del dopolavoro - Ieri, oggi, domani - Citt\u00e0 di Fiume","og_description":"Titolo del progetto: Cultura del dopolavoro &#8211; Ieri, oggi, domani Obiettivo del progetto Formazione professionale di professionisti e artisti culturali per avvicinare l&#8217;arte e la cultura alle persone di et\u00e0 superiore ai 54 anni e l&#8217;inclusione sociale e migliorare la qualit\u00e0 della vita delle persone di et\u00e0 superiore ai 54 anni che miglioreranno le capacit\u00e0...","og_url":"https:\/\/www.rijeka.hr\/it\/amministrazione-cittadina\/progetti-dellue\/progetti-chiusi\/cultura-del-dopolavoro-ieri-oggi-domani\/","og_site_name":"Citt\u00e0 di Fiume","article_modified_time":"2021-01-29T08:11:42+00:00","og_image":[{"url":"https:\/\/www.rijeka.hr\/it\/wp-content\/uploads\/sites\/3\/2020\/08\/Europska-unija-i-Europski-socijalni-fond.jpg","type":"","width":"","height":""}],"twitter_card":"summary_large_image","twitter_misc":{"Est. reading time":"2 minutes"},"schema":{"@context":"https:\/\/schema.org","@graph":[{"@type":"WebPage","@id":"https:\/\/www.rijeka.hr\/it\/amministrazione-cittadina\/progetti-dellue\/progetti-chiusi\/cultura-del-dopolavoro-ieri-oggi-domani\/","url":"https:\/\/www.rijeka.hr\/it\/amministrazione-cittadina\/progetti-dellue\/progetti-chiusi\/cultura-del-dopolavoro-ieri-oggi-domani\/","name":"Cultura del dopolavoro - Ieri, oggi, domani - Citt\u00e0 di Fiume","isPartOf":{"@id":"https:\/\/www.rijeka.hr\/it\/#website"},"primaryImageOfPage":{"@id":"https:\/\/www.rijeka.hr\/it\/amministrazione-cittadina\/progetti-dellue\/progetti-chiusi\/cultura-del-dopolavoro-ieri-oggi-domani\/#primaryimage"},"image":{"@id":"https:\/\/www.rijeka.hr\/it\/amministrazione-cittadina\/progetti-dellue\/progetti-chiusi\/cultura-del-dopolavoro-ieri-oggi-domani\/#primaryimage"},"thumbnailUrl":"https:\/\/www.rijeka.hr\/it\/wp-content\/uploads\/sites\/3\/2020\/08\/Europska-unija-i-Europski-socijalni-fond.jpg","datePublished":"2020-08-13T12:35:03+00:00","dateModified":"2021-01-29T08:11:42+00:00","breadcrumb":{"@id":"https:\/\/www.rijeka.hr\/it\/amministrazione-cittadina\/progetti-dellue\/progetti-chiusi\/cultura-del-dopolavoro-ieri-oggi-domani\/#breadcrumb"},"inLanguage":"it-IT","potentialAction":[{"@type":"ReadAction","target":["https:\/\/www.rijeka.hr\/it\/amministrazione-cittadina\/progetti-dellue\/progetti-chiusi\/cultura-del-dopolavoro-ieri-oggi-domani\/"]}]},{"@type":"ImageObject","inLanguage":"it-IT","@id":"https:\/\/www.rijeka.hr\/it\/amministrazione-cittadina\/progetti-dellue\/progetti-chiusi\/cultura-del-dopolavoro-ieri-oggi-domani\/#primaryimage","url":"https:\/\/www.rijeka.hr\/it\/wp-content\/uploads\/sites\/3\/2020\/08\/Europska-unija-i-Europski-socijalni-fond.jpg","contentUrl":"https:\/\/www.rijeka.hr\/it\/wp-content\/uploads\/sites\/3\/2020\/08\/Europska-unija-i-Europski-socijalni-fond.jpg","width":750,"height":242},{"@type":"BreadcrumbList","@id":"https:\/\/www.rijeka.hr\/it\/amministrazione-cittadina\/progetti-dellue\/progetti-chiusi\/cultura-del-dopolavoro-ieri-oggi-domani\/#breadcrumb","itemListElement":[{"@type":"ListItem","position":1,"name":"Po\u010detna stranica","item":"https:\/\/www.rijeka.hr\/it\/"},{"@type":"ListItem","position":2,"name":"Amministrazione cittadina","item":"https:\/\/www.rijeka.hr\/it\/amministrazione-cittadina\/"},{"@type":"ListItem","position":3,"name":"Progetti dell&#8217;UE","item":"https:\/\/www.rijeka.hr\/it\/amministrazione-cittadina\/progetti-dellue\/"},{"@type":"ListItem","position":4,"name":"Progetti chiusi","item":"https:\/\/www.rijeka.hr\/it\/amministrazione-cittadina\/progetti-dellue\/progetti-chiusi\/"},{"@type":"ListItem","position":5,"name":"Cultura del dopolavoro &#8211; Ieri, oggi, domani"}]},{"@type":"WebSite","@id":"https:\/\/www.rijeka.hr\/it\/#website","url":"https:\/\/www.rijeka.hr\/it\/","name":"Citt\u00e0 di Fiume","description":"Portale web della Citta&#039; di Fiume","potentialAction":[{"@type":"SearchAction","target":{"@type":"EntryPoint","urlTemplate":"https:\/\/www.rijeka.hr\/it\/?s={search_term_string}"},"query-input":{"@type":"PropertyValueSpecification","valueRequired":true,"valueName":"search_term_string"}}],"inLanguage":"it-IT"}]}},"_links":{"self":[{"href":"https:\/\/www.rijeka.hr\/it\/wp-json\/wp\/v2\/pages\/10798","targetHints":{"allow":["GET"]}}],"collection":[{"href":"https:\/\/www.rijeka.hr\/it\/wp-json\/wp\/v2\/pages"}],"about":[{"href":"https:\/\/www.rijeka.hr\/it\/wp-json\/wp\/v2\/types\/page"}],"author":[{"embeddable":true,"href":"https:\/\/www.rijeka.hr\/it\/wp-json\/wp\/v2\/users\/8"}],"replies":[{"embeddable":true,"href":"https:\/\/www.rijeka.hr\/it\/wp-json\/wp\/v2\/comments?post=10798"}],"version-history":[{"count":3,"href":"https:\/\/www.rijeka.hr\/it\/wp-json\/wp\/v2\/pages\/10798\/revisions"}],"predecessor-version":[{"id":10799,"href":"https:\/\/www.rijeka.hr\/it\/wp-json\/wp\/v2\/pages\/10798\/revisions\/10799"}],"up":[{"embeddable":true,"href":"https:\/\/www.rijeka.hr\/it\/wp-json\/wp\/v2\/pages\/2062"}],"wp:attachment":[{"href":"https:\/\/www.rijeka.hr\/it\/wp-json\/wp\/v2\/media?parent=10798"}],"wp:term":[{"taxonomy":"post_tag","embeddable":true,"href":"https:\/\/www.rijeka.hr\/it\/wp-json\/wp\/v2\/tags?post=10798"}],"curies":[{"name":"wp","href":"https:\/\/api.w.org\/{rel}","templated":true}]}}