{"id":10823,"date":"2020-08-18T12:29:44","date_gmt":"2020-08-18T10:29:44","guid":{"rendered":"https:\/\/www.rijeka.hr\/it\/?page_id=10823"},"modified":"2021-02-18T09:55:33","modified_gmt":"2021-02-18T08:55:33","slug":"il-centro-di-riciclaggio-dei-rifiuti-domestici-via-joza-vlahovic-fiume","status":"publish","type":"page","link":"https:\/\/www.rijeka.hr\/it\/amministrazione-cittadina\/progetti-dellue\/progetti-chiusi\/il-centro-di-riciclaggio-dei-rifiuti-domestici-via-joza-vlahovic-fiume\/","title":{"rendered":"Il centro di riciclaggio dei rifiuti domestici in via Jo\u017ea Vlahovi\u0107 a Fiume"},"content":{"rendered":"<p><img loading=\"lazy\" decoding=\"async\" width=\"750\" height=\"242\" class=\"aligncenter wp-image-10766 size-full\" src=\"https:\/\/www.rijeka.hr\/it\/wp-content\/uploads\/sites\/3\/2020\/08\/Europska-unija-i-Europski-socijalni-fond.jpg\" alt=\"\" srcset=\"https:\/\/www.rijeka.hr\/it\/wp-content\/uploads\/sites\/3\/2020\/08\/Europska-unija-i-Europski-socijalni-fond.jpg 750w, https:\/\/www.rijeka.hr\/it\/wp-content\/uploads\/sites\/3\/2020\/08\/Europska-unija-i-Europski-socijalni-fond-600x194.jpg 600w\" sizes=\"(max-width: 750px) 100vw, 750px\" \/><\/p>\n<h3>Titolo del progetto:<\/h3>\n<p>Il centro di riciclaggio dei rifiuti domestici in via Jo\u017ea Vlahovi\u0107 a Fiume<\/p>\n<p>Il progetto intitolato &#8220;Il centro di riciclaggio dei rifiuti domestici in via Jo\u017ea Vlahovi\u0107 a Fiume&#8221; contribuir\u00e0 ad aumentare il tasso dei rifiuti urbani raccolti separatamente e a ridurre la quantit\u00e0 dei rifiuti smaltiti in discariche.<\/p>\n<h3>Obiettivo del progetto:<\/h3>\n<p>Un centro di riciclaggio dei rifiuti funzionale all&#8217;interno del sistema di gestione dei rifiuti urbani \u00e8 una delle componenti importanti volte a garantire la raccolta differenziata, prima di tutto dei rifiuti problematici (pericolosi) e dei rifiuti di carta, metallo, vetro, plastica, tessuti e rifiuti urbani ingombranti. Il centro di riciclaggio pu\u00f2 anche ricevere categorie speciali di rifiuti, come accumulatori e batterie, e rifiuti di imballaggio.<\/p>\n<p>Lo scopo principale dell&#8217;apertura di un futuro centro di riciclaggio in via Jo\u017ea Vlahovi\u0107 a Fiume \u00e8 il seguente:<\/p>\n<ul>\n<li>incoraggiare e aumentare la separazione e la raccolta dei rifiuti domestici problematici e il loro corretto recupero o smaltimento, invece di una pratica frequente di smaltimento di tali rifiuti nei rifiuti urbani misti o, in misura minore, nell&#8217;ambiente;<\/li>\n<li>incoraggiare e incrementare la separazione e la raccolta dei rifiuti elettrici ed elettronici (comuni e contenenti sostanze pericolose), ad eccezione dei rifiuti per i quali sono previsti idonei servizi di rimozione gratuita dalle familiglie (dispositivi vari di maggiori dimensioni e peso); evitando cos\u00ec di smaltire questi rifiuti nei rifiuti urbani misti o di lasciarli accanto al contenitore per la raccolta dei rifiuti urbani misti, causando costi aggiuntivi per lo smaltimento a carico di tutti i cittadini;<\/li>\n<li>incoraggiare e aumentare la raccolta di rifiuti ingombranti di dimensioni e peso inferiori (compresa parte dei rifiuti generati durante piccoli interventi di costruzione nelle famiglie) invece di finire tra i rifiuti urbani misti o smaltirli accanto a contenitori per la raccolta di rifiuti urbani misti causando costi aggiuntivi per lo smaltimento a carico di tutti i cittadini;<\/li>\n<li>incoraggiare e aumentare la raccolta di categorie di rifiuti speciali, come imballaggi non inclusi nei sistemi di deposito (dimensioni maggiori o pi\u00f9 pesanti, non idonei alla raccolta in contenitori in un&#8217;area pubblica o alla porta di casa) e plastica che non sia rifiuto di imballaggio.<\/li>\n<\/ul>\n<p>&nbsp;<\/p>\n<h3>Durata: 13 dicembre 2018 &#8211; 30 novembre 2019<\/h3>\n<h3>Autorit\u00e0 competente: Ministero della protezione ambientale e dell&#8217;energia, numero di contratto: KK.06.3.1.03.0122<\/h3>\n<h3>Attivit\u00e0 chiave:<\/h3>\n<p>Il progetto comprende tutte le attivit\u00e0 relative alla costruzione e alle attrezzature del futuro centro di riciclaggio dei rifiuti in via Jo\u017ea Vlahovi\u0107 a Fiume, compresi i servizi di supervisione professionale dei lavori di costruzione, la supervisione della progettazione e i servizi forniti da un coordinatore per la sicurezza sul lavoro nella fase di costruzione.<\/p>\n<p>Inoltre, la realizzazione di attivit\u00e0 informative ed educative e attivit\u00e0 di promozione e visibilit\u00e0 costituiscono parte integrante del Progetto, finalizzate ad informare il pubblico sull&#8217;utilizzo del centro di riciclaggio e sul suo ruolo nell\u2019intero sistema di gestione dei rifiuti e nella corretta raccolta differenziata dei rifiuti.<\/p>\n<p>Si prevede che informando meglio i cittadini sulla raccolta differenziata dei rifiuti urbani e informando le famiglie di una determinata area sull&#8217;ubicazione del centro di riciclaggio e sulla possibilit\u00e0 di smaltire gratuitamente i rifiuti, si raggiunge l&#8217;obiettivo e che i cittadini non smaltiranno i rifiuti problematici, piccole quantit\u00e0 di rifiuti ingombranti e altri componenti utili in contenitori per rifiuti urbani misti o che non li smaltiranno in modo improprio nell&#8217;ambiente.<\/p>\n<p>Con la realizzazione di questo progetto verranno apportati cambiamenti positivi al sistema di gestione dei rifiuti, sia durante il periodo d\u2019implementazione che dopo la fine dell&#8217;implementazione del progetto nel lungo periodo.<\/p>\n<h3>Budget:<\/h3>\n<ul>\n<li>Budget totale del progetto: 1.105.510,61 kune<\/li>\n<li>Finanziamento UE: 781.180,00 kune (l\u201985% dei costi ammissibili del progetto)<\/li>\n<\/ul>\n<h3>Finanziato con:<\/h3>\n<p>Fondi strutturali e di investimento europei &#8211; Fondo di coesione &#8211; Programma operativo &#8220;Competitivit\u00e0 e coesione 2014-2020&#8221;<\/p>\n","protected":false},"excerpt":{"rendered":"<p>Titolo del progetto: Il centro di riciclaggio dei rifiuti domestici in via Jo\u017ea Vlahovi\u0107 a Fiume Il progetto intitolato &#8220;Il centro di riciclaggio dei rifiuti domestici in via Jo\u017ea Vlahovi\u0107 a Fiume&#8221; contribuir\u00e0 ad aumentare il tasso dei rifiuti urbani raccolti separatamente e a ridurre la quantit\u00e0 dei rifiuti smaltiti in discariche. Obiettivo del progetto:&#8230;<\/p>\n","protected":false},"author":5,"featured_media":0,"parent":2062,"menu_order":0,"comment_status":"closed","ping_status":"closed","template":"","meta":{"_acf_changed":false,"_trash_the_other_posts":false,"footnotes":"","_links_to":"","_links_to_target":""},"tags":[],"class_list":["post-10823","page","type-page","status-publish","hentry"],"acf":[],"yoast_head":"<!-- This site is optimized with the Yoast SEO plugin v24.4 - https:\/\/yoast.com\/wordpress\/plugins\/seo\/ -->\n<title>Il centro di riciclaggio dei rifiuti domestici in via Jo\u017ea Vlahovi\u0107 a Fiume - Citt\u00e0 di Fiume<\/title>\n<meta name=\"robots\" content=\"index, follow, max-snippet:-1, max-image-preview:large, max-video-preview:-1\" \/>\n<link rel=\"canonical\" href=\"https:\/\/www.rijeka.hr\/it\/amministrazione-cittadina\/progetti-dellue\/progetti-chiusi\/il-centro-di-riciclaggio-dei-rifiuti-domestici-via-joza-vlahovic-fiume\/\" \/>\n<meta property=\"og:locale\" content=\"it_IT\" \/>\n<meta property=\"og:type\" content=\"article\" \/>\n<meta property=\"og:title\" content=\"Il centro di riciclaggio dei rifiuti domestici in via Jo\u017ea Vlahovi\u0107 a Fiume - Citt\u00e0 di Fiume\" \/>\n<meta property=\"og:description\" content=\"Titolo del progetto: Il centro di riciclaggio dei rifiuti domestici in via Jo\u017ea Vlahovi\u0107 a Fiume Il progetto intitolato &#8220;Il centro di riciclaggio dei rifiuti domestici in via Jo\u017ea Vlahovi\u0107 a Fiume&#8221; contribuir\u00e0 ad aumentare il tasso dei rifiuti urbani raccolti separatamente e a ridurre la quantit\u00e0 dei rifiuti smaltiti in discariche. Obiettivo del progetto:...\" \/>\n<meta property=\"og:url\" content=\"https:\/\/www.rijeka.hr\/it\/amministrazione-cittadina\/progetti-dellue\/progetti-chiusi\/il-centro-di-riciclaggio-dei-rifiuti-domestici-via-joza-vlahovic-fiume\/\" \/>\n<meta property=\"og:site_name\" content=\"Citt\u00e0 di Fiume\" \/>\n<meta property=\"article:modified_time\" content=\"2021-02-18T08:55:33+00:00\" \/>\n<meta property=\"og:image\" content=\"https:\/\/www.rijeka.hr\/it\/wp-content\/uploads\/sites\/3\/2020\/08\/Europska-unija-i-Europski-socijalni-fond.jpg\" \/>\n<meta name=\"twitter:card\" content=\"summary_large_image\" \/>\n<meta name=\"twitter:label1\" content=\"Est. reading time\" \/>\n\t<meta name=\"twitter:data1\" content=\"3 minutes\" \/>\n<script type=\"application\/ld+json\" class=\"yoast-schema-graph\">{\"@context\":\"https:\/\/schema.org\",\"@graph\":[{\"@type\":\"WebPage\",\"@id\":\"https:\/\/www.rijeka.hr\/it\/amministrazione-cittadina\/progetti-dellue\/progetti-chiusi\/il-centro-di-riciclaggio-dei-rifiuti-domestici-via-joza-vlahovic-fiume\/\",\"url\":\"https:\/\/www.rijeka.hr\/it\/amministrazione-cittadina\/progetti-dellue\/progetti-chiusi\/il-centro-di-riciclaggio-dei-rifiuti-domestici-via-joza-vlahovic-fiume\/\",\"name\":\"Il centro di riciclaggio dei rifiuti domestici in via Jo\u017ea Vlahovi\u0107 a Fiume - Citt\u00e0 di Fiume\",\"isPartOf\":{\"@id\":\"https:\/\/www.rijeka.hr\/it\/#website\"},\"primaryImageOfPage\":{\"@id\":\"https:\/\/www.rijeka.hr\/it\/amministrazione-cittadina\/progetti-dellue\/progetti-chiusi\/il-centro-di-riciclaggio-dei-rifiuti-domestici-via-joza-vlahovic-fiume\/#primaryimage\"},\"image\":{\"@id\":\"https:\/\/www.rijeka.hr\/it\/amministrazione-cittadina\/progetti-dellue\/progetti-chiusi\/il-centro-di-riciclaggio-dei-rifiuti-domestici-via-joza-vlahovic-fiume\/#primaryimage\"},\"thumbnailUrl\":\"https:\/\/www.rijeka.hr\/it\/wp-content\/uploads\/sites\/3\/2020\/08\/Europska-unija-i-Europski-socijalni-fond.jpg\",\"datePublished\":\"2020-08-18T10:29:44+00:00\",\"dateModified\":\"2021-02-18T08:55:33+00:00\",\"breadcrumb\":{\"@id\":\"https:\/\/www.rijeka.hr\/it\/amministrazione-cittadina\/progetti-dellue\/progetti-chiusi\/il-centro-di-riciclaggio-dei-rifiuti-domestici-via-joza-vlahovic-fiume\/#breadcrumb\"},\"inLanguage\":\"it-IT\",\"potentialAction\":[{\"@type\":\"ReadAction\",\"target\":[\"https:\/\/www.rijeka.hr\/it\/amministrazione-cittadina\/progetti-dellue\/progetti-chiusi\/il-centro-di-riciclaggio-dei-rifiuti-domestici-via-joza-vlahovic-fiume\/\"]}]},{\"@type\":\"ImageObject\",\"inLanguage\":\"it-IT\",\"@id\":\"https:\/\/www.rijeka.hr\/it\/amministrazione-cittadina\/progetti-dellue\/progetti-chiusi\/il-centro-di-riciclaggio-dei-rifiuti-domestici-via-joza-vlahovic-fiume\/#primaryimage\",\"url\":\"https:\/\/www.rijeka.hr\/it\/wp-content\/uploads\/sites\/3\/2020\/08\/Europska-unija-i-Europski-socijalni-fond.jpg\",\"contentUrl\":\"https:\/\/www.rijeka.hr\/it\/wp-content\/uploads\/sites\/3\/2020\/08\/Europska-unija-i-Europski-socijalni-fond.jpg\",\"width\":750,\"height\":242},{\"@type\":\"BreadcrumbList\",\"@id\":\"https:\/\/www.rijeka.hr\/it\/amministrazione-cittadina\/progetti-dellue\/progetti-chiusi\/il-centro-di-riciclaggio-dei-rifiuti-domestici-via-joza-vlahovic-fiume\/#breadcrumb\",\"itemListElement\":[{\"@type\":\"ListItem\",\"position\":1,\"name\":\"Po\u010detna stranica\",\"item\":\"https:\/\/www.rijeka.hr\/it\/\"},{\"@type\":\"ListItem\",\"position\":2,\"name\":\"Amministrazione cittadina\",\"item\":\"https:\/\/www.rijeka.hr\/it\/amministrazione-cittadina\/\"},{\"@type\":\"ListItem\",\"position\":3,\"name\":\"Progetti dell&#8217;UE\",\"item\":\"https:\/\/www.rijeka.hr\/it\/amministrazione-cittadina\/progetti-dellue\/\"},{\"@type\":\"ListItem\",\"position\":4,\"name\":\"Progetti chiusi\",\"item\":\"https:\/\/www.rijeka.hr\/it\/amministrazione-cittadina\/progetti-dellue\/progetti-chiusi\/\"},{\"@type\":\"ListItem\",\"position\":5,\"name\":\"Il centro di riciclaggio dei rifiuti domestici in via Jo\u017ea Vlahovi\u0107 a Fiume\"}]},{\"@type\":\"WebSite\",\"@id\":\"https:\/\/www.rijeka.hr\/it\/#website\",\"url\":\"https:\/\/www.rijeka.hr\/it\/\",\"name\":\"Citt\u00e0 di Fiume\",\"description\":\"Portale web della Citta&#039; di Fiume\",\"potentialAction\":[{\"@type\":\"SearchAction\",\"target\":{\"@type\":\"EntryPoint\",\"urlTemplate\":\"https:\/\/www.rijeka.hr\/it\/?s={search_term_string}\"},\"query-input\":{\"@type\":\"PropertyValueSpecification\",\"valueRequired\":true,\"valueName\":\"search_term_string\"}}],\"inLanguage\":\"it-IT\"}]}<\/script>\n<!-- \/ Yoast SEO plugin. -->","yoast_head_json":{"title":"Il centro di riciclaggio dei rifiuti domestici in via Jo\u017ea Vlahovi\u0107 a Fiume - Citt\u00e0 di Fiume","robots":{"index":"index","follow":"follow","max-snippet":"max-snippet:-1","max-image-preview":"max-image-preview:large","max-video-preview":"max-video-preview:-1"},"canonical":"https:\/\/www.rijeka.hr\/it\/amministrazione-cittadina\/progetti-dellue\/progetti-chiusi\/il-centro-di-riciclaggio-dei-rifiuti-domestici-via-joza-vlahovic-fiume\/","og_locale":"it_IT","og_type":"article","og_title":"Il centro di riciclaggio dei rifiuti domestici in via Jo\u017ea Vlahovi\u0107 a Fiume - Citt\u00e0 di Fiume","og_description":"Titolo del progetto: Il centro di riciclaggio dei rifiuti domestici in via Jo\u017ea Vlahovi\u0107 a Fiume Il progetto intitolato &#8220;Il centro di riciclaggio dei rifiuti domestici in via Jo\u017ea Vlahovi\u0107 a Fiume&#8221; contribuir\u00e0 ad aumentare il tasso dei rifiuti urbani raccolti separatamente e a ridurre la quantit\u00e0 dei rifiuti smaltiti in discariche. Obiettivo del progetto:...","og_url":"https:\/\/www.rijeka.hr\/it\/amministrazione-cittadina\/progetti-dellue\/progetti-chiusi\/il-centro-di-riciclaggio-dei-rifiuti-domestici-via-joza-vlahovic-fiume\/","og_site_name":"Citt\u00e0 di Fiume","article_modified_time":"2021-02-18T08:55:33+00:00","og_image":[{"url":"https:\/\/www.rijeka.hr\/it\/wp-content\/uploads\/sites\/3\/2020\/08\/Europska-unija-i-Europski-socijalni-fond.jpg","type":"","width":"","height":""}],"twitter_card":"summary_large_image","twitter_misc":{"Est. reading time":"3 minutes"},"schema":{"@context":"https:\/\/schema.org","@graph":[{"@type":"WebPage","@id":"https:\/\/www.rijeka.hr\/it\/amministrazione-cittadina\/progetti-dellue\/progetti-chiusi\/il-centro-di-riciclaggio-dei-rifiuti-domestici-via-joza-vlahovic-fiume\/","url":"https:\/\/www.rijeka.hr\/it\/amministrazione-cittadina\/progetti-dellue\/progetti-chiusi\/il-centro-di-riciclaggio-dei-rifiuti-domestici-via-joza-vlahovic-fiume\/","name":"Il centro di riciclaggio dei rifiuti domestici in via Jo\u017ea Vlahovi\u0107 a Fiume - Citt\u00e0 di Fiume","isPartOf":{"@id":"https:\/\/www.rijeka.hr\/it\/#website"},"primaryImageOfPage":{"@id":"https:\/\/www.rijeka.hr\/it\/amministrazione-cittadina\/progetti-dellue\/progetti-chiusi\/il-centro-di-riciclaggio-dei-rifiuti-domestici-via-joza-vlahovic-fiume\/#primaryimage"},"image":{"@id":"https:\/\/www.rijeka.hr\/it\/amministrazione-cittadina\/progetti-dellue\/progetti-chiusi\/il-centro-di-riciclaggio-dei-rifiuti-domestici-via-joza-vlahovic-fiume\/#primaryimage"},"thumbnailUrl":"https:\/\/www.rijeka.hr\/it\/wp-content\/uploads\/sites\/3\/2020\/08\/Europska-unija-i-Europski-socijalni-fond.jpg","datePublished":"2020-08-18T10:29:44+00:00","dateModified":"2021-02-18T08:55:33+00:00","breadcrumb":{"@id":"https:\/\/www.rijeka.hr\/it\/amministrazione-cittadina\/progetti-dellue\/progetti-chiusi\/il-centro-di-riciclaggio-dei-rifiuti-domestici-via-joza-vlahovic-fiume\/#breadcrumb"},"inLanguage":"it-IT","potentialAction":[{"@type":"ReadAction","target":["https:\/\/www.rijeka.hr\/it\/amministrazione-cittadina\/progetti-dellue\/progetti-chiusi\/il-centro-di-riciclaggio-dei-rifiuti-domestici-via-joza-vlahovic-fiume\/"]}]},{"@type":"ImageObject","inLanguage":"it-IT","@id":"https:\/\/www.rijeka.hr\/it\/amministrazione-cittadina\/progetti-dellue\/progetti-chiusi\/il-centro-di-riciclaggio-dei-rifiuti-domestici-via-joza-vlahovic-fiume\/#primaryimage","url":"https:\/\/www.rijeka.hr\/it\/wp-content\/uploads\/sites\/3\/2020\/08\/Europska-unija-i-Europski-socijalni-fond.jpg","contentUrl":"https:\/\/www.rijeka.hr\/it\/wp-content\/uploads\/sites\/3\/2020\/08\/Europska-unija-i-Europski-socijalni-fond.jpg","width":750,"height":242},{"@type":"BreadcrumbList","@id":"https:\/\/www.rijeka.hr\/it\/amministrazione-cittadina\/progetti-dellue\/progetti-chiusi\/il-centro-di-riciclaggio-dei-rifiuti-domestici-via-joza-vlahovic-fiume\/#breadcrumb","itemListElement":[{"@type":"ListItem","position":1,"name":"Po\u010detna stranica","item":"https:\/\/www.rijeka.hr\/it\/"},{"@type":"ListItem","position":2,"name":"Amministrazione cittadina","item":"https:\/\/www.rijeka.hr\/it\/amministrazione-cittadina\/"},{"@type":"ListItem","position":3,"name":"Progetti dell&#8217;UE","item":"https:\/\/www.rijeka.hr\/it\/amministrazione-cittadina\/progetti-dellue\/"},{"@type":"ListItem","position":4,"name":"Progetti chiusi","item":"https:\/\/www.rijeka.hr\/it\/amministrazione-cittadina\/progetti-dellue\/progetti-chiusi\/"},{"@type":"ListItem","position":5,"name":"Il centro di riciclaggio dei rifiuti domestici in via Jo\u017ea Vlahovi\u0107 a Fiume"}]},{"@type":"WebSite","@id":"https:\/\/www.rijeka.hr\/it\/#website","url":"https:\/\/www.rijeka.hr\/it\/","name":"Citt\u00e0 di Fiume","description":"Portale web della Citta&#039; di Fiume","potentialAction":[{"@type":"SearchAction","target":{"@type":"EntryPoint","urlTemplate":"https:\/\/www.rijeka.hr\/it\/?s={search_term_string}"},"query-input":{"@type":"PropertyValueSpecification","valueRequired":true,"valueName":"search_term_string"}}],"inLanguage":"it-IT"}]}},"_links":{"self":[{"href":"https:\/\/www.rijeka.hr\/it\/wp-json\/wp\/v2\/pages\/10823","targetHints":{"allow":["GET"]}}],"collection":[{"href":"https:\/\/www.rijeka.hr\/it\/wp-json\/wp\/v2\/pages"}],"about":[{"href":"https:\/\/www.rijeka.hr\/it\/wp-json\/wp\/v2\/types\/page"}],"author":[{"embeddable":true,"href":"https:\/\/www.rijeka.hr\/it\/wp-json\/wp\/v2\/users\/5"}],"replies":[{"embeddable":true,"href":"https:\/\/www.rijeka.hr\/it\/wp-json\/wp\/v2\/comments?post=10823"}],"version-history":[{"count":3,"href":"https:\/\/www.rijeka.hr\/it\/wp-json\/wp\/v2\/pages\/10823\/revisions"}],"predecessor-version":[{"id":10825,"href":"https:\/\/www.rijeka.hr\/it\/wp-json\/wp\/v2\/pages\/10823\/revisions\/10825"}],"up":[{"embeddable":true,"href":"https:\/\/www.rijeka.hr\/it\/wp-json\/wp\/v2\/pages\/2062"}],"wp:attachment":[{"href":"https:\/\/www.rijeka.hr\/it\/wp-json\/wp\/v2\/media?parent=10823"}],"wp:term":[{"taxonomy":"post_tag","embeddable":true,"href":"https:\/\/www.rijeka.hr\/it\/wp-json\/wp\/v2\/tags?post=10823"}],"curies":[{"name":"wp","href":"https:\/\/api.w.org\/{rel}","templated":true}]}}