{"id":1087,"date":"2016-08-10T10:52:34","date_gmt":"2016-08-10T08:52:34","guid":{"rendered":"https:\/\/www.rijeka.hr\/it\/?page_id=1087"},"modified":"2022-02-28T14:21:27","modified_gmt":"2022-02-28T13:21:27","slug":"storia-di-fiume","status":"publish","type":"page","link":"https:\/\/www.rijeka.hr\/it\/amministrazione-cittadina\/storia-di-fiume\/","title":{"rendered":"Storia di Fiume"},"content":{"rendered":"<p>Le prime testimonianze della presenza umana nel territorio di Fiume risalgono alle epoche del Paleolitico e del Neolitico, mente i ruderi dei castelli preistorici (Solin sopra Martin\u0161\u0107ica), il colle di Tersatto e Veli vrh &#8211; Gradi\u0161\u0107e sopra la Rje\u010dina) risalgono al epoca del bronzo e del ferro. Tale insediamento dominava la baia di Fiume e proteggeva il porto anche nel periodo degli Illiri (i Liburni).<\/p>\n<p>I romani trasferirono il centro della vita pubblica pi\u00f9 vicino al mare, sulla sponda destra della foce del fiume Rje\u010dina, ove oggi si trova la Citt\u00e0vecchia. Le numerose scoperte archeologiche risalenti al periodo romano (fondamenta di mura, di vari edifici, resti di terme e porte) testimoniano lo sviluppo urbanistico raggiunto da Tarsatica in questo periodo. Grazie alla sua ubicazione, su un lieve pendio, alla stretta fascia costiera, alle abbondanti sorgenti d\u2019acqua potabile e alla baia protetta, con le caratteristiche di un porto naturale, la citt\u00e0 aveva tutti i requisiti per potersi sviluppare come importante porto e citt\u00e0 commerciale.<\/p>\n<p><strong>Flumen Sancti Viti \u2013 Fiume di San Vito<\/strong><\/p>\n<p>Tali caratteristiche indussero nuovi abitanti slavi \u2013 croati &#8211; a occupare Tarsatica e a dare vita a un nuovo centro. Le prime notizie sull\u2019insediamento medievale risalgono alla prima met\u00e0 del XIII secolo, ma le fonti storiche dell\u2019epoca menzionano due nuclei: Tersatto, in cima alla collina sulla sponda sinistra del fiume Rje\u010dina, dove sorgeva una volta l&#8217;insediamento dei Liburni chiamato Tarsata, e Fiume sulla costa, al posto di Tarsatica romana. Fiume era una cittadina fortificata, compresa all\u2019interno delle mura e protetta da varie torri difensive. Era divisa in due zone: nella parte superiore si trovavano il castello medievale e la chiesa di San Vito (da cui deriva il nome Flumen Sancti Viti), mentre nella parte inferiore sorgeva la zona popolare, commerciale e artigianale, ribattezzata dai suoi abitanti Rika, ovvero Rijeka (Fiume).<\/p>\n<p>All\u2019inizio e alla fine del XIV secolo, Rijeka fu governata dai conti di Duino, dai principi veglioti Frangipani, dalla famiglia Walsee e, dal 1466, dagli Asburgo. In questo periodo Fiume contava circa 3.000 abitanti. Nel XVI secolo si assistette a un significativo sviluppo economico, grazie al commercio di ferro, olio, legna, lana, bestiame e pelli. Nello stesso secolo in citt\u00e0 oper\u00f2 anche una stamperia di libri redatti nell\u2019alfabeto croato, il glagolitico. All\u2019epoca non esisteva ancora Su\u0161ak (Sussak), formatasi solo nel XVIII secolo sulla sponda sinistra del fiume Rje\u010dina e sotto l&#8217;insediamento di Trsatto.<\/p>\n<p>L&#8217;et\u00e0 d\u2019oro del commercio di Fiume si arrest\u00f2 all&#8217;improvviso nella seconda met\u00e0 del XVI secolo. I frequenti attacchi degli Ottomani, le guerre dei pretendenti al trono ungherese e le lunghe lotte tra Uscocchi e Veneziani interruppero i collegamenti stradali e marittimi. La situazione cominci\u00f2 a migliorare nella seconda met\u00e0 del XVII secolo.<\/p>\n<p>L\u2019arrivo dei Gesuiti a Fiume e la fondazione del loro ginnasio, migliorarono significativamente il sistema scolastico e la vita culturale, rinforzando la romanit\u00e0 a scapito della lingua croata e dell\u2019alfabeto glagolitico. L\u2019economia di Fiume inizi\u00f2 a migliorare sensibilmente nel XVIII secolo. In quel periodo, l\u2019imperatore Carlo VI proclam\u00f2 Fiume porto franco, e la rafforzata Ungheria (nel 1779 Fiume viene ceduta alla corona ungherese) e parte dell&#8217;aristocrazia asburgica iniziarono presto a vedere in Fiume un importante sbocco marittimo sul mondo.<\/p>\n<p>A cavallo tra il XVIII e il XIX secolo, Fiume fu controllata dai francesi, per poi tornare di nuovo all\u2019Impero Austriaco con la Conferenza di Vienna.<\/p>\n<p><strong>Il tumultuoso XX secolo<\/strong><\/p>\n<p>In seguito alle rivoluzioni del 1848, la citt\u00e0 venne data in amministrazione alla Banovina della Croazia e il bano Josip Jela\u010di\u0107 fu nominato governatore di Fiume. Ne segu\u00ec una lotta per il controllo di Fiume tra Croazia e Ungheria, che culmin\u00f2 con l\u2019accordo croato-ungherese del 1868, il cosidetto \u201cstraccetto fiumano\u201d, in base al quale Fiume ritorn\u00f2 sotto il governo diretto dell\u2019Ungheria, ed esso la trasform\u00f2 rapidamente nel suo principale emporio marittimo e portuale.<\/p>\n<p>Dopo la caduta dell&#8217;Impero austro-ungarico, nel 1918, Fiume e Su\u0161ak (Sussak) entrarono a far parte dello Stato degli Sloveni, dei Croati e dei Serbi, con sede a Zagabria, ma questa parte fu presto rivendicata dal Regno d&#8217;Italia.<\/p>\n<p>Poich\u00e9 l\u2019Italia non aveva avanzato rivendicazioni ufficiali su Fiume, si assistette a un periodo di transizione: prima l&#8217;occupazione di D\u2019Annunzio, nel 1919, con la creazione dello Stato libero di Fiume, nel 1920; quindi il ritorno all\u2019Italia nel 1924. Fiume conobbe un rapido declino economico e divenne una cittadina di periferia. La zona di Su\u0161ak fu inclusa nel Regno degli Sloveni, dei Croati e dei Serbi, con sede a Belgrado, e si svilupp\u00f2 velocemente attingendo alla vasta regione dell&#8217;entroterra.<\/p>\n<p>Oltre alla vicina Istria, fu una tra le prime citt\u00e0 a opporsi al fascismo e, durante la Seconda guerra mondiale, fece parte del fronte antifascista. Dopo la capitolazione dell\u2019Italia, nel 1943, Fiume e Su\u0161ak furono occupate dai tedeschi, che le controllarono fino al 3 maggio 1945, giorno della loro liberazione.<\/p>\n<p>Con la Conferenza di pace di Parigi, nel 1947, Fiume ritorn\u00f2 alla madrepatria croata, nell\u2019ambito della Repubblica Socialista Federale di Jugoslavia. Nel 1948 le citt\u00e0 Su\u0161ak e Fiume furono riunite nella citt\u00e0 di Fiume, che inizi\u00f2 a svilupparsi rapidamente in diversi ambiti.<\/p>\n<p>Dopo la ricostruzione, Fiume divenne il porto principale della Jugoslavia socialista. Lo sviluppo industriale coinvolse le tradizionali attivit\u00e0 fiumane: costruzioni navali, cartiere, raffinerie, produzione di dispositivi e motori navali, concerie, impianti tessili, centrali idroelettriche e termoelettriche. La crescita delle compagnie navali e la costruzione di 5 strade maestre verso Zagabria, Lubiana, Trieste, Pola e Zara, oltre alla ferrovia, assicurarono a Fiume un rapido sviluppo nel settore terziario.<\/p>\n<p>Con la crescita sociale ed economica aument\u00f2 anche il numero degli abitanti. Oggi, Fiume e il suo circondario contano circa 200.000 abitanti. Parallelamente allo sviluppo industriale, Fiume divent\u00f2 anche il centro politico e amministrativo della Croazia occidentale (Istria, Litorale croato e l\u2019area montana di Gorski kotar). All\u2019inizio degli anni \u201860 furono realizzati nuovi quartieri e rafforzati gli insediamenti periferici.<\/p>\n<p>Alla fine del XX secolo Fiume \u00e8 una citt\u00e0 moderna e industriale, nonch\u00e9 centro di vari progetti di sviluppo, che svolgono un ruolo importante nella crescita globale della Repubblica di Croazia. La citt\u00e0 ospita inoltre le sedi dell\u2019arcidiocesi di Fiume e di Segna, della diocesi metropolita e dell&#8217;universit\u00e0.<\/p>\n<p>Le aspirazioni croate ad avvicinarsi alle visioni democratiche e liberali del mondo occidentale hanno portato a cambiamenti radicali nel sistema statale e sociale.<\/p>\n<p>L\u2019aggressione serba, bench\u00e9 abbia influenzato la vita della citt\u00e0, non ha tuttavia coinvolto direttamente Fiume, che pertanto \u00e8 rimasta immune dai conflitti armati della Guerra d&#8217;indipendenza croata.<\/p>\n<p>Le conseguenze del conflitto hanno portato alla stagnazione economica e alla deviazione della produzione in favore di materiale bellico e di approvvigionamento, destinato ai campi di battaglia della Croazia intera. I cambiamenti democratici e la svolta in favore di un\u2019economia di mercato, hanno portato a significativi cambiamenti, tra cui la rinascita della vita politica e del multipartitismo, e l\u2019arrivo di investimenti di capitale privato destinati allo sviluppo economico; \u00e8 in corso la transizione della propriet\u00e0 sociale, che ha provocato un ingente numero di disoccupati. Fiume, inoltre, \u00e8 diventata capoluogo della Regione litoraneo-montana.<\/p>\n<p>Il 24 marzo 2016 a Fiume \u00e8 stato conferito l\u2019ambito titolo di <strong>Capitale europea della cultura 2020<\/strong>, per il programma \u201cIl porto della diversit\u00e0\u201d il cui obiettivo \u00e8 quello di creare una citt\u00e0 della cultura e della creativit\u00e0 per l\u2019Europa e per il futuro.<\/p>\n","protected":false},"excerpt":{"rendered":"<p>Le prime testimonianze della presenza umana nel territorio di Fiume risalgono alle epoche del Paleolitico e del Neolitico, mente i ruderi dei castelli preistorici (Solin sopra Martin\u0161\u0107ica), il colle di Tersatto e Veli vrh &#8211; Gradi\u0161\u0107e sopra la Rje\u010dina) risalgono al epoca del bronzo e del ferro. Tale insediamento dominava la baia di Fiume e&#8230;<\/p>\n","protected":false},"author":6,"featured_media":0,"parent":1833,"menu_order":137,"comment_status":"closed","ping_status":"closed","template":"","meta":{"_acf_changed":false,"_trash_the_other_posts":false,"footnotes":"","_links_to":"","_links_to_target":""},"tags":[],"class_list":["post-1087","page","type-page","status-publish","hentry"],"acf":[],"yoast_head":"<!-- This site is optimized with the Yoast SEO plugin v24.4 - https:\/\/yoast.com\/wordpress\/plugins\/seo\/ -->\n<title>Storia di Fiume - Citt\u00e0 di Fiume<\/title>\n<meta name=\"robots\" content=\"index, follow, max-snippet:-1, max-image-preview:large, max-video-preview:-1\" \/>\n<link rel=\"canonical\" href=\"https:\/\/www.rijeka.hr\/it\/amministrazione-cittadina\/storia-di-fiume\/\" \/>\n<meta property=\"og:locale\" content=\"it_IT\" \/>\n<meta property=\"og:type\" content=\"article\" \/>\n<meta property=\"og:title\" content=\"Storia di Fiume - Citt\u00e0 di Fiume\" \/>\n<meta property=\"og:description\" content=\"Le prime testimonianze della presenza umana nel territorio di Fiume risalgono alle epoche del Paleolitico e del Neolitico, mente i ruderi dei castelli preistorici (Solin sopra Martin\u0161\u0107ica), il colle di Tersatto e Veli vrh &#8211; Gradi\u0161\u0107e sopra la Rje\u010dina) risalgono al epoca del bronzo e del ferro. Tale insediamento dominava la baia di Fiume e...\" \/>\n<meta property=\"og:url\" content=\"https:\/\/www.rijeka.hr\/it\/amministrazione-cittadina\/storia-di-fiume\/\" \/>\n<meta property=\"og:site_name\" content=\"Citt\u00e0 di Fiume\" \/>\n<meta property=\"article:modified_time\" content=\"2022-02-28T13:21:27+00:00\" \/>\n<meta name=\"twitter:card\" content=\"summary_large_image\" \/>\n<meta name=\"twitter:label1\" content=\"Est. reading time\" \/>\n\t<meta name=\"twitter:data1\" content=\"6 minutes\" \/>\n<script type=\"application\/ld+json\" class=\"yoast-schema-graph\">{\"@context\":\"https:\/\/schema.org\",\"@graph\":[{\"@type\":\"WebPage\",\"@id\":\"https:\/\/www.rijeka.hr\/it\/amministrazione-cittadina\/storia-di-fiume\/\",\"url\":\"https:\/\/www.rijeka.hr\/it\/amministrazione-cittadina\/storia-di-fiume\/\",\"name\":\"Storia di Fiume - Citt\u00e0 di Fiume\",\"isPartOf\":{\"@id\":\"https:\/\/www.rijeka.hr\/it\/#website\"},\"datePublished\":\"2016-08-10T08:52:34+00:00\",\"dateModified\":\"2022-02-28T13:21:27+00:00\",\"breadcrumb\":{\"@id\":\"https:\/\/www.rijeka.hr\/it\/amministrazione-cittadina\/storia-di-fiume\/#breadcrumb\"},\"inLanguage\":\"it-IT\",\"potentialAction\":[{\"@type\":\"ReadAction\",\"target\":[\"https:\/\/www.rijeka.hr\/it\/amministrazione-cittadina\/storia-di-fiume\/\"]}]},{\"@type\":\"BreadcrumbList\",\"@id\":\"https:\/\/www.rijeka.hr\/it\/amministrazione-cittadina\/storia-di-fiume\/#breadcrumb\",\"itemListElement\":[{\"@type\":\"ListItem\",\"position\":1,\"name\":\"Po\u010detna stranica\",\"item\":\"https:\/\/www.rijeka.hr\/it\/\"},{\"@type\":\"ListItem\",\"position\":2,\"name\":\"Amministrazione cittadina\",\"item\":\"https:\/\/www.rijeka.hr\/it\/amministrazione-cittadina\/\"},{\"@type\":\"ListItem\",\"position\":3,\"name\":\"Storia di Fiume\"}]},{\"@type\":\"WebSite\",\"@id\":\"https:\/\/www.rijeka.hr\/it\/#website\",\"url\":\"https:\/\/www.rijeka.hr\/it\/\",\"name\":\"Citt\u00e0 di Fiume\",\"description\":\"Portale web della Citta&#039; di Fiume\",\"potentialAction\":[{\"@type\":\"SearchAction\",\"target\":{\"@type\":\"EntryPoint\",\"urlTemplate\":\"https:\/\/www.rijeka.hr\/it\/?s={search_term_string}\"},\"query-input\":{\"@type\":\"PropertyValueSpecification\",\"valueRequired\":true,\"valueName\":\"search_term_string\"}}],\"inLanguage\":\"it-IT\"}]}<\/script>\n<!-- \/ Yoast SEO plugin. -->","yoast_head_json":{"title":"Storia di Fiume - Citt\u00e0 di Fiume","robots":{"index":"index","follow":"follow","max-snippet":"max-snippet:-1","max-image-preview":"max-image-preview:large","max-video-preview":"max-video-preview:-1"},"canonical":"https:\/\/www.rijeka.hr\/it\/amministrazione-cittadina\/storia-di-fiume\/","og_locale":"it_IT","og_type":"article","og_title":"Storia di Fiume - Citt\u00e0 di Fiume","og_description":"Le prime testimonianze della presenza umana nel territorio di Fiume risalgono alle epoche del Paleolitico e del Neolitico, mente i ruderi dei castelli preistorici (Solin sopra Martin\u0161\u0107ica), il colle di Tersatto e Veli vrh &#8211; Gradi\u0161\u0107e sopra la Rje\u010dina) risalgono al epoca del bronzo e del ferro. Tale insediamento dominava la baia di Fiume e...","og_url":"https:\/\/www.rijeka.hr\/it\/amministrazione-cittadina\/storia-di-fiume\/","og_site_name":"Citt\u00e0 di Fiume","article_modified_time":"2022-02-28T13:21:27+00:00","twitter_card":"summary_large_image","twitter_misc":{"Est. reading time":"6 minutes"},"schema":{"@context":"https:\/\/schema.org","@graph":[{"@type":"WebPage","@id":"https:\/\/www.rijeka.hr\/it\/amministrazione-cittadina\/storia-di-fiume\/","url":"https:\/\/www.rijeka.hr\/it\/amministrazione-cittadina\/storia-di-fiume\/","name":"Storia di Fiume - Citt\u00e0 di Fiume","isPartOf":{"@id":"https:\/\/www.rijeka.hr\/it\/#website"},"datePublished":"2016-08-10T08:52:34+00:00","dateModified":"2022-02-28T13:21:27+00:00","breadcrumb":{"@id":"https:\/\/www.rijeka.hr\/it\/amministrazione-cittadina\/storia-di-fiume\/#breadcrumb"},"inLanguage":"it-IT","potentialAction":[{"@type":"ReadAction","target":["https:\/\/www.rijeka.hr\/it\/amministrazione-cittadina\/storia-di-fiume\/"]}]},{"@type":"BreadcrumbList","@id":"https:\/\/www.rijeka.hr\/it\/amministrazione-cittadina\/storia-di-fiume\/#breadcrumb","itemListElement":[{"@type":"ListItem","position":1,"name":"Po\u010detna stranica","item":"https:\/\/www.rijeka.hr\/it\/"},{"@type":"ListItem","position":2,"name":"Amministrazione cittadina","item":"https:\/\/www.rijeka.hr\/it\/amministrazione-cittadina\/"},{"@type":"ListItem","position":3,"name":"Storia di Fiume"}]},{"@type":"WebSite","@id":"https:\/\/www.rijeka.hr\/it\/#website","url":"https:\/\/www.rijeka.hr\/it\/","name":"Citt\u00e0 di Fiume","description":"Portale web della Citta&#039; di Fiume","potentialAction":[{"@type":"SearchAction","target":{"@type":"EntryPoint","urlTemplate":"https:\/\/www.rijeka.hr\/it\/?s={search_term_string}"},"query-input":{"@type":"PropertyValueSpecification","valueRequired":true,"valueName":"search_term_string"}}],"inLanguage":"it-IT"}]}},"_links":{"self":[{"href":"https:\/\/www.rijeka.hr\/it\/wp-json\/wp\/v2\/pages\/1087","targetHints":{"allow":["GET"]}}],"collection":[{"href":"https:\/\/www.rijeka.hr\/it\/wp-json\/wp\/v2\/pages"}],"about":[{"href":"https:\/\/www.rijeka.hr\/it\/wp-json\/wp\/v2\/types\/page"}],"author":[{"embeddable":true,"href":"https:\/\/www.rijeka.hr\/it\/wp-json\/wp\/v2\/users\/6"}],"replies":[{"embeddable":true,"href":"https:\/\/www.rijeka.hr\/it\/wp-json\/wp\/v2\/comments?post=1087"}],"version-history":[{"count":15,"href":"https:\/\/www.rijeka.hr\/it\/wp-json\/wp\/v2\/pages\/1087\/revisions"}],"predecessor-version":[{"id":7057,"href":"https:\/\/www.rijeka.hr\/it\/wp-json\/wp\/v2\/pages\/1087\/revisions\/7057"}],"up":[{"embeddable":true,"href":"https:\/\/www.rijeka.hr\/it\/wp-json\/wp\/v2\/pages\/1833"}],"wp:attachment":[{"href":"https:\/\/www.rijeka.hr\/it\/wp-json\/wp\/v2\/media?parent=1087"}],"wp:term":[{"taxonomy":"post_tag","embeddable":true,"href":"https:\/\/www.rijeka.hr\/it\/wp-json\/wp\/v2\/tags?post=1087"}],"curies":[{"name":"wp","href":"https:\/\/api.w.org\/{rel}","templated":true}]}}