{"id":10898,"date":"2020-08-24T13:38:49","date_gmt":"2020-08-24T11:38:49","guid":{"rendered":"https:\/\/www.rijeka.hr\/it\/?page_id=10898"},"modified":"2021-03-24T14:42:44","modified_gmt":"2021-03-24T13:42:44","slug":"digital-cities-challengedcc-sfida-delle-citta-digitali","status":"publish","type":"page","link":"https:\/\/www.rijeka.hr\/it\/amministrazione-cittadina\/progetti-dellue\/progetti-chiusi\/digital-cities-challengedcc-sfida-delle-citta-digitali\/","title":{"rendered":"Digital Cities Challenge(DCC) &#8211; Sfida delle citt\u00e0 digitali"},"content":{"rendered":"<h3>Titolo del progetto:<\/h3>\n<h3>Digital Cities Challenge (DCC)<\/h3>\n<p>La Citt\u00e0 di Fiume, insieme a 14 citt\u00e0 europee, utilizza tecnologie avanzate per migliorare i servizi che fornisce ai cittadini e all&#8217;economia al fine di stimolare la crescita economica, creare posti di lavoro e aumentare la qualit\u00e0 della vita.<\/p>\n<h3>Obiettivo del progetto:<\/h3>\n<p>15 citt\u00e0 europee sono state selezionate per utilizzare tecnologie avanzate per migliorare i servizi che forniscono ai cittadini e all&#8217;economia.<\/p>\n<h3>Descrizione<\/h3>\n<p>The Digital Cities Challenge (DCC) \u00e8 un&#8217;iniziativa lanciata nell&#8217;ottobre 2017 nell&#8217;ambito del programma COSME rivolto alle piccole e medie imprese ed \u00e8 un&#8217;iniziativa congiunta della Commissione Europea e del Comitato Europeo delle Regioni, organo consultivo dell&#8217;UE che rappresenta interessi dell&#8217;autogoverno regionale e locale dell&#8217;UE.<\/p>\n<p>All&#8217;inizio del mese di gennaio 2018, la Citt\u00e0 di Fiume ha presentato una domanda di partecipazione all&#8217;iniziativa DCC con il supporto di partner locali: Universit\u00e0 degli studi di Fiume, StepRi &#8211; Parco Scientifico e Tecnologico dell&#8217;Universit\u00e0 degli studi di Fiume, Smart Ri, Capitale Europea della Cultura 2020, Porin, agenzia cittadina per lo sviluppo, PAR, scuola superiore, Politecnico di Fiume, l\u2019associazione MIPRO, CTK \u2013 Centro per la Cultura Tecnica di Fiume, il Centro per l\u2019innovazione e l\u2019imprenditorialit\u00e0 CIP PAR. A seguito della sua partecipazione alla gara, la Commissione europea ha selezionato la Citt\u00e0 di Fiume come una delle 15 citt\u00e0, su un totale di 92 citt\u00e0 registrate provenienti da 23 Stati membri. I dettagli del progetto sono disponibili sul sito:\u00a0<a href=\"https:\/\/www.digitallytransformyourregion.eu\/\">https:\/\/www.digitallytransformyourregion.eu\/<\/a><\/p>\n<h3>Obiettivi:<\/h3>\n<p>Utilizzando le tecnologie avanzate migliorare i servizi che forniscono ai suoi cittadini e all&#8217;economia. Si ritiene che le 15 citt\u00e0 coinvolte stimoleranno la loro crescita economica, creeranno nuovi posti di lavoro e aumenteranno la qualit\u00e0 della vita e del lavoro nei propri territori.<\/p>\n<p>Partecipando all&#8217;iniziativa, la Citt\u00e0 di Fiume si \u00e8 impegnata a costruire e adottare politiche cittadine relative alla trasformazione digitale della citt\u00e0 entro settembre 2019, in collaborazione con il pubblico generale, il mondo accademico e il settore privato.<\/p>\n<h3>Cos&#8217;\u00e8 la sfida delle citt\u00e0 digitali o Digital Cities Challenge?<\/h3>\n<p>Il programma viene lanciato dalla Commissione Europea nel 2017 con l&#8217;obiettivo di aiutare 41 citt\u00e0 europee nello sviluppo e nell&#8217;attuazione delle politiche digitali. Tutte le citt\u00e0 partecipanti hanno ricevuto assistenza professionale, l\u2019accesso a strumenti, corsi e laboratori per costruire capacit\u00e0 locali e, soprattutto, una piattaforma di apprendimento comune che facilita il dialogo e la cooperazione.<\/p>\n<p>L&#8217;iniziativa comprendeva una rete di 41 citt\u00e0, comprese 15 citt\u00e0 selezionate (selezionate tra 92 candidati, inclusa Fiume), 20 citt\u00e0 che monitorano i programmi utilizzando le proprie risorse e 6 citt\u00e0 mentore che condividono il successo con il gruppo. Le citt\u00e0 partecipanti hanno sviluppato le loro strategie digitali durante il progetto che prevedono di implementarle.<\/p>\n<h3>Responsabile di progetto e titolari di attivit\u00e0<\/h3>\n<ul>\n<li>L\u2019istituto per le attivit\u00e0 informatiche<\/li>\n<li>Dipartimento imprenditoria<\/li>\n<\/ul>\n<h3>Beneficiari dei risultati del progetto<\/h3>\n<p>Enti aziendali che operano nel territorio di Fiume, cittadini<\/p>\n<h3>Valore finanziario del progetto e fonti di finanziamento<\/h3>\n<p>I costi dei servizi di consulenza e tutti i costi dei materiali sono finanziati al 100% dai fondi dell&#8217;UE, nell&#8217;ambito del Programma per la competitivit\u00e0 delle imprese e delle piccole e medie imprese.<\/p>\n<h3>Link alla Strategia della Citt\u00e0 di Fiume<\/h3>\n<p>OBIETTIVO STRATEGICO 2 Sviluppare un&#8217;economia competitiva sulla base di una societ\u00e0 della conoscenza e delle nuove tecnologie<\/p>\n<p>PRIORIT\u00c0 2.2. Rafforzare la competitivit\u00e0 dell&#8217;economia<\/p>\n<p>MISURA 2.2.3. Sviluppo economico basato sulle nuove tecnologie<\/p>\n<p><img loading=\"lazy\" decoding=\"async\" width=\"250\" height=\"250\" class=\"alignleft wp-image-10901 size-thumbnail\" src=\"https:\/\/www.rijeka.hr\/it\/wp-content\/uploads\/sites\/3\/2020\/08\/Digital-Cities-Challenge-600x337-250x250.jpg\" alt=\"\" srcset=\"https:\/\/www.rijeka.hr\/it\/wp-content\/uploads\/sites\/3\/2020\/08\/Digital-Cities-Challenge-600x337-250x250.jpg 250w, https:\/\/www.rijeka.hr\/it\/wp-content\/uploads\/sites\/3\/2020\/08\/Digital-Cities-Challenge-600x337-200x200.jpg 200w\" sizes=\"(max-width: 250px) 100vw, 250px\" \/>Durante la conferenza finale &#8220;Digital Cities Challenge: Strategy for EU cities in the 21st century&#8221;, tenutasi a Bruxelles il 5 giugno 2019 nell&#8217;ambito dell&#8217;iniziativa dell&#8217;UE &#8220;Digital Cities Challenge&#8221;, sono stati presentati i risultati e le attivit\u00e0 del progetto implementato in 41 citt\u00e0 europee, compresa Fiume.<\/p>\n<p>L&#8217;evento ha ospitato pi\u00f9 di 400 relatori: politici come Mark Markkula, primo vicepresidente del Comitato europeo delle regioni, leader industriali e aziendali come Pauline Harrivaar di Robocoasts e accademici di spicco, tra cui Pierre Alexandre Balland.<\/p>\n<p>Nel suo discorso, il sindaco della Citt\u00e0 di Fiume, Vojko Obersnel, ha sottolineato che la Citt\u00e0 di Fiume armonizzer\u00e0 gli obiettivi strategici definiti nell&#8217;ambito del progetto Digital Cities Challenge con il Piano di sviluppo integrale per lo sviluppo sostenibile di Fiume per il periodo successivo fino al 2020, che \u00e8 attualmente in fase di stesura e deve essere armonizzato con la strategia nazionale che \u00e8 in fase di elaborazione finale.<\/p>\n<p>Tutti i documenti e le attivit\u00e0 svolte dalla Citt\u00e0 di Fiume sono disponibili sul sito web del progetto: <a href=\"https:\/\/www.intelligentcitieschallenge.eu\/cities\/rijeka\">https:\/\/www.intelligentcitieschallenge.eu\/cities\/rijeka<\/a><\/p>\n<p>&nbsp;<\/p>\n","protected":false},"excerpt":{"rendered":"<p>Titolo del progetto: Digital Cities Challenge (DCC) La Citt\u00e0 di Fiume, insieme a 14 citt\u00e0 europee, utilizza tecnologie avanzate per migliorare i servizi che fornisce ai cittadini e all&#8217;economia al fine di stimolare la crescita economica, creare posti di lavoro e aumentare la qualit\u00e0 della vita. Obiettivo del progetto: 15 citt\u00e0 europee sono state selezionate&#8230;<\/p>\n","protected":false},"author":5,"featured_media":0,"parent":2062,"menu_order":0,"comment_status":"closed","ping_status":"closed","template":"","meta":{"_acf_changed":false,"_trash_the_other_posts":false,"footnotes":"","_links_to":"","_links_to_target":""},"tags":[],"class_list":["post-10898","page","type-page","status-publish","hentry"],"acf":[],"yoast_head":"<!-- This site is optimized with the Yoast SEO plugin v24.4 - https:\/\/yoast.com\/wordpress\/plugins\/seo\/ -->\n<title>Digital Cities Challenge(DCC) - Sfida delle citt\u00e0 digitali - Citt\u00e0 di Fiume<\/title>\n<meta name=\"robots\" content=\"index, follow, max-snippet:-1, max-image-preview:large, max-video-preview:-1\" \/>\n<link rel=\"canonical\" href=\"https:\/\/www.rijeka.hr\/it\/amministrazione-cittadina\/progetti-dellue\/progetti-chiusi\/digital-cities-challengedcc-sfida-delle-citta-digitali\/\" \/>\n<meta property=\"og:locale\" content=\"it_IT\" \/>\n<meta property=\"og:type\" content=\"article\" \/>\n<meta property=\"og:title\" content=\"Digital Cities Challenge(DCC) - Sfida delle citt\u00e0 digitali - Citt\u00e0 di Fiume\" \/>\n<meta property=\"og:description\" content=\"Titolo del progetto: Digital Cities Challenge (DCC) La Citt\u00e0 di Fiume, insieme a 14 citt\u00e0 europee, utilizza tecnologie avanzate per migliorare i servizi che fornisce ai cittadini e all&#8217;economia al fine di stimolare la crescita economica, creare posti di lavoro e aumentare la qualit\u00e0 della vita. Obiettivo del progetto: 15 citt\u00e0 europee sono state selezionate...\" \/>\n<meta property=\"og:url\" content=\"https:\/\/www.rijeka.hr\/it\/amministrazione-cittadina\/progetti-dellue\/progetti-chiusi\/digital-cities-challengedcc-sfida-delle-citta-digitali\/\" \/>\n<meta property=\"og:site_name\" content=\"Citt\u00e0 di Fiume\" \/>\n<meta property=\"article:modified_time\" content=\"2021-03-24T13:42:44+00:00\" \/>\n<meta property=\"og:image\" content=\"https:\/\/www.rijeka.hr\/it\/wp-content\/uploads\/sites\/3\/2020\/08\/Digital-Cities-Challenge-600x337-250x250.jpg\" \/>\n<meta name=\"twitter:card\" content=\"summary_large_image\" \/>\n<meta name=\"twitter:label1\" content=\"Est. reading time\" \/>\n\t<meta name=\"twitter:data1\" content=\"3 minutes\" \/>\n<script type=\"application\/ld+json\" class=\"yoast-schema-graph\">{\"@context\":\"https:\/\/schema.org\",\"@graph\":[{\"@type\":\"WebPage\",\"@id\":\"https:\/\/www.rijeka.hr\/it\/amministrazione-cittadina\/progetti-dellue\/progetti-chiusi\/digital-cities-challengedcc-sfida-delle-citta-digitali\/\",\"url\":\"https:\/\/www.rijeka.hr\/it\/amministrazione-cittadina\/progetti-dellue\/progetti-chiusi\/digital-cities-challengedcc-sfida-delle-citta-digitali\/\",\"name\":\"Digital Cities Challenge(DCC) - Sfida delle citt\u00e0 digitali - Citt\u00e0 di Fiume\",\"isPartOf\":{\"@id\":\"https:\/\/www.rijeka.hr\/it\/#website\"},\"primaryImageOfPage\":{\"@id\":\"https:\/\/www.rijeka.hr\/it\/amministrazione-cittadina\/progetti-dellue\/progetti-chiusi\/digital-cities-challengedcc-sfida-delle-citta-digitali\/#primaryimage\"},\"image\":{\"@id\":\"https:\/\/www.rijeka.hr\/it\/amministrazione-cittadina\/progetti-dellue\/progetti-chiusi\/digital-cities-challengedcc-sfida-delle-citta-digitali\/#primaryimage\"},\"thumbnailUrl\":\"https:\/\/www.rijeka.hr\/it\/wp-content\/uploads\/sites\/3\/2020\/08\/Digital-Cities-Challenge-600x337-250x250.jpg\",\"datePublished\":\"2020-08-24T11:38:49+00:00\",\"dateModified\":\"2021-03-24T13:42:44+00:00\",\"breadcrumb\":{\"@id\":\"https:\/\/www.rijeka.hr\/it\/amministrazione-cittadina\/progetti-dellue\/progetti-chiusi\/digital-cities-challengedcc-sfida-delle-citta-digitali\/#breadcrumb\"},\"inLanguage\":\"it-IT\",\"potentialAction\":[{\"@type\":\"ReadAction\",\"target\":[\"https:\/\/www.rijeka.hr\/it\/amministrazione-cittadina\/progetti-dellue\/progetti-chiusi\/digital-cities-challengedcc-sfida-delle-citta-digitali\/\"]}]},{\"@type\":\"ImageObject\",\"inLanguage\":\"it-IT\",\"@id\":\"https:\/\/www.rijeka.hr\/it\/amministrazione-cittadina\/progetti-dellue\/progetti-chiusi\/digital-cities-challengedcc-sfida-delle-citta-digitali\/#primaryimage\",\"url\":\"https:\/\/www.rijeka.hr\/it\/wp-content\/uploads\/sites\/3\/2020\/08\/Digital-Cities-Challenge-600x337.jpg\",\"contentUrl\":\"https:\/\/www.rijeka.hr\/it\/wp-content\/uploads\/sites\/3\/2020\/08\/Digital-Cities-Challenge-600x337.jpg\",\"width\":600,\"height\":337},{\"@type\":\"BreadcrumbList\",\"@id\":\"https:\/\/www.rijeka.hr\/it\/amministrazione-cittadina\/progetti-dellue\/progetti-chiusi\/digital-cities-challengedcc-sfida-delle-citta-digitali\/#breadcrumb\",\"itemListElement\":[{\"@type\":\"ListItem\",\"position\":1,\"name\":\"Po\u010detna stranica\",\"item\":\"https:\/\/www.rijeka.hr\/it\/\"},{\"@type\":\"ListItem\",\"position\":2,\"name\":\"Amministrazione cittadina\",\"item\":\"https:\/\/www.rijeka.hr\/it\/amministrazione-cittadina\/\"},{\"@type\":\"ListItem\",\"position\":3,\"name\":\"Progetti dell&#8217;UE\",\"item\":\"https:\/\/www.rijeka.hr\/it\/amministrazione-cittadina\/progetti-dellue\/\"},{\"@type\":\"ListItem\",\"position\":4,\"name\":\"Progetti chiusi\",\"item\":\"https:\/\/www.rijeka.hr\/it\/amministrazione-cittadina\/progetti-dellue\/progetti-chiusi\/\"},{\"@type\":\"ListItem\",\"position\":5,\"name\":\"Digital Cities Challenge(DCC) &#8211; Sfida delle citt\u00e0 digitali\"}]},{\"@type\":\"WebSite\",\"@id\":\"https:\/\/www.rijeka.hr\/it\/#website\",\"url\":\"https:\/\/www.rijeka.hr\/it\/\",\"name\":\"Citt\u00e0 di Fiume\",\"description\":\"Portale web della Citta&#039; di Fiume\",\"potentialAction\":[{\"@type\":\"SearchAction\",\"target\":{\"@type\":\"EntryPoint\",\"urlTemplate\":\"https:\/\/www.rijeka.hr\/it\/?s={search_term_string}\"},\"query-input\":{\"@type\":\"PropertyValueSpecification\",\"valueRequired\":true,\"valueName\":\"search_term_string\"}}],\"inLanguage\":\"it-IT\"}]}<\/script>\n<!-- \/ Yoast SEO plugin. -->","yoast_head_json":{"title":"Digital Cities Challenge(DCC) - Sfida delle citt\u00e0 digitali - Citt\u00e0 di Fiume","robots":{"index":"index","follow":"follow","max-snippet":"max-snippet:-1","max-image-preview":"max-image-preview:large","max-video-preview":"max-video-preview:-1"},"canonical":"https:\/\/www.rijeka.hr\/it\/amministrazione-cittadina\/progetti-dellue\/progetti-chiusi\/digital-cities-challengedcc-sfida-delle-citta-digitali\/","og_locale":"it_IT","og_type":"article","og_title":"Digital Cities Challenge(DCC) - Sfida delle citt\u00e0 digitali - Citt\u00e0 di Fiume","og_description":"Titolo del progetto: Digital Cities Challenge (DCC) La Citt\u00e0 di Fiume, insieme a 14 citt\u00e0 europee, utilizza tecnologie avanzate per migliorare i servizi che fornisce ai cittadini e all&#8217;economia al fine di stimolare la crescita economica, creare posti di lavoro e aumentare la qualit\u00e0 della vita. Obiettivo del progetto: 15 citt\u00e0 europee sono state selezionate...","og_url":"https:\/\/www.rijeka.hr\/it\/amministrazione-cittadina\/progetti-dellue\/progetti-chiusi\/digital-cities-challengedcc-sfida-delle-citta-digitali\/","og_site_name":"Citt\u00e0 di Fiume","article_modified_time":"2021-03-24T13:42:44+00:00","og_image":[{"url":"https:\/\/www.rijeka.hr\/it\/wp-content\/uploads\/sites\/3\/2020\/08\/Digital-Cities-Challenge-600x337-250x250.jpg","type":"","width":"","height":""}],"twitter_card":"summary_large_image","twitter_misc":{"Est. reading time":"3 minutes"},"schema":{"@context":"https:\/\/schema.org","@graph":[{"@type":"WebPage","@id":"https:\/\/www.rijeka.hr\/it\/amministrazione-cittadina\/progetti-dellue\/progetti-chiusi\/digital-cities-challengedcc-sfida-delle-citta-digitali\/","url":"https:\/\/www.rijeka.hr\/it\/amministrazione-cittadina\/progetti-dellue\/progetti-chiusi\/digital-cities-challengedcc-sfida-delle-citta-digitali\/","name":"Digital Cities Challenge(DCC) - Sfida delle citt\u00e0 digitali - Citt\u00e0 di Fiume","isPartOf":{"@id":"https:\/\/www.rijeka.hr\/it\/#website"},"primaryImageOfPage":{"@id":"https:\/\/www.rijeka.hr\/it\/amministrazione-cittadina\/progetti-dellue\/progetti-chiusi\/digital-cities-challengedcc-sfida-delle-citta-digitali\/#primaryimage"},"image":{"@id":"https:\/\/www.rijeka.hr\/it\/amministrazione-cittadina\/progetti-dellue\/progetti-chiusi\/digital-cities-challengedcc-sfida-delle-citta-digitali\/#primaryimage"},"thumbnailUrl":"https:\/\/www.rijeka.hr\/it\/wp-content\/uploads\/sites\/3\/2020\/08\/Digital-Cities-Challenge-600x337-250x250.jpg","datePublished":"2020-08-24T11:38:49+00:00","dateModified":"2021-03-24T13:42:44+00:00","breadcrumb":{"@id":"https:\/\/www.rijeka.hr\/it\/amministrazione-cittadina\/progetti-dellue\/progetti-chiusi\/digital-cities-challengedcc-sfida-delle-citta-digitali\/#breadcrumb"},"inLanguage":"it-IT","potentialAction":[{"@type":"ReadAction","target":["https:\/\/www.rijeka.hr\/it\/amministrazione-cittadina\/progetti-dellue\/progetti-chiusi\/digital-cities-challengedcc-sfida-delle-citta-digitali\/"]}]},{"@type":"ImageObject","inLanguage":"it-IT","@id":"https:\/\/www.rijeka.hr\/it\/amministrazione-cittadina\/progetti-dellue\/progetti-chiusi\/digital-cities-challengedcc-sfida-delle-citta-digitali\/#primaryimage","url":"https:\/\/www.rijeka.hr\/it\/wp-content\/uploads\/sites\/3\/2020\/08\/Digital-Cities-Challenge-600x337.jpg","contentUrl":"https:\/\/www.rijeka.hr\/it\/wp-content\/uploads\/sites\/3\/2020\/08\/Digital-Cities-Challenge-600x337.jpg","width":600,"height":337},{"@type":"BreadcrumbList","@id":"https:\/\/www.rijeka.hr\/it\/amministrazione-cittadina\/progetti-dellue\/progetti-chiusi\/digital-cities-challengedcc-sfida-delle-citta-digitali\/#breadcrumb","itemListElement":[{"@type":"ListItem","position":1,"name":"Po\u010detna stranica","item":"https:\/\/www.rijeka.hr\/it\/"},{"@type":"ListItem","position":2,"name":"Amministrazione cittadina","item":"https:\/\/www.rijeka.hr\/it\/amministrazione-cittadina\/"},{"@type":"ListItem","position":3,"name":"Progetti dell&#8217;UE","item":"https:\/\/www.rijeka.hr\/it\/amministrazione-cittadina\/progetti-dellue\/"},{"@type":"ListItem","position":4,"name":"Progetti chiusi","item":"https:\/\/www.rijeka.hr\/it\/amministrazione-cittadina\/progetti-dellue\/progetti-chiusi\/"},{"@type":"ListItem","position":5,"name":"Digital Cities Challenge(DCC) &#8211; Sfida delle citt\u00e0 digitali"}]},{"@type":"WebSite","@id":"https:\/\/www.rijeka.hr\/it\/#website","url":"https:\/\/www.rijeka.hr\/it\/","name":"Citt\u00e0 di Fiume","description":"Portale web della Citta&#039; di Fiume","potentialAction":[{"@type":"SearchAction","target":{"@type":"EntryPoint","urlTemplate":"https:\/\/www.rijeka.hr\/it\/?s={search_term_string}"},"query-input":{"@type":"PropertyValueSpecification","valueRequired":true,"valueName":"search_term_string"}}],"inLanguage":"it-IT"}]}},"_links":{"self":[{"href":"https:\/\/www.rijeka.hr\/it\/wp-json\/wp\/v2\/pages\/10898","targetHints":{"allow":["GET"]}}],"collection":[{"href":"https:\/\/www.rijeka.hr\/it\/wp-json\/wp\/v2\/pages"}],"about":[{"href":"https:\/\/www.rijeka.hr\/it\/wp-json\/wp\/v2\/types\/page"}],"author":[{"embeddable":true,"href":"https:\/\/www.rijeka.hr\/it\/wp-json\/wp\/v2\/users\/5"}],"replies":[{"embeddable":true,"href":"https:\/\/www.rijeka.hr\/it\/wp-json\/wp\/v2\/comments?post=10898"}],"version-history":[{"count":3,"href":"https:\/\/www.rijeka.hr\/it\/wp-json\/wp\/v2\/pages\/10898\/revisions"}],"predecessor-version":[{"id":10899,"href":"https:\/\/www.rijeka.hr\/it\/wp-json\/wp\/v2\/pages\/10898\/revisions\/10899"}],"up":[{"embeddable":true,"href":"https:\/\/www.rijeka.hr\/it\/wp-json\/wp\/v2\/pages\/2062"}],"wp:attachment":[{"href":"https:\/\/www.rijeka.hr\/it\/wp-json\/wp\/v2\/media?parent=10898"}],"wp:term":[{"taxonomy":"post_tag","embeddable":true,"href":"https:\/\/www.rijeka.hr\/it\/wp-json\/wp\/v2\/tags?post=10898"}],"curies":[{"name":"wp","href":"https:\/\/api.w.org\/{rel}","templated":true}]}}