{"id":110,"date":"2016-07-20T16:02:23","date_gmt":"2016-07-20T14:02:23","guid":{"rendered":"https:\/\/www.rijeka.hr\/it\/?page_id=110"},"modified":"2019-11-11T10:41:10","modified_gmt":"2019-11-11T09:41:10","slug":"donazione-volontaria-di-sangue","status":"publish","type":"page","link":"https:\/\/www.rijeka.hr\/it\/temi-per-i-cittadini\/famiglia-e-assistenza-sociale\/salute\/servizi-sanitari-eo-servizi-consultivi\/donazione-volontaria-di-sangue\/","title":{"rendered":"Donazione volontaria di sangue"},"content":{"rendered":"<p>Lo scopo \u00e8 quello di promuovere la donazione del sangue e incoraggiare i donatori di sangue per assicurare quantit\u00e0 sufficienti del sangue di qualit\u00e0 e sicura per le necessit\u00e0 dell\u2019Istituto di medicina trasfusionale del Centro clinico ospedaliero di Fiume. Le attivit\u00e0 fondamentali del programma sono: iniziative regolari di donazione del sangue in loco, seminari per educare gli organizzatori che attuano le iniziative di donazione del sangue, seminari per i giovani disseminatori dei donatori del sangue, conferenze tematiche, il solenne conferimento dei riconoscimenti a molteplici donatori di sangue, visite a malati molteplici donatori e la promozione delle attivit\u00e0 dei club (club 100 gocce e il club 25).<\/p>\n<p>Le attivit\u00e0 si svolgono nei comitati di quartiere, presso l\u2019Istituto di medicina trasfusionale del CCC di Fiume, nelle scuole, facolt\u00e0, case dell\u2019alunno e nella Casa della Croce Rossa.<\/p>\n<p>Nell\u2019ambito della Casa della Croce Rossa di Fiume, via Janko Poli\u0107 Kamov 32, nel 2013 \u00e8 stato inaugurato il Centro per la donazione di sangue della Societ\u00e0 cittadina della Croce Rossa di Fiume, il primo centro di questo genere in Croazia.<\/p>\n","protected":false},"excerpt":{"rendered":"<p>Lo scopo \u00e8 quello di promuovere la donazione del sangue e incoraggiare i donatori di sangue per assicurare quantit\u00e0 sufficienti del sangue di qualit\u00e0 e sicura per le necessit\u00e0 dell\u2019Istituto di medicina trasfusionale del Centro clinico ospedaliero di Fiume. Le attivit\u00e0 fondamentali del programma sono: iniziative regolari di donazione del sangue in loco, seminari per&#8230;<\/p>\n","protected":false},"author":6,"featured_media":0,"parent":69,"menu_order":0,"comment_status":"closed","ping_status":"closed","template":"","meta":{"_acf_changed":false,"_trash_the_other_posts":false,"footnotes":"","_links_to":"","_links_to_target":""},"tags":[],"class_list":["post-110","page","type-page","status-publish","hentry"],"acf":[],"yoast_head":"<!-- This site is optimized with the Yoast SEO plugin v24.4 - https:\/\/yoast.com\/wordpress\/plugins\/seo\/ -->\n<title>Donazione volontaria di sangue - Citt\u00e0 di Fiume<\/title>\n<meta name=\"robots\" content=\"index, follow, max-snippet:-1, max-image-preview:large, max-video-preview:-1\" \/>\n<link rel=\"canonical\" href=\"https:\/\/www.rijeka.hr\/it\/temi-per-i-cittadini\/famiglia-e-assistenza-sociale\/salute\/servizi-sanitari-eo-servizi-consultivi\/donazione-volontaria-di-sangue\/\" \/>\n<meta property=\"og:locale\" content=\"it_IT\" \/>\n<meta property=\"og:type\" content=\"article\" \/>\n<meta property=\"og:title\" content=\"Donazione volontaria di sangue - Citt\u00e0 di Fiume\" \/>\n<meta property=\"og:description\" content=\"Lo scopo \u00e8 quello di promuovere la donazione del sangue e incoraggiare i donatori di sangue per assicurare quantit\u00e0 sufficienti del sangue di qualit\u00e0 e sicura per le necessit\u00e0 dell\u2019Istituto di medicina trasfusionale del Centro clinico ospedaliero di Fiume. Le attivit\u00e0 fondamentali del programma sono: iniziative regolari di donazione del sangue in loco, seminari per...\" \/>\n<meta property=\"og:url\" content=\"https:\/\/www.rijeka.hr\/it\/temi-per-i-cittadini\/famiglia-e-assistenza-sociale\/salute\/servizi-sanitari-eo-servizi-consultivi\/donazione-volontaria-di-sangue\/\" \/>\n<meta property=\"og:site_name\" content=\"Citt\u00e0 di Fiume\" \/>\n<meta property=\"article:modified_time\" content=\"2019-11-11T09:41:10+00:00\" \/>\n<meta name=\"twitter:card\" content=\"summary_large_image\" \/>\n<meta name=\"twitter:label1\" content=\"Est. reading time\" \/>\n\t<meta name=\"twitter:data1\" content=\"1 minute\" \/>\n<script type=\"application\/ld+json\" class=\"yoast-schema-graph\">{\"@context\":\"https:\/\/schema.org\",\"@graph\":[{\"@type\":\"WebPage\",\"@id\":\"https:\/\/www.rijeka.hr\/it\/temi-per-i-cittadini\/famiglia-e-assistenza-sociale\/salute\/servizi-sanitari-eo-servizi-consultivi\/donazione-volontaria-di-sangue\/\",\"url\":\"https:\/\/www.rijeka.hr\/it\/temi-per-i-cittadini\/famiglia-e-assistenza-sociale\/salute\/servizi-sanitari-eo-servizi-consultivi\/donazione-volontaria-di-sangue\/\",\"name\":\"Donazione volontaria di sangue - Citt\u00e0 di Fiume\",\"isPartOf\":{\"@id\":\"https:\/\/www.rijeka.hr\/it\/#website\"},\"datePublished\":\"2016-07-20T14:02:23+00:00\",\"dateModified\":\"2019-11-11T09:41:10+00:00\",\"breadcrumb\":{\"@id\":\"https:\/\/www.rijeka.hr\/it\/temi-per-i-cittadini\/famiglia-e-assistenza-sociale\/salute\/servizi-sanitari-eo-servizi-consultivi\/donazione-volontaria-di-sangue\/#breadcrumb\"},\"inLanguage\":\"it-IT\",\"potentialAction\":[{\"@type\":\"ReadAction\",\"target\":[\"https:\/\/www.rijeka.hr\/it\/temi-per-i-cittadini\/famiglia-e-assistenza-sociale\/salute\/servizi-sanitari-eo-servizi-consultivi\/donazione-volontaria-di-sangue\/\"]}]},{\"@type\":\"BreadcrumbList\",\"@id\":\"https:\/\/www.rijeka.hr\/it\/temi-per-i-cittadini\/famiglia-e-assistenza-sociale\/salute\/servizi-sanitari-eo-servizi-consultivi\/donazione-volontaria-di-sangue\/#breadcrumb\",\"itemListElement\":[{\"@type\":\"ListItem\",\"position\":1,\"name\":\"Po\u010detna stranica\",\"item\":\"https:\/\/www.rijeka.hr\/it\/\"},{\"@type\":\"ListItem\",\"position\":2,\"name\":\"Temi per i cittadini\",\"item\":\"https:\/\/www.rijeka.hr\/it\/temi-per-i-cittadini\/\"},{\"@type\":\"ListItem\",\"position\":3,\"name\":\"Famiglia e previdenza sociale\",\"item\":\"https:\/\/www.rijeka.hr\/it\/temi-per-i-cittadini\/famiglia-e-assistenza-sociale\/\"},{\"@type\":\"ListItem\",\"position\":4,\"name\":\"Sanit\u00e0\",\"item\":\"https:\/\/www.rijeka.hr\/it\/temi-per-i-cittadini\/famiglia-e-assistenza-sociale\/salute\/\"},{\"@type\":\"ListItem\",\"position\":5,\"name\":\"Servizi sanitari e\/o servizi consultivi\",\"item\":\"https:\/\/www.rijeka.hr\/it\/temi-per-i-cittadini\/famiglia-e-assistenza-sociale\/salute\/servizi-sanitari-eo-servizi-consultivi\/\"},{\"@type\":\"ListItem\",\"position\":6,\"name\":\"Donazione volontaria di sangue\"}]},{\"@type\":\"WebSite\",\"@id\":\"https:\/\/www.rijeka.hr\/it\/#website\",\"url\":\"https:\/\/www.rijeka.hr\/it\/\",\"name\":\"Citt\u00e0 di Fiume\",\"description\":\"Portale web della Citta&#039; di Fiume\",\"potentialAction\":[{\"@type\":\"SearchAction\",\"target\":{\"@type\":\"EntryPoint\",\"urlTemplate\":\"https:\/\/www.rijeka.hr\/it\/?s={search_term_string}\"},\"query-input\":{\"@type\":\"PropertyValueSpecification\",\"valueRequired\":true,\"valueName\":\"search_term_string\"}}],\"inLanguage\":\"it-IT\"}]}<\/script>\n<!-- \/ Yoast SEO plugin. -->","yoast_head_json":{"title":"Donazione volontaria di sangue - Citt\u00e0 di Fiume","robots":{"index":"index","follow":"follow","max-snippet":"max-snippet:-1","max-image-preview":"max-image-preview:large","max-video-preview":"max-video-preview:-1"},"canonical":"https:\/\/www.rijeka.hr\/it\/temi-per-i-cittadini\/famiglia-e-assistenza-sociale\/salute\/servizi-sanitari-eo-servizi-consultivi\/donazione-volontaria-di-sangue\/","og_locale":"it_IT","og_type":"article","og_title":"Donazione volontaria di sangue - Citt\u00e0 di Fiume","og_description":"Lo scopo \u00e8 quello di promuovere la donazione del sangue e incoraggiare i donatori di sangue per assicurare quantit\u00e0 sufficienti del sangue di qualit\u00e0 e sicura per le necessit\u00e0 dell\u2019Istituto di medicina trasfusionale del Centro clinico ospedaliero di Fiume. Le attivit\u00e0 fondamentali del programma sono: iniziative regolari di donazione del sangue in loco, seminari per...","og_url":"https:\/\/www.rijeka.hr\/it\/temi-per-i-cittadini\/famiglia-e-assistenza-sociale\/salute\/servizi-sanitari-eo-servizi-consultivi\/donazione-volontaria-di-sangue\/","og_site_name":"Citt\u00e0 di Fiume","article_modified_time":"2019-11-11T09:41:10+00:00","twitter_card":"summary_large_image","twitter_misc":{"Est. reading time":"1 minute"},"schema":{"@context":"https:\/\/schema.org","@graph":[{"@type":"WebPage","@id":"https:\/\/www.rijeka.hr\/it\/temi-per-i-cittadini\/famiglia-e-assistenza-sociale\/salute\/servizi-sanitari-eo-servizi-consultivi\/donazione-volontaria-di-sangue\/","url":"https:\/\/www.rijeka.hr\/it\/temi-per-i-cittadini\/famiglia-e-assistenza-sociale\/salute\/servizi-sanitari-eo-servizi-consultivi\/donazione-volontaria-di-sangue\/","name":"Donazione volontaria di sangue - Citt\u00e0 di Fiume","isPartOf":{"@id":"https:\/\/www.rijeka.hr\/it\/#website"},"datePublished":"2016-07-20T14:02:23+00:00","dateModified":"2019-11-11T09:41:10+00:00","breadcrumb":{"@id":"https:\/\/www.rijeka.hr\/it\/temi-per-i-cittadini\/famiglia-e-assistenza-sociale\/salute\/servizi-sanitari-eo-servizi-consultivi\/donazione-volontaria-di-sangue\/#breadcrumb"},"inLanguage":"it-IT","potentialAction":[{"@type":"ReadAction","target":["https:\/\/www.rijeka.hr\/it\/temi-per-i-cittadini\/famiglia-e-assistenza-sociale\/salute\/servizi-sanitari-eo-servizi-consultivi\/donazione-volontaria-di-sangue\/"]}]},{"@type":"BreadcrumbList","@id":"https:\/\/www.rijeka.hr\/it\/temi-per-i-cittadini\/famiglia-e-assistenza-sociale\/salute\/servizi-sanitari-eo-servizi-consultivi\/donazione-volontaria-di-sangue\/#breadcrumb","itemListElement":[{"@type":"ListItem","position":1,"name":"Po\u010detna stranica","item":"https:\/\/www.rijeka.hr\/it\/"},{"@type":"ListItem","position":2,"name":"Temi per i cittadini","item":"https:\/\/www.rijeka.hr\/it\/temi-per-i-cittadini\/"},{"@type":"ListItem","position":3,"name":"Famiglia e previdenza sociale","item":"https:\/\/www.rijeka.hr\/it\/temi-per-i-cittadini\/famiglia-e-assistenza-sociale\/"},{"@type":"ListItem","position":4,"name":"Sanit\u00e0","item":"https:\/\/www.rijeka.hr\/it\/temi-per-i-cittadini\/famiglia-e-assistenza-sociale\/salute\/"},{"@type":"ListItem","position":5,"name":"Servizi sanitari e\/o servizi consultivi","item":"https:\/\/www.rijeka.hr\/it\/temi-per-i-cittadini\/famiglia-e-assistenza-sociale\/salute\/servizi-sanitari-eo-servizi-consultivi\/"},{"@type":"ListItem","position":6,"name":"Donazione volontaria di sangue"}]},{"@type":"WebSite","@id":"https:\/\/www.rijeka.hr\/it\/#website","url":"https:\/\/www.rijeka.hr\/it\/","name":"Citt\u00e0 di Fiume","description":"Portale web della Citta&#039; di Fiume","potentialAction":[{"@type":"SearchAction","target":{"@type":"EntryPoint","urlTemplate":"https:\/\/www.rijeka.hr\/it\/?s={search_term_string}"},"query-input":{"@type":"PropertyValueSpecification","valueRequired":true,"valueName":"search_term_string"}}],"inLanguage":"it-IT"}]}},"_links":{"self":[{"href":"https:\/\/www.rijeka.hr\/it\/wp-json\/wp\/v2\/pages\/110","targetHints":{"allow":["GET"]}}],"collection":[{"href":"https:\/\/www.rijeka.hr\/it\/wp-json\/wp\/v2\/pages"}],"about":[{"href":"https:\/\/www.rijeka.hr\/it\/wp-json\/wp\/v2\/types\/page"}],"author":[{"embeddable":true,"href":"https:\/\/www.rijeka.hr\/it\/wp-json\/wp\/v2\/users\/6"}],"replies":[{"embeddable":true,"href":"https:\/\/www.rijeka.hr\/it\/wp-json\/wp\/v2\/comments?post=110"}],"version-history":[{"count":2,"href":"https:\/\/www.rijeka.hr\/it\/wp-json\/wp\/v2\/pages\/110\/revisions"}],"predecessor-version":[{"id":6672,"href":"https:\/\/www.rijeka.hr\/it\/wp-json\/wp\/v2\/pages\/110\/revisions\/6672"}],"up":[{"embeddable":true,"href":"https:\/\/www.rijeka.hr\/it\/wp-json\/wp\/v2\/pages\/69"}],"wp:attachment":[{"href":"https:\/\/www.rijeka.hr\/it\/wp-json\/wp\/v2\/media?parent=110"}],"wp:term":[{"taxonomy":"post_tag","embeddable":true,"href":"https:\/\/www.rijeka.hr\/it\/wp-json\/wp\/v2\/tags?post=110"}],"curies":[{"name":"wp","href":"https:\/\/api.w.org\/{rel}","templated":true}]}}