{"id":11043,"date":"2020-09-03T15:22:25","date_gmt":"2020-09-03T13:22:25","guid":{"rendered":"https:\/\/www.rijeka.hr\/it\/?page_id=11043"},"modified":"2020-09-03T15:33:15","modified_gmt":"2020-09-03T13:33:15","slug":"stesura-della-documentazione-progettuale-e-altra-documentazione-per-la-costruzione-del-secondo-binario-ferroviario-il-rinnovo-e-lammodernamento-del-tratto-di-linea-ferroviaria-skrljevo-fiu","status":"publish","type":"page","link":"https:\/\/www.rijeka.hr\/it\/amministrazione-cittadina\/progetti-dellue\/progetti-chiusi\/stesura-della-documentazione-progettuale-e-altra-documentazione-per-la-costruzione-del-secondo-binario-ferroviario-il-rinnovo-e-lammodernamento-del-tratto-di-linea-ferroviaria-skrljevo-fiu\/","title":{"rendered":"Stesura della documentazione progettuale e altra documentazione per la costruzione del secondo binario ferroviario, il rinnovo e l\u2019ammodernamento del tratto di linea ferroviaria \u0160krljevo &#8211; Fiume &#8211; Jurdani"},"content":{"rendered":"<h3>Titolo del progetto:<\/h3>\n<h3>Stesura della documentazione progettuale e altra documentazione per la costruzione del secondo binario ferroviario, il rinnovo e l\u2019ammodernamento del tratto di linea ferroviaria \u0160krljevo &#8211; Fiume &#8211; Jurdani<\/h3>\n<p><img loading=\"lazy\" decoding=\"async\" width=\"600\" height=\"84\" class=\"aligncenter size-medium wp-image-11047\" src=\"https:\/\/www.rijeka.hr\/it\/wp-content\/uploads\/sites\/3\/2020\/09\/Sufinacira_EU-1000x140-600x84.jpg\" alt=\"\" srcset=\"https:\/\/www.rijeka.hr\/it\/wp-content\/uploads\/sites\/3\/2020\/09\/Sufinacira_EU-1000x140-600x84.jpg 600w, https:\/\/www.rijeka.hr\/it\/wp-content\/uploads\/sites\/3\/2020\/09\/Sufinacira_EU-1000x140-768x108.jpg 768w, https:\/\/www.rijeka.hr\/it\/wp-content\/uploads\/sites\/3\/2020\/09\/Sufinacira_EU-1000x140.jpg 1000w\" sizes=\"(max-width: 600px) 100vw, 600px\" \/><\/p>\n<h3>Obiettivo del progetto:<\/h3>\n<p>La stesura dei progetti concettuali e principali e altri documenti necessari per ottenere la licenza di ubicazione e il permesso di costruire e la redazione dello studio sull\u2019impatto ambientale e lo studio di fattibilit\u00e0 con analisi economico-finanziaria.<\/p>\n<h3>Descrizione:<\/h3>\n<p>Il progetto include la preparazione dello Studio di Fattibilit\u00e0, lo Studio di Analisi Finanziaria ed Economica, lo Studio di Impatto Ambientale, la preparazione del progetto concettuale e l&#8217;ottenimento delle licenze di ubicazione, la preparazione del progetto Master e l&#8217;ottenimento delle licenze di ubicazione, la risoluzione dei rapporti giuridico patrimoniali (nella misura del 10% del valore del contratto) e gestione dei progetti.<\/p>\n<p>I documenti citati sono necessari per la realizzazione del progetto relativo alla costruzione del secondo binario ferroviario, l\u2019ammodernamento e il rinnovo del tratto di linea ferroviaria \u0160krljevo &#8211; Fiume &#8211; Jurdani, che comprende la ricostruzione della stazione terminale esistente \u0160apjane e la fermata del treno Permani e la ricostruzione dei dispositivi di segnalamento e sicurezza sul tratto di linea ferroviaria Jurdani &#8211; \u0160apjane.<\/p>\n<p>Sulla base della documentazione tecnica predisposta, verr\u00e0 fornita la documentazione necessaria per l&#8217;avvio della procedura di appalto pubblico e per l&#8217;appalto di lavori e servizi di supervisione al fine dell&#8217;ammodernamento di questa sezione. Ci\u00f2 creer\u00e0 una base per candidare le opere per finanziamenti europei e per l\u2019ulteriore attuazione dell&#8217;obiettivo strategico della Repubblica di Croazia, finalizzato all&#8217;ammodernamento di parte del corridoio mediterraneo che aiuter\u00e0 ad eliminare il cosiddetto collo di bottiglia esistente nell&#8217;area della citt\u00e0 di Fiume e, in questo modo, consentir\u00e0 un ulteriore sviluppo delle capacit\u00e0 esistenti del porto di Fiume, il principale porto marittimo dell&#8217;Unione europea, in conformit\u00e0 con l&#8217;allegato I del regolamento 1315\/2013, e contribuir\u00e0 a stabilire un trasporto suburbano e urbano di qualit\u00e0.<\/p>\n<p>Nel corso del 2013 e 2014, la Citt\u00e0 di Fiume ha partecipato attivamente alla procedura di preparazione dello studio &#8220;Lo studio delle possibilit\u00e0 quadro per la costruzione del secondo binario ferroviario della tratta \u0160krljevo &#8211; Fiume &#8211; \u0160apjane&#8221;, all&#8217;interno della quale sono state redatte le soluzioni concettuali per la costruzione del secondo binario ferroviario e una nuova fermata ferroviaria per il trasporto urbano e suburbano. Lo studio ha dimostrato la giustificazione sociale ed economica di questo intervento e durante il 2015 l\u2019ente H\u017d Infrastrukture ha avviato le attivit\u00e0 preparatorie per continuare la progettazione.<\/p>\n<p>A dicembre 2016 \u00e8 stato firmato un accordo per la preparazione della documentazione progettuale con il consorzio INSTITUT IGH scelto per un importo di 33.777.000,00 HRK. La preparazione della documentazione progettuale e l&#8217;ottenimento di tutti i permessi sono previsti nel periodo dal 2017 al 2020, in seguito \u00e8 prevista la candidatura delle opere per finanziamenti europei e per l&#8217;avvio di altre attivit\u00e0. Il 15% necessario dei fondi della componente nazionale nei costi totali sar\u00e0 suddiviso tra i firmatari dell&#8217;accordo: l\u2019ente H\u017d Infrastruktura nella quantit\u00e0 del 10% del valore concordato, la Regione litoraneo montana l\u20191,75%, la Citt\u00e0 di Fiume l\u20191,75%, la Citt\u00e0 di Bakar lo 0,75%, il Comune di Mattuglie per un importo pari allo 0,75% del valore concordato.<\/p>\n<h3>Partner:<\/h3>\n<ul>\n<li>H\u017d infrastruktura<\/li>\n<li>Regione litoraneo &#8211; montana<\/li>\n<li>Citt\u00e0 di Fiume<\/li>\n<li>Citt\u00e0 di Bakar<\/li>\n<li>Comune di Mattuglie<\/li>\n<\/ul>\n<h3>Budget:<\/h3>\n<p>Budget totale del progetto: 10 milioni di euro<br \/>\nFinanziamento dell&#8217;UE: 8,5 milioni di euro<\/p>\n<h3>Programma finanziato nell&#8217;ambito del: Meccanismo per collegare l&#8217;Europa &#8211; Trasporti (CEF)<\/h3>\n","protected":false},"excerpt":{"rendered":"<p>Titolo del progetto: Stesura della documentazione progettuale e altra documentazione per la costruzione del secondo binario ferroviario, il rinnovo e l\u2019ammodernamento del tratto di linea ferroviaria \u0160krljevo &#8211; Fiume &#8211; Jurdani Obiettivo del progetto: La stesura dei progetti concettuali e principali e altri documenti necessari per ottenere la licenza di ubicazione e il permesso di&#8230;<\/p>\n","protected":false},"author":5,"featured_media":0,"parent":2062,"menu_order":0,"comment_status":"closed","ping_status":"closed","template":"","meta":{"_acf_changed":false,"_trash_the_other_posts":false,"footnotes":"","_links_to":"","_links_to_target":""},"tags":[],"class_list":["post-11043","page","type-page","status-publish","hentry"],"acf":[],"yoast_head":"<!-- This site is optimized with the Yoast SEO plugin v24.4 - https:\/\/yoast.com\/wordpress\/plugins\/seo\/ -->\n<title>Stesura della documentazione progettuale e altra documentazione per la costruzione del secondo binario ferroviario, il rinnovo e l\u2019ammodernamento del tratto di linea ferroviaria \u0160krljevo - Fiume - Jurdani - Citt\u00e0 di Fiume<\/title>\n<meta name=\"robots\" content=\"index, follow, max-snippet:-1, max-image-preview:large, max-video-preview:-1\" \/>\n<link rel=\"canonical\" href=\"https:\/\/www.rijeka.hr\/it\/amministrazione-cittadina\/progetti-dellue\/progetti-chiusi\/stesura-della-documentazione-progettuale-e-altra-documentazione-per-la-costruzione-del-secondo-binario-ferroviario-il-rinnovo-e-lammodernamento-del-tratto-di-linea-ferroviaria-skrljevo-fiu\/\" \/>\n<meta property=\"og:locale\" content=\"it_IT\" \/>\n<meta property=\"og:type\" content=\"article\" \/>\n<meta property=\"og:title\" content=\"Stesura della documentazione progettuale e altra documentazione per la costruzione del secondo binario ferroviario, il rinnovo e l\u2019ammodernamento del tratto di linea ferroviaria \u0160krljevo - Fiume - Jurdani - Citt\u00e0 di Fiume\" \/>\n<meta property=\"og:description\" content=\"Titolo del progetto: Stesura della documentazione progettuale e altra documentazione per la costruzione del secondo binario ferroviario, il rinnovo e l\u2019ammodernamento del tratto di linea ferroviaria \u0160krljevo &#8211; Fiume &#8211; Jurdani Obiettivo del progetto: La stesura dei progetti concettuali e principali e altri documenti necessari per ottenere la licenza di ubicazione e il permesso di...\" \/>\n<meta property=\"og:url\" content=\"https:\/\/www.rijeka.hr\/it\/amministrazione-cittadina\/progetti-dellue\/progetti-chiusi\/stesura-della-documentazione-progettuale-e-altra-documentazione-per-la-costruzione-del-secondo-binario-ferroviario-il-rinnovo-e-lammodernamento-del-tratto-di-linea-ferroviaria-skrljevo-fiu\/\" \/>\n<meta property=\"og:site_name\" content=\"Citt\u00e0 di Fiume\" \/>\n<meta property=\"article:modified_time\" content=\"2020-09-03T13:33:15+00:00\" \/>\n<meta property=\"og:image\" content=\"https:\/\/www.rijeka.hr\/it\/wp-content\/uploads\/sites\/3\/2020\/09\/Sufinacira_EU-1000x140-600x84.jpg\" \/>\n<meta name=\"twitter:card\" content=\"summary_large_image\" \/>\n<meta name=\"twitter:label1\" content=\"Est. reading time\" \/>\n\t<meta name=\"twitter:data1\" content=\"3 minutes\" \/>\n<script type=\"application\/ld+json\" class=\"yoast-schema-graph\">{\"@context\":\"https:\/\/schema.org\",\"@graph\":[{\"@type\":\"WebPage\",\"@id\":\"https:\/\/www.rijeka.hr\/it\/amministrazione-cittadina\/progetti-dellue\/progetti-chiusi\/stesura-della-documentazione-progettuale-e-altra-documentazione-per-la-costruzione-del-secondo-binario-ferroviario-il-rinnovo-e-lammodernamento-del-tratto-di-linea-ferroviaria-skrljevo-fiu\/\",\"url\":\"https:\/\/www.rijeka.hr\/it\/amministrazione-cittadina\/progetti-dellue\/progetti-chiusi\/stesura-della-documentazione-progettuale-e-altra-documentazione-per-la-costruzione-del-secondo-binario-ferroviario-il-rinnovo-e-lammodernamento-del-tratto-di-linea-ferroviaria-skrljevo-fiu\/\",\"name\":\"Stesura della documentazione progettuale e altra documentazione per la costruzione del secondo binario ferroviario, il rinnovo e l\u2019ammodernamento del tratto di linea ferroviaria \u0160krljevo - Fiume - Jurdani - Citt\u00e0 di Fiume\",\"isPartOf\":{\"@id\":\"https:\/\/www.rijeka.hr\/it\/#website\"},\"primaryImageOfPage\":{\"@id\":\"https:\/\/www.rijeka.hr\/it\/amministrazione-cittadina\/progetti-dellue\/progetti-chiusi\/stesura-della-documentazione-progettuale-e-altra-documentazione-per-la-costruzione-del-secondo-binario-ferroviario-il-rinnovo-e-lammodernamento-del-tratto-di-linea-ferroviaria-skrljevo-fiu\/#primaryimage\"},\"image\":{\"@id\":\"https:\/\/www.rijeka.hr\/it\/amministrazione-cittadina\/progetti-dellue\/progetti-chiusi\/stesura-della-documentazione-progettuale-e-altra-documentazione-per-la-costruzione-del-secondo-binario-ferroviario-il-rinnovo-e-lammodernamento-del-tratto-di-linea-ferroviaria-skrljevo-fiu\/#primaryimage\"},\"thumbnailUrl\":\"https:\/\/www.rijeka.hr\/it\/wp-content\/uploads\/sites\/3\/2020\/09\/Sufinacira_EU-1000x140-600x84.jpg\",\"datePublished\":\"2020-09-03T13:22:25+00:00\",\"dateModified\":\"2020-09-03T13:33:15+00:00\",\"breadcrumb\":{\"@id\":\"https:\/\/www.rijeka.hr\/it\/amministrazione-cittadina\/progetti-dellue\/progetti-chiusi\/stesura-della-documentazione-progettuale-e-altra-documentazione-per-la-costruzione-del-secondo-binario-ferroviario-il-rinnovo-e-lammodernamento-del-tratto-di-linea-ferroviaria-skrljevo-fiu\/#breadcrumb\"},\"inLanguage\":\"it-IT\",\"potentialAction\":[{\"@type\":\"ReadAction\",\"target\":[\"https:\/\/www.rijeka.hr\/it\/amministrazione-cittadina\/progetti-dellue\/progetti-chiusi\/stesura-della-documentazione-progettuale-e-altra-documentazione-per-la-costruzione-del-secondo-binario-ferroviario-il-rinnovo-e-lammodernamento-del-tratto-di-linea-ferroviaria-skrljevo-fiu\/\"]}]},{\"@type\":\"ImageObject\",\"inLanguage\":\"it-IT\",\"@id\":\"https:\/\/www.rijeka.hr\/it\/amministrazione-cittadina\/progetti-dellue\/progetti-chiusi\/stesura-della-documentazione-progettuale-e-altra-documentazione-per-la-costruzione-del-secondo-binario-ferroviario-il-rinnovo-e-lammodernamento-del-tratto-di-linea-ferroviaria-skrljevo-fiu\/#primaryimage\",\"url\":\"https:\/\/www.rijeka.hr\/it\/wp-content\/uploads\/sites\/3\/2020\/09\/Sufinacira_EU-1000x140.jpg\",\"contentUrl\":\"https:\/\/www.rijeka.hr\/it\/wp-content\/uploads\/sites\/3\/2020\/09\/Sufinacira_EU-1000x140.jpg\",\"width\":1000,\"height\":140},{\"@type\":\"BreadcrumbList\",\"@id\":\"https:\/\/www.rijeka.hr\/it\/amministrazione-cittadina\/progetti-dellue\/progetti-chiusi\/stesura-della-documentazione-progettuale-e-altra-documentazione-per-la-costruzione-del-secondo-binario-ferroviario-il-rinnovo-e-lammodernamento-del-tratto-di-linea-ferroviaria-skrljevo-fiu\/#breadcrumb\",\"itemListElement\":[{\"@type\":\"ListItem\",\"position\":1,\"name\":\"Po\u010detna stranica\",\"item\":\"https:\/\/www.rijeka.hr\/it\/\"},{\"@type\":\"ListItem\",\"position\":2,\"name\":\"Amministrazione cittadina\",\"item\":\"https:\/\/www.rijeka.hr\/it\/amministrazione-cittadina\/\"},{\"@type\":\"ListItem\",\"position\":3,\"name\":\"Progetti dell&#8217;UE\",\"item\":\"https:\/\/www.rijeka.hr\/it\/amministrazione-cittadina\/progetti-dellue\/\"},{\"@type\":\"ListItem\",\"position\":4,\"name\":\"Progetti chiusi\",\"item\":\"https:\/\/www.rijeka.hr\/it\/amministrazione-cittadina\/progetti-dellue\/progetti-chiusi\/\"},{\"@type\":\"ListItem\",\"position\":5,\"name\":\"Stesura della documentazione progettuale e altra documentazione per la costruzione del secondo binario ferroviario, il rinnovo e l\u2019ammodernamento del tratto di linea ferroviaria \u0160krljevo &#8211; Fiume &#8211; Jurdani\"}]},{\"@type\":\"WebSite\",\"@id\":\"https:\/\/www.rijeka.hr\/it\/#website\",\"url\":\"https:\/\/www.rijeka.hr\/it\/\",\"name\":\"Citt\u00e0 di Fiume\",\"description\":\"Portale web della Citta&#039; di Fiume\",\"potentialAction\":[{\"@type\":\"SearchAction\",\"target\":{\"@type\":\"EntryPoint\",\"urlTemplate\":\"https:\/\/www.rijeka.hr\/it\/?s={search_term_string}\"},\"query-input\":{\"@type\":\"PropertyValueSpecification\",\"valueRequired\":true,\"valueName\":\"search_term_string\"}}],\"inLanguage\":\"it-IT\"}]}<\/script>\n<!-- \/ Yoast SEO plugin. -->","yoast_head_json":{"title":"Stesura della documentazione progettuale e altra documentazione per la costruzione del secondo binario ferroviario, il rinnovo e l\u2019ammodernamento del tratto di linea ferroviaria \u0160krljevo - Fiume - Jurdani - Citt\u00e0 di Fiume","robots":{"index":"index","follow":"follow","max-snippet":"max-snippet:-1","max-image-preview":"max-image-preview:large","max-video-preview":"max-video-preview:-1"},"canonical":"https:\/\/www.rijeka.hr\/it\/amministrazione-cittadina\/progetti-dellue\/progetti-chiusi\/stesura-della-documentazione-progettuale-e-altra-documentazione-per-la-costruzione-del-secondo-binario-ferroviario-il-rinnovo-e-lammodernamento-del-tratto-di-linea-ferroviaria-skrljevo-fiu\/","og_locale":"it_IT","og_type":"article","og_title":"Stesura della documentazione progettuale e altra documentazione per la costruzione del secondo binario ferroviario, il rinnovo e l\u2019ammodernamento del tratto di linea ferroviaria \u0160krljevo - Fiume - Jurdani - Citt\u00e0 di Fiume","og_description":"Titolo del progetto: Stesura della documentazione progettuale e altra documentazione per la costruzione del secondo binario ferroviario, il rinnovo e l\u2019ammodernamento del tratto di linea ferroviaria \u0160krljevo &#8211; Fiume &#8211; Jurdani Obiettivo del progetto: La stesura dei progetti concettuali e principali e altri documenti necessari per ottenere la licenza di ubicazione e il permesso di...","og_url":"https:\/\/www.rijeka.hr\/it\/amministrazione-cittadina\/progetti-dellue\/progetti-chiusi\/stesura-della-documentazione-progettuale-e-altra-documentazione-per-la-costruzione-del-secondo-binario-ferroviario-il-rinnovo-e-lammodernamento-del-tratto-di-linea-ferroviaria-skrljevo-fiu\/","og_site_name":"Citt\u00e0 di Fiume","article_modified_time":"2020-09-03T13:33:15+00:00","og_image":[{"url":"https:\/\/www.rijeka.hr\/it\/wp-content\/uploads\/sites\/3\/2020\/09\/Sufinacira_EU-1000x140-600x84.jpg","type":"","width":"","height":""}],"twitter_card":"summary_large_image","twitter_misc":{"Est. reading time":"3 minutes"},"schema":{"@context":"https:\/\/schema.org","@graph":[{"@type":"WebPage","@id":"https:\/\/www.rijeka.hr\/it\/amministrazione-cittadina\/progetti-dellue\/progetti-chiusi\/stesura-della-documentazione-progettuale-e-altra-documentazione-per-la-costruzione-del-secondo-binario-ferroviario-il-rinnovo-e-lammodernamento-del-tratto-di-linea-ferroviaria-skrljevo-fiu\/","url":"https:\/\/www.rijeka.hr\/it\/amministrazione-cittadina\/progetti-dellue\/progetti-chiusi\/stesura-della-documentazione-progettuale-e-altra-documentazione-per-la-costruzione-del-secondo-binario-ferroviario-il-rinnovo-e-lammodernamento-del-tratto-di-linea-ferroviaria-skrljevo-fiu\/","name":"Stesura della documentazione progettuale e altra documentazione per la costruzione del secondo binario ferroviario, il rinnovo e l\u2019ammodernamento del tratto di linea ferroviaria \u0160krljevo - Fiume - Jurdani - Citt\u00e0 di Fiume","isPartOf":{"@id":"https:\/\/www.rijeka.hr\/it\/#website"},"primaryImageOfPage":{"@id":"https:\/\/www.rijeka.hr\/it\/amministrazione-cittadina\/progetti-dellue\/progetti-chiusi\/stesura-della-documentazione-progettuale-e-altra-documentazione-per-la-costruzione-del-secondo-binario-ferroviario-il-rinnovo-e-lammodernamento-del-tratto-di-linea-ferroviaria-skrljevo-fiu\/#primaryimage"},"image":{"@id":"https:\/\/www.rijeka.hr\/it\/amministrazione-cittadina\/progetti-dellue\/progetti-chiusi\/stesura-della-documentazione-progettuale-e-altra-documentazione-per-la-costruzione-del-secondo-binario-ferroviario-il-rinnovo-e-lammodernamento-del-tratto-di-linea-ferroviaria-skrljevo-fiu\/#primaryimage"},"thumbnailUrl":"https:\/\/www.rijeka.hr\/it\/wp-content\/uploads\/sites\/3\/2020\/09\/Sufinacira_EU-1000x140-600x84.jpg","datePublished":"2020-09-03T13:22:25+00:00","dateModified":"2020-09-03T13:33:15+00:00","breadcrumb":{"@id":"https:\/\/www.rijeka.hr\/it\/amministrazione-cittadina\/progetti-dellue\/progetti-chiusi\/stesura-della-documentazione-progettuale-e-altra-documentazione-per-la-costruzione-del-secondo-binario-ferroviario-il-rinnovo-e-lammodernamento-del-tratto-di-linea-ferroviaria-skrljevo-fiu\/#breadcrumb"},"inLanguage":"it-IT","potentialAction":[{"@type":"ReadAction","target":["https:\/\/www.rijeka.hr\/it\/amministrazione-cittadina\/progetti-dellue\/progetti-chiusi\/stesura-della-documentazione-progettuale-e-altra-documentazione-per-la-costruzione-del-secondo-binario-ferroviario-il-rinnovo-e-lammodernamento-del-tratto-di-linea-ferroviaria-skrljevo-fiu\/"]}]},{"@type":"ImageObject","inLanguage":"it-IT","@id":"https:\/\/www.rijeka.hr\/it\/amministrazione-cittadina\/progetti-dellue\/progetti-chiusi\/stesura-della-documentazione-progettuale-e-altra-documentazione-per-la-costruzione-del-secondo-binario-ferroviario-il-rinnovo-e-lammodernamento-del-tratto-di-linea-ferroviaria-skrljevo-fiu\/#primaryimage","url":"https:\/\/www.rijeka.hr\/it\/wp-content\/uploads\/sites\/3\/2020\/09\/Sufinacira_EU-1000x140.jpg","contentUrl":"https:\/\/www.rijeka.hr\/it\/wp-content\/uploads\/sites\/3\/2020\/09\/Sufinacira_EU-1000x140.jpg","width":1000,"height":140},{"@type":"BreadcrumbList","@id":"https:\/\/www.rijeka.hr\/it\/amministrazione-cittadina\/progetti-dellue\/progetti-chiusi\/stesura-della-documentazione-progettuale-e-altra-documentazione-per-la-costruzione-del-secondo-binario-ferroviario-il-rinnovo-e-lammodernamento-del-tratto-di-linea-ferroviaria-skrljevo-fiu\/#breadcrumb","itemListElement":[{"@type":"ListItem","position":1,"name":"Po\u010detna stranica","item":"https:\/\/www.rijeka.hr\/it\/"},{"@type":"ListItem","position":2,"name":"Amministrazione cittadina","item":"https:\/\/www.rijeka.hr\/it\/amministrazione-cittadina\/"},{"@type":"ListItem","position":3,"name":"Progetti dell&#8217;UE","item":"https:\/\/www.rijeka.hr\/it\/amministrazione-cittadina\/progetti-dellue\/"},{"@type":"ListItem","position":4,"name":"Progetti chiusi","item":"https:\/\/www.rijeka.hr\/it\/amministrazione-cittadina\/progetti-dellue\/progetti-chiusi\/"},{"@type":"ListItem","position":5,"name":"Stesura della documentazione progettuale e altra documentazione per la costruzione del secondo binario ferroviario, il rinnovo e l\u2019ammodernamento del tratto di linea ferroviaria \u0160krljevo &#8211; Fiume &#8211; Jurdani"}]},{"@type":"WebSite","@id":"https:\/\/www.rijeka.hr\/it\/#website","url":"https:\/\/www.rijeka.hr\/it\/","name":"Citt\u00e0 di Fiume","description":"Portale web della Citta&#039; di Fiume","potentialAction":[{"@type":"SearchAction","target":{"@type":"EntryPoint","urlTemplate":"https:\/\/www.rijeka.hr\/it\/?s={search_term_string}"},"query-input":{"@type":"PropertyValueSpecification","valueRequired":true,"valueName":"search_term_string"}}],"inLanguage":"it-IT"}]}},"_links":{"self":[{"href":"https:\/\/www.rijeka.hr\/it\/wp-json\/wp\/v2\/pages\/11043","targetHints":{"allow":["GET"]}}],"collection":[{"href":"https:\/\/www.rijeka.hr\/it\/wp-json\/wp\/v2\/pages"}],"about":[{"href":"https:\/\/www.rijeka.hr\/it\/wp-json\/wp\/v2\/types\/page"}],"author":[{"embeddable":true,"href":"https:\/\/www.rijeka.hr\/it\/wp-json\/wp\/v2\/users\/5"}],"replies":[{"embeddable":true,"href":"https:\/\/www.rijeka.hr\/it\/wp-json\/wp\/v2\/comments?post=11043"}],"version-history":[{"count":3,"href":"https:\/\/www.rijeka.hr\/it\/wp-json\/wp\/v2\/pages\/11043\/revisions"}],"predecessor-version":[{"id":11051,"href":"https:\/\/www.rijeka.hr\/it\/wp-json\/wp\/v2\/pages\/11043\/revisions\/11051"}],"up":[{"embeddable":true,"href":"https:\/\/www.rijeka.hr\/it\/wp-json\/wp\/v2\/pages\/2062"}],"wp:attachment":[{"href":"https:\/\/www.rijeka.hr\/it\/wp-json\/wp\/v2\/media?parent=11043"}],"wp:term":[{"taxonomy":"post_tag","embeddable":true,"href":"https:\/\/www.rijeka.hr\/it\/wp-json\/wp\/v2\/tags?post=11043"}],"curies":[{"name":"wp","href":"https:\/\/api.w.org\/{rel}","templated":true}]}}