{"id":11059,"date":"2020-09-07T14:15:30","date_gmt":"2020-09-07T12:15:30","guid":{"rendered":"https:\/\/www.rijeka.hr\/it\/?page_id=11059"},"modified":"2020-09-11T10:24:39","modified_gmt":"2020-09-11T08:24:39","slug":"civitas-sumps-up","status":"publish","type":"page","link":"https:\/\/www.rijeka.hr\/it\/amministrazione-cittadina\/progetti-dellue\/progetti-chiusi\/civitas-sumps-up\/","title":{"rendered":"CIVITAS SUMPs-UP"},"content":{"rendered":"<h3>Titolo del progetto:<br \/>\nCIVITAS SUMPs-UP<br \/>\n(Piano di mobilit\u00e0 urbana sostenibile &#8211; PMUS)<\/h3>\n<h3>Obiettivo del progetto:<\/h3>\n<p>Lo scopo del progetto \u00e8 quello di aiutare le citt\u00e0 che subiscono effetti di trasporto negativi nello sviluppo di Piani di Mobilit\u00e0 Urbana Sostenibile &#8211; PMUS) &#8211; come piani strategici a lungo termine che integrano tutti i mezzi di trasporto e contribuiscono a uno sviluppo urbano, sociale ed economico equilibrato.<\/p>\n<p><img loading=\"lazy\" decoding=\"async\" width=\"250\" height=\"250\" class=\"alignright wp-image-11062 size-thumbnail\" src=\"https:\/\/www.rijeka.hr\/it\/wp-content\/uploads\/sites\/3\/2020\/09\/civ_satellite_sumps-up_logo_full-250x250.jpg\" alt=\"\" srcset=\"https:\/\/www.rijeka.hr\/it\/wp-content\/uploads\/sites\/3\/2020\/09\/civ_satellite_sumps-up_logo_full-250x250.jpg 250w, https:\/\/www.rijeka.hr\/it\/wp-content\/uploads\/sites\/3\/2020\/09\/civ_satellite_sumps-up_logo_full-200x200.jpg 200w\" sizes=\"(max-width: 250px) 100vw, 250px\" \/>L&#8217;obiettivo principale \u00e8 risolvere i problemi legati al trasporto nelle aree urbane, strategicamente e in conformit\u00e0 con le linee guida dell&#8217;Unione Europea relative alla sostenibilit\u00e0 di tutti i segmenti di sviluppo della societ\u00e0 e dell&#8217;ambiente. Nel senso pi\u00f9 stretto, l&#8217;obiettivo dello sviluppo e dell&#8217;attuazione di piani di mobilit\u00e0 urbana sostenibile \u00e8 quello di ridurre gli impatti negativi dei trasporti, migliorare l&#8217;accessibilit\u00e0 per tutte le categorie della societ\u00e0 e garantire mobilit\u00e0 e trasporti di alta qualit\u00e0, multimodali e ben integrati.<\/p>\n<h3>Descrizione:<\/h3>\n<p>A met\u00e0 del 2017, la Citt\u00e0 di Fiume \u00e8 stata inclusa in un altro progetto della famiglia CIVITAS: CIVITAS SUMPS-UP, nella piattaforma Innovation Pilot Pool \/ Innovation Implementation Group &#8211; SUMP Programma di apprendimento SLP1, il primo del ciclo di tre gruppi SLP pianificati . Il progetto CIVITAS SUMPs-Up \u00e8 finanziato dall&#8217;Unione Europea nell&#8217;ambito del programma Orizzonte 2020 e riunisce citt\u00e0 europee, ricercatori, universit\u00e0, organizzazioni ambientali, istituti per il clima, consulenti dei trasporti ed esperti di mobilit\u00e0 in un&#8217;unica iniziativa per aiutare le citt\u00e0 a introdurre soluzioni mobili pi\u00f9 sostenibili.<\/p>\n<p>SUMP-s UP \u00e8 uno dei tre progetti relativi ai piani di mobilit\u00e0 urbana sostenibile nell&#8217;ambito dell&#8217;iniziativa CIVITAS 2020 dell&#8217;Unione Europea. Il progetto riunisce otto organizzazioni partner e sette citt\u00e0 partner per aiutare le citt\u00e0 europee a introdurre trasporti e mobilit\u00e0 pi\u00f9 puliti e sostenibili. Il progetto aiuta a superare gli ostacoli che impediscono o ostacolano l&#8217;attuazione dei piani di mobilit\u00e0 urbana sostenibile (di seguito PMUS): indicano la necessit\u00e0 di potenziamento delle capacit\u00e0 per l&#8217;attuazione del processo, forniscono informazioni e supporto su misura durante lo sviluppo del piano, mostrano le fasi di sviluppo del piano e cercano di fornire ai partecipanti le conoscenze e le abilit\u00e0 necessarie per comprendere il processo e il modo di massima qualit\u00e0 in cui tutte le attivit\u00e0 dovrebbero essere implementate.<\/p>\n<p>L&#8217;accento \u00e8 posto sui paesi e sulle aree in cui l&#8217;attuazione dei PMUS \u00e8 stata implementata in misura minore. La Citt\u00e0 di Fiume ha aderito al progetto nel settembre 2017. Si tratta di un progetto pluriennale e nella prima parte &#8211; denominata Sump Learning Program 1 (SLP 1) &#8211; si sono tenuti tre webinar, tre corsi elettronici e tre laboratori a Salonicco ( Grecia), Bruxelles (Belgio) Tampere (Finlandia). I partecipanti al programma si trovano in diverse fasi di preparazione, sviluppo o adozione di PMUS, dove si ottengono informazioni interessanti attraverso lo scambio reciproco di esperienze.<\/p>\n<p>SUMPs-Up aiuta gli enti di pianificare la mobilit\u00e0, soprattutto nei paesi in cui sono presenti diversi PMUS, a superare gli ostacoli che li fermano o rendono difficile l&#8217;attuazione dei piani. Il progetto fornisce alle citt\u00e0 opportunit\u00e0 di formazione, strumenti e linee guida per aiutarle a sviluppare PMUS di qualit\u00e0 e collabora con i governi nazionali per aumentare la consapevolezza del concetto e creare condizioni favorevoli che faciliteranno lo sviluppo di PMUS per le autorit\u00e0 locali.<\/p>\n<h3>Partner:<\/h3>\n<ul>\n<li>Associazioni: ICLEI &#8211; Governi Locali per la Sostenibilit\u00e0; POLIZIA; UBC &#8211; Unione delle citt\u00e0 baltiche; EUROCITIES<\/li>\n<li>Organizzazioni professionali: Rupprecht Consult; Trivector Traffic; Istituto Wuppertal; Cerema<\/li>\n<li>Citt\u00e0: Birmingham, Budapest, Malmo, San Sebastian, Salonicco, Torino<\/li>\n<\/ul>\n<h3>Finanziamento:<\/h3>\n<p>Programma di ricerca e innovazione Orizzonte 2020 dell&#8217;Unione europea nell&#8217;ambito dell\u2019accordo di sovvenzione n. 690669.<\/p>\n<h3>Durata del progetto: maggio 2017 &#8211; giugno 2018<\/h3>\n<h3>Referente competente:<\/h3>\n<p>Meki\u0107 Lorella<br \/>\nConsulente principale per il traffico<br \/>\nCitt\u00e0 di Fiume<br \/>\nDirezione per lo sviluppo, l&#8217;urbanistica e l&#8217;ecologia<br \/>\nTel: 051209484<br \/>\nTel: 091 2122494<br \/>\nE-mail: &#x6c;&#x6f;&#x72;&#x65;&#x6c;&#x6c;&#x61;&#x2e;&#x6d;&#x65;&#x6b;&#x69;&#x63;&#x40;&#x72;&#x69;&#x6a;&#x65;&#x6b;&#x61;&#x2e;&#x68;&#x72;<\/p>\n<h3>Sito web del progetto: http:\/\/sumps-up.eu\/the-project\/<\/h3>\n","protected":false},"excerpt":{"rendered":"<p>Titolo del progetto: CIVITAS SUMPs-UP (Piano di mobilit\u00e0 urbana sostenibile &#8211; PMUS) Obiettivo del progetto: Lo scopo del progetto \u00e8 quello di aiutare le citt\u00e0 che subiscono effetti di trasporto negativi nello sviluppo di Piani di Mobilit\u00e0 Urbana Sostenibile &#8211; PMUS) &#8211; come piani strategici a lungo termine che integrano tutti i mezzi di trasporto&#8230;<\/p>\n","protected":false},"author":20,"featured_media":0,"parent":2062,"menu_order":0,"comment_status":"closed","ping_status":"closed","template":"","meta":{"_acf_changed":false,"_trash_the_other_posts":false,"footnotes":"","_links_to":"","_links_to_target":""},"tags":[],"class_list":["post-11059","page","type-page","status-publish","hentry"],"acf":[],"yoast_head":"<!-- This site is optimized with the Yoast SEO plugin v24.4 - https:\/\/yoast.com\/wordpress\/plugins\/seo\/ -->\n<title>CIVITAS SUMPs-UP - Citt\u00e0 di Fiume<\/title>\n<meta name=\"robots\" content=\"index, follow, max-snippet:-1, max-image-preview:large, max-video-preview:-1\" \/>\n<link rel=\"canonical\" href=\"https:\/\/www.rijeka.hr\/it\/amministrazione-cittadina\/progetti-dellue\/progetti-chiusi\/civitas-sumps-up\/\" \/>\n<meta property=\"og:locale\" content=\"it_IT\" \/>\n<meta property=\"og:type\" content=\"article\" \/>\n<meta property=\"og:title\" content=\"CIVITAS SUMPs-UP - Citt\u00e0 di Fiume\" \/>\n<meta property=\"og:description\" content=\"Titolo del progetto: CIVITAS SUMPs-UP (Piano di mobilit\u00e0 urbana sostenibile &#8211; PMUS) Obiettivo del progetto: Lo scopo del progetto \u00e8 quello di aiutare le citt\u00e0 che subiscono effetti di trasporto negativi nello sviluppo di Piani di Mobilit\u00e0 Urbana Sostenibile &#8211; PMUS) &#8211; come piani strategici a lungo termine che integrano tutti i mezzi di trasporto...\" \/>\n<meta property=\"og:url\" content=\"https:\/\/www.rijeka.hr\/it\/amministrazione-cittadina\/progetti-dellue\/progetti-chiusi\/civitas-sumps-up\/\" \/>\n<meta property=\"og:site_name\" content=\"Citt\u00e0 di Fiume\" \/>\n<meta property=\"article:modified_time\" content=\"2020-09-11T08:24:39+00:00\" \/>\n<meta property=\"og:image\" content=\"https:\/\/www.rijeka.hr\/it\/wp-content\/uploads\/sites\/3\/2020\/09\/civ_satellite_sumps-up_logo_full-250x250.jpg\" \/>\n<meta name=\"twitter:card\" content=\"summary_large_image\" \/>\n<meta name=\"twitter:label1\" content=\"Est. reading time\" \/>\n\t<meta name=\"twitter:data1\" content=\"3 minutes\" \/>\n<script type=\"application\/ld+json\" class=\"yoast-schema-graph\">{\"@context\":\"https:\/\/schema.org\",\"@graph\":[{\"@type\":\"WebPage\",\"@id\":\"https:\/\/www.rijeka.hr\/it\/amministrazione-cittadina\/progetti-dellue\/progetti-chiusi\/civitas-sumps-up\/\",\"url\":\"https:\/\/www.rijeka.hr\/it\/amministrazione-cittadina\/progetti-dellue\/progetti-chiusi\/civitas-sumps-up\/\",\"name\":\"CIVITAS SUMPs-UP - Citt\u00e0 di Fiume\",\"isPartOf\":{\"@id\":\"https:\/\/www.rijeka.hr\/it\/#website\"},\"primaryImageOfPage\":{\"@id\":\"https:\/\/www.rijeka.hr\/it\/amministrazione-cittadina\/progetti-dellue\/progetti-chiusi\/civitas-sumps-up\/#primaryimage\"},\"image\":{\"@id\":\"https:\/\/www.rijeka.hr\/it\/amministrazione-cittadina\/progetti-dellue\/progetti-chiusi\/civitas-sumps-up\/#primaryimage\"},\"thumbnailUrl\":\"https:\/\/www.rijeka.hr\/it\/wp-content\/uploads\/sites\/3\/2020\/09\/civ_satellite_sumps-up_logo_full-250x250.jpg\",\"datePublished\":\"2020-09-07T12:15:30+00:00\",\"dateModified\":\"2020-09-11T08:24:39+00:00\",\"breadcrumb\":{\"@id\":\"https:\/\/www.rijeka.hr\/it\/amministrazione-cittadina\/progetti-dellue\/progetti-chiusi\/civitas-sumps-up\/#breadcrumb\"},\"inLanguage\":\"it-IT\",\"potentialAction\":[{\"@type\":\"ReadAction\",\"target\":[\"https:\/\/www.rijeka.hr\/it\/amministrazione-cittadina\/progetti-dellue\/progetti-chiusi\/civitas-sumps-up\/\"]}]},{\"@type\":\"ImageObject\",\"inLanguage\":\"it-IT\",\"@id\":\"https:\/\/www.rijeka.hr\/it\/amministrazione-cittadina\/progetti-dellue\/progetti-chiusi\/civitas-sumps-up\/#primaryimage\",\"url\":\"https:\/\/www.rijeka.hr\/it\/wp-content\/uploads\/sites\/3\/2020\/09\/civ_satellite_sumps-up_logo_full.jpg\",\"contentUrl\":\"https:\/\/www.rijeka.hr\/it\/wp-content\/uploads\/sites\/3\/2020\/09\/civ_satellite_sumps-up_logo_full.jpg\",\"width\":433,\"height\":453},{\"@type\":\"BreadcrumbList\",\"@id\":\"https:\/\/www.rijeka.hr\/it\/amministrazione-cittadina\/progetti-dellue\/progetti-chiusi\/civitas-sumps-up\/#breadcrumb\",\"itemListElement\":[{\"@type\":\"ListItem\",\"position\":1,\"name\":\"Po\u010detna stranica\",\"item\":\"https:\/\/www.rijeka.hr\/it\/\"},{\"@type\":\"ListItem\",\"position\":2,\"name\":\"Amministrazione cittadina\",\"item\":\"https:\/\/www.rijeka.hr\/it\/amministrazione-cittadina\/\"},{\"@type\":\"ListItem\",\"position\":3,\"name\":\"Progetti dell&#8217;UE\",\"item\":\"https:\/\/www.rijeka.hr\/it\/amministrazione-cittadina\/progetti-dellue\/\"},{\"@type\":\"ListItem\",\"position\":4,\"name\":\"Progetti chiusi\",\"item\":\"https:\/\/www.rijeka.hr\/it\/amministrazione-cittadina\/progetti-dellue\/progetti-chiusi\/\"},{\"@type\":\"ListItem\",\"position\":5,\"name\":\"CIVITAS SUMPs-UP\"}]},{\"@type\":\"WebSite\",\"@id\":\"https:\/\/www.rijeka.hr\/it\/#website\",\"url\":\"https:\/\/www.rijeka.hr\/it\/\",\"name\":\"Citt\u00e0 di Fiume\",\"description\":\"Portale web della Citta&#039; di Fiume\",\"potentialAction\":[{\"@type\":\"SearchAction\",\"target\":{\"@type\":\"EntryPoint\",\"urlTemplate\":\"https:\/\/www.rijeka.hr\/it\/?s={search_term_string}\"},\"query-input\":{\"@type\":\"PropertyValueSpecification\",\"valueRequired\":true,\"valueName\":\"search_term_string\"}}],\"inLanguage\":\"it-IT\"}]}<\/script>\n<!-- \/ Yoast SEO plugin. -->","yoast_head_json":{"title":"CIVITAS SUMPs-UP - Citt\u00e0 di Fiume","robots":{"index":"index","follow":"follow","max-snippet":"max-snippet:-1","max-image-preview":"max-image-preview:large","max-video-preview":"max-video-preview:-1"},"canonical":"https:\/\/www.rijeka.hr\/it\/amministrazione-cittadina\/progetti-dellue\/progetti-chiusi\/civitas-sumps-up\/","og_locale":"it_IT","og_type":"article","og_title":"CIVITAS SUMPs-UP - Citt\u00e0 di Fiume","og_description":"Titolo del progetto: CIVITAS SUMPs-UP (Piano di mobilit\u00e0 urbana sostenibile &#8211; PMUS) Obiettivo del progetto: Lo scopo del progetto \u00e8 quello di aiutare le citt\u00e0 che subiscono effetti di trasporto negativi nello sviluppo di Piani di Mobilit\u00e0 Urbana Sostenibile &#8211; PMUS) &#8211; come piani strategici a lungo termine che integrano tutti i mezzi di trasporto...","og_url":"https:\/\/www.rijeka.hr\/it\/amministrazione-cittadina\/progetti-dellue\/progetti-chiusi\/civitas-sumps-up\/","og_site_name":"Citt\u00e0 di Fiume","article_modified_time":"2020-09-11T08:24:39+00:00","og_image":[{"url":"https:\/\/www.rijeka.hr\/it\/wp-content\/uploads\/sites\/3\/2020\/09\/civ_satellite_sumps-up_logo_full-250x250.jpg","type":"","width":"","height":""}],"twitter_card":"summary_large_image","twitter_misc":{"Est. reading time":"3 minutes"},"schema":{"@context":"https:\/\/schema.org","@graph":[{"@type":"WebPage","@id":"https:\/\/www.rijeka.hr\/it\/amministrazione-cittadina\/progetti-dellue\/progetti-chiusi\/civitas-sumps-up\/","url":"https:\/\/www.rijeka.hr\/it\/amministrazione-cittadina\/progetti-dellue\/progetti-chiusi\/civitas-sumps-up\/","name":"CIVITAS SUMPs-UP - Citt\u00e0 di Fiume","isPartOf":{"@id":"https:\/\/www.rijeka.hr\/it\/#website"},"primaryImageOfPage":{"@id":"https:\/\/www.rijeka.hr\/it\/amministrazione-cittadina\/progetti-dellue\/progetti-chiusi\/civitas-sumps-up\/#primaryimage"},"image":{"@id":"https:\/\/www.rijeka.hr\/it\/amministrazione-cittadina\/progetti-dellue\/progetti-chiusi\/civitas-sumps-up\/#primaryimage"},"thumbnailUrl":"https:\/\/www.rijeka.hr\/it\/wp-content\/uploads\/sites\/3\/2020\/09\/civ_satellite_sumps-up_logo_full-250x250.jpg","datePublished":"2020-09-07T12:15:30+00:00","dateModified":"2020-09-11T08:24:39+00:00","breadcrumb":{"@id":"https:\/\/www.rijeka.hr\/it\/amministrazione-cittadina\/progetti-dellue\/progetti-chiusi\/civitas-sumps-up\/#breadcrumb"},"inLanguage":"it-IT","potentialAction":[{"@type":"ReadAction","target":["https:\/\/www.rijeka.hr\/it\/amministrazione-cittadina\/progetti-dellue\/progetti-chiusi\/civitas-sumps-up\/"]}]},{"@type":"ImageObject","inLanguage":"it-IT","@id":"https:\/\/www.rijeka.hr\/it\/amministrazione-cittadina\/progetti-dellue\/progetti-chiusi\/civitas-sumps-up\/#primaryimage","url":"https:\/\/www.rijeka.hr\/it\/wp-content\/uploads\/sites\/3\/2020\/09\/civ_satellite_sumps-up_logo_full.jpg","contentUrl":"https:\/\/www.rijeka.hr\/it\/wp-content\/uploads\/sites\/3\/2020\/09\/civ_satellite_sumps-up_logo_full.jpg","width":433,"height":453},{"@type":"BreadcrumbList","@id":"https:\/\/www.rijeka.hr\/it\/amministrazione-cittadina\/progetti-dellue\/progetti-chiusi\/civitas-sumps-up\/#breadcrumb","itemListElement":[{"@type":"ListItem","position":1,"name":"Po\u010detna stranica","item":"https:\/\/www.rijeka.hr\/it\/"},{"@type":"ListItem","position":2,"name":"Amministrazione cittadina","item":"https:\/\/www.rijeka.hr\/it\/amministrazione-cittadina\/"},{"@type":"ListItem","position":3,"name":"Progetti dell&#8217;UE","item":"https:\/\/www.rijeka.hr\/it\/amministrazione-cittadina\/progetti-dellue\/"},{"@type":"ListItem","position":4,"name":"Progetti chiusi","item":"https:\/\/www.rijeka.hr\/it\/amministrazione-cittadina\/progetti-dellue\/progetti-chiusi\/"},{"@type":"ListItem","position":5,"name":"CIVITAS SUMPs-UP"}]},{"@type":"WebSite","@id":"https:\/\/www.rijeka.hr\/it\/#website","url":"https:\/\/www.rijeka.hr\/it\/","name":"Citt\u00e0 di Fiume","description":"Portale web della Citta&#039; di Fiume","potentialAction":[{"@type":"SearchAction","target":{"@type":"EntryPoint","urlTemplate":"https:\/\/www.rijeka.hr\/it\/?s={search_term_string}"},"query-input":{"@type":"PropertyValueSpecification","valueRequired":true,"valueName":"search_term_string"}}],"inLanguage":"it-IT"}]}},"_links":{"self":[{"href":"https:\/\/www.rijeka.hr\/it\/wp-json\/wp\/v2\/pages\/11059","targetHints":{"allow":["GET"]}}],"collection":[{"href":"https:\/\/www.rijeka.hr\/it\/wp-json\/wp\/v2\/pages"}],"about":[{"href":"https:\/\/www.rijeka.hr\/it\/wp-json\/wp\/v2\/types\/page"}],"author":[{"embeddable":true,"href":"https:\/\/www.rijeka.hr\/it\/wp-json\/wp\/v2\/users\/20"}],"replies":[{"embeddable":true,"href":"https:\/\/www.rijeka.hr\/it\/wp-json\/wp\/v2\/comments?post=11059"}],"version-history":[{"count":3,"href":"https:\/\/www.rijeka.hr\/it\/wp-json\/wp\/v2\/pages\/11059\/revisions"}],"predecessor-version":[{"id":11060,"href":"https:\/\/www.rijeka.hr\/it\/wp-json\/wp\/v2\/pages\/11059\/revisions\/11060"}],"up":[{"embeddable":true,"href":"https:\/\/www.rijeka.hr\/it\/wp-json\/wp\/v2\/pages\/2062"}],"wp:attachment":[{"href":"https:\/\/www.rijeka.hr\/it\/wp-json\/wp\/v2\/media?parent=11059"}],"wp:term":[{"taxonomy":"post_tag","embeddable":true,"href":"https:\/\/www.rijeka.hr\/it\/wp-json\/wp\/v2\/tags?post=11059"}],"curies":[{"name":"wp","href":"https:\/\/api.w.org\/{rel}","templated":true}]}}