{"id":11528,"date":"2020-11-03T12:49:59","date_gmt":"2020-11-03T11:49:59","guid":{"rendered":"https:\/\/www.rijeka.hr\/it\/?page_id=11528"},"modified":"2024-04-09T10:21:55","modified_gmt":"2024-04-09T08:21:55","slug":"atti-normativi-relativi-al-lavoro-dei-comitati-locali","status":"publish","type":"page","link":"https:\/\/www.rijeka.hr\/it\/autogoverno-locale\/atti-normativi-relativi-al-lavoro-dei-comitati-locali\/","title":{"rendered":"Atti normativi relativi al lavoro dei comitati di quartiere"},"content":{"rendered":"<p>La costituzione dei comitati di quartiere, le elezioni dei membri dei consigli dei comitati di quartiere, i territori, i confini, le sedi dei comitati di quartiere e il lavoro e le attivit\u00e0 dei comitati di quartiere e dei suoi organi (presidente del consiglio e i consigli dei comitati di quartiere) sono regolati da leggi e atti normativi.<\/p>\n<p>Gli atti pi\u00f9 importanti sono:<\/p>\n<p>I seguenti atti normativi sono importanti per le attivit\u00e0 dei comitati di quartiere<\/p>\n<ul>\n<li>Estratto dalla Legge sull\u2019autogoverno locale e regionale<\/li>\n<li>Statuto della Citt\u00e0 di Fiume \u2013 testo consolidato<\/li>\n<li>Decisone sulla selezione dei membri dei comitati di quartiere sul comprensorio della citt\u00e0 di Fiume (Gazzetta ufficiale della Regione litoraneo montana 14\/13)<\/li>\n<li>Decisione sui territori, confini e sedi dei comitati di quartiere sul comprensorio della citt\u00e0 di Fiume (Gazzetta ufficiale della Regione litoraneo montana 11\/10, Gazzetta ufficiale della Citt\u00e0 di Fiume 9\/18)<\/li>\n<li>Decisione sulle modalit\u00e0 di finanziamento delle attivit\u00e0 dei comitati di quartiere sul comprensorio della citt\u00e0 di Fiume (Gazzetta ufficiale della Regione litoraneo montana 41\/08, 44\/09, 46\/12, 14\/13, Gazzetta ufficiale della Citt\u00e0 di Fiume 13\/15, <a href=\"https:\/\/sn.rijeka.hr\/2021\/03\/izmjene-i-dopuna-statuta-grada-rijeke\/\">3\/21<\/a>)<\/li>\n<li>Decisone sulla determinazione del compenso dei membri dei comitati di quartiere sul territorio cittadino per le attivit\u00e0 svolte (GU della Regione litoraneo montana County 30\/03, 03\/05)<\/li>\n<li>Decisione sui principi, criteri e procedure per la determinazione dei nomi di strade e piazze nell&#8217;area della Citt\u00e0 di Fiume &#8211; testo consolidato non ufficiale<\/li>\n<li>Decisone sull\u2019utilizzo temporaneo e periodico dei vani d\u2019affari negli edifici dell\u2019autogoverno locale di propriet\u00e0 della Citt\u00e0 di Fiume. (Gazzetta ufficiale della citt\u00e0 di Fiume 8\/14)<\/li>\n<li>La normativa e le Regole di comportamento del Consiglio dei comitati di quartiere<\/li>\n<\/ul>\n","protected":false},"excerpt":{"rendered":"<p>La costituzione dei comitati di quartiere, le elezioni dei membri dei consigli dei comitati di quartiere, i territori, i confini, le sedi dei comitati di quartiere e il lavoro e le attivit\u00e0 dei comitati di quartiere e dei suoi organi (presidente del consiglio e i consigli dei comitati di quartiere) sono regolati da leggi e&#8230;<\/p>\n","protected":false},"author":63,"featured_media":0,"parent":3632,"menu_order":0,"comment_status":"closed","ping_status":"closed","template":"","meta":{"_acf_changed":false,"_trash_the_other_posts":false,"footnotes":"","_links_to":"","_links_to_target":""},"tags":[],"class_list":["post-11528","page","type-page","status-publish","hentry"],"acf":[],"yoast_head":"<!-- This site is optimized with the Yoast SEO plugin v24.4 - https:\/\/yoast.com\/wordpress\/plugins\/seo\/ -->\n<title>Atti normativi relativi al lavoro dei comitati di quartiere - Citt\u00e0 di Fiume<\/title>\n<meta name=\"robots\" content=\"index, follow, max-snippet:-1, max-image-preview:large, max-video-preview:-1\" \/>\n<link rel=\"canonical\" href=\"https:\/\/www.rijeka.hr\/it\/autogoverno-locale\/atti-normativi-relativi-al-lavoro-dei-comitati-locali\/\" \/>\n<meta property=\"og:locale\" content=\"it_IT\" \/>\n<meta property=\"og:type\" content=\"article\" \/>\n<meta property=\"og:title\" content=\"Atti normativi relativi al lavoro dei comitati di quartiere - Citt\u00e0 di Fiume\" \/>\n<meta property=\"og:description\" content=\"La costituzione dei comitati di quartiere, le elezioni dei membri dei consigli dei comitati di quartiere, i territori, i confini, le sedi dei comitati di quartiere e il lavoro e le attivit\u00e0 dei comitati di quartiere e dei suoi organi (presidente del consiglio e i consigli dei comitati di quartiere) sono regolati da leggi e...\" \/>\n<meta property=\"og:url\" content=\"https:\/\/www.rijeka.hr\/it\/autogoverno-locale\/atti-normativi-relativi-al-lavoro-dei-comitati-locali\/\" \/>\n<meta property=\"og:site_name\" content=\"Citt\u00e0 di Fiume\" \/>\n<meta property=\"article:modified_time\" content=\"2024-04-09T08:21:55+00:00\" \/>\n<meta name=\"twitter:card\" content=\"summary_large_image\" \/>\n<meta name=\"twitter:label1\" content=\"Est. reading time\" \/>\n\t<meta name=\"twitter:data1\" content=\"1 minute\" \/>\n<script type=\"application\/ld+json\" class=\"yoast-schema-graph\">{\"@context\":\"https:\/\/schema.org\",\"@graph\":[{\"@type\":\"WebPage\",\"@id\":\"https:\/\/www.rijeka.hr\/it\/autogoverno-locale\/atti-normativi-relativi-al-lavoro-dei-comitati-locali\/\",\"url\":\"https:\/\/www.rijeka.hr\/it\/autogoverno-locale\/atti-normativi-relativi-al-lavoro-dei-comitati-locali\/\",\"name\":\"Atti normativi relativi al lavoro dei comitati di quartiere - Citt\u00e0 di Fiume\",\"isPartOf\":{\"@id\":\"https:\/\/www.rijeka.hr\/it\/#website\"},\"datePublished\":\"2020-11-03T11:49:59+00:00\",\"dateModified\":\"2024-04-09T08:21:55+00:00\",\"breadcrumb\":{\"@id\":\"https:\/\/www.rijeka.hr\/it\/autogoverno-locale\/atti-normativi-relativi-al-lavoro-dei-comitati-locali\/#breadcrumb\"},\"inLanguage\":\"it-IT\",\"potentialAction\":[{\"@type\":\"ReadAction\",\"target\":[\"https:\/\/www.rijeka.hr\/it\/autogoverno-locale\/atti-normativi-relativi-al-lavoro-dei-comitati-locali\/\"]}]},{\"@type\":\"BreadcrumbList\",\"@id\":\"https:\/\/www.rijeka.hr\/it\/autogoverno-locale\/atti-normativi-relativi-al-lavoro-dei-comitati-locali\/#breadcrumb\",\"itemListElement\":[{\"@type\":\"ListItem\",\"position\":1,\"name\":\"Po\u010detna stranica\",\"item\":\"https:\/\/www.rijeka.hr\/it\/\"},{\"@type\":\"ListItem\",\"position\":2,\"name\":\"Autogoverno locale\",\"item\":\"https:\/\/www.rijeka.hr\/it\/autogoverno-locale\/\"},{\"@type\":\"ListItem\",\"position\":3,\"name\":\"Atti normativi relativi al lavoro dei comitati di quartiere\"}]},{\"@type\":\"WebSite\",\"@id\":\"https:\/\/www.rijeka.hr\/it\/#website\",\"url\":\"https:\/\/www.rijeka.hr\/it\/\",\"name\":\"Citt\u00e0 di Fiume\",\"description\":\"Portale web della Citta&#039; di Fiume\",\"potentialAction\":[{\"@type\":\"SearchAction\",\"target\":{\"@type\":\"EntryPoint\",\"urlTemplate\":\"https:\/\/www.rijeka.hr\/it\/?s={search_term_string}\"},\"query-input\":{\"@type\":\"PropertyValueSpecification\",\"valueRequired\":true,\"valueName\":\"search_term_string\"}}],\"inLanguage\":\"it-IT\"}]}<\/script>\n<!-- \/ Yoast SEO plugin. -->","yoast_head_json":{"title":"Atti normativi relativi al lavoro dei comitati di quartiere - Citt\u00e0 di Fiume","robots":{"index":"index","follow":"follow","max-snippet":"max-snippet:-1","max-image-preview":"max-image-preview:large","max-video-preview":"max-video-preview:-1"},"canonical":"https:\/\/www.rijeka.hr\/it\/autogoverno-locale\/atti-normativi-relativi-al-lavoro-dei-comitati-locali\/","og_locale":"it_IT","og_type":"article","og_title":"Atti normativi relativi al lavoro dei comitati di quartiere - Citt\u00e0 di Fiume","og_description":"La costituzione dei comitati di quartiere, le elezioni dei membri dei consigli dei comitati di quartiere, i territori, i confini, le sedi dei comitati di quartiere e il lavoro e le attivit\u00e0 dei comitati di quartiere e dei suoi organi (presidente del consiglio e i consigli dei comitati di quartiere) sono regolati da leggi e...","og_url":"https:\/\/www.rijeka.hr\/it\/autogoverno-locale\/atti-normativi-relativi-al-lavoro-dei-comitati-locali\/","og_site_name":"Citt\u00e0 di Fiume","article_modified_time":"2024-04-09T08:21:55+00:00","twitter_card":"summary_large_image","twitter_misc":{"Est. reading time":"1 minute"},"schema":{"@context":"https:\/\/schema.org","@graph":[{"@type":"WebPage","@id":"https:\/\/www.rijeka.hr\/it\/autogoverno-locale\/atti-normativi-relativi-al-lavoro-dei-comitati-locali\/","url":"https:\/\/www.rijeka.hr\/it\/autogoverno-locale\/atti-normativi-relativi-al-lavoro-dei-comitati-locali\/","name":"Atti normativi relativi al lavoro dei comitati di quartiere - Citt\u00e0 di Fiume","isPartOf":{"@id":"https:\/\/www.rijeka.hr\/it\/#website"},"datePublished":"2020-11-03T11:49:59+00:00","dateModified":"2024-04-09T08:21:55+00:00","breadcrumb":{"@id":"https:\/\/www.rijeka.hr\/it\/autogoverno-locale\/atti-normativi-relativi-al-lavoro-dei-comitati-locali\/#breadcrumb"},"inLanguage":"it-IT","potentialAction":[{"@type":"ReadAction","target":["https:\/\/www.rijeka.hr\/it\/autogoverno-locale\/atti-normativi-relativi-al-lavoro-dei-comitati-locali\/"]}]},{"@type":"BreadcrumbList","@id":"https:\/\/www.rijeka.hr\/it\/autogoverno-locale\/atti-normativi-relativi-al-lavoro-dei-comitati-locali\/#breadcrumb","itemListElement":[{"@type":"ListItem","position":1,"name":"Po\u010detna stranica","item":"https:\/\/www.rijeka.hr\/it\/"},{"@type":"ListItem","position":2,"name":"Autogoverno locale","item":"https:\/\/www.rijeka.hr\/it\/autogoverno-locale\/"},{"@type":"ListItem","position":3,"name":"Atti normativi relativi al lavoro dei comitati di quartiere"}]},{"@type":"WebSite","@id":"https:\/\/www.rijeka.hr\/it\/#website","url":"https:\/\/www.rijeka.hr\/it\/","name":"Citt\u00e0 di Fiume","description":"Portale web della Citta&#039; di Fiume","potentialAction":[{"@type":"SearchAction","target":{"@type":"EntryPoint","urlTemplate":"https:\/\/www.rijeka.hr\/it\/?s={search_term_string}"},"query-input":{"@type":"PropertyValueSpecification","valueRequired":true,"valueName":"search_term_string"}}],"inLanguage":"it-IT"}]}},"_links":{"self":[{"href":"https:\/\/www.rijeka.hr\/it\/wp-json\/wp\/v2\/pages\/11528","targetHints":{"allow":["GET"]}}],"collection":[{"href":"https:\/\/www.rijeka.hr\/it\/wp-json\/wp\/v2\/pages"}],"about":[{"href":"https:\/\/www.rijeka.hr\/it\/wp-json\/wp\/v2\/types\/page"}],"author":[{"embeddable":true,"href":"https:\/\/www.rijeka.hr\/it\/wp-json\/wp\/v2\/users\/63"}],"replies":[{"embeddable":true,"href":"https:\/\/www.rijeka.hr\/it\/wp-json\/wp\/v2\/comments?post=11528"}],"version-history":[{"count":3,"href":"https:\/\/www.rijeka.hr\/it\/wp-json\/wp\/v2\/pages\/11528\/revisions"}],"predecessor-version":[{"id":14420,"href":"https:\/\/www.rijeka.hr\/it\/wp-json\/wp\/v2\/pages\/11528\/revisions\/14420"}],"up":[{"embeddable":true,"href":"https:\/\/www.rijeka.hr\/it\/wp-json\/wp\/v2\/pages\/3632"}],"wp:attachment":[{"href":"https:\/\/www.rijeka.hr\/it\/wp-json\/wp\/v2\/media?parent=11528"}],"wp:term":[{"taxonomy":"post_tag","embeddable":true,"href":"https:\/\/www.rijeka.hr\/it\/wp-json\/wp\/v2\/tags?post=11528"}],"curies":[{"name":"wp","href":"https:\/\/api.w.org\/{rel}","templated":true}]}}