{"id":11570,"date":"2020-11-05T14:35:56","date_gmt":"2020-11-05T13:35:56","guid":{"rendered":"https:\/\/www.rijeka.hr\/it\/?page_id=11570"},"modified":"2021-02-10T11:25:47","modified_gmt":"2021-02-10T10:25:47","slug":"attivita-programmatiche-dei-comitati-di-quartiere","status":"publish","type":"page","link":"https:\/\/www.rijeka.hr\/it\/autogoverno-locale\/programma-di-lavoro-dei-comitati-di-quartiere\/attivita-programmatiche-dei-comitati-di-quartiere\/","title":{"rendered":"Attivit\u00e0 programmatiche dei comitati di quartiere"},"content":{"rendered":"<p>In occasione della stesura del programma di lavoro, i consigli dei comitati di quartiere agiscono in maniera indipendente quando scelgono l&#8217;area di lavoro e propongono i nomi delle attivit\u00e0 programmatiche.<\/p>\n<p>Le attivit\u00e0 programmatiche dei consigli dei comitati di quartiere sono legate alla risoluzione dei problemi comunali, ma anche alla realizzazione delle esigenze dei cittadini nel campo della sanit\u00e0 e della previdenza sociale, degli eventi culturali, delle attivit\u00e0 ricreative e sportive, delle iniziative ecologiche, della cura dei bambini, della cura dell&#8217;ambiente, dei cortili degli edifici residenziali ecc.<\/p>\n<p>Le attivit\u00e0 del programma includono:<\/p>\n<ul>\n<li>La stima dello stato di disordine comunale e dei danni alle strutture comunali e ai dispositivi delle infrastrutture comunali e l\u2019avvio di iniziative, attivit\u00e0 che i consigli dei comitati di quartiere intraprenderanno per organizzare il comitato di quartiere e migliorare le condizioni della vita, attivit\u00e0 come l&#8217;avvio di varie iniziative per risolvere il problema delle discariche illegali, l&#8217;avvio di azioni di pulizia delle soffitta e cantine da cose infiammabili, monitorando l&#8217;attuazione del programma annuale di manutenzione delle strutture e dei dispositivi comunali, ecc. I capofila della pianificazione e dell\u2019attuazione sono i consigli dei comitati di quartiere e gli organi di lavoro dei comitati di quartiere (Sottocomitati per le questioni comunali)<\/li>\n<li>Le esigenze dei cittadini, i compiti e le attivit\u00e0 del consiglio del comitato di quartiere nel campo della sanit\u00e0 e della previdenza sociale comprendono attivit\u00e0 quali: misurazione gratuita della pressione sanguigna e della glicemia, varie lezioni di educazione sanitaria, ecc., sostegno alle associazioni che si occupano della prevenzione delle malattie e della ricreazione. Le attivit\u00e0 vengono promosse in collaborazione con l&#8217;Associazione Cittadina della Croce Rossa di Fiume, finanziando la posizione di bilancio del Dipartimento per la sanit\u00e0 e la previdenza sociale. I capofila dell\u2019attuazione sono i consigli dei comitati di quartiere, i sottocomitati per la sanit\u00e0 e la previdenza sociale, medici, infermiere e altri professionisti sanitari.<\/li>\n<li>Il programma volto a soddisfare le esigenze della vita culturale e d\u2019intrattenimento nel territorio del comitato di quartiere include attivit\u00e0 come l&#8217;organizzazione di vari tipi di mostre di artisti dilettanti nel territorio del comitato di quartiere, o professionisti, l\u2019organizzazione di serate culturali e d\u2019intrattenimento, serate di poesia, promozione del dialetto ciacavo, serate filmiche, eventi culturali, concerti, ecc. I capofila dell\u2019attuazione sono i consigli dei comitati di quartiere, i sottocomitati per la cultura presso il comitato di quartiere.<\/li>\n<li>Le esigenze dei cittadini, i compiti e le attivit\u00e0 del consiglio nello sviluppo sostenibile includono attivit\u00e0 dell&#8217;iniziativa per la scelta del giardino, balcone e finestra pi\u00f9 belli nel territorio del comitato di quartiere, l\u2019attuazione di programmi volti a incoraggiare lo sviluppo di giardini ecologici, varie conferenze, ecc. I capofila della pianificazione e dell\u2019attuazione sono i consigli dei comitati di quartiere e i loro organi di lavoro.<\/li>\n<li>La ricreazione sportiva dei cittadini comprende le attivit\u00e0 programmatiche dei consigli che soddisfano le esigenze dei cittadini nel campo dello sport e della cultura tecnica. Le attivit\u00e0 includono l&#8217;organizzazione di vari tornei sportivi con particolare attenzione alle attivit\u00e0 dilettantistiche e ricreative al fine di integrare ulteriormente la comunit\u00e0. I capofila della pianificazione e dell\u2019attuazione sono i consigli dei comitati di quartiere e i sottocomitati per lo sport presso i comitati di quartiere, le societ\u00e0 sportive e le associazioni operanti nel territorio del comitato di quartiere.<\/li>\n<li>Le esigenze dei cittadini, i compiti e le attivit\u00e0 dei consigli nel campo della cura dei bambini, dell&#8217;istruzione e dell&#8217;educazione includono attivit\u00e0 di organizzazione di sale giochi per bambini e laboratori creativi per bambini in et\u00e0 prescolare che non frequentano la scuola materna, gare sportive, laboratori ecologici, l \u2019organizzazione di programmi e regali in occasione di San Nicola o Babbo Natale, organizzazione di vari eventi per bambini, ecc. I capofila dell&#8217;attuazione e della pianificazione sono i consigli dei comitati di quartiere, i sottocomitati per la cura dei bambini, le scuole primarie e gli asili nel territorio del comitato di quartier, associazioni.<\/li>\n<li>Le esigenze dei cittadini, i compiti e le attivit\u00e0 del consiglio nel campo dell&#8217;ecologia includono attivit\u00e0 di pulizia di discariche illegali, l\u2019organizzazione di azioni ambientali, la partecipazione diretta dei cittadini alla sistemazione dell\u2019ambiente, l\u2019organizzazione di mostre e conferenze in date importanti legate all&#8217;ambiente e allo sviluppo sostenibile, ecc. I capofila dell&#8217;attuazione e della pianificazione sono i consigli dei comitati di quartiere, i sottocomitati per l&#8217;ecologia, la municipalizzata \u201c\u010cisto\u0107a\u201d, il Dipartimento per gli affari comunali.<\/li>\n<\/ul>\n<p>Le altre attivit\u00e0 del consiglio includono attivit\u00e0 volte a stabilire la cooperazione con associazioni, il settore imprenditoriale e le istituzioni nel territorio del comitato di quartiere, l\u2019organizzazione di assemblee locali dei cittadini, una partecipazione aggiuntiva dei consigli e dei \u00a0sottocomitati nella creazione migliore e pi\u00f9 significativa dei siti web dei comitati di quartiere, la creazione di nuovi sottocomitati, un\u2019animazione aggiuntiva dei cittadini nell\u2019attuazione dei programmi di lavoro, la creazione e la distribuzione di volantini o opuscoli sul lavoro del comitato di quartiere nel periodo passato, sondaggi tar i cittadini per determinare le priorit\u00e0 per la risoluzione nel prossimo periodo, ecc.<\/p>\n","protected":false},"excerpt":{"rendered":"<p>In occasione della stesura del programma di lavoro, i consigli dei comitati di quartiere agiscono in maniera indipendente quando scelgono l&#8217;area di lavoro e propongono i nomi delle attivit\u00e0 programmatiche. Le attivit\u00e0 programmatiche dei consigli dei comitati di quartiere sono legate alla risoluzione dei problemi comunali, ma anche alla realizzazione delle esigenze dei cittadini nel&#8230;<\/p>\n","protected":false},"author":8,"featured_media":0,"parent":11563,"menu_order":0,"comment_status":"closed","ping_status":"closed","template":"","meta":{"_acf_changed":false,"_trash_the_other_posts":false,"footnotes":"","_links_to":"","_links_to_target":""},"tags":[],"class_list":["post-11570","page","type-page","status-publish","hentry"],"acf":[],"yoast_head":"<!-- This site is optimized with the Yoast SEO plugin v24.4 - https:\/\/yoast.com\/wordpress\/plugins\/seo\/ -->\n<title>Attivit\u00e0 programmatiche dei comitati di quartiere - Citt\u00e0 di Fiume<\/title>\n<meta name=\"robots\" content=\"index, follow, max-snippet:-1, max-image-preview:large, max-video-preview:-1\" \/>\n<link rel=\"canonical\" href=\"https:\/\/www.rijeka.hr\/it\/autogoverno-locale\/programma-di-lavoro-dei-comitati-di-quartiere\/attivita-programmatiche-dei-comitati-di-quartiere\/\" \/>\n<meta property=\"og:locale\" content=\"it_IT\" \/>\n<meta property=\"og:type\" content=\"article\" \/>\n<meta property=\"og:title\" content=\"Attivit\u00e0 programmatiche dei comitati di quartiere - Citt\u00e0 di Fiume\" \/>\n<meta property=\"og:description\" content=\"In occasione della stesura del programma di lavoro, i consigli dei comitati di quartiere agiscono in maniera indipendente quando scelgono l&#8217;area di lavoro e propongono i nomi delle attivit\u00e0 programmatiche. Le attivit\u00e0 programmatiche dei consigli dei comitati di quartiere sono legate alla risoluzione dei problemi comunali, ma anche alla realizzazione delle esigenze dei cittadini nel...\" \/>\n<meta property=\"og:url\" content=\"https:\/\/www.rijeka.hr\/it\/autogoverno-locale\/programma-di-lavoro-dei-comitati-di-quartiere\/attivita-programmatiche-dei-comitati-di-quartiere\/\" \/>\n<meta property=\"og:site_name\" content=\"Citt\u00e0 di Fiume\" \/>\n<meta property=\"article:modified_time\" content=\"2021-02-10T10:25:47+00:00\" \/>\n<meta name=\"twitter:card\" content=\"summary_large_image\" \/>\n<meta name=\"twitter:label1\" content=\"Est. reading time\" \/>\n\t<meta name=\"twitter:data1\" content=\"4 minutes\" \/>\n<script type=\"application\/ld+json\" class=\"yoast-schema-graph\">{\"@context\":\"https:\/\/schema.org\",\"@graph\":[{\"@type\":\"WebPage\",\"@id\":\"https:\/\/www.rijeka.hr\/it\/autogoverno-locale\/programma-di-lavoro-dei-comitati-di-quartiere\/attivita-programmatiche-dei-comitati-di-quartiere\/\",\"url\":\"https:\/\/www.rijeka.hr\/it\/autogoverno-locale\/programma-di-lavoro-dei-comitati-di-quartiere\/attivita-programmatiche-dei-comitati-di-quartiere\/\",\"name\":\"Attivit\u00e0 programmatiche dei comitati di quartiere - Citt\u00e0 di Fiume\",\"isPartOf\":{\"@id\":\"https:\/\/www.rijeka.hr\/it\/#website\"},\"datePublished\":\"2020-11-05T13:35:56+00:00\",\"dateModified\":\"2021-02-10T10:25:47+00:00\",\"breadcrumb\":{\"@id\":\"https:\/\/www.rijeka.hr\/it\/autogoverno-locale\/programma-di-lavoro-dei-comitati-di-quartiere\/attivita-programmatiche-dei-comitati-di-quartiere\/#breadcrumb\"},\"inLanguage\":\"it-IT\",\"potentialAction\":[{\"@type\":\"ReadAction\",\"target\":[\"https:\/\/www.rijeka.hr\/it\/autogoverno-locale\/programma-di-lavoro-dei-comitati-di-quartiere\/attivita-programmatiche-dei-comitati-di-quartiere\/\"]}]},{\"@type\":\"BreadcrumbList\",\"@id\":\"https:\/\/www.rijeka.hr\/it\/autogoverno-locale\/programma-di-lavoro-dei-comitati-di-quartiere\/attivita-programmatiche-dei-comitati-di-quartiere\/#breadcrumb\",\"itemListElement\":[{\"@type\":\"ListItem\",\"position\":1,\"name\":\"Po\u010detna stranica\",\"item\":\"https:\/\/www.rijeka.hr\/it\/\"},{\"@type\":\"ListItem\",\"position\":2,\"name\":\"Autogoverno locale\",\"item\":\"https:\/\/www.rijeka.hr\/it\/autogoverno-locale\/\"},{\"@type\":\"ListItem\",\"position\":3,\"name\":\"Programma di lavoro dei comitati di quartiere\",\"item\":\"https:\/\/www.rijeka.hr\/it\/autogoverno-locale\/programma-di-lavoro-dei-comitati-di-quartiere\/\"},{\"@type\":\"ListItem\",\"position\":4,\"name\":\"Attivit\u00e0 programmatiche dei comitati di quartiere\"}]},{\"@type\":\"WebSite\",\"@id\":\"https:\/\/www.rijeka.hr\/it\/#website\",\"url\":\"https:\/\/www.rijeka.hr\/it\/\",\"name\":\"Citt\u00e0 di Fiume\",\"description\":\"Portale web della Citta&#039; di Fiume\",\"potentialAction\":[{\"@type\":\"SearchAction\",\"target\":{\"@type\":\"EntryPoint\",\"urlTemplate\":\"https:\/\/www.rijeka.hr\/it\/?s={search_term_string}\"},\"query-input\":{\"@type\":\"PropertyValueSpecification\",\"valueRequired\":true,\"valueName\":\"search_term_string\"}}],\"inLanguage\":\"it-IT\"}]}<\/script>\n<!-- \/ Yoast SEO plugin. -->","yoast_head_json":{"title":"Attivit\u00e0 programmatiche dei comitati di quartiere - Citt\u00e0 di Fiume","robots":{"index":"index","follow":"follow","max-snippet":"max-snippet:-1","max-image-preview":"max-image-preview:large","max-video-preview":"max-video-preview:-1"},"canonical":"https:\/\/www.rijeka.hr\/it\/autogoverno-locale\/programma-di-lavoro-dei-comitati-di-quartiere\/attivita-programmatiche-dei-comitati-di-quartiere\/","og_locale":"it_IT","og_type":"article","og_title":"Attivit\u00e0 programmatiche dei comitati di quartiere - Citt\u00e0 di Fiume","og_description":"In occasione della stesura del programma di lavoro, i consigli dei comitati di quartiere agiscono in maniera indipendente quando scelgono l&#8217;area di lavoro e propongono i nomi delle attivit\u00e0 programmatiche. Le attivit\u00e0 programmatiche dei consigli dei comitati di quartiere sono legate alla risoluzione dei problemi comunali, ma anche alla realizzazione delle esigenze dei cittadini nel...","og_url":"https:\/\/www.rijeka.hr\/it\/autogoverno-locale\/programma-di-lavoro-dei-comitati-di-quartiere\/attivita-programmatiche-dei-comitati-di-quartiere\/","og_site_name":"Citt\u00e0 di Fiume","article_modified_time":"2021-02-10T10:25:47+00:00","twitter_card":"summary_large_image","twitter_misc":{"Est. reading time":"4 minutes"},"schema":{"@context":"https:\/\/schema.org","@graph":[{"@type":"WebPage","@id":"https:\/\/www.rijeka.hr\/it\/autogoverno-locale\/programma-di-lavoro-dei-comitati-di-quartiere\/attivita-programmatiche-dei-comitati-di-quartiere\/","url":"https:\/\/www.rijeka.hr\/it\/autogoverno-locale\/programma-di-lavoro-dei-comitati-di-quartiere\/attivita-programmatiche-dei-comitati-di-quartiere\/","name":"Attivit\u00e0 programmatiche dei comitati di quartiere - Citt\u00e0 di Fiume","isPartOf":{"@id":"https:\/\/www.rijeka.hr\/it\/#website"},"datePublished":"2020-11-05T13:35:56+00:00","dateModified":"2021-02-10T10:25:47+00:00","breadcrumb":{"@id":"https:\/\/www.rijeka.hr\/it\/autogoverno-locale\/programma-di-lavoro-dei-comitati-di-quartiere\/attivita-programmatiche-dei-comitati-di-quartiere\/#breadcrumb"},"inLanguage":"it-IT","potentialAction":[{"@type":"ReadAction","target":["https:\/\/www.rijeka.hr\/it\/autogoverno-locale\/programma-di-lavoro-dei-comitati-di-quartiere\/attivita-programmatiche-dei-comitati-di-quartiere\/"]}]},{"@type":"BreadcrumbList","@id":"https:\/\/www.rijeka.hr\/it\/autogoverno-locale\/programma-di-lavoro-dei-comitati-di-quartiere\/attivita-programmatiche-dei-comitati-di-quartiere\/#breadcrumb","itemListElement":[{"@type":"ListItem","position":1,"name":"Po\u010detna stranica","item":"https:\/\/www.rijeka.hr\/it\/"},{"@type":"ListItem","position":2,"name":"Autogoverno locale","item":"https:\/\/www.rijeka.hr\/it\/autogoverno-locale\/"},{"@type":"ListItem","position":3,"name":"Programma di lavoro dei comitati di quartiere","item":"https:\/\/www.rijeka.hr\/it\/autogoverno-locale\/programma-di-lavoro-dei-comitati-di-quartiere\/"},{"@type":"ListItem","position":4,"name":"Attivit\u00e0 programmatiche dei comitati di quartiere"}]},{"@type":"WebSite","@id":"https:\/\/www.rijeka.hr\/it\/#website","url":"https:\/\/www.rijeka.hr\/it\/","name":"Citt\u00e0 di Fiume","description":"Portale web della Citta&#039; di Fiume","potentialAction":[{"@type":"SearchAction","target":{"@type":"EntryPoint","urlTemplate":"https:\/\/www.rijeka.hr\/it\/?s={search_term_string}"},"query-input":{"@type":"PropertyValueSpecification","valueRequired":true,"valueName":"search_term_string"}}],"inLanguage":"it-IT"}]}},"_links":{"self":[{"href":"https:\/\/www.rijeka.hr\/it\/wp-json\/wp\/v2\/pages\/11570","targetHints":{"allow":["GET"]}}],"collection":[{"href":"https:\/\/www.rijeka.hr\/it\/wp-json\/wp\/v2\/pages"}],"about":[{"href":"https:\/\/www.rijeka.hr\/it\/wp-json\/wp\/v2\/types\/page"}],"author":[{"embeddable":true,"href":"https:\/\/www.rijeka.hr\/it\/wp-json\/wp\/v2\/users\/8"}],"replies":[{"embeddable":true,"href":"https:\/\/www.rijeka.hr\/it\/wp-json\/wp\/v2\/comments?post=11570"}],"version-history":[{"count":3,"href":"https:\/\/www.rijeka.hr\/it\/wp-json\/wp\/v2\/pages\/11570\/revisions"}],"predecessor-version":[{"id":11573,"href":"https:\/\/www.rijeka.hr\/it\/wp-json\/wp\/v2\/pages\/11570\/revisions\/11573"}],"up":[{"embeddable":true,"href":"https:\/\/www.rijeka.hr\/it\/wp-json\/wp\/v2\/pages\/11563"}],"wp:attachment":[{"href":"https:\/\/www.rijeka.hr\/it\/wp-json\/wp\/v2\/media?parent=11570"}],"wp:term":[{"taxonomy":"post_tag","embeddable":true,"href":"https:\/\/www.rijeka.hr\/it\/wp-json\/wp\/v2\/tags?post=11570"}],"curies":[{"name":"wp","href":"https:\/\/api.w.org\/{rel}","templated":true}]}}