{"id":11574,"date":"2020-11-05T14:37:21","date_gmt":"2020-11-05T13:37:21","guid":{"rendered":"https:\/\/www.rijeka.hr\/it\/?page_id=11574"},"modified":"2021-02-04T13:46:39","modified_gmt":"2021-02-04T12:46:39","slug":"la-pubblicita-e-la-visibilita-del-lavoro-dellautogoverno-locale","status":"publish","type":"page","link":"https:\/\/www.rijeka.hr\/it\/autogoverno-locale\/la-pubblicita-e-la-visibilita-del-lavoro-dellautogoverno-locale\/","title":{"rendered":"La pubblicit\u00e0 e la visibilit\u00e0 del lavoro dell&#8217;autogoverno locale"},"content":{"rendered":"<p>L&#8217;intero lavoro dei comitati di quartiere e dei suoi organi viene pubblico ed \u00e8 disponibile a tutti i cittadini della citt\u00e0 di Fiume e pi\u00f9 ampiamente. Le attivit\u00e0 e il lavoro dei consigli dei comitati di quartiere con tutti gli atti, programmi e piani sono visibili principalmente sul sito web di ogni comitato di quartiere, sui media locali, sui fogli informativi dei comitati locali.<\/p>\n<p>Le sedute dei consigli dei comitati di quartiere e delle assemblee dei cittadini sono pubbliche. Le attivit\u00e0 e il lavoro del consiglio sono visibili sui siti web dei singoli comitati di quartiere, sui media locali e sui bollettini dei comitati di quartiere. I consigli usano anche cartelloni pubblicitari per annunciare eventi e per fornire vari avvisi ai cittadini.<\/p>\n<p>I verbali delle sedute vengono pubblicati sul sito web del comitato di quartiere, che \u00e8 il &#8220;luogo&#8221; pi\u00f9 completo e pi\u00f9 visibile che contiene quasi tutte le informazioni sul lavoro del consiglio di quartiere e dei suoi organi di lavoro. La massima visibilit\u00e0 dell&#8217;intero lavoro e delle attivit\u00e0 del consiglio, dei programmi adottati e dei piani di attivit\u00e0, delle relazioni sull&#8217;attuazione dei programmi e sulla spesa dei fondi nonch\u00e9 altre informazioni e curiosit\u00e0 utili, i cittadini possono ottenere sul sito web del loro comitato di quartiere attraverso il quale possono comunicare con il consiglio tramite la rubrica \u201cManda una domanda al tuo comitato di quartiere\u201d.<\/p>\n<p>Le pagine web possono essere trovate sul sito web della Citt\u00e0 di Fiume, e i contenuti sulle pagine web del comitato di quartiere sono pubblicati, scaricati e parzialmente modificati dai segretari del comitato di quartiere (cosiddetta \u201cparte obbligatoria\u201d), e le redazioni partecipano alla creazione o alla creazione diretta del resto dei contenuti. (curiosit\u00e0, recensioni, commenti, ecc.).<\/p>\n<p>Alcuni consigli dei comitati di quartiere utilizzano le assemblee locali dei cittadini come una forma di comunicazione bidirezionale con i cittadini in cui i Consigli informano i cittadini sul loro lavoro e sulle attivit\u00e0, e i cittadini hanno l&#8217;opportunit\u00e0 di esprimere i loro problemi, bisogni e interessi, mentre alcuni Consigli dei comitati di quartiere stampano newsletter (newsletter, giornali) allo scopo di informare i cittadini.<\/p>\n<p>&nbsp;<\/p>\n","protected":false},"excerpt":{"rendered":"<p>L&#8217;intero lavoro dei comitati di quartiere e dei suoi organi viene pubblico ed \u00e8 disponibile a tutti i cittadini della citt\u00e0 di Fiume e pi\u00f9 ampiamente. Le attivit\u00e0 e il lavoro dei consigli dei comitati di quartiere con tutti gli atti, programmi e piani sono visibili principalmente sul sito web di ogni comitato di quartiere,&#8230;<\/p>\n","protected":false},"author":8,"featured_media":0,"parent":3632,"menu_order":0,"comment_status":"closed","ping_status":"closed","template":"","meta":{"_acf_changed":false,"_trash_the_other_posts":false,"footnotes":"","_links_to":"","_links_to_target":""},"tags":[],"class_list":["post-11574","page","type-page","status-publish","hentry"],"acf":[],"yoast_head":"<!-- This site is optimized with the Yoast SEO plugin v24.4 - https:\/\/yoast.com\/wordpress\/plugins\/seo\/ -->\n<title>La pubblicit\u00e0 e la visibilit\u00e0 del lavoro dell&#039;autogoverno locale - Citt\u00e0 di Fiume<\/title>\n<meta name=\"robots\" content=\"index, follow, max-snippet:-1, max-image-preview:large, max-video-preview:-1\" \/>\n<link rel=\"canonical\" href=\"https:\/\/www.rijeka.hr\/it\/autogoverno-locale\/la-pubblicita-e-la-visibilita-del-lavoro-dellautogoverno-locale\/\" \/>\n<meta property=\"og:locale\" content=\"it_IT\" \/>\n<meta property=\"og:type\" content=\"article\" \/>\n<meta property=\"og:title\" content=\"La pubblicit\u00e0 e la visibilit\u00e0 del lavoro dell&#039;autogoverno locale - Citt\u00e0 di Fiume\" \/>\n<meta property=\"og:description\" content=\"L&#8217;intero lavoro dei comitati di quartiere e dei suoi organi viene pubblico ed \u00e8 disponibile a tutti i cittadini della citt\u00e0 di Fiume e pi\u00f9 ampiamente. Le attivit\u00e0 e il lavoro dei consigli dei comitati di quartiere con tutti gli atti, programmi e piani sono visibili principalmente sul sito web di ogni comitato di quartiere,...\" \/>\n<meta property=\"og:url\" content=\"https:\/\/www.rijeka.hr\/it\/autogoverno-locale\/la-pubblicita-e-la-visibilita-del-lavoro-dellautogoverno-locale\/\" \/>\n<meta property=\"og:site_name\" content=\"Citt\u00e0 di Fiume\" \/>\n<meta property=\"article:modified_time\" content=\"2021-02-04T12:46:39+00:00\" \/>\n<meta name=\"twitter:card\" content=\"summary_large_image\" \/>\n<meta name=\"twitter:label1\" content=\"Est. reading time\" \/>\n\t<meta name=\"twitter:data1\" content=\"2 minutes\" \/>\n<script type=\"application\/ld+json\" class=\"yoast-schema-graph\">{\"@context\":\"https:\/\/schema.org\",\"@graph\":[{\"@type\":\"WebPage\",\"@id\":\"https:\/\/www.rijeka.hr\/it\/autogoverno-locale\/la-pubblicita-e-la-visibilita-del-lavoro-dellautogoverno-locale\/\",\"url\":\"https:\/\/www.rijeka.hr\/it\/autogoverno-locale\/la-pubblicita-e-la-visibilita-del-lavoro-dellautogoverno-locale\/\",\"name\":\"La pubblicit\u00e0 e la visibilit\u00e0 del lavoro dell'autogoverno locale - Citt\u00e0 di Fiume\",\"isPartOf\":{\"@id\":\"https:\/\/www.rijeka.hr\/it\/#website\"},\"datePublished\":\"2020-11-05T13:37:21+00:00\",\"dateModified\":\"2021-02-04T12:46:39+00:00\",\"breadcrumb\":{\"@id\":\"https:\/\/www.rijeka.hr\/it\/autogoverno-locale\/la-pubblicita-e-la-visibilita-del-lavoro-dellautogoverno-locale\/#breadcrumb\"},\"inLanguage\":\"it-IT\",\"potentialAction\":[{\"@type\":\"ReadAction\",\"target\":[\"https:\/\/www.rijeka.hr\/it\/autogoverno-locale\/la-pubblicita-e-la-visibilita-del-lavoro-dellautogoverno-locale\/\"]}]},{\"@type\":\"BreadcrumbList\",\"@id\":\"https:\/\/www.rijeka.hr\/it\/autogoverno-locale\/la-pubblicita-e-la-visibilita-del-lavoro-dellautogoverno-locale\/#breadcrumb\",\"itemListElement\":[{\"@type\":\"ListItem\",\"position\":1,\"name\":\"Po\u010detna stranica\",\"item\":\"https:\/\/www.rijeka.hr\/it\/\"},{\"@type\":\"ListItem\",\"position\":2,\"name\":\"Autogoverno locale\",\"item\":\"https:\/\/www.rijeka.hr\/it\/autogoverno-locale\/\"},{\"@type\":\"ListItem\",\"position\":3,\"name\":\"La pubblicit\u00e0 e la visibilit\u00e0 del lavoro dell&#8217;autogoverno locale\"}]},{\"@type\":\"WebSite\",\"@id\":\"https:\/\/www.rijeka.hr\/it\/#website\",\"url\":\"https:\/\/www.rijeka.hr\/it\/\",\"name\":\"Citt\u00e0 di Fiume\",\"description\":\"Portale web della Citta&#039; di Fiume\",\"potentialAction\":[{\"@type\":\"SearchAction\",\"target\":{\"@type\":\"EntryPoint\",\"urlTemplate\":\"https:\/\/www.rijeka.hr\/it\/?s={search_term_string}\"},\"query-input\":{\"@type\":\"PropertyValueSpecification\",\"valueRequired\":true,\"valueName\":\"search_term_string\"}}],\"inLanguage\":\"it-IT\"}]}<\/script>\n<!-- \/ Yoast SEO plugin. -->","yoast_head_json":{"title":"La pubblicit\u00e0 e la visibilit\u00e0 del lavoro dell'autogoverno locale - Citt\u00e0 di Fiume","robots":{"index":"index","follow":"follow","max-snippet":"max-snippet:-1","max-image-preview":"max-image-preview:large","max-video-preview":"max-video-preview:-1"},"canonical":"https:\/\/www.rijeka.hr\/it\/autogoverno-locale\/la-pubblicita-e-la-visibilita-del-lavoro-dellautogoverno-locale\/","og_locale":"it_IT","og_type":"article","og_title":"La pubblicit\u00e0 e la visibilit\u00e0 del lavoro dell'autogoverno locale - Citt\u00e0 di Fiume","og_description":"L&#8217;intero lavoro dei comitati di quartiere e dei suoi organi viene pubblico ed \u00e8 disponibile a tutti i cittadini della citt\u00e0 di Fiume e pi\u00f9 ampiamente. Le attivit\u00e0 e il lavoro dei consigli dei comitati di quartiere con tutti gli atti, programmi e piani sono visibili principalmente sul sito web di ogni comitato di quartiere,...","og_url":"https:\/\/www.rijeka.hr\/it\/autogoverno-locale\/la-pubblicita-e-la-visibilita-del-lavoro-dellautogoverno-locale\/","og_site_name":"Citt\u00e0 di Fiume","article_modified_time":"2021-02-04T12:46:39+00:00","twitter_card":"summary_large_image","twitter_misc":{"Est. reading time":"2 minutes"},"schema":{"@context":"https:\/\/schema.org","@graph":[{"@type":"WebPage","@id":"https:\/\/www.rijeka.hr\/it\/autogoverno-locale\/la-pubblicita-e-la-visibilita-del-lavoro-dellautogoverno-locale\/","url":"https:\/\/www.rijeka.hr\/it\/autogoverno-locale\/la-pubblicita-e-la-visibilita-del-lavoro-dellautogoverno-locale\/","name":"La pubblicit\u00e0 e la visibilit\u00e0 del lavoro dell'autogoverno locale - Citt\u00e0 di Fiume","isPartOf":{"@id":"https:\/\/www.rijeka.hr\/it\/#website"},"datePublished":"2020-11-05T13:37:21+00:00","dateModified":"2021-02-04T12:46:39+00:00","breadcrumb":{"@id":"https:\/\/www.rijeka.hr\/it\/autogoverno-locale\/la-pubblicita-e-la-visibilita-del-lavoro-dellautogoverno-locale\/#breadcrumb"},"inLanguage":"it-IT","potentialAction":[{"@type":"ReadAction","target":["https:\/\/www.rijeka.hr\/it\/autogoverno-locale\/la-pubblicita-e-la-visibilita-del-lavoro-dellautogoverno-locale\/"]}]},{"@type":"BreadcrumbList","@id":"https:\/\/www.rijeka.hr\/it\/autogoverno-locale\/la-pubblicita-e-la-visibilita-del-lavoro-dellautogoverno-locale\/#breadcrumb","itemListElement":[{"@type":"ListItem","position":1,"name":"Po\u010detna stranica","item":"https:\/\/www.rijeka.hr\/it\/"},{"@type":"ListItem","position":2,"name":"Autogoverno locale","item":"https:\/\/www.rijeka.hr\/it\/autogoverno-locale\/"},{"@type":"ListItem","position":3,"name":"La pubblicit\u00e0 e la visibilit\u00e0 del lavoro dell&#8217;autogoverno locale"}]},{"@type":"WebSite","@id":"https:\/\/www.rijeka.hr\/it\/#website","url":"https:\/\/www.rijeka.hr\/it\/","name":"Citt\u00e0 di Fiume","description":"Portale web della Citta&#039; di Fiume","potentialAction":[{"@type":"SearchAction","target":{"@type":"EntryPoint","urlTemplate":"https:\/\/www.rijeka.hr\/it\/?s={search_term_string}"},"query-input":{"@type":"PropertyValueSpecification","valueRequired":true,"valueName":"search_term_string"}}],"inLanguage":"it-IT"}]}},"_links":{"self":[{"href":"https:\/\/www.rijeka.hr\/it\/wp-json\/wp\/v2\/pages\/11574","targetHints":{"allow":["GET"]}}],"collection":[{"href":"https:\/\/www.rijeka.hr\/it\/wp-json\/wp\/v2\/pages"}],"about":[{"href":"https:\/\/www.rijeka.hr\/it\/wp-json\/wp\/v2\/types\/page"}],"author":[{"embeddable":true,"href":"https:\/\/www.rijeka.hr\/it\/wp-json\/wp\/v2\/users\/8"}],"replies":[{"embeddable":true,"href":"https:\/\/www.rijeka.hr\/it\/wp-json\/wp\/v2\/comments?post=11574"}],"version-history":[{"count":3,"href":"https:\/\/www.rijeka.hr\/it\/wp-json\/wp\/v2\/pages\/11574\/revisions"}],"predecessor-version":[{"id":11578,"href":"https:\/\/www.rijeka.hr\/it\/wp-json\/wp\/v2\/pages\/11574\/revisions\/11578"}],"up":[{"embeddable":true,"href":"https:\/\/www.rijeka.hr\/it\/wp-json\/wp\/v2\/pages\/3632"}],"wp:attachment":[{"href":"https:\/\/www.rijeka.hr\/it\/wp-json\/wp\/v2\/media?parent=11574"}],"wp:term":[{"taxonomy":"post_tag","embeddable":true,"href":"https:\/\/www.rijeka.hr\/it\/wp-json\/wp\/v2\/tags?post=11574"}],"curies":[{"name":"wp","href":"https:\/\/api.w.org\/{rel}","templated":true}]}}