{"id":12043,"date":"2021-01-07T12:56:30","date_gmt":"2021-01-07T11:56:30","guid":{"rendered":"https:\/\/www.rijeka.hr\/it\/?page_id=12043"},"modified":"2023-11-29T11:35:54","modified_gmt":"2023-11-29T10:35:54","slug":"consigli-culturali-della-citta-di-fiume","status":"publish","type":"page","link":"https:\/\/www.rijeka.hr\/it\/temi-per-i-cittadini\/cultura\/necessita-pubbliche-nel-campo-della-cultura\/consigli-culturali-della-citta-di-fiume\/","title":{"rendered":"Consigli culturali della Citt\u00e0 di Fiume"},"content":{"rendered":"<p>L&#8217;istituzione dei Consigli culturali a livello locale \u00e8 prescritta dalla Legge sui consigli culturali (Gazzetta Ufficiale nn. 48\/04, 44\/09 e 68\/13).<\/p>\n<p>I Consigli culturali vengono istituiti con l\u2019atto adottato dagli organi rappresentativi. Le decisioni relative all&#8217;organizzazione e alla composizione dei consigli culturali della Citt\u00e0 di Fiume sono pubblicate nella Gazzetta ufficiale della Regione litoraneo \u2013 montana 15\/12, 5\/13 e 33\/13 e nella Gazzetta ufficiale della Citt\u00e0 di Fiume 13\/19).<\/p>\n<p>Membri del Consiglio culturale per la Musica:<\/p>\n<ul>\n<li><strong>Daniela Perkovi\u0107,<\/strong> mag.mus., mag.musicol.<\/li>\n<li><strong>Ton\u010di Grabu\u0161i\u0107<\/strong><\/li>\n<li><strong>Ivan Popeski\u0107.<\/strong><\/li>\n<\/ul>\n<p>Membri del Consiglio culturale per le Arti drammatiche, la danza e il movimento:<\/p>\n<ul>\n<li>dr.sc. <strong>Mario Kova\u010d<\/strong><\/li>\n<li><strong>Senka Baru\u0161ka<\/strong>, dipl. scenski umjetnik &#8211; koreograf<\/li>\n<li>izv.prof.dr.sc. <strong>Maja Verdonik<\/strong>.<\/li>\n<\/ul>\n<p>Membri del Consiglio culturale per l&#8217;attivit\u00e0 audiovisiva:<\/p>\n<ul>\n<li><strong>Ana \u0160egrt<\/strong>, mag.cult.<\/li>\n<li><strong>Iva Kraljevi\u0107<\/strong>, mag.soc.<\/li>\n<li><strong>Rea Raj\u010di\u0107<\/strong> mag. art.<\/li>\n<\/ul>\n<p>Membri del Consiglio culturale per l&#8217;attivit\u00e0 letteraria:<\/p>\n<ul>\n<li>dr.sc. <strong>Alica Kolari\u0107<\/strong><\/li>\n<li><strong>Ivan Mi\u0161kulin<\/strong>, mag.educ.philol.croat.et.hist.<\/li>\n<li><strong>Rikardo Staraj<\/strong><\/li>\n<\/ul>\n<p>Membri del Consiglio culturale per l&#8217;attivit\u00e0 museale e le arti visive:<\/p>\n<ul>\n<li>mr.sc. <strong>Daina Glavo\u010di\u0107<\/strong><\/li>\n<li><strong>Damir Bo\u017ei\u0107<\/strong>, prof.<\/li>\n<li><strong>Vilma Bartoli\u0107,<\/strong> prof<\/li>\n<\/ul>\n<p>Membri del Consiglio culturale per le pratiche artistiche e culturali innovative:<\/p>\n<ul>\n<li>mr.sc. <strong>Ingeborg F\u00fclepp<\/strong>, mag.art.<\/li>\n<li>mr.sc. <strong>Ksenija Orelj<\/strong><\/li>\n<li><strong>Ana Jur\u010di\u0107<\/strong>, mag.cult<\/li>\n<\/ul>\n<p>Membri del Consiglio Culturale per la Protezione e la Conservazione del Patrimonio Culturale:<\/p>\n<ul>\n<li>dr.sc. <strong>Nana Palini\u0107,<\/strong> izv.prof.<\/li>\n<li>dr.sc. <strong>Palma Karkovi\u0107 Takali\u0107<\/strong><\/li>\n<li><strong>Ivan Braut<\/strong>, mag.edu.<\/li>\n<\/ul>\n<p>I membri dei consigli culturali della Citt\u00e0 di Fiume sono stati nominati dal Consiglio cittadino nelle sedute tenutesi il 31 marzo\u00a0 2021.<\/p>\n<p>La valutazione professionale delle proposte presentate di programmi culturali nella comunit\u00e0, i programmi per i giovani ed eventi, a causa della loro interdisciplinariet\u00e0 e diversit\u00e0, viene effettuata dalle Commissioni professionali composte da rappresentanti di quei consigli culturali della Citt\u00e0 di Fiume che sono competenti per le attivit\u00e0 culturali che rientrano nelle proposte di programma.<\/p>\n","protected":false},"excerpt":{"rendered":"<p>L&#8217;istituzione dei Consigli culturali a livello locale \u00e8 prescritta dalla Legge sui consigli culturali (Gazzetta Ufficiale nn. 48\/04, 44\/09 e 68\/13). I Consigli culturali vengono istituiti con l\u2019atto adottato dagli organi rappresentativi. Le decisioni relative all&#8217;organizzazione e alla composizione dei consigli culturali della Citt\u00e0 di Fiume sono pubblicate nella Gazzetta ufficiale della Regione litoraneo \u2013&#8230;<\/p>\n","protected":false},"author":14,"featured_media":0,"parent":1072,"menu_order":0,"comment_status":"closed","ping_status":"closed","template":"","meta":{"_acf_changed":false,"_trash_the_other_posts":false,"footnotes":"","_links_to":"","_links_to_target":""},"tags":[],"class_list":["post-12043","page","type-page","status-publish","hentry"],"acf":[],"yoast_head":"<!-- This site is optimized with the Yoast SEO plugin v24.4 - https:\/\/yoast.com\/wordpress\/plugins\/seo\/ -->\n<title>Consigli culturali della Citt\u00e0 di Fiume - Citt\u00e0 di Fiume<\/title>\n<meta name=\"robots\" content=\"index, follow, max-snippet:-1, max-image-preview:large, max-video-preview:-1\" \/>\n<link rel=\"canonical\" href=\"https:\/\/www.rijeka.hr\/it\/temi-per-i-cittadini\/cultura\/necessita-pubbliche-nel-campo-della-cultura\/consigli-culturali-della-citta-di-fiume\/\" \/>\n<meta property=\"og:locale\" content=\"it_IT\" \/>\n<meta property=\"og:type\" content=\"article\" \/>\n<meta property=\"og:title\" content=\"Consigli culturali della Citt\u00e0 di Fiume - Citt\u00e0 di Fiume\" \/>\n<meta property=\"og:description\" content=\"L&#8217;istituzione dei Consigli culturali a livello locale \u00e8 prescritta dalla Legge sui consigli culturali (Gazzetta Ufficiale nn. 48\/04, 44\/09 e 68\/13). I Consigli culturali vengono istituiti con l\u2019atto adottato dagli organi rappresentativi. Le decisioni relative all&#8217;organizzazione e alla composizione dei consigli culturali della Citt\u00e0 di Fiume sono pubblicate nella Gazzetta ufficiale della Regione litoraneo \u2013...\" \/>\n<meta property=\"og:url\" content=\"https:\/\/www.rijeka.hr\/it\/temi-per-i-cittadini\/cultura\/necessita-pubbliche-nel-campo-della-cultura\/consigli-culturali-della-citta-di-fiume\/\" \/>\n<meta property=\"og:site_name\" content=\"Citt\u00e0 di Fiume\" \/>\n<meta property=\"article:modified_time\" content=\"2023-11-29T10:35:54+00:00\" \/>\n<meta name=\"twitter:card\" content=\"summary_large_image\" \/>\n<meta name=\"twitter:label1\" content=\"Est. reading time\" \/>\n\t<meta name=\"twitter:data1\" content=\"2 minutes\" \/>\n<script type=\"application\/ld+json\" class=\"yoast-schema-graph\">{\"@context\":\"https:\/\/schema.org\",\"@graph\":[{\"@type\":\"WebPage\",\"@id\":\"https:\/\/www.rijeka.hr\/it\/temi-per-i-cittadini\/cultura\/necessita-pubbliche-nel-campo-della-cultura\/consigli-culturali-della-citta-di-fiume\/\",\"url\":\"https:\/\/www.rijeka.hr\/it\/temi-per-i-cittadini\/cultura\/necessita-pubbliche-nel-campo-della-cultura\/consigli-culturali-della-citta-di-fiume\/\",\"name\":\"Consigli culturali della Citt\u00e0 di Fiume - Citt\u00e0 di Fiume\",\"isPartOf\":{\"@id\":\"https:\/\/www.rijeka.hr\/it\/#website\"},\"datePublished\":\"2021-01-07T11:56:30+00:00\",\"dateModified\":\"2023-11-29T10:35:54+00:00\",\"breadcrumb\":{\"@id\":\"https:\/\/www.rijeka.hr\/it\/temi-per-i-cittadini\/cultura\/necessita-pubbliche-nel-campo-della-cultura\/consigli-culturali-della-citta-di-fiume\/#breadcrumb\"},\"inLanguage\":\"it-IT\",\"potentialAction\":[{\"@type\":\"ReadAction\",\"target\":[\"https:\/\/www.rijeka.hr\/it\/temi-per-i-cittadini\/cultura\/necessita-pubbliche-nel-campo-della-cultura\/consigli-culturali-della-citta-di-fiume\/\"]}]},{\"@type\":\"BreadcrumbList\",\"@id\":\"https:\/\/www.rijeka.hr\/it\/temi-per-i-cittadini\/cultura\/necessita-pubbliche-nel-campo-della-cultura\/consigli-culturali-della-citta-di-fiume\/#breadcrumb\",\"itemListElement\":[{\"@type\":\"ListItem\",\"position\":1,\"name\":\"Po\u010detna stranica\",\"item\":\"https:\/\/www.rijeka.hr\/it\/\"},{\"@type\":\"ListItem\",\"position\":2,\"name\":\"Temi per i cittadini\",\"item\":\"https:\/\/www.rijeka.hr\/it\/temi-per-i-cittadini\/\"},{\"@type\":\"ListItem\",\"position\":3,\"name\":\"Cultura\",\"item\":\"https:\/\/www.rijeka.hr\/it\/temi-per-i-cittadini\/cultura\/\"},{\"@type\":\"ListItem\",\"position\":4,\"name\":\"Necessit\u00e0 pubbliche nel campo della cultura\",\"item\":\"https:\/\/www.rijeka.hr\/it\/temi-per-i-cittadini\/cultura\/necessita-pubbliche-nel-campo-della-cultura\/\"},{\"@type\":\"ListItem\",\"position\":5,\"name\":\"Consigli culturali della Citt\u00e0 di Fiume\"}]},{\"@type\":\"WebSite\",\"@id\":\"https:\/\/www.rijeka.hr\/it\/#website\",\"url\":\"https:\/\/www.rijeka.hr\/it\/\",\"name\":\"Citt\u00e0 di Fiume\",\"description\":\"Portale web della Citta&#039; di Fiume\",\"potentialAction\":[{\"@type\":\"SearchAction\",\"target\":{\"@type\":\"EntryPoint\",\"urlTemplate\":\"https:\/\/www.rijeka.hr\/it\/?s={search_term_string}\"},\"query-input\":{\"@type\":\"PropertyValueSpecification\",\"valueRequired\":true,\"valueName\":\"search_term_string\"}}],\"inLanguage\":\"it-IT\"}]}<\/script>\n<!-- \/ Yoast SEO plugin. -->","yoast_head_json":{"title":"Consigli culturali della Citt\u00e0 di Fiume - Citt\u00e0 di Fiume","robots":{"index":"index","follow":"follow","max-snippet":"max-snippet:-1","max-image-preview":"max-image-preview:large","max-video-preview":"max-video-preview:-1"},"canonical":"https:\/\/www.rijeka.hr\/it\/temi-per-i-cittadini\/cultura\/necessita-pubbliche-nel-campo-della-cultura\/consigli-culturali-della-citta-di-fiume\/","og_locale":"it_IT","og_type":"article","og_title":"Consigli culturali della Citt\u00e0 di Fiume - Citt\u00e0 di Fiume","og_description":"L&#8217;istituzione dei Consigli culturali a livello locale \u00e8 prescritta dalla Legge sui consigli culturali (Gazzetta Ufficiale nn. 48\/04, 44\/09 e 68\/13). I Consigli culturali vengono istituiti con l\u2019atto adottato dagli organi rappresentativi. Le decisioni relative all&#8217;organizzazione e alla composizione dei consigli culturali della Citt\u00e0 di Fiume sono pubblicate nella Gazzetta ufficiale della Regione litoraneo \u2013...","og_url":"https:\/\/www.rijeka.hr\/it\/temi-per-i-cittadini\/cultura\/necessita-pubbliche-nel-campo-della-cultura\/consigli-culturali-della-citta-di-fiume\/","og_site_name":"Citt\u00e0 di Fiume","article_modified_time":"2023-11-29T10:35:54+00:00","twitter_card":"summary_large_image","twitter_misc":{"Est. reading time":"2 minutes"},"schema":{"@context":"https:\/\/schema.org","@graph":[{"@type":"WebPage","@id":"https:\/\/www.rijeka.hr\/it\/temi-per-i-cittadini\/cultura\/necessita-pubbliche-nel-campo-della-cultura\/consigli-culturali-della-citta-di-fiume\/","url":"https:\/\/www.rijeka.hr\/it\/temi-per-i-cittadini\/cultura\/necessita-pubbliche-nel-campo-della-cultura\/consigli-culturali-della-citta-di-fiume\/","name":"Consigli culturali della Citt\u00e0 di Fiume - Citt\u00e0 di Fiume","isPartOf":{"@id":"https:\/\/www.rijeka.hr\/it\/#website"},"datePublished":"2021-01-07T11:56:30+00:00","dateModified":"2023-11-29T10:35:54+00:00","breadcrumb":{"@id":"https:\/\/www.rijeka.hr\/it\/temi-per-i-cittadini\/cultura\/necessita-pubbliche-nel-campo-della-cultura\/consigli-culturali-della-citta-di-fiume\/#breadcrumb"},"inLanguage":"it-IT","potentialAction":[{"@type":"ReadAction","target":["https:\/\/www.rijeka.hr\/it\/temi-per-i-cittadini\/cultura\/necessita-pubbliche-nel-campo-della-cultura\/consigli-culturali-della-citta-di-fiume\/"]}]},{"@type":"BreadcrumbList","@id":"https:\/\/www.rijeka.hr\/it\/temi-per-i-cittadini\/cultura\/necessita-pubbliche-nel-campo-della-cultura\/consigli-culturali-della-citta-di-fiume\/#breadcrumb","itemListElement":[{"@type":"ListItem","position":1,"name":"Po\u010detna stranica","item":"https:\/\/www.rijeka.hr\/it\/"},{"@type":"ListItem","position":2,"name":"Temi per i cittadini","item":"https:\/\/www.rijeka.hr\/it\/temi-per-i-cittadini\/"},{"@type":"ListItem","position":3,"name":"Cultura","item":"https:\/\/www.rijeka.hr\/it\/temi-per-i-cittadini\/cultura\/"},{"@type":"ListItem","position":4,"name":"Necessit\u00e0 pubbliche nel campo della cultura","item":"https:\/\/www.rijeka.hr\/it\/temi-per-i-cittadini\/cultura\/necessita-pubbliche-nel-campo-della-cultura\/"},{"@type":"ListItem","position":5,"name":"Consigli culturali della Citt\u00e0 di Fiume"}]},{"@type":"WebSite","@id":"https:\/\/www.rijeka.hr\/it\/#website","url":"https:\/\/www.rijeka.hr\/it\/","name":"Citt\u00e0 di Fiume","description":"Portale web della Citta&#039; di Fiume","potentialAction":[{"@type":"SearchAction","target":{"@type":"EntryPoint","urlTemplate":"https:\/\/www.rijeka.hr\/it\/?s={search_term_string}"},"query-input":{"@type":"PropertyValueSpecification","valueRequired":true,"valueName":"search_term_string"}}],"inLanguage":"it-IT"}]}},"_links":{"self":[{"href":"https:\/\/www.rijeka.hr\/it\/wp-json\/wp\/v2\/pages\/12043","targetHints":{"allow":["GET"]}}],"collection":[{"href":"https:\/\/www.rijeka.hr\/it\/wp-json\/wp\/v2\/pages"}],"about":[{"href":"https:\/\/www.rijeka.hr\/it\/wp-json\/wp\/v2\/types\/page"}],"author":[{"embeddable":true,"href":"https:\/\/www.rijeka.hr\/it\/wp-json\/wp\/v2\/users\/14"}],"replies":[{"embeddable":true,"href":"https:\/\/www.rijeka.hr\/it\/wp-json\/wp\/v2\/comments?post=12043"}],"version-history":[{"count":3,"href":"https:\/\/www.rijeka.hr\/it\/wp-json\/wp\/v2\/pages\/12043\/revisions"}],"predecessor-version":[{"id":13477,"href":"https:\/\/www.rijeka.hr\/it\/wp-json\/wp\/v2\/pages\/12043\/revisions\/13477"}],"up":[{"embeddable":true,"href":"https:\/\/www.rijeka.hr\/it\/wp-json\/wp\/v2\/pages\/1072"}],"wp:attachment":[{"href":"https:\/\/www.rijeka.hr\/it\/wp-json\/wp\/v2\/media?parent=12043"}],"wp:term":[{"taxonomy":"post_tag","embeddable":true,"href":"https:\/\/www.rijeka.hr\/it\/wp-json\/wp\/v2\/tags?post=12043"}],"curies":[{"name":"wp","href":"https:\/\/api.w.org\/{rel}","templated":true}]}}