{"id":12106,"date":"2021-01-12T12:50:09","date_gmt":"2021-01-12T11:50:09","guid":{"rendered":"https:\/\/www.rijeka.hr\/it\/?page_id=12106"},"modified":"2022-09-28T11:44:45","modified_gmt":"2022-09-28T09:44:45","slug":"come-viene-adottato-il-programma-delle-necessita-pubbliche-nel-campo-della-cultura","status":"publish","type":"page","link":"https:\/\/www.rijeka.hr\/it\/temi-per-i-cittadini\/cultura\/necessita-pubbliche-nel-campo-della-cultura\/come-viene-adottato-il-programma-delle-necessita-pubbliche-nel-campo-della-cultura\/","title":{"rendered":"Come viene adottato il programma delle necessit\u00e0 pubbliche nel campo della cultura?"},"content":{"rendered":"<p>Nell&#8217;anno in corso, il Dipartimento per la cultura pubblica un bando di gara per il finanziamento del Programma delle necessit\u00e0 pubbliche della Citt\u00e0 di Fiume nel campo della cultura per il prossimo anno. Dopo la scadenza del termine, le offerte di programma ricevute vengono valutate dai consigli culturali nominati dal Consiglio cittadino della Citt\u00e0 di Fiume.<\/p>\n<p>In deroga al paragrafo precedente, la valutazione professionale delle proposte presentate di programmi culturali nella comunit\u00e0, di programmi ed eventi per i giovani, per la loro interdisciplinariet\u00e0 e diversit\u00e0, viene eseguita dalle Commissioni professionali composte da rappresentanti di quei consigli culturali della Citt\u00e0 di Fiume che sono competenti per le attivit\u00e0 culturali che rientrano nelle proposte di programma e sono nominate dal sindaco della Citt\u00e0 di Fiume dopo il termine per la presentazione delle domande in risposta a questo bando di gara.<\/p>\n<p>Il compito dei consigli culturali e della Commissione professionale \u00e8 di valutare i programmi offerti e preparare la relazione sulla selezione delle offerte per l&#8217;attuazione del Programma delle necessit\u00e0 pubbliche della Citt\u00e0 di Fiume nel campo della cultura per il prossimo anno. Il proposto programma delle necessit\u00e0 pubbliche della Citt\u00e0 di Fiume nel campo della cultura per l&#8217;anno in questione \u00e8 determinato dal Sindaco e inoltrato al Consiglio cittadino per esame e adozione. La procedura di adozione del programma delle necessit\u00e0 pubbliche nel campo della cultura \u00e8 prescritta dall&#8217;ordinanza sulla procedura di adozione del programma delle necessit\u00e0 pubbliche della Citt\u00e0 di Fiume nel campo della cultura (&#8220;Gazzetta ufficiale della Regione litoraneo &#8211; montana&#8221; nr. 13\/19).<\/p>\n<p>I fondi di bilancio vengono utilizzati per cofinanziare:<\/p>\n<ul>\n<li>protezione e conservazione dei beni culturali,<\/li>\n<li>attivit\u00e0 museali e arti visive,<\/li>\n<li>attivit\u00e0 musicali,<\/li>\n<li>arti drammatiche, danza e movimento,<\/li>\n<li>attivit\u00e0 audiovisive,<\/li>\n<li>attivit\u00e0 letterarie,<\/li>\n<li>pratiche artistiche e culturali innovative,<\/li>\n<li>programmi culturali nella comunit\u00e0 (programmi che promuovono la cultura tradizionale e la cultura delle minoranze nazionali, azioni culturali e manifestazioni di associazioni dilettantistiche nel territorio dei comitati di quartiere, programmi di societ\u00e0 di amicizia, ecc.)<\/li>\n<li>programmi per i giovani e<\/li>\n<li>manifestazioni.<\/li>\n<\/ul>\n<p>I proponenti del programma sono tenuti a presentare le loro domande di programma esclusivamente in formato elettronico tramite<a href=\"http:\/\/gov.rijeka.hr\/zahtjevi-i-obrasci\/kultura\/107\">\u00a0e-prijavnice.<\/a><\/p>\n","protected":false},"excerpt":{"rendered":"<p>Nell&#8217;anno in corso, il Dipartimento per la cultura pubblica un bando di gara per il finanziamento del Programma delle necessit\u00e0 pubbliche della Citt\u00e0 di Fiume nel campo della cultura per il prossimo anno. Dopo la scadenza del termine, le offerte di programma ricevute vengono valutate dai consigli culturali nominati dal Consiglio cittadino della Citt\u00e0 di&#8230;<\/p>\n","protected":false},"author":14,"featured_media":0,"parent":1072,"menu_order":0,"comment_status":"closed","ping_status":"closed","template":"","meta":{"_acf_changed":false,"_trash_the_other_posts":false,"footnotes":"","_links_to":"","_links_to_target":""},"tags":[],"class_list":["post-12106","page","type-page","status-publish","hentry"],"acf":[],"yoast_head":"<!-- This site is optimized with the Yoast SEO plugin v24.4 - https:\/\/yoast.com\/wordpress\/plugins\/seo\/ -->\n<title>Come viene adottato il programma delle necessit\u00e0 pubbliche nel campo della cultura? - Citt\u00e0 di Fiume<\/title>\n<meta name=\"robots\" content=\"index, follow, max-snippet:-1, max-image-preview:large, max-video-preview:-1\" \/>\n<link rel=\"canonical\" href=\"https:\/\/www.rijeka.hr\/it\/temi-per-i-cittadini\/cultura\/necessita-pubbliche-nel-campo-della-cultura\/come-viene-adottato-il-programma-delle-necessita-pubbliche-nel-campo-della-cultura\/\" \/>\n<meta property=\"og:locale\" content=\"it_IT\" \/>\n<meta property=\"og:type\" content=\"article\" \/>\n<meta property=\"og:title\" content=\"Come viene adottato il programma delle necessit\u00e0 pubbliche nel campo della cultura? - Citt\u00e0 di Fiume\" \/>\n<meta property=\"og:description\" content=\"Nell&#8217;anno in corso, il Dipartimento per la cultura pubblica un bando di gara per il finanziamento del Programma delle necessit\u00e0 pubbliche della Citt\u00e0 di Fiume nel campo della cultura per il prossimo anno. Dopo la scadenza del termine, le offerte di programma ricevute vengono valutate dai consigli culturali nominati dal Consiglio cittadino della Citt\u00e0 di...\" \/>\n<meta property=\"og:url\" content=\"https:\/\/www.rijeka.hr\/it\/temi-per-i-cittadini\/cultura\/necessita-pubbliche-nel-campo-della-cultura\/come-viene-adottato-il-programma-delle-necessita-pubbliche-nel-campo-della-cultura\/\" \/>\n<meta property=\"og:site_name\" content=\"Citt\u00e0 di Fiume\" \/>\n<meta property=\"article:modified_time\" content=\"2022-09-28T09:44:45+00:00\" \/>\n<meta name=\"twitter:card\" content=\"summary_large_image\" \/>\n<meta name=\"twitter:label1\" content=\"Est. reading time\" \/>\n\t<meta name=\"twitter:data1\" content=\"2 minutes\" \/>\n<script type=\"application\/ld+json\" class=\"yoast-schema-graph\">{\"@context\":\"https:\/\/schema.org\",\"@graph\":[{\"@type\":\"WebPage\",\"@id\":\"https:\/\/www.rijeka.hr\/it\/temi-per-i-cittadini\/cultura\/necessita-pubbliche-nel-campo-della-cultura\/come-viene-adottato-il-programma-delle-necessita-pubbliche-nel-campo-della-cultura\/\",\"url\":\"https:\/\/www.rijeka.hr\/it\/temi-per-i-cittadini\/cultura\/necessita-pubbliche-nel-campo-della-cultura\/come-viene-adottato-il-programma-delle-necessita-pubbliche-nel-campo-della-cultura\/\",\"name\":\"Come viene adottato il programma delle necessit\u00e0 pubbliche nel campo della cultura? - Citt\u00e0 di Fiume\",\"isPartOf\":{\"@id\":\"https:\/\/www.rijeka.hr\/it\/#website\"},\"datePublished\":\"2021-01-12T11:50:09+00:00\",\"dateModified\":\"2022-09-28T09:44:45+00:00\",\"breadcrumb\":{\"@id\":\"https:\/\/www.rijeka.hr\/it\/temi-per-i-cittadini\/cultura\/necessita-pubbliche-nel-campo-della-cultura\/come-viene-adottato-il-programma-delle-necessita-pubbliche-nel-campo-della-cultura\/#breadcrumb\"},\"inLanguage\":\"it-IT\",\"potentialAction\":[{\"@type\":\"ReadAction\",\"target\":[\"https:\/\/www.rijeka.hr\/it\/temi-per-i-cittadini\/cultura\/necessita-pubbliche-nel-campo-della-cultura\/come-viene-adottato-il-programma-delle-necessita-pubbliche-nel-campo-della-cultura\/\"]}]},{\"@type\":\"BreadcrumbList\",\"@id\":\"https:\/\/www.rijeka.hr\/it\/temi-per-i-cittadini\/cultura\/necessita-pubbliche-nel-campo-della-cultura\/come-viene-adottato-il-programma-delle-necessita-pubbliche-nel-campo-della-cultura\/#breadcrumb\",\"itemListElement\":[{\"@type\":\"ListItem\",\"position\":1,\"name\":\"Po\u010detna stranica\",\"item\":\"https:\/\/www.rijeka.hr\/it\/\"},{\"@type\":\"ListItem\",\"position\":2,\"name\":\"Temi per i cittadini\",\"item\":\"https:\/\/www.rijeka.hr\/it\/temi-per-i-cittadini\/\"},{\"@type\":\"ListItem\",\"position\":3,\"name\":\"Cultura\",\"item\":\"https:\/\/www.rijeka.hr\/it\/temi-per-i-cittadini\/cultura\/\"},{\"@type\":\"ListItem\",\"position\":4,\"name\":\"Necessit\u00e0 pubbliche nel campo della cultura\",\"item\":\"https:\/\/www.rijeka.hr\/it\/temi-per-i-cittadini\/cultura\/necessita-pubbliche-nel-campo-della-cultura\/\"},{\"@type\":\"ListItem\",\"position\":5,\"name\":\"Come viene adottato il programma delle necessit\u00e0 pubbliche nel campo della cultura?\"}]},{\"@type\":\"WebSite\",\"@id\":\"https:\/\/www.rijeka.hr\/it\/#website\",\"url\":\"https:\/\/www.rijeka.hr\/it\/\",\"name\":\"Citt\u00e0 di Fiume\",\"description\":\"Portale web della Citta&#039; di Fiume\",\"potentialAction\":[{\"@type\":\"SearchAction\",\"target\":{\"@type\":\"EntryPoint\",\"urlTemplate\":\"https:\/\/www.rijeka.hr\/it\/?s={search_term_string}\"},\"query-input\":{\"@type\":\"PropertyValueSpecification\",\"valueRequired\":true,\"valueName\":\"search_term_string\"}}],\"inLanguage\":\"it-IT\"}]}<\/script>\n<!-- \/ Yoast SEO plugin. -->","yoast_head_json":{"title":"Come viene adottato il programma delle necessit\u00e0 pubbliche nel campo della cultura? - Citt\u00e0 di Fiume","robots":{"index":"index","follow":"follow","max-snippet":"max-snippet:-1","max-image-preview":"max-image-preview:large","max-video-preview":"max-video-preview:-1"},"canonical":"https:\/\/www.rijeka.hr\/it\/temi-per-i-cittadini\/cultura\/necessita-pubbliche-nel-campo-della-cultura\/come-viene-adottato-il-programma-delle-necessita-pubbliche-nel-campo-della-cultura\/","og_locale":"it_IT","og_type":"article","og_title":"Come viene adottato il programma delle necessit\u00e0 pubbliche nel campo della cultura? - Citt\u00e0 di Fiume","og_description":"Nell&#8217;anno in corso, il Dipartimento per la cultura pubblica un bando di gara per il finanziamento del Programma delle necessit\u00e0 pubbliche della Citt\u00e0 di Fiume nel campo della cultura per il prossimo anno. Dopo la scadenza del termine, le offerte di programma ricevute vengono valutate dai consigli culturali nominati dal Consiglio cittadino della Citt\u00e0 di...","og_url":"https:\/\/www.rijeka.hr\/it\/temi-per-i-cittadini\/cultura\/necessita-pubbliche-nel-campo-della-cultura\/come-viene-adottato-il-programma-delle-necessita-pubbliche-nel-campo-della-cultura\/","og_site_name":"Citt\u00e0 di Fiume","article_modified_time":"2022-09-28T09:44:45+00:00","twitter_card":"summary_large_image","twitter_misc":{"Est. reading time":"2 minutes"},"schema":{"@context":"https:\/\/schema.org","@graph":[{"@type":"WebPage","@id":"https:\/\/www.rijeka.hr\/it\/temi-per-i-cittadini\/cultura\/necessita-pubbliche-nel-campo-della-cultura\/come-viene-adottato-il-programma-delle-necessita-pubbliche-nel-campo-della-cultura\/","url":"https:\/\/www.rijeka.hr\/it\/temi-per-i-cittadini\/cultura\/necessita-pubbliche-nel-campo-della-cultura\/come-viene-adottato-il-programma-delle-necessita-pubbliche-nel-campo-della-cultura\/","name":"Come viene adottato il programma delle necessit\u00e0 pubbliche nel campo della cultura? - Citt\u00e0 di Fiume","isPartOf":{"@id":"https:\/\/www.rijeka.hr\/it\/#website"},"datePublished":"2021-01-12T11:50:09+00:00","dateModified":"2022-09-28T09:44:45+00:00","breadcrumb":{"@id":"https:\/\/www.rijeka.hr\/it\/temi-per-i-cittadini\/cultura\/necessita-pubbliche-nel-campo-della-cultura\/come-viene-adottato-il-programma-delle-necessita-pubbliche-nel-campo-della-cultura\/#breadcrumb"},"inLanguage":"it-IT","potentialAction":[{"@type":"ReadAction","target":["https:\/\/www.rijeka.hr\/it\/temi-per-i-cittadini\/cultura\/necessita-pubbliche-nel-campo-della-cultura\/come-viene-adottato-il-programma-delle-necessita-pubbliche-nel-campo-della-cultura\/"]}]},{"@type":"BreadcrumbList","@id":"https:\/\/www.rijeka.hr\/it\/temi-per-i-cittadini\/cultura\/necessita-pubbliche-nel-campo-della-cultura\/come-viene-adottato-il-programma-delle-necessita-pubbliche-nel-campo-della-cultura\/#breadcrumb","itemListElement":[{"@type":"ListItem","position":1,"name":"Po\u010detna stranica","item":"https:\/\/www.rijeka.hr\/it\/"},{"@type":"ListItem","position":2,"name":"Temi per i cittadini","item":"https:\/\/www.rijeka.hr\/it\/temi-per-i-cittadini\/"},{"@type":"ListItem","position":3,"name":"Cultura","item":"https:\/\/www.rijeka.hr\/it\/temi-per-i-cittadini\/cultura\/"},{"@type":"ListItem","position":4,"name":"Necessit\u00e0 pubbliche nel campo della cultura","item":"https:\/\/www.rijeka.hr\/it\/temi-per-i-cittadini\/cultura\/necessita-pubbliche-nel-campo-della-cultura\/"},{"@type":"ListItem","position":5,"name":"Come viene adottato il programma delle necessit\u00e0 pubbliche nel campo della cultura?"}]},{"@type":"WebSite","@id":"https:\/\/www.rijeka.hr\/it\/#website","url":"https:\/\/www.rijeka.hr\/it\/","name":"Citt\u00e0 di Fiume","description":"Portale web della Citta&#039; di Fiume","potentialAction":[{"@type":"SearchAction","target":{"@type":"EntryPoint","urlTemplate":"https:\/\/www.rijeka.hr\/it\/?s={search_term_string}"},"query-input":{"@type":"PropertyValueSpecification","valueRequired":true,"valueName":"search_term_string"}}],"inLanguage":"it-IT"}]}},"_links":{"self":[{"href":"https:\/\/www.rijeka.hr\/it\/wp-json\/wp\/v2\/pages\/12106","targetHints":{"allow":["GET"]}}],"collection":[{"href":"https:\/\/www.rijeka.hr\/it\/wp-json\/wp\/v2\/pages"}],"about":[{"href":"https:\/\/www.rijeka.hr\/it\/wp-json\/wp\/v2\/types\/page"}],"author":[{"embeddable":true,"href":"https:\/\/www.rijeka.hr\/it\/wp-json\/wp\/v2\/users\/14"}],"replies":[{"embeddable":true,"href":"https:\/\/www.rijeka.hr\/it\/wp-json\/wp\/v2\/comments?post=12106"}],"version-history":[{"count":3,"href":"https:\/\/www.rijeka.hr\/it\/wp-json\/wp\/v2\/pages\/12106\/revisions"}],"predecessor-version":[{"id":12108,"href":"https:\/\/www.rijeka.hr\/it\/wp-json\/wp\/v2\/pages\/12106\/revisions\/12108"}],"up":[{"embeddable":true,"href":"https:\/\/www.rijeka.hr\/it\/wp-json\/wp\/v2\/pages\/1072"}],"wp:attachment":[{"href":"https:\/\/www.rijeka.hr\/it\/wp-json\/wp\/v2\/media?parent=12106"}],"wp:term":[{"taxonomy":"post_tag","embeddable":true,"href":"https:\/\/www.rijeka.hr\/it\/wp-json\/wp\/v2\/tags?post=12106"}],"curies":[{"name":"wp","href":"https:\/\/api.w.org\/{rel}","templated":true}]}}