{"id":12111,"date":"2021-01-12T13:25:29","date_gmt":"2021-01-12T12:25:29","guid":{"rendered":"https:\/\/www.rijeka.hr\/it\/?page_id=12111"},"modified":"2022-09-23T13:16:47","modified_gmt":"2022-09-23T11:16:47","slug":"quote-di-cofinanziamento-del-programma","status":"publish","type":"page","link":"https:\/\/www.rijeka.hr\/it\/temi-per-i-cittadini\/cultura\/necessita-pubbliche-nel-campo-della-cultura\/quote-di-cofinanziamento-del-programma\/","title":{"rendered":"Quote di cofinanziamento del programma"},"content":{"rendered":"<p>Le quote sono gli importi finali massimi determinati fino ai quali verr\u00e0 finanziato un predeterminato programma delle necessit\u00e0 pubbliche della Citt\u00e0 di Fiume nel campo della cultura. Le quote di cofinanziamento del programma vengono applicate dopo la valutazione delle proposte di programma ricevute e sono correlate a un particolare tipo di programma in ciascuna attivit\u00e0.<\/p>\n<p>I programmi accettati saranno cofinanziati in base alle possibilit\u00e0 nel bilancio della Citt\u00e0 di Fiume in conformit\u00e0 con le quote di cofinanziamento del programma per ogni anno, con gli importi massimi di cofinanziamento determinati per i singoli tipi di programma.<\/p>\n<h2>Appunti<\/h2>\n<ul>\n<li>La proposta di un singolo programma non sar\u00e0 cofinanziata oltre la quota stabilita<\/li>\n<li>Nel caso in cui nessun programma in una determinata categoria programmatica raggiunga il numero minimo di punti, l&#8217;importo destinato a questa categoria programmatica sar\u00e0 ridistribuito ad altre categorie secondo la raccomandazione del Consiglio Culturale.<\/li>\n<\/ul>\n","protected":false},"excerpt":{"rendered":"<p>Le quote sono gli importi finali massimi determinati fino ai quali verr\u00e0 finanziato un predeterminato programma delle necessit\u00e0 pubbliche della Citt\u00e0 di Fiume nel campo della cultura. Le quote di cofinanziamento del programma vengono applicate dopo la valutazione delle proposte di programma ricevute e sono correlate a un particolare tipo di programma in ciascuna attivit\u00e0&#8230;.<\/p>\n","protected":false},"author":14,"featured_media":0,"parent":1072,"menu_order":0,"comment_status":"closed","ping_status":"closed","template":"","meta":{"_acf_changed":false,"_trash_the_other_posts":false,"footnotes":"","_links_to":"","_links_to_target":""},"tags":[],"class_list":["post-12111","page","type-page","status-publish","hentry"],"acf":[],"yoast_head":"<!-- This site is optimized with the Yoast SEO plugin v24.4 - https:\/\/yoast.com\/wordpress\/plugins\/seo\/ -->\n<title>Quote di cofinanziamento del programma - Citt\u00e0 di Fiume<\/title>\n<meta name=\"robots\" content=\"index, follow, max-snippet:-1, max-image-preview:large, max-video-preview:-1\" \/>\n<link rel=\"canonical\" href=\"https:\/\/www.rijeka.hr\/it\/temi-per-i-cittadini\/cultura\/necessita-pubbliche-nel-campo-della-cultura\/quote-di-cofinanziamento-del-programma\/\" \/>\n<meta property=\"og:locale\" content=\"it_IT\" \/>\n<meta property=\"og:type\" content=\"article\" \/>\n<meta property=\"og:title\" content=\"Quote di cofinanziamento del programma - Citt\u00e0 di Fiume\" \/>\n<meta property=\"og:description\" content=\"Le quote sono gli importi finali massimi determinati fino ai quali verr\u00e0 finanziato un predeterminato programma delle necessit\u00e0 pubbliche della Citt\u00e0 di Fiume nel campo della cultura. Le quote di cofinanziamento del programma vengono applicate dopo la valutazione delle proposte di programma ricevute e sono correlate a un particolare tipo di programma in ciascuna attivit\u00e0....\" \/>\n<meta property=\"og:url\" content=\"https:\/\/www.rijeka.hr\/it\/temi-per-i-cittadini\/cultura\/necessita-pubbliche-nel-campo-della-cultura\/quote-di-cofinanziamento-del-programma\/\" \/>\n<meta property=\"og:site_name\" content=\"Citt\u00e0 di Fiume\" \/>\n<meta property=\"article:modified_time\" content=\"2022-09-23T11:16:47+00:00\" \/>\n<meta name=\"twitter:card\" content=\"summary_large_image\" \/>\n<meta name=\"twitter:label1\" content=\"Est. reading time\" \/>\n\t<meta name=\"twitter:data1\" content=\"1 minute\" \/>\n<script type=\"application\/ld+json\" class=\"yoast-schema-graph\">{\"@context\":\"https:\/\/schema.org\",\"@graph\":[{\"@type\":\"WebPage\",\"@id\":\"https:\/\/www.rijeka.hr\/it\/temi-per-i-cittadini\/cultura\/necessita-pubbliche-nel-campo-della-cultura\/quote-di-cofinanziamento-del-programma\/\",\"url\":\"https:\/\/www.rijeka.hr\/it\/temi-per-i-cittadini\/cultura\/necessita-pubbliche-nel-campo-della-cultura\/quote-di-cofinanziamento-del-programma\/\",\"name\":\"Quote di cofinanziamento del programma - Citt\u00e0 di Fiume\",\"isPartOf\":{\"@id\":\"https:\/\/www.rijeka.hr\/it\/#website\"},\"datePublished\":\"2021-01-12T12:25:29+00:00\",\"dateModified\":\"2022-09-23T11:16:47+00:00\",\"breadcrumb\":{\"@id\":\"https:\/\/www.rijeka.hr\/it\/temi-per-i-cittadini\/cultura\/necessita-pubbliche-nel-campo-della-cultura\/quote-di-cofinanziamento-del-programma\/#breadcrumb\"},\"inLanguage\":\"it-IT\",\"potentialAction\":[{\"@type\":\"ReadAction\",\"target\":[\"https:\/\/www.rijeka.hr\/it\/temi-per-i-cittadini\/cultura\/necessita-pubbliche-nel-campo-della-cultura\/quote-di-cofinanziamento-del-programma\/\"]}]},{\"@type\":\"BreadcrumbList\",\"@id\":\"https:\/\/www.rijeka.hr\/it\/temi-per-i-cittadini\/cultura\/necessita-pubbliche-nel-campo-della-cultura\/quote-di-cofinanziamento-del-programma\/#breadcrumb\",\"itemListElement\":[{\"@type\":\"ListItem\",\"position\":1,\"name\":\"Po\u010detna stranica\",\"item\":\"https:\/\/www.rijeka.hr\/it\/\"},{\"@type\":\"ListItem\",\"position\":2,\"name\":\"Temi per i cittadini\",\"item\":\"https:\/\/www.rijeka.hr\/it\/temi-per-i-cittadini\/\"},{\"@type\":\"ListItem\",\"position\":3,\"name\":\"Cultura\",\"item\":\"https:\/\/www.rijeka.hr\/it\/temi-per-i-cittadini\/cultura\/\"},{\"@type\":\"ListItem\",\"position\":4,\"name\":\"Necessit\u00e0 pubbliche nel campo della cultura\",\"item\":\"https:\/\/www.rijeka.hr\/it\/temi-per-i-cittadini\/cultura\/necessita-pubbliche-nel-campo-della-cultura\/\"},{\"@type\":\"ListItem\",\"position\":5,\"name\":\"Quote di cofinanziamento del programma\"}]},{\"@type\":\"WebSite\",\"@id\":\"https:\/\/www.rijeka.hr\/it\/#website\",\"url\":\"https:\/\/www.rijeka.hr\/it\/\",\"name\":\"Citt\u00e0 di Fiume\",\"description\":\"Portale web della Citta&#039; di Fiume\",\"potentialAction\":[{\"@type\":\"SearchAction\",\"target\":{\"@type\":\"EntryPoint\",\"urlTemplate\":\"https:\/\/www.rijeka.hr\/it\/?s={search_term_string}\"},\"query-input\":{\"@type\":\"PropertyValueSpecification\",\"valueRequired\":true,\"valueName\":\"search_term_string\"}}],\"inLanguage\":\"it-IT\"}]}<\/script>\n<!-- \/ Yoast SEO plugin. -->","yoast_head_json":{"title":"Quote di cofinanziamento del programma - Citt\u00e0 di Fiume","robots":{"index":"index","follow":"follow","max-snippet":"max-snippet:-1","max-image-preview":"max-image-preview:large","max-video-preview":"max-video-preview:-1"},"canonical":"https:\/\/www.rijeka.hr\/it\/temi-per-i-cittadini\/cultura\/necessita-pubbliche-nel-campo-della-cultura\/quote-di-cofinanziamento-del-programma\/","og_locale":"it_IT","og_type":"article","og_title":"Quote di cofinanziamento del programma - Citt\u00e0 di Fiume","og_description":"Le quote sono gli importi finali massimi determinati fino ai quali verr\u00e0 finanziato un predeterminato programma delle necessit\u00e0 pubbliche della Citt\u00e0 di Fiume nel campo della cultura. Le quote di cofinanziamento del programma vengono applicate dopo la valutazione delle proposte di programma ricevute e sono correlate a un particolare tipo di programma in ciascuna attivit\u00e0....","og_url":"https:\/\/www.rijeka.hr\/it\/temi-per-i-cittadini\/cultura\/necessita-pubbliche-nel-campo-della-cultura\/quote-di-cofinanziamento-del-programma\/","og_site_name":"Citt\u00e0 di Fiume","article_modified_time":"2022-09-23T11:16:47+00:00","twitter_card":"summary_large_image","twitter_misc":{"Est. reading time":"1 minute"},"schema":{"@context":"https:\/\/schema.org","@graph":[{"@type":"WebPage","@id":"https:\/\/www.rijeka.hr\/it\/temi-per-i-cittadini\/cultura\/necessita-pubbliche-nel-campo-della-cultura\/quote-di-cofinanziamento-del-programma\/","url":"https:\/\/www.rijeka.hr\/it\/temi-per-i-cittadini\/cultura\/necessita-pubbliche-nel-campo-della-cultura\/quote-di-cofinanziamento-del-programma\/","name":"Quote di cofinanziamento del programma - Citt\u00e0 di Fiume","isPartOf":{"@id":"https:\/\/www.rijeka.hr\/it\/#website"},"datePublished":"2021-01-12T12:25:29+00:00","dateModified":"2022-09-23T11:16:47+00:00","breadcrumb":{"@id":"https:\/\/www.rijeka.hr\/it\/temi-per-i-cittadini\/cultura\/necessita-pubbliche-nel-campo-della-cultura\/quote-di-cofinanziamento-del-programma\/#breadcrumb"},"inLanguage":"it-IT","potentialAction":[{"@type":"ReadAction","target":["https:\/\/www.rijeka.hr\/it\/temi-per-i-cittadini\/cultura\/necessita-pubbliche-nel-campo-della-cultura\/quote-di-cofinanziamento-del-programma\/"]}]},{"@type":"BreadcrumbList","@id":"https:\/\/www.rijeka.hr\/it\/temi-per-i-cittadini\/cultura\/necessita-pubbliche-nel-campo-della-cultura\/quote-di-cofinanziamento-del-programma\/#breadcrumb","itemListElement":[{"@type":"ListItem","position":1,"name":"Po\u010detna stranica","item":"https:\/\/www.rijeka.hr\/it\/"},{"@type":"ListItem","position":2,"name":"Temi per i cittadini","item":"https:\/\/www.rijeka.hr\/it\/temi-per-i-cittadini\/"},{"@type":"ListItem","position":3,"name":"Cultura","item":"https:\/\/www.rijeka.hr\/it\/temi-per-i-cittadini\/cultura\/"},{"@type":"ListItem","position":4,"name":"Necessit\u00e0 pubbliche nel campo della cultura","item":"https:\/\/www.rijeka.hr\/it\/temi-per-i-cittadini\/cultura\/necessita-pubbliche-nel-campo-della-cultura\/"},{"@type":"ListItem","position":5,"name":"Quote di cofinanziamento del programma"}]},{"@type":"WebSite","@id":"https:\/\/www.rijeka.hr\/it\/#website","url":"https:\/\/www.rijeka.hr\/it\/","name":"Citt\u00e0 di Fiume","description":"Portale web della Citta&#039; di Fiume","potentialAction":[{"@type":"SearchAction","target":{"@type":"EntryPoint","urlTemplate":"https:\/\/www.rijeka.hr\/it\/?s={search_term_string}"},"query-input":{"@type":"PropertyValueSpecification","valueRequired":true,"valueName":"search_term_string"}}],"inLanguage":"it-IT"}]}},"_links":{"self":[{"href":"https:\/\/www.rijeka.hr\/it\/wp-json\/wp\/v2\/pages\/12111","targetHints":{"allow":["GET"]}}],"collection":[{"href":"https:\/\/www.rijeka.hr\/it\/wp-json\/wp\/v2\/pages"}],"about":[{"href":"https:\/\/www.rijeka.hr\/it\/wp-json\/wp\/v2\/types\/page"}],"author":[{"embeddable":true,"href":"https:\/\/www.rijeka.hr\/it\/wp-json\/wp\/v2\/users\/14"}],"replies":[{"embeddable":true,"href":"https:\/\/www.rijeka.hr\/it\/wp-json\/wp\/v2\/comments?post=12111"}],"version-history":[{"count":2,"href":"https:\/\/www.rijeka.hr\/it\/wp-json\/wp\/v2\/pages\/12111\/revisions"}],"predecessor-version":[{"id":12113,"href":"https:\/\/www.rijeka.hr\/it\/wp-json\/wp\/v2\/pages\/12111\/revisions\/12113"}],"up":[{"embeddable":true,"href":"https:\/\/www.rijeka.hr\/it\/wp-json\/wp\/v2\/pages\/1072"}],"wp:attachment":[{"href":"https:\/\/www.rijeka.hr\/it\/wp-json\/wp\/v2\/media?parent=12111"}],"wp:term":[{"taxonomy":"post_tag","embeddable":true,"href":"https:\/\/www.rijeka.hr\/it\/wp-json\/wp\/v2\/tags?post=12111"}],"curies":[{"name":"wp","href":"https:\/\/api.w.org\/{rel}","templated":true}]}}