{"id":12114,"date":"2021-01-13T10:58:42","date_gmt":"2021-01-13T09:58:42","guid":{"rendered":"https:\/\/www.rijeka.hr\/it\/?page_id=12114"},"modified":"2022-09-23T13:17:02","modified_gmt":"2022-09-23T11:17:02","slug":"il-sistema-di-valutazione-relativo-alle-proposte-per-programmi-delle-necessita-pubbliche-della-citta-di-fiume-nel-campo-della-cultura","status":"publish","type":"page","link":"https:\/\/www.rijeka.hr\/it\/temi-per-i-cittadini\/cultura\/necessita-pubbliche-nel-campo-della-cultura\/il-sistema-di-valutazione-relativo-alle-proposte-per-programmi-delle-necessita-pubbliche-della-citta-di-fiume-nel-campo-della-cultura\/","title":{"rendered":"Il sistema di valutazione relativo alle proposte di programma delle necessit\u00e0 pubbliche della Citt\u00e0 di Fiume nel campo della cultura"},"content":{"rendered":"<p>I consigli culturali e le commissioni professionali applicano determinati criteri nella valutazione delle proposte di programma. I Consigli Culturali e le Commissioni professionali inviano al Dipartimento la propria valutazione professionale e la proposta di cofinanziamento del programma. In base alla valutazione professionale, il Dipartimento prepara la Proposta di programma per le necessit\u00e0 pubbliche nel campo della cultura con il piano di ripartizione dei mezzi per singoli programmi e beneficiari. La proposta finale del programma e del piano di ripartizione dei mezzi viene determinata dal sindaco della Citt\u00e0 di Fiume che invia il programma al Consiglio cittadino per approvazione.<\/p>\n<p>I criteri sono determinati in correlazione con il numero di punti in modo che un determinato programma possa guadagnare un massimo di 100 punti.<\/p>\n<p>Criteri:<\/p>\n<ul>\n<li>qualit\u00e0 dei contenuti, originalit\u00e0, creativit\u00e0, innovazione e carattere educativo dei programmi<\/li>\n<li>chiarezza, completezza, efficacia dei costi e fattibilit\u00e0 del programma, comprese altre fonti di finanziamento e la qualit\u00e0 del piano finanziario \/ del listino prezzi<\/li>\n<li>importanza per lo sviluppo di ogni attivit\u00e0 e la cultura fiumana e la creazione artistica<\/li>\n<li>referenze professionali e artistiche di autori, collaboratori e capofila<\/li>\n<li>qualit\u00e0 del lavoro passato, successi ed esperienza nell&#8217;attuazione del programma del proponente<\/li>\n<li>continuit\u00e0 del programma<\/li>\n<li>piano d&#8217;azione ideato verso il pubblico<\/li>\n<li>cooperazione a livello locale, regionale, nazionale e internazionale<\/li>\n<\/ul>\n<p>In deroga a quanto sopra, il Consiglio Culturale per la Protezione e la Conservazione dei Beni Culturali applicher\u00e0 i seguenti criteri nella valutazione delle proposte di programma nell&#8217;attivit\u00e0 culturale relativa alla tutela e conservazione dei beni culturali:<\/p>\n<ul>\n<li>valore e grado di valorizzazione storico \/ artistica e di conservazione<\/li>\n<li>grado di rischio di un bene culturale<\/li>\n<li>contributo del programma alla tutela e conservazione dei beni culturali grazie ad un approccio innovativo e \/ o digitalizzando materiali e \/ o contenuti educativi<\/li>\n<li>contributo allo sviluppo di nuovi prodotti e contenuti culturali nella presentazione del patrimonio culturale<\/li>\n<li>completezza, efficacia dei costi e fattibilit\u00e0 del programma, comprese altre fonti di finanziamento e la qualit\u00e0 del piano finanziario \/ del listino prezzi<\/li>\n<li>piano d&#8217;azione verso il pubblico<\/li>\n<li>continuo investimento del richiedente nel campo della protezione e conservazione dei beni culturali<\/li>\n<li>programma pluriennale di investimenti nella protezione e conservazione del bene culturale che si candida<\/li>\n<\/ul>\n","protected":false},"excerpt":{"rendered":"<p>I consigli culturali e le commissioni professionali applicano determinati criteri nella valutazione delle proposte di programma. I Consigli Culturali e le Commissioni professionali inviano al Dipartimento la propria valutazione professionale e la proposta di cofinanziamento del programma. In base alla valutazione professionale, il Dipartimento prepara la Proposta di programma per le necessit\u00e0 pubbliche nel campo&#8230;<\/p>\n","protected":false},"author":14,"featured_media":0,"parent":1072,"menu_order":0,"comment_status":"closed","ping_status":"closed","template":"","meta":{"_acf_changed":false,"_trash_the_other_posts":false,"footnotes":"","_links_to":"","_links_to_target":""},"tags":[],"class_list":["post-12114","page","type-page","status-publish","hentry"],"acf":[],"yoast_head":"<!-- This site is optimized with the Yoast SEO plugin v24.4 - https:\/\/yoast.com\/wordpress\/plugins\/seo\/ -->\n<title>Il sistema di valutazione relativo alle proposte di programma delle necessit\u00e0 pubbliche della Citt\u00e0 di Fiume nel campo della cultura - Citt\u00e0 di Fiume<\/title>\n<meta name=\"robots\" content=\"index, follow, max-snippet:-1, max-image-preview:large, max-video-preview:-1\" \/>\n<link rel=\"canonical\" href=\"https:\/\/www.rijeka.hr\/it\/temi-per-i-cittadini\/cultura\/necessita-pubbliche-nel-campo-della-cultura\/il-sistema-di-valutazione-relativo-alle-proposte-per-programmi-delle-necessita-pubbliche-della-citta-di-fiume-nel-campo-della-cultura\/\" \/>\n<meta property=\"og:locale\" content=\"it_IT\" \/>\n<meta property=\"og:type\" content=\"article\" \/>\n<meta property=\"og:title\" content=\"Il sistema di valutazione relativo alle proposte di programma delle necessit\u00e0 pubbliche della Citt\u00e0 di Fiume nel campo della cultura - Citt\u00e0 di Fiume\" \/>\n<meta property=\"og:description\" content=\"I consigli culturali e le commissioni professionali applicano determinati criteri nella valutazione delle proposte di programma. I Consigli Culturali e le Commissioni professionali inviano al Dipartimento la propria valutazione professionale e la proposta di cofinanziamento del programma. In base alla valutazione professionale, il Dipartimento prepara la Proposta di programma per le necessit\u00e0 pubbliche nel campo...\" \/>\n<meta property=\"og:url\" content=\"https:\/\/www.rijeka.hr\/it\/temi-per-i-cittadini\/cultura\/necessita-pubbliche-nel-campo-della-cultura\/il-sistema-di-valutazione-relativo-alle-proposte-per-programmi-delle-necessita-pubbliche-della-citta-di-fiume-nel-campo-della-cultura\/\" \/>\n<meta property=\"og:site_name\" content=\"Citt\u00e0 di Fiume\" \/>\n<meta property=\"article:modified_time\" content=\"2022-09-23T11:17:02+00:00\" \/>\n<meta name=\"twitter:card\" content=\"summary_large_image\" \/>\n<meta name=\"twitter:label1\" content=\"Est. reading time\" \/>\n\t<meta name=\"twitter:data1\" content=\"2 minutes\" \/>\n<script type=\"application\/ld+json\" class=\"yoast-schema-graph\">{\"@context\":\"https:\/\/schema.org\",\"@graph\":[{\"@type\":\"WebPage\",\"@id\":\"https:\/\/www.rijeka.hr\/it\/temi-per-i-cittadini\/cultura\/necessita-pubbliche-nel-campo-della-cultura\/il-sistema-di-valutazione-relativo-alle-proposte-per-programmi-delle-necessita-pubbliche-della-citta-di-fiume-nel-campo-della-cultura\/\",\"url\":\"https:\/\/www.rijeka.hr\/it\/temi-per-i-cittadini\/cultura\/necessita-pubbliche-nel-campo-della-cultura\/il-sistema-di-valutazione-relativo-alle-proposte-per-programmi-delle-necessita-pubbliche-della-citta-di-fiume-nel-campo-della-cultura\/\",\"name\":\"Il sistema di valutazione relativo alle proposte di programma delle necessit\u00e0 pubbliche della Citt\u00e0 di Fiume nel campo della cultura - Citt\u00e0 di Fiume\",\"isPartOf\":{\"@id\":\"https:\/\/www.rijeka.hr\/it\/#website\"},\"datePublished\":\"2021-01-13T09:58:42+00:00\",\"dateModified\":\"2022-09-23T11:17:02+00:00\",\"breadcrumb\":{\"@id\":\"https:\/\/www.rijeka.hr\/it\/temi-per-i-cittadini\/cultura\/necessita-pubbliche-nel-campo-della-cultura\/il-sistema-di-valutazione-relativo-alle-proposte-per-programmi-delle-necessita-pubbliche-della-citta-di-fiume-nel-campo-della-cultura\/#breadcrumb\"},\"inLanguage\":\"it-IT\",\"potentialAction\":[{\"@type\":\"ReadAction\",\"target\":[\"https:\/\/www.rijeka.hr\/it\/temi-per-i-cittadini\/cultura\/necessita-pubbliche-nel-campo-della-cultura\/il-sistema-di-valutazione-relativo-alle-proposte-per-programmi-delle-necessita-pubbliche-della-citta-di-fiume-nel-campo-della-cultura\/\"]}]},{\"@type\":\"BreadcrumbList\",\"@id\":\"https:\/\/www.rijeka.hr\/it\/temi-per-i-cittadini\/cultura\/necessita-pubbliche-nel-campo-della-cultura\/il-sistema-di-valutazione-relativo-alle-proposte-per-programmi-delle-necessita-pubbliche-della-citta-di-fiume-nel-campo-della-cultura\/#breadcrumb\",\"itemListElement\":[{\"@type\":\"ListItem\",\"position\":1,\"name\":\"Po\u010detna stranica\",\"item\":\"https:\/\/www.rijeka.hr\/it\/\"},{\"@type\":\"ListItem\",\"position\":2,\"name\":\"Temi per i cittadini\",\"item\":\"https:\/\/www.rijeka.hr\/it\/temi-per-i-cittadini\/\"},{\"@type\":\"ListItem\",\"position\":3,\"name\":\"Cultura\",\"item\":\"https:\/\/www.rijeka.hr\/it\/temi-per-i-cittadini\/cultura\/\"},{\"@type\":\"ListItem\",\"position\":4,\"name\":\"Necessit\u00e0 pubbliche nel campo della cultura\",\"item\":\"https:\/\/www.rijeka.hr\/it\/temi-per-i-cittadini\/cultura\/necessita-pubbliche-nel-campo-della-cultura\/\"},{\"@type\":\"ListItem\",\"position\":5,\"name\":\"Il sistema di valutazione relativo alle proposte di programma delle necessit\u00e0 pubbliche della Citt\u00e0 di Fiume nel campo della cultura\"}]},{\"@type\":\"WebSite\",\"@id\":\"https:\/\/www.rijeka.hr\/it\/#website\",\"url\":\"https:\/\/www.rijeka.hr\/it\/\",\"name\":\"Citt\u00e0 di Fiume\",\"description\":\"Portale web della Citta&#039; di Fiume\",\"potentialAction\":[{\"@type\":\"SearchAction\",\"target\":{\"@type\":\"EntryPoint\",\"urlTemplate\":\"https:\/\/www.rijeka.hr\/it\/?s={search_term_string}\"},\"query-input\":{\"@type\":\"PropertyValueSpecification\",\"valueRequired\":true,\"valueName\":\"search_term_string\"}}],\"inLanguage\":\"it-IT\"}]}<\/script>\n<!-- \/ Yoast SEO plugin. -->","yoast_head_json":{"title":"Il sistema di valutazione relativo alle proposte di programma delle necessit\u00e0 pubbliche della Citt\u00e0 di Fiume nel campo della cultura - Citt\u00e0 di Fiume","robots":{"index":"index","follow":"follow","max-snippet":"max-snippet:-1","max-image-preview":"max-image-preview:large","max-video-preview":"max-video-preview:-1"},"canonical":"https:\/\/www.rijeka.hr\/it\/temi-per-i-cittadini\/cultura\/necessita-pubbliche-nel-campo-della-cultura\/il-sistema-di-valutazione-relativo-alle-proposte-per-programmi-delle-necessita-pubbliche-della-citta-di-fiume-nel-campo-della-cultura\/","og_locale":"it_IT","og_type":"article","og_title":"Il sistema di valutazione relativo alle proposte di programma delle necessit\u00e0 pubbliche della Citt\u00e0 di Fiume nel campo della cultura - Citt\u00e0 di Fiume","og_description":"I consigli culturali e le commissioni professionali applicano determinati criteri nella valutazione delle proposte di programma. I Consigli Culturali e le Commissioni professionali inviano al Dipartimento la propria valutazione professionale e la proposta di cofinanziamento del programma. In base alla valutazione professionale, il Dipartimento prepara la Proposta di programma per le necessit\u00e0 pubbliche nel campo...","og_url":"https:\/\/www.rijeka.hr\/it\/temi-per-i-cittadini\/cultura\/necessita-pubbliche-nel-campo-della-cultura\/il-sistema-di-valutazione-relativo-alle-proposte-per-programmi-delle-necessita-pubbliche-della-citta-di-fiume-nel-campo-della-cultura\/","og_site_name":"Citt\u00e0 di Fiume","article_modified_time":"2022-09-23T11:17:02+00:00","twitter_card":"summary_large_image","twitter_misc":{"Est. reading time":"2 minutes"},"schema":{"@context":"https:\/\/schema.org","@graph":[{"@type":"WebPage","@id":"https:\/\/www.rijeka.hr\/it\/temi-per-i-cittadini\/cultura\/necessita-pubbliche-nel-campo-della-cultura\/il-sistema-di-valutazione-relativo-alle-proposte-per-programmi-delle-necessita-pubbliche-della-citta-di-fiume-nel-campo-della-cultura\/","url":"https:\/\/www.rijeka.hr\/it\/temi-per-i-cittadini\/cultura\/necessita-pubbliche-nel-campo-della-cultura\/il-sistema-di-valutazione-relativo-alle-proposte-per-programmi-delle-necessita-pubbliche-della-citta-di-fiume-nel-campo-della-cultura\/","name":"Il sistema di valutazione relativo alle proposte di programma delle necessit\u00e0 pubbliche della Citt\u00e0 di Fiume nel campo della cultura - Citt\u00e0 di Fiume","isPartOf":{"@id":"https:\/\/www.rijeka.hr\/it\/#website"},"datePublished":"2021-01-13T09:58:42+00:00","dateModified":"2022-09-23T11:17:02+00:00","breadcrumb":{"@id":"https:\/\/www.rijeka.hr\/it\/temi-per-i-cittadini\/cultura\/necessita-pubbliche-nel-campo-della-cultura\/il-sistema-di-valutazione-relativo-alle-proposte-per-programmi-delle-necessita-pubbliche-della-citta-di-fiume-nel-campo-della-cultura\/#breadcrumb"},"inLanguage":"it-IT","potentialAction":[{"@type":"ReadAction","target":["https:\/\/www.rijeka.hr\/it\/temi-per-i-cittadini\/cultura\/necessita-pubbliche-nel-campo-della-cultura\/il-sistema-di-valutazione-relativo-alle-proposte-per-programmi-delle-necessita-pubbliche-della-citta-di-fiume-nel-campo-della-cultura\/"]}]},{"@type":"BreadcrumbList","@id":"https:\/\/www.rijeka.hr\/it\/temi-per-i-cittadini\/cultura\/necessita-pubbliche-nel-campo-della-cultura\/il-sistema-di-valutazione-relativo-alle-proposte-per-programmi-delle-necessita-pubbliche-della-citta-di-fiume-nel-campo-della-cultura\/#breadcrumb","itemListElement":[{"@type":"ListItem","position":1,"name":"Po\u010detna stranica","item":"https:\/\/www.rijeka.hr\/it\/"},{"@type":"ListItem","position":2,"name":"Temi per i cittadini","item":"https:\/\/www.rijeka.hr\/it\/temi-per-i-cittadini\/"},{"@type":"ListItem","position":3,"name":"Cultura","item":"https:\/\/www.rijeka.hr\/it\/temi-per-i-cittadini\/cultura\/"},{"@type":"ListItem","position":4,"name":"Necessit\u00e0 pubbliche nel campo della cultura","item":"https:\/\/www.rijeka.hr\/it\/temi-per-i-cittadini\/cultura\/necessita-pubbliche-nel-campo-della-cultura\/"},{"@type":"ListItem","position":5,"name":"Il sistema di valutazione relativo alle proposte di programma delle necessit\u00e0 pubbliche della Citt\u00e0 di Fiume nel campo della cultura"}]},{"@type":"WebSite","@id":"https:\/\/www.rijeka.hr\/it\/#website","url":"https:\/\/www.rijeka.hr\/it\/","name":"Citt\u00e0 di Fiume","description":"Portale web della Citta&#039; di Fiume","potentialAction":[{"@type":"SearchAction","target":{"@type":"EntryPoint","urlTemplate":"https:\/\/www.rijeka.hr\/it\/?s={search_term_string}"},"query-input":{"@type":"PropertyValueSpecification","valueRequired":true,"valueName":"search_term_string"}}],"inLanguage":"it-IT"}]}},"_links":{"self":[{"href":"https:\/\/www.rijeka.hr\/it\/wp-json\/wp\/v2\/pages\/12114","targetHints":{"allow":["GET"]}}],"collection":[{"href":"https:\/\/www.rijeka.hr\/it\/wp-json\/wp\/v2\/pages"}],"about":[{"href":"https:\/\/www.rijeka.hr\/it\/wp-json\/wp\/v2\/types\/page"}],"author":[{"embeddable":true,"href":"https:\/\/www.rijeka.hr\/it\/wp-json\/wp\/v2\/users\/14"}],"replies":[{"embeddable":true,"href":"https:\/\/www.rijeka.hr\/it\/wp-json\/wp\/v2\/comments?post=12114"}],"version-history":[{"count":3,"href":"https:\/\/www.rijeka.hr\/it\/wp-json\/wp\/v2\/pages\/12114\/revisions"}],"predecessor-version":[{"id":12118,"href":"https:\/\/www.rijeka.hr\/it\/wp-json\/wp\/v2\/pages\/12114\/revisions\/12118"}],"up":[{"embeddable":true,"href":"https:\/\/www.rijeka.hr\/it\/wp-json\/wp\/v2\/pages\/1072"}],"wp:attachment":[{"href":"https:\/\/www.rijeka.hr\/it\/wp-json\/wp\/v2\/media?parent=12114"}],"wp:term":[{"taxonomy":"post_tag","embeddable":true,"href":"https:\/\/www.rijeka.hr\/it\/wp-json\/wp\/v2\/tags?post=12114"}],"curies":[{"name":"wp","href":"https:\/\/api.w.org\/{rel}","templated":true}]}}