{"id":12269,"date":"2021-01-27T13:27:56","date_gmt":"2021-01-27T12:27:56","guid":{"rendered":"https:\/\/www.rijeka.hr\/it\/?page_id=12269"},"modified":"2022-10-14T10:26:28","modified_gmt":"2022-10-14T08:26:28","slug":"la-ricostruzione-e-lampliamento-dello-svincolo-di-orehovica","status":"publish","type":"page","link":"https:\/\/www.rijeka.hr\/it\/amministrazione-cittadina\/progetti-cittadini\/ongoing-projects\/trasporti-e-mobilita\/la-ricostruzione-e-lampliamento-dello-svincolo-di-orehovica\/","title":{"rendered":"La ricostruzione e l&#8217;ampliamento dello svincolo di Orehovica"},"content":{"rendered":"<p><strong>Tipo di progetto:<\/strong><\/p>\n<p>Preparazione del progetto principale ed esecutivo della prima fase di ricostruzione ed ampliamento dello svincolo di Orehovica dell&#8217;autostrada A6 Fiume &#8211; Zagabria, che prevede lo svolgimento di un procedimento amministrativo per l&#8217;ottenimento della licenza di costruire, compresi tutti i consensi richiesti nel corso del procedimento.<\/p>\n<p><img loading=\"lazy\" decoding=\"async\" width=\"938\" height=\"586\" class=\"aligncenter wp-image-12272 size-full\" src=\"https:\/\/www.rijeka.hr\/it\/wp-content\/uploads\/sites\/3\/2021\/01\/oRHOVICA.jpg\" alt=\"\" srcset=\"https:\/\/www.rijeka.hr\/it\/wp-content\/uploads\/sites\/3\/2021\/01\/oRHOVICA.jpg 938w, https:\/\/www.rijeka.hr\/it\/wp-content\/uploads\/sites\/3\/2021\/01\/oRHOVICA-600x375.jpg 600w, https:\/\/www.rijeka.hr\/it\/wp-content\/uploads\/sites\/3\/2021\/01\/oRHOVICA-768x480.jpg 768w\" sizes=\"(max-width: 938px) 100vw, 938px\" \/><\/p>\n<p>RICOSTRUZIONE ED AMPLIAMENTO DELLO SVINCOLO DI OREHOVICA DELLA STATALE D3<\/p>\n<p><strong>Descrizione:<\/strong><\/p>\n<p>L&#8217;intervento relativo alla ricostruzione e all&#8217;ampliamento dello svincolo di Orehovica \u00e8 stato stabilito nei piani urbanistici cittadini. Nell&#8217;ottobre 2011 \u00e8 stato ottenuto un valido permesso di ubicazione per la ricostruzione dello svincolo di Orehovica dell&#8217;autostrada A6. La ricostruzione e l&#8217;ampliamento dello svincolo \u00e8 diviso in tre fasi, di cui la prima fase \u00e8 la realizzazione di una rampa di uscita dalla tangenziale ovest (Abbazia) verso la citt\u00e0. La rampa esistente, che \u00e8 stata chiusa durante la costruzione della seconda corsia, sar\u00e0 ricostruita e dovrebbe essere rinnovata insieme all&#8217;incrocio di via Ka\u010djak.<\/p>\n<p>Un valido permesso di costruire \u00e8 stato ottenuto ed \u00e8 stato siglato un accordo per la risoluzione dei rapporti reciproci per la ricostruzione e l&#8217;ampliamento dello svincolo di Orehovica dell&#8217;autostrada Fiume &#8211; Zagabria &#8211; statale D3 tra le societ\u00e0 Autocesta Rijeka &#8211; Zagabria, l\u2019ente Hrvatske ceste e la Citt\u00e0 di Fiume. Ai sensi del presente Accordo, l&#8217;intera documentazione (permessi e progetto principale ed esecutivo) \u00e8 stata presentata dalla Citt\u00e0 di Fiume all\u2019ente Hrvatske ceste, che prosegue le seguenti attivit\u00e0: preparazione per la costruzione della prima fase e la stesura della documentazione (progetto principale ed esecutivo) per la seconda e la terza fase di ricostruzione ed ampliamento dello svincolo.<\/p>\n<p><strong>Vantaggi per i cittadini:<\/strong><\/p>\n<p>\u00c8 possibile l&#8217;uscita diretta dallo svincolo di Orehovica a via Ka\u010djak, cio\u00e8 pi\u00f9 avanti verso l&#8217;incrocio a Orehovica e via Franje Ra\u010dki, e verso Ve\u017eica e Tersatto.<\/p>\n<p><strong>Inizio del progetto: 2013<\/strong><\/p>\n<p><strong>Stato del progetto:<\/strong><\/p>\n<p>La prima fase progettuale si \u00e8 conclusa nel febbraio 2016. \u00c8 stata aperta al traffico la rampa di uscita dalla tangenziale in direzione ovest verso la citt\u00e0. Si tratta di una strada di collegamento lunga circa 650 metri, che consente l&#8217;uscita dalla tangenziale verso Tersatto e Orehovica per tutti i veicoli che circolano da Scurigne verso Orehovica. La nuova uscita sar\u00e0 pi\u00f9 importante per i residenti di Tersatto e Ve\u017eica, ma \u00e8 anche importante per il traffico e per un migliore collegamento del Campus universitario di Tersatto e la tangenziale.<\/p>\n<p>L\u2019ente Hrvatske ceste continua le ulteriori attivit\u00e0 della seconda fase e del progetto II. La seconda fase prevede la costruzione di una rampa di uscita da Orehovica per tutti i veicoli che arrivano allo svincolo in direzione Zagabria e continuano il loro viaggio verso il centro cittadino. Inoltre, attraverso la rampa di ingresso per tutti i veicoli in direzione centro cittadino (via Franje Ra\u010dki), dovrebbe essere possibile unirsi all&#8217;incrocio di Orehovica e continuare il loro viaggio verso il tunnel di Tersatto e pi\u00f9 avanti verso Scurigne. La terza fase \u00e8 la fase pi\u00f9 costosa e pi\u00f9 complessa, perch\u00e9 prevede la realizzazione di un cavalcavia sull&#8217;asse di tangenziale e svincolo di Orehovica al fine di realizzare il collegamento stradale per tutti i veicoli in arrivo a Orehovica dal centro cittadino attraverso il passo di Vrata e utilizzando il cavalcavia possono unirsi alla tangenziale e proseguire il loro viaggio verso Grobnik, cio\u00e8 Zagabria.<\/p>\n","protected":false},"excerpt":{"rendered":"<p>Tipo di progetto: Preparazione del progetto principale ed esecutivo della prima fase di ricostruzione ed ampliamento dello svincolo di Orehovica dell&#8217;autostrada A6 Fiume &#8211; Zagabria, che prevede lo svolgimento di un procedimento amministrativo per l&#8217;ottenimento della licenza di costruire, compresi tutti i consensi richiesti nel corso del procedimento. RICOSTRUZIONE ED AMPLIAMENTO DELLO SVINCOLO DI OREHOVICA&#8230;<\/p>\n","protected":false},"author":20,"featured_media":12272,"parent":14554,"menu_order":0,"comment_status":"closed","ping_status":"closed","template":"","meta":{"_acf_changed":false,"_trash_the_other_posts":false,"footnotes":"","_links_to":"","_links_to_target":""},"tags":[],"class_list":["post-12269","page","type-page","status-publish","has-post-thumbnail","hentry"],"acf":[],"yoast_head":"<!-- This site is optimized with the Yoast SEO plugin v24.4 - https:\/\/yoast.com\/wordpress\/plugins\/seo\/ -->\n<title>La ricostruzione e l&#039;ampliamento dello svincolo di Orehovica - Citt\u00e0 di Fiume<\/title>\n<meta name=\"robots\" content=\"index, follow, max-snippet:-1, max-image-preview:large, max-video-preview:-1\" \/>\n<link rel=\"canonical\" href=\"https:\/\/www.rijeka.hr\/it\/amministrazione-cittadina\/progetti-cittadini\/ongoing-projects\/trasporti-e-mobilita\/la-ricostruzione-e-lampliamento-dello-svincolo-di-orehovica\/\" \/>\n<meta property=\"og:locale\" content=\"it_IT\" \/>\n<meta property=\"og:type\" content=\"article\" \/>\n<meta property=\"og:title\" content=\"La ricostruzione e l&#039;ampliamento dello svincolo di Orehovica - Citt\u00e0 di Fiume\" \/>\n<meta property=\"og:description\" content=\"Tipo di progetto: Preparazione del progetto principale ed esecutivo della prima fase di ricostruzione ed ampliamento dello svincolo di Orehovica dell&#8217;autostrada A6 Fiume &#8211; Zagabria, che prevede lo svolgimento di un procedimento amministrativo per l&#8217;ottenimento della licenza di costruire, compresi tutti i consensi richiesti nel corso del procedimento. RICOSTRUZIONE ED AMPLIAMENTO DELLO SVINCOLO DI OREHOVICA...\" \/>\n<meta property=\"og:url\" content=\"https:\/\/www.rijeka.hr\/it\/amministrazione-cittadina\/progetti-cittadini\/ongoing-projects\/trasporti-e-mobilita\/la-ricostruzione-e-lampliamento-dello-svincolo-di-orehovica\/\" \/>\n<meta property=\"og:site_name\" content=\"Citt\u00e0 di Fiume\" \/>\n<meta property=\"article:modified_time\" content=\"2022-10-14T08:26:28+00:00\" \/>\n<meta property=\"og:image\" content=\"https:\/\/www.rijeka.hr\/it\/wp-content\/uploads\/sites\/3\/2021\/01\/oRHOVICA.jpg\" \/>\n\t<meta property=\"og:image:width\" content=\"938\" \/>\n\t<meta property=\"og:image:height\" content=\"586\" \/>\n\t<meta property=\"og:image:type\" content=\"image\/jpeg\" \/>\n<meta name=\"twitter:card\" content=\"summary_large_image\" \/>\n<meta name=\"twitter:label1\" content=\"Est. reading time\" \/>\n\t<meta name=\"twitter:data1\" content=\"3 minutes\" \/>\n<script type=\"application\/ld+json\" class=\"yoast-schema-graph\">{\"@context\":\"https:\/\/schema.org\",\"@graph\":[{\"@type\":\"WebPage\",\"@id\":\"https:\/\/www.rijeka.hr\/it\/amministrazione-cittadina\/progetti-cittadini\/ongoing-projects\/trasporti-e-mobilita\/la-ricostruzione-e-lampliamento-dello-svincolo-di-orehovica\/\",\"url\":\"https:\/\/www.rijeka.hr\/it\/amministrazione-cittadina\/progetti-cittadini\/ongoing-projects\/trasporti-e-mobilita\/la-ricostruzione-e-lampliamento-dello-svincolo-di-orehovica\/\",\"name\":\"La ricostruzione e l'ampliamento dello svincolo di Orehovica - Citt\u00e0 di Fiume\",\"isPartOf\":{\"@id\":\"https:\/\/www.rijeka.hr\/it\/#website\"},\"primaryImageOfPage\":{\"@id\":\"https:\/\/www.rijeka.hr\/it\/amministrazione-cittadina\/progetti-cittadini\/ongoing-projects\/trasporti-e-mobilita\/la-ricostruzione-e-lampliamento-dello-svincolo-di-orehovica\/#primaryimage\"},\"image\":{\"@id\":\"https:\/\/www.rijeka.hr\/it\/amministrazione-cittadina\/progetti-cittadini\/ongoing-projects\/trasporti-e-mobilita\/la-ricostruzione-e-lampliamento-dello-svincolo-di-orehovica\/#primaryimage\"},\"thumbnailUrl\":\"https:\/\/www.rijeka.hr\/it\/wp-content\/uploads\/sites\/3\/2021\/01\/oRHOVICA.jpg\",\"datePublished\":\"2021-01-27T12:27:56+00:00\",\"dateModified\":\"2022-10-14T08:26:28+00:00\",\"breadcrumb\":{\"@id\":\"https:\/\/www.rijeka.hr\/it\/amministrazione-cittadina\/progetti-cittadini\/ongoing-projects\/trasporti-e-mobilita\/la-ricostruzione-e-lampliamento-dello-svincolo-di-orehovica\/#breadcrumb\"},\"inLanguage\":\"it-IT\",\"potentialAction\":[{\"@type\":\"ReadAction\",\"target\":[\"https:\/\/www.rijeka.hr\/it\/amministrazione-cittadina\/progetti-cittadini\/ongoing-projects\/trasporti-e-mobilita\/la-ricostruzione-e-lampliamento-dello-svincolo-di-orehovica\/\"]}]},{\"@type\":\"ImageObject\",\"inLanguage\":\"it-IT\",\"@id\":\"https:\/\/www.rijeka.hr\/it\/amministrazione-cittadina\/progetti-cittadini\/ongoing-projects\/trasporti-e-mobilita\/la-ricostruzione-e-lampliamento-dello-svincolo-di-orehovica\/#primaryimage\",\"url\":\"https:\/\/www.rijeka.hr\/it\/wp-content\/uploads\/sites\/3\/2021\/01\/oRHOVICA.jpg\",\"contentUrl\":\"https:\/\/www.rijeka.hr\/it\/wp-content\/uploads\/sites\/3\/2021\/01\/oRHOVICA.jpg\",\"width\":938,\"height\":586,\"caption\":\"La ricostruzione e l'ampliamento dello svincolo di Orehovica\"},{\"@type\":\"BreadcrumbList\",\"@id\":\"https:\/\/www.rijeka.hr\/it\/amministrazione-cittadina\/progetti-cittadini\/ongoing-projects\/trasporti-e-mobilita\/la-ricostruzione-e-lampliamento-dello-svincolo-di-orehovica\/#breadcrumb\",\"itemListElement\":[{\"@type\":\"ListItem\",\"position\":1,\"name\":\"Po\u010detna stranica\",\"item\":\"https:\/\/www.rijeka.hr\/it\/\"},{\"@type\":\"ListItem\",\"position\":2,\"name\":\"Amministrazione cittadina\",\"item\":\"https:\/\/www.rijeka.hr\/it\/amministrazione-cittadina\/\"},{\"@type\":\"ListItem\",\"position\":3,\"name\":\"Progetti cittadini\",\"item\":\"https:\/\/www.rijeka.hr\/it\/amministrazione-cittadina\/progetti-cittadini\/\"},{\"@type\":\"ListItem\",\"position\":4,\"name\":\"Progetti in corso\",\"item\":\"https:\/\/www.rijeka.hr\/it\/amministrazione-cittadina\/progetti-cittadini\/ongoing-projects\/\"},{\"@type\":\"ListItem\",\"position\":5,\"name\":\"Trasporti e mobilit\u00e0\",\"item\":\"https:\/\/www.rijeka.hr\/it\/amministrazione-cittadina\/progetti-cittadini\/ongoing-projects\/trasporti-e-mobilita\/\"},{\"@type\":\"ListItem\",\"position\":6,\"name\":\"La ricostruzione e l&#8217;ampliamento dello svincolo di Orehovica\"}]},{\"@type\":\"WebSite\",\"@id\":\"https:\/\/www.rijeka.hr\/it\/#website\",\"url\":\"https:\/\/www.rijeka.hr\/it\/\",\"name\":\"Citt\u00e0 di Fiume\",\"description\":\"Portale web della Citta&#039; di Fiume\",\"potentialAction\":[{\"@type\":\"SearchAction\",\"target\":{\"@type\":\"EntryPoint\",\"urlTemplate\":\"https:\/\/www.rijeka.hr\/it\/?s={search_term_string}\"},\"query-input\":{\"@type\":\"PropertyValueSpecification\",\"valueRequired\":true,\"valueName\":\"search_term_string\"}}],\"inLanguage\":\"it-IT\"}]}<\/script>\n<!-- \/ Yoast SEO plugin. -->","yoast_head_json":{"title":"La ricostruzione e l'ampliamento dello svincolo di Orehovica - Citt\u00e0 di Fiume","robots":{"index":"index","follow":"follow","max-snippet":"max-snippet:-1","max-image-preview":"max-image-preview:large","max-video-preview":"max-video-preview:-1"},"canonical":"https:\/\/www.rijeka.hr\/it\/amministrazione-cittadina\/progetti-cittadini\/ongoing-projects\/trasporti-e-mobilita\/la-ricostruzione-e-lampliamento-dello-svincolo-di-orehovica\/","og_locale":"it_IT","og_type":"article","og_title":"La ricostruzione e l'ampliamento dello svincolo di Orehovica - Citt\u00e0 di Fiume","og_description":"Tipo di progetto: Preparazione del progetto principale ed esecutivo della prima fase di ricostruzione ed ampliamento dello svincolo di Orehovica dell&#8217;autostrada A6 Fiume &#8211; Zagabria, che prevede lo svolgimento di un procedimento amministrativo per l&#8217;ottenimento della licenza di costruire, compresi tutti i consensi richiesti nel corso del procedimento. RICOSTRUZIONE ED AMPLIAMENTO DELLO SVINCOLO DI OREHOVICA...","og_url":"https:\/\/www.rijeka.hr\/it\/amministrazione-cittadina\/progetti-cittadini\/ongoing-projects\/trasporti-e-mobilita\/la-ricostruzione-e-lampliamento-dello-svincolo-di-orehovica\/","og_site_name":"Citt\u00e0 di Fiume","article_modified_time":"2022-10-14T08:26:28+00:00","og_image":[{"width":938,"height":586,"url":"https:\/\/www.rijeka.hr\/it\/wp-content\/uploads\/sites\/3\/2021\/01\/oRHOVICA.jpg","type":"image\/jpeg"}],"twitter_card":"summary_large_image","twitter_misc":{"Est. reading time":"3 minutes"},"schema":{"@context":"https:\/\/schema.org","@graph":[{"@type":"WebPage","@id":"https:\/\/www.rijeka.hr\/it\/amministrazione-cittadina\/progetti-cittadini\/ongoing-projects\/trasporti-e-mobilita\/la-ricostruzione-e-lampliamento-dello-svincolo-di-orehovica\/","url":"https:\/\/www.rijeka.hr\/it\/amministrazione-cittadina\/progetti-cittadini\/ongoing-projects\/trasporti-e-mobilita\/la-ricostruzione-e-lampliamento-dello-svincolo-di-orehovica\/","name":"La ricostruzione e l'ampliamento dello svincolo di Orehovica - Citt\u00e0 di Fiume","isPartOf":{"@id":"https:\/\/www.rijeka.hr\/it\/#website"},"primaryImageOfPage":{"@id":"https:\/\/www.rijeka.hr\/it\/amministrazione-cittadina\/progetti-cittadini\/ongoing-projects\/trasporti-e-mobilita\/la-ricostruzione-e-lampliamento-dello-svincolo-di-orehovica\/#primaryimage"},"image":{"@id":"https:\/\/www.rijeka.hr\/it\/amministrazione-cittadina\/progetti-cittadini\/ongoing-projects\/trasporti-e-mobilita\/la-ricostruzione-e-lampliamento-dello-svincolo-di-orehovica\/#primaryimage"},"thumbnailUrl":"https:\/\/www.rijeka.hr\/it\/wp-content\/uploads\/sites\/3\/2021\/01\/oRHOVICA.jpg","datePublished":"2021-01-27T12:27:56+00:00","dateModified":"2022-10-14T08:26:28+00:00","breadcrumb":{"@id":"https:\/\/www.rijeka.hr\/it\/amministrazione-cittadina\/progetti-cittadini\/ongoing-projects\/trasporti-e-mobilita\/la-ricostruzione-e-lampliamento-dello-svincolo-di-orehovica\/#breadcrumb"},"inLanguage":"it-IT","potentialAction":[{"@type":"ReadAction","target":["https:\/\/www.rijeka.hr\/it\/amministrazione-cittadina\/progetti-cittadini\/ongoing-projects\/trasporti-e-mobilita\/la-ricostruzione-e-lampliamento-dello-svincolo-di-orehovica\/"]}]},{"@type":"ImageObject","inLanguage":"it-IT","@id":"https:\/\/www.rijeka.hr\/it\/amministrazione-cittadina\/progetti-cittadini\/ongoing-projects\/trasporti-e-mobilita\/la-ricostruzione-e-lampliamento-dello-svincolo-di-orehovica\/#primaryimage","url":"https:\/\/www.rijeka.hr\/it\/wp-content\/uploads\/sites\/3\/2021\/01\/oRHOVICA.jpg","contentUrl":"https:\/\/www.rijeka.hr\/it\/wp-content\/uploads\/sites\/3\/2021\/01\/oRHOVICA.jpg","width":938,"height":586,"caption":"La ricostruzione e l'ampliamento dello svincolo di Orehovica"},{"@type":"BreadcrumbList","@id":"https:\/\/www.rijeka.hr\/it\/amministrazione-cittadina\/progetti-cittadini\/ongoing-projects\/trasporti-e-mobilita\/la-ricostruzione-e-lampliamento-dello-svincolo-di-orehovica\/#breadcrumb","itemListElement":[{"@type":"ListItem","position":1,"name":"Po\u010detna stranica","item":"https:\/\/www.rijeka.hr\/it\/"},{"@type":"ListItem","position":2,"name":"Amministrazione cittadina","item":"https:\/\/www.rijeka.hr\/it\/amministrazione-cittadina\/"},{"@type":"ListItem","position":3,"name":"Progetti cittadini","item":"https:\/\/www.rijeka.hr\/it\/amministrazione-cittadina\/progetti-cittadini\/"},{"@type":"ListItem","position":4,"name":"Progetti in corso","item":"https:\/\/www.rijeka.hr\/it\/amministrazione-cittadina\/progetti-cittadini\/ongoing-projects\/"},{"@type":"ListItem","position":5,"name":"Trasporti e mobilit\u00e0","item":"https:\/\/www.rijeka.hr\/it\/amministrazione-cittadina\/progetti-cittadini\/ongoing-projects\/trasporti-e-mobilita\/"},{"@type":"ListItem","position":6,"name":"La ricostruzione e l&#8217;ampliamento dello svincolo di Orehovica"}]},{"@type":"WebSite","@id":"https:\/\/www.rijeka.hr\/it\/#website","url":"https:\/\/www.rijeka.hr\/it\/","name":"Citt\u00e0 di Fiume","description":"Portale web della Citta&#039; di Fiume","potentialAction":[{"@type":"SearchAction","target":{"@type":"EntryPoint","urlTemplate":"https:\/\/www.rijeka.hr\/it\/?s={search_term_string}"},"query-input":{"@type":"PropertyValueSpecification","valueRequired":true,"valueName":"search_term_string"}}],"inLanguage":"it-IT"}]}},"_links":{"self":[{"href":"https:\/\/www.rijeka.hr\/it\/wp-json\/wp\/v2\/pages\/12269","targetHints":{"allow":["GET"]}}],"collection":[{"href":"https:\/\/www.rijeka.hr\/it\/wp-json\/wp\/v2\/pages"}],"about":[{"href":"https:\/\/www.rijeka.hr\/it\/wp-json\/wp\/v2\/types\/page"}],"author":[{"embeddable":true,"href":"https:\/\/www.rijeka.hr\/it\/wp-json\/wp\/v2\/users\/20"}],"replies":[{"embeddable":true,"href":"https:\/\/www.rijeka.hr\/it\/wp-json\/wp\/v2\/comments?post=12269"}],"version-history":[{"count":3,"href":"https:\/\/www.rijeka.hr\/it\/wp-json\/wp\/v2\/pages\/12269\/revisions"}],"predecessor-version":[{"id":12271,"href":"https:\/\/www.rijeka.hr\/it\/wp-json\/wp\/v2\/pages\/12269\/revisions\/12271"}],"up":[{"embeddable":true,"href":"https:\/\/www.rijeka.hr\/it\/wp-json\/wp\/v2\/pages\/14554"}],"wp:featuredmedia":[{"embeddable":true,"href":"https:\/\/www.rijeka.hr\/it\/wp-json\/wp\/v2\/media\/12272"}],"wp:attachment":[{"href":"https:\/\/www.rijeka.hr\/it\/wp-json\/wp\/v2\/media?parent=12269"}],"wp:term":[{"taxonomy":"post_tag","embeddable":true,"href":"https:\/\/www.rijeka.hr\/it\/wp-json\/wp\/v2\/tags?post=12269"}],"curies":[{"name":"wp","href":"https:\/\/api.w.org\/{rel}","templated":true}]}}