{"id":12314,"date":"2021-02-01T12:23:41","date_gmt":"2021-02-01T11:23:41","guid":{"rendered":"https:\/\/www.rijeka.hr\/it\/?page_id=12314"},"modified":"2024-01-19T14:16:33","modified_gmt":"2024-01-19T13:16:33","slug":"steering-higher-education-for-community-engagement-shefce-orientamento-dellistruzione-superiore-per-limpegno-nella-comunita","status":"publish","type":"page","link":"https:\/\/www.rijeka.hr\/it\/amministrazione-cittadina\/progetti-dellue\/progetti-chiusi\/steering-higher-education-for-community-engagement-shefce-orientamento-dellistruzione-superiore-per-limpegno-nella-comunita\/","title":{"rendered":"Steering Higher Education for Community Engagement \u2013 SHEFCE (Orientamento dell&#8217;istruzione superiore per l&#8217;impegno nella comunit\u00e0)"},"content":{"rendered":"<h3>Titolo del progetto<\/h3>\n<p>Steering Higher Education for Community Engagement \u2013 SHEFCE<\/p>\n<h3>Durata<\/h3>\n<p>Settembre 2020 &#8211; agosto 2023<\/p>\n<h3>Autorit\u00e0 competente<\/h3>\n<p>L&#8217;Agenzia dell&#8217;UE per la mobilit\u00e0 e i programmi<\/p>\n<h3>Obiettivo del progetto<\/h3>\n<p><img loading=\"lazy\" decoding=\"async\" width=\"341\" height=\"261\" class=\"size-full wp-image-12318 alignleft\" src=\"https:\/\/www.rijeka.hr\/it\/wp-content\/uploads\/sites\/3\/2021\/02\/Erasmus-KA2-Partnership-Projects.jpg\" alt=\"\" \/>Il progetto SHEFCE \u00e8 stato lanciato con l&#8217;obiettivo a lungo termine di supportare l&#8217;impegno della comunit\u00e0 delle universit\u00e0 europee, intesa come partenariati universitari con le parti interessate locali e regionali per affrontare le sfide della societ\u00e0. Il progetto mira specificamente a rafforzare le capacit\u00e0 delle universit\u00e0, dei decisori politici e delle parti interessate in Europa per integrare l&#8217;impegno della comunit\u00e0 nell&#8217;istruzione superiore.<\/p>\n<h3>Attivit\u00e0 progettuali<\/h3>\n<p>Il progetto SHEFCE \u00e8 il follow-up del progetto TEFCE &#8211; Verso un quadro europeo per l&#8217;impegno della comunit\u00e0 nell&#8217;istruzione superiore che ha sviluppato strumenti per supportare le universit\u00e0 e i decisori politici nell&#8217;impegno sociale e nella comunit\u00e0.<\/p>\n<p>Le attivit\u00e0 progettuali includono azioni parallele a livello locale, nazionale ed europeo. A livello locale, il progetto applicher\u00e0 metodologie per sviluppare piani di alta qualit\u00e0 per migliorare il coinvolgimento della comunit\u00e0; a livello nazionale, il progetto svilupper\u00e0 analisi per supportare la creazione di politiche basate sui risultati; e a livello europeo, il progetto disegner\u00e0 una preziosa risorsa di informazioni per gli utenti, tester\u00e0 metodologie e strumenti innovativi per misurare il successo universitario nell\u2019impegno della comunit\u00e0.<\/p>\n<h3>Partenariato:<\/h3>\n<ul>\n<li>Istituto per lo sviluppo dell\u2019istruzione (partner capofila)<\/li>\n<li>L\u2019universit\u00e0 statale, Krems sul Danubio<\/li>\n<li>Universit\u00e0 degli studi di Fiume<\/li>\n<li>Universit\u00e0 di Gent<\/li>\n<li>Istituto di tecnologia, Dublino<\/li>\n<li>Universit\u00e0 di Girona<\/li>\n<li>Universit\u00e0 libera di Bruxelles<\/li>\n<li>Associazione catalana delle universit\u00e0 pubbliche<\/li>\n<li>Universit\u00e0 nazionale d\u2019Irlanda, Galway<\/li>\n<li>Brodoto (IT agenzia)<\/li>\n<li>Citt\u00e0 di Fiume (partner associato)<\/li>\n<\/ul>\n<p>Oltre alla Citt\u00e0 di Fiume, ci sono altri 11 partner associati<\/p>\n<h3>Finanziato con:<\/h3>\n<p>Erasmus +, attivit\u00e0 chiave 2: partenariati strategici per l&#8217;istruzione superiore<\/p>\n<h3>Valore del progetto<\/h3>\n<p>3.350.824 kune (80% di finanziamento UE)<\/p>\n<h3>Contatto<\/h3>\n<p>Thomas Farnell<br \/>\nSpecialista in politiche per l&#8217;istruzione superiore<br \/>\nEmail: &#x74;&#102;&#x61;&#x72;n&#x65;&#108;l&#x40;&#105;r&#x6f;&#46;&#x68;&#x72;<\/p>\n<p>Lucia Kero<br \/>\nEmail: <a href=\"&#109;&#x61;i&#108;&#x74;&#111;&#x3a;l&#117;&#x63;i&#x6a;&#x61;&#46;&#x6b;e&#114;&#x6f;&#64;&#x72;&#x69;&#106;&#x65;k&#97;&#x2e;&#104;&#x72;\">&#108;&#117;&#x63;i&#106;&#x61;&#x2e;k&#101;&#x72;&#x6f;&#64;&#114;&#x69;j&#101;&#x6b;&#x61;&#46;&#104;&#x72;<\/a><br \/>\nDipartimento per l\u2019educazione e l\u2019istruzione, Citt\u00e0 di Fiume<\/p>\n","protected":false},"excerpt":{"rendered":"<p>Titolo del progetto Steering Higher Education for Community Engagement \u2013 SHEFCE Durata Settembre 2020 &#8211; agosto 2023 Autorit\u00e0 competente L&#8217;Agenzia dell&#8217;UE per la mobilit\u00e0 e i programmi Obiettivo del progetto Il progetto SHEFCE \u00e8 stato lanciato con l&#8217;obiettivo a lungo termine di supportare l&#8217;impegno della comunit\u00e0 delle universit\u00e0 europee, intesa come partenariati universitari con le&#8230;<\/p>\n","protected":false},"author":8,"featured_media":16821,"parent":2062,"menu_order":0,"comment_status":"closed","ping_status":"closed","template":"","meta":{"_acf_changed":false,"_trash_the_other_posts":false,"footnotes":"","_links_to":"","_links_to_target":""},"tags":[],"class_list":["post-12314","page","type-page","status-publish","has-post-thumbnail","hentry"],"acf":[],"yoast_head":"<!-- This site is optimized with the Yoast SEO plugin v24.4 - https:\/\/yoast.com\/wordpress\/plugins\/seo\/ -->\n<title>Steering Higher Education for Community Engagement \u2013 SHEFCE (Orientamento dell&#039;istruzione superiore per l&#039;impegno nella comunit\u00e0) - Citt\u00e0 di Fiume<\/title>\n<meta name=\"robots\" content=\"index, follow, max-snippet:-1, max-image-preview:large, max-video-preview:-1\" \/>\n<link rel=\"canonical\" href=\"https:\/\/www.rijeka.hr\/it\/amministrazione-cittadina\/progetti-dellue\/progetti-chiusi\/steering-higher-education-for-community-engagement-shefce-orientamento-dellistruzione-superiore-per-limpegno-nella-comunita\/\" \/>\n<meta property=\"og:locale\" content=\"it_IT\" \/>\n<meta property=\"og:type\" content=\"article\" \/>\n<meta property=\"og:title\" content=\"Steering Higher Education for Community Engagement \u2013 SHEFCE (Orientamento dell&#039;istruzione superiore per l&#039;impegno nella comunit\u00e0) - Citt\u00e0 di Fiume\" \/>\n<meta property=\"og:description\" content=\"Titolo del progetto Steering Higher Education for Community Engagement \u2013 SHEFCE Durata Settembre 2020 &#8211; agosto 2023 Autorit\u00e0 competente L&#8217;Agenzia dell&#8217;UE per la mobilit\u00e0 e i programmi Obiettivo del progetto Il progetto SHEFCE \u00e8 stato lanciato con l&#8217;obiettivo a lungo termine di supportare l&#8217;impegno della comunit\u00e0 delle universit\u00e0 europee, intesa come partenariati universitari con le...\" \/>\n<meta property=\"og:url\" content=\"https:\/\/www.rijeka.hr\/it\/amministrazione-cittadina\/progetti-dellue\/progetti-chiusi\/steering-higher-education-for-community-engagement-shefce-orientamento-dellistruzione-superiore-per-limpegno-nella-comunita\/\" \/>\n<meta property=\"og:site_name\" content=\"Citt\u00e0 di Fiume\" \/>\n<meta property=\"article:modified_time\" content=\"2024-01-19T13:16:33+00:00\" \/>\n<meta property=\"og:image\" content=\"https:\/\/www.rijeka.hr\/it\/wp-content\/uploads\/sites\/3\/2022\/12\/Steering-Higher-Education-for-Community-Engagement-SHEFCE.jpg\" \/>\n\t<meta property=\"og:image:width\" content=\"597\" \/>\n\t<meta property=\"og:image:height\" content=\"405\" \/>\n\t<meta property=\"og:image:type\" content=\"image\/jpeg\" \/>\n<meta name=\"twitter:card\" content=\"summary_large_image\" \/>\n<meta name=\"twitter:label1\" content=\"Est. reading time\" \/>\n\t<meta name=\"twitter:data1\" content=\"2 minutes\" \/>\n<script type=\"application\/ld+json\" class=\"yoast-schema-graph\">{\"@context\":\"https:\/\/schema.org\",\"@graph\":[{\"@type\":\"WebPage\",\"@id\":\"https:\/\/www.rijeka.hr\/it\/amministrazione-cittadina\/progetti-dellue\/progetti-chiusi\/steering-higher-education-for-community-engagement-shefce-orientamento-dellistruzione-superiore-per-limpegno-nella-comunita\/\",\"url\":\"https:\/\/www.rijeka.hr\/it\/amministrazione-cittadina\/progetti-dellue\/progetti-chiusi\/steering-higher-education-for-community-engagement-shefce-orientamento-dellistruzione-superiore-per-limpegno-nella-comunita\/\",\"name\":\"Steering Higher Education for Community Engagement \u2013 SHEFCE (Orientamento dell'istruzione superiore per l'impegno nella comunit\u00e0) - Citt\u00e0 di Fiume\",\"isPartOf\":{\"@id\":\"https:\/\/www.rijeka.hr\/it\/#website\"},\"primaryImageOfPage\":{\"@id\":\"https:\/\/www.rijeka.hr\/it\/amministrazione-cittadina\/progetti-dellue\/progetti-chiusi\/steering-higher-education-for-community-engagement-shefce-orientamento-dellistruzione-superiore-per-limpegno-nella-comunita\/#primaryimage\"},\"image\":{\"@id\":\"https:\/\/www.rijeka.hr\/it\/amministrazione-cittadina\/progetti-dellue\/progetti-chiusi\/steering-higher-education-for-community-engagement-shefce-orientamento-dellistruzione-superiore-per-limpegno-nella-comunita\/#primaryimage\"},\"thumbnailUrl\":\"https:\/\/www.rijeka.hr\/it\/wp-content\/uploads\/sites\/3\/2022\/12\/Steering-Higher-Education-for-Community-Engagement-SHEFCE.jpg\",\"datePublished\":\"2021-02-01T11:23:41+00:00\",\"dateModified\":\"2024-01-19T13:16:33+00:00\",\"breadcrumb\":{\"@id\":\"https:\/\/www.rijeka.hr\/it\/amministrazione-cittadina\/progetti-dellue\/progetti-chiusi\/steering-higher-education-for-community-engagement-shefce-orientamento-dellistruzione-superiore-per-limpegno-nella-comunita\/#breadcrumb\"},\"inLanguage\":\"it-IT\",\"potentialAction\":[{\"@type\":\"ReadAction\",\"target\":[\"https:\/\/www.rijeka.hr\/it\/amministrazione-cittadina\/progetti-dellue\/progetti-chiusi\/steering-higher-education-for-community-engagement-shefce-orientamento-dellistruzione-superiore-per-limpegno-nella-comunita\/\"]}]},{\"@type\":\"ImageObject\",\"inLanguage\":\"it-IT\",\"@id\":\"https:\/\/www.rijeka.hr\/it\/amministrazione-cittadina\/progetti-dellue\/progetti-chiusi\/steering-higher-education-for-community-engagement-shefce-orientamento-dellistruzione-superiore-per-limpegno-nella-comunita\/#primaryimage\",\"url\":\"https:\/\/www.rijeka.hr\/it\/wp-content\/uploads\/sites\/3\/2022\/12\/Steering-Higher-Education-for-Community-Engagement-SHEFCE.jpg\",\"contentUrl\":\"https:\/\/www.rijeka.hr\/it\/wp-content\/uploads\/sites\/3\/2022\/12\/Steering-Higher-Education-for-Community-Engagement-SHEFCE.jpg\",\"width\":597,\"height\":405,\"caption\":\"Steering Higher Education for Community Engagement - SHEFCE\"},{\"@type\":\"BreadcrumbList\",\"@id\":\"https:\/\/www.rijeka.hr\/it\/amministrazione-cittadina\/progetti-dellue\/progetti-chiusi\/steering-higher-education-for-community-engagement-shefce-orientamento-dellistruzione-superiore-per-limpegno-nella-comunita\/#breadcrumb\",\"itemListElement\":[{\"@type\":\"ListItem\",\"position\":1,\"name\":\"Po\u010detna stranica\",\"item\":\"https:\/\/www.rijeka.hr\/it\/\"},{\"@type\":\"ListItem\",\"position\":2,\"name\":\"Amministrazione cittadina\",\"item\":\"https:\/\/www.rijeka.hr\/it\/amministrazione-cittadina\/\"},{\"@type\":\"ListItem\",\"position\":3,\"name\":\"Progetti dell&#8217;UE\",\"item\":\"https:\/\/www.rijeka.hr\/it\/amministrazione-cittadina\/progetti-dellue\/\"},{\"@type\":\"ListItem\",\"position\":4,\"name\":\"Progetti chiusi\",\"item\":\"https:\/\/www.rijeka.hr\/it\/amministrazione-cittadina\/progetti-dellue\/progetti-chiusi\/\"},{\"@type\":\"ListItem\",\"position\":5,\"name\":\"Steering Higher Education for Community Engagement \u2013 SHEFCE (Orientamento dell&#8217;istruzione superiore per l&#8217;impegno nella comunit\u00e0)\"}]},{\"@type\":\"WebSite\",\"@id\":\"https:\/\/www.rijeka.hr\/it\/#website\",\"url\":\"https:\/\/www.rijeka.hr\/it\/\",\"name\":\"Citt\u00e0 di Fiume\",\"description\":\"Portale web della Citta&#039; di Fiume\",\"potentialAction\":[{\"@type\":\"SearchAction\",\"target\":{\"@type\":\"EntryPoint\",\"urlTemplate\":\"https:\/\/www.rijeka.hr\/it\/?s={search_term_string}\"},\"query-input\":{\"@type\":\"PropertyValueSpecification\",\"valueRequired\":true,\"valueName\":\"search_term_string\"}}],\"inLanguage\":\"it-IT\"}]}<\/script>\n<!-- \/ Yoast SEO plugin. -->","yoast_head_json":{"title":"Steering Higher Education for Community Engagement \u2013 SHEFCE (Orientamento dell'istruzione superiore per l'impegno nella comunit\u00e0) - Citt\u00e0 di Fiume","robots":{"index":"index","follow":"follow","max-snippet":"max-snippet:-1","max-image-preview":"max-image-preview:large","max-video-preview":"max-video-preview:-1"},"canonical":"https:\/\/www.rijeka.hr\/it\/amministrazione-cittadina\/progetti-dellue\/progetti-chiusi\/steering-higher-education-for-community-engagement-shefce-orientamento-dellistruzione-superiore-per-limpegno-nella-comunita\/","og_locale":"it_IT","og_type":"article","og_title":"Steering Higher Education for Community Engagement \u2013 SHEFCE (Orientamento dell'istruzione superiore per l'impegno nella comunit\u00e0) - Citt\u00e0 di Fiume","og_description":"Titolo del progetto Steering Higher Education for Community Engagement \u2013 SHEFCE Durata Settembre 2020 &#8211; agosto 2023 Autorit\u00e0 competente L&#8217;Agenzia dell&#8217;UE per la mobilit\u00e0 e i programmi Obiettivo del progetto Il progetto SHEFCE \u00e8 stato lanciato con l&#8217;obiettivo a lungo termine di supportare l&#8217;impegno della comunit\u00e0 delle universit\u00e0 europee, intesa come partenariati universitari con le...","og_url":"https:\/\/www.rijeka.hr\/it\/amministrazione-cittadina\/progetti-dellue\/progetti-chiusi\/steering-higher-education-for-community-engagement-shefce-orientamento-dellistruzione-superiore-per-limpegno-nella-comunita\/","og_site_name":"Citt\u00e0 di Fiume","article_modified_time":"2024-01-19T13:16:33+00:00","og_image":[{"width":597,"height":405,"url":"https:\/\/www.rijeka.hr\/it\/wp-content\/uploads\/sites\/3\/2022\/12\/Steering-Higher-Education-for-Community-Engagement-SHEFCE.jpg","type":"image\/jpeg"}],"twitter_card":"summary_large_image","twitter_misc":{"Est. reading time":"2 minutes"},"schema":{"@context":"https:\/\/schema.org","@graph":[{"@type":"WebPage","@id":"https:\/\/www.rijeka.hr\/it\/amministrazione-cittadina\/progetti-dellue\/progetti-chiusi\/steering-higher-education-for-community-engagement-shefce-orientamento-dellistruzione-superiore-per-limpegno-nella-comunita\/","url":"https:\/\/www.rijeka.hr\/it\/amministrazione-cittadina\/progetti-dellue\/progetti-chiusi\/steering-higher-education-for-community-engagement-shefce-orientamento-dellistruzione-superiore-per-limpegno-nella-comunita\/","name":"Steering Higher Education for Community Engagement \u2013 SHEFCE (Orientamento dell'istruzione superiore per l'impegno nella comunit\u00e0) - Citt\u00e0 di Fiume","isPartOf":{"@id":"https:\/\/www.rijeka.hr\/it\/#website"},"primaryImageOfPage":{"@id":"https:\/\/www.rijeka.hr\/it\/amministrazione-cittadina\/progetti-dellue\/progetti-chiusi\/steering-higher-education-for-community-engagement-shefce-orientamento-dellistruzione-superiore-per-limpegno-nella-comunita\/#primaryimage"},"image":{"@id":"https:\/\/www.rijeka.hr\/it\/amministrazione-cittadina\/progetti-dellue\/progetti-chiusi\/steering-higher-education-for-community-engagement-shefce-orientamento-dellistruzione-superiore-per-limpegno-nella-comunita\/#primaryimage"},"thumbnailUrl":"https:\/\/www.rijeka.hr\/it\/wp-content\/uploads\/sites\/3\/2022\/12\/Steering-Higher-Education-for-Community-Engagement-SHEFCE.jpg","datePublished":"2021-02-01T11:23:41+00:00","dateModified":"2024-01-19T13:16:33+00:00","breadcrumb":{"@id":"https:\/\/www.rijeka.hr\/it\/amministrazione-cittadina\/progetti-dellue\/progetti-chiusi\/steering-higher-education-for-community-engagement-shefce-orientamento-dellistruzione-superiore-per-limpegno-nella-comunita\/#breadcrumb"},"inLanguage":"it-IT","potentialAction":[{"@type":"ReadAction","target":["https:\/\/www.rijeka.hr\/it\/amministrazione-cittadina\/progetti-dellue\/progetti-chiusi\/steering-higher-education-for-community-engagement-shefce-orientamento-dellistruzione-superiore-per-limpegno-nella-comunita\/"]}]},{"@type":"ImageObject","inLanguage":"it-IT","@id":"https:\/\/www.rijeka.hr\/it\/amministrazione-cittadina\/progetti-dellue\/progetti-chiusi\/steering-higher-education-for-community-engagement-shefce-orientamento-dellistruzione-superiore-per-limpegno-nella-comunita\/#primaryimage","url":"https:\/\/www.rijeka.hr\/it\/wp-content\/uploads\/sites\/3\/2022\/12\/Steering-Higher-Education-for-Community-Engagement-SHEFCE.jpg","contentUrl":"https:\/\/www.rijeka.hr\/it\/wp-content\/uploads\/sites\/3\/2022\/12\/Steering-Higher-Education-for-Community-Engagement-SHEFCE.jpg","width":597,"height":405,"caption":"Steering Higher Education for Community Engagement - SHEFCE"},{"@type":"BreadcrumbList","@id":"https:\/\/www.rijeka.hr\/it\/amministrazione-cittadina\/progetti-dellue\/progetti-chiusi\/steering-higher-education-for-community-engagement-shefce-orientamento-dellistruzione-superiore-per-limpegno-nella-comunita\/#breadcrumb","itemListElement":[{"@type":"ListItem","position":1,"name":"Po\u010detna stranica","item":"https:\/\/www.rijeka.hr\/it\/"},{"@type":"ListItem","position":2,"name":"Amministrazione cittadina","item":"https:\/\/www.rijeka.hr\/it\/amministrazione-cittadina\/"},{"@type":"ListItem","position":3,"name":"Progetti dell&#8217;UE","item":"https:\/\/www.rijeka.hr\/it\/amministrazione-cittadina\/progetti-dellue\/"},{"@type":"ListItem","position":4,"name":"Progetti chiusi","item":"https:\/\/www.rijeka.hr\/it\/amministrazione-cittadina\/progetti-dellue\/progetti-chiusi\/"},{"@type":"ListItem","position":5,"name":"Steering Higher Education for Community Engagement \u2013 SHEFCE (Orientamento dell&#8217;istruzione superiore per l&#8217;impegno nella comunit\u00e0)"}]},{"@type":"WebSite","@id":"https:\/\/www.rijeka.hr\/it\/#website","url":"https:\/\/www.rijeka.hr\/it\/","name":"Citt\u00e0 di Fiume","description":"Portale web della Citta&#039; di Fiume","potentialAction":[{"@type":"SearchAction","target":{"@type":"EntryPoint","urlTemplate":"https:\/\/www.rijeka.hr\/it\/?s={search_term_string}"},"query-input":{"@type":"PropertyValueSpecification","valueRequired":true,"valueName":"search_term_string"}}],"inLanguage":"it-IT"}]}},"_links":{"self":[{"href":"https:\/\/www.rijeka.hr\/it\/wp-json\/wp\/v2\/pages\/12314","targetHints":{"allow":["GET"]}}],"collection":[{"href":"https:\/\/www.rijeka.hr\/it\/wp-json\/wp\/v2\/pages"}],"about":[{"href":"https:\/\/www.rijeka.hr\/it\/wp-json\/wp\/v2\/types\/page"}],"author":[{"embeddable":true,"href":"https:\/\/www.rijeka.hr\/it\/wp-json\/wp\/v2\/users\/8"}],"replies":[{"embeddable":true,"href":"https:\/\/www.rijeka.hr\/it\/wp-json\/wp\/v2\/comments?post=12314"}],"version-history":[{"count":3,"href":"https:\/\/www.rijeka.hr\/it\/wp-json\/wp\/v2\/pages\/12314\/revisions"}],"predecessor-version":[{"id":12316,"href":"https:\/\/www.rijeka.hr\/it\/wp-json\/wp\/v2\/pages\/12314\/revisions\/12316"}],"up":[{"embeddable":true,"href":"https:\/\/www.rijeka.hr\/it\/wp-json\/wp\/v2\/pages\/2062"}],"wp:featuredmedia":[{"embeddable":true,"href":"https:\/\/www.rijeka.hr\/it\/wp-json\/wp\/v2\/media\/16821"}],"wp:attachment":[{"href":"https:\/\/www.rijeka.hr\/it\/wp-json\/wp\/v2\/media?parent=12314"}],"wp:term":[{"taxonomy":"post_tag","embeddable":true,"href":"https:\/\/www.rijeka.hr\/it\/wp-json\/wp\/v2\/tags?post=12314"}],"curies":[{"name":"wp","href":"https:\/\/api.w.org\/{rel}","templated":true}]}}