{"id":12345,"date":"2021-02-03T13:15:57","date_gmt":"2021-02-03T12:15:57","guid":{"rendered":"https:\/\/www.rijeka.hr\/it\/?page_id=12345"},"modified":"2024-05-17T12:01:44","modified_gmt":"2024-05-17T10:01:44","slug":"piano-di-sviluppo-della-citta-di-fiume-2021-2027","status":"publish","type":"page","link":"https:\/\/www.rijeka.hr\/it\/amministrazione-cittadina\/piano-di-sviluppo-della-citta-di-fiume-2021-2027\/","title":{"rendered":"Piano di sviluppo della Citt\u00e0 di Fiume 2021 &#8211; 2027"},"content":{"rendered":"<p>All&#8217;inizio del nuovo decennio, le citt\u00e0 si trovano ad affrontare opportunit\u00e0 di sviluppo e pianificazione senza precedenti, ma anche sfide fino ad ora sconosciute. Viviamo in un tempo in cui non possiamo prevedere con certezza le possibilit\u00e0 tecnologiche, n\u00e9 le sfide climatiche, demografiche e sanitarie che ci attendono tra 10 anni. Tutti vogliono che Fiume sia una citt\u00e0 pronta, aperta, adattabile e resiliente di fronte ai cambiamenti e alle sfide che l&#8217;attendono.<\/p>\n<p>Nella transizione dall&#8217;era industriale a quella digitale, Fiume ha dimostrato di avere la forza di essere creativa, adattarsi e trovare nuove destinazioni d\u2019uso per i suoi vecchi spazi, la sua innovazione, creativit\u00e0, multiculturalismo e tradizione industriale.<\/p>\n<p>Nel processo di pianificazione strategica, la visione di Fiume per i prossimi 10 anni viene sviluppata come base per tutti gli altri documenti di pianificazione che vengono preparati secondo le linee guida europee e nazionali.<\/p>\n<p>La nuova visione dello sviluppo della citt\u00e0 di Fiume recita:<\/p>\n<p style=\"text-align: center\"><span style=\"color: #ff0000\">Fiume 2030 \u2013 una citt\u00e0 intelligente, aperta e resiliente<\/span><\/p>\n<p>I principi fondamentali dello sviluppo della citt\u00e0 costituiscono la base della nuova visione e rappresentano il punto di partenza dell&#8217;amministrazione cittadina nei suoi sforzi per mantenere la posizione di Fiume come citt\u00e0 intelligente nel prossimo periodo e rafforzarla ulteriormente e allo stesso tempo, il suo sviluppo si basa sull&#8217;apertura alla comunit\u00e0 e sulla resilienza della citt\u00e0 alle sfide climatiche, economiche, demografiche e di altro tipo che affronter\u00e0 nel prossimo periodo.<\/p>\n<p>Obiettivo strategico<\/p>\n<table width=\"0\">\n<tbody>\n<tr>\n<td width=\"136\"><span style=\"color: #ff0000\">Obiettivo strategico <\/span><\/td>\n<td width=\"464\">1. Vivere a Fiume nel 2030: una citt\u00e0 della diversit\u00e0, in cui un&#8217;elevata qualit\u00e0 della vita nasce dalla cooperazione tra l&#8217;amministrazione cittadina intelligente e i residenti impegnati<\/td>\n<\/tr>\n<tr>\n<td rowspan=\"4\" width=\"136\"><strong>Obiettivi specifici<\/strong><\/td>\n<td width=\"464\">1.1.Educazione in funzione della qualit\u00e0 della vita e rafforzamento dell&#8217;economia<\/td>\n<\/tr>\n<tr>\n<td width=\"464\">1.2.\u00a0Una citt\u00e0 sana, attiva e socialmente sensibile attraente per la vita<\/td>\n<\/tr>\n<tr>\n<td width=\"464\">1.3. La capitale della cultura anche dopo il 2020<\/td>\n<\/tr>\n<tr>\n<td width=\"464\">1.4. Cooperazione tra l\u2019amministrazione intelligente e cittadini impegnati (H)<\/td>\n<\/tr>\n<\/tbody>\n<\/table>\n<p>&nbsp;<\/p>\n<table width=\"0\">\n<tbody>\n<tr>\n<td width=\"136\"><span style=\"color: #ff0000\">Obiettivo strategico<\/span><\/td>\n<td width=\"464\"><strong><a role=\"link\" href=\"https:\/\/www.rijeka.hr\/gradska-uprava\/plan-razvoja-grada-rijeke-2021-2027\/raditi-u-rijeci-2030\/\">2. Lavorare a Fiume 2030: citt\u00e0 universitaria per una nuova era, dove le tecnologie avanzate e l&#8217;industria creativa arricchiscono il suo patrimonio industriale<\/a><\/strong><\/td>\n<\/tr>\n<tr>\n<td rowspan=\"3\" width=\"136\"><strong>Obiettivi specifici<\/strong><\/td>\n<td width=\"464\">2.1.Economia competitiva e porto nel periodo delle nuove industrie (H)<\/td>\n<\/tr>\n<tr>\n<td width=\"464\"><span style=\"font-size: 13.8466px;background-color: #efefef\">2.2. Fiume innovativa: incoraggiare la ricerca e le industrie basate sulla conoscenza (H)<\/span><\/td>\n<\/tr>\n<tr>\n<td width=\"464\"><span style=\"font-size: 13.8466px\">2.3. Citt\u00e0 delle soluzioni sostenibili e innovative nel turismo (H)<\/span><\/td>\n<\/tr>\n<\/tbody>\n<\/table>\n<p>&nbsp;<\/p>\n<table width=\"0\">\n<tbody>\n<tr>\n<td width=\"136\"><span style=\"color: #ff0000\">Obiettivo strategico<\/span><\/td>\n<td width=\"464\"><a role=\"link\" href=\"https:\/\/www.rijeka.hr\/gradska-uprava\/plan-razvoja-grada-rijeke-2021-2027\/povezati-rijeku-2030\/\"><strong>3. Collegare Fiume 2030: hub di trasporto multimodale con un sostenibile ed efficiente sistema di trasporto <\/strong><\/a><\/td>\n<\/tr>\n<tr>\n<td rowspan=\"4\" width=\"136\"><strong>Obiettivi specifici<\/strong><\/td>\n<td width=\"464\">3.1. Fiume collegata al mondo e ai suoi dintorni<\/td>\n<\/tr>\n<tr>\n<td width=\"464\">3.2. Trasporto pubblico pulito, efficiente e accessibile in citt\u00e0 (H)<\/td>\n<\/tr>\n<tr>\n<td width=\"464\">3.3.Sviluppo del sistema di trasporto urbano e mobilit\u00e0 (H)<\/td>\n<\/tr>\n<tr>\n<td width=\"464\">3.4. Sviluppo delle infrastrutture ICT in citt\u00e0 (H)<\/td>\n<\/tr>\n<\/tbody>\n<\/table>\n<p>&nbsp;<\/p>\n<table width=\"0\">\n<tbody>\n<tr>\n<td width=\"136\"><strong>Obiettivo strategico<\/strong><\/td>\n<td width=\"464\"><a role=\"link\" href=\"https:\/\/www.rijeka.hr\/gradska-uprava\/plan-razvoja-grada-rijeke-2021-2027\/sacuvati-rijeku-2030\/\"><strong>4. Preservare Fiume 2030: una citt\u00e0 intelligente, verde e pulita adatta alle esigenze di tutti i cittadini<\/strong><\/a><\/td>\n<\/tr>\n<tr>\n<td rowspan=\"3\" width=\"136\"><strong>Obiettivi specifici<\/strong><\/td>\n<td width=\"464\">4.1. Citt\u00e0 che offre servizi comunali intelligenti e di qualit\u00e0 (H)<\/td>\n<\/tr>\n<tr>\n<td width=\"464\">4.2. Citt\u00e0 verde sul mare: lo spazio al servizio dei suoi cittadini<\/td>\n<\/tr>\n<tr>\n<td width=\"464\"><span style=\"font-size: 13.8466px\">4.3. Citt\u00e0 di gestione circolare delle risorse, collegata all&#8217;intera regione<\/span><\/td>\n<\/tr>\n<\/tbody>\n<\/table>\n<p>Oltre a questi campi e obiettivi principali, \u00e8 stato aggiunto l&#8217;obiettivo orizzontale &#8220;Fiume intelligente 2030: un hub regionale per l&#8217;Europa sud-orientale per lo sviluppo e l&#8217;implementazione di soluzioni intelligenti nella gestione delle citt\u00e0 e delle infrastrutture urbane&#8221;, che sar\u00e0 raggiunto attraverso attivit\u00e0 e misure in tutti e quattro gli obiettivi tematici, \u00a0implicando un approccio specifico, basato su tecnologia e soluzioni innovative.<\/p>\n<p>Per tutti gli obiettivi strategici, sono state definite determinate misure, attivit\u00e0, ovvero progetti che devono essere avviati per raggiungere questi obiettivi.<\/p>\n<p>.<\/p>\n<p>&nbsp;<\/p>\n<h2><\/h2>\n","protected":false},"excerpt":{"rendered":"<p>All&#8217;inizio del nuovo decennio, le citt\u00e0 si trovano ad affrontare opportunit\u00e0 di sviluppo e pianificazione senza precedenti, ma anche sfide fino ad ora sconosciute. Viviamo in un tempo in cui non possiamo prevedere con certezza le possibilit\u00e0 tecnologiche, n\u00e9 le sfide climatiche, demografiche e sanitarie che ci attendono tra 10 anni. Tutti vogliono che Fiume&#8230;<\/p>\n","protected":false},"author":20,"featured_media":0,"parent":1833,"menu_order":0,"comment_status":"closed","ping_status":"closed","template":"","meta":{"_acf_changed":false,"_trash_the_other_posts":false,"footnotes":"","_links_to":"","_links_to_target":""},"tags":[],"class_list":["post-12345","page","type-page","status-publish","hentry"],"acf":[],"yoast_head":"<!-- This site is optimized with the Yoast SEO plugin v24.4 - https:\/\/yoast.com\/wordpress\/plugins\/seo\/ -->\n<title>Piano di sviluppo della Citt\u00e0 di Fiume 2021 - 2027 - Citt\u00e0 di Fiume<\/title>\n<meta name=\"robots\" content=\"index, follow, max-snippet:-1, max-image-preview:large, max-video-preview:-1\" \/>\n<link rel=\"canonical\" href=\"https:\/\/www.rijeka.hr\/it\/amministrazione-cittadina\/piano-di-sviluppo-della-citta-di-fiume-2021-2027\/\" \/>\n<meta property=\"og:locale\" content=\"it_IT\" \/>\n<meta property=\"og:type\" content=\"article\" \/>\n<meta property=\"og:title\" content=\"Piano di sviluppo della Citt\u00e0 di Fiume 2021 - 2027 - Citt\u00e0 di Fiume\" \/>\n<meta property=\"og:description\" content=\"All&#8217;inizio del nuovo decennio, le citt\u00e0 si trovano ad affrontare opportunit\u00e0 di sviluppo e pianificazione senza precedenti, ma anche sfide fino ad ora sconosciute. Viviamo in un tempo in cui non possiamo prevedere con certezza le possibilit\u00e0 tecnologiche, n\u00e9 le sfide climatiche, demografiche e sanitarie che ci attendono tra 10 anni. Tutti vogliono che Fiume...\" \/>\n<meta property=\"og:url\" content=\"https:\/\/www.rijeka.hr\/it\/amministrazione-cittadina\/piano-di-sviluppo-della-citta-di-fiume-2021-2027\/\" \/>\n<meta property=\"og:site_name\" content=\"Citt\u00e0 di Fiume\" \/>\n<meta property=\"article:modified_time\" content=\"2024-05-17T10:01:44+00:00\" \/>\n<meta name=\"twitter:card\" content=\"summary_large_image\" \/>\n<meta name=\"twitter:label1\" content=\"Est. reading time\" \/>\n\t<meta name=\"twitter:data1\" content=\"3 minutes\" \/>\n<script type=\"application\/ld+json\" class=\"yoast-schema-graph\">{\"@context\":\"https:\/\/schema.org\",\"@graph\":[{\"@type\":\"WebPage\",\"@id\":\"https:\/\/www.rijeka.hr\/it\/amministrazione-cittadina\/piano-di-sviluppo-della-citta-di-fiume-2021-2027\/\",\"url\":\"https:\/\/www.rijeka.hr\/it\/amministrazione-cittadina\/piano-di-sviluppo-della-citta-di-fiume-2021-2027\/\",\"name\":\"Piano di sviluppo della Citt\u00e0 di Fiume 2021 - 2027 - Citt\u00e0 di Fiume\",\"isPartOf\":{\"@id\":\"https:\/\/www.rijeka.hr\/it\/#website\"},\"datePublished\":\"2021-02-03T12:15:57+00:00\",\"dateModified\":\"2024-05-17T10:01:44+00:00\",\"breadcrumb\":{\"@id\":\"https:\/\/www.rijeka.hr\/it\/amministrazione-cittadina\/piano-di-sviluppo-della-citta-di-fiume-2021-2027\/#breadcrumb\"},\"inLanguage\":\"it-IT\",\"potentialAction\":[{\"@type\":\"ReadAction\",\"target\":[\"https:\/\/www.rijeka.hr\/it\/amministrazione-cittadina\/piano-di-sviluppo-della-citta-di-fiume-2021-2027\/\"]}]},{\"@type\":\"BreadcrumbList\",\"@id\":\"https:\/\/www.rijeka.hr\/it\/amministrazione-cittadina\/piano-di-sviluppo-della-citta-di-fiume-2021-2027\/#breadcrumb\",\"itemListElement\":[{\"@type\":\"ListItem\",\"position\":1,\"name\":\"Po\u010detna stranica\",\"item\":\"https:\/\/www.rijeka.hr\/it\/\"},{\"@type\":\"ListItem\",\"position\":2,\"name\":\"Amministrazione cittadina\",\"item\":\"https:\/\/www.rijeka.hr\/it\/amministrazione-cittadina\/\"},{\"@type\":\"ListItem\",\"position\":3,\"name\":\"Piano di sviluppo della Citt\u00e0 di Fiume 2021 &#8211; 2027\"}]},{\"@type\":\"WebSite\",\"@id\":\"https:\/\/www.rijeka.hr\/it\/#website\",\"url\":\"https:\/\/www.rijeka.hr\/it\/\",\"name\":\"Citt\u00e0 di Fiume\",\"description\":\"Portale web della Citta&#039; di Fiume\",\"potentialAction\":[{\"@type\":\"SearchAction\",\"target\":{\"@type\":\"EntryPoint\",\"urlTemplate\":\"https:\/\/www.rijeka.hr\/it\/?s={search_term_string}\"},\"query-input\":{\"@type\":\"PropertyValueSpecification\",\"valueRequired\":true,\"valueName\":\"search_term_string\"}}],\"inLanguage\":\"it-IT\"}]}<\/script>\n<!-- \/ Yoast SEO plugin. -->","yoast_head_json":{"title":"Piano di sviluppo della Citt\u00e0 di Fiume 2021 - 2027 - Citt\u00e0 di Fiume","robots":{"index":"index","follow":"follow","max-snippet":"max-snippet:-1","max-image-preview":"max-image-preview:large","max-video-preview":"max-video-preview:-1"},"canonical":"https:\/\/www.rijeka.hr\/it\/amministrazione-cittadina\/piano-di-sviluppo-della-citta-di-fiume-2021-2027\/","og_locale":"it_IT","og_type":"article","og_title":"Piano di sviluppo della Citt\u00e0 di Fiume 2021 - 2027 - Citt\u00e0 di Fiume","og_description":"All&#8217;inizio del nuovo decennio, le citt\u00e0 si trovano ad affrontare opportunit\u00e0 di sviluppo e pianificazione senza precedenti, ma anche sfide fino ad ora sconosciute. Viviamo in un tempo in cui non possiamo prevedere con certezza le possibilit\u00e0 tecnologiche, n\u00e9 le sfide climatiche, demografiche e sanitarie che ci attendono tra 10 anni. Tutti vogliono che Fiume...","og_url":"https:\/\/www.rijeka.hr\/it\/amministrazione-cittadina\/piano-di-sviluppo-della-citta-di-fiume-2021-2027\/","og_site_name":"Citt\u00e0 di Fiume","article_modified_time":"2024-05-17T10:01:44+00:00","twitter_card":"summary_large_image","twitter_misc":{"Est. reading time":"3 minutes"},"schema":{"@context":"https:\/\/schema.org","@graph":[{"@type":"WebPage","@id":"https:\/\/www.rijeka.hr\/it\/amministrazione-cittadina\/piano-di-sviluppo-della-citta-di-fiume-2021-2027\/","url":"https:\/\/www.rijeka.hr\/it\/amministrazione-cittadina\/piano-di-sviluppo-della-citta-di-fiume-2021-2027\/","name":"Piano di sviluppo della Citt\u00e0 di Fiume 2021 - 2027 - Citt\u00e0 di Fiume","isPartOf":{"@id":"https:\/\/www.rijeka.hr\/it\/#website"},"datePublished":"2021-02-03T12:15:57+00:00","dateModified":"2024-05-17T10:01:44+00:00","breadcrumb":{"@id":"https:\/\/www.rijeka.hr\/it\/amministrazione-cittadina\/piano-di-sviluppo-della-citta-di-fiume-2021-2027\/#breadcrumb"},"inLanguage":"it-IT","potentialAction":[{"@type":"ReadAction","target":["https:\/\/www.rijeka.hr\/it\/amministrazione-cittadina\/piano-di-sviluppo-della-citta-di-fiume-2021-2027\/"]}]},{"@type":"BreadcrumbList","@id":"https:\/\/www.rijeka.hr\/it\/amministrazione-cittadina\/piano-di-sviluppo-della-citta-di-fiume-2021-2027\/#breadcrumb","itemListElement":[{"@type":"ListItem","position":1,"name":"Po\u010detna stranica","item":"https:\/\/www.rijeka.hr\/it\/"},{"@type":"ListItem","position":2,"name":"Amministrazione cittadina","item":"https:\/\/www.rijeka.hr\/it\/amministrazione-cittadina\/"},{"@type":"ListItem","position":3,"name":"Piano di sviluppo della Citt\u00e0 di Fiume 2021 &#8211; 2027"}]},{"@type":"WebSite","@id":"https:\/\/www.rijeka.hr\/it\/#website","url":"https:\/\/www.rijeka.hr\/it\/","name":"Citt\u00e0 di Fiume","description":"Portale web della Citta&#039; di Fiume","potentialAction":[{"@type":"SearchAction","target":{"@type":"EntryPoint","urlTemplate":"https:\/\/www.rijeka.hr\/it\/?s={search_term_string}"},"query-input":{"@type":"PropertyValueSpecification","valueRequired":true,"valueName":"search_term_string"}}],"inLanguage":"it-IT"}]}},"_links":{"self":[{"href":"https:\/\/www.rijeka.hr\/it\/wp-json\/wp\/v2\/pages\/12345","targetHints":{"allow":["GET"]}}],"collection":[{"href":"https:\/\/www.rijeka.hr\/it\/wp-json\/wp\/v2\/pages"}],"about":[{"href":"https:\/\/www.rijeka.hr\/it\/wp-json\/wp\/v2\/types\/page"}],"author":[{"embeddable":true,"href":"https:\/\/www.rijeka.hr\/it\/wp-json\/wp\/v2\/users\/20"}],"replies":[{"embeddable":true,"href":"https:\/\/www.rijeka.hr\/it\/wp-json\/wp\/v2\/comments?post=12345"}],"version-history":[{"count":4,"href":"https:\/\/www.rijeka.hr\/it\/wp-json\/wp\/v2\/pages\/12345\/revisions"}],"predecessor-version":[{"id":12909,"href":"https:\/\/www.rijeka.hr\/it\/wp-json\/wp\/v2\/pages\/12345\/revisions\/12909"}],"up":[{"embeddable":true,"href":"https:\/\/www.rijeka.hr\/it\/wp-json\/wp\/v2\/pages\/1833"}],"wp:attachment":[{"href":"https:\/\/www.rijeka.hr\/it\/wp-json\/wp\/v2\/media?parent=12345"}],"wp:term":[{"taxonomy":"post_tag","embeddable":true,"href":"https:\/\/www.rijeka.hr\/it\/wp-json\/wp\/v2\/tags?post=12345"}],"curies":[{"name":"wp","href":"https:\/\/api.w.org\/{rel}","templated":true}]}}