{"id":12392,"date":"2021-02-11T14:58:24","date_gmt":"2021-02-11T13:58:24","guid":{"rendered":"https:\/\/www.rijeka.hr\/it\/?page_id=12392"},"modified":"2021-03-25T09:22:27","modified_gmt":"2021-03-25T08:22:27","slug":"base-analitica-del-piano-di-sviluppo-della-citta-di-fiume","status":"publish","type":"page","link":"https:\/\/www.rijeka.hr\/it\/amministrazione-cittadina\/piano-di-sviluppo-della-citta-di-fiume-2021-2027\/base-analitica-del-piano-di-sviluppo-della-citta-di-fiume\/","title":{"rendered":"Base analitica del Piano di Sviluppo della Citt\u00e0 di Fiume"},"content":{"rendered":"<p>La base analitica del Piano di Sviluppo comprender\u00e0 le analisi della situazione esistente e i dati raccolti nei seguenti campi: <strong>Societ\u00e0<\/strong> (demografia, infrastrutture sociali e istruzione, salute, previdenza sociale e inclusione sociale), <strong>Economia<\/strong> (tendenze economiche generali, mercato del lavoro, clima imprenditoriale, turismo e cultura), <strong>Ambiente urbano<\/strong> (qualit\u00e0 dell&#8217;ambiente urbano, esposizione a rischi ambientali e rischi climatici, infrastrutture primarie, infrastrutture per la mobilit\u00e0 e connessione ad Internet, quadro per la gestione dello sviluppo) e <strong>Analisi SWOT.<\/strong><\/p>\n<p><strong>Le informazioni di base<\/strong> su Fiume costituiscono parte integrante della Base analitica.<\/p>\n<p>CITT\u00c0 DI FIUME- DATI DI BASE:<\/p>\n<ul>\n<li>Regione: Litoraneo &#8211; montana<\/li>\n<li>Posizione geografica 45.3271 \u00b0 N, 14.4422 \u00b0 E<\/li>\n<li>Superficie terreno: 43,6 kmq<\/li>\n<li>Superficie totale (con la parte marina): 136 kmq.<\/li>\n<li>Codice postale: 51.000<\/li>\n<li>Targa: RI<\/li>\n<li>Numero dei comitati di quartiere: 34<\/li>\n<li>Popolazione: 2011 = 128.624; 2018 = 117.415<\/li>\n<li>Densit\u00e0 della popolazione: 2.923 s \/ km2<\/li>\n<li>Dialetto: quarnerino \/ciacavo<\/li>\n<li>Clima: clima piovoso moderatamente caldo<\/li>\n<li>Santo patrono della citt\u00e0: San Vito<\/li>\n<li>Giornata della citt\u00e0: 15 giugno<\/li>\n<li>Regione NUTS2: Adriatico Croazia<\/li>\n<li>Indice di sviluppo: 108.308<\/li>\n<li>Gruppo di sviluppo JLS: VII<\/li>\n<li>Attivit\u00e0 prevalenti, le pi\u00f9 importanti: Produzione; Costruzione; Commercio all&#8217;ingrosso e al dettaglio e riparazione di autoveicoli e motocicli; Trasporto e immagazzinamento; Attivit\u00e0 professionali, scientifiche e tecniche<\/li>\n<li>Altre particolarit\u00e0: Capitale Europea della Cultura<\/li>\n<\/ul>\n<p>La citt\u00e0 di Fiume si trova nella Regione litoraneo &#8211; montana (regione NUTS II &#8211; Croazia Adriatica) e, in quanto capoluogo della regione, ne rappresenta il centro. \u00c8 uno dei quattro centri di sviluppo fondamentali delle singole unit\u00e0 territoriali della Repubblica di Croazia insieme a Zagabria, Spalato e Osijek. Nel corso della storia, Fiume, con numerose fabbriche in varie industrie e un porto sviluppato, era conosciuta come un centro industriale e portuale, e oggi, sebbene sia ancora riconosciuta per i fattori menzionati, Fiume \u00e8 riconosciuta per nuove industrie, istruzione, cultura e turismo. Amministrativamente, la citt\u00e0 \u00e8 divisa in 34 comitati di quartiere: Banderovo, Belvedere, Braida-Dolac, Bra\u0161\u0107ine-Pulac, Bulevard, Centro-Su\u0161ak, Draga, Drenova, Gornja Ve\u017eica, Gornji Zamet, Citt\u00e0 di Tersatto, Grbci, Cantrida, Cosala, Crimea, Porto, Mlaka, Orehovica, Pa\u0161ac, Pe\u0107ine, Pehlin, Gelsi, Podve\u017eica, Potok, Srdo\u010di, San Cosimo, San Nicol\u00f2, Svilno, Scoglietto, Scurigne, Valscurigne, Torretta, Vojak e Zamet<\/p>\n<p>La Citt\u00e0 si trova sul bordo settentrionale della baia ben protetta di Fiume, e la linea costiera, che si estende dalla baia di Preluk a ovest fino alla baia di Martin\u0161\u0107ica sul bordo orientale della citt\u00e0, rispetto alla forma triangolare della citt\u00e0, rappresenta la sua ipotenusa lunga 19 km. Sul lato della terraferma, Fiume confina con le citt\u00e0 di Buccari, Castua e Abbazia e con i comuni di \u010cavle, Jelenje, Kostrena, Matuglie e Vi\u0161kovo, e sul lato marino con le citt\u00e0 di Porto Re e Cherso e il comune di Castelmucchio. Lo specchio di mare antistante Fiume fa parte della Baia di Fiume, la parte pi\u00f9 settentrionale del Quarnero situata tra la costa occidentale dell\u2019isola di Veglia, la penisola istriana e la parte settentrionale del littorale croato, dove si sono sviluppati numerosi centri turistici e il pi\u00f9 grande porto croato. La baia di Fiume \u00e8 un sistema chiuso collegato al Golfo del Quarnero da Canale Tihi a est, il passo Srednja vrata a sud e il passo Vela vrata a sud-ovest.<\/p>\n<div id=\"attachment_12396\" class=\"wp-caption aligncenter\"><img loading=\"lazy\" decoding=\"async\" width=\"411\" height=\"600\" class=\"wp-image-12396 size-medium\" src=\"https:\/\/www.rijeka.hr\/it\/wp-content\/uploads\/sites\/3\/2021\/02\/Karta-Polo\u017eaj-Grada-Rijeke-u-PG\u017d-411x600-411x600.jpg\" alt=\"\" srcset=\"https:\/\/www.rijeka.hr\/it\/wp-content\/uploads\/sites\/3\/2021\/02\/Karta-Polo\u017eaj-Grada-Rijeke-u-PG\u017d-411x600-411x400.jpg 411w, https:\/\/www.rijeka.hr\/it\/wp-content\/uploads\/sites\/3\/2021\/02\/Karta-Polo\u017eaj-Grada-Rijeke-u-PG\u017d-411x600-274x400.jpg 274w\" sizes=\"(max-width: 411px) 100vw, 411px\" \/><p class=\"wp-caption-text\">LA POSIZIONE DELLA CITT\u00c0 DI FIUME NELLA REGIONE LITORANEO \u2013 MONTANA FONTE: ISTITUZIONE PUBBLICA PER LA PIANIFICAZIONE SPAZIALE DELLA REGIONE LITORANEO &#8211; MONTANA<\/p><\/div>\n<h3>Posizione della citt\u00e0 di Fiume nella Regione litoraneo &#8211; montana<\/h3>\n<p>La posizione geologica di Fiume la rende molto sottoposta a precipitazioni, in media un terzo di tutti i giorni sono giorni piovosi. Il clima prevalente \u00e8 un clima piovoso moderatamente caldo, senza periodo secco, con un minimo di precipitazioni nella parte calda dell&#8217;anno e con estati calde. La temperatura media annuale dell&#8217;aria \u00e8 di circa 13,8 \u00baC e la temperatura assoluta massima e minima erano rispettivamente di 38,1 \u00baC e \u201311,4 \u00baC. Questo rapporto di temperatura durante tutto l&#8217;anno a Fiume apre numerose possibilit\u00e0. La pi\u00f9 alta temperatura superficiale del mare nella baia di Fiume si ha nel mese di agosto (22,4 \u00baC), che \u00e8 (nei mesi estivi) molto adatta al turismo balneare. In contrasto con il turismo balneare, e legato alle temperature pi\u00f9 basse durante l&#8217;inverno, nel territorio della Citt\u00e0 di Fiume, pi\u00f9 precisamente nella stazione sciistica del Platak, viene promosso il turismo invernale. \u00c8 una rarit\u00e0 al mondo fare il bagno d&#8217;estate e sciare d&#8217;inverno con vista sul mare.<\/p>\n<p>La citt\u00e0 si trova vicino alla maggior parte dei centri delle regioni vicine. La distanza da Pisino (Regione Istriana) \u00e8 di 60 km, Karlovac (Regione di Karlovac) 140 km, Gospi\u0107 (Regione della Lika e di Segna) 155 km e Zara (Regione di Zara) 225 km. La distanza dalla capitale della Repubblica di Croazia, Zagabria, \u00e8 di 175 km. Oltre a queste citt\u00e0, nel raggio di circa 100 km si trovano le principali citt\u00e0 della regione, Pola, Trieste e Lubiana, e ad una distanza di circa 500 km si trovano la maggior parte delle capitali e dei centri dell&#8217;Europa centrale, Budapest, Bratislava, Vienna, Milano, Monaco di Baviera, Salisburgo e altri.<\/p>\n<div id=\"attachment_12397\" class=\"wp-caption aligncenter\"><img loading=\"lazy\" decoding=\"async\" class=\"wp-image-12397 size-medium\" src=\"https:\/\/www.rijeka.hr\/it\/wp-content\/uploads\/sites\/3\/2021\/02\/Karta-Udaljenost-Grada-Rijeke-od-tuzemnih-i-inozemnih-sredi\u0161ta-600x376.jpg\" alt=\"\" width=\"600\" height=\"376\" srcset=\"https:\/\/www.rijeka.hr\/it\/wp-content\/uploads\/sites\/3\/2021\/02\/Karta-Udaljenost-Grada-Rijeke-od-tuzemnih-i-inozemnih-sredi\u0161ta-600x400.jpg 600w, https:\/\/www.rijeka.hr\/it\/wp-content\/uploads\/sites\/3\/2021\/02\/Karta-Udaljenost-Grada-Rijeke-od-tuzemnih-i-inozemnih-sredi\u0161ta-768x481.jpg 768w, https:\/\/www.rijeka.hr\/it\/wp-content\/uploads\/sites\/3\/2021\/02\/Karta-Udaljenost-Grada-Rijeke-od-tuzemnih-i-inozemnih-sredi\u0161ta-1200x752.jpg 1200w, https:\/\/www.rijeka.hr\/it\/wp-content\/uploads\/sites\/3\/2021\/02\/Karta-Udaljenost-Grada-Rijeke-od-tuzemnih-i-inozemnih-sredi\u0161ta-960x600.jpg 960w, https:\/\/www.rijeka.hr\/it\/wp-content\/uploads\/sites\/3\/2021\/02\/Karta-Udaljenost-Grada-Rijeke-od-tuzemnih-i-inozemnih-sredi\u0161ta-957x600.jpg 957w, https:\/\/www.rijeka.hr\/it\/wp-content\/uploads\/sites\/3\/2021\/02\/Karta-Udaljenost-Grada-Rijeke-od-tuzemnih-i-inozemnih-sredi\u0161ta.jpg 1449w, https:\/\/www.rijeka.hr\/it\/wp-content\/uploads\/sites\/3\/2021\/02\/Karta-Udaljenost-Grada-Rijeke-od-tuzemnih-i-inozemnih-sredi\u0161ta-1000x400.jpg 1000w\" sizes=\"(max-width: 600px) 100vw, 600px\" \/><p class=\"wp-caption-text\">DISTANZA DELLA CITT\u00c0 DI FIUME DAI CENTRI NAZIONALI ED ESTERI; PREPARAZIONE: AUTORI DEL PIANO SECONDO GOOGLE MAPS<\/p><\/div>\n<h3>Distanza della citt\u00e0 di Fiume dai centri nazionali ed esteri<\/h3>\n<p>Gli ulteriori capitoli della Base analitica sono in preparazione. Si riferiscono ai seguenti capitoli:<\/p>\n<ul>\n<li><strong>Societ\u00e0<\/strong> (demografia, infrastrutture sociali e istruzione, salute, previdenza sociale e inclusione sociale),<\/li>\n<li><strong>Economia<\/strong> (tendenze economiche generali, mercato del lavoro, clima imprenditoriale, turismo e cultura),<\/li>\n<li><strong>Ambiente urbano<\/strong> (qualit\u00e0 dell&#8217;ambiente urbano, esposizione a rischi ambientali e rischi climatici, infrastrutture primarie, infrastrutture per la mobilit\u00e0 e la connessione ad Internet, quadro di gestione dello sviluppo)<\/li>\n<li><strong>Analisi SWOT<\/strong>.<\/li>\n<\/ul>\n","protected":false},"excerpt":{"rendered":"<p>La base analitica del Piano di Sviluppo comprender\u00e0 le analisi della situazione esistente e i dati raccolti nei seguenti campi: Societ\u00e0 (demografia, infrastrutture sociali e istruzione, salute, previdenza sociale e inclusione sociale), Economia (tendenze economiche generali, mercato del lavoro, clima imprenditoriale, turismo e cultura), Ambiente urbano (qualit\u00e0 dell&#8217;ambiente urbano, esposizione a rischi ambientali e rischi&#8230;<\/p>\n","protected":false},"author":13,"featured_media":0,"parent":12345,"menu_order":40,"comment_status":"closed","ping_status":"closed","template":"","meta":{"_acf_changed":false,"_trash_the_other_posts":false,"footnotes":"","_links_to":"","_links_to_target":""},"tags":[],"class_list":["post-12392","page","type-page","status-publish","hentry"],"acf":[],"yoast_head":"<!-- This site is optimized with the Yoast SEO plugin v24.4 - https:\/\/yoast.com\/wordpress\/plugins\/seo\/ -->\n<title>Base analitica del Piano di Sviluppo della Citt\u00e0 di Fiume - Citt\u00e0 di Fiume<\/title>\n<meta name=\"robots\" content=\"index, follow, max-snippet:-1, max-image-preview:large, max-video-preview:-1\" \/>\n<link rel=\"canonical\" href=\"https:\/\/www.rijeka.hr\/it\/amministrazione-cittadina\/piano-di-sviluppo-della-citta-di-fiume-2021-2027\/base-analitica-del-piano-di-sviluppo-della-citta-di-fiume\/\" \/>\n<meta property=\"og:locale\" content=\"it_IT\" \/>\n<meta property=\"og:type\" content=\"article\" \/>\n<meta property=\"og:title\" content=\"Base analitica del Piano di Sviluppo della Citt\u00e0 di Fiume - Citt\u00e0 di Fiume\" \/>\n<meta property=\"og:description\" content=\"La base analitica del Piano di Sviluppo comprender\u00e0 le analisi della situazione esistente e i dati raccolti nei seguenti campi: Societ\u00e0 (demografia, infrastrutture sociali e istruzione, salute, previdenza sociale e inclusione sociale), Economia (tendenze economiche generali, mercato del lavoro, clima imprenditoriale, turismo e cultura), Ambiente urbano (qualit\u00e0 dell&#8217;ambiente urbano, esposizione a rischi ambientali e rischi...\" \/>\n<meta property=\"og:url\" content=\"https:\/\/www.rijeka.hr\/it\/amministrazione-cittadina\/piano-di-sviluppo-della-citta-di-fiume-2021-2027\/base-analitica-del-piano-di-sviluppo-della-citta-di-fiume\/\" \/>\n<meta property=\"og:site_name\" content=\"Citt\u00e0 di Fiume\" \/>\n<meta property=\"article:modified_time\" content=\"2021-03-25T08:22:27+00:00\" \/>\n<meta name=\"twitter:card\" content=\"summary_large_image\" \/>\n<meta name=\"twitter:label1\" content=\"Est. reading time\" \/>\n\t<meta name=\"twitter:data1\" content=\"5 minutes\" \/>\n<script type=\"application\/ld+json\" class=\"yoast-schema-graph\">{\"@context\":\"https:\/\/schema.org\",\"@graph\":[{\"@type\":\"WebPage\",\"@id\":\"https:\/\/www.rijeka.hr\/it\/amministrazione-cittadina\/piano-di-sviluppo-della-citta-di-fiume-2021-2027\/base-analitica-del-piano-di-sviluppo-della-citta-di-fiume\/\",\"url\":\"https:\/\/www.rijeka.hr\/it\/amministrazione-cittadina\/piano-di-sviluppo-della-citta-di-fiume-2021-2027\/base-analitica-del-piano-di-sviluppo-della-citta-di-fiume\/\",\"name\":\"Base analitica del Piano di Sviluppo della Citt\u00e0 di Fiume - Citt\u00e0 di Fiume\",\"isPartOf\":{\"@id\":\"https:\/\/www.rijeka.hr\/it\/#website\"},\"datePublished\":\"2021-02-11T13:58:24+00:00\",\"dateModified\":\"2021-03-25T08:22:27+00:00\",\"breadcrumb\":{\"@id\":\"https:\/\/www.rijeka.hr\/it\/amministrazione-cittadina\/piano-di-sviluppo-della-citta-di-fiume-2021-2027\/base-analitica-del-piano-di-sviluppo-della-citta-di-fiume\/#breadcrumb\"},\"inLanguage\":\"it-IT\",\"potentialAction\":[{\"@type\":\"ReadAction\",\"target\":[\"https:\/\/www.rijeka.hr\/it\/amministrazione-cittadina\/piano-di-sviluppo-della-citta-di-fiume-2021-2027\/base-analitica-del-piano-di-sviluppo-della-citta-di-fiume\/\"]}]},{\"@type\":\"BreadcrumbList\",\"@id\":\"https:\/\/www.rijeka.hr\/it\/amministrazione-cittadina\/piano-di-sviluppo-della-citta-di-fiume-2021-2027\/base-analitica-del-piano-di-sviluppo-della-citta-di-fiume\/#breadcrumb\",\"itemListElement\":[{\"@type\":\"ListItem\",\"position\":1,\"name\":\"Po\u010detna stranica\",\"item\":\"https:\/\/www.rijeka.hr\/it\/\"},{\"@type\":\"ListItem\",\"position\":2,\"name\":\"Amministrazione cittadina\",\"item\":\"https:\/\/www.rijeka.hr\/it\/amministrazione-cittadina\/\"},{\"@type\":\"ListItem\",\"position\":3,\"name\":\"Piano di sviluppo della Citt\u00e0 di Fiume 2021 &#8211; 2027\",\"item\":\"https:\/\/www.rijeka.hr\/it\/amministrazione-cittadina\/piano-di-sviluppo-della-citta-di-fiume-2021-2027\/\"},{\"@type\":\"ListItem\",\"position\":4,\"name\":\"Base analitica del Piano di Sviluppo della Citt\u00e0 di Fiume\"}]},{\"@type\":\"WebSite\",\"@id\":\"https:\/\/www.rijeka.hr\/it\/#website\",\"url\":\"https:\/\/www.rijeka.hr\/it\/\",\"name\":\"Citt\u00e0 di Fiume\",\"description\":\"Portale web della Citta&#039; di Fiume\",\"potentialAction\":[{\"@type\":\"SearchAction\",\"target\":{\"@type\":\"EntryPoint\",\"urlTemplate\":\"https:\/\/www.rijeka.hr\/it\/?s={search_term_string}\"},\"query-input\":{\"@type\":\"PropertyValueSpecification\",\"valueRequired\":true,\"valueName\":\"search_term_string\"}}],\"inLanguage\":\"it-IT\"}]}<\/script>\n<!-- \/ Yoast SEO plugin. -->","yoast_head_json":{"title":"Base analitica del Piano di Sviluppo della Citt\u00e0 di Fiume - Citt\u00e0 di Fiume","robots":{"index":"index","follow":"follow","max-snippet":"max-snippet:-1","max-image-preview":"max-image-preview:large","max-video-preview":"max-video-preview:-1"},"canonical":"https:\/\/www.rijeka.hr\/it\/amministrazione-cittadina\/piano-di-sviluppo-della-citta-di-fiume-2021-2027\/base-analitica-del-piano-di-sviluppo-della-citta-di-fiume\/","og_locale":"it_IT","og_type":"article","og_title":"Base analitica del Piano di Sviluppo della Citt\u00e0 di Fiume - Citt\u00e0 di Fiume","og_description":"La base analitica del Piano di Sviluppo comprender\u00e0 le analisi della situazione esistente e i dati raccolti nei seguenti campi: Societ\u00e0 (demografia, infrastrutture sociali e istruzione, salute, previdenza sociale e inclusione sociale), Economia (tendenze economiche generali, mercato del lavoro, clima imprenditoriale, turismo e cultura), Ambiente urbano (qualit\u00e0 dell&#8217;ambiente urbano, esposizione a rischi ambientali e rischi...","og_url":"https:\/\/www.rijeka.hr\/it\/amministrazione-cittadina\/piano-di-sviluppo-della-citta-di-fiume-2021-2027\/base-analitica-del-piano-di-sviluppo-della-citta-di-fiume\/","og_site_name":"Citt\u00e0 di Fiume","article_modified_time":"2021-03-25T08:22:27+00:00","twitter_card":"summary_large_image","twitter_misc":{"Est. reading time":"5 minutes"},"schema":{"@context":"https:\/\/schema.org","@graph":[{"@type":"WebPage","@id":"https:\/\/www.rijeka.hr\/it\/amministrazione-cittadina\/piano-di-sviluppo-della-citta-di-fiume-2021-2027\/base-analitica-del-piano-di-sviluppo-della-citta-di-fiume\/","url":"https:\/\/www.rijeka.hr\/it\/amministrazione-cittadina\/piano-di-sviluppo-della-citta-di-fiume-2021-2027\/base-analitica-del-piano-di-sviluppo-della-citta-di-fiume\/","name":"Base analitica del Piano di Sviluppo della Citt\u00e0 di Fiume - Citt\u00e0 di Fiume","isPartOf":{"@id":"https:\/\/www.rijeka.hr\/it\/#website"},"datePublished":"2021-02-11T13:58:24+00:00","dateModified":"2021-03-25T08:22:27+00:00","breadcrumb":{"@id":"https:\/\/www.rijeka.hr\/it\/amministrazione-cittadina\/piano-di-sviluppo-della-citta-di-fiume-2021-2027\/base-analitica-del-piano-di-sviluppo-della-citta-di-fiume\/#breadcrumb"},"inLanguage":"it-IT","potentialAction":[{"@type":"ReadAction","target":["https:\/\/www.rijeka.hr\/it\/amministrazione-cittadina\/piano-di-sviluppo-della-citta-di-fiume-2021-2027\/base-analitica-del-piano-di-sviluppo-della-citta-di-fiume\/"]}]},{"@type":"BreadcrumbList","@id":"https:\/\/www.rijeka.hr\/it\/amministrazione-cittadina\/piano-di-sviluppo-della-citta-di-fiume-2021-2027\/base-analitica-del-piano-di-sviluppo-della-citta-di-fiume\/#breadcrumb","itemListElement":[{"@type":"ListItem","position":1,"name":"Po\u010detna stranica","item":"https:\/\/www.rijeka.hr\/it\/"},{"@type":"ListItem","position":2,"name":"Amministrazione cittadina","item":"https:\/\/www.rijeka.hr\/it\/amministrazione-cittadina\/"},{"@type":"ListItem","position":3,"name":"Piano di sviluppo della Citt\u00e0 di Fiume 2021 &#8211; 2027","item":"https:\/\/www.rijeka.hr\/it\/amministrazione-cittadina\/piano-di-sviluppo-della-citta-di-fiume-2021-2027\/"},{"@type":"ListItem","position":4,"name":"Base analitica del Piano di Sviluppo della Citt\u00e0 di Fiume"}]},{"@type":"WebSite","@id":"https:\/\/www.rijeka.hr\/it\/#website","url":"https:\/\/www.rijeka.hr\/it\/","name":"Citt\u00e0 di Fiume","description":"Portale web della Citta&#039; di Fiume","potentialAction":[{"@type":"SearchAction","target":{"@type":"EntryPoint","urlTemplate":"https:\/\/www.rijeka.hr\/it\/?s={search_term_string}"},"query-input":{"@type":"PropertyValueSpecification","valueRequired":true,"valueName":"search_term_string"}}],"inLanguage":"it-IT"}]}},"_links":{"self":[{"href":"https:\/\/www.rijeka.hr\/it\/wp-json\/wp\/v2\/pages\/12392","targetHints":{"allow":["GET"]}}],"collection":[{"href":"https:\/\/www.rijeka.hr\/it\/wp-json\/wp\/v2\/pages"}],"about":[{"href":"https:\/\/www.rijeka.hr\/it\/wp-json\/wp\/v2\/types\/page"}],"author":[{"embeddable":true,"href":"https:\/\/www.rijeka.hr\/it\/wp-json\/wp\/v2\/users\/13"}],"replies":[{"embeddable":true,"href":"https:\/\/www.rijeka.hr\/it\/wp-json\/wp\/v2\/comments?post=12392"}],"version-history":[{"count":3,"href":"https:\/\/www.rijeka.hr\/it\/wp-json\/wp\/v2\/pages\/12392\/revisions"}],"predecessor-version":[{"id":12638,"href":"https:\/\/www.rijeka.hr\/it\/wp-json\/wp\/v2\/pages\/12392\/revisions\/12638"}],"up":[{"embeddable":true,"href":"https:\/\/www.rijeka.hr\/it\/wp-json\/wp\/v2\/pages\/12345"}],"wp:attachment":[{"href":"https:\/\/www.rijeka.hr\/it\/wp-json\/wp\/v2\/media?parent=12392"}],"wp:term":[{"taxonomy":"post_tag","embeddable":true,"href":"https:\/\/www.rijeka.hr\/it\/wp-json\/wp\/v2\/tags?post=12392"}],"curies":[{"name":"wp","href":"https:\/\/api.w.org\/{rel}","templated":true}]}}