{"id":12433,"date":"2021-02-16T13:56:29","date_gmt":"2021-02-16T12:56:29","guid":{"rendered":"https:\/\/www.rijeka.hr\/it\/?page_id=12433"},"modified":"2021-03-25T09:23:34","modified_gmt":"2021-03-25T08:23:34","slug":"lavorare-a-fiume","status":"publish","type":"page","link":"https:\/\/www.rijeka.hr\/it\/amministrazione-cittadina\/piano-di-sviluppo-della-citta-di-fiume-2021-2027\/lavorare-a-fiume\/","title":{"rendered":"Lavorare a Fiume"},"content":{"rendered":"<p><strong>Entro il 2030, Fiume dovr\u00e0 essere completamente trasformata in una citt\u00e0 di industrie moderne, soprattutto creative, tecnologicamente innovative e verdi. Tale attenzione tiene conto anche della sostenibilit\u00e0 dell&#8217;economia (tecnologia pulita) e mira ad assicurare contenuti di qualit\u00e0 e stimolanti (industrie creative) per cui Fiume \u00e8 riconoscibile.<\/strong><\/p>\n<p>Nell&#8217;elaborare il piano di sviluppo vengono prese in considerazione le seguenti questioni: come sviluppare l&#8217;Industria 4.0, l&#8217;industria creativa e l&#8217;IT a Fiume, e anche come incoraggiare l&#8217;innovazione e la ricerca scientifica, che sono un prerequisito per un ulteriore sviluppo dell&#8217;economia a Fiume. Fiume \u00e8 gi\u00e0 una citt\u00e0 intelligente e collabora fortemente con istituzioni e aziende che promuovono questo concetto. \u00c8 importante garantire le condizioni tecniche e organizzative per un ulteriore sviluppo della citt\u00e0 intelligente. \u00c8 necessario considerare attivamente lo sviluppo del Porto, che dovrebbe rimanere una leva di sviluppo di Fiume, ma lo spazio urbano dovrebbe rimanere pulito e funzionale. Il turismo a Fiume dovrebbe essere sostenibile, riconoscibile e basato su un&#8217;offerta di qualit\u00e0 e un ulteriore sviluppo ben pensato.<\/p>\n<p><strong>I temi compresi da questo segmento sono i seguenti:<\/strong><\/p>\n<ul>\n<li><strong>Incoraggiare l&#8217;imprenditoria e innovazioni,<\/strong><\/li>\n<li><strong>Industria 4.0: industrie manifatturiere intelligenti,<\/strong><\/li>\n<li><strong>Settore IT,<\/strong><\/li>\n<li><strong>Industrie creative,<\/strong><\/li>\n<li><strong>Industrie pulite e &#8220;verdi&#8221;,<\/strong><\/li>\n<li><strong>Ricerca e sviluppo: universit\u00e0 e cooperazione tra scienza ed economia,<\/strong><\/li>\n<li><strong>Infrastruttura IT,<\/strong><\/li>\n<li><strong>Artigianato,<\/strong><\/li>\n<li><strong>Fiume come citt\u00e0 portuale,<\/strong><\/li>\n<li><strong>Cantieristica navale,<\/strong><\/li>\n<li><strong>Turismo e<\/strong><\/li>\n<li><strong>Altro<\/strong><\/li>\n<\/ul>\n<p>Laboratorio con il pubblico professionale<\/p>\n<p><img loading=\"lazy\" decoding=\"async\" width=\"600\" height=\"400\" class=\"size-medium wp-image-12470 alignleft\" src=\"https:\/\/www.rijeka.hr\/it\/wp-content\/uploads\/sites\/3\/2021\/02\/Raditi-u-Rijeci-2030-5-600x400-600x400.jpg\" alt=\"\" \/>Il 10 novembre 2020 si \u00e8 tenuto il laboratorio con il pubblico professionale sul tema \u201cLavorare a Fiume nel 2030\u201d nell&#8217;ambito del processo di pianificazione strategica per lo sviluppo della Citt\u00e0 di Fiume nel prossimo periodo. Rientra nella metodologia prevista per l&#8217;elaborazione del <strong>Piano di Sviluppo della Citt\u00e0 di Fiume 2021 &#8211; 2027<\/strong> nel contesto dello sviluppo e della connessione dell&#8217;economia, della scienza e del turismo.<\/p>\n<p>Il laboratorio ha affrontato i temi in materia di industria, TIC, industrie creative, ambiente favorevole all\u2019innovazione e servizi turistici e motivi dell&#8217;arrivo dei turisti. Questi temi nella forma di lavoro di gruppo e discussione sono stati affrontati attraverso tre questioni relative a:<\/p>\n<ul>\n<li>sfide e bisogni in relazione al tema (situazione attuale),<\/li>\n<li>visione e opportunit\u00e0 di sviluppo del segmento (stato desiderato),<\/li>\n<li>progetti e attivit\u00e0 chiave per raggiungere la direzione di sviluppo desiderata (come ottenerla).<\/li>\n<\/ul>\n<p>Osservando le citate sfide e opportunit\u00e0, progetti e attivit\u00e0 e proposte di visione, i partecipanti hanno avuto il compito di presentare le conclusioni del seminario.<\/p>\n<p>La conclusione chiave e comune di tutte le parti interessate per sotto-argomenti \u00e8 che \u00e8<strong> principalmente necessario investire nello sviluppo di personale altamente qualificato, adattare le istituzioni educative alle esigenze dell&#8217;economia e porre l&#8217;accento sulla cantieristica navale, i prodotti farmaceutici, le TIC e il turismo<\/strong> e consentire il collegamento interdisciplinare delle parti interessate: industria, settore civile, scienza e istruzione e turismo (ad esempio industria farmaceutica, associazioni orientate alla salute, educazione farmaceutica, turismo sanitario e uso di grandi set di dati e business intelligence). Inoltre, dovrebbe essere sviluppato un ambiente imprenditoriale stimolante, principalmente infrastrutture di supporto imprenditoriale (ampliare il ben sviluppato sistema di incubazione) e infrastrutture TIC, incoraggiare l&#8217;innovazione e investire in nuove tecnologie digitali. Infine, dovremmo fare il giusto uso delle risorse che Fiume ha a sua disposizione per lungo tempo: il porto (aprire Fiume verso il mare), la posizione geotrasportistica, il patrimonio storico e la tradizione e le infrastrutture industriali non abbastanza utilizzate e trascurate.<\/p>\n<p>Definire la visione dell&#8217;economia, della scienza e del turismo nella citt\u00e0 di Fiume nel 2030, in tutti gli argomenti secondari, relativi alla creazione di un ambiente imprenditoriale stimolante, alla creazione di personale altamente qualificato, alle nuove tecnologie, all&#8217;interoperabilit\u00e0 nello sviluppo della citt\u00e0 e all&#8217;uso delle risorse esistenti. Pertanto, <strong>Fiume 2030 \u00e8 una citt\u00e0 con un ambiente imprenditoriale stimolante che ha un gran numero di personale altamente qualificato, utilizza e migliora le risorse esistenti, incoraggia lo sviluppo e l&#8217;introduzione di nuove tecnologie e l&#8217;interoperabilit\u00e0 nello sviluppo della citt\u00e0.<\/strong><\/p>\n<p>PARTECIPANTI AL laboratorio:<\/p>\n<ul>\n<li>Ivo Usmiani, JGL<\/li>\n<li>Boris Popovi\u0107, agglomerazione urbana di Fiume<\/li>\n<li>Franjo Gregov, cantiere navale 3. Maj<\/li>\n<li>Edi Grbac, iOlap<\/li>\n<li>Mateo Star\u010devi\u0107 Filipovi\u0107, Brightdock<\/li>\n<li>Anto Domi\u0107, NetCom<\/li>\n<li>Vladimir Mozeti\u0107, Cluster del turismo sanitario<\/li>\n<li>Zoran Lu\u0161tica, Jadran hoteli<\/li>\n<li>Jose Luiz Ruiz Arroya, Hilton Costabella<\/li>\n<li>Maja \u0160imuni\u0107, Hilton Costabella<\/li>\n<li>Vedran Jakomini\u0107, associazione dei ristoratori del Quarnero e dell&#8217;Istria<\/li>\n<li>Vojko Obersnel, sindaco<\/li>\n<\/ul>\n","protected":false},"excerpt":{"rendered":"<p>Entro il 2030, Fiume dovr\u00e0 essere completamente trasformata in una citt\u00e0 di industrie moderne, soprattutto creative, tecnologicamente innovative e verdi. Tale attenzione tiene conto anche della sostenibilit\u00e0 dell&#8217;economia (tecnologia pulita) e mira ad assicurare contenuti di qualit\u00e0 e stimolanti (industrie creative) per cui Fiume \u00e8 riconoscibile. Nell&#8217;elaborare il piano di sviluppo vengono prese in considerazione&#8230;<\/p>\n","protected":false},"author":13,"featured_media":0,"parent":12345,"menu_order":40,"comment_status":"closed","ping_status":"closed","template":"","meta":{"_acf_changed":false,"_trash_the_other_posts":false,"footnotes":"","_links_to":"","_links_to_target":""},"tags":[],"class_list":["post-12433","page","type-page","status-publish","hentry"],"acf":[],"yoast_head":"<!-- This site is optimized with the Yoast SEO plugin v24.4 - https:\/\/yoast.com\/wordpress\/plugins\/seo\/ -->\n<title>Lavorare a Fiume - Citt\u00e0 di Fiume<\/title>\n<meta name=\"robots\" content=\"index, follow, max-snippet:-1, max-image-preview:large, max-video-preview:-1\" \/>\n<link rel=\"canonical\" href=\"https:\/\/www.rijeka.hr\/it\/amministrazione-cittadina\/piano-di-sviluppo-della-citta-di-fiume-2021-2027\/lavorare-a-fiume\/\" \/>\n<meta property=\"og:locale\" content=\"it_IT\" \/>\n<meta property=\"og:type\" content=\"article\" \/>\n<meta property=\"og:title\" content=\"Lavorare a Fiume - Citt\u00e0 di Fiume\" \/>\n<meta property=\"og:description\" content=\"Entro il 2030, Fiume dovr\u00e0 essere completamente trasformata in una citt\u00e0 di industrie moderne, soprattutto creative, tecnologicamente innovative e verdi. Tale attenzione tiene conto anche della sostenibilit\u00e0 dell&#8217;economia (tecnologia pulita) e mira ad assicurare contenuti di qualit\u00e0 e stimolanti (industrie creative) per cui Fiume \u00e8 riconoscibile. Nell&#8217;elaborare il piano di sviluppo vengono prese in considerazione...\" \/>\n<meta property=\"og:url\" content=\"https:\/\/www.rijeka.hr\/it\/amministrazione-cittadina\/piano-di-sviluppo-della-citta-di-fiume-2021-2027\/lavorare-a-fiume\/\" \/>\n<meta property=\"og:site_name\" content=\"Citt\u00e0 di Fiume\" \/>\n<meta property=\"article:modified_time\" content=\"2021-03-25T08:23:34+00:00\" \/>\n<meta property=\"og:image\" content=\"https:\/\/www.rijeka.hr\/it\/wp-content\/uploads\/sites\/3\/2021\/02\/Raditi-u-Rijeci-2030-5-600x400-600x400.jpg\" \/>\n<meta name=\"twitter:card\" content=\"summary_large_image\" \/>\n<meta name=\"twitter:label1\" content=\"Est. reading time\" \/>\n\t<meta name=\"twitter:data1\" content=\"3 minutes\" \/>\n<script type=\"application\/ld+json\" class=\"yoast-schema-graph\">{\"@context\":\"https:\/\/schema.org\",\"@graph\":[{\"@type\":\"WebPage\",\"@id\":\"https:\/\/www.rijeka.hr\/it\/amministrazione-cittadina\/piano-di-sviluppo-della-citta-di-fiume-2021-2027\/lavorare-a-fiume\/\",\"url\":\"https:\/\/www.rijeka.hr\/it\/amministrazione-cittadina\/piano-di-sviluppo-della-citta-di-fiume-2021-2027\/lavorare-a-fiume\/\",\"name\":\"Lavorare a Fiume - Citt\u00e0 di Fiume\",\"isPartOf\":{\"@id\":\"https:\/\/www.rijeka.hr\/it\/#website\"},\"primaryImageOfPage\":{\"@id\":\"https:\/\/www.rijeka.hr\/it\/amministrazione-cittadina\/piano-di-sviluppo-della-citta-di-fiume-2021-2027\/lavorare-a-fiume\/#primaryimage\"},\"image\":{\"@id\":\"https:\/\/www.rijeka.hr\/it\/amministrazione-cittadina\/piano-di-sviluppo-della-citta-di-fiume-2021-2027\/lavorare-a-fiume\/#primaryimage\"},\"thumbnailUrl\":\"https:\/\/www.rijeka.hr\/it\/wp-content\/uploads\/sites\/3\/2021\/02\/Raditi-u-Rijeci-2030-5-600x400-600x400.jpg\",\"datePublished\":\"2021-02-16T12:56:29+00:00\",\"dateModified\":\"2021-03-25T08:23:34+00:00\",\"breadcrumb\":{\"@id\":\"https:\/\/www.rijeka.hr\/it\/amministrazione-cittadina\/piano-di-sviluppo-della-citta-di-fiume-2021-2027\/lavorare-a-fiume\/#breadcrumb\"},\"inLanguage\":\"it-IT\",\"potentialAction\":[{\"@type\":\"ReadAction\",\"target\":[\"https:\/\/www.rijeka.hr\/it\/amministrazione-cittadina\/piano-di-sviluppo-della-citta-di-fiume-2021-2027\/lavorare-a-fiume\/\"]}]},{\"@type\":\"ImageObject\",\"inLanguage\":\"it-IT\",\"@id\":\"https:\/\/www.rijeka.hr\/it\/amministrazione-cittadina\/piano-di-sviluppo-della-citta-di-fiume-2021-2027\/lavorare-a-fiume\/#primaryimage\",\"url\":\"https:\/\/www.rijeka.hr\/it\/wp-content\/uploads\/sites\/3\/2021\/02\/Raditi-u-Rijeci-2030-5-600x400.jpg\",\"contentUrl\":\"https:\/\/www.rijeka.hr\/it\/wp-content\/uploads\/sites\/3\/2021\/02\/Raditi-u-Rijeci-2030-5-600x400.jpg\",\"width\":600,\"height\":400},{\"@type\":\"BreadcrumbList\",\"@id\":\"https:\/\/www.rijeka.hr\/it\/amministrazione-cittadina\/piano-di-sviluppo-della-citta-di-fiume-2021-2027\/lavorare-a-fiume\/#breadcrumb\",\"itemListElement\":[{\"@type\":\"ListItem\",\"position\":1,\"name\":\"Po\u010detna stranica\",\"item\":\"https:\/\/www.rijeka.hr\/it\/\"},{\"@type\":\"ListItem\",\"position\":2,\"name\":\"Amministrazione cittadina\",\"item\":\"https:\/\/www.rijeka.hr\/it\/amministrazione-cittadina\/\"},{\"@type\":\"ListItem\",\"position\":3,\"name\":\"Piano di sviluppo della Citt\u00e0 di Fiume 2021 &#8211; 2027\",\"item\":\"https:\/\/www.rijeka.hr\/it\/amministrazione-cittadina\/piano-di-sviluppo-della-citta-di-fiume-2021-2027\/\"},{\"@type\":\"ListItem\",\"position\":4,\"name\":\"Lavorare a Fiume\"}]},{\"@type\":\"WebSite\",\"@id\":\"https:\/\/www.rijeka.hr\/it\/#website\",\"url\":\"https:\/\/www.rijeka.hr\/it\/\",\"name\":\"Citt\u00e0 di Fiume\",\"description\":\"Portale web della Citta&#039; di Fiume\",\"potentialAction\":[{\"@type\":\"SearchAction\",\"target\":{\"@type\":\"EntryPoint\",\"urlTemplate\":\"https:\/\/www.rijeka.hr\/it\/?s={search_term_string}\"},\"query-input\":{\"@type\":\"PropertyValueSpecification\",\"valueRequired\":true,\"valueName\":\"search_term_string\"}}],\"inLanguage\":\"it-IT\"}]}<\/script>\n<!-- \/ Yoast SEO plugin. -->","yoast_head_json":{"title":"Lavorare a Fiume - Citt\u00e0 di Fiume","robots":{"index":"index","follow":"follow","max-snippet":"max-snippet:-1","max-image-preview":"max-image-preview:large","max-video-preview":"max-video-preview:-1"},"canonical":"https:\/\/www.rijeka.hr\/it\/amministrazione-cittadina\/piano-di-sviluppo-della-citta-di-fiume-2021-2027\/lavorare-a-fiume\/","og_locale":"it_IT","og_type":"article","og_title":"Lavorare a Fiume - Citt\u00e0 di Fiume","og_description":"Entro il 2030, Fiume dovr\u00e0 essere completamente trasformata in una citt\u00e0 di industrie moderne, soprattutto creative, tecnologicamente innovative e verdi. Tale attenzione tiene conto anche della sostenibilit\u00e0 dell&#8217;economia (tecnologia pulita) e mira ad assicurare contenuti di qualit\u00e0 e stimolanti (industrie creative) per cui Fiume \u00e8 riconoscibile. Nell&#8217;elaborare il piano di sviluppo vengono prese in considerazione...","og_url":"https:\/\/www.rijeka.hr\/it\/amministrazione-cittadina\/piano-di-sviluppo-della-citta-di-fiume-2021-2027\/lavorare-a-fiume\/","og_site_name":"Citt\u00e0 di Fiume","article_modified_time":"2021-03-25T08:23:34+00:00","og_image":[{"url":"https:\/\/www.rijeka.hr\/it\/wp-content\/uploads\/sites\/3\/2021\/02\/Raditi-u-Rijeci-2030-5-600x400-600x400.jpg","type":"","width":"","height":""}],"twitter_card":"summary_large_image","twitter_misc":{"Est. reading time":"3 minutes"},"schema":{"@context":"https:\/\/schema.org","@graph":[{"@type":"WebPage","@id":"https:\/\/www.rijeka.hr\/it\/amministrazione-cittadina\/piano-di-sviluppo-della-citta-di-fiume-2021-2027\/lavorare-a-fiume\/","url":"https:\/\/www.rijeka.hr\/it\/amministrazione-cittadina\/piano-di-sviluppo-della-citta-di-fiume-2021-2027\/lavorare-a-fiume\/","name":"Lavorare a Fiume - Citt\u00e0 di Fiume","isPartOf":{"@id":"https:\/\/www.rijeka.hr\/it\/#website"},"primaryImageOfPage":{"@id":"https:\/\/www.rijeka.hr\/it\/amministrazione-cittadina\/piano-di-sviluppo-della-citta-di-fiume-2021-2027\/lavorare-a-fiume\/#primaryimage"},"image":{"@id":"https:\/\/www.rijeka.hr\/it\/amministrazione-cittadina\/piano-di-sviluppo-della-citta-di-fiume-2021-2027\/lavorare-a-fiume\/#primaryimage"},"thumbnailUrl":"https:\/\/www.rijeka.hr\/it\/wp-content\/uploads\/sites\/3\/2021\/02\/Raditi-u-Rijeci-2030-5-600x400-600x400.jpg","datePublished":"2021-02-16T12:56:29+00:00","dateModified":"2021-03-25T08:23:34+00:00","breadcrumb":{"@id":"https:\/\/www.rijeka.hr\/it\/amministrazione-cittadina\/piano-di-sviluppo-della-citta-di-fiume-2021-2027\/lavorare-a-fiume\/#breadcrumb"},"inLanguage":"it-IT","potentialAction":[{"@type":"ReadAction","target":["https:\/\/www.rijeka.hr\/it\/amministrazione-cittadina\/piano-di-sviluppo-della-citta-di-fiume-2021-2027\/lavorare-a-fiume\/"]}]},{"@type":"ImageObject","inLanguage":"it-IT","@id":"https:\/\/www.rijeka.hr\/it\/amministrazione-cittadina\/piano-di-sviluppo-della-citta-di-fiume-2021-2027\/lavorare-a-fiume\/#primaryimage","url":"https:\/\/www.rijeka.hr\/it\/wp-content\/uploads\/sites\/3\/2021\/02\/Raditi-u-Rijeci-2030-5-600x400.jpg","contentUrl":"https:\/\/www.rijeka.hr\/it\/wp-content\/uploads\/sites\/3\/2021\/02\/Raditi-u-Rijeci-2030-5-600x400.jpg","width":600,"height":400},{"@type":"BreadcrumbList","@id":"https:\/\/www.rijeka.hr\/it\/amministrazione-cittadina\/piano-di-sviluppo-della-citta-di-fiume-2021-2027\/lavorare-a-fiume\/#breadcrumb","itemListElement":[{"@type":"ListItem","position":1,"name":"Po\u010detna stranica","item":"https:\/\/www.rijeka.hr\/it\/"},{"@type":"ListItem","position":2,"name":"Amministrazione cittadina","item":"https:\/\/www.rijeka.hr\/it\/amministrazione-cittadina\/"},{"@type":"ListItem","position":3,"name":"Piano di sviluppo della Citt\u00e0 di Fiume 2021 &#8211; 2027","item":"https:\/\/www.rijeka.hr\/it\/amministrazione-cittadina\/piano-di-sviluppo-della-citta-di-fiume-2021-2027\/"},{"@type":"ListItem","position":4,"name":"Lavorare a Fiume"}]},{"@type":"WebSite","@id":"https:\/\/www.rijeka.hr\/it\/#website","url":"https:\/\/www.rijeka.hr\/it\/","name":"Citt\u00e0 di Fiume","description":"Portale web della Citta&#039; di Fiume","potentialAction":[{"@type":"SearchAction","target":{"@type":"EntryPoint","urlTemplate":"https:\/\/www.rijeka.hr\/it\/?s={search_term_string}"},"query-input":{"@type":"PropertyValueSpecification","valueRequired":true,"valueName":"search_term_string"}}],"inLanguage":"it-IT"}]}},"_links":{"self":[{"href":"https:\/\/www.rijeka.hr\/it\/wp-json\/wp\/v2\/pages\/12433","targetHints":{"allow":["GET"]}}],"collection":[{"href":"https:\/\/www.rijeka.hr\/it\/wp-json\/wp\/v2\/pages"}],"about":[{"href":"https:\/\/www.rijeka.hr\/it\/wp-json\/wp\/v2\/types\/page"}],"author":[{"embeddable":true,"href":"https:\/\/www.rijeka.hr\/it\/wp-json\/wp\/v2\/users\/13"}],"replies":[{"embeddable":true,"href":"https:\/\/www.rijeka.hr\/it\/wp-json\/wp\/v2\/comments?post=12433"}],"version-history":[{"count":3,"href":"https:\/\/www.rijeka.hr\/it\/wp-json\/wp\/v2\/pages\/12433\/revisions"}],"predecessor-version":[{"id":12640,"href":"https:\/\/www.rijeka.hr\/it\/wp-json\/wp\/v2\/pages\/12433\/revisions\/12640"}],"up":[{"embeddable":true,"href":"https:\/\/www.rijeka.hr\/it\/wp-json\/wp\/v2\/pages\/12345"}],"wp:attachment":[{"href":"https:\/\/www.rijeka.hr\/it\/wp-json\/wp\/v2\/media?parent=12433"}],"wp:term":[{"taxonomy":"post_tag","embeddable":true,"href":"https:\/\/www.rijeka.hr\/it\/wp-json\/wp\/v2\/tags?post=12433"}],"curies":[{"name":"wp","href":"https:\/\/api.w.org\/{rel}","templated":true}]}}