{"id":12463,"date":"2021-02-19T14:57:41","date_gmt":"2021-02-19T13:57:41","guid":{"rendered":"https:\/\/www.rijeka.hr\/it\/?page_id=12463"},"modified":"2021-03-25T09:24:38","modified_gmt":"2021-03-25T08:24:38","slug":"vivere-a-fiume","status":"publish","type":"page","link":"https:\/\/www.rijeka.hr\/it\/amministrazione-cittadina\/piano-di-sviluppo-della-citta-di-fiume-2021-2027\/vivere-a-fiume\/","title":{"rendered":"Vivere a Fiume"},"content":{"rendered":"<p>Fiume vuole essere principalmente una citt\u00e0 in cui le persone si sentano bene, abbiano un sostegno rapido e di qualit\u00e0 da parte dell&#8217;amministrazione cittadina, istituzioni educative di alta qualit\u00e0 e assistenza all&#8217;infanzia, programmi dedicati ai giovani, contenuti culturali contemporanei riconoscibili e rilevanti.<\/p>\n<p>Fiume \u00e8 riconosciuta come una citt\u00e0 della cultura contemporanea, citt\u00e0 leader nella digitalizzazione dei servizi pubblici e una citt\u00e0 con grandi ospedali e un&#8217;universit\u00e0 avanzata. Fiume si concentrer\u00e0 sulla fornitura di servizi di qualit\u00e0 ai cittadini e, come amministrazione, vuole rimanere progressiva, veloce e umana. In un&#8217;epoca di maggiore mobilit\u00e0, l&#8217;obiettivo \u00e8 quello di mantenere la gente a Fiume e attrarre giovani intelligenti e istruiti. Il presupposto per lo sviluppo dell&#8217;economia digitale sono persone istruite e Fiume vuole attrarle, trattenerle o crearle.<\/p>\n<p>Nella stesura del piano di sviluppo vengono presi in considerazione i seguenti temi: eventi sociali e partecipazione alla vita cittadina, servizi forniti dall&#8217;amministrazione cittadina, cultura, istruzione, sanit\u00e0, sport, servizi sociali, gestione intelligente della citt\u00e0.<\/p>\n<p><strong>I seguenti sono gli argomenti compresi da questo segmento:<\/strong><\/p>\n<ul>\n<li><strong>Educazione,<\/strong><\/li>\n<li><strong>Cultura,<\/strong><\/li>\n<li><strong>Giovani,<\/strong><\/li>\n<li><strong>Salute,<\/strong><\/li>\n<li><strong>Minoranze,<\/strong><\/li>\n<li><strong>Anziani,<\/strong><\/li>\n<li><strong>Cittadini con disabilit\u00e0,<\/strong><\/li>\n<li><strong>Cittadini socialmente svantaggiati,<\/strong><\/li>\n<li><strong>Connettere i cittadini, piccole iniziative nella comunit\u00e0,<\/strong><\/li>\n<li><strong>Cooperazione e comunicazione tra l\u2019amministrazione cittadina e i cittadini,<\/strong><\/li>\n<li><strong>Organizzazione dell&#8217;attivit\u00e0 dell&#8217;amministrazione cittadina e<\/strong><\/li>\n<li><strong>Altro.<\/strong><\/li>\n<\/ul>\n<p>Laboratorio con il pubblico professionale<\/p>\n<p><strong>PARTECIPANTI AL LABORATORIO \u201cVIVERE A FIUME\u201d<\/strong><\/p>\n<div id=\"attachment_12468\" class=\"wp-caption alignleft\"><img loading=\"lazy\" decoding=\"async\" width=\"600\" height=\"400\" class=\"wp-image-12468 size-medium\" src=\"https:\/\/www.rijeka.hr\/it\/wp-content\/uploads\/sites\/3\/2021\/02\/Odr\u017eane-radionice-strate\u0161kog-planiranja-razv-600x400.jpg\" alt=\"\" \/><p class=\"wp-caption-text\">si \u00e8 tenuto il laboratorio intitolo &#8220;Vivere a Fiume nel 2030&#8221;<\/p><\/div>\n<p>Il 10 novembre 2020, si \u00e8 tenuto il laboratorio intitolo &#8220;<em><strong>Vivere a Fiume nel 2030<\/strong><\/em>&#8221; nell&#8217;ambito del processo di pianificazione strategica per lo sviluppo della Citt\u00e0 di Fiume nel prossimo periodo e la necessit\u00e0 di redigere il Piano di Sviluppo della Citt\u00e0 di Fiume 2021 -2027 nel contesto della qualit\u00e0 dei servizi sociali e della gestione cittadina.<\/p>\n<p>Il laboratorio ha affrontato i temi dei contenuti culturali e delle attivit\u00e0 sportive in citt\u00e0, la qualit\u00e0 dei servizi sanitari e sociali e delle infrastrutture, le opportunit\u00e0 educative, l&#8217;apprendimento permanente e l&#8217;educazione civica. Questi argomenti sono stati affrontati nella forma di lavoro di gruppo e discussione attraverso tre questioni relative a:<\/p>\n<ul>\n<li>sfide e bisogni in relazione all&#8217;argomento<\/li>\n<li>visione e opportunit\u00e0 di sviluppo del segmento<\/li>\n<li>identificati progetti e attivit\u00e0 chiave per raggiungere la direzione di sviluppo desiderata<\/li>\n<\/ul>\n<p>La conclusione chiave e comune di tutte le parti interessate \u00e8 che<strong> nel contesto dei servizi sociali \u00e8 necessario garantire ulteriormente che tutti i cittadini abbiano pari accesso e l&#8217;opportunit\u00e0 di partecipare alla vita sociale e ai servizi di qualit\u00e0.<\/strong><\/p>\n<p>I progetti volti a migliorare i servizi sociali a Fiume relativi alla salute e ai servizi sociali, ai contenuti dell&#8217;offerta culturale, alle attivit\u00e0 sportive e alle opportunit\u00e0 educative possono essere classificati come progetti che contribuiscono a una <strong>comunicazione efficace tra le parti interessate, agli investimenti nelle infrastrutture e all\u2019approccio globale allo sviluppo dei serviz<\/strong>i. La conclusione chiave del laboratorio &#8220;Vivere a Fiume&#8221; si riferisce alla <strong>necessit\u00e0 di collegamenti settoriali orizzontali e verticali che consentano lo scambio di informazioni, conoscenze e sviluppo di una nuova cooperazione e gestione interdisciplinare dello sviluppo urbano.<\/strong> Ci\u00f2 si riferisce principalmente al collegamento del settore dell&#8217;educazione con il settore economico, settori che sono identificati come fattori attrattivi chiave per vivere in un ambiente particolare, il cui livello di sviluppo e networking influenza direttamente la crescita e lo sviluppo professionale e privato dei cittadini.<\/p>\n<p><strong>I PARTECIPANTI AL LABORATORIO SONO STATI:<\/strong><\/p>\n<ul>\n<li>Slavi\u0161a Bradi\u0107, Assosport fiumana<\/li>\n<li>Svetozar Nilovic, Museo Peek &amp; Poke<\/li>\n<li>Vedran Babi\u0107, artigianato InspiroLab<\/li>\n<li>Kazimir Mihi\u0107, Associazione Cultura Tecnica di Fiume<\/li>\n<li>Sanjin Franceti\u0107<\/li>\n<li>RiRock Associazione, un membro<\/li>\n<li>Dario Zori\u0107, Agenzia per lo sviluppo Porin, Fiume<\/li>\n<li>Iva Ribari\u0107, Incubatore di startup<\/li>\n<li>Sa\u0161a Hirnig, Politecnico di Fiume<\/li>\n<li>Gordana Nikoli\u0107, PAR, Fiume<\/li>\n<li>Neven PIintari\u0107, Unione studentesca dell&#8217;Universit\u00e0 degli studi di Fiume<\/li>\n<li>Davorka Gu\u0161tin, Asili di Fiume<\/li>\n<li>Dunja Ku\u010dan Nikoli\u0107, scuola elementare Dolac<\/li>\n<li>Paula Bogovi\u0107, U.Z.O.R. Associazione per la protezione della famiglia<\/li>\n<li>Hrvoje \u0160\u0107ulac, APOS Fiume<\/li>\n<li>Emil Baumgartner, Associazione dei pensionati di Fiume<\/li>\n<li>Nikola Serdarevi\u0107, Associazione Terra<\/li>\n<li>Irene Uj\u010di\u0107 Rob, Associazione per persone con disabilit\u00e0 fisiche<\/li>\n<li>dr. Sc. Zlatko Koli\u0107, Ospedale speciale MEDICO<\/li>\n<li>Self-service sociale &#8220;Pane di S. Elisabetta<\/li>\n<li>Antonija Stojanovi\u0107 Almesberger, Associazione Lori<\/li>\n<\/ul>\n","protected":false},"excerpt":{"rendered":"<p>Fiume vuole essere principalmente una citt\u00e0 in cui le persone si sentano bene, abbiano un sostegno rapido e di qualit\u00e0 da parte dell&#8217;amministrazione cittadina, istituzioni educative di alta qualit\u00e0 e assistenza all&#8217;infanzia, programmi dedicati ai giovani, contenuti culturali contemporanei riconoscibili e rilevanti. Fiume \u00e8 riconosciuta come una citt\u00e0 della cultura contemporanea, citt\u00e0 leader nella digitalizzazione&#8230;<\/p>\n","protected":false},"author":13,"featured_media":0,"parent":12345,"menu_order":40,"comment_status":"closed","ping_status":"closed","template":"","meta":{"_acf_changed":false,"_trash_the_other_posts":false,"footnotes":"","_links_to":"","_links_to_target":""},"tags":[],"class_list":["post-12463","page","type-page","status-publish","hentry"],"acf":[],"yoast_head":"<!-- This site is optimized with the Yoast SEO plugin v24.4 - https:\/\/yoast.com\/wordpress\/plugins\/seo\/ -->\n<title>Vivere a Fiume - Citt\u00e0 di Fiume<\/title>\n<meta name=\"robots\" content=\"index, follow, max-snippet:-1, max-image-preview:large, max-video-preview:-1\" \/>\n<link rel=\"canonical\" href=\"https:\/\/www.rijeka.hr\/it\/amministrazione-cittadina\/piano-di-sviluppo-della-citta-di-fiume-2021-2027\/vivere-a-fiume\/\" \/>\n<meta property=\"og:locale\" content=\"it_IT\" \/>\n<meta property=\"og:type\" content=\"article\" \/>\n<meta property=\"og:title\" content=\"Vivere a Fiume - Citt\u00e0 di Fiume\" \/>\n<meta property=\"og:description\" content=\"Fiume vuole essere principalmente una citt\u00e0 in cui le persone si sentano bene, abbiano un sostegno rapido e di qualit\u00e0 da parte dell&#8217;amministrazione cittadina, istituzioni educative di alta qualit\u00e0 e assistenza all&#8217;infanzia, programmi dedicati ai giovani, contenuti culturali contemporanei riconoscibili e rilevanti. Fiume \u00e8 riconosciuta come una citt\u00e0 della cultura contemporanea, citt\u00e0 leader nella digitalizzazione...\" \/>\n<meta property=\"og:url\" content=\"https:\/\/www.rijeka.hr\/it\/amministrazione-cittadina\/piano-di-sviluppo-della-citta-di-fiume-2021-2027\/vivere-a-fiume\/\" \/>\n<meta property=\"og:site_name\" content=\"Citt\u00e0 di Fiume\" \/>\n<meta property=\"article:modified_time\" content=\"2021-03-25T08:24:38+00:00\" \/>\n<meta name=\"twitter:card\" content=\"summary_large_image\" \/>\n<meta name=\"twitter:label1\" content=\"Est. reading time\" \/>\n\t<meta name=\"twitter:data1\" content=\"3 minutes\" \/>\n<script type=\"application\/ld+json\" class=\"yoast-schema-graph\">{\"@context\":\"https:\/\/schema.org\",\"@graph\":[{\"@type\":\"WebPage\",\"@id\":\"https:\/\/www.rijeka.hr\/it\/amministrazione-cittadina\/piano-di-sviluppo-della-citta-di-fiume-2021-2027\/vivere-a-fiume\/\",\"url\":\"https:\/\/www.rijeka.hr\/it\/amministrazione-cittadina\/piano-di-sviluppo-della-citta-di-fiume-2021-2027\/vivere-a-fiume\/\",\"name\":\"Vivere a Fiume - Citt\u00e0 di Fiume\",\"isPartOf\":{\"@id\":\"https:\/\/www.rijeka.hr\/it\/#website\"},\"datePublished\":\"2021-02-19T13:57:41+00:00\",\"dateModified\":\"2021-03-25T08:24:38+00:00\",\"breadcrumb\":{\"@id\":\"https:\/\/www.rijeka.hr\/it\/amministrazione-cittadina\/piano-di-sviluppo-della-citta-di-fiume-2021-2027\/vivere-a-fiume\/#breadcrumb\"},\"inLanguage\":\"it-IT\",\"potentialAction\":[{\"@type\":\"ReadAction\",\"target\":[\"https:\/\/www.rijeka.hr\/it\/amministrazione-cittadina\/piano-di-sviluppo-della-citta-di-fiume-2021-2027\/vivere-a-fiume\/\"]}]},{\"@type\":\"BreadcrumbList\",\"@id\":\"https:\/\/www.rijeka.hr\/it\/amministrazione-cittadina\/piano-di-sviluppo-della-citta-di-fiume-2021-2027\/vivere-a-fiume\/#breadcrumb\",\"itemListElement\":[{\"@type\":\"ListItem\",\"position\":1,\"name\":\"Po\u010detna stranica\",\"item\":\"https:\/\/www.rijeka.hr\/it\/\"},{\"@type\":\"ListItem\",\"position\":2,\"name\":\"Amministrazione cittadina\",\"item\":\"https:\/\/www.rijeka.hr\/it\/amministrazione-cittadina\/\"},{\"@type\":\"ListItem\",\"position\":3,\"name\":\"Piano di sviluppo della Citt\u00e0 di Fiume 2021 &#8211; 2027\",\"item\":\"https:\/\/www.rijeka.hr\/it\/amministrazione-cittadina\/piano-di-sviluppo-della-citta-di-fiume-2021-2027\/\"},{\"@type\":\"ListItem\",\"position\":4,\"name\":\"Vivere a Fiume\"}]},{\"@type\":\"WebSite\",\"@id\":\"https:\/\/www.rijeka.hr\/it\/#website\",\"url\":\"https:\/\/www.rijeka.hr\/it\/\",\"name\":\"Citt\u00e0 di Fiume\",\"description\":\"Portale web della Citta&#039; di Fiume\",\"potentialAction\":[{\"@type\":\"SearchAction\",\"target\":{\"@type\":\"EntryPoint\",\"urlTemplate\":\"https:\/\/www.rijeka.hr\/it\/?s={search_term_string}\"},\"query-input\":{\"@type\":\"PropertyValueSpecification\",\"valueRequired\":true,\"valueName\":\"search_term_string\"}}],\"inLanguage\":\"it-IT\"}]}<\/script>\n<!-- \/ Yoast SEO plugin. -->","yoast_head_json":{"title":"Vivere a Fiume - Citt\u00e0 di Fiume","robots":{"index":"index","follow":"follow","max-snippet":"max-snippet:-1","max-image-preview":"max-image-preview:large","max-video-preview":"max-video-preview:-1"},"canonical":"https:\/\/www.rijeka.hr\/it\/amministrazione-cittadina\/piano-di-sviluppo-della-citta-di-fiume-2021-2027\/vivere-a-fiume\/","og_locale":"it_IT","og_type":"article","og_title":"Vivere a Fiume - Citt\u00e0 di Fiume","og_description":"Fiume vuole essere principalmente una citt\u00e0 in cui le persone si sentano bene, abbiano un sostegno rapido e di qualit\u00e0 da parte dell&#8217;amministrazione cittadina, istituzioni educative di alta qualit\u00e0 e assistenza all&#8217;infanzia, programmi dedicati ai giovani, contenuti culturali contemporanei riconoscibili e rilevanti. Fiume \u00e8 riconosciuta come una citt\u00e0 della cultura contemporanea, citt\u00e0 leader nella digitalizzazione...","og_url":"https:\/\/www.rijeka.hr\/it\/amministrazione-cittadina\/piano-di-sviluppo-della-citta-di-fiume-2021-2027\/vivere-a-fiume\/","og_site_name":"Citt\u00e0 di Fiume","article_modified_time":"2021-03-25T08:24:38+00:00","twitter_card":"summary_large_image","twitter_misc":{"Est. reading time":"3 minutes"},"schema":{"@context":"https:\/\/schema.org","@graph":[{"@type":"WebPage","@id":"https:\/\/www.rijeka.hr\/it\/amministrazione-cittadina\/piano-di-sviluppo-della-citta-di-fiume-2021-2027\/vivere-a-fiume\/","url":"https:\/\/www.rijeka.hr\/it\/amministrazione-cittadina\/piano-di-sviluppo-della-citta-di-fiume-2021-2027\/vivere-a-fiume\/","name":"Vivere a Fiume - Citt\u00e0 di Fiume","isPartOf":{"@id":"https:\/\/www.rijeka.hr\/it\/#website"},"datePublished":"2021-02-19T13:57:41+00:00","dateModified":"2021-03-25T08:24:38+00:00","breadcrumb":{"@id":"https:\/\/www.rijeka.hr\/it\/amministrazione-cittadina\/piano-di-sviluppo-della-citta-di-fiume-2021-2027\/vivere-a-fiume\/#breadcrumb"},"inLanguage":"it-IT","potentialAction":[{"@type":"ReadAction","target":["https:\/\/www.rijeka.hr\/it\/amministrazione-cittadina\/piano-di-sviluppo-della-citta-di-fiume-2021-2027\/vivere-a-fiume\/"]}]},{"@type":"BreadcrumbList","@id":"https:\/\/www.rijeka.hr\/it\/amministrazione-cittadina\/piano-di-sviluppo-della-citta-di-fiume-2021-2027\/vivere-a-fiume\/#breadcrumb","itemListElement":[{"@type":"ListItem","position":1,"name":"Po\u010detna stranica","item":"https:\/\/www.rijeka.hr\/it\/"},{"@type":"ListItem","position":2,"name":"Amministrazione cittadina","item":"https:\/\/www.rijeka.hr\/it\/amministrazione-cittadina\/"},{"@type":"ListItem","position":3,"name":"Piano di sviluppo della Citt\u00e0 di Fiume 2021 &#8211; 2027","item":"https:\/\/www.rijeka.hr\/it\/amministrazione-cittadina\/piano-di-sviluppo-della-citta-di-fiume-2021-2027\/"},{"@type":"ListItem","position":4,"name":"Vivere a Fiume"}]},{"@type":"WebSite","@id":"https:\/\/www.rijeka.hr\/it\/#website","url":"https:\/\/www.rijeka.hr\/it\/","name":"Citt\u00e0 di Fiume","description":"Portale web della Citta&#039; di Fiume","potentialAction":[{"@type":"SearchAction","target":{"@type":"EntryPoint","urlTemplate":"https:\/\/www.rijeka.hr\/it\/?s={search_term_string}"},"query-input":{"@type":"PropertyValueSpecification","valueRequired":true,"valueName":"search_term_string"}}],"inLanguage":"it-IT"}]}},"_links":{"self":[{"href":"https:\/\/www.rijeka.hr\/it\/wp-json\/wp\/v2\/pages\/12463","targetHints":{"allow":["GET"]}}],"collection":[{"href":"https:\/\/www.rijeka.hr\/it\/wp-json\/wp\/v2\/pages"}],"about":[{"href":"https:\/\/www.rijeka.hr\/it\/wp-json\/wp\/v2\/types\/page"}],"author":[{"embeddable":true,"href":"https:\/\/www.rijeka.hr\/it\/wp-json\/wp\/v2\/users\/13"}],"replies":[{"embeddable":true,"href":"https:\/\/www.rijeka.hr\/it\/wp-json\/wp\/v2\/comments?post=12463"}],"version-history":[{"count":3,"href":"https:\/\/www.rijeka.hr\/it\/wp-json\/wp\/v2\/pages\/12463\/revisions"}],"predecessor-version":[{"id":12644,"href":"https:\/\/www.rijeka.hr\/it\/wp-json\/wp\/v2\/pages\/12463\/revisions\/12644"}],"up":[{"embeddable":true,"href":"https:\/\/www.rijeka.hr\/it\/wp-json\/wp\/v2\/pages\/12345"}],"wp:attachment":[{"href":"https:\/\/www.rijeka.hr\/it\/wp-json\/wp\/v2\/media?parent=12463"}],"wp:term":[{"taxonomy":"post_tag","embeddable":true,"href":"https:\/\/www.rijeka.hr\/it\/wp-json\/wp\/v2\/tags?post=12463"}],"curies":[{"name":"wp","href":"https:\/\/api.w.org\/{rel}","templated":true}]}}