{"id":12769,"date":"2021-03-29T13:43:41","date_gmt":"2021-03-29T11:43:41","guid":{"rendered":"https:\/\/www.rijeka.hr\/it\/?page_id=12769"},"modified":"2021-04-13T10:55:07","modified_gmt":"2021-04-13T08:55:07","slug":"mantenere-fiume","status":"publish","type":"page","link":"https:\/\/www.rijeka.hr\/it\/amministrazione-cittadina\/piano-di-sviluppo-della-citta-di-fiume-2021-2027\/mantenere-fiume\/","title":{"rendered":"Mantenere Fiume"},"content":{"rendered":"<p><strong>\u00c8 importante riflettere attentamente su come gestire lo spazio cittadino in futuro. Nei prossimi 10 anni Fiume dovr\u00e0 posizionarsi in modo sostenibile all&#8217;interno di un territorio limitato, continuando a convertire i locali esistenti come ha fatto finora, utilizzando e rivitalizzando il proprio patrimonio culturale e industriale. Nelle date condizioni, Fiume si sforza di rendere pi\u00f9 verde il suo territorio, per rendere pi\u00f9 accessibili le aree verdi pubbliche e private che renderanno la citt\u00e0 pi\u00f9 piacevole e pi\u00f9 sana.<\/strong><\/p>\n<p>Come tutte le grandi citt\u00e0, Fiume si trova ad affrontare la necessit\u00e0 di offrire servizi comunali sempre pi\u00f9 elevati, un sistema di smaltimento dei rifiuti e di approvvigionamento idrico e fognario responsabile, efficiente e finanziariamente disponibile. Nel prossimo decennio, tutte le grandi citt\u00e0 si concentreranno su forme di energia pulita, dove Fiume pu\u00f2 rimanere un leader come citt\u00e0 intelligente e verde.<\/p>\n<p>La citt\u00e0 dovrebbe continuare a collegarsi con il suo entroterra e dintorni nel Quarnero e nelle isole attraverso una catena di fornitura corte, incoraggiando la produzione locale e l&#8217;approvvigionamento alimentare sano e di qualit\u00e0.<\/p>\n<p><strong>I seguenti sono gli argomenti inclusi in questo segmento:<\/strong><\/p>\n<ul>\n<li><strong>Smaltimento dei rifiuti,<\/strong><\/li>\n<li><strong>Approvvigionamento idrico e sistema fognario,<\/strong><\/li>\n<li><strong>Pianificazione territoriale,<\/strong><\/li>\n<li><strong>Riutilizzo di locali esistenti inutilizzati (gestione dello spazio circolare),<\/strong><\/li>\n<li><strong>Infrastruttura verde,<\/strong><\/li>\n<li><strong>Manutenzione di aree urbane,<\/strong><\/li>\n<li><strong>Collegamento con l&#8217;entroterra e alimentazione sana,<\/strong><\/li>\n<li><strong>Agricoltura urbana e<\/strong><\/li>\n<li><strong>Altro<\/strong><\/li>\n<\/ul>\n<p>Laboratorio con il pubblico professionale<\/p>\n<p><img loading=\"lazy\" decoding=\"async\" width=\"600\" height=\"400\" class=\"size-medium wp-image-12775 alignleft\" src=\"https:\/\/www.rijeka.hr\/it\/wp-content\/uploads\/sites\/3\/2021\/03\/Kako-o\u010duvati-okoli\u0161-i-prostor-u-Rijeci-u-sljede\u0107ih-10-godina-3-600x400-600x400-600x400.jpg\" alt=\"\" \/>Il 10 novembre 2020 si \u00e8 tenuto un laboratorio con il pubblico professionale sul tema \u201c<strong>Mantenere Fiume nel 2030<\/strong>\u201d nell&#8217;ambito del processo di pianificazione strategica per lo sviluppo della Citt\u00e0 di Fiume e della metodologia ideata per la stesura del Piano di Sviluppo della Citt\u00e0 di Fiume 2021 &#8211; 2027 nel prossimo periodo, nel contesto dei servizi e delle infrastrutture comunali, della pianificazione del territorio, delle infrastrutture di telecomunicazione e dell&#8217;attuazione del concetto Smart City nello sviluppo della citt\u00e0.<\/p>\n<p>Gli argomenti sono stati affrontati sotto forma di lavoro di gruppo e discussioni attraverso tre temi legati a:<\/p>\n<ul>\n<li>sfide e bisogni in relazione al tema (situazione attuale),<\/li>\n<li>visione e opportunit\u00e0 per lo sviluppo del segmento (stato desiderato),<\/li>\n<li>progetti e attivit\u00e0 chiave per raggiungere la direzione di sviluppo desiderata (come ottenerla).<\/li>\n<\/ul>\n<p>I partecipanti hanno individuato le seguenti sfide e opportunit\u00e0 chiave per Fiume: In relazione alle infrastrutture comunali e all&#8217;atteggiamento nei confronti dell&#8217;ambiente, Fiume \u00e8 a un alto livello, ma ci sono elementi che dovranno essere affrontati nel prossimo periodo. La copertura di Fiume con risorse idriche \u00e8 otima, ma il suo sistema fognario \u00e8 insufficiente. In relazione alla gestione dei rifiuti, il sistema di raccolta e trattamento \u00e8 soddisfacente, ma ci sono sfide nel campo della gestione dei rifiuti, che non sono completamente risolte nemmeno a livello nazionale. I residenti sono solo parzialmente consapevoli dell&#8217;importanza della gestione dei rifiuti domestici e del concetto di economia circolare.<\/p>\n<p>Fiume ha una posizione eccellente, ideale per vivere e comunicare. Tuttavia, \u00e8 una citt\u00e0 sul mare che \u00e8 separata dalla sua costa dalla zona industriale che \u00e8 in larga misura fuori funzione. A causa del terreno limitato e collinare, muoversi in citt\u00e0 nel traffico e a piedi \u00e8 difficile e lento. Sebbene sia nota per la sua inclusivit\u00e0 e una buona vita pubblica e culturale, tutti i quartieri non offrono infrastrutture e dinamiche sociali altrettanto buone.<\/p>\n<p><img loading=\"lazy\" decoding=\"async\" class=\"size-medium wp-image-12777 alignright\" src=\"https:\/\/www.rijeka.hr\/it\/wp-content\/uploads\/sites\/3\/2021\/03\/Kako-o\u010duvati-okoli\u0161-i-prostor-u-Rijeci-u-sljede\u0107ih-10-godina-7-600x400-600x400-600x400.jpg\" alt=\"\" width=\"600\" height=\"400\" \/>L&#8217;infrastruttura di telecomunicazioni a Fiume che consente l&#8217;accesso a Internet a banda larga \u00e8 ben sviluppata in relazione agli obiettivi nazionali che definiscono questa area di sviluppo urbano entro il 2020. La copertura del segnale di accesso wireless mobile \u00e8 soddisfacente, soprattutto nel contesto del fatto che parte di Fiume, utilizzando la tecnologia di condivisione dinamica dello spettro, \u00e8 stata recentemente coperta dalla rete 5G. Se uniamo le possibilit\u00e0 di accesso a Internet fisso e mobile, Fiume \u00e8 coperta quasi al 100% da una rete che consente velocit\u00e0 di 30-100 Mbit \/s, tuttavia tali velocit\u00e0 non potranno mai soddisfare le esigenze dei cittadini e dell&#8217;economia fiumana nei prossimi 10 anni. Sfortunatamente, gli obiettivi nazionali per il 2020 non erano abbastanza ambiziosi e oggi Fiume \u00e8 coperta solo parzialmente da dall\u2019accesso fisso a banda larga di 100 Mbit \/s o pi\u00f9. Questo \u00e8 un fattore limitante dello sviluppo ed \u00e8 necessario pianificare per il prossimo decennio <strong>l&#8217;applicazione di tecnologie che forniscano ai cittadini interessati e a tutte gli operatori economici sul comprensorio cittadino velocit\u00e0 di 1 Gbit \/s e superiori.<\/strong><\/p>\n<p>La Citt\u00e0 di Fiume ha fondato la societ\u00e0 Smart Ri che gestisce un cluster di enti del settore privato e accademico con l&#8217;obiettivo di realizzare il progetto &#8211;\u00a0 Centro di competenza per le citt\u00e0 intelligenti. La citt\u00e0 \u00e8 un&#8217;area urbana in cui i membri del cluster testano le loro soluzioni nei processi di ricerca e sviluppo di nuovi prodotti e servizi.<\/p>\n<p>Il livello di informatizzazione dell&#8217;amministrazione cittadina \u00e8 molto alto, il che \u00e8 oggettivamente confermato da analisi indipendenti e da una serie di premi ricevuti dalla Citt\u00e0 di Fiume durante il periodo precedente. Le moderne tecnologie (Internet delle cose, l\u2019intelligenza artificiale, il sistema di elaborazione dati di grandi quantit\u00e0) offrono ulteriori grandi opportunit\u00e0 per la trasformazione digitale dei servizi pubblici offerti dalle aziende e societ\u00e0 municipalizzate della Citt\u00e0 di Fiume.<\/p>\n<p>Nel corso del laboratorio \u00e8 stata definita la visione dello sviluppo della citt\u00e0 nelle aree chiave che erano in esame. I partecipanti vogliono vedere Fiume nel 2030 come una <strong>citt\u00e0 completamente collegata in rete in un sistema di approvvigionamento idrico e fognario moderno e pulito con il 99,9% di connessioni alla rete idrica, il 90% di connessione alla rete fognaria, mentre il restante 10% delle famiglie in aree sopraelevate isolate hanno risolto in altri modi rispettosi dell&#8217;ambiente il problema delle acque reflue. La citt\u00e0 dispone di un sistema di raccolta differenziata dei rifiuti con contenitori interrati e gestisce tutti i tipi di rifiuti in modo ecocompatibile.<\/strong><\/p>\n<p>I suoi abitanti sono istruiti e applicano i principi dell&#8217;economia circolare in modo responsabile e consapevole nella vita quotidiana, quindi la quantit\u00e0 totale dei rifiuti prodotti sta diminuendo.<\/p>\n<p>La citt\u00e0 ha molte aree verdi e altre infrastrutture verdi che mitigano e prevengono gli effetti dei cambiamenti climatici e la rendono un luogo pi\u00f9 piacevole in cui vivere. La citt\u00e0 si fonda su forme di trasporto efficienti dal punto di vista energetico (ad esempio veicoli elettrici) e alloggi (fonti di energia rinnovabile negli edifici e nelle abitazioni private).<\/p>\n<p>Nel 2030 Fiume \u00e8 una <strong>citt\u00e0 aperta al mare in cui \u00e8 stata rivitalizzata l&#8217;ex zona industriale tra il mare e il centro ed \u00e8 aperta ai cittadini, turisti e piccole imprese. Ha uno spirito di comunit\u00e0 altamente sviluppato e un&#8217;alta qualit\u00e0 della vita nei quartieri in cui le persone si identificano, dove hanno accesso a strutture pubbliche e commerciali, alle aree verdi e altre forme di vita pubblica senza la necessit\u00e0 di utilizzare i trasporti, il che le incoraggia all&#8217;azione locale, connessione e partecipazione e rende Fiume un luogo pi\u00f9 attraente in cui vivere<\/strong>. Il flusso del traffico a Fiume \u00e8 regolare, ecologico, veloce e piacevole. I cittadini utilizzano mezzi di trasporto sani e rispettosi dell&#8217;ambiente, entro i limiti consentiti dal dislivello del territorio di Fiume. <strong>La citt\u00e0 ha a disposizione locali utilizzando e rivitalizzando le strutture esistenti e il patrimonio industriale e culturale, che vengono riportati in vita<\/strong>. I partecipanti immaginano Fiume nel 2030 come uno<strong> Smart City Hub<\/strong> regionale in cui le aziende di tutta Europa testano e implementano le loro soluzioni, quindi la preferiscono per avviare un&#8217;attivit\u00e0. Ci\u00f2 \u00e8 dovuto al fatto che la citt\u00e0 rappresenta la societ\u00e0 dei gigabit con l\u2019infrastruttura di telecomunicazione di qualit\u00e0 eccezionale ed efficiente. Le infrastrutture comunali e trasportistiche sono dotate di sensori e l&#8217;intelligenza artificiale applicata nella gestione \u00e8 conforme ai migliori standard di sviluppo tecnologico.<strong> I servizi dell&#8217;amministrazione cittadina sono completamente digitalizzati. I cittadini vengono istruiti digitalmente<\/strong> e partecipano attivamente ai processi gestionali e creativi cittadini utilizzando le tecnologie digitali, mentre sono ancora aperte forme dirette di interazione dal vivo che garantiscono dinamiche sociali di qualit\u00e0. Come argomento importante per la realizzazione di qualit\u00e0 di tutte le ambizioni identificate nello sviluppo della citt\u00e0, i partecipanti hanno evidenziato la promozione della cittadinanza attiva, la cooperazione con il vicinato, la responsabilit\u00e0 personale per la citt\u00e0, la cittadinanza coinvolta nella creazione e nell&#8217;attuazione delle soluzioni preparate dalla citt\u00e0.<\/p>\n<p>PARTECIPANTI AL LABORATORIO:<\/p>\n<ul>\n<li>Andrej Marochini, municipalizzata \u201cVodovod i kanalizacija\u201d<\/li>\n<li>Jasna Kukuljan, municipalizzata \u201c\u010cisto\u0107a\u201d<\/li>\n<li>Helena Traub, associazione \u017dmergo<\/li>\n<li>Mirna Dujmovi\u0107 Cerovac, \u201cDezinsekcija\u201d<\/li>\n<li>Lovorka Bilajac, Facolt\u00e0 di Medicina di Fiume<\/li>\n<li>Adam Butigan, Istituto di pianificazione territoriale della Regione litoraneo \u2013 montana<\/li>\n<li>Alan \u0160timac, DARH2 per l&#8217;architettura e l&#8217;acustica<\/li>\n<li>Eda Rumora, Citt\u00e0 di Fiume<\/li>\n<li>\u017deljko Juri\u0107, Citt\u00e0 di Fiume<\/li>\n<li>Radmila Rakas, iniziativa di transizione Fiume<\/li>\n<\/ul>\n","protected":false},"excerpt":{"rendered":"<p>\u00c8 importante riflettere attentamente su come gestire lo spazio cittadino in futuro. Nei prossimi 10 anni Fiume dovr\u00e0 posizionarsi in modo sostenibile all&#8217;interno di un territorio limitato, continuando a convertire i locali esistenti come ha fatto finora, utilizzando e rivitalizzando il proprio patrimonio culturale e industriale. Nelle date condizioni, Fiume si sforza di rendere pi\u00f9&#8230;<\/p>\n","protected":false},"author":13,"featured_media":0,"parent":12345,"menu_order":39,"comment_status":"closed","ping_status":"closed","template":"","meta":{"_acf_changed":false,"_trash_the_other_posts":false,"footnotes":"","_links_to":"","_links_to_target":""},"tags":[],"class_list":["post-12769","page","type-page","status-publish","hentry"],"acf":[],"yoast_head":"<!-- This site is optimized with the Yoast SEO plugin v24.4 - https:\/\/yoast.com\/wordpress\/plugins\/seo\/ -->\n<title>Mantenere Fiume - Citt\u00e0 di Fiume<\/title>\n<meta name=\"robots\" content=\"index, follow, max-snippet:-1, max-image-preview:large, max-video-preview:-1\" \/>\n<link rel=\"canonical\" href=\"https:\/\/www.rijeka.hr\/it\/amministrazione-cittadina\/piano-di-sviluppo-della-citta-di-fiume-2021-2027\/mantenere-fiume\/\" \/>\n<meta property=\"og:locale\" content=\"it_IT\" \/>\n<meta property=\"og:type\" content=\"article\" \/>\n<meta property=\"og:title\" content=\"Mantenere Fiume - Citt\u00e0 di Fiume\" \/>\n<meta property=\"og:description\" content=\"\u00c8 importante riflettere attentamente su come gestire lo spazio cittadino in futuro. Nei prossimi 10 anni Fiume dovr\u00e0 posizionarsi in modo sostenibile all&#8217;interno di un territorio limitato, continuando a convertire i locali esistenti come ha fatto finora, utilizzando e rivitalizzando il proprio patrimonio culturale e industriale. Nelle date condizioni, Fiume si sforza di rendere pi\u00f9...\" \/>\n<meta property=\"og:url\" content=\"https:\/\/www.rijeka.hr\/it\/amministrazione-cittadina\/piano-di-sviluppo-della-citta-di-fiume-2021-2027\/mantenere-fiume\/\" \/>\n<meta property=\"og:site_name\" content=\"Citt\u00e0 di Fiume\" \/>\n<meta property=\"article:modified_time\" content=\"2021-04-13T08:55:07+00:00\" \/>\n<meta name=\"twitter:card\" content=\"summary_large_image\" \/>\n<meta name=\"twitter:label1\" content=\"Est. reading time\" \/>\n\t<meta name=\"twitter:data1\" content=\"7 minutes\" \/>\n<script type=\"application\/ld+json\" class=\"yoast-schema-graph\">{\"@context\":\"https:\/\/schema.org\",\"@graph\":[{\"@type\":\"WebPage\",\"@id\":\"https:\/\/www.rijeka.hr\/it\/amministrazione-cittadina\/piano-di-sviluppo-della-citta-di-fiume-2021-2027\/mantenere-fiume\/\",\"url\":\"https:\/\/www.rijeka.hr\/it\/amministrazione-cittadina\/piano-di-sviluppo-della-citta-di-fiume-2021-2027\/mantenere-fiume\/\",\"name\":\"Mantenere Fiume - Citt\u00e0 di Fiume\",\"isPartOf\":{\"@id\":\"https:\/\/www.rijeka.hr\/it\/#website\"},\"datePublished\":\"2021-03-29T11:43:41+00:00\",\"dateModified\":\"2021-04-13T08:55:07+00:00\",\"breadcrumb\":{\"@id\":\"https:\/\/www.rijeka.hr\/it\/amministrazione-cittadina\/piano-di-sviluppo-della-citta-di-fiume-2021-2027\/mantenere-fiume\/#breadcrumb\"},\"inLanguage\":\"it-IT\",\"potentialAction\":[{\"@type\":\"ReadAction\",\"target\":[\"https:\/\/www.rijeka.hr\/it\/amministrazione-cittadina\/piano-di-sviluppo-della-citta-di-fiume-2021-2027\/mantenere-fiume\/\"]}]},{\"@type\":\"BreadcrumbList\",\"@id\":\"https:\/\/www.rijeka.hr\/it\/amministrazione-cittadina\/piano-di-sviluppo-della-citta-di-fiume-2021-2027\/mantenere-fiume\/#breadcrumb\",\"itemListElement\":[{\"@type\":\"ListItem\",\"position\":1,\"name\":\"Po\u010detna stranica\",\"item\":\"https:\/\/www.rijeka.hr\/it\/\"},{\"@type\":\"ListItem\",\"position\":2,\"name\":\"Amministrazione cittadina\",\"item\":\"https:\/\/www.rijeka.hr\/it\/amministrazione-cittadina\/\"},{\"@type\":\"ListItem\",\"position\":3,\"name\":\"Piano di sviluppo della Citt\u00e0 di Fiume 2021 &#8211; 2027\",\"item\":\"https:\/\/www.rijeka.hr\/it\/amministrazione-cittadina\/piano-di-sviluppo-della-citta-di-fiume-2021-2027\/\"},{\"@type\":\"ListItem\",\"position\":4,\"name\":\"Mantenere Fiume\"}]},{\"@type\":\"WebSite\",\"@id\":\"https:\/\/www.rijeka.hr\/it\/#website\",\"url\":\"https:\/\/www.rijeka.hr\/it\/\",\"name\":\"Citt\u00e0 di Fiume\",\"description\":\"Portale web della Citta&#039; di Fiume\",\"potentialAction\":[{\"@type\":\"SearchAction\",\"target\":{\"@type\":\"EntryPoint\",\"urlTemplate\":\"https:\/\/www.rijeka.hr\/it\/?s={search_term_string}\"},\"query-input\":{\"@type\":\"PropertyValueSpecification\",\"valueRequired\":true,\"valueName\":\"search_term_string\"}}],\"inLanguage\":\"it-IT\"}]}<\/script>\n<!-- \/ Yoast SEO plugin. -->","yoast_head_json":{"title":"Mantenere Fiume - Citt\u00e0 di Fiume","robots":{"index":"index","follow":"follow","max-snippet":"max-snippet:-1","max-image-preview":"max-image-preview:large","max-video-preview":"max-video-preview:-1"},"canonical":"https:\/\/www.rijeka.hr\/it\/amministrazione-cittadina\/piano-di-sviluppo-della-citta-di-fiume-2021-2027\/mantenere-fiume\/","og_locale":"it_IT","og_type":"article","og_title":"Mantenere Fiume - Citt\u00e0 di Fiume","og_description":"\u00c8 importante riflettere attentamente su come gestire lo spazio cittadino in futuro. Nei prossimi 10 anni Fiume dovr\u00e0 posizionarsi in modo sostenibile all&#8217;interno di un territorio limitato, continuando a convertire i locali esistenti come ha fatto finora, utilizzando e rivitalizzando il proprio patrimonio culturale e industriale. Nelle date condizioni, Fiume si sforza di rendere pi\u00f9...","og_url":"https:\/\/www.rijeka.hr\/it\/amministrazione-cittadina\/piano-di-sviluppo-della-citta-di-fiume-2021-2027\/mantenere-fiume\/","og_site_name":"Citt\u00e0 di Fiume","article_modified_time":"2021-04-13T08:55:07+00:00","twitter_card":"summary_large_image","twitter_misc":{"Est. reading time":"7 minutes"},"schema":{"@context":"https:\/\/schema.org","@graph":[{"@type":"WebPage","@id":"https:\/\/www.rijeka.hr\/it\/amministrazione-cittadina\/piano-di-sviluppo-della-citta-di-fiume-2021-2027\/mantenere-fiume\/","url":"https:\/\/www.rijeka.hr\/it\/amministrazione-cittadina\/piano-di-sviluppo-della-citta-di-fiume-2021-2027\/mantenere-fiume\/","name":"Mantenere Fiume - Citt\u00e0 di Fiume","isPartOf":{"@id":"https:\/\/www.rijeka.hr\/it\/#website"},"datePublished":"2021-03-29T11:43:41+00:00","dateModified":"2021-04-13T08:55:07+00:00","breadcrumb":{"@id":"https:\/\/www.rijeka.hr\/it\/amministrazione-cittadina\/piano-di-sviluppo-della-citta-di-fiume-2021-2027\/mantenere-fiume\/#breadcrumb"},"inLanguage":"it-IT","potentialAction":[{"@type":"ReadAction","target":["https:\/\/www.rijeka.hr\/it\/amministrazione-cittadina\/piano-di-sviluppo-della-citta-di-fiume-2021-2027\/mantenere-fiume\/"]}]},{"@type":"BreadcrumbList","@id":"https:\/\/www.rijeka.hr\/it\/amministrazione-cittadina\/piano-di-sviluppo-della-citta-di-fiume-2021-2027\/mantenere-fiume\/#breadcrumb","itemListElement":[{"@type":"ListItem","position":1,"name":"Po\u010detna stranica","item":"https:\/\/www.rijeka.hr\/it\/"},{"@type":"ListItem","position":2,"name":"Amministrazione cittadina","item":"https:\/\/www.rijeka.hr\/it\/amministrazione-cittadina\/"},{"@type":"ListItem","position":3,"name":"Piano di sviluppo della Citt\u00e0 di Fiume 2021 &#8211; 2027","item":"https:\/\/www.rijeka.hr\/it\/amministrazione-cittadina\/piano-di-sviluppo-della-citta-di-fiume-2021-2027\/"},{"@type":"ListItem","position":4,"name":"Mantenere Fiume"}]},{"@type":"WebSite","@id":"https:\/\/www.rijeka.hr\/it\/#website","url":"https:\/\/www.rijeka.hr\/it\/","name":"Citt\u00e0 di Fiume","description":"Portale web della Citta&#039; di Fiume","potentialAction":[{"@type":"SearchAction","target":{"@type":"EntryPoint","urlTemplate":"https:\/\/www.rijeka.hr\/it\/?s={search_term_string}"},"query-input":{"@type":"PropertyValueSpecification","valueRequired":true,"valueName":"search_term_string"}}],"inLanguage":"it-IT"}]}},"_links":{"self":[{"href":"https:\/\/www.rijeka.hr\/it\/wp-json\/wp\/v2\/pages\/12769","targetHints":{"allow":["GET"]}}],"collection":[{"href":"https:\/\/www.rijeka.hr\/it\/wp-json\/wp\/v2\/pages"}],"about":[{"href":"https:\/\/www.rijeka.hr\/it\/wp-json\/wp\/v2\/types\/page"}],"author":[{"embeddable":true,"href":"https:\/\/www.rijeka.hr\/it\/wp-json\/wp\/v2\/users\/13"}],"replies":[{"embeddable":true,"href":"https:\/\/www.rijeka.hr\/it\/wp-json\/wp\/v2\/comments?post=12769"}],"version-history":[{"count":3,"href":"https:\/\/www.rijeka.hr\/it\/wp-json\/wp\/v2\/pages\/12769\/revisions"}],"predecessor-version":[{"id":12780,"href":"https:\/\/www.rijeka.hr\/it\/wp-json\/wp\/v2\/pages\/12769\/revisions\/12780"}],"up":[{"embeddable":true,"href":"https:\/\/www.rijeka.hr\/it\/wp-json\/wp\/v2\/pages\/12345"}],"wp:attachment":[{"href":"https:\/\/www.rijeka.hr\/it\/wp-json\/wp\/v2\/media?parent=12769"}],"wp:term":[{"taxonomy":"post_tag","embeddable":true,"href":"https:\/\/www.rijeka.hr\/it\/wp-json\/wp\/v2\/tags?post=12769"}],"curies":[{"name":"wp","href":"https:\/\/api.w.org\/{rel}","templated":true}]}}