{"id":12865,"date":"2021-04-15T14:37:27","date_gmt":"2021-04-15T12:37:27","guid":{"rendered":"https:\/\/www.rijeka.hr\/it\/?page_id=12865"},"modified":"2022-04-06T08:30:38","modified_gmt":"2022-04-06T06:30:38","slug":"preservare-fiume-nel-2030","status":"publish","type":"page","link":"https:\/\/www.rijeka.hr\/it\/amministrazione-cittadina\/piano-di-sviluppo-della-citta-di-fiume-2021-2027\/preservare-fiume-nel-2030\/","title":{"rendered":"Preservare Fiume nel 2030"},"content":{"rendered":"<p>Contesto, necessit\u00e0 e opportunit\u00e0: in relazione alle infrastrutture comunali e all&#8217;atteggiamento nei confronti del suo ambiente, Fiume \u00e8 ad alto livello, ma ci sono anche elementi visibili che devono essere migliorati. Fiume ha un&#8217;eccellente rete di approvvigionamento idrico, mentre la copertura del sistema fognario \u00e8 meno buona. In termini di gestione dei rifiuti, il sistema di raccolta e trattamento \u00e8 soddisfacente, ma ci sono sfide nel campo della gestione dei rifiuti, che non \u00e8 completamente risolta nemmeno a livello nazionale. La popolazione \u00e8 solo parzialmente consapevole dell&#8217;importanza della gestione dei rifiuti domestici e del concetto di economia circolare. La citt\u00e0 si \u00e8 gi\u00e0 affermata in relazione alla gestione sostenibile e circolare dello spazio, dato che il progetto CEC in termini di infrastrutture si \u00e8 concentrato sull&#8217;uso dei locali inutilizzati esistenti e del patrimonio industriale, e tale approccio alla gestione dello spazio continuer\u00e0. La gestione sostenibile dello spazio e delle risorse nel piano di sviluppo della citt\u00e0 \u00e8 completata da collegamenti pi\u00f9 forti tra la citt\u00e0 e i suoi dintorni, sia in cooperazione all&#8217;interno dell&#8217;agglomerazione urbana sia attraverso la promozione del cibo basato sull&#8217;ambiente circostante come pi\u00f9 sano, sostenibile dal punto di vista ambientale e una fornitura economicamente sostenibile.<\/p>\n<p>I seguenti sono gli argomenti inclusi in questo segmento:<\/p>\n<ol>\n<li>Smaltimento dei rifiuti,<\/li>\n<li>Approvvigionamento idrico e sistema fognario,<\/li>\n<li>Pianificazione territoriale,<\/li>\n<li>Riutilizzo dei locali esistenti inutilizzati (gestione dello spazio circolare),<\/li>\n<li>Infrastruttura verde,<\/li>\n<li>Manutenzione delle aree urbane,<\/li>\n<li>Collegamento con l&#8217;entroterra e l\u2019alimentazione sana,<\/li>\n<\/ol>\n<p>A seguito di quanto sopra, tre obiettivi specifici sono stati concepiti come base per l&#8217;attuazione di misure e attivit\u00e0 per rendere Fiume una citt\u00e0 di infrastrutture pubbliche efficienti e di gestione ambientale sostenibile. Gli obiettivi citati si riferiscono al miglioramento dei servizi pubblici comunali e delle infrastrutture, principalmente nei settori della gestione dei rifiuti, dell&#8217;approvvigionamento idrico e del sistema fognario e della gestione sostenibile delle risorse naturali e dell&#8217;ambiente.<\/p>\n<p>In relazione all&#8217;obiettivo orizzontale Fiume intelligente nel 2030, l&#8217;intenzione della Citt\u00e0 attraverso l&#8217;obiettivo specifico 4.1. \u00e8 sviluppare soluzioni intelligenti nel campo dei servizi pubblici comunali attraverso l&#8217;implementazione di sistemi basati su nuove tecnologie allo scopo di migliorare le infrastrutture idriche e comunali, i sistemi di riscaldamento e i sistemi di gestione dei rifiuti.<\/p>\n<table width=\"682\">\n<tbody>\n<tr>\n<td width=\"136\"><strong>Obiettivo strategico<\/strong><\/td>\n<td width=\"464\"><a href=\"https:\/\/www.rijeka.hr\/gradska-uprava\/plan-razvoja-grada-rijeke-2021-2027\/sacuvati-rijeku-2030\/\"><strong>4. Preservare Fiume 2030: una citt\u00e0 intelligente, verde e pulita adatta alle esigenze di tutti i cittadini<\/strong><\/a><\/td>\n<\/tr>\n<tr>\n<td rowspan=\"3\" width=\"136\"><strong>Obiettivi specifici<\/strong><\/td>\n<td width=\"464\">4.1. Citt\u00e0 che offre servizi comunali intelligenti e di qualit\u00e0 (H)<\/td>\n<\/tr>\n<tr>\n<td width=\"464\">4.2. Citt\u00e0 verde sul mare: lo spazio al servizio dei suoi cittadini<\/td>\n<\/tr>\n<tr>\n<td width=\"464\">4.3. Citt\u00e0 di gestione circolare delle risorse, collegata all\u2019intera regione<\/td>\n<\/tr>\n<\/tbody>\n<\/table>\n<p>&nbsp;<\/p>\n<h2>Misure legate all&#8217;Obiettivo strategico 4 Preservare Fiume nel 2030<\/h2>\n<h3>Obiettivo specifico 4.1 Citt\u00e0 che offre servizi comunali intelligenti e di qualit\u00e0 (H)<\/h3>\n<p>Nel 2030 Fiume \u00e8 una citt\u00e0 di eccellenti servizi comunali che assicurano un equilibrio tra la qualit\u00e0 della vita dei cittadini e il costo della vita in citt\u00e0 e la conservazione dell&#8217;ambiente. La citt\u00e0 \u00e8 completamente collegata in rete con un moderno e pulito sistema di approvvigionamento idrico e fognario con il 99,9% di collegamenti alla rete idrica, il 90% di connessione alla rete fognaria, mentre il restante 10% delle famiglie in aree sopraelevate isolate hanno risolto in altri modi rispettosi dell\u2019ambiente il problema delle acque reflue. La citt\u00e0 dispone di un sistema di raccolta differenziata dei rifiuti con contenitori interrati e gestisce tutti i tipi di rifiuti in modo ecocompatibile. La popolazione \u00e8 istruita e applica i principi dell&#8217;economia circolare in modo responsabile e consapevole nella vita quotidiana, quindi la quantit\u00e0 totale dei rifiuti prodotti sta diminuendo.<\/p>\n<p>INDICATORE CHIAVE DI SUCCESSO<\/p>\n<ul>\n<li>Percentuale di perdita d&#8217;acqua nella rete di approvvigionamento idrico<\/li>\n<li>Percentuale della popolazione collegata al sistema di trattamento delle acque reflue<\/li>\n<li>Percentuale pro capite del totale dei rifiuti raccolti separatamente nell&#8217;area urbana (plastica, carta, rifiuti organici, vetro, metallo, rifiuti ingombranti)<\/li>\n<li>Percentuale dei cittadini allacciati alla rete gas<\/li>\n<li>manutenzione integrata dei veicoli comunali<\/li>\n<\/ul>\n<p>Al fine di garantire il raggiungimento dell&#8217;obiettivo descritto, \u00e8 necessario avviare le seguenti misure, attivit\u00e0 e progetti:<\/p>\n<ul>\n<li><strong>Miglioramento delle infrastrutture idriche e dei servizi nella zona dell&#8217;agglomerazione di Fiume<\/strong><\/li>\n<li><strong>Aumentare l&#8217;efficienza del sistema di riscaldamento<\/strong><\/li>\n<li><strong>Sviluppo di un sistema di gestione intelligente dei rifiuti<\/strong><\/li>\n<li><strong>Piano per l&#8217;energia e il clima sostenibili a Fiume<\/strong><\/li>\n<\/ul>\n<h3>Fiume Obiettivo specifico 4.2. Citt\u00e0 verde sul mare: lo spazio al servizio dei cittadini<\/h3>\n<p>Nel suo sviluppo spaziale, nei prossimi 10 anni Fiume si concentrer\u00e0 sulla risposta alle esigenze dei cittadini per una vita di qualit\u00e0 e confortevole nella comunit\u00e0 da un lato, e preservando l&#8217;ambiente e prevenendo il cambiamento climatico dall&#8217;altro. Lo sviluppo spaziale di Fiume \u00e8 limitato dalla sua posizione geografica specifica, quindi le circostanze fisiche la incoraggiano a comportarsi in modo particolarmente responsabile nei confronti delle sue risorse spaziali.<\/p>\n<p>Pertanto, Fiume si impegna a rispettare le linee guida di base relative allo sviluppo verde, che garantiranno che la citt\u00e0 viva armoniosamente con l&#8217;ambiente all&#8217;interno e intorno al suo territorio, prevenendo e mitigando gli effetti del cambiamento climatico.<\/p>\n<p>Vediamo Fiume nel 2030 come una citt\u00e0 con molte infrastrutture verdi che mitigano e prevengono gli effetti dei cambiamenti climatici e la rendono un luogo pi\u00f9 piacevole in cui vivere, come un esempio di una citt\u00e0 costiera e industriale che ha convertito con successo il suo spazio inutilizzato in un nuovo scopo pubblico o economico. Nel 2030, Fiume \u00e8 una citt\u00e0 aperta al mare in cui \u00e8 stato rivitalizzato l&#8217;ex spazio industriale tra il mare e il suo centro ed \u00e8 aperta ai cittadini, turisti e piccole imprese. Ha uno spirito di comunit\u00e0 altamente sviluppato e un&#8217;elevata qualit\u00e0 della vita nei quartieri con cui le persone si identificano, dove senza la necessit\u00e0 di usare i mezzi di trasporto hanno accesso a strutture pubbliche e commerciali, vegetazione e altre forme di vita pubblica, il che incoraggia loro all&#8217;azione locale, per connettersi e partecipare all&#8217;attrattiva di Fiume per la vita. La citt\u00e0 ha uno spazio che utilizza e rivitalizza le strutture esistenti e il patrimonio industriale e culturale, che \u00e8 stato riportato in vita.<\/p>\n<p>INDICATORE CHIAVE DI SUCCESSO<\/p>\n<ul>\n<li>area di parchi, parchi giochi e aree di sosta<\/li>\n<li>qualit\u00e0 dell&#8217;aria<\/li>\n<li>area di spiagge sistemate<\/li>\n<li>lunghezza delle passeggiate organizzate lungo il mare<\/li>\n<\/ul>\n<p>Al fine di garantire il raggiungimento dell&#8217;obiettivo descritto, \u00e8 necessario avviare le seguenti misure, attivit\u00e0 e progetti:<\/p>\n<ul>\n<li><strong>Infrastruttura verde<\/strong><\/li>\n<li><strong>Fiume sul mare e sul Rje\u010dina<\/strong><\/li>\n<li><strong>Citt\u00e0 dei quartieri collegati<\/strong><\/li>\n<\/ul>\n<h3>Obiettivo specifico 4.3. Una citt\u00e0 di gestione circolare delle risorse, collegata all&#8217;intera regione<\/h3>\n<p>Fiume vuole svilupparsi come una citt\u00e0 sostenibile e resiliente che fornisce gran parte delle risorse dall&#8217;ambiente e che nell&#8217;uso delle risorse spaziali, energetiche e alimentari si genera o si basa su ci\u00f2 che ha o pu\u00f2 riutilizzare. La citt\u00e0 non vuole espandersi a scapito dell&#8217;ambiente e delle aree verdi, ma puntare sullo sviluppo spaziale sul rinnovamento e rivitalizzazione delle aree urbane esistenti, tenendo conto dell&#8217;efficienza energetica e dei principi dell&#8217;economia circolare.<\/p>\n<p>Sia in relazione al suo patrimonio storico che in relazione alle risorse umane per il futuro, in relazione all&#8217;approvvigionamento, alle strutture ricreative, al cibo locale, la citt\u00e0 \u00e8 orientata all&#8217;agglomerazione urbana e all&#8217;intera Regione litoraneo \u2013 montana, come centro naturale. Pertanto, un collegamento di qualit\u00e0 con le unit\u00e0 di autogoverno locali e regionali \u00e8 considerato un prerequisito per lo sviluppo di successo della citt\u00e0.<\/p>\n<p>Lo sviluppo sostenibile e lo sviluppo di una citt\u00e0 resistente agli urti che pu\u00f2 ricevere nelle crisi globali dipende in gran parte dalla capacit\u00e0 del governo e dei residenti di sfruttare al meglio tutte le risorse esistenti, riciclandole, riparandole, ricostruendole a condizione che trovino ci\u00f2 che non possono produrre e trovare nelle immediate vicinanze con il minor consumo energetico possibile e con il minor inquinamento ambientale possibile. Ci\u00f2 \u00e8 in linea con le linee guida per lo sviluppo di Fiume come citt\u00e0 sana, nonch\u00e9 di Fiume come citt\u00e0 verde.<\/p>\n<p>INDICATORE CHIAVE DI SUCCESSO<\/p>\n<ul>\n<li>Percentuale di appalti pubblici verdi negli appalti pubblici della citt\u00e0 e delle istituzioni e delle aziende cittadine<\/li>\n<li>numero di aziende agricole a conduzione familiare nei mercati cittadini<\/li>\n<li>numero e valore dei progetti comuni con altri governi locali dell&#8217;agglomerazione urbana<\/li>\n<\/ul>\n<p>Al fine di garantire il raggiungimento dell&#8217;obiettivo descritto, \u00e8 necessario avviare le seguenti misure, attivit\u00e0 e progetti:<\/p>\n<ul>\n<li><strong>Gestione dello spazio circolare: riutilizzo delle risorse spaziali esistenti<\/strong><\/li>\n<li><strong>Una citt\u00e0 che compra verde: appalti pubblici verdi<\/strong><\/li>\n<li><strong>Cittadini che comprano verde: un programma di eco-mercati locali<\/strong><\/li>\n<li><strong>Agglomerazione urbana di Fium<\/strong>e<\/li>\n<\/ul>\n","protected":false},"excerpt":{"rendered":"<p>Contesto, necessit\u00e0 e opportunit\u00e0: in relazione alle infrastrutture comunali e all&#8217;atteggiamento nei confronti del suo ambiente, Fiume \u00e8 ad alto livello, ma ci sono anche elementi visibili che devono essere migliorati. Fiume ha un&#8217;eccellente rete di approvvigionamento idrico, mentre la copertura del sistema fognario \u00e8 meno buona. In termini di gestione dei rifiuti, il sistema&#8230;<\/p>\n","protected":false},"author":8,"featured_media":0,"parent":12345,"menu_order":0,"comment_status":"closed","ping_status":"closed","template":"","meta":{"_acf_changed":false,"_trash_the_other_posts":false,"footnotes":"","_links_to":"","_links_to_target":""},"tags":[],"class_list":["post-12865","page","type-page","status-publish","hentry"],"acf":[],"yoast_head":"<!-- This site is optimized with the Yoast SEO plugin v24.4 - https:\/\/yoast.com\/wordpress\/plugins\/seo\/ -->\n<title>Preservare Fiume nel 2030 - Citt\u00e0 di Fiume<\/title>\n<meta name=\"robots\" content=\"index, follow, max-snippet:-1, max-image-preview:large, max-video-preview:-1\" \/>\n<link rel=\"canonical\" href=\"https:\/\/www.rijeka.hr\/it\/amministrazione-cittadina\/piano-di-sviluppo-della-citta-di-fiume-2021-2027\/preservare-fiume-nel-2030\/\" \/>\n<meta property=\"og:locale\" content=\"it_IT\" \/>\n<meta property=\"og:type\" content=\"article\" \/>\n<meta property=\"og:title\" content=\"Preservare Fiume nel 2030 - Citt\u00e0 di Fiume\" \/>\n<meta property=\"og:description\" content=\"Contesto, necessit\u00e0 e opportunit\u00e0: in relazione alle infrastrutture comunali e all&#8217;atteggiamento nei confronti del suo ambiente, Fiume \u00e8 ad alto livello, ma ci sono anche elementi visibili che devono essere migliorati. Fiume ha un&#8217;eccellente rete di approvvigionamento idrico, mentre la copertura del sistema fognario \u00e8 meno buona. In termini di gestione dei rifiuti, il sistema...\" \/>\n<meta property=\"og:url\" content=\"https:\/\/www.rijeka.hr\/it\/amministrazione-cittadina\/piano-di-sviluppo-della-citta-di-fiume-2021-2027\/preservare-fiume-nel-2030\/\" \/>\n<meta property=\"og:site_name\" content=\"Citt\u00e0 di Fiume\" \/>\n<meta property=\"article:modified_time\" content=\"2022-04-06T06:30:38+00:00\" \/>\n<meta name=\"twitter:card\" content=\"summary_large_image\" \/>\n<meta name=\"twitter:label1\" content=\"Est. reading time\" \/>\n\t<meta name=\"twitter:data1\" content=\"7 minutes\" \/>\n<script type=\"application\/ld+json\" class=\"yoast-schema-graph\">{\"@context\":\"https:\/\/schema.org\",\"@graph\":[{\"@type\":\"WebPage\",\"@id\":\"https:\/\/www.rijeka.hr\/it\/amministrazione-cittadina\/piano-di-sviluppo-della-citta-di-fiume-2021-2027\/preservare-fiume-nel-2030\/\",\"url\":\"https:\/\/www.rijeka.hr\/it\/amministrazione-cittadina\/piano-di-sviluppo-della-citta-di-fiume-2021-2027\/preservare-fiume-nel-2030\/\",\"name\":\"Preservare Fiume nel 2030 - Citt\u00e0 di Fiume\",\"isPartOf\":{\"@id\":\"https:\/\/www.rijeka.hr\/it\/#website\"},\"datePublished\":\"2021-04-15T12:37:27+00:00\",\"dateModified\":\"2022-04-06T06:30:38+00:00\",\"breadcrumb\":{\"@id\":\"https:\/\/www.rijeka.hr\/it\/amministrazione-cittadina\/piano-di-sviluppo-della-citta-di-fiume-2021-2027\/preservare-fiume-nel-2030\/#breadcrumb\"},\"inLanguage\":\"it-IT\",\"potentialAction\":[{\"@type\":\"ReadAction\",\"target\":[\"https:\/\/www.rijeka.hr\/it\/amministrazione-cittadina\/piano-di-sviluppo-della-citta-di-fiume-2021-2027\/preservare-fiume-nel-2030\/\"]}]},{\"@type\":\"BreadcrumbList\",\"@id\":\"https:\/\/www.rijeka.hr\/it\/amministrazione-cittadina\/piano-di-sviluppo-della-citta-di-fiume-2021-2027\/preservare-fiume-nel-2030\/#breadcrumb\",\"itemListElement\":[{\"@type\":\"ListItem\",\"position\":1,\"name\":\"Po\u010detna stranica\",\"item\":\"https:\/\/www.rijeka.hr\/it\/\"},{\"@type\":\"ListItem\",\"position\":2,\"name\":\"Amministrazione cittadina\",\"item\":\"https:\/\/www.rijeka.hr\/it\/amministrazione-cittadina\/\"},{\"@type\":\"ListItem\",\"position\":3,\"name\":\"Piano di sviluppo della Citt\u00e0 di Fiume 2021 &#8211; 2027\",\"item\":\"https:\/\/www.rijeka.hr\/it\/amministrazione-cittadina\/piano-di-sviluppo-della-citta-di-fiume-2021-2027\/\"},{\"@type\":\"ListItem\",\"position\":4,\"name\":\"Preservare Fiume nel 2030\"}]},{\"@type\":\"WebSite\",\"@id\":\"https:\/\/www.rijeka.hr\/it\/#website\",\"url\":\"https:\/\/www.rijeka.hr\/it\/\",\"name\":\"Citt\u00e0 di Fiume\",\"description\":\"Portale web della Citta&#039; di Fiume\",\"potentialAction\":[{\"@type\":\"SearchAction\",\"target\":{\"@type\":\"EntryPoint\",\"urlTemplate\":\"https:\/\/www.rijeka.hr\/it\/?s={search_term_string}\"},\"query-input\":{\"@type\":\"PropertyValueSpecification\",\"valueRequired\":true,\"valueName\":\"search_term_string\"}}],\"inLanguage\":\"it-IT\"}]}<\/script>\n<!-- \/ Yoast SEO plugin. -->","yoast_head_json":{"title":"Preservare Fiume nel 2030 - Citt\u00e0 di Fiume","robots":{"index":"index","follow":"follow","max-snippet":"max-snippet:-1","max-image-preview":"max-image-preview:large","max-video-preview":"max-video-preview:-1"},"canonical":"https:\/\/www.rijeka.hr\/it\/amministrazione-cittadina\/piano-di-sviluppo-della-citta-di-fiume-2021-2027\/preservare-fiume-nel-2030\/","og_locale":"it_IT","og_type":"article","og_title":"Preservare Fiume nel 2030 - Citt\u00e0 di Fiume","og_description":"Contesto, necessit\u00e0 e opportunit\u00e0: in relazione alle infrastrutture comunali e all&#8217;atteggiamento nei confronti del suo ambiente, Fiume \u00e8 ad alto livello, ma ci sono anche elementi visibili che devono essere migliorati. Fiume ha un&#8217;eccellente rete di approvvigionamento idrico, mentre la copertura del sistema fognario \u00e8 meno buona. In termini di gestione dei rifiuti, il sistema...","og_url":"https:\/\/www.rijeka.hr\/it\/amministrazione-cittadina\/piano-di-sviluppo-della-citta-di-fiume-2021-2027\/preservare-fiume-nel-2030\/","og_site_name":"Citt\u00e0 di Fiume","article_modified_time":"2022-04-06T06:30:38+00:00","twitter_card":"summary_large_image","twitter_misc":{"Est. reading time":"7 minutes"},"schema":{"@context":"https:\/\/schema.org","@graph":[{"@type":"WebPage","@id":"https:\/\/www.rijeka.hr\/it\/amministrazione-cittadina\/piano-di-sviluppo-della-citta-di-fiume-2021-2027\/preservare-fiume-nel-2030\/","url":"https:\/\/www.rijeka.hr\/it\/amministrazione-cittadina\/piano-di-sviluppo-della-citta-di-fiume-2021-2027\/preservare-fiume-nel-2030\/","name":"Preservare Fiume nel 2030 - Citt\u00e0 di Fiume","isPartOf":{"@id":"https:\/\/www.rijeka.hr\/it\/#website"},"datePublished":"2021-04-15T12:37:27+00:00","dateModified":"2022-04-06T06:30:38+00:00","breadcrumb":{"@id":"https:\/\/www.rijeka.hr\/it\/amministrazione-cittadina\/piano-di-sviluppo-della-citta-di-fiume-2021-2027\/preservare-fiume-nel-2030\/#breadcrumb"},"inLanguage":"it-IT","potentialAction":[{"@type":"ReadAction","target":["https:\/\/www.rijeka.hr\/it\/amministrazione-cittadina\/piano-di-sviluppo-della-citta-di-fiume-2021-2027\/preservare-fiume-nel-2030\/"]}]},{"@type":"BreadcrumbList","@id":"https:\/\/www.rijeka.hr\/it\/amministrazione-cittadina\/piano-di-sviluppo-della-citta-di-fiume-2021-2027\/preservare-fiume-nel-2030\/#breadcrumb","itemListElement":[{"@type":"ListItem","position":1,"name":"Po\u010detna stranica","item":"https:\/\/www.rijeka.hr\/it\/"},{"@type":"ListItem","position":2,"name":"Amministrazione cittadina","item":"https:\/\/www.rijeka.hr\/it\/amministrazione-cittadina\/"},{"@type":"ListItem","position":3,"name":"Piano di sviluppo della Citt\u00e0 di Fiume 2021 &#8211; 2027","item":"https:\/\/www.rijeka.hr\/it\/amministrazione-cittadina\/piano-di-sviluppo-della-citta-di-fiume-2021-2027\/"},{"@type":"ListItem","position":4,"name":"Preservare Fiume nel 2030"}]},{"@type":"WebSite","@id":"https:\/\/www.rijeka.hr\/it\/#website","url":"https:\/\/www.rijeka.hr\/it\/","name":"Citt\u00e0 di Fiume","description":"Portale web della Citta&#039; di Fiume","potentialAction":[{"@type":"SearchAction","target":{"@type":"EntryPoint","urlTemplate":"https:\/\/www.rijeka.hr\/it\/?s={search_term_string}"},"query-input":{"@type":"PropertyValueSpecification","valueRequired":true,"valueName":"search_term_string"}}],"inLanguage":"it-IT"}]}},"_links":{"self":[{"href":"https:\/\/www.rijeka.hr\/it\/wp-json\/wp\/v2\/pages\/12865","targetHints":{"allow":["GET"]}}],"collection":[{"href":"https:\/\/www.rijeka.hr\/it\/wp-json\/wp\/v2\/pages"}],"about":[{"href":"https:\/\/www.rijeka.hr\/it\/wp-json\/wp\/v2\/types\/page"}],"author":[{"embeddable":true,"href":"https:\/\/www.rijeka.hr\/it\/wp-json\/wp\/v2\/users\/8"}],"replies":[{"embeddable":true,"href":"https:\/\/www.rijeka.hr\/it\/wp-json\/wp\/v2\/comments?post=12865"}],"version-history":[{"count":3,"href":"https:\/\/www.rijeka.hr\/it\/wp-json\/wp\/v2\/pages\/12865\/revisions"}],"predecessor-version":[{"id":12867,"href":"https:\/\/www.rijeka.hr\/it\/wp-json\/wp\/v2\/pages\/12865\/revisions\/12867"}],"up":[{"embeddable":true,"href":"https:\/\/www.rijeka.hr\/it\/wp-json\/wp\/v2\/pages\/12345"}],"wp:attachment":[{"href":"https:\/\/www.rijeka.hr\/it\/wp-json\/wp\/v2\/media?parent=12865"}],"wp:term":[{"taxonomy":"post_tag","embeddable":true,"href":"https:\/\/www.rijeka.hr\/it\/wp-json\/wp\/v2\/tags?post=12865"}],"curies":[{"name":"wp","href":"https:\/\/api.w.org\/{rel}","templated":true}]}}