{"id":130,"date":"2016-07-21T15:55:19","date_gmt":"2016-07-21T13:55:19","guid":{"rendered":"https:\/\/www.rijeka.hr\/it\/?page_id=130"},"modified":"2019-11-11T10:14:23","modified_gmt":"2019-11-11T09:14:23","slug":"sistemazione-degli-ambienti-e-lacquisto-delle-attrezzature-per-istituzioni-sanitarie","status":"publish","type":"page","link":"https:\/\/www.rijeka.hr\/it\/temi-per-i-cittadini\/famiglia-e-assistenza-sociale\/salute\/servizi-sanitari-eo-servizi-consultivi\/sistemazione-degli-ambienti-e-lacquisto-delle-attrezzature-per-istituzioni-sanitarie\/","title":{"rendered":"Sistemazione degli ambienti e l\u2019acquisto delle attrezzature per istituzioni sanitarie"},"content":{"rendered":"<p>Con l\u2019obiettivo di permettere una maggiore accessibilit\u00e0 della tutela sanitaria ai cittadini, la Citt\u00e0 di Fiume, secondo le sue possibilit\u00e0 finanziarie, segue il lavoro delle istituzioni sanitarie che si prendono cura dei nostri cittadini attraverso investimenti in edifici e attrezzature.<\/p>\n<p>La Casa della Salute della Regione litoraneo \u2013 montana e il CCC di Fiume sono affittuari di numerosi vani d\u2019affari di propriet\u00e0 della Citt\u00e0 di Fiume che affitta questi vani a un canone d\u2019affitto minimo.<\/p>\n","protected":false},"excerpt":{"rendered":"<p>Con l\u2019obiettivo di permettere una maggiore accessibilit\u00e0 della tutela sanitaria ai cittadini, la Citt\u00e0 di Fiume, secondo le sue possibilit\u00e0 finanziarie, segue il lavoro delle istituzioni sanitarie che si prendono cura dei nostri cittadini attraverso investimenti in edifici e attrezzature. La Casa della Salute della Regione litoraneo \u2013 montana e il CCC di Fiume sono&#8230;<\/p>\n","protected":false},"author":6,"featured_media":0,"parent":69,"menu_order":0,"comment_status":"closed","ping_status":"closed","template":"","meta":{"_acf_changed":false,"_trash_the_other_posts":false,"footnotes":"","_links_to":"","_links_to_target":""},"tags":[],"class_list":["post-130","page","type-page","status-publish","hentry"],"acf":[],"yoast_head":"<!-- This site is optimized with the Yoast SEO plugin v24.4 - https:\/\/yoast.com\/wordpress\/plugins\/seo\/ -->\n<title>Sistemazione degli ambienti e l\u2019acquisto delle attrezzature per istituzioni sanitarie - Citt\u00e0 di Fiume<\/title>\n<meta name=\"robots\" content=\"index, follow, max-snippet:-1, max-image-preview:large, max-video-preview:-1\" \/>\n<link rel=\"canonical\" href=\"https:\/\/www.rijeka.hr\/it\/temi-per-i-cittadini\/famiglia-e-assistenza-sociale\/salute\/servizi-sanitari-eo-servizi-consultivi\/sistemazione-degli-ambienti-e-lacquisto-delle-attrezzature-per-istituzioni-sanitarie\/\" \/>\n<meta property=\"og:locale\" content=\"it_IT\" \/>\n<meta property=\"og:type\" content=\"article\" \/>\n<meta property=\"og:title\" content=\"Sistemazione degli ambienti e l\u2019acquisto delle attrezzature per istituzioni sanitarie - Citt\u00e0 di Fiume\" \/>\n<meta property=\"og:description\" content=\"Con l\u2019obiettivo di permettere una maggiore accessibilit\u00e0 della tutela sanitaria ai cittadini, la Citt\u00e0 di Fiume, secondo le sue possibilit\u00e0 finanziarie, segue il lavoro delle istituzioni sanitarie che si prendono cura dei nostri cittadini attraverso investimenti in edifici e attrezzature. La Casa della Salute della Regione litoraneo \u2013 montana e il CCC di Fiume sono...\" \/>\n<meta property=\"og:url\" content=\"https:\/\/www.rijeka.hr\/it\/temi-per-i-cittadini\/famiglia-e-assistenza-sociale\/salute\/servizi-sanitari-eo-servizi-consultivi\/sistemazione-degli-ambienti-e-lacquisto-delle-attrezzature-per-istituzioni-sanitarie\/\" \/>\n<meta property=\"og:site_name\" content=\"Citt\u00e0 di Fiume\" \/>\n<meta property=\"article:modified_time\" content=\"2019-11-11T09:14:23+00:00\" \/>\n<meta name=\"twitter:card\" content=\"summary_large_image\" \/>\n<script type=\"application\/ld+json\" class=\"yoast-schema-graph\">{\"@context\":\"https:\/\/schema.org\",\"@graph\":[{\"@type\":\"WebPage\",\"@id\":\"https:\/\/www.rijeka.hr\/it\/temi-per-i-cittadini\/famiglia-e-assistenza-sociale\/salute\/servizi-sanitari-eo-servizi-consultivi\/sistemazione-degli-ambienti-e-lacquisto-delle-attrezzature-per-istituzioni-sanitarie\/\",\"url\":\"https:\/\/www.rijeka.hr\/it\/temi-per-i-cittadini\/famiglia-e-assistenza-sociale\/salute\/servizi-sanitari-eo-servizi-consultivi\/sistemazione-degli-ambienti-e-lacquisto-delle-attrezzature-per-istituzioni-sanitarie\/\",\"name\":\"Sistemazione degli ambienti e l\u2019acquisto delle attrezzature per istituzioni sanitarie - Citt\u00e0 di Fiume\",\"isPartOf\":{\"@id\":\"https:\/\/www.rijeka.hr\/it\/#website\"},\"datePublished\":\"2016-07-21T13:55:19+00:00\",\"dateModified\":\"2019-11-11T09:14:23+00:00\",\"breadcrumb\":{\"@id\":\"https:\/\/www.rijeka.hr\/it\/temi-per-i-cittadini\/famiglia-e-assistenza-sociale\/salute\/servizi-sanitari-eo-servizi-consultivi\/sistemazione-degli-ambienti-e-lacquisto-delle-attrezzature-per-istituzioni-sanitarie\/#breadcrumb\"},\"inLanguage\":\"it-IT\",\"potentialAction\":[{\"@type\":\"ReadAction\",\"target\":[\"https:\/\/www.rijeka.hr\/it\/temi-per-i-cittadini\/famiglia-e-assistenza-sociale\/salute\/servizi-sanitari-eo-servizi-consultivi\/sistemazione-degli-ambienti-e-lacquisto-delle-attrezzature-per-istituzioni-sanitarie\/\"]}]},{\"@type\":\"BreadcrumbList\",\"@id\":\"https:\/\/www.rijeka.hr\/it\/temi-per-i-cittadini\/famiglia-e-assistenza-sociale\/salute\/servizi-sanitari-eo-servizi-consultivi\/sistemazione-degli-ambienti-e-lacquisto-delle-attrezzature-per-istituzioni-sanitarie\/#breadcrumb\",\"itemListElement\":[{\"@type\":\"ListItem\",\"position\":1,\"name\":\"Po\u010detna stranica\",\"item\":\"https:\/\/www.rijeka.hr\/it\/\"},{\"@type\":\"ListItem\",\"position\":2,\"name\":\"Temi per i cittadini\",\"item\":\"https:\/\/www.rijeka.hr\/it\/temi-per-i-cittadini\/\"},{\"@type\":\"ListItem\",\"position\":3,\"name\":\"Famiglia e previdenza sociale\",\"item\":\"https:\/\/www.rijeka.hr\/it\/temi-per-i-cittadini\/famiglia-e-assistenza-sociale\/\"},{\"@type\":\"ListItem\",\"position\":4,\"name\":\"Sanit\u00e0\",\"item\":\"https:\/\/www.rijeka.hr\/it\/temi-per-i-cittadini\/famiglia-e-assistenza-sociale\/salute\/\"},{\"@type\":\"ListItem\",\"position\":5,\"name\":\"Servizi sanitari e\/o servizi consultivi\",\"item\":\"https:\/\/www.rijeka.hr\/it\/temi-per-i-cittadini\/famiglia-e-assistenza-sociale\/salute\/servizi-sanitari-eo-servizi-consultivi\/\"},{\"@type\":\"ListItem\",\"position\":6,\"name\":\"Sistemazione degli ambienti e l\u2019acquisto delle attrezzature per istituzioni sanitarie\"}]},{\"@type\":\"WebSite\",\"@id\":\"https:\/\/www.rijeka.hr\/it\/#website\",\"url\":\"https:\/\/www.rijeka.hr\/it\/\",\"name\":\"Citt\u00e0 di Fiume\",\"description\":\"Portale web della Citta&#039; di Fiume\",\"potentialAction\":[{\"@type\":\"SearchAction\",\"target\":{\"@type\":\"EntryPoint\",\"urlTemplate\":\"https:\/\/www.rijeka.hr\/it\/?s={search_term_string}\"},\"query-input\":{\"@type\":\"PropertyValueSpecification\",\"valueRequired\":true,\"valueName\":\"search_term_string\"}}],\"inLanguage\":\"it-IT\"}]}<\/script>\n<!-- \/ Yoast SEO plugin. -->","yoast_head_json":{"title":"Sistemazione degli ambienti e l\u2019acquisto delle attrezzature per istituzioni sanitarie - Citt\u00e0 di Fiume","robots":{"index":"index","follow":"follow","max-snippet":"max-snippet:-1","max-image-preview":"max-image-preview:large","max-video-preview":"max-video-preview:-1"},"canonical":"https:\/\/www.rijeka.hr\/it\/temi-per-i-cittadini\/famiglia-e-assistenza-sociale\/salute\/servizi-sanitari-eo-servizi-consultivi\/sistemazione-degli-ambienti-e-lacquisto-delle-attrezzature-per-istituzioni-sanitarie\/","og_locale":"it_IT","og_type":"article","og_title":"Sistemazione degli ambienti e l\u2019acquisto delle attrezzature per istituzioni sanitarie - Citt\u00e0 di Fiume","og_description":"Con l\u2019obiettivo di permettere una maggiore accessibilit\u00e0 della tutela sanitaria ai cittadini, la Citt\u00e0 di Fiume, secondo le sue possibilit\u00e0 finanziarie, segue il lavoro delle istituzioni sanitarie che si prendono cura dei nostri cittadini attraverso investimenti in edifici e attrezzature. La Casa della Salute della Regione litoraneo \u2013 montana e il CCC di Fiume sono...","og_url":"https:\/\/www.rijeka.hr\/it\/temi-per-i-cittadini\/famiglia-e-assistenza-sociale\/salute\/servizi-sanitari-eo-servizi-consultivi\/sistemazione-degli-ambienti-e-lacquisto-delle-attrezzature-per-istituzioni-sanitarie\/","og_site_name":"Citt\u00e0 di Fiume","article_modified_time":"2019-11-11T09:14:23+00:00","twitter_card":"summary_large_image","schema":{"@context":"https:\/\/schema.org","@graph":[{"@type":"WebPage","@id":"https:\/\/www.rijeka.hr\/it\/temi-per-i-cittadini\/famiglia-e-assistenza-sociale\/salute\/servizi-sanitari-eo-servizi-consultivi\/sistemazione-degli-ambienti-e-lacquisto-delle-attrezzature-per-istituzioni-sanitarie\/","url":"https:\/\/www.rijeka.hr\/it\/temi-per-i-cittadini\/famiglia-e-assistenza-sociale\/salute\/servizi-sanitari-eo-servizi-consultivi\/sistemazione-degli-ambienti-e-lacquisto-delle-attrezzature-per-istituzioni-sanitarie\/","name":"Sistemazione degli ambienti e l\u2019acquisto delle attrezzature per istituzioni sanitarie - Citt\u00e0 di Fiume","isPartOf":{"@id":"https:\/\/www.rijeka.hr\/it\/#website"},"datePublished":"2016-07-21T13:55:19+00:00","dateModified":"2019-11-11T09:14:23+00:00","breadcrumb":{"@id":"https:\/\/www.rijeka.hr\/it\/temi-per-i-cittadini\/famiglia-e-assistenza-sociale\/salute\/servizi-sanitari-eo-servizi-consultivi\/sistemazione-degli-ambienti-e-lacquisto-delle-attrezzature-per-istituzioni-sanitarie\/#breadcrumb"},"inLanguage":"it-IT","potentialAction":[{"@type":"ReadAction","target":["https:\/\/www.rijeka.hr\/it\/temi-per-i-cittadini\/famiglia-e-assistenza-sociale\/salute\/servizi-sanitari-eo-servizi-consultivi\/sistemazione-degli-ambienti-e-lacquisto-delle-attrezzature-per-istituzioni-sanitarie\/"]}]},{"@type":"BreadcrumbList","@id":"https:\/\/www.rijeka.hr\/it\/temi-per-i-cittadini\/famiglia-e-assistenza-sociale\/salute\/servizi-sanitari-eo-servizi-consultivi\/sistemazione-degli-ambienti-e-lacquisto-delle-attrezzature-per-istituzioni-sanitarie\/#breadcrumb","itemListElement":[{"@type":"ListItem","position":1,"name":"Po\u010detna stranica","item":"https:\/\/www.rijeka.hr\/it\/"},{"@type":"ListItem","position":2,"name":"Temi per i cittadini","item":"https:\/\/www.rijeka.hr\/it\/temi-per-i-cittadini\/"},{"@type":"ListItem","position":3,"name":"Famiglia e previdenza sociale","item":"https:\/\/www.rijeka.hr\/it\/temi-per-i-cittadini\/famiglia-e-assistenza-sociale\/"},{"@type":"ListItem","position":4,"name":"Sanit\u00e0","item":"https:\/\/www.rijeka.hr\/it\/temi-per-i-cittadini\/famiglia-e-assistenza-sociale\/salute\/"},{"@type":"ListItem","position":5,"name":"Servizi sanitari e\/o servizi consultivi","item":"https:\/\/www.rijeka.hr\/it\/temi-per-i-cittadini\/famiglia-e-assistenza-sociale\/salute\/servizi-sanitari-eo-servizi-consultivi\/"},{"@type":"ListItem","position":6,"name":"Sistemazione degli ambienti e l\u2019acquisto delle attrezzature per istituzioni sanitarie"}]},{"@type":"WebSite","@id":"https:\/\/www.rijeka.hr\/it\/#website","url":"https:\/\/www.rijeka.hr\/it\/","name":"Citt\u00e0 di Fiume","description":"Portale web della Citta&#039; di Fiume","potentialAction":[{"@type":"SearchAction","target":{"@type":"EntryPoint","urlTemplate":"https:\/\/www.rijeka.hr\/it\/?s={search_term_string}"},"query-input":{"@type":"PropertyValueSpecification","valueRequired":true,"valueName":"search_term_string"}}],"inLanguage":"it-IT"}]}},"_links":{"self":[{"href":"https:\/\/www.rijeka.hr\/it\/wp-json\/wp\/v2\/pages\/130","targetHints":{"allow":["GET"]}}],"collection":[{"href":"https:\/\/www.rijeka.hr\/it\/wp-json\/wp\/v2\/pages"}],"about":[{"href":"https:\/\/www.rijeka.hr\/it\/wp-json\/wp\/v2\/types\/page"}],"author":[{"embeddable":true,"href":"https:\/\/www.rijeka.hr\/it\/wp-json\/wp\/v2\/users\/6"}],"replies":[{"embeddable":true,"href":"https:\/\/www.rijeka.hr\/it\/wp-json\/wp\/v2\/comments?post=130"}],"version-history":[{"count":1,"href":"https:\/\/www.rijeka.hr\/it\/wp-json\/wp\/v2\/pages\/130\/revisions"}],"predecessor-version":[{"id":225,"href":"https:\/\/www.rijeka.hr\/it\/wp-json\/wp\/v2\/pages\/130\/revisions\/225"}],"up":[{"embeddable":true,"href":"https:\/\/www.rijeka.hr\/it\/wp-json\/wp\/v2\/pages\/69"}],"wp:attachment":[{"href":"https:\/\/www.rijeka.hr\/it\/wp-json\/wp\/v2\/media?parent=130"}],"wp:term":[{"taxonomy":"post_tag","embeddable":true,"href":"https:\/\/www.rijeka.hr\/it\/wp-json\/wp\/v2\/tags?post=130"}],"curies":[{"name":"wp","href":"https:\/\/api.w.org\/{rel}","templated":true}]}}