{"id":1305,"date":"2016-09-01T10:00:30","date_gmt":"2016-09-01T08:00:30","guid":{"rendered":"https:\/\/www.rijeka.hr\/it\/?page_id=1305"},"modified":"2017-11-06T15:42:47","modified_gmt":"2017-11-06T14:42:47","slug":"casa-dei-giovani","status":"publish","type":"page","link":"https:\/\/www.rijeka.hr\/it\/temi-per-i-cittadini\/educazione-e-istruzione\/casa-dei-giovani\/","title":{"rendered":"Casa dei giovani"},"content":{"rendered":"<p>L&#8217;istituzione Casa dei giovani dispone di due edifici \u2013 l\u2019edificio della Casa dei giovani a Fiume e il castello la cui destinazione \u00e8 stata cambiata in un luogo di riposo per bambini a Ravna Gora.<\/p>\n<p>Presso l\u2019edificio a Fiume che \u00e8 anche sede si svolgono diversi programmi e laboratori (attivit\u00e0 tecniche, attivit\u00e0 artistiche e creative, attivit\u00e0 scolastiche) per alunni delle scuole elementari e medie.<\/p>\n<p>La Casa dei giovani riunisce tutti i bambini e giovani interessati che incita con svariati programmi qualitativi, accompagnati da guide professionali e attrezzature moderne che introducono loro nel mondo della tecnica, dell\u2019arte e della musica. In questo modo i bambini nelle fasce di et\u00e0 in cui frequentano la scuola elementare e media, attraverso diverse attivit\u00e0 sviluppano le proprie possibilit\u00e0, cercano i propri interessi, sviluppano la creativit\u00e0 e l\u2019intelligenza creativa e accettano\u00a0 nuove conoscenze in modo interessante.<\/p>\n<p>Nell\u2019attuazione di certi programmi vengono impiegati collaboratori esterni, insegnanti di classe, professori di materie diverse e individui rinomati in certi campi.<\/p>\n<p>Presso la Casa dei giovani opera inoltre l\u2019associazione di danza <a href=\"http:\/\/www.ridance.hr\/\">\u00a0Ri dance<\/a> e l\u2019associazione degli alunni per la mediazione al lavoro che offre servizi agli alunni regolari delle scuole medie.<\/p>\n<p>Presso l\u2019edificio del Castello Stara Su\u0161ica a Ravna Gora vengono organizzate visite di pi\u00f9 giorni e si svolgono programmi di vacanze invernali ed estive, la Scuola in natura e i Programmi del fine settimana. Per ogni programma viene assicurato un animatore professionale e tutte le gite includono una guida professionale. \u00a0Le gite sono piene di contenuto, educative, e un\u2019attenzione particolare viene \u00a0prestata all\u2019ecologia come pure alla conoscenza della flora e della fauna del Gorski kotar.<\/p>\n<p>La Casa dei giovani \u00e8 un\u2019istituzione unica di questo genere nella Repubblica di Croazia in quanto offre in un luogo programmi molto svariati e organizzati e parzialmente finanziati da parte dell\u2019autogoverno locale. La Citt\u00e0 di Fiume finanzia l\u2019attivit\u00e0 fondamentale della Casa dei giovani, mentre i progetti e programmi vengono finanziati dai propri ricavi della Casa dei giovani.<\/p>\n<p>Attivit\u00e0 presso la Casa dei giovani:<\/p>\n<p><strong>Attivit\u00e0 tecniche:<\/strong><\/p>\n<ul>\n<li>Informatica<\/li>\n<li>Sezione cinema e video<\/li>\n<li>Robotica<\/li>\n<li>Elettronica<\/li>\n<li>Giovani innovatori<\/li>\n<li>Modellisti<\/li>\n<li>Astronomia<\/li>\n<\/ul>\n<p><strong>Attivit\u00e0 artistiche e creative:<\/strong><\/p>\n<ul>\n<li>Corsi di pianoforte<\/li>\n<li>Corsi di chitarra<\/li>\n<li>Teoria musicale<\/li>\n<li>Sezione d\u2019intrattenimento musicale<\/li>\n<\/ul>\n<p><strong>Attivit\u00e0 sociali ed educative<\/strong><\/p>\n<ul>\n<li>Club di dibattito<\/li>\n<li>Tesli\u0107i<\/li>\n<li>K.E.\u0160.<\/li>\n<\/ul>\n<p><strong>Attivit\u00e0 scolastiche:<\/strong><\/p>\n<ul>\n<li>I primi passi nel traffico<\/li>\n<li>Sicuri nel traffico<\/li>\n<li>Corso di guida della bicicletta<\/li>\n<li>Pattuglie scolastiche<\/li>\n<li>Laboratorio di ecologia<\/li>\n<\/ul>\n<p><strong>Attivit\u00e0 durante le vacanze scolastiche<\/strong><\/p>\n<ul>\n<li>L\u2019invero alla Casa dei Giovani<\/li>\n<li>La primavera alla Casa dei Giovani<\/li>\n<li>L\u2019estate giocosa<\/li>\n<\/ul>\n<p>&nbsp;<\/p>\n<p>&nbsp;<\/p>\n","protected":false},"excerpt":{"rendered":"<p>L&#8217;istituzione Casa dei giovani dispone di due edifici \u2013 l\u2019edificio della Casa dei giovani a Fiume e il castello la cui destinazione \u00e8 stata cambiata in un luogo di riposo per bambini a Ravna Gora. Presso l\u2019edificio a Fiume che \u00e8 anche sede si svolgono diversi programmi e laboratori (attivit\u00e0 tecniche, attivit\u00e0 artistiche e creative,&#8230;<\/p>\n","protected":false},"author":2,"featured_media":0,"parent":290,"menu_order":106,"comment_status":"closed","ping_status":"closed","template":"","meta":{"_acf_changed":false,"_trash_the_other_posts":false,"footnotes":"","_links_to":"","_links_to_target":""},"tags":[],"class_list":["post-1305","page","type-page","status-publish","hentry"],"acf":[],"yoast_head":"<!-- This site is optimized with the Yoast SEO plugin v24.4 - https:\/\/yoast.com\/wordpress\/plugins\/seo\/ -->\n<title>Casa dei giovani - Citt\u00e0 di Fiume<\/title>\n<meta name=\"robots\" content=\"index, follow, max-snippet:-1, max-image-preview:large, max-video-preview:-1\" \/>\n<link rel=\"canonical\" href=\"https:\/\/www.rijeka.hr\/it\/temi-per-i-cittadini\/educazione-e-istruzione\/casa-dei-giovani\/\" \/>\n<meta property=\"og:locale\" content=\"it_IT\" \/>\n<meta property=\"og:type\" content=\"article\" \/>\n<meta property=\"og:title\" content=\"Casa dei giovani - Citt\u00e0 di Fiume\" \/>\n<meta property=\"og:description\" content=\"L&#8217;istituzione Casa dei giovani dispone di due edifici \u2013 l\u2019edificio della Casa dei giovani a Fiume e il castello la cui destinazione \u00e8 stata cambiata in un luogo di riposo per bambini a Ravna Gora. Presso l\u2019edificio a Fiume che \u00e8 anche sede si svolgono diversi programmi e laboratori (attivit\u00e0 tecniche, attivit\u00e0 artistiche e creative,...\" \/>\n<meta property=\"og:url\" content=\"https:\/\/www.rijeka.hr\/it\/temi-per-i-cittadini\/educazione-e-istruzione\/casa-dei-giovani\/\" \/>\n<meta property=\"og:site_name\" content=\"Citt\u00e0 di Fiume\" \/>\n<meta property=\"article:modified_time\" content=\"2017-11-06T14:42:47+00:00\" \/>\n<meta name=\"twitter:card\" content=\"summary_large_image\" \/>\n<meta name=\"twitter:label1\" content=\"Est. reading time\" \/>\n\t<meta name=\"twitter:data1\" content=\"2 minutes\" \/>\n<script type=\"application\/ld+json\" class=\"yoast-schema-graph\">{\"@context\":\"https:\/\/schema.org\",\"@graph\":[{\"@type\":\"WebPage\",\"@id\":\"https:\/\/www.rijeka.hr\/it\/temi-per-i-cittadini\/educazione-e-istruzione\/casa-dei-giovani\/\",\"url\":\"https:\/\/www.rijeka.hr\/it\/temi-per-i-cittadini\/educazione-e-istruzione\/casa-dei-giovani\/\",\"name\":\"Casa dei giovani - Citt\u00e0 di Fiume\",\"isPartOf\":{\"@id\":\"https:\/\/www.rijeka.hr\/it\/#website\"},\"datePublished\":\"2016-09-01T08:00:30+00:00\",\"dateModified\":\"2017-11-06T14:42:47+00:00\",\"breadcrumb\":{\"@id\":\"https:\/\/www.rijeka.hr\/it\/temi-per-i-cittadini\/educazione-e-istruzione\/casa-dei-giovani\/#breadcrumb\"},\"inLanguage\":\"it-IT\",\"potentialAction\":[{\"@type\":\"ReadAction\",\"target\":[\"https:\/\/www.rijeka.hr\/it\/temi-per-i-cittadini\/educazione-e-istruzione\/casa-dei-giovani\/\"]}]},{\"@type\":\"BreadcrumbList\",\"@id\":\"https:\/\/www.rijeka.hr\/it\/temi-per-i-cittadini\/educazione-e-istruzione\/casa-dei-giovani\/#breadcrumb\",\"itemListElement\":[{\"@type\":\"ListItem\",\"position\":1,\"name\":\"Po\u010detna stranica\",\"item\":\"https:\/\/www.rijeka.hr\/it\/\"},{\"@type\":\"ListItem\",\"position\":2,\"name\":\"Temi per i cittadini\",\"item\":\"https:\/\/www.rijeka.hr\/it\/temi-per-i-cittadini\/\"},{\"@type\":\"ListItem\",\"position\":3,\"name\":\"Educazione e istruzione\",\"item\":\"https:\/\/www.rijeka.hr\/it\/temi-per-i-cittadini\/educazione-e-istruzione\/\"},{\"@type\":\"ListItem\",\"position\":4,\"name\":\"Casa dei giovani\"}]},{\"@type\":\"WebSite\",\"@id\":\"https:\/\/www.rijeka.hr\/it\/#website\",\"url\":\"https:\/\/www.rijeka.hr\/it\/\",\"name\":\"Citt\u00e0 di Fiume\",\"description\":\"Portale web della Citta&#039; di Fiume\",\"potentialAction\":[{\"@type\":\"SearchAction\",\"target\":{\"@type\":\"EntryPoint\",\"urlTemplate\":\"https:\/\/www.rijeka.hr\/it\/?s={search_term_string}\"},\"query-input\":{\"@type\":\"PropertyValueSpecification\",\"valueRequired\":true,\"valueName\":\"search_term_string\"}}],\"inLanguage\":\"it-IT\"}]}<\/script>\n<!-- \/ Yoast SEO plugin. -->","yoast_head_json":{"title":"Casa dei giovani - Citt\u00e0 di Fiume","robots":{"index":"index","follow":"follow","max-snippet":"max-snippet:-1","max-image-preview":"max-image-preview:large","max-video-preview":"max-video-preview:-1"},"canonical":"https:\/\/www.rijeka.hr\/it\/temi-per-i-cittadini\/educazione-e-istruzione\/casa-dei-giovani\/","og_locale":"it_IT","og_type":"article","og_title":"Casa dei giovani - Citt\u00e0 di Fiume","og_description":"L&#8217;istituzione Casa dei giovani dispone di due edifici \u2013 l\u2019edificio della Casa dei giovani a Fiume e il castello la cui destinazione \u00e8 stata cambiata in un luogo di riposo per bambini a Ravna Gora. Presso l\u2019edificio a Fiume che \u00e8 anche sede si svolgono diversi programmi e laboratori (attivit\u00e0 tecniche, attivit\u00e0 artistiche e creative,...","og_url":"https:\/\/www.rijeka.hr\/it\/temi-per-i-cittadini\/educazione-e-istruzione\/casa-dei-giovani\/","og_site_name":"Citt\u00e0 di Fiume","article_modified_time":"2017-11-06T14:42:47+00:00","twitter_card":"summary_large_image","twitter_misc":{"Est. reading time":"2 minutes"},"schema":{"@context":"https:\/\/schema.org","@graph":[{"@type":"WebPage","@id":"https:\/\/www.rijeka.hr\/it\/temi-per-i-cittadini\/educazione-e-istruzione\/casa-dei-giovani\/","url":"https:\/\/www.rijeka.hr\/it\/temi-per-i-cittadini\/educazione-e-istruzione\/casa-dei-giovani\/","name":"Casa dei giovani - Citt\u00e0 di Fiume","isPartOf":{"@id":"https:\/\/www.rijeka.hr\/it\/#website"},"datePublished":"2016-09-01T08:00:30+00:00","dateModified":"2017-11-06T14:42:47+00:00","breadcrumb":{"@id":"https:\/\/www.rijeka.hr\/it\/temi-per-i-cittadini\/educazione-e-istruzione\/casa-dei-giovani\/#breadcrumb"},"inLanguage":"it-IT","potentialAction":[{"@type":"ReadAction","target":["https:\/\/www.rijeka.hr\/it\/temi-per-i-cittadini\/educazione-e-istruzione\/casa-dei-giovani\/"]}]},{"@type":"BreadcrumbList","@id":"https:\/\/www.rijeka.hr\/it\/temi-per-i-cittadini\/educazione-e-istruzione\/casa-dei-giovani\/#breadcrumb","itemListElement":[{"@type":"ListItem","position":1,"name":"Po\u010detna stranica","item":"https:\/\/www.rijeka.hr\/it\/"},{"@type":"ListItem","position":2,"name":"Temi per i cittadini","item":"https:\/\/www.rijeka.hr\/it\/temi-per-i-cittadini\/"},{"@type":"ListItem","position":3,"name":"Educazione e istruzione","item":"https:\/\/www.rijeka.hr\/it\/temi-per-i-cittadini\/educazione-e-istruzione\/"},{"@type":"ListItem","position":4,"name":"Casa dei giovani"}]},{"@type":"WebSite","@id":"https:\/\/www.rijeka.hr\/it\/#website","url":"https:\/\/www.rijeka.hr\/it\/","name":"Citt\u00e0 di Fiume","description":"Portale web della Citta&#039; di Fiume","potentialAction":[{"@type":"SearchAction","target":{"@type":"EntryPoint","urlTemplate":"https:\/\/www.rijeka.hr\/it\/?s={search_term_string}"},"query-input":{"@type":"PropertyValueSpecification","valueRequired":true,"valueName":"search_term_string"}}],"inLanguage":"it-IT"}]}},"_links":{"self":[{"href":"https:\/\/www.rijeka.hr\/it\/wp-json\/wp\/v2\/pages\/1305","targetHints":{"allow":["GET"]}}],"collection":[{"href":"https:\/\/www.rijeka.hr\/it\/wp-json\/wp\/v2\/pages"}],"about":[{"href":"https:\/\/www.rijeka.hr\/it\/wp-json\/wp\/v2\/types\/page"}],"author":[{"embeddable":true,"href":"https:\/\/www.rijeka.hr\/it\/wp-json\/wp\/v2\/users\/2"}],"replies":[{"embeddable":true,"href":"https:\/\/www.rijeka.hr\/it\/wp-json\/wp\/v2\/comments?post=1305"}],"version-history":[{"count":5,"href":"https:\/\/www.rijeka.hr\/it\/wp-json\/wp\/v2\/pages\/1305\/revisions"}],"predecessor-version":[{"id":1307,"href":"https:\/\/www.rijeka.hr\/it\/wp-json\/wp\/v2\/pages\/1305\/revisions\/1307"}],"up":[{"embeddable":true,"href":"https:\/\/www.rijeka.hr\/it\/wp-json\/wp\/v2\/pages\/290"}],"wp:attachment":[{"href":"https:\/\/www.rijeka.hr\/it\/wp-json\/wp\/v2\/media?parent=1305"}],"wp:term":[{"taxonomy":"post_tag","embeddable":true,"href":"https:\/\/www.rijeka.hr\/it\/wp-json\/wp\/v2\/tags?post=1305"}],"curies":[{"name":"wp","href":"https:\/\/api.w.org\/{rel}","templated":true}]}}