{"id":13269,"date":"2021-07-16T10:41:58","date_gmt":"2021-07-16T08:41:58","guid":{"rendered":"https:\/\/www.rijeka.hr\/it\/?page_id=13269"},"modified":"2025-08-18T14:47:30","modified_gmt":"2025-08-18T12:47:30","slug":"consiglieri-mandato-2021-2025","status":"publish","type":"page","link":"https:\/\/www.rijeka.hr\/it\/amministrazione-cittadina\/consiglio-cittadino\/consiglieri-mandato-2021-2025\/","title":{"rendered":"Consiglieri \u2013 mandato 2021 \u2013 2025"},"content":{"rendered":"<p><strong>Presidente:<\/strong><\/p>\n<ul>\n<li><strong>Ana Tro\u0161elj<\/strong> \u2013 <strong>PGS \u2013 Alleanza litoraneo-monatana<\/strong><\/li>\n<\/ul>\n<p><strong>Vicepresidenti:<\/strong><\/p>\n<ul>\n<li><strong>Josip Ostrogovi\u0107<\/strong>\u00a0&#8211; Comunit\u00e0 democratica croata\u00a0<strong>(HDZ)<\/strong><\/li>\n<li><strong>\u017deljko Jovanovi\u0107<\/strong> <strong>\u2013 <\/strong>Partito socialdemocratico\u00a0<strong>(SDP)<\/strong>, tra i membri delle minoranze nazionali<strong><br \/>\n<\/strong><\/li>\n<\/ul>\n<p><strong><br \/>\nMembri:<br \/>\n<\/strong><\/p>\n<p><strong>Azione dei giovani (AM):<\/strong><\/p>\n<ul>\n<li>Vedran Vivoda<\/li>\n<\/ul>\n<p><strong>Dieta democratica Istriana<\/strong>\u00a0<strong>(IDS)\u00a0<\/strong><\/p>\n<ul>\n<li>Tajana Masovi\u010di\u0107<\/li>\n<\/ul>\n<p><strong>Indipendenti:<\/strong><\/p>\n<ul>\n<li>Davor \u0160timac<\/li>\n<li>Iva Rin\u010di\u0107<\/li>\n<li>Marin Ra\u010di\u0107<\/li>\n<li>Ma\u0161a Magzan<\/li>\n<\/ul>\n<p><strong>HDZ \u2013 Comunit\u00e0 democratica croata:<\/strong><\/p>\n<ul>\n<li>Adrijano Rogi\u0107<\/li>\n<li>Danijel Imgrund<\/li>\n<li>\u0160tefica Jagi\u0107 Ra\u0111a<\/li>\n<li>Stipo Karaula<\/li>\n<li>Valter \u0160tefan<\/li>\n<\/ul>\n<p><strong>HSU \u2013 Partito Croato dei Pensionati:<\/strong><\/p>\n<ul>\n<li>Ljiljana Cvjetovi\u0107<\/li>\n<\/ul>\n<p><strong>Most:<\/strong><\/p>\n<ul>\n<li>Alen Jakopli\u0107<\/li>\n<li>Marijan \u0160egota<\/li>\n<li>Petra Mandi\u0107<\/li>\n<li>Sabina Marov<\/li>\n<\/ul>\n<p><strong>Mo\u017eemo! &#8211; piattaforma politica \u2013 Mo\u017eemo<\/strong><\/p>\n<ul>\n<li>Neboj\u0161a Zeli\u010d<\/li>\n<li>Renato Stankovi\u0107<\/li>\n<\/ul>\n<p><strong>PGS \u2013 Alleanza litoraneo-monatana<\/strong>:<\/p>\n<ul>\n<li>Nikola Ivani\u0161<\/li>\n<li>Tea Mi\u010di\u0107 Badurina<\/li>\n<\/ul>\n<p><strong>Partito Democratico Indipendente Serbo (SDSS):<\/strong><\/p>\n<ul>\n<li>Mile Opa\u010di\u0107<\/li>\n<\/ul>\n<div class=\"main-content\" role=\"main\">\n<div class=\"module module-article\">\n<div class=\"user-content\">\n<p><strong>SDP \u2013 Partito socialdemocratico:<\/strong><\/p>\n<ul>\n<li>Danijela Bradamante<\/li>\n<li>Marin Bara\u0107<\/li>\n<li>Ivana Prica\u00a0Matija\u0161<\/li>\n<li>Kristian \u010carapi\u0107<\/li>\n<li>Nadja Poropat<\/li>\n<li>Petar Petrini\u0107<\/li>\n<li>Petra Karaniki\u0107<\/li>\n<\/ul>\n<p><strong>Unija Kvarnera\u00a0\u00a0\u2013 Unija<\/strong><\/p>\n<ul>\n<li>Robert Sale\u010di\u0107<\/li>\n<\/ul>\n<\/div>\n<\/div>\n<\/div>\n","protected":false},"excerpt":{"rendered":"<p>Presidente: Ana Tro\u0161elj \u2013 PGS \u2013 Alleanza litoraneo-monatana Vicepresidenti: Josip Ostrogovi\u0107\u00a0&#8211; Comunit\u00e0 democratica croata\u00a0(HDZ) \u017deljko Jovanovi\u0107 \u2013 Partito socialdemocratico\u00a0(SDP), tra i membri delle minoranze nazionali Membri: Azione dei giovani (AM): Vedran Vivoda Dieta democratica Istriana\u00a0(IDS)\u00a0 Tajana Masovi\u010di\u0107 Indipendenti: Davor \u0160timac Iva Rin\u010di\u0107 Marin Ra\u010di\u0107 Ma\u0161a Magzan HDZ \u2013 Comunit\u00e0 democratica croata: Adrijano Rogi\u0107 Danijel Imgrund&#8230;<\/p>\n","protected":false},"author":5,"featured_media":0,"parent":1747,"menu_order":118,"comment_status":"closed","ping_status":"closed","template":"","meta":{"_acf_changed":false,"_trash_the_other_posts":false,"footnotes":"","_links_to":"","_links_to_target":""},"tags":[],"class_list":["post-13269","page","type-page","status-publish","hentry"],"acf":[],"yoast_head":"<!-- This site is optimized with the Yoast SEO plugin v24.4 - https:\/\/yoast.com\/wordpress\/plugins\/seo\/ -->\n<title>Consiglieri \u2013 mandato 2021 \u2013 2025 - Citt\u00e0 di Fiume<\/title>\n<meta name=\"robots\" content=\"index, follow, max-snippet:-1, max-image-preview:large, max-video-preview:-1\" \/>\n<link rel=\"canonical\" href=\"https:\/\/www.rijeka.hr\/it\/amministrazione-cittadina\/consiglio-cittadino\/consiglieri-mandato-2021-2025\/\" \/>\n<meta property=\"og:locale\" content=\"it_IT\" \/>\n<meta property=\"og:type\" content=\"article\" \/>\n<meta property=\"og:title\" content=\"Consiglieri \u2013 mandato 2021 \u2013 2025 - Citt\u00e0 di Fiume\" \/>\n<meta property=\"og:description\" content=\"Presidente: Ana Tro\u0161elj \u2013 PGS \u2013 Alleanza litoraneo-monatana Vicepresidenti: Josip Ostrogovi\u0107\u00a0&#8211; Comunit\u00e0 democratica croata\u00a0(HDZ) \u017deljko Jovanovi\u0107 \u2013 Partito socialdemocratico\u00a0(SDP), tra i membri delle minoranze nazionali Membri: Azione dei giovani (AM): Vedran Vivoda Dieta democratica Istriana\u00a0(IDS)\u00a0 Tajana Masovi\u010di\u0107 Indipendenti: Davor \u0160timac Iva Rin\u010di\u0107 Marin Ra\u010di\u0107 Ma\u0161a Magzan HDZ \u2013 Comunit\u00e0 democratica croata: Adrijano Rogi\u0107 Danijel Imgrund...\" \/>\n<meta property=\"og:url\" content=\"https:\/\/www.rijeka.hr\/it\/amministrazione-cittadina\/consiglio-cittadino\/consiglieri-mandato-2021-2025\/\" \/>\n<meta property=\"og:site_name\" content=\"Citt\u00e0 di Fiume\" \/>\n<meta property=\"article:modified_time\" content=\"2025-08-18T12:47:30+00:00\" \/>\n<meta name=\"twitter:card\" content=\"summary_large_image\" \/>\n<meta name=\"twitter:label1\" content=\"Est. reading time\" \/>\n\t<meta name=\"twitter:data1\" content=\"1 minute\" \/>\n<script type=\"application\/ld+json\" class=\"yoast-schema-graph\">{\"@context\":\"https:\/\/schema.org\",\"@graph\":[{\"@type\":\"WebPage\",\"@id\":\"https:\/\/www.rijeka.hr\/it\/amministrazione-cittadina\/consiglio-cittadino\/consiglieri-mandato-2021-2025\/\",\"url\":\"https:\/\/www.rijeka.hr\/it\/amministrazione-cittadina\/consiglio-cittadino\/consiglieri-mandato-2021-2025\/\",\"name\":\"Consiglieri \u2013 mandato 2021 \u2013 2025 - Citt\u00e0 di Fiume\",\"isPartOf\":{\"@id\":\"https:\/\/www.rijeka.hr\/it\/#website\"},\"datePublished\":\"2021-07-16T08:41:58+00:00\",\"dateModified\":\"2025-08-18T12:47:30+00:00\",\"breadcrumb\":{\"@id\":\"https:\/\/www.rijeka.hr\/it\/amministrazione-cittadina\/consiglio-cittadino\/consiglieri-mandato-2021-2025\/#breadcrumb\"},\"inLanguage\":\"it-IT\",\"potentialAction\":[{\"@type\":\"ReadAction\",\"target\":[\"https:\/\/www.rijeka.hr\/it\/amministrazione-cittadina\/consiglio-cittadino\/consiglieri-mandato-2021-2025\/\"]}]},{\"@type\":\"BreadcrumbList\",\"@id\":\"https:\/\/www.rijeka.hr\/it\/amministrazione-cittadina\/consiglio-cittadino\/consiglieri-mandato-2021-2025\/#breadcrumb\",\"itemListElement\":[{\"@type\":\"ListItem\",\"position\":1,\"name\":\"Po\u010detna stranica\",\"item\":\"https:\/\/www.rijeka.hr\/it\/\"},{\"@type\":\"ListItem\",\"position\":2,\"name\":\"Amministrazione cittadina\",\"item\":\"https:\/\/www.rijeka.hr\/it\/amministrazione-cittadina\/\"},{\"@type\":\"ListItem\",\"position\":3,\"name\":\"Consiglio cittadino\",\"item\":\"https:\/\/www.rijeka.hr\/it\/amministrazione-cittadina\/consiglio-cittadino\/\"},{\"@type\":\"ListItem\",\"position\":4,\"name\":\"Consiglieri \u2013 mandato 2021 \u2013 2025\"}]},{\"@type\":\"WebSite\",\"@id\":\"https:\/\/www.rijeka.hr\/it\/#website\",\"url\":\"https:\/\/www.rijeka.hr\/it\/\",\"name\":\"Citt\u00e0 di Fiume\",\"description\":\"Portale web della Citta&#039; di Fiume\",\"potentialAction\":[{\"@type\":\"SearchAction\",\"target\":{\"@type\":\"EntryPoint\",\"urlTemplate\":\"https:\/\/www.rijeka.hr\/it\/?s={search_term_string}\"},\"query-input\":{\"@type\":\"PropertyValueSpecification\",\"valueRequired\":true,\"valueName\":\"search_term_string\"}}],\"inLanguage\":\"it-IT\"}]}<\/script>\n<!-- \/ Yoast SEO plugin. -->","yoast_head_json":{"title":"Consiglieri \u2013 mandato 2021 \u2013 2025 - Citt\u00e0 di Fiume","robots":{"index":"index","follow":"follow","max-snippet":"max-snippet:-1","max-image-preview":"max-image-preview:large","max-video-preview":"max-video-preview:-1"},"canonical":"https:\/\/www.rijeka.hr\/it\/amministrazione-cittadina\/consiglio-cittadino\/consiglieri-mandato-2021-2025\/","og_locale":"it_IT","og_type":"article","og_title":"Consiglieri \u2013 mandato 2021 \u2013 2025 - Citt\u00e0 di Fiume","og_description":"Presidente: Ana Tro\u0161elj \u2013 PGS \u2013 Alleanza litoraneo-monatana Vicepresidenti: Josip Ostrogovi\u0107\u00a0&#8211; Comunit\u00e0 democratica croata\u00a0(HDZ) \u017deljko Jovanovi\u0107 \u2013 Partito socialdemocratico\u00a0(SDP), tra i membri delle minoranze nazionali Membri: Azione dei giovani (AM): Vedran Vivoda Dieta democratica Istriana\u00a0(IDS)\u00a0 Tajana Masovi\u010di\u0107 Indipendenti: Davor \u0160timac Iva Rin\u010di\u0107 Marin Ra\u010di\u0107 Ma\u0161a Magzan HDZ \u2013 Comunit\u00e0 democratica croata: Adrijano Rogi\u0107 Danijel Imgrund...","og_url":"https:\/\/www.rijeka.hr\/it\/amministrazione-cittadina\/consiglio-cittadino\/consiglieri-mandato-2021-2025\/","og_site_name":"Citt\u00e0 di Fiume","article_modified_time":"2025-08-18T12:47:30+00:00","twitter_card":"summary_large_image","twitter_misc":{"Est. reading time":"1 minute"},"schema":{"@context":"https:\/\/schema.org","@graph":[{"@type":"WebPage","@id":"https:\/\/www.rijeka.hr\/it\/amministrazione-cittadina\/consiglio-cittadino\/consiglieri-mandato-2021-2025\/","url":"https:\/\/www.rijeka.hr\/it\/amministrazione-cittadina\/consiglio-cittadino\/consiglieri-mandato-2021-2025\/","name":"Consiglieri \u2013 mandato 2021 \u2013 2025 - Citt\u00e0 di Fiume","isPartOf":{"@id":"https:\/\/www.rijeka.hr\/it\/#website"},"datePublished":"2021-07-16T08:41:58+00:00","dateModified":"2025-08-18T12:47:30+00:00","breadcrumb":{"@id":"https:\/\/www.rijeka.hr\/it\/amministrazione-cittadina\/consiglio-cittadino\/consiglieri-mandato-2021-2025\/#breadcrumb"},"inLanguage":"it-IT","potentialAction":[{"@type":"ReadAction","target":["https:\/\/www.rijeka.hr\/it\/amministrazione-cittadina\/consiglio-cittadino\/consiglieri-mandato-2021-2025\/"]}]},{"@type":"BreadcrumbList","@id":"https:\/\/www.rijeka.hr\/it\/amministrazione-cittadina\/consiglio-cittadino\/consiglieri-mandato-2021-2025\/#breadcrumb","itemListElement":[{"@type":"ListItem","position":1,"name":"Po\u010detna stranica","item":"https:\/\/www.rijeka.hr\/it\/"},{"@type":"ListItem","position":2,"name":"Amministrazione cittadina","item":"https:\/\/www.rijeka.hr\/it\/amministrazione-cittadina\/"},{"@type":"ListItem","position":3,"name":"Consiglio cittadino","item":"https:\/\/www.rijeka.hr\/it\/amministrazione-cittadina\/consiglio-cittadino\/"},{"@type":"ListItem","position":4,"name":"Consiglieri \u2013 mandato 2021 \u2013 2025"}]},{"@type":"WebSite","@id":"https:\/\/www.rijeka.hr\/it\/#website","url":"https:\/\/www.rijeka.hr\/it\/","name":"Citt\u00e0 di Fiume","description":"Portale web della Citta&#039; di Fiume","potentialAction":[{"@type":"SearchAction","target":{"@type":"EntryPoint","urlTemplate":"https:\/\/www.rijeka.hr\/it\/?s={search_term_string}"},"query-input":{"@type":"PropertyValueSpecification","valueRequired":true,"valueName":"search_term_string"}}],"inLanguage":"it-IT"}]}},"_links":{"self":[{"href":"https:\/\/www.rijeka.hr\/it\/wp-json\/wp\/v2\/pages\/13269","targetHints":{"allow":["GET"]}}],"collection":[{"href":"https:\/\/www.rijeka.hr\/it\/wp-json\/wp\/v2\/pages"}],"about":[{"href":"https:\/\/www.rijeka.hr\/it\/wp-json\/wp\/v2\/types\/page"}],"author":[{"embeddable":true,"href":"https:\/\/www.rijeka.hr\/it\/wp-json\/wp\/v2\/users\/5"}],"replies":[{"embeddable":true,"href":"https:\/\/www.rijeka.hr\/it\/wp-json\/wp\/v2\/comments?post=13269"}],"version-history":[{"count":4,"href":"https:\/\/www.rijeka.hr\/it\/wp-json\/wp\/v2\/pages\/13269\/revisions"}],"predecessor-version":[{"id":19492,"href":"https:\/\/www.rijeka.hr\/it\/wp-json\/wp\/v2\/pages\/13269\/revisions\/19492"}],"up":[{"embeddable":true,"href":"https:\/\/www.rijeka.hr\/it\/wp-json\/wp\/v2\/pages\/1747"}],"wp:attachment":[{"href":"https:\/\/www.rijeka.hr\/it\/wp-json\/wp\/v2\/media?parent=13269"}],"wp:term":[{"taxonomy":"post_tag","embeddable":true,"href":"https:\/\/www.rijeka.hr\/it\/wp-json\/wp\/v2\/tags?post=13269"}],"curies":[{"name":"wp","href":"https:\/\/api.w.org\/{rel}","templated":true}]}}