{"id":13523,"date":"2021-11-15T15:37:15","date_gmt":"2021-11-15T14:37:15","guid":{"rendered":"https:\/\/www.rijeka.hr\/it\/?page_id=13523"},"modified":"2021-12-03T10:16:03","modified_gmt":"2021-12-03T09:16:03","slug":"modulo-di-domanda-online-per-linvito-pubblico-del-museo-della-citta-di-fiume","status":"publish","type":"page","link":"https:\/\/www.rijeka.hr\/it\/modulo-di-domanda-online-per-linvito-pubblico-del-museo-della-citta-di-fiume\/","title":{"rendered":"Modulo di domanda online per l&#8217;invito pubblico del Museo della citt\u00e0 di Fiume"},"content":{"rendered":"<p>La vita di questa nave inizi\u00f2 nel cantiere italiano Ansaldo di Genova dove fu costruita e varata nel 1938 con il nome di Ramb III come nave da trasporto per il trasporto di frutti del sud per la societ\u00e0 Regia Azienda Monopoli Bananas (RAMB). All&#8217;inizio della seconda guerra mondiale la nave fu trasformata in un incrociatore ausiliario della Marina Militare Italiana e trasportava viveri per i soldati italiani in Africa, mentre dopo il 1943 divenne un posamine dell&#8217;esercito tedesco e depose oltre 5.000 mine nell&#8217;alto Adriatico. In quel periodo la nave fu ribattezzata dalla marina tedesca &#8211; Kiebitz. Nel 1944, nel bombardamento di Fiume, la nave fu affondata dalle forze alleate. Per tre anni rimase in fondo al porto di Fiume. Dopo il rimorchio, nel 1947 e la riparazione al cantiere navale Scoglio Olivi di Pola, entr\u00f2 a far parte della Marina Jugoslava, adibita a nave scuola. Dopo il 1953 e il primo viaggio di Josip Broz Tito a Londra per incontrare Winston Churchill, la nave divenne la residenza galleggiante di Tito.<\/p>\n<p>Questa nave \u00e8 legata in modo specifico a molti stati i cui individui hanno lavorato alla sua costruzione e hanno anche influenzato il suo destino e la sua storia interessante.<br \/>\nPertanto, il Museo Civico di Fiume rivolge questo Invito Pubblico (link na Javni poziv na tal) ai suoi cittadini, ma anche a cittadini italiani, tedeschi, austriaci, britannici e non solo per partecipare all&#8217;ultima fase di preparazione dell&#8217;allestimento museale dedicato alla leggendaria nave Galeb.<\/p>\n<p>Se hai oggetti, foto, video o solo ricordi vividi che vorresti condividere con il pubblico in generale, relativi a uno dei tanti ruoli della nave Ramb III\/ Kiebitz\/ Galeb, contattaci!<br \/>\nIl Museo Civico di Fiume raccoglie memorie fisiche prendendole in prestito o utilizzandole permanentemente, e anche immateriali, disponibili nelle testimonianze di persone legate alla nave in vario modo.<\/p>\n<p>\u00c8 possibile rispondere all&#8217;Invito pubblico tramite questo modulo online:<\/p>\n<div class=\"component component-form\"><header class=\"component-header\"><h2 class=\"component-title\">Invito pubblico indetto dal Museo civico di Fiume<\/h2><\/header><div class=\"component-content\">[contact-form-7 id=\"13663\" title=\"Invito pubblico indetto dal Museo civico di Fiume\"]<\/div><\/div>\n","protected":false},"excerpt":{"rendered":"<p>La vita di questa nave inizi\u00f2 nel cantiere italiano Ansaldo di Genova dove fu costruita e varata nel 1938 con il nome di Ramb III come nave da trasporto per il trasporto di frutti del sud per la societ\u00e0 Regia Azienda Monopoli Bananas (RAMB). All&#8217;inizio della seconda guerra mondiale la nave fu trasformata in un&#8230;<\/p>\n","protected":false},"author":3,"featured_media":0,"parent":0,"menu_order":0,"comment_status":"closed","ping_status":"closed","template":"templates\/template-full-width.php","meta":{"_acf_changed":false,"_trash_the_other_posts":false,"footnotes":"","_links_to":"","_links_to_target":""},"tags":[],"class_list":["post-13523","page","type-page","status-publish","hentry"],"acf":[],"yoast_head":"<!-- This site is optimized with the Yoast SEO plugin v24.4 - https:\/\/yoast.com\/wordpress\/plugins\/seo\/ -->\n<title>Modulo di domanda online per l&#039;invito pubblico del Museo della citt\u00e0 di Fiume - Citt\u00e0 di Fiume<\/title>\n<meta name=\"robots\" content=\"index, follow, max-snippet:-1, max-image-preview:large, max-video-preview:-1\" \/>\n<link rel=\"canonical\" href=\"https:\/\/www.rijeka.hr\/it\/modulo-di-domanda-online-per-linvito-pubblico-del-museo-della-citta-di-fiume\/\" \/>\n<meta property=\"og:locale\" content=\"it_IT\" \/>\n<meta property=\"og:type\" content=\"article\" \/>\n<meta property=\"og:title\" content=\"Modulo di domanda online per l&#039;invito pubblico del Museo della citt\u00e0 di Fiume - Citt\u00e0 di Fiume\" \/>\n<meta property=\"og:description\" content=\"La vita di questa nave inizi\u00f2 nel cantiere italiano Ansaldo di Genova dove fu costruita e varata nel 1938 con il nome di Ramb III come nave da trasporto per il trasporto di frutti del sud per la societ\u00e0 Regia Azienda Monopoli Bananas (RAMB). All&#8217;inizio della seconda guerra mondiale la nave fu trasformata in un...\" \/>\n<meta property=\"og:url\" content=\"https:\/\/www.rijeka.hr\/it\/modulo-di-domanda-online-per-linvito-pubblico-del-museo-della-citta-di-fiume\/\" \/>\n<meta property=\"og:site_name\" content=\"Citt\u00e0 di Fiume\" \/>\n<meta property=\"article:modified_time\" content=\"2021-12-03T09:16:03+00:00\" \/>\n<meta name=\"twitter:card\" content=\"summary_large_image\" \/>\n<meta name=\"twitter:label1\" content=\"Est. reading time\" \/>\n\t<meta name=\"twitter:data1\" content=\"2 minutes\" \/>\n<script type=\"application\/ld+json\" class=\"yoast-schema-graph\">{\"@context\":\"https:\/\/schema.org\",\"@graph\":[{\"@type\":\"WebPage\",\"@id\":\"https:\/\/www.rijeka.hr\/it\/modulo-di-domanda-online-per-linvito-pubblico-del-museo-della-citta-di-fiume\/\",\"url\":\"https:\/\/www.rijeka.hr\/it\/modulo-di-domanda-online-per-linvito-pubblico-del-museo-della-citta-di-fiume\/\",\"name\":\"Modulo di domanda online per l'invito pubblico del Museo della citt\u00e0 di Fiume - Citt\u00e0 di Fiume\",\"isPartOf\":{\"@id\":\"https:\/\/www.rijeka.hr\/it\/#website\"},\"datePublished\":\"2021-11-15T14:37:15+00:00\",\"dateModified\":\"2021-12-03T09:16:03+00:00\",\"breadcrumb\":{\"@id\":\"https:\/\/www.rijeka.hr\/it\/modulo-di-domanda-online-per-linvito-pubblico-del-museo-della-citta-di-fiume\/#breadcrumb\"},\"inLanguage\":\"it-IT\",\"potentialAction\":[{\"@type\":\"ReadAction\",\"target\":[\"https:\/\/www.rijeka.hr\/it\/modulo-di-domanda-online-per-linvito-pubblico-del-museo-della-citta-di-fiume\/\"]}]},{\"@type\":\"BreadcrumbList\",\"@id\":\"https:\/\/www.rijeka.hr\/it\/modulo-di-domanda-online-per-linvito-pubblico-del-museo-della-citta-di-fiume\/#breadcrumb\",\"itemListElement\":[{\"@type\":\"ListItem\",\"position\":1,\"name\":\"Po\u010detna stranica\",\"item\":\"https:\/\/www.rijeka.hr\/it\/\"},{\"@type\":\"ListItem\",\"position\":2,\"name\":\"Modulo di domanda online per l&#8217;invito pubblico del Museo della citt\u00e0 di Fiume\"}]},{\"@type\":\"WebSite\",\"@id\":\"https:\/\/www.rijeka.hr\/it\/#website\",\"url\":\"https:\/\/www.rijeka.hr\/it\/\",\"name\":\"Citt\u00e0 di Fiume\",\"description\":\"Portale web della Citta&#039; di Fiume\",\"potentialAction\":[{\"@type\":\"SearchAction\",\"target\":{\"@type\":\"EntryPoint\",\"urlTemplate\":\"https:\/\/www.rijeka.hr\/it\/?s={search_term_string}\"},\"query-input\":{\"@type\":\"PropertyValueSpecification\",\"valueRequired\":true,\"valueName\":\"search_term_string\"}}],\"inLanguage\":\"it-IT\"}]}<\/script>\n<!-- \/ Yoast SEO plugin. -->","yoast_head_json":{"title":"Modulo di domanda online per l'invito pubblico del Museo della citt\u00e0 di Fiume - Citt\u00e0 di Fiume","robots":{"index":"index","follow":"follow","max-snippet":"max-snippet:-1","max-image-preview":"max-image-preview:large","max-video-preview":"max-video-preview:-1"},"canonical":"https:\/\/www.rijeka.hr\/it\/modulo-di-domanda-online-per-linvito-pubblico-del-museo-della-citta-di-fiume\/","og_locale":"it_IT","og_type":"article","og_title":"Modulo di domanda online per l'invito pubblico del Museo della citt\u00e0 di Fiume - Citt\u00e0 di Fiume","og_description":"La vita di questa nave inizi\u00f2 nel cantiere italiano Ansaldo di Genova dove fu costruita e varata nel 1938 con il nome di Ramb III come nave da trasporto per il trasporto di frutti del sud per la societ\u00e0 Regia Azienda Monopoli Bananas (RAMB). All&#8217;inizio della seconda guerra mondiale la nave fu trasformata in un...","og_url":"https:\/\/www.rijeka.hr\/it\/modulo-di-domanda-online-per-linvito-pubblico-del-museo-della-citta-di-fiume\/","og_site_name":"Citt\u00e0 di Fiume","article_modified_time":"2021-12-03T09:16:03+00:00","twitter_card":"summary_large_image","twitter_misc":{"Est. reading time":"2 minutes"},"schema":{"@context":"https:\/\/schema.org","@graph":[{"@type":"WebPage","@id":"https:\/\/www.rijeka.hr\/it\/modulo-di-domanda-online-per-linvito-pubblico-del-museo-della-citta-di-fiume\/","url":"https:\/\/www.rijeka.hr\/it\/modulo-di-domanda-online-per-linvito-pubblico-del-museo-della-citta-di-fiume\/","name":"Modulo di domanda online per l'invito pubblico del Museo della citt\u00e0 di Fiume - Citt\u00e0 di Fiume","isPartOf":{"@id":"https:\/\/www.rijeka.hr\/it\/#website"},"datePublished":"2021-11-15T14:37:15+00:00","dateModified":"2021-12-03T09:16:03+00:00","breadcrumb":{"@id":"https:\/\/www.rijeka.hr\/it\/modulo-di-domanda-online-per-linvito-pubblico-del-museo-della-citta-di-fiume\/#breadcrumb"},"inLanguage":"it-IT","potentialAction":[{"@type":"ReadAction","target":["https:\/\/www.rijeka.hr\/it\/modulo-di-domanda-online-per-linvito-pubblico-del-museo-della-citta-di-fiume\/"]}]},{"@type":"BreadcrumbList","@id":"https:\/\/www.rijeka.hr\/it\/modulo-di-domanda-online-per-linvito-pubblico-del-museo-della-citta-di-fiume\/#breadcrumb","itemListElement":[{"@type":"ListItem","position":1,"name":"Po\u010detna stranica","item":"https:\/\/www.rijeka.hr\/it\/"},{"@type":"ListItem","position":2,"name":"Modulo di domanda online per l&#8217;invito pubblico del Museo della citt\u00e0 di Fiume"}]},{"@type":"WebSite","@id":"https:\/\/www.rijeka.hr\/it\/#website","url":"https:\/\/www.rijeka.hr\/it\/","name":"Citt\u00e0 di Fiume","description":"Portale web della Citta&#039; di Fiume","potentialAction":[{"@type":"SearchAction","target":{"@type":"EntryPoint","urlTemplate":"https:\/\/www.rijeka.hr\/it\/?s={search_term_string}"},"query-input":{"@type":"PropertyValueSpecification","valueRequired":true,"valueName":"search_term_string"}}],"inLanguage":"it-IT"}]}},"_links":{"self":[{"href":"https:\/\/www.rijeka.hr\/it\/wp-json\/wp\/v2\/pages\/13523","targetHints":{"allow":["GET"]}}],"collection":[{"href":"https:\/\/www.rijeka.hr\/it\/wp-json\/wp\/v2\/pages"}],"about":[{"href":"https:\/\/www.rijeka.hr\/it\/wp-json\/wp\/v2\/types\/page"}],"author":[{"embeddable":true,"href":"https:\/\/www.rijeka.hr\/it\/wp-json\/wp\/v2\/users\/3"}],"replies":[{"embeddable":true,"href":"https:\/\/www.rijeka.hr\/it\/wp-json\/wp\/v2\/comments?post=13523"}],"version-history":[{"count":3,"href":"https:\/\/www.rijeka.hr\/it\/wp-json\/wp\/v2\/pages\/13523\/revisions"}],"predecessor-version":[{"id":13666,"href":"https:\/\/www.rijeka.hr\/it\/wp-json\/wp\/v2\/pages\/13523\/revisions\/13666"}],"wp:attachment":[{"href":"https:\/\/www.rijeka.hr\/it\/wp-json\/wp\/v2\/media?parent=13523"}],"wp:term":[{"taxonomy":"post_tag","embeddable":true,"href":"https:\/\/www.rijeka.hr\/it\/wp-json\/wp\/v2\/tags?post=13523"}],"curies":[{"name":"wp","href":"https:\/\/api.w.org\/{rel}","templated":true}]}}