{"id":14048,"date":"2022-01-17T10:58:23","date_gmt":"2022-01-17T09:58:23","guid":{"rendered":"https:\/\/www.rijeka.hr\/it\/?page_id=14048"},"modified":"2024-01-19T14:10:17","modified_gmt":"2024-01-19T13:10:17","slug":"mesoc-misurare-la-dimensione-sociale-della-cultura","status":"publish","type":"page","link":"https:\/\/www.rijeka.hr\/it\/amministrazione-cittadina\/progetti-dellue\/progetti-chiusi\/mesoc-misurare-la-dimensione-sociale-della-cultura\/","title":{"rendered":"MESOC \u2013 Misurare la dimensione sociale della cultura"},"content":{"rendered":"<h2><img loading=\"lazy\" decoding=\"async\" width=\"831\" height=\"316\" class=\"aligncenter wp-image-14051 size-full\" src=\"https:\/\/www.rijeka.hr\/it\/wp-content\/uploads\/sites\/3\/2022\/01\/a-Horizon_2020_eu_funded.jpg\" alt=\"\" srcset=\"https:\/\/www.rijeka.hr\/it\/wp-content\/uploads\/sites\/3\/2022\/01\/a-Horizon_2020_eu_funded.jpg 831w, https:\/\/www.rijeka.hr\/it\/wp-content\/uploads\/sites\/3\/2022\/01\/a-Horizon_2020_eu_funded-600x228.jpg 600w, https:\/\/www.rijeka.hr\/it\/wp-content\/uploads\/sites\/3\/2022\/01\/a-Horizon_2020_eu_funded-768x292.jpg 768w\" sizes=\"(max-width: 831px) 100vw, 831px\" \/><\/h2>\n<h2>Titolo del progetto<\/h2>\n<p>MESOC &#8211; Measuring the social dimension of culture &#8211; Misurare la dimensione sociale della cultura<\/p>\n<h2>Obiettivo del progetto<\/h2>\n<p><img loading=\"lazy\" decoding=\"async\" class=\"size-full wp-image-14053 alignleft\" src=\"https:\/\/www.rijeka.hr\/it\/wp-content\/uploads\/sites\/3\/2022\/01\/aaMESOC-600x600-250x250.jpg\" alt=\"\" width=\"250\" height=\"250\" srcset=\"https:\/\/www.rijeka.hr\/it\/wp-content\/uploads\/sites\/3\/2022\/01\/aaMESOC-600x600-250x250.jpg 250w, https:\/\/www.rijeka.hr\/it\/wp-content\/uploads\/sites\/3\/2022\/01\/aaMESOC-600x600-250x250-200x200.jpg 200w\" sizes=\"(max-width: 250px) 100vw, 250px\" \/>Il MESOC adatta e sviluppa ulteriormente un metodo per la valutazione dell&#8217;impatto &#8220;basato sulla transizione&#8221; derivato da una precedente pubblicazione della Cattedra dell&#8217;UNESCO, costruendo un modello strutturale della Dimensione sociale della cultura, come definito da uno degli obiettivi strategici dell&#8217;Agenda Europea.<\/p>\n<h2>Durata<\/h2>\n<p>1 febbraio 2020 \u2013 31 gennaio 2023<\/p>\n<h2>Partner<\/h2>\n<ul>\n<li>Universit\u00e0 di Valencia Econcult: Investgaci\u00f3n en Econom\u00eda de la Cultura y Turismo (Spagna)<\/li>\n<li>KEA Affari Europei (Belgio)<\/li>\n<li>Politecnico di Milano, Dipartimento di Architettura e Studi Urbani (Italia)<\/li>\n<li>Scuola di Economia e Commercio dell&#8217;Universit\u00e0 di Barcellona (Spagna)<\/li>\n<li>Relais Culture Europe (Francia)<\/li>\n<li>Citt\u00e0 di Fiume<\/li>\n<li>Dimos Athinaion Epicheirisi Michanografisis (Grecia)<\/li>\n<li>Citt\u00e0 di Cluj Napoca | Centro Culturale di Cluj (Romania)<\/li>\n<li>Worldcrunch (Francia)<\/li>\n<li>Universit\u00e0 degli studi di Fiume (Dipartimento IT, Universit\u00e0 degli studi di Fiume)<\/li>\n<\/ul>\n<h2>Descrizione<\/h2>\n<p>Nel progetto verr\u00e0 applicato il seguente modello:<\/p>\n<ol>\n<li>Definire l&#8217;ambito di ricerca sul valore sociale e l&#8217;impatto delle prassi e delle pratiche culturali, sulla base dell&#8217;analisi di una raccolta di letteratura accademica e istituzionale e definire una serie di casi di studio rilevanti per questi tre temi incrociati: a) salute e benessere , 2) rinnovamento urbano e territoriale e 3) coinvolgimento e partecipazione delle persone;<\/li>\n<li>Utilizzando il metodo Delphi, in collaborazione con un gran numero di attori istituzionali, accademici e professionali chiave, determinare un elenco di variabili (indicatori) di impatto su temi incrociati che riflettono un approccio fondamentale ai casi di studio analizzati;<\/li>\n<li>in 10 citt\u00e0 europee (Atene, Barcellona, Cluj, Gand, Issy-les-Moulineaux, Milano, Fiume, Turku, Valencia e Varsavia) implementano la ricerca pilota come strumento di valutazione per valutare il valore sociale e l&#8217;impatto delle prassi e delle pratiche culturali legati ai tre temi di incrocio;<\/li>\n<li>proporre un insieme (quadro) di fonti statistiche (possibilmente includendo nuove fonti praticabili ed economicamente fattibili) che potrebbero integrare le misure esistenti di valore sociale e di impatto culturale aggiungendo i loro effetti sul benessere personale e sulla salute, il coinvolgimento e la partecipazione dei cittadini, identit\u00e0 e coesione sociale.<\/li>\n<\/ol>\n<h2>Risultato del progetto<\/h2>\n<p>Il risultato finale atteso del progetto \u00e8 l&#8217;accesso libero e aperto, un servizio online (denominato MESOC Toolkit) che potrebbe essere utilizzato da ricercatori ed esperti (questi ultimi includono decisori politici e operatori culturali di tutta l&#8217;UE) per misurare il valore sociale e l&#8217;impatto delle politiche e delle pratiche culturali.<\/p>\n<h2>Bilancio<\/h2>\n<ul>\n<li>Valore totale del progetto: \u20ac 2.985.937,50 (100% finanziamento UE)<\/li>\n<li>Valore totale del progetto per la citt\u00e0 di Fiume: EUR 147.500,00<\/li>\n<\/ul>\n<h2>Finanziato all&#8217;interno del programma<\/h2>\n<p><a href=\"https:\/\/www.obzor2020.hr\/\">Orizzonte 2020<\/a> \u2013 Programma quadro di ricerca e innovazione dell&#8217;UE<\/p>\n<h2>Sito ufficiale del progetto<\/h2>\n<p><a href=\"https:\/\/www.mesoc-project.eu\/\">https:\/\/www.mesoc-project.eu\/<\/a><\/p>\n<h2>Persona di contatto<\/h2>\n<p>Ufficio della Citt\u00e0<br \/>\nKorzo 16, Fiume<br \/>\nT. +385 51 209 524<br \/>\ne-mail: <a href=\"&#109;&#x61;&#105;&#x6c;t&#111;&#x3a;&#117;&#x72;e&#x64;-&#103;&#x72;&#97;&#x64;a&#x40;&#x72;&#105;&#x6a;e&#x6b;a&#46;&#x68;&#114;\">&#x75;&#114;&#x65;&#x64;&#45;&#x67;&#114;a&#x64;&#97;&#64;&#x72;&#105;j&#x65;&#107;a&#x2e;&#104;&#x72;<\/a><\/p>\n","protected":false},"excerpt":{"rendered":"<p>Titolo del progetto MESOC &#8211; Measuring the social dimension of culture &#8211; Misurare la dimensione sociale della cultura Obiettivo del progetto Il MESOC adatta e sviluppa ulteriormente un metodo per la valutazione dell&#8217;impatto &#8220;basato sulla transizione&#8221; derivato da una precedente pubblicazione della Cattedra dell&#8217;UNESCO, costruendo un modello strutturale della Dimensione sociale della cultura, come definito&#8230;<\/p>\n","protected":false},"author":8,"featured_media":0,"parent":2062,"menu_order":0,"comment_status":"closed","ping_status":"closed","template":"","meta":{"_acf_changed":false,"_trash_the_other_posts":false,"footnotes":"","_links_to":"","_links_to_target":""},"tags":[],"class_list":["post-14048","page","type-page","status-publish","hentry"],"acf":[],"yoast_head":"<!-- This site is optimized with the Yoast SEO plugin v24.4 - https:\/\/yoast.com\/wordpress\/plugins\/seo\/ -->\n<title>MESOC \u2013 Misurare la dimensione sociale della cultura - Citt\u00e0 di Fiume<\/title>\n<meta name=\"robots\" content=\"index, follow, max-snippet:-1, max-image-preview:large, max-video-preview:-1\" \/>\n<link rel=\"canonical\" href=\"https:\/\/www.rijeka.hr\/it\/amministrazione-cittadina\/progetti-dellue\/progetti-chiusi\/mesoc-misurare-la-dimensione-sociale-della-cultura\/\" \/>\n<meta property=\"og:locale\" content=\"it_IT\" \/>\n<meta property=\"og:type\" content=\"article\" \/>\n<meta property=\"og:title\" content=\"MESOC \u2013 Misurare la dimensione sociale della cultura - Citt\u00e0 di Fiume\" \/>\n<meta property=\"og:description\" content=\"Titolo del progetto MESOC &#8211; Measuring the social dimension of culture &#8211; Misurare la dimensione sociale della cultura Obiettivo del progetto Il MESOC adatta e sviluppa ulteriormente un metodo per la valutazione dell&#8217;impatto &#8220;basato sulla transizione&#8221; derivato da una precedente pubblicazione della Cattedra dell&#8217;UNESCO, costruendo un modello strutturale della Dimensione sociale della cultura, come definito...\" \/>\n<meta property=\"og:url\" content=\"https:\/\/www.rijeka.hr\/it\/amministrazione-cittadina\/progetti-dellue\/progetti-chiusi\/mesoc-misurare-la-dimensione-sociale-della-cultura\/\" \/>\n<meta property=\"og:site_name\" content=\"Citt\u00e0 di Fiume\" \/>\n<meta property=\"article:modified_time\" content=\"2024-01-19T13:10:17+00:00\" \/>\n<meta property=\"og:image\" content=\"https:\/\/www.rijeka.hr\/it\/wp-content\/uploads\/sites\/3\/2022\/01\/a-Horizon_2020_eu_funded.jpg\" \/>\n<meta name=\"twitter:card\" content=\"summary_large_image\" \/>\n<meta name=\"twitter:label1\" content=\"Est. reading time\" \/>\n\t<meta name=\"twitter:data1\" content=\"2 minutes\" \/>\n<script type=\"application\/ld+json\" class=\"yoast-schema-graph\">{\"@context\":\"https:\/\/schema.org\",\"@graph\":[{\"@type\":\"WebPage\",\"@id\":\"https:\/\/www.rijeka.hr\/it\/amministrazione-cittadina\/progetti-dellue\/progetti-chiusi\/mesoc-misurare-la-dimensione-sociale-della-cultura\/\",\"url\":\"https:\/\/www.rijeka.hr\/it\/amministrazione-cittadina\/progetti-dellue\/progetti-chiusi\/mesoc-misurare-la-dimensione-sociale-della-cultura\/\",\"name\":\"MESOC \u2013 Misurare la dimensione sociale della cultura - Citt\u00e0 di Fiume\",\"isPartOf\":{\"@id\":\"https:\/\/www.rijeka.hr\/it\/#website\"},\"primaryImageOfPage\":{\"@id\":\"https:\/\/www.rijeka.hr\/it\/amministrazione-cittadina\/progetti-dellue\/progetti-chiusi\/mesoc-misurare-la-dimensione-sociale-della-cultura\/#primaryimage\"},\"image\":{\"@id\":\"https:\/\/www.rijeka.hr\/it\/amministrazione-cittadina\/progetti-dellue\/progetti-chiusi\/mesoc-misurare-la-dimensione-sociale-della-cultura\/#primaryimage\"},\"thumbnailUrl\":\"https:\/\/www.rijeka.hr\/it\/wp-content\/uploads\/sites\/3\/2022\/01\/a-Horizon_2020_eu_funded.jpg\",\"datePublished\":\"2022-01-17T09:58:23+00:00\",\"dateModified\":\"2024-01-19T13:10:17+00:00\",\"breadcrumb\":{\"@id\":\"https:\/\/www.rijeka.hr\/it\/amministrazione-cittadina\/progetti-dellue\/progetti-chiusi\/mesoc-misurare-la-dimensione-sociale-della-cultura\/#breadcrumb\"},\"inLanguage\":\"it-IT\",\"potentialAction\":[{\"@type\":\"ReadAction\",\"target\":[\"https:\/\/www.rijeka.hr\/it\/amministrazione-cittadina\/progetti-dellue\/progetti-chiusi\/mesoc-misurare-la-dimensione-sociale-della-cultura\/\"]}]},{\"@type\":\"ImageObject\",\"inLanguage\":\"it-IT\",\"@id\":\"https:\/\/www.rijeka.hr\/it\/amministrazione-cittadina\/progetti-dellue\/progetti-chiusi\/mesoc-misurare-la-dimensione-sociale-della-cultura\/#primaryimage\",\"url\":\"https:\/\/www.rijeka.hr\/it\/wp-content\/uploads\/sites\/3\/2022\/01\/a-Horizon_2020_eu_funded.jpg\",\"contentUrl\":\"https:\/\/www.rijeka.hr\/it\/wp-content\/uploads\/sites\/3\/2022\/01\/a-Horizon_2020_eu_funded.jpg\",\"width\":831,\"height\":316},{\"@type\":\"BreadcrumbList\",\"@id\":\"https:\/\/www.rijeka.hr\/it\/amministrazione-cittadina\/progetti-dellue\/progetti-chiusi\/mesoc-misurare-la-dimensione-sociale-della-cultura\/#breadcrumb\",\"itemListElement\":[{\"@type\":\"ListItem\",\"position\":1,\"name\":\"Po\u010detna stranica\",\"item\":\"https:\/\/www.rijeka.hr\/it\/\"},{\"@type\":\"ListItem\",\"position\":2,\"name\":\"Amministrazione cittadina\",\"item\":\"https:\/\/www.rijeka.hr\/it\/amministrazione-cittadina\/\"},{\"@type\":\"ListItem\",\"position\":3,\"name\":\"Progetti dell&#8217;UE\",\"item\":\"https:\/\/www.rijeka.hr\/it\/amministrazione-cittadina\/progetti-dellue\/\"},{\"@type\":\"ListItem\",\"position\":4,\"name\":\"Progetti chiusi\",\"item\":\"https:\/\/www.rijeka.hr\/it\/amministrazione-cittadina\/progetti-dellue\/progetti-chiusi\/\"},{\"@type\":\"ListItem\",\"position\":5,\"name\":\"MESOC \u2013 Misurare la dimensione sociale della cultura\"}]},{\"@type\":\"WebSite\",\"@id\":\"https:\/\/www.rijeka.hr\/it\/#website\",\"url\":\"https:\/\/www.rijeka.hr\/it\/\",\"name\":\"Citt\u00e0 di Fiume\",\"description\":\"Portale web della Citta&#039; di Fiume\",\"potentialAction\":[{\"@type\":\"SearchAction\",\"target\":{\"@type\":\"EntryPoint\",\"urlTemplate\":\"https:\/\/www.rijeka.hr\/it\/?s={search_term_string}\"},\"query-input\":{\"@type\":\"PropertyValueSpecification\",\"valueRequired\":true,\"valueName\":\"search_term_string\"}}],\"inLanguage\":\"it-IT\"}]}<\/script>\n<!-- \/ Yoast SEO plugin. -->","yoast_head_json":{"title":"MESOC \u2013 Misurare la dimensione sociale della cultura - Citt\u00e0 di Fiume","robots":{"index":"index","follow":"follow","max-snippet":"max-snippet:-1","max-image-preview":"max-image-preview:large","max-video-preview":"max-video-preview:-1"},"canonical":"https:\/\/www.rijeka.hr\/it\/amministrazione-cittadina\/progetti-dellue\/progetti-chiusi\/mesoc-misurare-la-dimensione-sociale-della-cultura\/","og_locale":"it_IT","og_type":"article","og_title":"MESOC \u2013 Misurare la dimensione sociale della cultura - Citt\u00e0 di Fiume","og_description":"Titolo del progetto MESOC &#8211; Measuring the social dimension of culture &#8211; Misurare la dimensione sociale della cultura Obiettivo del progetto Il MESOC adatta e sviluppa ulteriormente un metodo per la valutazione dell&#8217;impatto &#8220;basato sulla transizione&#8221; derivato da una precedente pubblicazione della Cattedra dell&#8217;UNESCO, costruendo un modello strutturale della Dimensione sociale della cultura, come definito...","og_url":"https:\/\/www.rijeka.hr\/it\/amministrazione-cittadina\/progetti-dellue\/progetti-chiusi\/mesoc-misurare-la-dimensione-sociale-della-cultura\/","og_site_name":"Citt\u00e0 di Fiume","article_modified_time":"2024-01-19T13:10:17+00:00","og_image":[{"url":"https:\/\/www.rijeka.hr\/it\/wp-content\/uploads\/sites\/3\/2022\/01\/a-Horizon_2020_eu_funded.jpg","type":"","width":"","height":""}],"twitter_card":"summary_large_image","twitter_misc":{"Est. reading time":"2 minutes"},"schema":{"@context":"https:\/\/schema.org","@graph":[{"@type":"WebPage","@id":"https:\/\/www.rijeka.hr\/it\/amministrazione-cittadina\/progetti-dellue\/progetti-chiusi\/mesoc-misurare-la-dimensione-sociale-della-cultura\/","url":"https:\/\/www.rijeka.hr\/it\/amministrazione-cittadina\/progetti-dellue\/progetti-chiusi\/mesoc-misurare-la-dimensione-sociale-della-cultura\/","name":"MESOC \u2013 Misurare la dimensione sociale della cultura - Citt\u00e0 di Fiume","isPartOf":{"@id":"https:\/\/www.rijeka.hr\/it\/#website"},"primaryImageOfPage":{"@id":"https:\/\/www.rijeka.hr\/it\/amministrazione-cittadina\/progetti-dellue\/progetti-chiusi\/mesoc-misurare-la-dimensione-sociale-della-cultura\/#primaryimage"},"image":{"@id":"https:\/\/www.rijeka.hr\/it\/amministrazione-cittadina\/progetti-dellue\/progetti-chiusi\/mesoc-misurare-la-dimensione-sociale-della-cultura\/#primaryimage"},"thumbnailUrl":"https:\/\/www.rijeka.hr\/it\/wp-content\/uploads\/sites\/3\/2022\/01\/a-Horizon_2020_eu_funded.jpg","datePublished":"2022-01-17T09:58:23+00:00","dateModified":"2024-01-19T13:10:17+00:00","breadcrumb":{"@id":"https:\/\/www.rijeka.hr\/it\/amministrazione-cittadina\/progetti-dellue\/progetti-chiusi\/mesoc-misurare-la-dimensione-sociale-della-cultura\/#breadcrumb"},"inLanguage":"it-IT","potentialAction":[{"@type":"ReadAction","target":["https:\/\/www.rijeka.hr\/it\/amministrazione-cittadina\/progetti-dellue\/progetti-chiusi\/mesoc-misurare-la-dimensione-sociale-della-cultura\/"]}]},{"@type":"ImageObject","inLanguage":"it-IT","@id":"https:\/\/www.rijeka.hr\/it\/amministrazione-cittadina\/progetti-dellue\/progetti-chiusi\/mesoc-misurare-la-dimensione-sociale-della-cultura\/#primaryimage","url":"https:\/\/www.rijeka.hr\/it\/wp-content\/uploads\/sites\/3\/2022\/01\/a-Horizon_2020_eu_funded.jpg","contentUrl":"https:\/\/www.rijeka.hr\/it\/wp-content\/uploads\/sites\/3\/2022\/01\/a-Horizon_2020_eu_funded.jpg","width":831,"height":316},{"@type":"BreadcrumbList","@id":"https:\/\/www.rijeka.hr\/it\/amministrazione-cittadina\/progetti-dellue\/progetti-chiusi\/mesoc-misurare-la-dimensione-sociale-della-cultura\/#breadcrumb","itemListElement":[{"@type":"ListItem","position":1,"name":"Po\u010detna stranica","item":"https:\/\/www.rijeka.hr\/it\/"},{"@type":"ListItem","position":2,"name":"Amministrazione cittadina","item":"https:\/\/www.rijeka.hr\/it\/amministrazione-cittadina\/"},{"@type":"ListItem","position":3,"name":"Progetti dell&#8217;UE","item":"https:\/\/www.rijeka.hr\/it\/amministrazione-cittadina\/progetti-dellue\/"},{"@type":"ListItem","position":4,"name":"Progetti chiusi","item":"https:\/\/www.rijeka.hr\/it\/amministrazione-cittadina\/progetti-dellue\/progetti-chiusi\/"},{"@type":"ListItem","position":5,"name":"MESOC \u2013 Misurare la dimensione sociale della cultura"}]},{"@type":"WebSite","@id":"https:\/\/www.rijeka.hr\/it\/#website","url":"https:\/\/www.rijeka.hr\/it\/","name":"Citt\u00e0 di Fiume","description":"Portale web della Citta&#039; di Fiume","potentialAction":[{"@type":"SearchAction","target":{"@type":"EntryPoint","urlTemplate":"https:\/\/www.rijeka.hr\/it\/?s={search_term_string}"},"query-input":{"@type":"PropertyValueSpecification","valueRequired":true,"valueName":"search_term_string"}}],"inLanguage":"it-IT"}]}},"_links":{"self":[{"href":"https:\/\/www.rijeka.hr\/it\/wp-json\/wp\/v2\/pages\/14048","targetHints":{"allow":["GET"]}}],"collection":[{"href":"https:\/\/www.rijeka.hr\/it\/wp-json\/wp\/v2\/pages"}],"about":[{"href":"https:\/\/www.rijeka.hr\/it\/wp-json\/wp\/v2\/types\/page"}],"author":[{"embeddable":true,"href":"https:\/\/www.rijeka.hr\/it\/wp-json\/wp\/v2\/users\/8"}],"replies":[{"embeddable":true,"href":"https:\/\/www.rijeka.hr\/it\/wp-json\/wp\/v2\/comments?post=14048"}],"version-history":[{"count":4,"href":"https:\/\/www.rijeka.hr\/it\/wp-json\/wp\/v2\/pages\/14048\/revisions"}],"predecessor-version":[{"id":14049,"href":"https:\/\/www.rijeka.hr\/it\/wp-json\/wp\/v2\/pages\/14048\/revisions\/14049"}],"up":[{"embeddable":true,"href":"https:\/\/www.rijeka.hr\/it\/wp-json\/wp\/v2\/pages\/2062"}],"wp:attachment":[{"href":"https:\/\/www.rijeka.hr\/it\/wp-json\/wp\/v2\/media?parent=14048"}],"wp:term":[{"taxonomy":"post_tag","embeddable":true,"href":"https:\/\/www.rijeka.hr\/it\/wp-json\/wp\/v2\/tags?post=14048"}],"curies":[{"name":"wp","href":"https:\/\/api.w.org\/{rel}","templated":true}]}}