{"id":143,"date":"2016-07-20T14:39:23","date_gmt":"2016-07-20T12:39:23","guid":{"rendered":"https:\/\/www.rijeka.hr\/it\/?page_id=143"},"modified":"2019-11-06T09:48:15","modified_gmt":"2019-11-06T08:48:15","slug":"anziani-e-pensionati","status":"publish","type":"page","link":"https:\/\/www.rijeka.hr\/it\/temi-per-i-cittadini\/famiglia-e-assistenza-sociale\/anziani-e-pensionati\/","title":{"rendered":"Anziani e pensionati"},"content":{"rendered":"<p>Le tematiche pi\u00f9 frequenti legate all&#8217;et\u00e0 anziana comprendono il rischio di povert\u00e0, l\u2019esclusione sociale, problemi legati alla salute, difficolt\u00e0 nel prendersi cura di se stessi, e inoltre una vita attiva nella terza et\u00e0, la soddisfazione delle necessit\u00e0 per la tutela sociale e sanitaria, per la ricreazione e per trascorrere il tempo libero in modo qualitativo, che rappresenta la risposta della comunit\u00e0 sociale alle sfide che affronta la terza et\u00e0.<\/p>\n\n        <div class=\"featured-subpages\">\n\n            <ul>\n                <li class=\"page_item page-item-991\"><a href=\"https:\/\/www.rijeka.hr\/it\/temi-per-i-cittadini\/famiglia-e-assistenza-sociale\/anziani-e-pensionati\/ambiente-sicuro\/\">Ambiente sicuro<\/a><\/li>\n<li class=\"page_item page-item-986\"><a href=\"https:\/\/www.rijeka.hr\/it\/temi-per-i-cittadini\/famiglia-e-assistenza-sociale\/anziani-e-pensionati\/associazione-dei-pensionati-fiume\/\">Associazione dei pensionati di Fiume<\/a><\/li>\n<li class=\"page_item page-item-1704\"><a href=\"https:\/\/www.rijeka.hr\/it\/temi-per-i-cittadini\/famiglia-e-assistenza-sociale\/anziani-e-pensionati\/centro-pronto-assistenza\/\">Centro &#8220;Pronto assistenza&#8221;<\/a><\/li>\n<li class=\"page_item page-item-46\"><a href=\"https:\/\/www.rijeka.hr\/it\/temi-per-i-cittadini\/famiglia-e-assistenza-sociale\/anziani-e-pensionati\/il-servizio-dei-pasti-pranzo-per-i-pensionati\/\">Il servizio dei pasti (pranzo) per i pensionati<\/a><\/li>\n<li class=\"page_item page-item-989\"><a href=\"https:\/\/www.rijeka.hr\/it\/temi-per-i-cittadini\/famiglia-e-assistenza-sociale\/anziani-e-pensionati\/inclusione-sociale\/\">Inclusione sociale<\/a><\/li>\n<li class=\"page_item page-item-1698\"><a href=\"https:\/\/www.rijeka.hr\/it\/temi-per-i-cittadini\/famiglia-e-assistenza-sociale\/anziani-e-pensionati\/ricreazione-dei-pensionati\/\">Ricreazione per anziani<\/a><\/li>\n<li class=\"page_item page-item-1702\"><a href=\"https:\/\/www.rijeka.hr\/it\/temi-per-i-cittadini\/famiglia-e-assistenza-sociale\/anziani-e-pensionati\/servizio-assistenza-cura-domicilio\/\">Servizio di assistenza e cura a domicilio<\/a><\/li>\n<li class=\"page_item page-item-999 page_item_has_children\"><a href=\"https:\/\/www.rijeka.hr\/it\/temi-per-i-cittadini\/famiglia-e-assistenza-sociale\/anziani-e-pensionati\/sistemazione-istituzioni-si-prendono-cura-delle-persone-anziane\/\">Sistemazione in istituzioni che si prendono cura delle persone anziane<\/a><\/li>\n<li class=\"page_item page-item-1693\"><a href=\"https:\/\/www.rijeka.hr\/it\/temi-per-i-cittadini\/famiglia-e-assistenza-sociale\/anziani-e-pensionati\/trasporto-pubblico-per-pensionati\/\">Trasporto pubblico per pensionati<\/a><\/li>\n<li class=\"page_item page-item-980\"><a href=\"https:\/\/www.rijeka.hr\/it\/temi-per-i-cittadini\/famiglia-e-assistenza-sociale\/anziani-e-pensionati\/tutela-delle-persone-anziane-rischio-della-poverta\/\">Tutela delle persone anziane a rischio della povert\u00e0<\/a><\/li>\n<li class=\"page_item page-item-996\"><a href=\"https:\/\/www.rijeka.hr\/it\/temi-per-i-cittadini\/famiglia-e-assistenza-sociale\/anziani-e-pensionati\/tutela-della-salute\/\">Tutela sanitaria e psicosociale degli anziani<\/a><\/li>\n            <\/ul>\n     \n        <\/div>\n\n        \n","protected":false},"excerpt":{"rendered":"<p>Le tematiche pi\u00f9 frequenti legate all&#8217;et\u00e0 anziana comprendono il rischio di povert\u00e0, l\u2019esclusione sociale, problemi legati alla salute, difficolt\u00e0 nel prendersi cura di se stessi, e inoltre una vita attiva nella terza et\u00e0, la soddisfazione delle necessit\u00e0 per la tutela sociale e sanitaria, per la ricreazione e per trascorrere il tempo libero in modo qualitativo,&#8230;<\/p>\n","protected":false},"author":6,"featured_media":0,"parent":186,"menu_order":97,"comment_status":"closed","ping_status":"closed","template":"","meta":{"_acf_changed":false,"_trash_the_other_posts":false,"footnotes":"","_links_to":"","_links_to_target":""},"tags":[],"class_list":["post-143","page","type-page","status-publish","hentry"],"acf":[],"yoast_head":"<!-- This site is optimized with the Yoast SEO plugin v24.4 - https:\/\/yoast.com\/wordpress\/plugins\/seo\/ -->\n<title>Anziani e pensionati - Citt\u00e0 di Fiume<\/title>\n<meta name=\"robots\" content=\"index, follow, max-snippet:-1, max-image-preview:large, max-video-preview:-1\" \/>\n<link rel=\"canonical\" href=\"https:\/\/www.rijeka.hr\/it\/temi-per-i-cittadini\/famiglia-e-assistenza-sociale\/anziani-e-pensionati\/\" \/>\n<meta property=\"og:locale\" content=\"it_IT\" \/>\n<meta property=\"og:type\" content=\"article\" \/>\n<meta property=\"og:title\" content=\"Anziani e pensionati - Citt\u00e0 di Fiume\" \/>\n<meta property=\"og:description\" content=\"Le tematiche pi\u00f9 frequenti legate all&#8217;et\u00e0 anziana comprendono il rischio di povert\u00e0, l\u2019esclusione sociale, problemi legati alla salute, difficolt\u00e0 nel prendersi cura di se stessi, e inoltre una vita attiva nella terza et\u00e0, la soddisfazione delle necessit\u00e0 per la tutela sociale e sanitaria, per la ricreazione e per trascorrere il tempo libero in modo qualitativo,...\" \/>\n<meta property=\"og:url\" content=\"https:\/\/www.rijeka.hr\/it\/temi-per-i-cittadini\/famiglia-e-assistenza-sociale\/anziani-e-pensionati\/\" \/>\n<meta property=\"og:site_name\" content=\"Citt\u00e0 di Fiume\" \/>\n<meta property=\"article:modified_time\" content=\"2019-11-06T08:48:15+00:00\" \/>\n<meta name=\"twitter:card\" content=\"summary_large_image\" \/>\n<script type=\"application\/ld+json\" class=\"yoast-schema-graph\">{\"@context\":\"https:\/\/schema.org\",\"@graph\":[{\"@type\":\"WebPage\",\"@id\":\"https:\/\/www.rijeka.hr\/it\/temi-per-i-cittadini\/famiglia-e-assistenza-sociale\/anziani-e-pensionati\/\",\"url\":\"https:\/\/www.rijeka.hr\/it\/temi-per-i-cittadini\/famiglia-e-assistenza-sociale\/anziani-e-pensionati\/\",\"name\":\"Anziani e pensionati - Citt\u00e0 di Fiume\",\"isPartOf\":{\"@id\":\"https:\/\/www.rijeka.hr\/it\/#website\"},\"datePublished\":\"2016-07-20T12:39:23+00:00\",\"dateModified\":\"2019-11-06T08:48:15+00:00\",\"breadcrumb\":{\"@id\":\"https:\/\/www.rijeka.hr\/it\/temi-per-i-cittadini\/famiglia-e-assistenza-sociale\/anziani-e-pensionati\/#breadcrumb\"},\"inLanguage\":\"it-IT\",\"potentialAction\":[{\"@type\":\"ReadAction\",\"target\":[\"https:\/\/www.rijeka.hr\/it\/temi-per-i-cittadini\/famiglia-e-assistenza-sociale\/anziani-e-pensionati\/\"]}]},{\"@type\":\"BreadcrumbList\",\"@id\":\"https:\/\/www.rijeka.hr\/it\/temi-per-i-cittadini\/famiglia-e-assistenza-sociale\/anziani-e-pensionati\/#breadcrumb\",\"itemListElement\":[{\"@type\":\"ListItem\",\"position\":1,\"name\":\"Po\u010detna stranica\",\"item\":\"https:\/\/www.rijeka.hr\/it\/\"},{\"@type\":\"ListItem\",\"position\":2,\"name\":\"Temi per i cittadini\",\"item\":\"https:\/\/www.rijeka.hr\/it\/temi-per-i-cittadini\/\"},{\"@type\":\"ListItem\",\"position\":3,\"name\":\"Famiglia e previdenza sociale\",\"item\":\"https:\/\/www.rijeka.hr\/it\/temi-per-i-cittadini\/famiglia-e-assistenza-sociale\/\"},{\"@type\":\"ListItem\",\"position\":4,\"name\":\"Anziani e pensionati\"}]},{\"@type\":\"WebSite\",\"@id\":\"https:\/\/www.rijeka.hr\/it\/#website\",\"url\":\"https:\/\/www.rijeka.hr\/it\/\",\"name\":\"Citt\u00e0 di Fiume\",\"description\":\"Portale web della Citta&#039; di Fiume\",\"potentialAction\":[{\"@type\":\"SearchAction\",\"target\":{\"@type\":\"EntryPoint\",\"urlTemplate\":\"https:\/\/www.rijeka.hr\/it\/?s={search_term_string}\"},\"query-input\":{\"@type\":\"PropertyValueSpecification\",\"valueRequired\":true,\"valueName\":\"search_term_string\"}}],\"inLanguage\":\"it-IT\"}]}<\/script>\n<!-- \/ Yoast SEO plugin. -->","yoast_head_json":{"title":"Anziani e pensionati - Citt\u00e0 di Fiume","robots":{"index":"index","follow":"follow","max-snippet":"max-snippet:-1","max-image-preview":"max-image-preview:large","max-video-preview":"max-video-preview:-1"},"canonical":"https:\/\/www.rijeka.hr\/it\/temi-per-i-cittadini\/famiglia-e-assistenza-sociale\/anziani-e-pensionati\/","og_locale":"it_IT","og_type":"article","og_title":"Anziani e pensionati - Citt\u00e0 di Fiume","og_description":"Le tematiche pi\u00f9 frequenti legate all&#8217;et\u00e0 anziana comprendono il rischio di povert\u00e0, l\u2019esclusione sociale, problemi legati alla salute, difficolt\u00e0 nel prendersi cura di se stessi, e inoltre una vita attiva nella terza et\u00e0, la soddisfazione delle necessit\u00e0 per la tutela sociale e sanitaria, per la ricreazione e per trascorrere il tempo libero in modo qualitativo,...","og_url":"https:\/\/www.rijeka.hr\/it\/temi-per-i-cittadini\/famiglia-e-assistenza-sociale\/anziani-e-pensionati\/","og_site_name":"Citt\u00e0 di Fiume","article_modified_time":"2019-11-06T08:48:15+00:00","twitter_card":"summary_large_image","schema":{"@context":"https:\/\/schema.org","@graph":[{"@type":"WebPage","@id":"https:\/\/www.rijeka.hr\/it\/temi-per-i-cittadini\/famiglia-e-assistenza-sociale\/anziani-e-pensionati\/","url":"https:\/\/www.rijeka.hr\/it\/temi-per-i-cittadini\/famiglia-e-assistenza-sociale\/anziani-e-pensionati\/","name":"Anziani e pensionati - Citt\u00e0 di Fiume","isPartOf":{"@id":"https:\/\/www.rijeka.hr\/it\/#website"},"datePublished":"2016-07-20T12:39:23+00:00","dateModified":"2019-11-06T08:48:15+00:00","breadcrumb":{"@id":"https:\/\/www.rijeka.hr\/it\/temi-per-i-cittadini\/famiglia-e-assistenza-sociale\/anziani-e-pensionati\/#breadcrumb"},"inLanguage":"it-IT","potentialAction":[{"@type":"ReadAction","target":["https:\/\/www.rijeka.hr\/it\/temi-per-i-cittadini\/famiglia-e-assistenza-sociale\/anziani-e-pensionati\/"]}]},{"@type":"BreadcrumbList","@id":"https:\/\/www.rijeka.hr\/it\/temi-per-i-cittadini\/famiglia-e-assistenza-sociale\/anziani-e-pensionati\/#breadcrumb","itemListElement":[{"@type":"ListItem","position":1,"name":"Po\u010detna stranica","item":"https:\/\/www.rijeka.hr\/it\/"},{"@type":"ListItem","position":2,"name":"Temi per i cittadini","item":"https:\/\/www.rijeka.hr\/it\/temi-per-i-cittadini\/"},{"@type":"ListItem","position":3,"name":"Famiglia e previdenza sociale","item":"https:\/\/www.rijeka.hr\/it\/temi-per-i-cittadini\/famiglia-e-assistenza-sociale\/"},{"@type":"ListItem","position":4,"name":"Anziani e pensionati"}]},{"@type":"WebSite","@id":"https:\/\/www.rijeka.hr\/it\/#website","url":"https:\/\/www.rijeka.hr\/it\/","name":"Citt\u00e0 di Fiume","description":"Portale web della Citta&#039; di Fiume","potentialAction":[{"@type":"SearchAction","target":{"@type":"EntryPoint","urlTemplate":"https:\/\/www.rijeka.hr\/it\/?s={search_term_string}"},"query-input":{"@type":"PropertyValueSpecification","valueRequired":true,"valueName":"search_term_string"}}],"inLanguage":"it-IT"}]}},"_links":{"self":[{"href":"https:\/\/www.rijeka.hr\/it\/wp-json\/wp\/v2\/pages\/143","targetHints":{"allow":["GET"]}}],"collection":[{"href":"https:\/\/www.rijeka.hr\/it\/wp-json\/wp\/v2\/pages"}],"about":[{"href":"https:\/\/www.rijeka.hr\/it\/wp-json\/wp\/v2\/types\/page"}],"author":[{"embeddable":true,"href":"https:\/\/www.rijeka.hr\/it\/wp-json\/wp\/v2\/users\/6"}],"replies":[{"embeddable":true,"href":"https:\/\/www.rijeka.hr\/it\/wp-json\/wp\/v2\/comments?post=143"}],"version-history":[{"count":9,"href":"https:\/\/www.rijeka.hr\/it\/wp-json\/wp\/v2\/pages\/143\/revisions"}],"predecessor-version":[{"id":1706,"href":"https:\/\/www.rijeka.hr\/it\/wp-json\/wp\/v2\/pages\/143\/revisions\/1706"}],"up":[{"embeddable":true,"href":"https:\/\/www.rijeka.hr\/it\/wp-json\/wp\/v2\/pages\/186"}],"wp:attachment":[{"href":"https:\/\/www.rijeka.hr\/it\/wp-json\/wp\/v2\/media?parent=143"}],"wp:term":[{"taxonomy":"post_tag","embeddable":true,"href":"https:\/\/www.rijeka.hr\/it\/wp-json\/wp\/v2\/tags?post=143"}],"curies":[{"name":"wp","href":"https:\/\/api.w.org\/{rel}","templated":true}]}}