{"id":14414,"date":"2022-03-03T12:39:10","date_gmt":"2022-03-03T11:39:10","guid":{"rendered":"https:\/\/www.rijeka.hr\/it\/?page_id=14414"},"modified":"2023-10-20T15:58:34","modified_gmt":"2023-10-20T13:58:34","slug":"introduzione-delleducazione-sanitaria-nelle-scuole-elementari-fiumane","status":"publish","type":"page","link":"https:\/\/www.rijeka.hr\/it\/amministrazione-cittadina\/progetti-cittadini\/ongoing-projects\/crescere-in-maniera-sana-e-felice-e-sostegno-ai-giovani\/introduzione-delleducazione-sanitaria-nelle-scuole-elementari-fiumane\/","title":{"rendered":"Introduzione dell&#8217;Educazione sanitaria nelle scuole elementari fiumane"},"content":{"rendered":"<p>Durante il 2022 verranno analizzate tutte le ricerche rilevanti e accessibili legate al tema e verr\u00e0 avviata la necessaria procedura che prevede di riunire esperti che parteciperebbero all\u2019elaborazione del programma, dei manuali per gli alunni e delle linee guida per gli insegnanti.<\/p>\n<p>Uno dei temi possibili, anzi, indispensabili \u00e8 rappresentato dalle sane abitudini, che riguardano il fare movimento, il mangiare sano, la prevenzione dalle dipendenze, la violenza tra coetanei, argomento collegabile ai contenuti dell\u2019Educazione civica, la salute riproduttiva dei giovani e altri temi. Le unit\u00e0 tematiche verrebbero preparate ed elaborate in rapporto all\u2019et\u00e0, adeguate agli alunni dalla 5\u00aa all\u20198\u00aa classe.<\/p>\n<p>Questa iniziativa \u00e8 stata motivata dalle stesse ragioni per le quali la Citt\u00e0 di Fiume ha iniziato autonomamente a introdurre l&#8217;Educazione civica nelle sue scuole e ci\u00f2 \u00e8 dovuto alla mancanza di un&#8217;introduzione sistematica di questa educazione in tutte le scuole croate. L&#8217;educazione sanitaria nelle scuole croate esiste dal 2013, ma la Citt\u00e0 di Fiume ritiene che il curriculum implementato come insegnamento interdisciplinare non sia sufficiente.<\/p>\n<h2>Stesura dei programmi e manuali<\/h2>\n<p>Sar\u00e0 necessario assicurare compensi per autori, riletture, progettazioni grafiche, la creazione di identit\u00e0 visiva e cos\u00ec via. Poich\u00e9 tutti i materiali saranno tradotti in italiano, verranno assicurati i servizi di traduttori e correttori di bozze.<\/p>\n<p>Come nel caso dell&#8217;Educazione civica, e tenendo presente l&#8217;importanza di implementare l&#8217;Educazione sanitaria come materia separata, la Citt\u00e0 di Fiume intende fornire gratuitamente tutto il materiale per l&#8217;attuazione di questo programma a tutte le unit\u00e0 di autogoverno locale e regionale, e tutte le scuole che esprimono il loro interesse, ovvero che decidono di attuare il programma.<\/p>\n<h2>Formazione degli insegnanti<\/h2>\n<p>Dato che si tratta di competenze specifiche, molto ampie e diversificate, si prevede di fornire un sistema di formazione degli insegnanti con l&#8217;obiettivo di un&#8217;attuazione del programma di qualit\u00e0. La Citt\u00e0 di Fiume ritiene che sia estremamente importante trovare partner professionali e di qualit\u00e0 provenienti dai settori interessati che daranno una dimensione estremamente preziosa ai temi dell&#8217;Educazione sanitaria e della formazione degli insegnanti in generale.<\/p>\n<h2>Implementazione del programma sperimentale<\/h2>\n<p>Come gi\u00e0 fatto per l\u2019Educazione civica, l\u2019intenzione \u00e8 quella di collaudare il programma di Educazione sanitaria in un numero limitato di istituti scolastici. \u00c8 proprio questa introduzione graduale che pu\u00f2 rilevare possibili esigenze di modifiche e integrazioni ai contenuti offerti e alle unit\u00e0 tematiche.<\/p>\n<p>Seguirebbe una valutazione, che aiuterebbe a migliorare il programma, dopo di che si procederebbe all\u2019introduzione della materia in tutte le scuole come attivit\u00e0 extrascolastica.<\/p>\n","protected":false},"excerpt":{"rendered":"<p>Durante il 2022 verranno analizzate tutte le ricerche rilevanti e accessibili legate al tema e verr\u00e0 avviata la necessaria procedura che prevede di riunire esperti che parteciperebbero all\u2019elaborazione del programma, dei manuali per gli alunni e delle linee guida per gli insegnanti. Uno dei temi possibili, anzi, indispensabili \u00e8 rappresentato dalle sane abitudini, che riguardano&#8230;<\/p>\n","protected":false},"author":8,"featured_media":16034,"parent":15915,"menu_order":0,"comment_status":"closed","ping_status":"closed","template":"","meta":{"_acf_changed":false,"_trash_the_other_posts":false,"footnotes":"","_links_to":"","_links_to_target":""},"tags":[],"class_list":["post-14414","page","type-page","status-publish","has-post-thumbnail","hentry"],"acf":[],"yoast_head":"<!-- This site is optimized with the Yoast SEO plugin v24.4 - https:\/\/yoast.com\/wordpress\/plugins\/seo\/ -->\n<title>Introduzione dell&#039;Educazione sanitaria nelle scuole elementari fiumane - Citt\u00e0 di Fiume<\/title>\n<meta name=\"robots\" content=\"index, follow, max-snippet:-1, max-image-preview:large, max-video-preview:-1\" \/>\n<link rel=\"canonical\" href=\"https:\/\/www.rijeka.hr\/it\/amministrazione-cittadina\/progetti-cittadini\/ongoing-projects\/crescere-in-maniera-sana-e-felice-e-sostegno-ai-giovani\/introduzione-delleducazione-sanitaria-nelle-scuole-elementari-fiumane\/\" \/>\n<meta property=\"og:locale\" content=\"it_IT\" \/>\n<meta property=\"og:type\" content=\"article\" \/>\n<meta property=\"og:title\" content=\"Introduzione dell&#039;Educazione sanitaria nelle scuole elementari fiumane - Citt\u00e0 di Fiume\" \/>\n<meta property=\"og:description\" content=\"Durante il 2022 verranno analizzate tutte le ricerche rilevanti e accessibili legate al tema e verr\u00e0 avviata la necessaria procedura che prevede di riunire esperti che parteciperebbero all\u2019elaborazione del programma, dei manuali per gli alunni e delle linee guida per gli insegnanti. Uno dei temi possibili, anzi, indispensabili \u00e8 rappresentato dalle sane abitudini, che riguardano...\" \/>\n<meta property=\"og:url\" content=\"https:\/\/www.rijeka.hr\/it\/amministrazione-cittadina\/progetti-cittadini\/ongoing-projects\/crescere-in-maniera-sana-e-felice-e-sostegno-ai-giovani\/introduzione-delleducazione-sanitaria-nelle-scuole-elementari-fiumane\/\" \/>\n<meta property=\"og:site_name\" content=\"Citt\u00e0 di Fiume\" \/>\n<meta property=\"article:modified_time\" content=\"2023-10-20T13:58:34+00:00\" \/>\n<meta property=\"og:image\" content=\"https:\/\/www.rijeka.hr\/it\/wp-content\/uploads\/sites\/3\/2022\/10\/Introduzione-dellEducazione-sanitaria-nelle-scuole-elementari-fiumane.jpg\" \/>\n\t<meta property=\"og:image:width\" content=\"1200\" \/>\n\t<meta property=\"og:image:height\" content=\"795\" \/>\n\t<meta property=\"og:image:type\" content=\"image\/jpeg\" \/>\n<meta name=\"twitter:card\" content=\"summary_large_image\" \/>\n<meta name=\"twitter:label1\" content=\"Est. reading time\" \/>\n\t<meta name=\"twitter:data1\" content=\"2 minutes\" \/>\n<script type=\"application\/ld+json\" class=\"yoast-schema-graph\">{\"@context\":\"https:\/\/schema.org\",\"@graph\":[{\"@type\":\"WebPage\",\"@id\":\"https:\/\/www.rijeka.hr\/it\/amministrazione-cittadina\/progetti-cittadini\/ongoing-projects\/crescere-in-maniera-sana-e-felice-e-sostegno-ai-giovani\/introduzione-delleducazione-sanitaria-nelle-scuole-elementari-fiumane\/\",\"url\":\"https:\/\/www.rijeka.hr\/it\/amministrazione-cittadina\/progetti-cittadini\/ongoing-projects\/crescere-in-maniera-sana-e-felice-e-sostegno-ai-giovani\/introduzione-delleducazione-sanitaria-nelle-scuole-elementari-fiumane\/\",\"name\":\"Introduzione dell'Educazione sanitaria nelle scuole elementari fiumane - Citt\u00e0 di Fiume\",\"isPartOf\":{\"@id\":\"https:\/\/www.rijeka.hr\/it\/#website\"},\"primaryImageOfPage\":{\"@id\":\"https:\/\/www.rijeka.hr\/it\/amministrazione-cittadina\/progetti-cittadini\/ongoing-projects\/crescere-in-maniera-sana-e-felice-e-sostegno-ai-giovani\/introduzione-delleducazione-sanitaria-nelle-scuole-elementari-fiumane\/#primaryimage\"},\"image\":{\"@id\":\"https:\/\/www.rijeka.hr\/it\/amministrazione-cittadina\/progetti-cittadini\/ongoing-projects\/crescere-in-maniera-sana-e-felice-e-sostegno-ai-giovani\/introduzione-delleducazione-sanitaria-nelle-scuole-elementari-fiumane\/#primaryimage\"},\"thumbnailUrl\":\"https:\/\/www.rijeka.hr\/it\/wp-content\/uploads\/sites\/3\/2022\/10\/Introduzione-dellEducazione-sanitaria-nelle-scuole-elementari-fiumane.jpg\",\"datePublished\":\"2022-03-03T11:39:10+00:00\",\"dateModified\":\"2023-10-20T13:58:34+00:00\",\"breadcrumb\":{\"@id\":\"https:\/\/www.rijeka.hr\/it\/amministrazione-cittadina\/progetti-cittadini\/ongoing-projects\/crescere-in-maniera-sana-e-felice-e-sostegno-ai-giovani\/introduzione-delleducazione-sanitaria-nelle-scuole-elementari-fiumane\/#breadcrumb\"},\"inLanguage\":\"it-IT\",\"potentialAction\":[{\"@type\":\"ReadAction\",\"target\":[\"https:\/\/www.rijeka.hr\/it\/amministrazione-cittadina\/progetti-cittadini\/ongoing-projects\/crescere-in-maniera-sana-e-felice-e-sostegno-ai-giovani\/introduzione-delleducazione-sanitaria-nelle-scuole-elementari-fiumane\/\"]}]},{\"@type\":\"ImageObject\",\"inLanguage\":\"it-IT\",\"@id\":\"https:\/\/www.rijeka.hr\/it\/amministrazione-cittadina\/progetti-cittadini\/ongoing-projects\/crescere-in-maniera-sana-e-felice-e-sostegno-ai-giovani\/introduzione-delleducazione-sanitaria-nelle-scuole-elementari-fiumane\/#primaryimage\",\"url\":\"https:\/\/www.rijeka.hr\/it\/wp-content\/uploads\/sites\/3\/2022\/10\/Introduzione-dellEducazione-sanitaria-nelle-scuole-elementari-fiumane.jpg\",\"contentUrl\":\"https:\/\/www.rijeka.hr\/it\/wp-content\/uploads\/sites\/3\/2022\/10\/Introduzione-dellEducazione-sanitaria-nelle-scuole-elementari-fiumane.jpg\",\"width\":1200,\"height\":795,\"caption\":\"Introduzione dell'Educazione sanitaria nelle scuole elementari fiumane\"},{\"@type\":\"BreadcrumbList\",\"@id\":\"https:\/\/www.rijeka.hr\/it\/amministrazione-cittadina\/progetti-cittadini\/ongoing-projects\/crescere-in-maniera-sana-e-felice-e-sostegno-ai-giovani\/introduzione-delleducazione-sanitaria-nelle-scuole-elementari-fiumane\/#breadcrumb\",\"itemListElement\":[{\"@type\":\"ListItem\",\"position\":1,\"name\":\"Po\u010detna stranica\",\"item\":\"https:\/\/www.rijeka.hr\/it\/\"},{\"@type\":\"ListItem\",\"position\":2,\"name\":\"Amministrazione cittadina\",\"item\":\"https:\/\/www.rijeka.hr\/it\/amministrazione-cittadina\/\"},{\"@type\":\"ListItem\",\"position\":3,\"name\":\"Progetti cittadini\",\"item\":\"https:\/\/www.rijeka.hr\/it\/amministrazione-cittadina\/progetti-cittadini\/\"},{\"@type\":\"ListItem\",\"position\":4,\"name\":\"Progetti in corso\",\"item\":\"https:\/\/www.rijeka.hr\/it\/amministrazione-cittadina\/progetti-cittadini\/ongoing-projects\/\"},{\"@type\":\"ListItem\",\"position\":5,\"name\":\"Crescere in maniera sana e felice e sostegno ai giovani\",\"item\":\"https:\/\/www.rijeka.hr\/it\/amministrazione-cittadina\/progetti-cittadini\/ongoing-projects\/crescere-in-maniera-sana-e-felice-e-sostegno-ai-giovani\/\"},{\"@type\":\"ListItem\",\"position\":6,\"name\":\"Introduzione dell&#8217;Educazione sanitaria nelle scuole elementari fiumane\"}]},{\"@type\":\"WebSite\",\"@id\":\"https:\/\/www.rijeka.hr\/it\/#website\",\"url\":\"https:\/\/www.rijeka.hr\/it\/\",\"name\":\"Citt\u00e0 di Fiume\",\"description\":\"Portale web della Citta&#039; di Fiume\",\"potentialAction\":[{\"@type\":\"SearchAction\",\"target\":{\"@type\":\"EntryPoint\",\"urlTemplate\":\"https:\/\/www.rijeka.hr\/it\/?s={search_term_string}\"},\"query-input\":{\"@type\":\"PropertyValueSpecification\",\"valueRequired\":true,\"valueName\":\"search_term_string\"}}],\"inLanguage\":\"it-IT\"}]}<\/script>\n<!-- \/ Yoast SEO plugin. -->","yoast_head_json":{"title":"Introduzione dell'Educazione sanitaria nelle scuole elementari fiumane - Citt\u00e0 di Fiume","robots":{"index":"index","follow":"follow","max-snippet":"max-snippet:-1","max-image-preview":"max-image-preview:large","max-video-preview":"max-video-preview:-1"},"canonical":"https:\/\/www.rijeka.hr\/it\/amministrazione-cittadina\/progetti-cittadini\/ongoing-projects\/crescere-in-maniera-sana-e-felice-e-sostegno-ai-giovani\/introduzione-delleducazione-sanitaria-nelle-scuole-elementari-fiumane\/","og_locale":"it_IT","og_type":"article","og_title":"Introduzione dell'Educazione sanitaria nelle scuole elementari fiumane - Citt\u00e0 di Fiume","og_description":"Durante il 2022 verranno analizzate tutte le ricerche rilevanti e accessibili legate al tema e verr\u00e0 avviata la necessaria procedura che prevede di riunire esperti che parteciperebbero all\u2019elaborazione del programma, dei manuali per gli alunni e delle linee guida per gli insegnanti. Uno dei temi possibili, anzi, indispensabili \u00e8 rappresentato dalle sane abitudini, che riguardano...","og_url":"https:\/\/www.rijeka.hr\/it\/amministrazione-cittadina\/progetti-cittadini\/ongoing-projects\/crescere-in-maniera-sana-e-felice-e-sostegno-ai-giovani\/introduzione-delleducazione-sanitaria-nelle-scuole-elementari-fiumane\/","og_site_name":"Citt\u00e0 di Fiume","article_modified_time":"2023-10-20T13:58:34+00:00","og_image":[{"width":1200,"height":795,"url":"https:\/\/www.rijeka.hr\/it\/wp-content\/uploads\/sites\/3\/2022\/10\/Introduzione-dellEducazione-sanitaria-nelle-scuole-elementari-fiumane.jpg","type":"image\/jpeg"}],"twitter_card":"summary_large_image","twitter_misc":{"Est. reading time":"2 minutes"},"schema":{"@context":"https:\/\/schema.org","@graph":[{"@type":"WebPage","@id":"https:\/\/www.rijeka.hr\/it\/amministrazione-cittadina\/progetti-cittadini\/ongoing-projects\/crescere-in-maniera-sana-e-felice-e-sostegno-ai-giovani\/introduzione-delleducazione-sanitaria-nelle-scuole-elementari-fiumane\/","url":"https:\/\/www.rijeka.hr\/it\/amministrazione-cittadina\/progetti-cittadini\/ongoing-projects\/crescere-in-maniera-sana-e-felice-e-sostegno-ai-giovani\/introduzione-delleducazione-sanitaria-nelle-scuole-elementari-fiumane\/","name":"Introduzione dell'Educazione sanitaria nelle scuole elementari fiumane - Citt\u00e0 di Fiume","isPartOf":{"@id":"https:\/\/www.rijeka.hr\/it\/#website"},"primaryImageOfPage":{"@id":"https:\/\/www.rijeka.hr\/it\/amministrazione-cittadina\/progetti-cittadini\/ongoing-projects\/crescere-in-maniera-sana-e-felice-e-sostegno-ai-giovani\/introduzione-delleducazione-sanitaria-nelle-scuole-elementari-fiumane\/#primaryimage"},"image":{"@id":"https:\/\/www.rijeka.hr\/it\/amministrazione-cittadina\/progetti-cittadini\/ongoing-projects\/crescere-in-maniera-sana-e-felice-e-sostegno-ai-giovani\/introduzione-delleducazione-sanitaria-nelle-scuole-elementari-fiumane\/#primaryimage"},"thumbnailUrl":"https:\/\/www.rijeka.hr\/it\/wp-content\/uploads\/sites\/3\/2022\/10\/Introduzione-dellEducazione-sanitaria-nelle-scuole-elementari-fiumane.jpg","datePublished":"2022-03-03T11:39:10+00:00","dateModified":"2023-10-20T13:58:34+00:00","breadcrumb":{"@id":"https:\/\/www.rijeka.hr\/it\/amministrazione-cittadina\/progetti-cittadini\/ongoing-projects\/crescere-in-maniera-sana-e-felice-e-sostegno-ai-giovani\/introduzione-delleducazione-sanitaria-nelle-scuole-elementari-fiumane\/#breadcrumb"},"inLanguage":"it-IT","potentialAction":[{"@type":"ReadAction","target":["https:\/\/www.rijeka.hr\/it\/amministrazione-cittadina\/progetti-cittadini\/ongoing-projects\/crescere-in-maniera-sana-e-felice-e-sostegno-ai-giovani\/introduzione-delleducazione-sanitaria-nelle-scuole-elementari-fiumane\/"]}]},{"@type":"ImageObject","inLanguage":"it-IT","@id":"https:\/\/www.rijeka.hr\/it\/amministrazione-cittadina\/progetti-cittadini\/ongoing-projects\/crescere-in-maniera-sana-e-felice-e-sostegno-ai-giovani\/introduzione-delleducazione-sanitaria-nelle-scuole-elementari-fiumane\/#primaryimage","url":"https:\/\/www.rijeka.hr\/it\/wp-content\/uploads\/sites\/3\/2022\/10\/Introduzione-dellEducazione-sanitaria-nelle-scuole-elementari-fiumane.jpg","contentUrl":"https:\/\/www.rijeka.hr\/it\/wp-content\/uploads\/sites\/3\/2022\/10\/Introduzione-dellEducazione-sanitaria-nelle-scuole-elementari-fiumane.jpg","width":1200,"height":795,"caption":"Introduzione dell'Educazione sanitaria nelle scuole elementari fiumane"},{"@type":"BreadcrumbList","@id":"https:\/\/www.rijeka.hr\/it\/amministrazione-cittadina\/progetti-cittadini\/ongoing-projects\/crescere-in-maniera-sana-e-felice-e-sostegno-ai-giovani\/introduzione-delleducazione-sanitaria-nelle-scuole-elementari-fiumane\/#breadcrumb","itemListElement":[{"@type":"ListItem","position":1,"name":"Po\u010detna stranica","item":"https:\/\/www.rijeka.hr\/it\/"},{"@type":"ListItem","position":2,"name":"Amministrazione cittadina","item":"https:\/\/www.rijeka.hr\/it\/amministrazione-cittadina\/"},{"@type":"ListItem","position":3,"name":"Progetti cittadini","item":"https:\/\/www.rijeka.hr\/it\/amministrazione-cittadina\/progetti-cittadini\/"},{"@type":"ListItem","position":4,"name":"Progetti in corso","item":"https:\/\/www.rijeka.hr\/it\/amministrazione-cittadina\/progetti-cittadini\/ongoing-projects\/"},{"@type":"ListItem","position":5,"name":"Crescere in maniera sana e felice e sostegno ai giovani","item":"https:\/\/www.rijeka.hr\/it\/amministrazione-cittadina\/progetti-cittadini\/ongoing-projects\/crescere-in-maniera-sana-e-felice-e-sostegno-ai-giovani\/"},{"@type":"ListItem","position":6,"name":"Introduzione dell&#8217;Educazione sanitaria nelle scuole elementari fiumane"}]},{"@type":"WebSite","@id":"https:\/\/www.rijeka.hr\/it\/#website","url":"https:\/\/www.rijeka.hr\/it\/","name":"Citt\u00e0 di Fiume","description":"Portale web della Citta&#039; di Fiume","potentialAction":[{"@type":"SearchAction","target":{"@type":"EntryPoint","urlTemplate":"https:\/\/www.rijeka.hr\/it\/?s={search_term_string}"},"query-input":{"@type":"PropertyValueSpecification","valueRequired":true,"valueName":"search_term_string"}}],"inLanguage":"it-IT"}]}},"_links":{"self":[{"href":"https:\/\/www.rijeka.hr\/it\/wp-json\/wp\/v2\/pages\/14414","targetHints":{"allow":["GET"]}}],"collection":[{"href":"https:\/\/www.rijeka.hr\/it\/wp-json\/wp\/v2\/pages"}],"about":[{"href":"https:\/\/www.rijeka.hr\/it\/wp-json\/wp\/v2\/types\/page"}],"author":[{"embeddable":true,"href":"https:\/\/www.rijeka.hr\/it\/wp-json\/wp\/v2\/users\/8"}],"replies":[{"embeddable":true,"href":"https:\/\/www.rijeka.hr\/it\/wp-json\/wp\/v2\/comments?post=14414"}],"version-history":[{"count":3,"href":"https:\/\/www.rijeka.hr\/it\/wp-json\/wp\/v2\/pages\/14414\/revisions"}],"predecessor-version":[{"id":14417,"href":"https:\/\/www.rijeka.hr\/it\/wp-json\/wp\/v2\/pages\/14414\/revisions\/14417"}],"up":[{"embeddable":true,"href":"https:\/\/www.rijeka.hr\/it\/wp-json\/wp\/v2\/pages\/15915"}],"wp:featuredmedia":[{"embeddable":true,"href":"https:\/\/www.rijeka.hr\/it\/wp-json\/wp\/v2\/media\/16034"}],"wp:attachment":[{"href":"https:\/\/www.rijeka.hr\/it\/wp-json\/wp\/v2\/media?parent=14414"}],"wp:term":[{"taxonomy":"post_tag","embeddable":true,"href":"https:\/\/www.rijeka.hr\/it\/wp-json\/wp\/v2\/tags?post=14414"}],"curies":[{"name":"wp","href":"https:\/\/api.w.org\/{rel}","templated":true}]}}