{"id":145,"date":"2016-07-20T14:40:39","date_gmt":"2016-07-20T12:40:39","guid":{"rendered":"https:\/\/www.rijeka.hr\/it\/?page_id=145"},"modified":"2019-11-06T10:06:07","modified_gmt":"2019-11-06T09:06:07","slug":"persone-con-disabilita","status":"publish","type":"page","link":"https:\/\/www.rijeka.hr\/it\/temi-per-i-cittadini\/famiglia-e-assistenza-sociale\/persone-con-disabilita\/","title":{"rendered":"Persone con disabilit\u00e0"},"content":{"rendered":"<p>Persone con disabilit\u00e0 e bambini con necessit\u00e0 particolari sono un gruppo particolarmente vulnerabile dei cittadini per la cui cura la Citt\u00e0 di Fiume assicura numerose sovvenzioni nell\u2019ambito del Programma sociale. Oltre a questo, la Citt\u00e0 di Fiume attua e finanzia continuamente progetti volti ad aumentare la mobilit\u00e0 di queste persone, ovvero assicura l\u2019accessibilit\u00e0 agli edifici e ad altre infrastrutture municipali. Vari servizi sociali e sanitari attuati dalle istituzioni e dalle associazioni che si prendono cura delle persone e dei bambini con disabilit\u00e0 vengono finanziati separatamente.<\/p>\n\n    <div class=\"featured-pages\">\n\n        <ul>\n                            <li><a href=\"https:\/\/www.rijeka.hr\/it\/temi-per-i-cittadini\/famiglia-e-assistenza-sociale\/persone-con-disabilita\/programma-sociale\/\">Assistenza nell&#8217;ambito del programma sociale della Citt\u00e0 di Fiume<\/a><\/li>\n                            <li><a href=\"https:\/\/www.rijeka.hr\/it\/temi-per-i-cittadini\/famiglia-e-assistenza-sociale\/persone-con-disabilita\/garantire-la-mobilita-e-laccessibilita\/\">Garantire la mobilit\u00e0 e l\u2019accessibilit\u00e0<\/a><\/li>\n                            <li><a href=\"https:\/\/www.rijeka.hr\/it\/temi-per-i-cittadini\/famiglia-e-assistenza-sociale\/difensori-e-vittime-di-guerra\/educazione-e-istruzione\/\">Educazione e istruzione dei bambini dei difensori Croati e delle vittime di guerra<\/a><\/li>\n                            <li><a href=\"https:\/\/www.rijeka.hr\/it\/temi-per-i-cittadini\/famiglia-e-assistenza-sociale\/persone-con-disabilita\/servizi-sociali-e-sanitari\/servizi-sociali-e-sanitari\/\">Servizi sociali e sanitari<\/a><\/li>\n                    <\/ul>\n \n    <\/div>\n\n    \n","protected":false},"excerpt":{"rendered":"<p>Persone con disabilit\u00e0 e bambini con necessit\u00e0 particolari sono un gruppo particolarmente vulnerabile dei cittadini per la cui cura la Citt\u00e0 di Fiume assicura numerose sovvenzioni nell\u2019ambito del Programma sociale. Oltre a questo, la Citt\u00e0 di Fiume attua e finanzia continuamente progetti volti ad aumentare la mobilit\u00e0 di queste persone, ovvero assicura l\u2019accessibilit\u00e0 agli edifici&#8230;<\/p>\n","protected":false},"author":6,"featured_media":0,"parent":186,"menu_order":98,"comment_status":"closed","ping_status":"closed","template":"","meta":{"_acf_changed":false,"_trash_the_other_posts":false,"footnotes":"","_links_to":"","_links_to_target":""},"tags":[],"class_list":["post-145","page","type-page","status-publish","hentry"],"acf":[],"yoast_head":"<!-- This site is optimized with the Yoast SEO plugin v24.4 - https:\/\/yoast.com\/wordpress\/plugins\/seo\/ -->\n<title>Persone con disabilit\u00e0 - Citt\u00e0 di Fiume<\/title>\n<meta name=\"robots\" content=\"index, follow, max-snippet:-1, max-image-preview:large, max-video-preview:-1\" \/>\n<link rel=\"canonical\" href=\"https:\/\/www.rijeka.hr\/it\/temi-per-i-cittadini\/famiglia-e-assistenza-sociale\/persone-con-disabilita\/\" \/>\n<meta property=\"og:locale\" content=\"it_IT\" \/>\n<meta property=\"og:type\" content=\"article\" \/>\n<meta property=\"og:title\" content=\"Persone con disabilit\u00e0 - Citt\u00e0 di Fiume\" \/>\n<meta property=\"og:description\" content=\"Persone con disabilit\u00e0 e bambini con necessit\u00e0 particolari sono un gruppo particolarmente vulnerabile dei cittadini per la cui cura la Citt\u00e0 di Fiume assicura numerose sovvenzioni nell\u2019ambito del Programma sociale. Oltre a questo, la Citt\u00e0 di Fiume attua e finanzia continuamente progetti volti ad aumentare la mobilit\u00e0 di queste persone, ovvero assicura l\u2019accessibilit\u00e0 agli edifici...\" \/>\n<meta property=\"og:url\" content=\"https:\/\/www.rijeka.hr\/it\/temi-per-i-cittadini\/famiglia-e-assistenza-sociale\/persone-con-disabilita\/\" \/>\n<meta property=\"og:site_name\" content=\"Citt\u00e0 di Fiume\" \/>\n<meta property=\"article:modified_time\" content=\"2019-11-06T09:06:07+00:00\" \/>\n<meta name=\"twitter:card\" content=\"summary_large_image\" \/>\n<script type=\"application\/ld+json\" class=\"yoast-schema-graph\">{\"@context\":\"https:\/\/schema.org\",\"@graph\":[{\"@type\":\"WebPage\",\"@id\":\"https:\/\/www.rijeka.hr\/it\/temi-per-i-cittadini\/famiglia-e-assistenza-sociale\/persone-con-disabilita\/\",\"url\":\"https:\/\/www.rijeka.hr\/it\/temi-per-i-cittadini\/famiglia-e-assistenza-sociale\/persone-con-disabilita\/\",\"name\":\"Persone con disabilit\u00e0 - Citt\u00e0 di Fiume\",\"isPartOf\":{\"@id\":\"https:\/\/www.rijeka.hr\/it\/#website\"},\"datePublished\":\"2016-07-20T12:40:39+00:00\",\"dateModified\":\"2019-11-06T09:06:07+00:00\",\"breadcrumb\":{\"@id\":\"https:\/\/www.rijeka.hr\/it\/temi-per-i-cittadini\/famiglia-e-assistenza-sociale\/persone-con-disabilita\/#breadcrumb\"},\"inLanguage\":\"it-IT\",\"potentialAction\":[{\"@type\":\"ReadAction\",\"target\":[\"https:\/\/www.rijeka.hr\/it\/temi-per-i-cittadini\/famiglia-e-assistenza-sociale\/persone-con-disabilita\/\"]}]},{\"@type\":\"BreadcrumbList\",\"@id\":\"https:\/\/www.rijeka.hr\/it\/temi-per-i-cittadini\/famiglia-e-assistenza-sociale\/persone-con-disabilita\/#breadcrumb\",\"itemListElement\":[{\"@type\":\"ListItem\",\"position\":1,\"name\":\"Po\u010detna stranica\",\"item\":\"https:\/\/www.rijeka.hr\/it\/\"},{\"@type\":\"ListItem\",\"position\":2,\"name\":\"Temi per i cittadini\",\"item\":\"https:\/\/www.rijeka.hr\/it\/temi-per-i-cittadini\/\"},{\"@type\":\"ListItem\",\"position\":3,\"name\":\"Famiglia e previdenza sociale\",\"item\":\"https:\/\/www.rijeka.hr\/it\/temi-per-i-cittadini\/famiglia-e-assistenza-sociale\/\"},{\"@type\":\"ListItem\",\"position\":4,\"name\":\"Persone con disabilit\u00e0\"}]},{\"@type\":\"WebSite\",\"@id\":\"https:\/\/www.rijeka.hr\/it\/#website\",\"url\":\"https:\/\/www.rijeka.hr\/it\/\",\"name\":\"Citt\u00e0 di Fiume\",\"description\":\"Portale web della Citta&#039; di Fiume\",\"potentialAction\":[{\"@type\":\"SearchAction\",\"target\":{\"@type\":\"EntryPoint\",\"urlTemplate\":\"https:\/\/www.rijeka.hr\/it\/?s={search_term_string}\"},\"query-input\":{\"@type\":\"PropertyValueSpecification\",\"valueRequired\":true,\"valueName\":\"search_term_string\"}}],\"inLanguage\":\"it-IT\"}]}<\/script>\n<!-- \/ Yoast SEO plugin. -->","yoast_head_json":{"title":"Persone con disabilit\u00e0 - Citt\u00e0 di Fiume","robots":{"index":"index","follow":"follow","max-snippet":"max-snippet:-1","max-image-preview":"max-image-preview:large","max-video-preview":"max-video-preview:-1"},"canonical":"https:\/\/www.rijeka.hr\/it\/temi-per-i-cittadini\/famiglia-e-assistenza-sociale\/persone-con-disabilita\/","og_locale":"it_IT","og_type":"article","og_title":"Persone con disabilit\u00e0 - Citt\u00e0 di Fiume","og_description":"Persone con disabilit\u00e0 e bambini con necessit\u00e0 particolari sono un gruppo particolarmente vulnerabile dei cittadini per la cui cura la Citt\u00e0 di Fiume assicura numerose sovvenzioni nell\u2019ambito del Programma sociale. Oltre a questo, la Citt\u00e0 di Fiume attua e finanzia continuamente progetti volti ad aumentare la mobilit\u00e0 di queste persone, ovvero assicura l\u2019accessibilit\u00e0 agli edifici...","og_url":"https:\/\/www.rijeka.hr\/it\/temi-per-i-cittadini\/famiglia-e-assistenza-sociale\/persone-con-disabilita\/","og_site_name":"Citt\u00e0 di Fiume","article_modified_time":"2019-11-06T09:06:07+00:00","twitter_card":"summary_large_image","schema":{"@context":"https:\/\/schema.org","@graph":[{"@type":"WebPage","@id":"https:\/\/www.rijeka.hr\/it\/temi-per-i-cittadini\/famiglia-e-assistenza-sociale\/persone-con-disabilita\/","url":"https:\/\/www.rijeka.hr\/it\/temi-per-i-cittadini\/famiglia-e-assistenza-sociale\/persone-con-disabilita\/","name":"Persone con disabilit\u00e0 - Citt\u00e0 di Fiume","isPartOf":{"@id":"https:\/\/www.rijeka.hr\/it\/#website"},"datePublished":"2016-07-20T12:40:39+00:00","dateModified":"2019-11-06T09:06:07+00:00","breadcrumb":{"@id":"https:\/\/www.rijeka.hr\/it\/temi-per-i-cittadini\/famiglia-e-assistenza-sociale\/persone-con-disabilita\/#breadcrumb"},"inLanguage":"it-IT","potentialAction":[{"@type":"ReadAction","target":["https:\/\/www.rijeka.hr\/it\/temi-per-i-cittadini\/famiglia-e-assistenza-sociale\/persone-con-disabilita\/"]}]},{"@type":"BreadcrumbList","@id":"https:\/\/www.rijeka.hr\/it\/temi-per-i-cittadini\/famiglia-e-assistenza-sociale\/persone-con-disabilita\/#breadcrumb","itemListElement":[{"@type":"ListItem","position":1,"name":"Po\u010detna stranica","item":"https:\/\/www.rijeka.hr\/it\/"},{"@type":"ListItem","position":2,"name":"Temi per i cittadini","item":"https:\/\/www.rijeka.hr\/it\/temi-per-i-cittadini\/"},{"@type":"ListItem","position":3,"name":"Famiglia e previdenza sociale","item":"https:\/\/www.rijeka.hr\/it\/temi-per-i-cittadini\/famiglia-e-assistenza-sociale\/"},{"@type":"ListItem","position":4,"name":"Persone con disabilit\u00e0"}]},{"@type":"WebSite","@id":"https:\/\/www.rijeka.hr\/it\/#website","url":"https:\/\/www.rijeka.hr\/it\/","name":"Citt\u00e0 di Fiume","description":"Portale web della Citta&#039; di Fiume","potentialAction":[{"@type":"SearchAction","target":{"@type":"EntryPoint","urlTemplate":"https:\/\/www.rijeka.hr\/it\/?s={search_term_string}"},"query-input":{"@type":"PropertyValueSpecification","valueRequired":true,"valueName":"search_term_string"}}],"inLanguage":"it-IT"}]}},"_links":{"self":[{"href":"https:\/\/www.rijeka.hr\/it\/wp-json\/wp\/v2\/pages\/145","targetHints":{"allow":["GET"]}}],"collection":[{"href":"https:\/\/www.rijeka.hr\/it\/wp-json\/wp\/v2\/pages"}],"about":[{"href":"https:\/\/www.rijeka.hr\/it\/wp-json\/wp\/v2\/types\/page"}],"author":[{"embeddable":true,"href":"https:\/\/www.rijeka.hr\/it\/wp-json\/wp\/v2\/users\/6"}],"replies":[{"embeddable":true,"href":"https:\/\/www.rijeka.hr\/it\/wp-json\/wp\/v2\/comments?post=145"}],"version-history":[{"count":17,"href":"https:\/\/www.rijeka.hr\/it\/wp-json\/wp\/v2\/pages\/145\/revisions"}],"predecessor-version":[{"id":2906,"href":"https:\/\/www.rijeka.hr\/it\/wp-json\/wp\/v2\/pages\/145\/revisions\/2906"}],"up":[{"embeddable":true,"href":"https:\/\/www.rijeka.hr\/it\/wp-json\/wp\/v2\/pages\/186"}],"wp:attachment":[{"href":"https:\/\/www.rijeka.hr\/it\/wp-json\/wp\/v2\/media?parent=145"}],"wp:term":[{"taxonomy":"post_tag","embeddable":true,"href":"https:\/\/www.rijeka.hr\/it\/wp-json\/wp\/v2\/tags?post=145"}],"curies":[{"name":"wp","href":"https:\/\/api.w.org\/{rel}","templated":true}]}}