{"id":14542,"date":"2022-03-15T13:11:12","date_gmt":"2022-03-15T12:11:12","guid":{"rendered":"https:\/\/www.rijeka.hr\/it\/?page_id=14542"},"modified":"2022-10-25T15:40:42","modified_gmt":"2022-10-25T13:40:42","slug":"terminal-portuale-nellentroterra-land-terminal-skrljevo","status":"publish","type":"page","link":"https:\/\/www.rijeka.hr\/it\/amministrazione-cittadina\/progetti-cittadini\/ongoing-projects\/economia\/terminal-portuale-nellentroterra-land-terminal-skrljevo\/","title":{"rendered":"Terminal portuale nell&#8217;entroterra (In-land terminal) \u0160krljevo"},"content":{"rendered":"<p><strong>Descrizione<\/strong><\/p>\n<p>Il Porto di Fiume \u00e8 il proprietario del terminal \u0160krljevo nell\u2019entroterra, dove dispone di capacit\u00e0 di stoccaggio e di traffico. Il terminal \u0160krljevo \u00e8 un complesso di stoccaggio a 10 km di distanza da Fiume e a 3 km da Buccari.<\/p>\n<p>Il terminal ha lo stato di Zona Franca.<\/p>\n<div id=\"attachment_14546\" class=\"wp-caption aligncenter\"><img loading=\"lazy\" decoding=\"async\" width=\"600\" height=\"400\" class=\"wp-image-14546 size-medium\" src=\"https:\/\/www.rijeka.hr\/it\/wp-content\/uploads\/sites\/3\/2022\/03\/Nova-skladi\u0161ta-na-Terminalu-\u0160krljevo-600x400-600x400.jpg\" alt=\"\" \/><p class=\"wp-caption-text\">Nuovi magazzini<\/p><\/div>\n<p>Superficie complessiva del terminal: 417.413 mq<\/p>\n<p>Magazzini aperti: 130.000 mq<\/p>\n<p>Magazzini chiusi: 44.000 mq<\/p>\n<p>Superfici libere: 243.000 mq<\/p>\n<p>Scopo:<\/p>\n<p>La zona del terminale \u00e8 ottimale per un centro di distribuzione. Il terminal offre opportunit\u00e0 di investimento: sviluppo di strutture industriali e costruzione di nuovi magazzini, stoccaggio di vari tipi di carico e finitura, lavorazione e confezionamento di vari prodotti. Lo spazio \u00e8 dotato dei necessari servizi di accompagnamento ed \u00e8 collegato alla ferrovia e alle autostrade del corridoio Vb.<\/p>\n<p>Nel mese di dicembre 2017, il Porto di Fiume ha aperto nuovi magazzini presso il terminal \u0160krljevo. Nuovi magazzini e tettoie sono stati costruiti accanto ai vecchi magazzini esistenti di 30.000 mq e tettoie intorno ai vecchi magazzini di 10.000 m2. La superficie totale coperta \u00e8 di 100.000 mq, mentre la superficie del deposito container \u00e8 di 12.000 mq. Il valore complessivo di questo investimento \u00e8 di 30 milioni di euro, ed \u00e8 stato finanziato da 300 milioni di kune di capitale fresco attraverso aumenti di capitale del Porto di Fiume. Il progetto \u00e8 stato avviato nel 2013 e la costruzione nel mese di agosto 2016.<\/p>\n","protected":false},"excerpt":{"rendered":"<p>Descrizione Il Porto di Fiume \u00e8 il proprietario del terminal \u0160krljevo nell\u2019entroterra, dove dispone di capacit\u00e0 di stoccaggio e di traffico. Il terminal \u0160krljevo \u00e8 un complesso di stoccaggio a 10 km di distanza da Fiume e a 3 km da Buccari. Il terminal ha lo stato di Zona Franca. Superficie complessiva del terminal: 417.413&#8230;<\/p>\n","protected":false},"author":13,"featured_media":14546,"parent":13035,"menu_order":0,"comment_status":"closed","ping_status":"closed","template":"","meta":{"_acf_changed":false,"_trash_the_other_posts":false,"footnotes":"","_links_to":"","_links_to_target":""},"tags":[],"class_list":["post-14542","page","type-page","status-publish","has-post-thumbnail","hentry"],"acf":[],"yoast_head":"<!-- This site is optimized with the Yoast SEO plugin v24.4 - https:\/\/yoast.com\/wordpress\/plugins\/seo\/ -->\n<title>Terminal portuale nell&#039;entroterra (In-land terminal) \u0160krljevo - Citt\u00e0 di Fiume<\/title>\n<meta name=\"robots\" content=\"index, follow, max-snippet:-1, max-image-preview:large, max-video-preview:-1\" \/>\n<link rel=\"canonical\" href=\"https:\/\/www.rijeka.hr\/it\/amministrazione-cittadina\/progetti-cittadini\/ongoing-projects\/economia\/terminal-portuale-nellentroterra-land-terminal-skrljevo\/\" \/>\n<meta property=\"og:locale\" content=\"it_IT\" \/>\n<meta property=\"og:type\" content=\"article\" \/>\n<meta property=\"og:title\" content=\"Terminal portuale nell&#039;entroterra (In-land terminal) \u0160krljevo - Citt\u00e0 di Fiume\" \/>\n<meta property=\"og:description\" content=\"Descrizione Il Porto di Fiume \u00e8 il proprietario del terminal \u0160krljevo nell\u2019entroterra, dove dispone di capacit\u00e0 di stoccaggio e di traffico. Il terminal \u0160krljevo \u00e8 un complesso di stoccaggio a 10 km di distanza da Fiume e a 3 km da Buccari. Il terminal ha lo stato di Zona Franca. Superficie complessiva del terminal: 417.413...\" \/>\n<meta property=\"og:url\" content=\"https:\/\/www.rijeka.hr\/it\/amministrazione-cittadina\/progetti-cittadini\/ongoing-projects\/economia\/terminal-portuale-nellentroterra-land-terminal-skrljevo\/\" \/>\n<meta property=\"og:site_name\" content=\"Citt\u00e0 di Fiume\" \/>\n<meta property=\"article:modified_time\" content=\"2022-10-25T13:40:42+00:00\" \/>\n<meta property=\"og:image\" content=\"https:\/\/www.rijeka.hr\/it\/wp-content\/uploads\/sites\/3\/2022\/03\/Nova-skladi\u0161ta-na-Terminalu-\u0160krljevo-600x400.jpg\" \/>\n\t<meta property=\"og:image:width\" content=\"600\" \/>\n\t<meta property=\"og:image:height\" content=\"400\" \/>\n\t<meta property=\"og:image:type\" content=\"image\/jpeg\" \/>\n<meta name=\"twitter:card\" content=\"summary_large_image\" \/>\n<meta name=\"twitter:label1\" content=\"Est. reading time\" \/>\n\t<meta name=\"twitter:data1\" content=\"1 minute\" \/>\n<script type=\"application\/ld+json\" class=\"yoast-schema-graph\">{\"@context\":\"https:\/\/schema.org\",\"@graph\":[{\"@type\":\"WebPage\",\"@id\":\"https:\/\/www.rijeka.hr\/it\/amministrazione-cittadina\/progetti-cittadini\/ongoing-projects\/economia\/terminal-portuale-nellentroterra-land-terminal-skrljevo\/\",\"url\":\"https:\/\/www.rijeka.hr\/it\/amministrazione-cittadina\/progetti-cittadini\/ongoing-projects\/economia\/terminal-portuale-nellentroterra-land-terminal-skrljevo\/\",\"name\":\"Terminal portuale nell'entroterra (In-land terminal) \u0160krljevo - Citt\u00e0 di Fiume\",\"isPartOf\":{\"@id\":\"https:\/\/www.rijeka.hr\/it\/#website\"},\"primaryImageOfPage\":{\"@id\":\"https:\/\/www.rijeka.hr\/it\/amministrazione-cittadina\/progetti-cittadini\/ongoing-projects\/economia\/terminal-portuale-nellentroterra-land-terminal-skrljevo\/#primaryimage\"},\"image\":{\"@id\":\"https:\/\/www.rijeka.hr\/it\/amministrazione-cittadina\/progetti-cittadini\/ongoing-projects\/economia\/terminal-portuale-nellentroterra-land-terminal-skrljevo\/#primaryimage\"},\"thumbnailUrl\":\"https:\/\/www.rijeka.hr\/it\/wp-content\/uploads\/sites\/3\/2022\/03\/Nova-skladi\u0161ta-na-Terminalu-\u0160krljevo-600x400.jpg\",\"datePublished\":\"2022-03-15T12:11:12+00:00\",\"dateModified\":\"2022-10-25T13:40:42+00:00\",\"breadcrumb\":{\"@id\":\"https:\/\/www.rijeka.hr\/it\/amministrazione-cittadina\/progetti-cittadini\/ongoing-projects\/economia\/terminal-portuale-nellentroterra-land-terminal-skrljevo\/#breadcrumb\"},\"inLanguage\":\"it-IT\",\"potentialAction\":[{\"@type\":\"ReadAction\",\"target\":[\"https:\/\/www.rijeka.hr\/it\/amministrazione-cittadina\/progetti-cittadini\/ongoing-projects\/economia\/terminal-portuale-nellentroterra-land-terminal-skrljevo\/\"]}]},{\"@type\":\"ImageObject\",\"inLanguage\":\"it-IT\",\"@id\":\"https:\/\/www.rijeka.hr\/it\/amministrazione-cittadina\/progetti-cittadini\/ongoing-projects\/economia\/terminal-portuale-nellentroterra-land-terminal-skrljevo\/#primaryimage\",\"url\":\"https:\/\/www.rijeka.hr\/it\/wp-content\/uploads\/sites\/3\/2022\/03\/Nova-skladi\u0161ta-na-Terminalu-\u0160krljevo-600x400.jpg\",\"contentUrl\":\"https:\/\/www.rijeka.hr\/it\/wp-content\/uploads\/sites\/3\/2022\/03\/Nova-skladi\u0161ta-na-Terminalu-\u0160krljevo-600x400.jpg\",\"width\":600,\"height\":400,\"caption\":\"Terminal portuale nell\u2019entroterra (In-land terminal) \u0160krljevo\"},{\"@type\":\"BreadcrumbList\",\"@id\":\"https:\/\/www.rijeka.hr\/it\/amministrazione-cittadina\/progetti-cittadini\/ongoing-projects\/economia\/terminal-portuale-nellentroterra-land-terminal-skrljevo\/#breadcrumb\",\"itemListElement\":[{\"@type\":\"ListItem\",\"position\":1,\"name\":\"Po\u010detna stranica\",\"item\":\"https:\/\/www.rijeka.hr\/it\/\"},{\"@type\":\"ListItem\",\"position\":2,\"name\":\"Amministrazione cittadina\",\"item\":\"https:\/\/www.rijeka.hr\/it\/amministrazione-cittadina\/\"},{\"@type\":\"ListItem\",\"position\":3,\"name\":\"Progetti cittadini\",\"item\":\"https:\/\/www.rijeka.hr\/it\/amministrazione-cittadina\/progetti-cittadini\/\"},{\"@type\":\"ListItem\",\"position\":4,\"name\":\"Progetti in corso\",\"item\":\"https:\/\/www.rijeka.hr\/it\/amministrazione-cittadina\/progetti-cittadini\/ongoing-projects\/\"},{\"@type\":\"ListItem\",\"position\":5,\"name\":\"Economia\",\"item\":\"https:\/\/www.rijeka.hr\/it\/amministrazione-cittadina\/progetti-cittadini\/ongoing-projects\/economia\/\"},{\"@type\":\"ListItem\",\"position\":6,\"name\":\"Terminal portuale nell&#8217;entroterra (In-land terminal) \u0160krljevo\"}]},{\"@type\":\"WebSite\",\"@id\":\"https:\/\/www.rijeka.hr\/it\/#website\",\"url\":\"https:\/\/www.rijeka.hr\/it\/\",\"name\":\"Citt\u00e0 di Fiume\",\"description\":\"Portale web della Citta&#039; di Fiume\",\"potentialAction\":[{\"@type\":\"SearchAction\",\"target\":{\"@type\":\"EntryPoint\",\"urlTemplate\":\"https:\/\/www.rijeka.hr\/it\/?s={search_term_string}\"},\"query-input\":{\"@type\":\"PropertyValueSpecification\",\"valueRequired\":true,\"valueName\":\"search_term_string\"}}],\"inLanguage\":\"it-IT\"}]}<\/script>\n<!-- \/ Yoast SEO plugin. -->","yoast_head_json":{"title":"Terminal portuale nell'entroterra (In-land terminal) \u0160krljevo - Citt\u00e0 di Fiume","robots":{"index":"index","follow":"follow","max-snippet":"max-snippet:-1","max-image-preview":"max-image-preview:large","max-video-preview":"max-video-preview:-1"},"canonical":"https:\/\/www.rijeka.hr\/it\/amministrazione-cittadina\/progetti-cittadini\/ongoing-projects\/economia\/terminal-portuale-nellentroterra-land-terminal-skrljevo\/","og_locale":"it_IT","og_type":"article","og_title":"Terminal portuale nell'entroterra (In-land terminal) \u0160krljevo - Citt\u00e0 di Fiume","og_description":"Descrizione Il Porto di Fiume \u00e8 il proprietario del terminal \u0160krljevo nell\u2019entroterra, dove dispone di capacit\u00e0 di stoccaggio e di traffico. Il terminal \u0160krljevo \u00e8 un complesso di stoccaggio a 10 km di distanza da Fiume e a 3 km da Buccari. Il terminal ha lo stato di Zona Franca. Superficie complessiva del terminal: 417.413...","og_url":"https:\/\/www.rijeka.hr\/it\/amministrazione-cittadina\/progetti-cittadini\/ongoing-projects\/economia\/terminal-portuale-nellentroterra-land-terminal-skrljevo\/","og_site_name":"Citt\u00e0 di Fiume","article_modified_time":"2022-10-25T13:40:42+00:00","og_image":[{"width":600,"height":400,"url":"https:\/\/www.rijeka.hr\/it\/wp-content\/uploads\/sites\/3\/2022\/03\/Nova-skladi\u0161ta-na-Terminalu-\u0160krljevo-600x400.jpg","type":"image\/jpeg"}],"twitter_card":"summary_large_image","twitter_misc":{"Est. reading time":"1 minute"},"schema":{"@context":"https:\/\/schema.org","@graph":[{"@type":"WebPage","@id":"https:\/\/www.rijeka.hr\/it\/amministrazione-cittadina\/progetti-cittadini\/ongoing-projects\/economia\/terminal-portuale-nellentroterra-land-terminal-skrljevo\/","url":"https:\/\/www.rijeka.hr\/it\/amministrazione-cittadina\/progetti-cittadini\/ongoing-projects\/economia\/terminal-portuale-nellentroterra-land-terminal-skrljevo\/","name":"Terminal portuale nell'entroterra (In-land terminal) \u0160krljevo - Citt\u00e0 di Fiume","isPartOf":{"@id":"https:\/\/www.rijeka.hr\/it\/#website"},"primaryImageOfPage":{"@id":"https:\/\/www.rijeka.hr\/it\/amministrazione-cittadina\/progetti-cittadini\/ongoing-projects\/economia\/terminal-portuale-nellentroterra-land-terminal-skrljevo\/#primaryimage"},"image":{"@id":"https:\/\/www.rijeka.hr\/it\/amministrazione-cittadina\/progetti-cittadini\/ongoing-projects\/economia\/terminal-portuale-nellentroterra-land-terminal-skrljevo\/#primaryimage"},"thumbnailUrl":"https:\/\/www.rijeka.hr\/it\/wp-content\/uploads\/sites\/3\/2022\/03\/Nova-skladi\u0161ta-na-Terminalu-\u0160krljevo-600x400.jpg","datePublished":"2022-03-15T12:11:12+00:00","dateModified":"2022-10-25T13:40:42+00:00","breadcrumb":{"@id":"https:\/\/www.rijeka.hr\/it\/amministrazione-cittadina\/progetti-cittadini\/ongoing-projects\/economia\/terminal-portuale-nellentroterra-land-terminal-skrljevo\/#breadcrumb"},"inLanguage":"it-IT","potentialAction":[{"@type":"ReadAction","target":["https:\/\/www.rijeka.hr\/it\/amministrazione-cittadina\/progetti-cittadini\/ongoing-projects\/economia\/terminal-portuale-nellentroterra-land-terminal-skrljevo\/"]}]},{"@type":"ImageObject","inLanguage":"it-IT","@id":"https:\/\/www.rijeka.hr\/it\/amministrazione-cittadina\/progetti-cittadini\/ongoing-projects\/economia\/terminal-portuale-nellentroterra-land-terminal-skrljevo\/#primaryimage","url":"https:\/\/www.rijeka.hr\/it\/wp-content\/uploads\/sites\/3\/2022\/03\/Nova-skladi\u0161ta-na-Terminalu-\u0160krljevo-600x400.jpg","contentUrl":"https:\/\/www.rijeka.hr\/it\/wp-content\/uploads\/sites\/3\/2022\/03\/Nova-skladi\u0161ta-na-Terminalu-\u0160krljevo-600x400.jpg","width":600,"height":400,"caption":"Terminal portuale nell\u2019entroterra (In-land terminal) \u0160krljevo"},{"@type":"BreadcrumbList","@id":"https:\/\/www.rijeka.hr\/it\/amministrazione-cittadina\/progetti-cittadini\/ongoing-projects\/economia\/terminal-portuale-nellentroterra-land-terminal-skrljevo\/#breadcrumb","itemListElement":[{"@type":"ListItem","position":1,"name":"Po\u010detna stranica","item":"https:\/\/www.rijeka.hr\/it\/"},{"@type":"ListItem","position":2,"name":"Amministrazione cittadina","item":"https:\/\/www.rijeka.hr\/it\/amministrazione-cittadina\/"},{"@type":"ListItem","position":3,"name":"Progetti cittadini","item":"https:\/\/www.rijeka.hr\/it\/amministrazione-cittadina\/progetti-cittadini\/"},{"@type":"ListItem","position":4,"name":"Progetti in corso","item":"https:\/\/www.rijeka.hr\/it\/amministrazione-cittadina\/progetti-cittadini\/ongoing-projects\/"},{"@type":"ListItem","position":5,"name":"Economia","item":"https:\/\/www.rijeka.hr\/it\/amministrazione-cittadina\/progetti-cittadini\/ongoing-projects\/economia\/"},{"@type":"ListItem","position":6,"name":"Terminal portuale nell&#8217;entroterra (In-land terminal) \u0160krljevo"}]},{"@type":"WebSite","@id":"https:\/\/www.rijeka.hr\/it\/#website","url":"https:\/\/www.rijeka.hr\/it\/","name":"Citt\u00e0 di Fiume","description":"Portale web della Citta&#039; di Fiume","potentialAction":[{"@type":"SearchAction","target":{"@type":"EntryPoint","urlTemplate":"https:\/\/www.rijeka.hr\/it\/?s={search_term_string}"},"query-input":{"@type":"PropertyValueSpecification","valueRequired":true,"valueName":"search_term_string"}}],"inLanguage":"it-IT"}]}},"_links":{"self":[{"href":"https:\/\/www.rijeka.hr\/it\/wp-json\/wp\/v2\/pages\/14542","targetHints":{"allow":["GET"]}}],"collection":[{"href":"https:\/\/www.rijeka.hr\/it\/wp-json\/wp\/v2\/pages"}],"about":[{"href":"https:\/\/www.rijeka.hr\/it\/wp-json\/wp\/v2\/types\/page"}],"author":[{"embeddable":true,"href":"https:\/\/www.rijeka.hr\/it\/wp-json\/wp\/v2\/users\/13"}],"replies":[{"embeddable":true,"href":"https:\/\/www.rijeka.hr\/it\/wp-json\/wp\/v2\/comments?post=14542"}],"version-history":[{"count":3,"href":"https:\/\/www.rijeka.hr\/it\/wp-json\/wp\/v2\/pages\/14542\/revisions"}],"predecessor-version":[{"id":14547,"href":"https:\/\/www.rijeka.hr\/it\/wp-json\/wp\/v2\/pages\/14542\/revisions\/14547"}],"up":[{"embeddable":true,"href":"https:\/\/www.rijeka.hr\/it\/wp-json\/wp\/v2\/pages\/13035"}],"wp:featuredmedia":[{"embeddable":true,"href":"https:\/\/www.rijeka.hr\/it\/wp-json\/wp\/v2\/media\/14546"}],"wp:attachment":[{"href":"https:\/\/www.rijeka.hr\/it\/wp-json\/wp\/v2\/media?parent=14542"}],"wp:term":[{"taxonomy":"post_tag","embeddable":true,"href":"https:\/\/www.rijeka.hr\/it\/wp-json\/wp\/v2\/tags?post=14542"}],"curies":[{"name":"wp","href":"https:\/\/api.w.org\/{rel}","templated":true}]}}