{"id":14585,"date":"2022-03-17T13:30:49","date_gmt":"2022-03-17T12:30:49","guid":{"rendered":"https:\/\/www.rijeka.hr\/it\/?page_id=14585"},"modified":"2023-12-19T09:33:33","modified_gmt":"2023-12-19T08:33:33","slug":"appartamenti-pos-edilizia-abitativa-sovvenzionata-nel-rione-di-plasse-scurigne","status":"publish","type":"page","link":"https:\/\/www.rijeka.hr\/it\/amministrazione-cittadina\/progetti-cittadini\/ongoing-projects\/costruzione-di-appartamenti\/appartamenti-pos-edilizia-abitativa-sovvenzionata-nel-rione-di-plasse-scurigne\/","title":{"rendered":"Appartamenti POS (edilizia abitativa sovvenzionata) nel rione di Plasse Scurigne"},"content":{"rendered":"<p>Edilizia abitativa sovvenzionata<\/p>\n<p>UBICAZIONE: Nella parte settentrionale dell&#8217;area residenziale esistente del rione di Val Scurigne , \u00e8 prevista la costruzione di edifici condominiali con strutture pubbliche e sociali di accompagnamento nell&#8217;ambito e nell&#8217;area che dovrebbero soddisfare le esigenze complessive dell&#8217;area residenziale. Sebbene gli edifici di nuova progettazione si trovino su una configurazione molto impegnativa, \u00e8 comunque un&#8217;area di qualit\u00e0 per l&#8217;orientamento, l&#8217;insolazione, la vista sul mare e sulle isole e l&#8217;ubicazione degli edifici pianificati ai margini dell&#8217;area edificabile e delle aree verdi nell&#8217;entroterra.<\/p>\n<div id=\"attachment_14589\" class=\"wp-caption aligncenter\"><img loading=\"lazy\" decoding=\"async\" width=\"382\" height=\"386\" class=\"wp-image-14589 size-full\" src=\"https:\/\/www.rijeka.hr\/it\/wp-content\/uploads\/sites\/3\/2022\/03\/\u0160kurinjsko-Plase-1.jpg\" alt=\"\" \/><p class=\"wp-caption-text\">Appartamenti POS nel rione di Plasse Scurigne<\/p><\/div>\n<p>PERIMETRO: L&#8217;area di costruzione \u00e8 di circa 30.000 mq.<\/p>\n<p>PROGRAMMA DI COSTRUZIONE: Edilizia abitativa sovvenzionata, \u00e8 prevista la costruzione fino a 300 unit\u00e0 abitative, strutture pubbliche di accompagnamento, costruzione di infrastrutture di trasporto e comunali, aree pubbliche e verdi.<\/p>\n<p>COSTRUZIONE PREVISTA: Area sviluppata lorda 25.000 mq<\/p>\n<p>VALUTAZIONE DELL\u2019INVESTIMENTO: 25.000.000 euro<\/p>\n<p>STATO: adottato il Piano d\u2019assetto dettagliato, la lottizzazione \u00e8 stata ultimata, \u00e8 in corso la preparazione patrimoniale e giudiziaria. \u00c8 stato condotto un bando di gara per lo sviluppo di una soluzione architettonica concettuale per edifici condominiali nel rione Plasse Scurigne. La stesura della documentazione progettuale sar\u00e0 affidata al team dell&#8217;opera vincitrice del primo premio.<\/p>\n<p>Telefon\u00a0<a href=\"tel:+385%2051%20209%20443\">051 209 443<\/a><br \/>\nE-mail:\u00a0<a href=\"&#109;&#x61;&#x69;l&#116;&#x6f;:&#115;&#x72;&#x64;a&#110;&#x2e;s&#107;&#x75;&#x6e;c&#97;&#x40;r&#105;&#x6a;&#x65;&#107;&#97;&#x2e;h&#114;\">&#x73;&#x72;&#100;&#97;n&#46;&#x73;&#x6b;&#x75;&#110;ca&#x40;&#x72;&#x69;&#106;&#101;k&#x61;&#x2e;&#x68;&#114;<\/a><\/p>\n","protected":false},"excerpt":{"rendered":"<p>Edilizia abitativa sovvenzionata UBICAZIONE: Nella parte settentrionale dell&#8217;area residenziale esistente del rione di Val Scurigne , \u00e8 prevista la costruzione di edifici condominiali con strutture pubbliche e sociali di accompagnamento nell&#8217;ambito e nell&#8217;area che dovrebbero soddisfare le esigenze complessive dell&#8217;area residenziale. Sebbene gli edifici di nuova progettazione si trovino su una configurazione molto impegnativa, \u00e8&#8230;<\/p>\n","protected":false},"author":20,"featured_media":14589,"parent":13033,"menu_order":0,"comment_status":"closed","ping_status":"closed","template":"","meta":{"_acf_changed":false,"_trash_the_other_posts":false,"footnotes":"","_links_to":"","_links_to_target":""},"tags":[],"class_list":["post-14585","page","type-page","status-publish","has-post-thumbnail","hentry"],"acf":[],"yoast_head":"<!-- This site is optimized with the Yoast SEO plugin v24.4 - https:\/\/yoast.com\/wordpress\/plugins\/seo\/ -->\n<title>Appartamenti POS (edilizia abitativa sovvenzionata) nel rione di Plasse Scurigne - Citt\u00e0 di Fiume<\/title>\n<meta name=\"robots\" content=\"index, follow, max-snippet:-1, max-image-preview:large, max-video-preview:-1\" \/>\n<link rel=\"canonical\" href=\"https:\/\/www.rijeka.hr\/it\/amministrazione-cittadina\/progetti-cittadini\/ongoing-projects\/costruzione-di-appartamenti\/appartamenti-pos-edilizia-abitativa-sovvenzionata-nel-rione-di-plasse-scurigne\/\" \/>\n<meta property=\"og:locale\" content=\"it_IT\" \/>\n<meta property=\"og:type\" content=\"article\" \/>\n<meta property=\"og:title\" content=\"Appartamenti POS (edilizia abitativa sovvenzionata) nel rione di Plasse Scurigne - Citt\u00e0 di Fiume\" \/>\n<meta property=\"og:description\" content=\"Edilizia abitativa sovvenzionata UBICAZIONE: Nella parte settentrionale dell&#8217;area residenziale esistente del rione di Val Scurigne , \u00e8 prevista la costruzione di edifici condominiali con strutture pubbliche e sociali di accompagnamento nell&#8217;ambito e nell&#8217;area che dovrebbero soddisfare le esigenze complessive dell&#8217;area residenziale. Sebbene gli edifici di nuova progettazione si trovino su una configurazione molto impegnativa, \u00e8...\" \/>\n<meta property=\"og:url\" content=\"https:\/\/www.rijeka.hr\/it\/amministrazione-cittadina\/progetti-cittadini\/ongoing-projects\/costruzione-di-appartamenti\/appartamenti-pos-edilizia-abitativa-sovvenzionata-nel-rione-di-plasse-scurigne\/\" \/>\n<meta property=\"og:site_name\" content=\"Citt\u00e0 di Fiume\" \/>\n<meta property=\"article:modified_time\" content=\"2023-12-19T08:33:33+00:00\" \/>\n<meta property=\"og:image\" content=\"https:\/\/www.rijeka.hr\/it\/wp-content\/uploads\/sites\/3\/2022\/03\/\u0160kurinjsko-Plase-1.jpg\" \/>\n\t<meta property=\"og:image:width\" content=\"382\" \/>\n\t<meta property=\"og:image:height\" content=\"386\" \/>\n\t<meta property=\"og:image:type\" content=\"image\/jpeg\" \/>\n<meta name=\"twitter:card\" content=\"summary_large_image\" \/>\n<meta name=\"twitter:label1\" content=\"Est. reading time\" \/>\n\t<meta name=\"twitter:data1\" content=\"1 minute\" \/>\n<script type=\"application\/ld+json\" class=\"yoast-schema-graph\">{\"@context\":\"https:\/\/schema.org\",\"@graph\":[{\"@type\":\"WebPage\",\"@id\":\"https:\/\/www.rijeka.hr\/it\/amministrazione-cittadina\/progetti-cittadini\/ongoing-projects\/costruzione-di-appartamenti\/appartamenti-pos-edilizia-abitativa-sovvenzionata-nel-rione-di-plasse-scurigne\/\",\"url\":\"https:\/\/www.rijeka.hr\/it\/amministrazione-cittadina\/progetti-cittadini\/ongoing-projects\/costruzione-di-appartamenti\/appartamenti-pos-edilizia-abitativa-sovvenzionata-nel-rione-di-plasse-scurigne\/\",\"name\":\"Appartamenti POS (edilizia abitativa sovvenzionata) nel rione di Plasse Scurigne - Citt\u00e0 di Fiume\",\"isPartOf\":{\"@id\":\"https:\/\/www.rijeka.hr\/it\/#website\"},\"primaryImageOfPage\":{\"@id\":\"https:\/\/www.rijeka.hr\/it\/amministrazione-cittadina\/progetti-cittadini\/ongoing-projects\/costruzione-di-appartamenti\/appartamenti-pos-edilizia-abitativa-sovvenzionata-nel-rione-di-plasse-scurigne\/#primaryimage\"},\"image\":{\"@id\":\"https:\/\/www.rijeka.hr\/it\/amministrazione-cittadina\/progetti-cittadini\/ongoing-projects\/costruzione-di-appartamenti\/appartamenti-pos-edilizia-abitativa-sovvenzionata-nel-rione-di-plasse-scurigne\/#primaryimage\"},\"thumbnailUrl\":\"https:\/\/www.rijeka.hr\/it\/wp-content\/uploads\/sites\/3\/2022\/03\/\u0160kurinjsko-Plase-1.jpg\",\"datePublished\":\"2022-03-17T12:30:49+00:00\",\"dateModified\":\"2023-12-19T08:33:33+00:00\",\"breadcrumb\":{\"@id\":\"https:\/\/www.rijeka.hr\/it\/amministrazione-cittadina\/progetti-cittadini\/ongoing-projects\/costruzione-di-appartamenti\/appartamenti-pos-edilizia-abitativa-sovvenzionata-nel-rione-di-plasse-scurigne\/#breadcrumb\"},\"inLanguage\":\"it-IT\",\"potentialAction\":[{\"@type\":\"ReadAction\",\"target\":[\"https:\/\/www.rijeka.hr\/it\/amministrazione-cittadina\/progetti-cittadini\/ongoing-projects\/costruzione-di-appartamenti\/appartamenti-pos-edilizia-abitativa-sovvenzionata-nel-rione-di-plasse-scurigne\/\"]}]},{\"@type\":\"ImageObject\",\"inLanguage\":\"it-IT\",\"@id\":\"https:\/\/www.rijeka.hr\/it\/amministrazione-cittadina\/progetti-cittadini\/ongoing-projects\/costruzione-di-appartamenti\/appartamenti-pos-edilizia-abitativa-sovvenzionata-nel-rione-di-plasse-scurigne\/#primaryimage\",\"url\":\"https:\/\/www.rijeka.hr\/it\/wp-content\/uploads\/sites\/3\/2022\/03\/\u0160kurinjsko-Plase-1.jpg\",\"contentUrl\":\"https:\/\/www.rijeka.hr\/it\/wp-content\/uploads\/sites\/3\/2022\/03\/\u0160kurinjsko-Plase-1.jpg\",\"width\":382,\"height\":386,\"caption\":\"\u0160kurinjsko-Plase\"},{\"@type\":\"BreadcrumbList\",\"@id\":\"https:\/\/www.rijeka.hr\/it\/amministrazione-cittadina\/progetti-cittadini\/ongoing-projects\/costruzione-di-appartamenti\/appartamenti-pos-edilizia-abitativa-sovvenzionata-nel-rione-di-plasse-scurigne\/#breadcrumb\",\"itemListElement\":[{\"@type\":\"ListItem\",\"position\":1,\"name\":\"Po\u010detna stranica\",\"item\":\"https:\/\/www.rijeka.hr\/it\/\"},{\"@type\":\"ListItem\",\"position\":2,\"name\":\"Amministrazione cittadina\",\"item\":\"https:\/\/www.rijeka.hr\/it\/amministrazione-cittadina\/\"},{\"@type\":\"ListItem\",\"position\":3,\"name\":\"Progetti cittadini\",\"item\":\"https:\/\/www.rijeka.hr\/it\/amministrazione-cittadina\/progetti-cittadini\/\"},{\"@type\":\"ListItem\",\"position\":4,\"name\":\"Progetti in corso\",\"item\":\"https:\/\/www.rijeka.hr\/it\/amministrazione-cittadina\/progetti-cittadini\/ongoing-projects\/\"},{\"@type\":\"ListItem\",\"position\":5,\"name\":\"Costruzione di appartamenti\",\"item\":\"https:\/\/www.rijeka.hr\/it\/amministrazione-cittadina\/progetti-cittadini\/ongoing-projects\/costruzione-di-appartamenti\/\"},{\"@type\":\"ListItem\",\"position\":6,\"name\":\"Appartamenti POS (edilizia abitativa sovvenzionata) nel rione di Plasse Scurigne\"}]},{\"@type\":\"WebSite\",\"@id\":\"https:\/\/www.rijeka.hr\/it\/#website\",\"url\":\"https:\/\/www.rijeka.hr\/it\/\",\"name\":\"Citt\u00e0 di Fiume\",\"description\":\"Portale web della Citta&#039; di Fiume\",\"potentialAction\":[{\"@type\":\"SearchAction\",\"target\":{\"@type\":\"EntryPoint\",\"urlTemplate\":\"https:\/\/www.rijeka.hr\/it\/?s={search_term_string}\"},\"query-input\":{\"@type\":\"PropertyValueSpecification\",\"valueRequired\":true,\"valueName\":\"search_term_string\"}}],\"inLanguage\":\"it-IT\"}]}<\/script>\n<!-- \/ Yoast SEO plugin. -->","yoast_head_json":{"title":"Appartamenti POS (edilizia abitativa sovvenzionata) nel rione di Plasse Scurigne - Citt\u00e0 di Fiume","robots":{"index":"index","follow":"follow","max-snippet":"max-snippet:-1","max-image-preview":"max-image-preview:large","max-video-preview":"max-video-preview:-1"},"canonical":"https:\/\/www.rijeka.hr\/it\/amministrazione-cittadina\/progetti-cittadini\/ongoing-projects\/costruzione-di-appartamenti\/appartamenti-pos-edilizia-abitativa-sovvenzionata-nel-rione-di-plasse-scurigne\/","og_locale":"it_IT","og_type":"article","og_title":"Appartamenti POS (edilizia abitativa sovvenzionata) nel rione di Plasse Scurigne - Citt\u00e0 di Fiume","og_description":"Edilizia abitativa sovvenzionata UBICAZIONE: Nella parte settentrionale dell&#8217;area residenziale esistente del rione di Val Scurigne , \u00e8 prevista la costruzione di edifici condominiali con strutture pubbliche e sociali di accompagnamento nell&#8217;ambito e nell&#8217;area che dovrebbero soddisfare le esigenze complessive dell&#8217;area residenziale. Sebbene gli edifici di nuova progettazione si trovino su una configurazione molto impegnativa, \u00e8...","og_url":"https:\/\/www.rijeka.hr\/it\/amministrazione-cittadina\/progetti-cittadini\/ongoing-projects\/costruzione-di-appartamenti\/appartamenti-pos-edilizia-abitativa-sovvenzionata-nel-rione-di-plasse-scurigne\/","og_site_name":"Citt\u00e0 di Fiume","article_modified_time":"2023-12-19T08:33:33+00:00","og_image":[{"width":382,"height":386,"url":"https:\/\/www.rijeka.hr\/it\/wp-content\/uploads\/sites\/3\/2022\/03\/\u0160kurinjsko-Plase-1.jpg","type":"image\/jpeg"}],"twitter_card":"summary_large_image","twitter_misc":{"Est. reading time":"1 minute"},"schema":{"@context":"https:\/\/schema.org","@graph":[{"@type":"WebPage","@id":"https:\/\/www.rijeka.hr\/it\/amministrazione-cittadina\/progetti-cittadini\/ongoing-projects\/costruzione-di-appartamenti\/appartamenti-pos-edilizia-abitativa-sovvenzionata-nel-rione-di-plasse-scurigne\/","url":"https:\/\/www.rijeka.hr\/it\/amministrazione-cittadina\/progetti-cittadini\/ongoing-projects\/costruzione-di-appartamenti\/appartamenti-pos-edilizia-abitativa-sovvenzionata-nel-rione-di-plasse-scurigne\/","name":"Appartamenti POS (edilizia abitativa sovvenzionata) nel rione di Plasse Scurigne - Citt\u00e0 di Fiume","isPartOf":{"@id":"https:\/\/www.rijeka.hr\/it\/#website"},"primaryImageOfPage":{"@id":"https:\/\/www.rijeka.hr\/it\/amministrazione-cittadina\/progetti-cittadini\/ongoing-projects\/costruzione-di-appartamenti\/appartamenti-pos-edilizia-abitativa-sovvenzionata-nel-rione-di-plasse-scurigne\/#primaryimage"},"image":{"@id":"https:\/\/www.rijeka.hr\/it\/amministrazione-cittadina\/progetti-cittadini\/ongoing-projects\/costruzione-di-appartamenti\/appartamenti-pos-edilizia-abitativa-sovvenzionata-nel-rione-di-plasse-scurigne\/#primaryimage"},"thumbnailUrl":"https:\/\/www.rijeka.hr\/it\/wp-content\/uploads\/sites\/3\/2022\/03\/\u0160kurinjsko-Plase-1.jpg","datePublished":"2022-03-17T12:30:49+00:00","dateModified":"2023-12-19T08:33:33+00:00","breadcrumb":{"@id":"https:\/\/www.rijeka.hr\/it\/amministrazione-cittadina\/progetti-cittadini\/ongoing-projects\/costruzione-di-appartamenti\/appartamenti-pos-edilizia-abitativa-sovvenzionata-nel-rione-di-plasse-scurigne\/#breadcrumb"},"inLanguage":"it-IT","potentialAction":[{"@type":"ReadAction","target":["https:\/\/www.rijeka.hr\/it\/amministrazione-cittadina\/progetti-cittadini\/ongoing-projects\/costruzione-di-appartamenti\/appartamenti-pos-edilizia-abitativa-sovvenzionata-nel-rione-di-plasse-scurigne\/"]}]},{"@type":"ImageObject","inLanguage":"it-IT","@id":"https:\/\/www.rijeka.hr\/it\/amministrazione-cittadina\/progetti-cittadini\/ongoing-projects\/costruzione-di-appartamenti\/appartamenti-pos-edilizia-abitativa-sovvenzionata-nel-rione-di-plasse-scurigne\/#primaryimage","url":"https:\/\/www.rijeka.hr\/it\/wp-content\/uploads\/sites\/3\/2022\/03\/\u0160kurinjsko-Plase-1.jpg","contentUrl":"https:\/\/www.rijeka.hr\/it\/wp-content\/uploads\/sites\/3\/2022\/03\/\u0160kurinjsko-Plase-1.jpg","width":382,"height":386,"caption":"\u0160kurinjsko-Plase"},{"@type":"BreadcrumbList","@id":"https:\/\/www.rijeka.hr\/it\/amministrazione-cittadina\/progetti-cittadini\/ongoing-projects\/costruzione-di-appartamenti\/appartamenti-pos-edilizia-abitativa-sovvenzionata-nel-rione-di-plasse-scurigne\/#breadcrumb","itemListElement":[{"@type":"ListItem","position":1,"name":"Po\u010detna stranica","item":"https:\/\/www.rijeka.hr\/it\/"},{"@type":"ListItem","position":2,"name":"Amministrazione cittadina","item":"https:\/\/www.rijeka.hr\/it\/amministrazione-cittadina\/"},{"@type":"ListItem","position":3,"name":"Progetti cittadini","item":"https:\/\/www.rijeka.hr\/it\/amministrazione-cittadina\/progetti-cittadini\/"},{"@type":"ListItem","position":4,"name":"Progetti in corso","item":"https:\/\/www.rijeka.hr\/it\/amministrazione-cittadina\/progetti-cittadini\/ongoing-projects\/"},{"@type":"ListItem","position":5,"name":"Costruzione di appartamenti","item":"https:\/\/www.rijeka.hr\/it\/amministrazione-cittadina\/progetti-cittadini\/ongoing-projects\/costruzione-di-appartamenti\/"},{"@type":"ListItem","position":6,"name":"Appartamenti POS (edilizia abitativa sovvenzionata) nel rione di Plasse Scurigne"}]},{"@type":"WebSite","@id":"https:\/\/www.rijeka.hr\/it\/#website","url":"https:\/\/www.rijeka.hr\/it\/","name":"Citt\u00e0 di Fiume","description":"Portale web della Citta&#039; di Fiume","potentialAction":[{"@type":"SearchAction","target":{"@type":"EntryPoint","urlTemplate":"https:\/\/www.rijeka.hr\/it\/?s={search_term_string}"},"query-input":{"@type":"PropertyValueSpecification","valueRequired":true,"valueName":"search_term_string"}}],"inLanguage":"it-IT"}]}},"_links":{"self":[{"href":"https:\/\/www.rijeka.hr\/it\/wp-json\/wp\/v2\/pages\/14585","targetHints":{"allow":["GET"]}}],"collection":[{"href":"https:\/\/www.rijeka.hr\/it\/wp-json\/wp\/v2\/pages"}],"about":[{"href":"https:\/\/www.rijeka.hr\/it\/wp-json\/wp\/v2\/types\/page"}],"author":[{"embeddable":true,"href":"https:\/\/www.rijeka.hr\/it\/wp-json\/wp\/v2\/users\/20"}],"replies":[{"embeddable":true,"href":"https:\/\/www.rijeka.hr\/it\/wp-json\/wp\/v2\/comments?post=14585"}],"version-history":[{"count":3,"href":"https:\/\/www.rijeka.hr\/it\/wp-json\/wp\/v2\/pages\/14585\/revisions"}],"predecessor-version":[{"id":14603,"href":"https:\/\/www.rijeka.hr\/it\/wp-json\/wp\/v2\/pages\/14585\/revisions\/14603"}],"up":[{"embeddable":true,"href":"https:\/\/www.rijeka.hr\/it\/wp-json\/wp\/v2\/pages\/13033"}],"wp:featuredmedia":[{"embeddable":true,"href":"https:\/\/www.rijeka.hr\/it\/wp-json\/wp\/v2\/media\/14589"}],"wp:attachment":[{"href":"https:\/\/www.rijeka.hr\/it\/wp-json\/wp\/v2\/media?parent=14585"}],"wp:term":[{"taxonomy":"post_tag","embeddable":true,"href":"https:\/\/www.rijeka.hr\/it\/wp-json\/wp\/v2\/tags?post=14585"}],"curies":[{"name":"wp","href":"https:\/\/api.w.org\/{rel}","templated":true}]}}