{"id":14774,"date":"2022-04-05T13:19:07","date_gmt":"2022-04-05T11:19:07","guid":{"rendered":"https:\/\/www.rijeka.hr\/it\/?page_id=14774"},"modified":"2023-01-31T10:31:23","modified_gmt":"2023-01-31T09:31:23","slug":"legge-sui-media","status":"publish","type":"page","link":"https:\/\/www.rijeka.hr\/it\/press\/legge-sui-media\/","title":{"rendered":"Legge sui media"},"content":{"rendered":"<p>La cooperazione tra la Citt\u00e0 di Fiume e i media \u00e8 disciplinata dalla Legge sui media (59\/04; 84\/11; 81\/13) e dalla Legge sui media elettronici (111\/2021)<\/p>\n<p>In conformit\u00e0 con la legge, i media includono: giornali e altri programmi di stampa, radiofonici e televisivi, programmi di agenzie di stampa, pubblicazioni elettroniche, teletext e altre forme di pubblicazione quotidiana o periodica di contenuti programmatici formati da editori mediante trasmissione di registrazioni, voce, suono o immagini.<\/p>\n<p>Sono esclusi dai media libri, libri di testo, bollettini, cataloghi o altri mezzi di pubblicazione di informazioni destinate esclusivamente al processo educativo, scientifico e culturale, pubblicit\u00e0, comunicazioni commerciali, funzionamento di aziende, istituti e istituzioni, associazioni, partiti politici, religiosi e altre organizzazioni, bollettini scolastici, &#8220;Gazzetta ufficiale&#8221; della Repubblica di Croazia, gazzette ufficiali delle unit\u00e0 di autogoverno locale e regionale e altre comunicazioni ufficiali, poster, volantini, opuscoli e striscioni e pagine video senza immagini dal vivo e altre informazioni gratuite, salvo diversa disposizione della legge.<\/p>\n<p>Per informazione pubblica si intende qualsiasi informazione in possesso delle autorit\u00e0 esecutive, legislative e giudiziarie e degli organi delle unit\u00e0 di autogoverno locale e regionale, nonch\u00e9 di altre persone fisiche e giuridiche che svolgono il servizio o dovere pubblico, che si riferisce al loro lavoro e alle loro attivit\u00e0.<\/p>\n<p>Al fine di pubblicare informazioni attraverso i media, le autorit\u00e0 esecutive, legislative e giudiziarie e gli organi delle unit\u00e0 di autogoverno locale e regionale, nonch\u00e9 le altre persone fisiche e giuridiche che svolgono il servizio e\/o dovere pubblico sono obbligate a fornire informazioni accurate, complete e tempestive su questioni rientranti nel loro perimetro.<\/p>\n<p>Tali informazioni dovrebbero essere disponibili ai giornalisti a parit\u00e0 di condizioni.<\/p>\n<p>La Citt\u00e0 di Fiume ha nominato una persona per garantire la disponibilit\u00e0 delle informazioni pubbliche: un addetto alle relazioni con i media.<\/p>\n<p>Le informazioni richieste dovrebbero essere fornite ai giornalisti entro un termine ragionevole e la Citt\u00e0 di Fiume \u00e8 responsabile dell&#8217;accuratezza delle informazioni fornite.<\/p>\n<p>Secondo la legge, la fornitura di informazioni pu\u00f2 essere negata quando:<\/p>\n<ul>\n<li>le informazioni richieste, per la tutela dell&#8217;interesse pubblico, siano state determinate secondo le modalit\u00e0 previste come segreto di Stato o militare,<\/li>\n<li>la loro divulgazione costituirebbe una violazione della riservatezza dei dati personali ai sensi di legge, a meno che la loro divulgazione possa impedire la commissione di un reato grave o prevenire un pericolo imminente per la vita umana e la propriet\u00e0.<\/li>\n<\/ul>\n<p>In caso di diniego di informazioni, i motivi del diniego devono essere spiegati per iscritto entro tre giorni lavorativi dalla data di ricevimento della richiesta scritta.<\/p>\n","protected":false},"excerpt":{"rendered":"<p>La cooperazione tra la Citt\u00e0 di Fiume e i media \u00e8 disciplinata dalla Legge sui media (59\/04; 84\/11; 81\/13) e dalla Legge sui media elettronici (111\/2021) In conformit\u00e0 con la legge, i media includono: giornali e altri programmi di stampa, radiofonici e televisivi, programmi di agenzie di stampa, pubblicazioni elettroniche, teletext e altre forme di&#8230;<\/p>\n","protected":false},"author":3,"featured_media":0,"parent":2595,"menu_order":0,"comment_status":"closed","ping_status":"closed","template":"","meta":{"_acf_changed":false,"_trash_the_other_posts":false,"footnotes":"","_links_to":"","_links_to_target":""},"tags":[],"class_list":["post-14774","page","type-page","status-publish","hentry"],"acf":[],"yoast_head":"<!-- This site is optimized with the Yoast SEO plugin v24.4 - https:\/\/yoast.com\/wordpress\/plugins\/seo\/ -->\n<title>Legge sui media - Citt\u00e0 di Fiume<\/title>\n<meta name=\"robots\" content=\"index, follow, max-snippet:-1, max-image-preview:large, max-video-preview:-1\" \/>\n<link rel=\"canonical\" href=\"https:\/\/www.rijeka.hr\/it\/press\/legge-sui-media\/\" \/>\n<meta property=\"og:locale\" content=\"it_IT\" \/>\n<meta property=\"og:type\" content=\"article\" \/>\n<meta property=\"og:title\" content=\"Legge sui media - Citt\u00e0 di Fiume\" \/>\n<meta property=\"og:description\" content=\"La cooperazione tra la Citt\u00e0 di Fiume e i media \u00e8 disciplinata dalla Legge sui media (59\/04; 84\/11; 81\/13) e dalla Legge sui media elettronici (111\/2021) In conformit\u00e0 con la legge, i media includono: giornali e altri programmi di stampa, radiofonici e televisivi, programmi di agenzie di stampa, pubblicazioni elettroniche, teletext e altre forme di...\" \/>\n<meta property=\"og:url\" content=\"https:\/\/www.rijeka.hr\/it\/press\/legge-sui-media\/\" \/>\n<meta property=\"og:site_name\" content=\"Citt\u00e0 di Fiume\" \/>\n<meta property=\"article:modified_time\" content=\"2023-01-31T09:31:23+00:00\" \/>\n<meta name=\"twitter:card\" content=\"summary_large_image\" \/>\n<meta name=\"twitter:label1\" content=\"Est. reading time\" \/>\n\t<meta name=\"twitter:data1\" content=\"2 minutes\" \/>\n<script type=\"application\/ld+json\" class=\"yoast-schema-graph\">{\"@context\":\"https:\/\/schema.org\",\"@graph\":[{\"@type\":\"WebPage\",\"@id\":\"https:\/\/www.rijeka.hr\/it\/press\/legge-sui-media\/\",\"url\":\"https:\/\/www.rijeka.hr\/it\/press\/legge-sui-media\/\",\"name\":\"Legge sui media - Citt\u00e0 di Fiume\",\"isPartOf\":{\"@id\":\"https:\/\/www.rijeka.hr\/it\/#website\"},\"datePublished\":\"2022-04-05T11:19:07+00:00\",\"dateModified\":\"2023-01-31T09:31:23+00:00\",\"breadcrumb\":{\"@id\":\"https:\/\/www.rijeka.hr\/it\/press\/legge-sui-media\/#breadcrumb\"},\"inLanguage\":\"it-IT\",\"potentialAction\":[{\"@type\":\"ReadAction\",\"target\":[\"https:\/\/www.rijeka.hr\/it\/press\/legge-sui-media\/\"]}]},{\"@type\":\"BreadcrumbList\",\"@id\":\"https:\/\/www.rijeka.hr\/it\/press\/legge-sui-media\/#breadcrumb\",\"itemListElement\":[{\"@type\":\"ListItem\",\"position\":1,\"name\":\"Po\u010detna stranica\",\"item\":\"https:\/\/www.rijeka.hr\/it\/\"},{\"@type\":\"ListItem\",\"position\":2,\"name\":\"Press\",\"item\":\"https:\/\/www.rijeka.hr\/it\/press\/\"},{\"@type\":\"ListItem\",\"position\":3,\"name\":\"Legge sui media\"}]},{\"@type\":\"WebSite\",\"@id\":\"https:\/\/www.rijeka.hr\/it\/#website\",\"url\":\"https:\/\/www.rijeka.hr\/it\/\",\"name\":\"Citt\u00e0 di Fiume\",\"description\":\"Portale web della Citta&#039; di Fiume\",\"potentialAction\":[{\"@type\":\"SearchAction\",\"target\":{\"@type\":\"EntryPoint\",\"urlTemplate\":\"https:\/\/www.rijeka.hr\/it\/?s={search_term_string}\"},\"query-input\":{\"@type\":\"PropertyValueSpecification\",\"valueRequired\":true,\"valueName\":\"search_term_string\"}}],\"inLanguage\":\"it-IT\"}]}<\/script>\n<!-- \/ Yoast SEO plugin. -->","yoast_head_json":{"title":"Legge sui media - Citt\u00e0 di Fiume","robots":{"index":"index","follow":"follow","max-snippet":"max-snippet:-1","max-image-preview":"max-image-preview:large","max-video-preview":"max-video-preview:-1"},"canonical":"https:\/\/www.rijeka.hr\/it\/press\/legge-sui-media\/","og_locale":"it_IT","og_type":"article","og_title":"Legge sui media - Citt\u00e0 di Fiume","og_description":"La cooperazione tra la Citt\u00e0 di Fiume e i media \u00e8 disciplinata dalla Legge sui media (59\/04; 84\/11; 81\/13) e dalla Legge sui media elettronici (111\/2021) In conformit\u00e0 con la legge, i media includono: giornali e altri programmi di stampa, radiofonici e televisivi, programmi di agenzie di stampa, pubblicazioni elettroniche, teletext e altre forme di...","og_url":"https:\/\/www.rijeka.hr\/it\/press\/legge-sui-media\/","og_site_name":"Citt\u00e0 di Fiume","article_modified_time":"2023-01-31T09:31:23+00:00","twitter_card":"summary_large_image","twitter_misc":{"Est. reading time":"2 minutes"},"schema":{"@context":"https:\/\/schema.org","@graph":[{"@type":"WebPage","@id":"https:\/\/www.rijeka.hr\/it\/press\/legge-sui-media\/","url":"https:\/\/www.rijeka.hr\/it\/press\/legge-sui-media\/","name":"Legge sui media - Citt\u00e0 di Fiume","isPartOf":{"@id":"https:\/\/www.rijeka.hr\/it\/#website"},"datePublished":"2022-04-05T11:19:07+00:00","dateModified":"2023-01-31T09:31:23+00:00","breadcrumb":{"@id":"https:\/\/www.rijeka.hr\/it\/press\/legge-sui-media\/#breadcrumb"},"inLanguage":"it-IT","potentialAction":[{"@type":"ReadAction","target":["https:\/\/www.rijeka.hr\/it\/press\/legge-sui-media\/"]}]},{"@type":"BreadcrumbList","@id":"https:\/\/www.rijeka.hr\/it\/press\/legge-sui-media\/#breadcrumb","itemListElement":[{"@type":"ListItem","position":1,"name":"Po\u010detna stranica","item":"https:\/\/www.rijeka.hr\/it\/"},{"@type":"ListItem","position":2,"name":"Press","item":"https:\/\/www.rijeka.hr\/it\/press\/"},{"@type":"ListItem","position":3,"name":"Legge sui media"}]},{"@type":"WebSite","@id":"https:\/\/www.rijeka.hr\/it\/#website","url":"https:\/\/www.rijeka.hr\/it\/","name":"Citt\u00e0 di Fiume","description":"Portale web della Citta&#039; di Fiume","potentialAction":[{"@type":"SearchAction","target":{"@type":"EntryPoint","urlTemplate":"https:\/\/www.rijeka.hr\/it\/?s={search_term_string}"},"query-input":{"@type":"PropertyValueSpecification","valueRequired":true,"valueName":"search_term_string"}}],"inLanguage":"it-IT"}]}},"_links":{"self":[{"href":"https:\/\/www.rijeka.hr\/it\/wp-json\/wp\/v2\/pages\/14774","targetHints":{"allow":["GET"]}}],"collection":[{"href":"https:\/\/www.rijeka.hr\/it\/wp-json\/wp\/v2\/pages"}],"about":[{"href":"https:\/\/www.rijeka.hr\/it\/wp-json\/wp\/v2\/types\/page"}],"author":[{"embeddable":true,"href":"https:\/\/www.rijeka.hr\/it\/wp-json\/wp\/v2\/users\/3"}],"replies":[{"embeddable":true,"href":"https:\/\/www.rijeka.hr\/it\/wp-json\/wp\/v2\/comments?post=14774"}],"version-history":[{"count":1,"href":"https:\/\/www.rijeka.hr\/it\/wp-json\/wp\/v2\/pages\/14774\/revisions"}],"predecessor-version":[{"id":14775,"href":"https:\/\/www.rijeka.hr\/it\/wp-json\/wp\/v2\/pages\/14774\/revisions\/14775"}],"up":[{"embeddable":true,"href":"https:\/\/www.rijeka.hr\/it\/wp-json\/wp\/v2\/pages\/2595"}],"wp:attachment":[{"href":"https:\/\/www.rijeka.hr\/it\/wp-json\/wp\/v2\/media?parent=14774"}],"wp:term":[{"taxonomy":"post_tag","embeddable":true,"href":"https:\/\/www.rijeka.hr\/it\/wp-json\/wp\/v2\/tags?post=14774"}],"curies":[{"name":"wp","href":"https:\/\/api.w.org\/{rel}","templated":true}]}}