{"id":15230,"date":"2022-07-01T09:05:05","date_gmt":"2022-07-01T07:05:05","guid":{"rendered":"https:\/\/www.rijeka.hr\/it\/?page_id=15230"},"modified":"2023-12-19T11:54:20","modified_gmt":"2023-12-19T10:54:20","slug":"boost5","status":"publish","type":"page","link":"https:\/\/www.rijeka.hr\/it\/amministrazione-cittadina\/progetti-dellue\/progetti-in-corso\/boost5\/","title":{"rendered":"BOOST5"},"content":{"rendered":"<h2>Titolo del progetto<\/h2>\n<p>BOOST5: Sfruttare i risultati di 5 progetti IT-HR per promuovere la valorizzazione turistica del patrimonio culturale, off-road, industriale e naturale<\/p>\n<h2>Obiettivo del progetto<\/h2>\n<p><img loading=\"lazy\" decoding=\"async\" width=\"600\" height=\"200\" class=\"size-medium wp-image-15233 alignleft\" src=\"https:\/\/www.rijeka.hr\/it\/wp-content\/uploads\/sites\/3\/2022\/07\/BOOST5-600x200-600x200.jpg\" alt=\"\" \/>L&#8217;obiettivo del progetto \u00e8 migliorare la valorizzazione turistica del patrimonio culturale, industriale e naturale e incoraggiare lo sviluppo economico sostenibile, utilizzando i risultati di cinque progetti completati nell&#8217;ambito del programma Interreg IT-HR.<\/p>\n<h2>Durata<\/h2>\n<p>1 giugno 2022 \u2013 1 luglio 2023<\/p>\n<h2>Descrizione<\/h2>\n<p>Il progetto incoragger\u00e0 le parti interessate pubbliche e private ad adottare strategie congiunte per l&#8217;identit\u00e0 culturale e paesaggistica, al fine di aumentare la consapevolezza del potenziale economico del turismo per le parti interessate private e pubbliche. Boost5 accelerer\u00e0 lo sviluppo di una metodologia turistica innovativa e sostenibile per la rivitalizzazione del patrimonio naturale e culturale in Italia e Croazia in un&#8217;ottica di sviluppo territoriale equilibrato. Le aree da includere sono aree naturali turistiche trascurate, luoghi dimenticati e patrimoni con un&#8217;offerta digitale bassa o frammentata. Con un approccio comune, verranno implementate attivit\u00e0 multilivello al fine di rimuovere gli ostacoli all&#8217;offerta turistica sostenibile: aumentando l&#8217;offerta, riducendo la stagionalit\u00e0 e delocalizzazione dei flussi turistici all&#8217;interno di un&#8217;area. Saranno promosse nuove offerte integrate di turismo costiero e terrestre per mantenere la competitivit\u00e0 del settore.<\/p>\n<h2>Obiettivi:<\/h2>\n<ul>\n<li>Eliminare i principali ostacoli al pieno sviluppo di un&#8217;offerta turistica sostenibile<\/li>\n<li>Promuovere idee sociali e nuove opportunit\u00e0 di mercato attraverso piani di rafforzamento delle capacit\u00e0 per approcci innovativi, sostenibilit\u00e0 e governance<\/li>\n<li>Promuovere sinergie con diverse parti interessate e aree per accelerare l&#8217;attuazione di politiche sostenibili e aumentare la consapevolezza ambientale<\/li>\n<li>Pianificazione di passi strategici verso il green business nel turismo<\/li>\n<\/ul>\n<h2>Partner:<\/h2>\n<ul>\n<li>Parco scientifico e tecnologico Tecnopolis, Bari, Italia \u2013 partner capofila<\/li>\n<li>Consorzio Friuli Innovazione, Udine, Italia<\/li>\n<li>Agenzia di sviluppo SIPRO, Ferrara, Italia<\/li>\n<li>Parco scientifico e tecnologico Step Ri dell&#8217;Universit\u00e0 degli studi di Fiume, Croazia<\/li>\n<li>Regione Marche, Italia<\/li>\n<li>Nova, agenzia per lo sviluppo della Regione di Zara, Croazia<\/li>\n<li>Citt\u00e0 di Fiume, Croazia<\/li>\n<li>Istituto Regionale per i Beni Culturali della Regione Autonoma Friuli Venezia Giulia, Gorizia, Italia<\/li>\n<\/ul>\n<h2>Finanziato con<\/h2>\n<p><a href=\"https:\/\/www.italy-croatia.eu\/\">Interreg Italija \u2013 Hrvatska<\/a><\/p>\n<h2>Bilancio<\/h2>\n<ul>\n<li>Bilancio complessivo: 597.325,00 EUR (85% finanziamento dell&#8217;UE)<\/li>\n<li>Bilancio della Citt\u00e0 di Fiume: EUR 70.900,00<\/li>\n<\/ul>\n<h2>Sito ufficiale del progetto<\/h2>\n<p><a href=\"https:\/\/www.italy-croatia.eu\/web\/boost5\">https:\/\/www.italy-croatia.eu\/web\/boost5<\/a><\/p>\n<p><a href=\"http:\/\/xn--jha\/\">https:\/\/www.facebook.com\/BOOST5Project<\/a><\/p>\n<h2>Contattare per ulteriori informazioni<\/h2>\n<p>Mirna Hriljac Nik\u0161i\u0107<br \/>\nUfficio della Citt\u00e0<br \/>\nE-mail:\u00a0<a href=\"&#x6d;&#x61;&#105;&#108;t&#x6f;&#x3a;&#x6d;&#105;rn&#x61;&#x2e;&#104;&#114;i&#x6c;&#x6a;&#x61;&#99;-n&#x69;&#x6b;&#115;&#105;c&#x40;&#x72;&#x69;&#106;ek&#x61;&#x2e;&#104;&#114;\">&#109;&#x69;&#114;&#x6e;a&#46;&#x68;&#114;&#x69;l&#x6a;a&#99;&#x2d;&#110;&#x69;k&#x73;&#x69;&#99;&#x40;r&#x69;j&#101;&#x6b;&#97;&#x2e;h&#x72;<\/a><\/p>\n","protected":false},"excerpt":{"rendered":"<p>Titolo del progetto BOOST5: Sfruttare i risultati di 5 progetti IT-HR per promuovere la valorizzazione turistica del patrimonio culturale, off-road, industriale e naturale Obiettivo del progetto L&#8217;obiettivo del progetto \u00e8 migliorare la valorizzazione turistica del patrimonio culturale, industriale e naturale e incoraggiare lo sviluppo economico sostenibile, utilizzando i risultati di cinque progetti completati nell&#8217;ambito del&#8230;<\/p>\n","protected":false},"author":8,"featured_media":0,"parent":2059,"menu_order":0,"comment_status":"closed","ping_status":"closed","template":"","meta":{"_acf_changed":false,"_trash_the_other_posts":false,"footnotes":"","_links_to":"","_links_to_target":""},"tags":[],"class_list":["post-15230","page","type-page","status-publish","hentry"],"acf":[],"yoast_head":"<!-- This site is optimized with the Yoast SEO plugin v24.4 - https:\/\/yoast.com\/wordpress\/plugins\/seo\/ -->\n<title>BOOST5 - Citt\u00e0 di Fiume<\/title>\n<meta name=\"robots\" content=\"index, follow, max-snippet:-1, max-image-preview:large, max-video-preview:-1\" \/>\n<link rel=\"canonical\" href=\"https:\/\/www.rijeka.hr\/it\/amministrazione-cittadina\/progetti-dellue\/progetti-in-corso\/boost5\/\" \/>\n<meta property=\"og:locale\" content=\"it_IT\" \/>\n<meta property=\"og:type\" content=\"article\" \/>\n<meta property=\"og:title\" content=\"BOOST5 - Citt\u00e0 di Fiume\" \/>\n<meta property=\"og:description\" content=\"Titolo del progetto BOOST5: Sfruttare i risultati di 5 progetti IT-HR per promuovere la valorizzazione turistica del patrimonio culturale, off-road, industriale e naturale Obiettivo del progetto L&#8217;obiettivo del progetto \u00e8 migliorare la valorizzazione turistica del patrimonio culturale, industriale e naturale e incoraggiare lo sviluppo economico sostenibile, utilizzando i risultati di cinque progetti completati nell&#8217;ambito del...\" \/>\n<meta property=\"og:url\" content=\"https:\/\/www.rijeka.hr\/it\/amministrazione-cittadina\/progetti-dellue\/progetti-in-corso\/boost5\/\" \/>\n<meta property=\"og:site_name\" content=\"Citt\u00e0 di Fiume\" \/>\n<meta property=\"article:modified_time\" content=\"2023-12-19T10:54:20+00:00\" \/>\n<meta property=\"og:image\" content=\"https:\/\/www.rijeka.hr\/it\/wp-content\/uploads\/sites\/3\/2022\/07\/BOOST5-600x200-600x200.jpg\" \/>\n<meta name=\"twitter:card\" content=\"summary_large_image\" \/>\n<meta name=\"twitter:label1\" content=\"Est. reading time\" \/>\n\t<meta name=\"twitter:data1\" content=\"2 minutes\" \/>\n<script type=\"application\/ld+json\" class=\"yoast-schema-graph\">{\"@context\":\"https:\/\/schema.org\",\"@graph\":[{\"@type\":\"WebPage\",\"@id\":\"https:\/\/www.rijeka.hr\/it\/amministrazione-cittadina\/progetti-dellue\/progetti-in-corso\/boost5\/\",\"url\":\"https:\/\/www.rijeka.hr\/it\/amministrazione-cittadina\/progetti-dellue\/progetti-in-corso\/boost5\/\",\"name\":\"BOOST5 - Citt\u00e0 di Fiume\",\"isPartOf\":{\"@id\":\"https:\/\/www.rijeka.hr\/it\/#website\"},\"primaryImageOfPage\":{\"@id\":\"https:\/\/www.rijeka.hr\/it\/amministrazione-cittadina\/progetti-dellue\/progetti-in-corso\/boost5\/#primaryimage\"},\"image\":{\"@id\":\"https:\/\/www.rijeka.hr\/it\/amministrazione-cittadina\/progetti-dellue\/progetti-in-corso\/boost5\/#primaryimage\"},\"thumbnailUrl\":\"https:\/\/www.rijeka.hr\/it\/wp-content\/uploads\/sites\/3\/2022\/07\/BOOST5-600x200-600x200.jpg\",\"datePublished\":\"2022-07-01T07:05:05+00:00\",\"dateModified\":\"2023-12-19T10:54:20+00:00\",\"breadcrumb\":{\"@id\":\"https:\/\/www.rijeka.hr\/it\/amministrazione-cittadina\/progetti-dellue\/progetti-in-corso\/boost5\/#breadcrumb\"},\"inLanguage\":\"it-IT\",\"potentialAction\":[{\"@type\":\"ReadAction\",\"target\":[\"https:\/\/www.rijeka.hr\/it\/amministrazione-cittadina\/progetti-dellue\/progetti-in-corso\/boost5\/\"]}]},{\"@type\":\"ImageObject\",\"inLanguage\":\"it-IT\",\"@id\":\"https:\/\/www.rijeka.hr\/it\/amministrazione-cittadina\/progetti-dellue\/progetti-in-corso\/boost5\/#primaryimage\",\"url\":\"https:\/\/www.rijeka.hr\/it\/wp-content\/uploads\/sites\/3\/2022\/07\/BOOST5-600x200.jpg\",\"contentUrl\":\"https:\/\/www.rijeka.hr\/it\/wp-content\/uploads\/sites\/3\/2022\/07\/BOOST5-600x200.jpg\",\"width\":600,\"height\":200},{\"@type\":\"BreadcrumbList\",\"@id\":\"https:\/\/www.rijeka.hr\/it\/amministrazione-cittadina\/progetti-dellue\/progetti-in-corso\/boost5\/#breadcrumb\",\"itemListElement\":[{\"@type\":\"ListItem\",\"position\":1,\"name\":\"Po\u010detna stranica\",\"item\":\"https:\/\/www.rijeka.hr\/it\/\"},{\"@type\":\"ListItem\",\"position\":2,\"name\":\"Amministrazione cittadina\",\"item\":\"https:\/\/www.rijeka.hr\/it\/amministrazione-cittadina\/\"},{\"@type\":\"ListItem\",\"position\":3,\"name\":\"Progetti dell&#8217;UE\",\"item\":\"https:\/\/www.rijeka.hr\/it\/amministrazione-cittadina\/progetti-dellue\/\"},{\"@type\":\"ListItem\",\"position\":4,\"name\":\"Progetti in corso\",\"item\":\"https:\/\/www.rijeka.hr\/it\/amministrazione-cittadina\/progetti-dellue\/progetti-in-corso\/\"},{\"@type\":\"ListItem\",\"position\":5,\"name\":\"BOOST5\"}]},{\"@type\":\"WebSite\",\"@id\":\"https:\/\/www.rijeka.hr\/it\/#website\",\"url\":\"https:\/\/www.rijeka.hr\/it\/\",\"name\":\"Citt\u00e0 di Fiume\",\"description\":\"Portale web della Citta&#039; di Fiume\",\"potentialAction\":[{\"@type\":\"SearchAction\",\"target\":{\"@type\":\"EntryPoint\",\"urlTemplate\":\"https:\/\/www.rijeka.hr\/it\/?s={search_term_string}\"},\"query-input\":{\"@type\":\"PropertyValueSpecification\",\"valueRequired\":true,\"valueName\":\"search_term_string\"}}],\"inLanguage\":\"it-IT\"}]}<\/script>\n<!-- \/ Yoast SEO plugin. -->","yoast_head_json":{"title":"BOOST5 - Citt\u00e0 di Fiume","robots":{"index":"index","follow":"follow","max-snippet":"max-snippet:-1","max-image-preview":"max-image-preview:large","max-video-preview":"max-video-preview:-1"},"canonical":"https:\/\/www.rijeka.hr\/it\/amministrazione-cittadina\/progetti-dellue\/progetti-in-corso\/boost5\/","og_locale":"it_IT","og_type":"article","og_title":"BOOST5 - Citt\u00e0 di Fiume","og_description":"Titolo del progetto BOOST5: Sfruttare i risultati di 5 progetti IT-HR per promuovere la valorizzazione turistica del patrimonio culturale, off-road, industriale e naturale Obiettivo del progetto L&#8217;obiettivo del progetto \u00e8 migliorare la valorizzazione turistica del patrimonio culturale, industriale e naturale e incoraggiare lo sviluppo economico sostenibile, utilizzando i risultati di cinque progetti completati nell&#8217;ambito del...","og_url":"https:\/\/www.rijeka.hr\/it\/amministrazione-cittadina\/progetti-dellue\/progetti-in-corso\/boost5\/","og_site_name":"Citt\u00e0 di Fiume","article_modified_time":"2023-12-19T10:54:20+00:00","og_image":[{"url":"https:\/\/www.rijeka.hr\/it\/wp-content\/uploads\/sites\/3\/2022\/07\/BOOST5-600x200-600x200.jpg","type":"","width":"","height":""}],"twitter_card":"summary_large_image","twitter_misc":{"Est. reading time":"2 minutes"},"schema":{"@context":"https:\/\/schema.org","@graph":[{"@type":"WebPage","@id":"https:\/\/www.rijeka.hr\/it\/amministrazione-cittadina\/progetti-dellue\/progetti-in-corso\/boost5\/","url":"https:\/\/www.rijeka.hr\/it\/amministrazione-cittadina\/progetti-dellue\/progetti-in-corso\/boost5\/","name":"BOOST5 - Citt\u00e0 di Fiume","isPartOf":{"@id":"https:\/\/www.rijeka.hr\/it\/#website"},"primaryImageOfPage":{"@id":"https:\/\/www.rijeka.hr\/it\/amministrazione-cittadina\/progetti-dellue\/progetti-in-corso\/boost5\/#primaryimage"},"image":{"@id":"https:\/\/www.rijeka.hr\/it\/amministrazione-cittadina\/progetti-dellue\/progetti-in-corso\/boost5\/#primaryimage"},"thumbnailUrl":"https:\/\/www.rijeka.hr\/it\/wp-content\/uploads\/sites\/3\/2022\/07\/BOOST5-600x200-600x200.jpg","datePublished":"2022-07-01T07:05:05+00:00","dateModified":"2023-12-19T10:54:20+00:00","breadcrumb":{"@id":"https:\/\/www.rijeka.hr\/it\/amministrazione-cittadina\/progetti-dellue\/progetti-in-corso\/boost5\/#breadcrumb"},"inLanguage":"it-IT","potentialAction":[{"@type":"ReadAction","target":["https:\/\/www.rijeka.hr\/it\/amministrazione-cittadina\/progetti-dellue\/progetti-in-corso\/boost5\/"]}]},{"@type":"ImageObject","inLanguage":"it-IT","@id":"https:\/\/www.rijeka.hr\/it\/amministrazione-cittadina\/progetti-dellue\/progetti-in-corso\/boost5\/#primaryimage","url":"https:\/\/www.rijeka.hr\/it\/wp-content\/uploads\/sites\/3\/2022\/07\/BOOST5-600x200.jpg","contentUrl":"https:\/\/www.rijeka.hr\/it\/wp-content\/uploads\/sites\/3\/2022\/07\/BOOST5-600x200.jpg","width":600,"height":200},{"@type":"BreadcrumbList","@id":"https:\/\/www.rijeka.hr\/it\/amministrazione-cittadina\/progetti-dellue\/progetti-in-corso\/boost5\/#breadcrumb","itemListElement":[{"@type":"ListItem","position":1,"name":"Po\u010detna stranica","item":"https:\/\/www.rijeka.hr\/it\/"},{"@type":"ListItem","position":2,"name":"Amministrazione cittadina","item":"https:\/\/www.rijeka.hr\/it\/amministrazione-cittadina\/"},{"@type":"ListItem","position":3,"name":"Progetti dell&#8217;UE","item":"https:\/\/www.rijeka.hr\/it\/amministrazione-cittadina\/progetti-dellue\/"},{"@type":"ListItem","position":4,"name":"Progetti in corso","item":"https:\/\/www.rijeka.hr\/it\/amministrazione-cittadina\/progetti-dellue\/progetti-in-corso\/"},{"@type":"ListItem","position":5,"name":"BOOST5"}]},{"@type":"WebSite","@id":"https:\/\/www.rijeka.hr\/it\/#website","url":"https:\/\/www.rijeka.hr\/it\/","name":"Citt\u00e0 di Fiume","description":"Portale web della Citta&#039; di Fiume","potentialAction":[{"@type":"SearchAction","target":{"@type":"EntryPoint","urlTemplate":"https:\/\/www.rijeka.hr\/it\/?s={search_term_string}"},"query-input":{"@type":"PropertyValueSpecification","valueRequired":true,"valueName":"search_term_string"}}],"inLanguage":"it-IT"}]}},"_links":{"self":[{"href":"https:\/\/www.rijeka.hr\/it\/wp-json\/wp\/v2\/pages\/15230","targetHints":{"allow":["GET"]}}],"collection":[{"href":"https:\/\/www.rijeka.hr\/it\/wp-json\/wp\/v2\/pages"}],"about":[{"href":"https:\/\/www.rijeka.hr\/it\/wp-json\/wp\/v2\/types\/page"}],"author":[{"embeddable":true,"href":"https:\/\/www.rijeka.hr\/it\/wp-json\/wp\/v2\/users\/8"}],"replies":[{"embeddable":true,"href":"https:\/\/www.rijeka.hr\/it\/wp-json\/wp\/v2\/comments?post=15230"}],"version-history":[{"count":3,"href":"https:\/\/www.rijeka.hr\/it\/wp-json\/wp\/v2\/pages\/15230\/revisions"}],"predecessor-version":[{"id":15231,"href":"https:\/\/www.rijeka.hr\/it\/wp-json\/wp\/v2\/pages\/15230\/revisions\/15231"}],"up":[{"embeddable":true,"href":"https:\/\/www.rijeka.hr\/it\/wp-json\/wp\/v2\/pages\/2059"}],"wp:attachment":[{"href":"https:\/\/www.rijeka.hr\/it\/wp-json\/wp\/v2\/media?parent=15230"}],"wp:term":[{"taxonomy":"post_tag","embeddable":true,"href":"https:\/\/www.rijeka.hr\/it\/wp-json\/wp\/v2\/tags?post=15230"}],"curies":[{"name":"wp","href":"https:\/\/api.w.org\/{rel}","templated":true}]}}