{"id":1580,"date":"2016-10-11T13:14:36","date_gmt":"2016-10-11T11:14:36","guid":{"rendered":"https:\/\/www.rijeka.hr\/it\/?page_id=1580"},"modified":"2021-04-28T14:47:24","modified_gmt":"2021-04-28T12:47:24","slug":"compilazione-della-relazione","status":"publish","type":"page","link":"https:\/\/www.rijeka.hr\/it\/temi-per-i-cittadini\/cittadinanza-attiva\/bilancio-partecipativo\/il-programma-di-partenariato-locale-di-fiume\/compilazione-della-relazione\/","title":{"rendered":"Compilazione della relazione"},"content":{"rendered":"<ul>\n<li>Relazione (chi, quando, dove, cosa, perch\u00e9, come, quanto &#8230;) fotografare (prima &#8211; situazione all&#8217;inizio, durante &#8211; tutte le attivit\u00e0 dopo &#8211; situazione dopo tutti i lavori)<\/li>\n<li>Lettere di ringraziamento<\/li>\n<li>Relazione per il sindaco<\/li>\n<li>Presentazione del programma di partenariato locale di Fiume \u2013 Municipio<\/li>\n<li>Lettere di ringraziamento &#8211; Municipio<\/li>\n<\/ul>\n","protected":false},"excerpt":{"rendered":"<p>Relazione (chi, quando, dove, cosa, perch\u00e9, come, quanto &#8230;) fotografare (prima &#8211; situazione all&#8217;inizio, durante &#8211; tutte le attivit\u00e0 dopo &#8211; situazione dopo tutti i lavori) Lettere di ringraziamento Relazione per il sindaco Presentazione del programma di partenariato locale di Fiume \u2013 Municipio Lettere di ringraziamento &#8211; Municipio<\/p>\n","protected":false},"author":13,"featured_media":0,"parent":701,"menu_order":0,"comment_status":"closed","ping_status":"closed","template":"","meta":{"_acf_changed":false,"_trash_the_other_posts":false,"footnotes":"","_links_to":"","_links_to_target":""},"tags":[],"class_list":["post-1580","page","type-page","status-publish","hentry"],"acf":[],"yoast_head":"<!-- This site is optimized with the Yoast SEO plugin v24.4 - https:\/\/yoast.com\/wordpress\/plugins\/seo\/ -->\n<title>Compilazione della relazione - Citt\u00e0 di Fiume<\/title>\n<meta name=\"robots\" content=\"index, follow, max-snippet:-1, max-image-preview:large, max-video-preview:-1\" \/>\n<link rel=\"canonical\" href=\"https:\/\/www.rijeka.hr\/it\/temi-per-i-cittadini\/cittadinanza-attiva\/bilancio-partecipativo\/il-programma-di-partenariato-locale-di-fiume\/compilazione-della-relazione\/\" \/>\n<meta property=\"og:locale\" content=\"it_IT\" \/>\n<meta property=\"og:type\" content=\"article\" \/>\n<meta property=\"og:title\" content=\"Compilazione della relazione - Citt\u00e0 di Fiume\" \/>\n<meta property=\"og:description\" content=\"Relazione (chi, quando, dove, cosa, perch\u00e9, come, quanto &#8230;) fotografare (prima &#8211; situazione all&#8217;inizio, durante &#8211; tutte le attivit\u00e0 dopo &#8211; situazione dopo tutti i lavori) Lettere di ringraziamento Relazione per il sindaco Presentazione del programma di partenariato locale di Fiume \u2013 Municipio Lettere di ringraziamento &#8211; Municipio\" \/>\n<meta property=\"og:url\" content=\"https:\/\/www.rijeka.hr\/it\/temi-per-i-cittadini\/cittadinanza-attiva\/bilancio-partecipativo\/il-programma-di-partenariato-locale-di-fiume\/compilazione-della-relazione\/\" \/>\n<meta property=\"og:site_name\" content=\"Citt\u00e0 di Fiume\" \/>\n<meta property=\"article:modified_time\" content=\"2021-04-28T12:47:24+00:00\" \/>\n<meta name=\"twitter:card\" content=\"summary_large_image\" \/>\n<script type=\"application\/ld+json\" class=\"yoast-schema-graph\">{\"@context\":\"https:\/\/schema.org\",\"@graph\":[{\"@type\":\"WebPage\",\"@id\":\"https:\/\/www.rijeka.hr\/it\/temi-per-i-cittadini\/cittadinanza-attiva\/bilancio-partecipativo\/il-programma-di-partenariato-locale-di-fiume\/compilazione-della-relazione\/\",\"url\":\"https:\/\/www.rijeka.hr\/it\/temi-per-i-cittadini\/cittadinanza-attiva\/bilancio-partecipativo\/il-programma-di-partenariato-locale-di-fiume\/compilazione-della-relazione\/\",\"name\":\"Compilazione della relazione - Citt\u00e0 di Fiume\",\"isPartOf\":{\"@id\":\"https:\/\/www.rijeka.hr\/it\/#website\"},\"datePublished\":\"2016-10-11T11:14:36+00:00\",\"dateModified\":\"2021-04-28T12:47:24+00:00\",\"breadcrumb\":{\"@id\":\"https:\/\/www.rijeka.hr\/it\/temi-per-i-cittadini\/cittadinanza-attiva\/bilancio-partecipativo\/il-programma-di-partenariato-locale-di-fiume\/compilazione-della-relazione\/#breadcrumb\"},\"inLanguage\":\"it-IT\",\"potentialAction\":[{\"@type\":\"ReadAction\",\"target\":[\"https:\/\/www.rijeka.hr\/it\/temi-per-i-cittadini\/cittadinanza-attiva\/bilancio-partecipativo\/il-programma-di-partenariato-locale-di-fiume\/compilazione-della-relazione\/\"]}]},{\"@type\":\"BreadcrumbList\",\"@id\":\"https:\/\/www.rijeka.hr\/it\/temi-per-i-cittadini\/cittadinanza-attiva\/bilancio-partecipativo\/il-programma-di-partenariato-locale-di-fiume\/compilazione-della-relazione\/#breadcrumb\",\"itemListElement\":[{\"@type\":\"ListItem\",\"position\":1,\"name\":\"Po\u010detna stranica\",\"item\":\"https:\/\/www.rijeka.hr\/it\/\"},{\"@type\":\"ListItem\",\"position\":2,\"name\":\"Temi per i cittadini\",\"item\":\"https:\/\/www.rijeka.hr\/it\/temi-per-i-cittadini\/\"},{\"@type\":\"ListItem\",\"position\":3,\"name\":\"Cittadinanza attiva\",\"item\":\"https:\/\/www.rijeka.hr\/it\/temi-per-i-cittadini\/cittadinanza-attiva\/\"},{\"@type\":\"ListItem\",\"position\":4,\"name\":\"Bilancio partecipativo\",\"item\":\"https:\/\/www.rijeka.hr\/it\/temi-per-i-cittadini\/cittadinanza-attiva\/bilancio-partecipativo\/\"},{\"@type\":\"ListItem\",\"position\":5,\"name\":\"Il programma fiumano di partenariato locale\",\"item\":\"https:\/\/www.rijeka.hr\/it\/temi-per-i-cittadini\/cittadinanza-attiva\/bilancio-partecipativo\/il-programma-di-partenariato-locale-di-fiume\/\"},{\"@type\":\"ListItem\",\"position\":6,\"name\":\"Compilazione della relazione\"}]},{\"@type\":\"WebSite\",\"@id\":\"https:\/\/www.rijeka.hr\/it\/#website\",\"url\":\"https:\/\/www.rijeka.hr\/it\/\",\"name\":\"Citt\u00e0 di Fiume\",\"description\":\"Portale web della Citta&#039; di Fiume\",\"potentialAction\":[{\"@type\":\"SearchAction\",\"target\":{\"@type\":\"EntryPoint\",\"urlTemplate\":\"https:\/\/www.rijeka.hr\/it\/?s={search_term_string}\"},\"query-input\":{\"@type\":\"PropertyValueSpecification\",\"valueRequired\":true,\"valueName\":\"search_term_string\"}}],\"inLanguage\":\"it-IT\"}]}<\/script>\n<!-- \/ Yoast SEO plugin. -->","yoast_head_json":{"title":"Compilazione della relazione - Citt\u00e0 di Fiume","robots":{"index":"index","follow":"follow","max-snippet":"max-snippet:-1","max-image-preview":"max-image-preview:large","max-video-preview":"max-video-preview:-1"},"canonical":"https:\/\/www.rijeka.hr\/it\/temi-per-i-cittadini\/cittadinanza-attiva\/bilancio-partecipativo\/il-programma-di-partenariato-locale-di-fiume\/compilazione-della-relazione\/","og_locale":"it_IT","og_type":"article","og_title":"Compilazione della relazione - Citt\u00e0 di Fiume","og_description":"Relazione (chi, quando, dove, cosa, perch\u00e9, come, quanto &#8230;) fotografare (prima &#8211; situazione all&#8217;inizio, durante &#8211; tutte le attivit\u00e0 dopo &#8211; situazione dopo tutti i lavori) Lettere di ringraziamento Relazione per il sindaco Presentazione del programma di partenariato locale di Fiume \u2013 Municipio Lettere di ringraziamento &#8211; Municipio","og_url":"https:\/\/www.rijeka.hr\/it\/temi-per-i-cittadini\/cittadinanza-attiva\/bilancio-partecipativo\/il-programma-di-partenariato-locale-di-fiume\/compilazione-della-relazione\/","og_site_name":"Citt\u00e0 di Fiume","article_modified_time":"2021-04-28T12:47:24+00:00","twitter_card":"summary_large_image","schema":{"@context":"https:\/\/schema.org","@graph":[{"@type":"WebPage","@id":"https:\/\/www.rijeka.hr\/it\/temi-per-i-cittadini\/cittadinanza-attiva\/bilancio-partecipativo\/il-programma-di-partenariato-locale-di-fiume\/compilazione-della-relazione\/","url":"https:\/\/www.rijeka.hr\/it\/temi-per-i-cittadini\/cittadinanza-attiva\/bilancio-partecipativo\/il-programma-di-partenariato-locale-di-fiume\/compilazione-della-relazione\/","name":"Compilazione della relazione - Citt\u00e0 di Fiume","isPartOf":{"@id":"https:\/\/www.rijeka.hr\/it\/#website"},"datePublished":"2016-10-11T11:14:36+00:00","dateModified":"2021-04-28T12:47:24+00:00","breadcrumb":{"@id":"https:\/\/www.rijeka.hr\/it\/temi-per-i-cittadini\/cittadinanza-attiva\/bilancio-partecipativo\/il-programma-di-partenariato-locale-di-fiume\/compilazione-della-relazione\/#breadcrumb"},"inLanguage":"it-IT","potentialAction":[{"@type":"ReadAction","target":["https:\/\/www.rijeka.hr\/it\/temi-per-i-cittadini\/cittadinanza-attiva\/bilancio-partecipativo\/il-programma-di-partenariato-locale-di-fiume\/compilazione-della-relazione\/"]}]},{"@type":"BreadcrumbList","@id":"https:\/\/www.rijeka.hr\/it\/temi-per-i-cittadini\/cittadinanza-attiva\/bilancio-partecipativo\/il-programma-di-partenariato-locale-di-fiume\/compilazione-della-relazione\/#breadcrumb","itemListElement":[{"@type":"ListItem","position":1,"name":"Po\u010detna stranica","item":"https:\/\/www.rijeka.hr\/it\/"},{"@type":"ListItem","position":2,"name":"Temi per i cittadini","item":"https:\/\/www.rijeka.hr\/it\/temi-per-i-cittadini\/"},{"@type":"ListItem","position":3,"name":"Cittadinanza attiva","item":"https:\/\/www.rijeka.hr\/it\/temi-per-i-cittadini\/cittadinanza-attiva\/"},{"@type":"ListItem","position":4,"name":"Bilancio partecipativo","item":"https:\/\/www.rijeka.hr\/it\/temi-per-i-cittadini\/cittadinanza-attiva\/bilancio-partecipativo\/"},{"@type":"ListItem","position":5,"name":"Il programma fiumano di partenariato locale","item":"https:\/\/www.rijeka.hr\/it\/temi-per-i-cittadini\/cittadinanza-attiva\/bilancio-partecipativo\/il-programma-di-partenariato-locale-di-fiume\/"},{"@type":"ListItem","position":6,"name":"Compilazione della relazione"}]},{"@type":"WebSite","@id":"https:\/\/www.rijeka.hr\/it\/#website","url":"https:\/\/www.rijeka.hr\/it\/","name":"Citt\u00e0 di Fiume","description":"Portale web della Citta&#039; di Fiume","potentialAction":[{"@type":"SearchAction","target":{"@type":"EntryPoint","urlTemplate":"https:\/\/www.rijeka.hr\/it\/?s={search_term_string}"},"query-input":{"@type":"PropertyValueSpecification","valueRequired":true,"valueName":"search_term_string"}}],"inLanguage":"it-IT"}]}},"_links":{"self":[{"href":"https:\/\/www.rijeka.hr\/it\/wp-json\/wp\/v2\/pages\/1580","targetHints":{"allow":["GET"]}}],"collection":[{"href":"https:\/\/www.rijeka.hr\/it\/wp-json\/wp\/v2\/pages"}],"about":[{"href":"https:\/\/www.rijeka.hr\/it\/wp-json\/wp\/v2\/types\/page"}],"author":[{"embeddable":true,"href":"https:\/\/www.rijeka.hr\/it\/wp-json\/wp\/v2\/users\/13"}],"replies":[{"embeddable":true,"href":"https:\/\/www.rijeka.hr\/it\/wp-json\/wp\/v2\/comments?post=1580"}],"version-history":[{"count":3,"href":"https:\/\/www.rijeka.hr\/it\/wp-json\/wp\/v2\/pages\/1580\/revisions"}],"predecessor-version":[{"id":5094,"href":"https:\/\/www.rijeka.hr\/it\/wp-json\/wp\/v2\/pages\/1580\/revisions\/5094"}],"up":[{"embeddable":true,"href":"https:\/\/www.rijeka.hr\/it\/wp-json\/wp\/v2\/pages\/701"}],"wp:attachment":[{"href":"https:\/\/www.rijeka.hr\/it\/wp-json\/wp\/v2\/media?parent=1580"}],"wp:term":[{"taxonomy":"post_tag","embeddable":true,"href":"https:\/\/www.rijeka.hr\/it\/wp-json\/wp\/v2\/tags?post=1580"}],"curies":[{"name":"wp","href":"https:\/\/api.w.org\/{rel}","templated":true}]}}