{"id":16000,"date":"2022-10-11T10:30:40","date_gmt":"2022-10-11T08:30:40","guid":{"rendered":"https:\/\/www.rijeka.hr\/it\/?page_id=16000"},"modified":"2023-12-19T11:46:27","modified_gmt":"2023-12-19T10:46:27","slug":"relazioni-sane-introduzione-delleducazione-sessuale-completa-nelle-scuole-elementari-e-secondarie","status":"publish","type":"page","link":"https:\/\/www.rijeka.hr\/it\/amministrazione-cittadina\/progetti-cittadini\/ongoing-projects\/crescere-in-maniera-sana-e-felice-e-sostegno-ai-giovani\/relazioni-sane-introduzione-delleducazione-sessuale-completa-nelle-scuole-elementari-e-secondarie\/","title":{"rendered":"Relazioni sane &#8211; introduzione dell&#8217;educazione sessuale completa nelle scuole elementari e secondarie"},"content":{"rendered":"<p><img loading=\"lazy\" decoding=\"async\" width=\"600\" height=\"211\" class=\"aligncenter wp-image-15939 size-full\" src=\"https:\/\/www.rijeka.hr\/it\/wp-content\/uploads\/sites\/3\/2022\/10\/Program-Fonda-za-aktivno-gra\u0111anstvo-u-Hrvatskoj-600x211.jpg\" alt=\"\" \/><\/p>\n<p>Il progetto &#8220;Relazioni sane&#8221; si concentra sul problema chiave della mancanza di contenuti nel campo dell&#8217;educazione sessuale completa (ESC) nei programmi scolastici, sul mancato riconoscimento della sua importanza da parte delle parti interessate e sullo stigma che circonda l&#8217;educazione sessuale completa (ESC), che si basa su informazioni errate.<\/p>\n<p>Le attivit\u00e0 chiave sono le attivit\u00e0 di ricerca nelle scuole elementari e secondarie con un focus sugli elementi dell&#8217;ESC, la promozione dell&#8217;introduzione dell&#8217;ESC e la sensibilizzazione del pubblico sui vantaggi dell&#8217;introduzione dell&#8217;ESC. Il rafforzamento della capacit\u00e0 delle OSC contribuisce anche alla sostenibilit\u00e0 e la cooperazione durante il progetto apre lo spazio a una nuova cooperazione nazionale e bilaterale con la Norvegia e in un pi\u00f9 ampio campo di attivit\u00e0 delle associazioni. Il ruolo del candidato \u00e8 il coordinamento e la partecipazione alle attivit\u00e0, mentre i partner croati parteciperanno a tutti gli elementi del progetto.<\/p>\n<p>Il progetto contribuir\u00e0 all&#8217;uguaglianza di genere e alla prevenzione della violenza di genere, perch\u00e9 il curriculum ESC funge da meccanismo per la prevenzione della violenza di genere e della violenza nelle relazioni tra i giovani e gli stereotipi e i ruoli di genere vengono infranti, il che contribuisce all&#8217;uguaglianza dei sessi e alla costruzione di una societ\u00e0 pi\u00f9 equa e pi\u00f9 inclusiva, in particolare per i bambini e i giovani come gruppi vulnerabili.<\/p>\n<p>L&#8217;obiettivo generale del progetto \u00e8 contribuire all&#8217;introduzione dell&#8217;educazione sessuale completa (ESC) nelle scuole elementari e secondarie nella Repubblica di Croazia.<\/p>\n<p>Gli obiettivi specifici del progetto sono raccogliere prove per sostenere l&#8217;introduzione dell&#8217;educazione sessuale completa nelle scuole elementari e secondarie, stabilire un dialogo con i rappresentanti delle unit\u00e0 locali sull&#8217;introduzione dell&#8217;educazione sessuale completa nelle scuole elementari e secondarie e sensibilizzare l&#8217;opinione pubblica sui vantaggi dell&#8217;introduzione dell&#8217;educazione sessuale completa nelle scuole elementari e secondarie.<\/p>\n<p>Le attivit\u00e0 di base del progetto sono l&#8217;analisi dei curricula scolastici, l&#8217;esame degli atteggiamenti e dei bisogni del personale professionale (insegnanti, docenti, collaboratori) nelle scuole elementari e secondarie, l&#8217;esame degli atteggiamenti e dei bisogni degli alunni delle scuole elementari e secondarie, e il dialogo con genitori.<\/p>\n<p>La durata del progetto va da settembre 2022 a novembre 2023.<\/p>\n<p>Il progetto \u00e8 realizzato dall&#8217;Associazione per i diritti umani e la partecipazione civica PaRiter, l&#8217;Organizzazione lesbica di Fiume &#8211; LORI, SOS Fiume &#8211; Centro per la nonviolenza e i diritti umani e l&#8217;Associazione Delta, le unit\u00e0 di autogoverno locale e regionale sono anche partner progettuale, vale a dire la Citt\u00e0 di Fiume e la Regione di Vara\u017edin, mentre la Regione litoraneo &#8211; montana e la Regione di Sisak e della Moslavina sono partner collaborativi. Nell&#8217;ambito del progetto, \u00e8 stata stabilita una partnership bilaterale con l&#8217;organizzazione KUN (Centro per l&#8217;uguaglianza e la diversit\u00e0) dalla Norvegia.<\/p>\n<p>Il valore del progetto &#8220;Relazioni sane&#8221; ammonta a EUR 100.000, ed \u00e8 finanziato con EUR 90.000,00 di sostegno finanziario nell&#8217;ambito del Fondo per la cittadinanza attiva, con fondi di Islanda, Liechtenstein e Norvegia nell&#8217;ambito dello Spazio economico europeo e sovvenzioni norvegesi.<\/p>\n<p><strong>Persona da contattare per ulteriori informazioni:<\/strong><br \/>\nCitt\u00e0 di Fiume<br \/>\nDipartimento cittadino per l\u2019educazione e l\u2019istruzione<br \/>\nLana Golob<br \/>\nE-mail:\u00a0<u><a href=\"&#109;&#x61;i&#108;&#x74;o&#58;&#x6c;a&#110;&#x61;&#46;&#103;&#x6f;l&#111;&#x62;&#64;&#114;&#x69;j&#101;&#x6b;a&#46;&#x68;r\">&#x6c;&#97;n&#x61;&#46;&#103;&#x6f;&#x6c;&#111;b&#x40;&#114;i&#x6a;&#x65;&#107;a&#x2e;&#104;r<\/a><\/u><\/p>\n","protected":false},"excerpt":{"rendered":"<p>Il progetto &#8220;Relazioni sane&#8221; si concentra sul problema chiave della mancanza di contenuti nel campo dell&#8217;educazione sessuale completa (ESC) nei programmi scolastici, sul mancato riconoscimento della sua importanza da parte delle parti interessate e sullo stigma che circonda l&#8217;educazione sessuale completa (ESC), che si basa su informazioni errate. Le attivit\u00e0 chiave sono le attivit\u00e0 di&#8230;<\/p>\n","protected":false},"author":8,"featured_media":15939,"parent":15915,"menu_order":0,"comment_status":"closed","ping_status":"closed","template":"","meta":{"_acf_changed":false,"_trash_the_other_posts":false,"footnotes":"","_links_to":"","_links_to_target":""},"tags":[],"class_list":["post-16000","page","type-page","status-publish","has-post-thumbnail","hentry"],"acf":[],"yoast_head":"<!-- This site is optimized with the Yoast SEO plugin v24.4 - https:\/\/yoast.com\/wordpress\/plugins\/seo\/ -->\n<title>Relazioni sane - introduzione dell&#039;educazione sessuale completa nelle scuole elementari e secondarie - Citt\u00e0 di Fiume<\/title>\n<meta name=\"robots\" content=\"index, follow, max-snippet:-1, max-image-preview:large, max-video-preview:-1\" \/>\n<link rel=\"canonical\" href=\"https:\/\/www.rijeka.hr\/it\/amministrazione-cittadina\/progetti-cittadini\/ongoing-projects\/crescere-in-maniera-sana-e-felice-e-sostegno-ai-giovani\/relazioni-sane-introduzione-delleducazione-sessuale-completa-nelle-scuole-elementari-e-secondarie\/\" \/>\n<meta property=\"og:locale\" content=\"it_IT\" \/>\n<meta property=\"og:type\" content=\"article\" \/>\n<meta property=\"og:title\" content=\"Relazioni sane - introduzione dell&#039;educazione sessuale completa nelle scuole elementari e secondarie - Citt\u00e0 di Fiume\" \/>\n<meta property=\"og:description\" content=\"Il progetto &#8220;Relazioni sane&#8221; si concentra sul problema chiave della mancanza di contenuti nel campo dell&#8217;educazione sessuale completa (ESC) nei programmi scolastici, sul mancato riconoscimento della sua importanza da parte delle parti interessate e sullo stigma che circonda l&#8217;educazione sessuale completa (ESC), che si basa su informazioni errate. Le attivit\u00e0 chiave sono le attivit\u00e0 di...\" \/>\n<meta property=\"og:url\" content=\"https:\/\/www.rijeka.hr\/it\/amministrazione-cittadina\/progetti-cittadini\/ongoing-projects\/crescere-in-maniera-sana-e-felice-e-sostegno-ai-giovani\/relazioni-sane-introduzione-delleducazione-sessuale-completa-nelle-scuole-elementari-e-secondarie\/\" \/>\n<meta property=\"og:site_name\" content=\"Citt\u00e0 di Fiume\" \/>\n<meta property=\"article:modified_time\" content=\"2023-12-19T10:46:27+00:00\" \/>\n<meta property=\"og:image\" content=\"https:\/\/www.rijeka.hr\/it\/wp-content\/uploads\/sites\/3\/2022\/10\/Program-Fonda-za-aktivno-gra\u0111anstvo-u-Hrvatskoj-600x211.jpg\" \/>\n\t<meta property=\"og:image:width\" content=\"600\" \/>\n\t<meta property=\"og:image:height\" content=\"211\" \/>\n\t<meta property=\"og:image:type\" content=\"image\/jpeg\" \/>\n<meta name=\"twitter:card\" content=\"summary_large_image\" \/>\n<meta name=\"twitter:label1\" content=\"Est. reading time\" \/>\n\t<meta name=\"twitter:data1\" content=\"2 minutes\" \/>\n<script type=\"application\/ld+json\" class=\"yoast-schema-graph\">{\"@context\":\"https:\/\/schema.org\",\"@graph\":[{\"@type\":\"WebPage\",\"@id\":\"https:\/\/www.rijeka.hr\/it\/amministrazione-cittadina\/progetti-cittadini\/ongoing-projects\/crescere-in-maniera-sana-e-felice-e-sostegno-ai-giovani\/relazioni-sane-introduzione-delleducazione-sessuale-completa-nelle-scuole-elementari-e-secondarie\/\",\"url\":\"https:\/\/www.rijeka.hr\/it\/amministrazione-cittadina\/progetti-cittadini\/ongoing-projects\/crescere-in-maniera-sana-e-felice-e-sostegno-ai-giovani\/relazioni-sane-introduzione-delleducazione-sessuale-completa-nelle-scuole-elementari-e-secondarie\/\",\"name\":\"Relazioni sane - introduzione dell'educazione sessuale completa nelle scuole elementari e secondarie - Citt\u00e0 di Fiume\",\"isPartOf\":{\"@id\":\"https:\/\/www.rijeka.hr\/it\/#website\"},\"primaryImageOfPage\":{\"@id\":\"https:\/\/www.rijeka.hr\/it\/amministrazione-cittadina\/progetti-cittadini\/ongoing-projects\/crescere-in-maniera-sana-e-felice-e-sostegno-ai-giovani\/relazioni-sane-introduzione-delleducazione-sessuale-completa-nelle-scuole-elementari-e-secondarie\/#primaryimage\"},\"image\":{\"@id\":\"https:\/\/www.rijeka.hr\/it\/amministrazione-cittadina\/progetti-cittadini\/ongoing-projects\/crescere-in-maniera-sana-e-felice-e-sostegno-ai-giovani\/relazioni-sane-introduzione-delleducazione-sessuale-completa-nelle-scuole-elementari-e-secondarie\/#primaryimage\"},\"thumbnailUrl\":\"https:\/\/www.rijeka.hr\/it\/wp-content\/uploads\/sites\/3\/2022\/10\/Program-Fonda-za-aktivno-gra\u0111anstvo-u-Hrvatskoj-600x211.jpg\",\"datePublished\":\"2022-10-11T08:30:40+00:00\",\"dateModified\":\"2023-12-19T10:46:27+00:00\",\"breadcrumb\":{\"@id\":\"https:\/\/www.rijeka.hr\/it\/amministrazione-cittadina\/progetti-cittadini\/ongoing-projects\/crescere-in-maniera-sana-e-felice-e-sostegno-ai-giovani\/relazioni-sane-introduzione-delleducazione-sessuale-completa-nelle-scuole-elementari-e-secondarie\/#breadcrumb\"},\"inLanguage\":\"it-IT\",\"potentialAction\":[{\"@type\":\"ReadAction\",\"target\":[\"https:\/\/www.rijeka.hr\/it\/amministrazione-cittadina\/progetti-cittadini\/ongoing-projects\/crescere-in-maniera-sana-e-felice-e-sostegno-ai-giovani\/relazioni-sane-introduzione-delleducazione-sessuale-completa-nelle-scuole-elementari-e-secondarie\/\"]}]},{\"@type\":\"ImageObject\",\"inLanguage\":\"it-IT\",\"@id\":\"https:\/\/www.rijeka.hr\/it\/amministrazione-cittadina\/progetti-cittadini\/ongoing-projects\/crescere-in-maniera-sana-e-felice-e-sostegno-ai-giovani\/relazioni-sane-introduzione-delleducazione-sessuale-completa-nelle-scuole-elementari-e-secondarie\/#primaryimage\",\"url\":\"https:\/\/www.rijeka.hr\/it\/wp-content\/uploads\/sites\/3\/2022\/10\/Program-Fonda-za-aktivno-gra\u0111anstvo-u-Hrvatskoj-600x211.jpg\",\"contentUrl\":\"https:\/\/www.rijeka.hr\/it\/wp-content\/uploads\/sites\/3\/2022\/10\/Program-Fonda-za-aktivno-gra\u0111anstvo-u-Hrvatskoj-600x211.jpg\",\"width\":600,\"height\":211},{\"@type\":\"BreadcrumbList\",\"@id\":\"https:\/\/www.rijeka.hr\/it\/amministrazione-cittadina\/progetti-cittadini\/ongoing-projects\/crescere-in-maniera-sana-e-felice-e-sostegno-ai-giovani\/relazioni-sane-introduzione-delleducazione-sessuale-completa-nelle-scuole-elementari-e-secondarie\/#breadcrumb\",\"itemListElement\":[{\"@type\":\"ListItem\",\"position\":1,\"name\":\"Po\u010detna stranica\",\"item\":\"https:\/\/www.rijeka.hr\/it\/\"},{\"@type\":\"ListItem\",\"position\":2,\"name\":\"Amministrazione cittadina\",\"item\":\"https:\/\/www.rijeka.hr\/it\/amministrazione-cittadina\/\"},{\"@type\":\"ListItem\",\"position\":3,\"name\":\"Progetti cittadini\",\"item\":\"https:\/\/www.rijeka.hr\/it\/amministrazione-cittadina\/progetti-cittadini\/\"},{\"@type\":\"ListItem\",\"position\":4,\"name\":\"Progetti in corso\",\"item\":\"https:\/\/www.rijeka.hr\/it\/amministrazione-cittadina\/progetti-cittadini\/ongoing-projects\/\"},{\"@type\":\"ListItem\",\"position\":5,\"name\":\"Crescere in maniera sana e felice e sostegno ai giovani\",\"item\":\"https:\/\/www.rijeka.hr\/it\/amministrazione-cittadina\/progetti-cittadini\/ongoing-projects\/crescere-in-maniera-sana-e-felice-e-sostegno-ai-giovani\/\"},{\"@type\":\"ListItem\",\"position\":6,\"name\":\"Relazioni sane &#8211; introduzione dell&#8217;educazione sessuale completa nelle scuole elementari e secondarie\"}]},{\"@type\":\"WebSite\",\"@id\":\"https:\/\/www.rijeka.hr\/it\/#website\",\"url\":\"https:\/\/www.rijeka.hr\/it\/\",\"name\":\"Citt\u00e0 di Fiume\",\"description\":\"Portale web della Citta&#039; di Fiume\",\"potentialAction\":[{\"@type\":\"SearchAction\",\"target\":{\"@type\":\"EntryPoint\",\"urlTemplate\":\"https:\/\/www.rijeka.hr\/it\/?s={search_term_string}\"},\"query-input\":{\"@type\":\"PropertyValueSpecification\",\"valueRequired\":true,\"valueName\":\"search_term_string\"}}],\"inLanguage\":\"it-IT\"}]}<\/script>\n<!-- \/ Yoast SEO plugin. -->","yoast_head_json":{"title":"Relazioni sane - introduzione dell'educazione sessuale completa nelle scuole elementari e secondarie - Citt\u00e0 di Fiume","robots":{"index":"index","follow":"follow","max-snippet":"max-snippet:-1","max-image-preview":"max-image-preview:large","max-video-preview":"max-video-preview:-1"},"canonical":"https:\/\/www.rijeka.hr\/it\/amministrazione-cittadina\/progetti-cittadini\/ongoing-projects\/crescere-in-maniera-sana-e-felice-e-sostegno-ai-giovani\/relazioni-sane-introduzione-delleducazione-sessuale-completa-nelle-scuole-elementari-e-secondarie\/","og_locale":"it_IT","og_type":"article","og_title":"Relazioni sane - introduzione dell'educazione sessuale completa nelle scuole elementari e secondarie - Citt\u00e0 di Fiume","og_description":"Il progetto &#8220;Relazioni sane&#8221; si concentra sul problema chiave della mancanza di contenuti nel campo dell&#8217;educazione sessuale completa (ESC) nei programmi scolastici, sul mancato riconoscimento della sua importanza da parte delle parti interessate e sullo stigma che circonda l&#8217;educazione sessuale completa (ESC), che si basa su informazioni errate. Le attivit\u00e0 chiave sono le attivit\u00e0 di...","og_url":"https:\/\/www.rijeka.hr\/it\/amministrazione-cittadina\/progetti-cittadini\/ongoing-projects\/crescere-in-maniera-sana-e-felice-e-sostegno-ai-giovani\/relazioni-sane-introduzione-delleducazione-sessuale-completa-nelle-scuole-elementari-e-secondarie\/","og_site_name":"Citt\u00e0 di Fiume","article_modified_time":"2023-12-19T10:46:27+00:00","og_image":[{"width":600,"height":211,"url":"https:\/\/www.rijeka.hr\/it\/wp-content\/uploads\/sites\/3\/2022\/10\/Program-Fonda-za-aktivno-gra\u0111anstvo-u-Hrvatskoj-600x211.jpg","type":"image\/jpeg"}],"twitter_card":"summary_large_image","twitter_misc":{"Est. reading time":"2 minutes"},"schema":{"@context":"https:\/\/schema.org","@graph":[{"@type":"WebPage","@id":"https:\/\/www.rijeka.hr\/it\/amministrazione-cittadina\/progetti-cittadini\/ongoing-projects\/crescere-in-maniera-sana-e-felice-e-sostegno-ai-giovani\/relazioni-sane-introduzione-delleducazione-sessuale-completa-nelle-scuole-elementari-e-secondarie\/","url":"https:\/\/www.rijeka.hr\/it\/amministrazione-cittadina\/progetti-cittadini\/ongoing-projects\/crescere-in-maniera-sana-e-felice-e-sostegno-ai-giovani\/relazioni-sane-introduzione-delleducazione-sessuale-completa-nelle-scuole-elementari-e-secondarie\/","name":"Relazioni sane - introduzione dell'educazione sessuale completa nelle scuole elementari e secondarie - Citt\u00e0 di Fiume","isPartOf":{"@id":"https:\/\/www.rijeka.hr\/it\/#website"},"primaryImageOfPage":{"@id":"https:\/\/www.rijeka.hr\/it\/amministrazione-cittadina\/progetti-cittadini\/ongoing-projects\/crescere-in-maniera-sana-e-felice-e-sostegno-ai-giovani\/relazioni-sane-introduzione-delleducazione-sessuale-completa-nelle-scuole-elementari-e-secondarie\/#primaryimage"},"image":{"@id":"https:\/\/www.rijeka.hr\/it\/amministrazione-cittadina\/progetti-cittadini\/ongoing-projects\/crescere-in-maniera-sana-e-felice-e-sostegno-ai-giovani\/relazioni-sane-introduzione-delleducazione-sessuale-completa-nelle-scuole-elementari-e-secondarie\/#primaryimage"},"thumbnailUrl":"https:\/\/www.rijeka.hr\/it\/wp-content\/uploads\/sites\/3\/2022\/10\/Program-Fonda-za-aktivno-gra\u0111anstvo-u-Hrvatskoj-600x211.jpg","datePublished":"2022-10-11T08:30:40+00:00","dateModified":"2023-12-19T10:46:27+00:00","breadcrumb":{"@id":"https:\/\/www.rijeka.hr\/it\/amministrazione-cittadina\/progetti-cittadini\/ongoing-projects\/crescere-in-maniera-sana-e-felice-e-sostegno-ai-giovani\/relazioni-sane-introduzione-delleducazione-sessuale-completa-nelle-scuole-elementari-e-secondarie\/#breadcrumb"},"inLanguage":"it-IT","potentialAction":[{"@type":"ReadAction","target":["https:\/\/www.rijeka.hr\/it\/amministrazione-cittadina\/progetti-cittadini\/ongoing-projects\/crescere-in-maniera-sana-e-felice-e-sostegno-ai-giovani\/relazioni-sane-introduzione-delleducazione-sessuale-completa-nelle-scuole-elementari-e-secondarie\/"]}]},{"@type":"ImageObject","inLanguage":"it-IT","@id":"https:\/\/www.rijeka.hr\/it\/amministrazione-cittadina\/progetti-cittadini\/ongoing-projects\/crescere-in-maniera-sana-e-felice-e-sostegno-ai-giovani\/relazioni-sane-introduzione-delleducazione-sessuale-completa-nelle-scuole-elementari-e-secondarie\/#primaryimage","url":"https:\/\/www.rijeka.hr\/it\/wp-content\/uploads\/sites\/3\/2022\/10\/Program-Fonda-za-aktivno-gra\u0111anstvo-u-Hrvatskoj-600x211.jpg","contentUrl":"https:\/\/www.rijeka.hr\/it\/wp-content\/uploads\/sites\/3\/2022\/10\/Program-Fonda-za-aktivno-gra\u0111anstvo-u-Hrvatskoj-600x211.jpg","width":600,"height":211},{"@type":"BreadcrumbList","@id":"https:\/\/www.rijeka.hr\/it\/amministrazione-cittadina\/progetti-cittadini\/ongoing-projects\/crescere-in-maniera-sana-e-felice-e-sostegno-ai-giovani\/relazioni-sane-introduzione-delleducazione-sessuale-completa-nelle-scuole-elementari-e-secondarie\/#breadcrumb","itemListElement":[{"@type":"ListItem","position":1,"name":"Po\u010detna stranica","item":"https:\/\/www.rijeka.hr\/it\/"},{"@type":"ListItem","position":2,"name":"Amministrazione cittadina","item":"https:\/\/www.rijeka.hr\/it\/amministrazione-cittadina\/"},{"@type":"ListItem","position":3,"name":"Progetti cittadini","item":"https:\/\/www.rijeka.hr\/it\/amministrazione-cittadina\/progetti-cittadini\/"},{"@type":"ListItem","position":4,"name":"Progetti in corso","item":"https:\/\/www.rijeka.hr\/it\/amministrazione-cittadina\/progetti-cittadini\/ongoing-projects\/"},{"@type":"ListItem","position":5,"name":"Crescere in maniera sana e felice e sostegno ai giovani","item":"https:\/\/www.rijeka.hr\/it\/amministrazione-cittadina\/progetti-cittadini\/ongoing-projects\/crescere-in-maniera-sana-e-felice-e-sostegno-ai-giovani\/"},{"@type":"ListItem","position":6,"name":"Relazioni sane &#8211; introduzione dell&#8217;educazione sessuale completa nelle scuole elementari e secondarie"}]},{"@type":"WebSite","@id":"https:\/\/www.rijeka.hr\/it\/#website","url":"https:\/\/www.rijeka.hr\/it\/","name":"Citt\u00e0 di Fiume","description":"Portale web della Citta&#039; di Fiume","potentialAction":[{"@type":"SearchAction","target":{"@type":"EntryPoint","urlTemplate":"https:\/\/www.rijeka.hr\/it\/?s={search_term_string}"},"query-input":{"@type":"PropertyValueSpecification","valueRequired":true,"valueName":"search_term_string"}}],"inLanguage":"it-IT"}]}},"_links":{"self":[{"href":"https:\/\/www.rijeka.hr\/it\/wp-json\/wp\/v2\/pages\/16000","targetHints":{"allow":["GET"]}}],"collection":[{"href":"https:\/\/www.rijeka.hr\/it\/wp-json\/wp\/v2\/pages"}],"about":[{"href":"https:\/\/www.rijeka.hr\/it\/wp-json\/wp\/v2\/types\/page"}],"author":[{"embeddable":true,"href":"https:\/\/www.rijeka.hr\/it\/wp-json\/wp\/v2\/users\/8"}],"replies":[{"embeddable":true,"href":"https:\/\/www.rijeka.hr\/it\/wp-json\/wp\/v2\/comments?post=16000"}],"version-history":[{"count":3,"href":"https:\/\/www.rijeka.hr\/it\/wp-json\/wp\/v2\/pages\/16000\/revisions"}],"predecessor-version":[{"id":16004,"href":"https:\/\/www.rijeka.hr\/it\/wp-json\/wp\/v2\/pages\/16000\/revisions\/16004"}],"up":[{"embeddable":true,"href":"https:\/\/www.rijeka.hr\/it\/wp-json\/wp\/v2\/pages\/15915"}],"wp:featuredmedia":[{"embeddable":true,"href":"https:\/\/www.rijeka.hr\/it\/wp-json\/wp\/v2\/media\/15939"}],"wp:attachment":[{"href":"https:\/\/www.rijeka.hr\/it\/wp-json\/wp\/v2\/media?parent=16000"}],"wp:term":[{"taxonomy":"post_tag","embeddable":true,"href":"https:\/\/www.rijeka.hr\/it\/wp-json\/wp\/v2\/tags?post=16000"}],"curies":[{"name":"wp","href":"https:\/\/api.w.org\/{rel}","templated":true}]}}