{"id":1698,"date":"2016-10-26T13:53:53","date_gmt":"2016-10-26T11:53:53","guid":{"rendered":"https:\/\/www.rijeka.hr\/it\/?page_id=1698"},"modified":"2021-08-11T15:31:59","modified_gmt":"2021-08-11T13:31:59","slug":"ricreazione-dei-pensionati","status":"publish","type":"page","link":"https:\/\/www.rijeka.hr\/it\/temi-per-i-cittadini\/famiglia-e-assistenza-sociale\/anziani-e-pensionati\/ricreazione-dei-pensionati\/","title":{"rendered":"Ricreazione per anziani"},"content":{"rendered":"<div class=\"frame\">\n<div class=\"page tlid-homepage homepage translate-text\">\n<div class=\"homepage-content-wrap\">\n<div class=\"tlid-source-target main-header small-font\">\n<div class=\"source-target-row\">\n<div class=\"tlid-results-container results-container\">\n<div class=\"tlid-result result-dict-wrapper\">\n<div class=\"result tlid-copy-target\">\n<div class=\"text-wrap tlid-copy-target\">\n<div class=\"result-shield-container tlid-copy-target\"><span class=\"tlid-translation translation\" lang=\"it\"><span title=\"\">Programmi sanitari e ricreativi per anziani e pensionati sostenuti dalla Citt\u00e0 di Fiume:<\/span><\/span><\/div>\n<\/div>\n<div>\n<ul>\n<li><a href=\"https:\/\/www.rijeka.hr\/it\/temi-per-i-cittadini\/famiglia-e-assistenza-sociale\/salute\/servizi-sanitari-eo-servizi-consultivi\/ginnastica-per-migliorare-la-salute-psichica-delle-persone-in-eta-media-e-anziana\/?noredirect=it_IT\">Ginnastica per migliorare la salute psicofisica delle persone in et\u00e0 media e anziana<\/a><\/li>\n<li><a href=\"https:\/\/www.rijeka.hr\/it\/temi-per-i-cittadini\/famiglia-e-assistenza-sociale\/salute\/servizi-sanitari-eo-servizi-consultivi\/pratichiamo-lo-yoga-nella-vita-quotidiana-per-una-citta-sana\/?noredirect=it_IT\">Pratichiamo \u201cLo yoga nella vita quotidiana\u201c per una citt\u00e0 sana 50+<\/a><\/li>\n<li><a href=\"https:\/\/www.rijeka.hr\/it\/ricreazione-sportiva-dei-pensionati-al-polo-natatorio-di-cantrida\/?noredirect=it_IT\">Ricreazione sportiva dei pensionati al Polo natatorio di Cantrida<\/a><\/li>\n<li><a href=\"https:\/\/www.rijeka.hr\/it\/temi-per-i-cittadini\/famiglia-e-assistenza-sociale\/salute\/servizi-sanitari-eo-servizi-consultivi\/con-lallenamento-e-unalimentazione-corretta-contro-il-diabete-e-losteoporosi\/?noredirect=it_IT\">Con l\u2019allenamento e un\u2019alimentazione corretta contro il diabete e l\u2019osteoporosi<\/a><\/li>\n<li><a href=\"https:\/\/www.rijeka.hr\/it\/temi-per-i-cittadini\/famiglia-e-assistenza-sociale\/salute\/servizi-sanitari-eo-servizi-consultivi\/esercizi-organizzati-per-anziani-di-eta-superiore-ai-65-anni\/?noredirect=it_IT\">Esercizi organizzati per anziani di et\u00e0 superiore ai 65 anni<\/a><\/li>\n<\/ul>\n<p>&nbsp;<\/p>\n<\/div>\n<\/div>\n<\/div>\n<\/div>\n<\/div>\n<\/div>\n<\/div>\n<\/div>\n<\/div>\n","protected":false},"excerpt":{"rendered":"<p>Programmi sanitari e ricreativi per anziani e pensionati sostenuti dalla Citt\u00e0 di Fiume: Ginnastica per migliorare la salute psicofisica delle persone in et\u00e0 media e anziana Pratichiamo \u201cLo yoga nella vita quotidiana\u201c per una citt\u00e0 sana 50+ Ricreazione sportiva dei pensionati al Polo natatorio di Cantrida Con l\u2019allenamento e un\u2019alimentazione corretta contro il diabete e&#8230;<\/p>\n","protected":false},"author":2,"featured_media":0,"parent":143,"menu_order":0,"comment_status":"closed","ping_status":"closed","template":"","meta":{"_acf_changed":false,"_trash_the_other_posts":false,"footnotes":"","_links_to":"","_links_to_target":""},"tags":[],"class_list":["post-1698","page","type-page","status-publish","hentry"],"acf":[],"yoast_head":"<!-- This site is optimized with the Yoast SEO plugin v24.4 - https:\/\/yoast.com\/wordpress\/plugins\/seo\/ -->\n<title>Ricreazione per anziani - Citt\u00e0 di Fiume<\/title>\n<meta name=\"robots\" content=\"index, follow, max-snippet:-1, max-image-preview:large, max-video-preview:-1\" \/>\n<link rel=\"canonical\" href=\"https:\/\/www.rijeka.hr\/it\/temi-per-i-cittadini\/famiglia-e-assistenza-sociale\/anziani-e-pensionati\/ricreazione-dei-pensionati\/\" \/>\n<meta property=\"og:locale\" content=\"it_IT\" \/>\n<meta property=\"og:type\" content=\"article\" \/>\n<meta property=\"og:title\" content=\"Ricreazione per anziani - Citt\u00e0 di Fiume\" \/>\n<meta property=\"og:description\" content=\"Programmi sanitari e ricreativi per anziani e pensionati sostenuti dalla Citt\u00e0 di Fiume: Ginnastica per migliorare la salute psicofisica delle persone in et\u00e0 media e anziana Pratichiamo \u201cLo yoga nella vita quotidiana\u201c per una citt\u00e0 sana 50+ Ricreazione sportiva dei pensionati al Polo natatorio di Cantrida Con l\u2019allenamento e un\u2019alimentazione corretta contro il diabete e...\" \/>\n<meta property=\"og:url\" content=\"https:\/\/www.rijeka.hr\/it\/temi-per-i-cittadini\/famiglia-e-assistenza-sociale\/anziani-e-pensionati\/ricreazione-dei-pensionati\/\" \/>\n<meta property=\"og:site_name\" content=\"Citt\u00e0 di Fiume\" \/>\n<meta property=\"article:modified_time\" content=\"2021-08-11T13:31:59+00:00\" \/>\n<meta name=\"twitter:card\" content=\"summary_large_image\" \/>\n<script type=\"application\/ld+json\" class=\"yoast-schema-graph\">{\"@context\":\"https:\/\/schema.org\",\"@graph\":[{\"@type\":\"WebPage\",\"@id\":\"https:\/\/www.rijeka.hr\/it\/temi-per-i-cittadini\/famiglia-e-assistenza-sociale\/anziani-e-pensionati\/ricreazione-dei-pensionati\/\",\"url\":\"https:\/\/www.rijeka.hr\/it\/temi-per-i-cittadini\/famiglia-e-assistenza-sociale\/anziani-e-pensionati\/ricreazione-dei-pensionati\/\",\"name\":\"Ricreazione per anziani - Citt\u00e0 di Fiume\",\"isPartOf\":{\"@id\":\"https:\/\/www.rijeka.hr\/it\/#website\"},\"datePublished\":\"2016-10-26T11:53:53+00:00\",\"dateModified\":\"2021-08-11T13:31:59+00:00\",\"breadcrumb\":{\"@id\":\"https:\/\/www.rijeka.hr\/it\/temi-per-i-cittadini\/famiglia-e-assistenza-sociale\/anziani-e-pensionati\/ricreazione-dei-pensionati\/#breadcrumb\"},\"inLanguage\":\"it-IT\",\"potentialAction\":[{\"@type\":\"ReadAction\",\"target\":[\"https:\/\/www.rijeka.hr\/it\/temi-per-i-cittadini\/famiglia-e-assistenza-sociale\/anziani-e-pensionati\/ricreazione-dei-pensionati\/\"]}]},{\"@type\":\"BreadcrumbList\",\"@id\":\"https:\/\/www.rijeka.hr\/it\/temi-per-i-cittadini\/famiglia-e-assistenza-sociale\/anziani-e-pensionati\/ricreazione-dei-pensionati\/#breadcrumb\",\"itemListElement\":[{\"@type\":\"ListItem\",\"position\":1,\"name\":\"Po\u010detna stranica\",\"item\":\"https:\/\/www.rijeka.hr\/it\/\"},{\"@type\":\"ListItem\",\"position\":2,\"name\":\"Temi per i cittadini\",\"item\":\"https:\/\/www.rijeka.hr\/it\/temi-per-i-cittadini\/\"},{\"@type\":\"ListItem\",\"position\":3,\"name\":\"Famiglia e previdenza sociale\",\"item\":\"https:\/\/www.rijeka.hr\/it\/temi-per-i-cittadini\/famiglia-e-assistenza-sociale\/\"},{\"@type\":\"ListItem\",\"position\":4,\"name\":\"Anziani e pensionati\",\"item\":\"https:\/\/www.rijeka.hr\/it\/temi-per-i-cittadini\/famiglia-e-assistenza-sociale\/anziani-e-pensionati\/\"},{\"@type\":\"ListItem\",\"position\":5,\"name\":\"Ricreazione per anziani\"}]},{\"@type\":\"WebSite\",\"@id\":\"https:\/\/www.rijeka.hr\/it\/#website\",\"url\":\"https:\/\/www.rijeka.hr\/it\/\",\"name\":\"Citt\u00e0 di Fiume\",\"description\":\"Portale web della Citta&#039; di Fiume\",\"potentialAction\":[{\"@type\":\"SearchAction\",\"target\":{\"@type\":\"EntryPoint\",\"urlTemplate\":\"https:\/\/www.rijeka.hr\/it\/?s={search_term_string}\"},\"query-input\":{\"@type\":\"PropertyValueSpecification\",\"valueRequired\":true,\"valueName\":\"search_term_string\"}}],\"inLanguage\":\"it-IT\"}]}<\/script>\n<!-- \/ Yoast SEO plugin. -->","yoast_head_json":{"title":"Ricreazione per anziani - Citt\u00e0 di Fiume","robots":{"index":"index","follow":"follow","max-snippet":"max-snippet:-1","max-image-preview":"max-image-preview:large","max-video-preview":"max-video-preview:-1"},"canonical":"https:\/\/www.rijeka.hr\/it\/temi-per-i-cittadini\/famiglia-e-assistenza-sociale\/anziani-e-pensionati\/ricreazione-dei-pensionati\/","og_locale":"it_IT","og_type":"article","og_title":"Ricreazione per anziani - Citt\u00e0 di Fiume","og_description":"Programmi sanitari e ricreativi per anziani e pensionati sostenuti dalla Citt\u00e0 di Fiume: Ginnastica per migliorare la salute psicofisica delle persone in et\u00e0 media e anziana Pratichiamo \u201cLo yoga nella vita quotidiana\u201c per una citt\u00e0 sana 50+ Ricreazione sportiva dei pensionati al Polo natatorio di Cantrida Con l\u2019allenamento e un\u2019alimentazione corretta contro il diabete e...","og_url":"https:\/\/www.rijeka.hr\/it\/temi-per-i-cittadini\/famiglia-e-assistenza-sociale\/anziani-e-pensionati\/ricreazione-dei-pensionati\/","og_site_name":"Citt\u00e0 di Fiume","article_modified_time":"2021-08-11T13:31:59+00:00","twitter_card":"summary_large_image","schema":{"@context":"https:\/\/schema.org","@graph":[{"@type":"WebPage","@id":"https:\/\/www.rijeka.hr\/it\/temi-per-i-cittadini\/famiglia-e-assistenza-sociale\/anziani-e-pensionati\/ricreazione-dei-pensionati\/","url":"https:\/\/www.rijeka.hr\/it\/temi-per-i-cittadini\/famiglia-e-assistenza-sociale\/anziani-e-pensionati\/ricreazione-dei-pensionati\/","name":"Ricreazione per anziani - Citt\u00e0 di Fiume","isPartOf":{"@id":"https:\/\/www.rijeka.hr\/it\/#website"},"datePublished":"2016-10-26T11:53:53+00:00","dateModified":"2021-08-11T13:31:59+00:00","breadcrumb":{"@id":"https:\/\/www.rijeka.hr\/it\/temi-per-i-cittadini\/famiglia-e-assistenza-sociale\/anziani-e-pensionati\/ricreazione-dei-pensionati\/#breadcrumb"},"inLanguage":"it-IT","potentialAction":[{"@type":"ReadAction","target":["https:\/\/www.rijeka.hr\/it\/temi-per-i-cittadini\/famiglia-e-assistenza-sociale\/anziani-e-pensionati\/ricreazione-dei-pensionati\/"]}]},{"@type":"BreadcrumbList","@id":"https:\/\/www.rijeka.hr\/it\/temi-per-i-cittadini\/famiglia-e-assistenza-sociale\/anziani-e-pensionati\/ricreazione-dei-pensionati\/#breadcrumb","itemListElement":[{"@type":"ListItem","position":1,"name":"Po\u010detna stranica","item":"https:\/\/www.rijeka.hr\/it\/"},{"@type":"ListItem","position":2,"name":"Temi per i cittadini","item":"https:\/\/www.rijeka.hr\/it\/temi-per-i-cittadini\/"},{"@type":"ListItem","position":3,"name":"Famiglia e previdenza sociale","item":"https:\/\/www.rijeka.hr\/it\/temi-per-i-cittadini\/famiglia-e-assistenza-sociale\/"},{"@type":"ListItem","position":4,"name":"Anziani e pensionati","item":"https:\/\/www.rijeka.hr\/it\/temi-per-i-cittadini\/famiglia-e-assistenza-sociale\/anziani-e-pensionati\/"},{"@type":"ListItem","position":5,"name":"Ricreazione per anziani"}]},{"@type":"WebSite","@id":"https:\/\/www.rijeka.hr\/it\/#website","url":"https:\/\/www.rijeka.hr\/it\/","name":"Citt\u00e0 di Fiume","description":"Portale web della Citta&#039; di Fiume","potentialAction":[{"@type":"SearchAction","target":{"@type":"EntryPoint","urlTemplate":"https:\/\/www.rijeka.hr\/it\/?s={search_term_string}"},"query-input":{"@type":"PropertyValueSpecification","valueRequired":true,"valueName":"search_term_string"}}],"inLanguage":"it-IT"}]}},"_links":{"self":[{"href":"https:\/\/www.rijeka.hr\/it\/wp-json\/wp\/v2\/pages\/1698","targetHints":{"allow":["GET"]}}],"collection":[{"href":"https:\/\/www.rijeka.hr\/it\/wp-json\/wp\/v2\/pages"}],"about":[{"href":"https:\/\/www.rijeka.hr\/it\/wp-json\/wp\/v2\/types\/page"}],"author":[{"embeddable":true,"href":"https:\/\/www.rijeka.hr\/it\/wp-json\/wp\/v2\/users\/2"}],"replies":[{"embeddable":true,"href":"https:\/\/www.rijeka.hr\/it\/wp-json\/wp\/v2\/comments?post=1698"}],"version-history":[{"count":7,"href":"https:\/\/www.rijeka.hr\/it\/wp-json\/wp\/v2\/pages\/1698\/revisions"}],"predecessor-version":[{"id":9830,"href":"https:\/\/www.rijeka.hr\/it\/wp-json\/wp\/v2\/pages\/1698\/revisions\/9830"}],"up":[{"embeddable":true,"href":"https:\/\/www.rijeka.hr\/it\/wp-json\/wp\/v2\/pages\/143"}],"wp:attachment":[{"href":"https:\/\/www.rijeka.hr\/it\/wp-json\/wp\/v2\/media?parent=1698"}],"wp:term":[{"taxonomy":"post_tag","embeddable":true,"href":"https:\/\/www.rijeka.hr\/it\/wp-json\/wp\/v2\/tags?post=1698"}],"curies":[{"name":"wp","href":"https:\/\/api.w.org\/{rel}","templated":true}]}}