{"id":17152,"date":"2023-01-02T15:09:22","date_gmt":"2023-01-02T14:09:22","guid":{"rendered":"https:\/\/www.rijeka.hr\/it\/?page_id=17152"},"modified":"2023-12-19T09:49:40","modified_gmt":"2023-12-19T08:49:40","slug":"penso-agisco-decido","status":"publish","type":"page","link":"https:\/\/www.rijeka.hr\/it\/amministrazione-cittadina\/progetti-cittadini\/ongoing-projects\/crescere-in-maniera-sana-e-felice-e-sostegno-ai-giovani\/penso-agisco-decido\/","title":{"rendered":"Penso, agisco, decido"},"content":{"rendered":"<h2>Titolo del progetto<\/h2>\n<p>Penso, agisco, decido &#8211; potenziamento della partecipazione dei giovani attraverso il loro coinvolgimento attivo nella creazione e nel sostegno delle politiche giovanili<\/p>\n<h2>Obiettivo del progetto<\/h2>\n<p>L&#8217;obiettivo generale del progetto intitolato &#8220;Penso, agisco, decido &#8211; potenziamento della partecipazione dei giovani attraverso il loro coinvolgimento attivo nella creazione e nel sostegno delle politiche giovanili&#8221; \u00e8 di aumentare la partecipazione attiva dei giovani nelle comunit\u00e0 locali della Citt\u00e0 di Fiume, della citt\u00e0 di Abbazia e della citt\u00e0 di Kri\u017eevci. Raggiungendo l&#8217;obiettivo, si vuole responsabilizzare i giovani a partecipare al processo decisionale a livello locale, ridurre la loro sfiducia nelle istituzioni e nei decisori, avvicinare i giovani e i decisori nella risoluzione di questioni di interesse generale, incoraggiare l&#8217;attivismo giovanile e volontariato attraverso l\u2019applicazione dell\u2019Iniziativa per l\u2019eccellente voto!<\/p>\n<h2>Obiettivi specifici:<\/h2>\n<p>Il contributo al raggiungimento dell&#8217;obiettivo generale del progetto fornir\u00e0 il raggiungimento dei seguenti obiettivi specifici interconnessi:<\/p>\n<ol>\n<li>Aumentare la capacit\u00e0 dei rappresentanti delle unit\u00e0 di autogoverno locale e dei consigli giovanili (Citt\u00e0 di Fiume, Citt\u00e0 di Abbazia e Citt\u00e0 di Kri\u017eevci) di coinvolgere i giovani nella creazione e nella promozione delle politiche locali orientate ai giovani;<\/li>\n<li>Formare le persone interessate che lavorano con i giovani per un lavoro di alta qualit\u00e0 con i giovani in et\u00e0 di scuola secondaria nel campo della cittadinanza attiva;<\/li>\n<li>Incoraggiare ed educare i giovani in et\u00e0 di scuola secondaria ad assumere e praticare il ruolo di cittadino attivo in diverse parti della vita sociale e a risolvere alcuni problemi sociali;<\/li>\n<li>Stabilire un dialogo tra i giovani in et\u00e0 di scuola secondaria, i consigli giovanili e i responsabili delle decisioni a livello locale (Citt\u00e0 di Fiume, Citt\u00e0 di Abbazia e Citt\u00e0 di Kri\u017eevci).<\/li>\n<\/ol>\n<h2>Durata del progetto<\/h2>\n<p>gennaio 2023 &#8211; dicembre 2023 (12 mesi)<\/p>\n<h2>Sintesi del progetto<\/h2>\n<p>Il progetto &#8220;Penso, agisco, decido &#8211; potenziamento della partecipazione dei giovani attraverso il loro coinvolgimento attivo nella creazione e nel sostegno delle politiche giovanili&#8221; ha l&#8217;obiettivo di responsabilizzare i giovani e creare spazi e opportunit\u00e0 per i giovani per un maggiore coinvolgimento nei processi decisionali a livello locale, a Fiume, Abbazia e Kri\u017eevci. Le attivit\u00e0 coinvolgono tutti gli attori importanti della comunit\u00e0 (decisori, persone che lavorano con i giovani e i giovani stessi) e sono progettate per incoraggiare una cooperazione continua tra di loro. Le principali attivit\u00e0 comprendono: formazione per i consigli dei giovani, formazione per le persone che lavorano con i giovani, formazione e lavoro diretto con i giovani e attivit\u00e0 di dialogo tra giovani e decisori.<\/p>\n<p>Le citt\u00e0 di Fiume, Abbazia e Kri\u017eevci, ovvero i presidenti dei Consigli dei giovani delle suddette citt\u00e0, hanno firmato all&#8217;inizio del 2022 un Accordo tripartito di amicizia e cooperazione con l&#8217;obiettivo di promuovere la cooperazione su questioni importanti per i giovani. Con questo Accordo, i giovani scambieranno esperienze e conoscenze in settori importanti per i giovani, contribuiranno allo sviluppo di politiche per i giovani e collegheranno pi\u00f9 intensamente le tre citt\u00e0. Hanno inoltre formato un gruppo di lavoro congiunto che stabilir\u00e0 ogni anno il programma delle attivit\u00e0 specifiche e fornir\u00e0 le basi per la loro attuazione. Durante gli incontri, i membri del gruppo di lavoro hanno discusso il tema delle borse di studio e delle politiche abitative per i giovani e definito attivit\u00e0 specifiche per migliorare il tenore di vita dei giovani nelle loro comunit\u00e0 locali.<\/p>\n<h2>Capofila<\/h2>\n<ul>\n<li>Associazione Delta<\/li>\n<\/ul>\n<h2>Partner<\/h2>\n<ul>\n<li>Citt\u00e0 di Fiume<\/li>\n<li>Citt\u00e0 di Kri\u017eevci<\/li>\n<li>Citt\u00e0 di Abbazia<\/li>\n<\/ul>\n<h2>Bilancio<\/h2>\n<ul>\n<li>Valore complessivo del progetto: EUR 17.904,51<\/li>\n<li>Valore complessivo stanziato nel bilancio dello Stato: EUR 13.272,28<\/li>\n<li>Valore complessivo stanziato nel bilancio della Citt\u00e0 di Fiume: EUR 3.318,07<\/li>\n<li>La differenza stanziata nei bilanci delle citt\u00e0 partner &#8211; Abbazia e Kri\u017eevci<\/li>\n<\/ul>\n<h2>Autorit\u00e0 competente<\/h2>\n<p>Ufficio Centrale dello Stato per la Demografia e la Giovent\u00f9 \u2013 SDUDM<\/p>\n<p><img loading=\"lazy\" decoding=\"async\" width=\"1000\" height=\"227\" class=\"aligncenter wp-image-17156 size-full\" src=\"https:\/\/www.rijeka.hr\/it\/wp-content\/uploads\/sites\/3\/2023\/01\/Sredi\u0161nji-dr\u017eavni-ured-za-demografiju-i-mlade-1000x227.jpg\" alt=\"\" srcset=\"https:\/\/www.rijeka.hr\/it\/wp-content\/uploads\/sites\/3\/2023\/01\/Sredi\u0161nji-dr\u017eavni-ured-za-demografiju-i-mlade-1000x227.jpg 1000w, https:\/\/www.rijeka.hr\/it\/wp-content\/uploads\/sites\/3\/2023\/01\/Sredi\u0161nji-dr\u017eavni-ured-za-demografiju-i-mlade-1000x227-600x136.jpg 600w, https:\/\/www.rijeka.hr\/it\/wp-content\/uploads\/sites\/3\/2023\/01\/Sredi\u0161nji-dr\u017eavni-ured-za-demografiju-i-mlade-1000x227-768x174.jpg 768w\" sizes=\"(max-width: 1000px) 100vw, 1000px\" \/><\/p>\n","protected":false},"excerpt":{"rendered":"<p>Titolo del progetto Penso, agisco, decido &#8211; potenziamento della partecipazione dei giovani attraverso il loro coinvolgimento attivo nella creazione e nel sostegno delle politiche giovanili Obiettivo del progetto L&#8217;obiettivo generale del progetto intitolato &#8220;Penso, agisco, decido &#8211; potenziamento della partecipazione dei giovani attraverso il loro coinvolgimento attivo nella creazione e nel sostegno delle politiche giovanili&#8221;&#8230;<\/p>\n","protected":false},"author":8,"featured_media":0,"parent":15915,"menu_order":0,"comment_status":"closed","ping_status":"closed","template":"","meta":{"_acf_changed":false,"_trash_the_other_posts":false,"footnotes":"","_links_to":"","_links_to_target":""},"tags":[],"class_list":["post-17152","page","type-page","status-publish","hentry"],"acf":[],"yoast_head":"<!-- This site is optimized with the Yoast SEO plugin v24.4 - https:\/\/yoast.com\/wordpress\/plugins\/seo\/ -->\n<title>Penso, agisco, decido - Citt\u00e0 di Fiume<\/title>\n<meta name=\"robots\" content=\"index, follow, max-snippet:-1, max-image-preview:large, max-video-preview:-1\" \/>\n<link rel=\"canonical\" href=\"https:\/\/www.rijeka.hr\/it\/amministrazione-cittadina\/progetti-cittadini\/ongoing-projects\/crescere-in-maniera-sana-e-felice-e-sostegno-ai-giovani\/penso-agisco-decido\/\" \/>\n<meta property=\"og:locale\" content=\"it_IT\" \/>\n<meta property=\"og:type\" content=\"article\" \/>\n<meta property=\"og:title\" content=\"Penso, agisco, decido - Citt\u00e0 di Fiume\" \/>\n<meta property=\"og:description\" content=\"Titolo del progetto Penso, agisco, decido &#8211; potenziamento della partecipazione dei giovani attraverso il loro coinvolgimento attivo nella creazione e nel sostegno delle politiche giovanili Obiettivo del progetto L&#8217;obiettivo generale del progetto intitolato &#8220;Penso, agisco, decido &#8211; potenziamento della partecipazione dei giovani attraverso il loro coinvolgimento attivo nella creazione e nel sostegno delle politiche giovanili&#8221;...\" \/>\n<meta property=\"og:url\" content=\"https:\/\/www.rijeka.hr\/it\/amministrazione-cittadina\/progetti-cittadini\/ongoing-projects\/crescere-in-maniera-sana-e-felice-e-sostegno-ai-giovani\/penso-agisco-decido\/\" \/>\n<meta property=\"og:site_name\" content=\"Citt\u00e0 di Fiume\" \/>\n<meta property=\"article:modified_time\" content=\"2023-12-19T08:49:40+00:00\" \/>\n<meta name=\"twitter:card\" content=\"summary_large_image\" \/>\n<meta name=\"twitter:label1\" content=\"Est. reading time\" \/>\n\t<meta name=\"twitter:data1\" content=\"3 minutes\" \/>\n<script type=\"application\/ld+json\" class=\"yoast-schema-graph\">{\"@context\":\"https:\/\/schema.org\",\"@graph\":[{\"@type\":\"WebPage\",\"@id\":\"https:\/\/www.rijeka.hr\/it\/amministrazione-cittadina\/progetti-cittadini\/ongoing-projects\/crescere-in-maniera-sana-e-felice-e-sostegno-ai-giovani\/penso-agisco-decido\/\",\"url\":\"https:\/\/www.rijeka.hr\/it\/amministrazione-cittadina\/progetti-cittadini\/ongoing-projects\/crescere-in-maniera-sana-e-felice-e-sostegno-ai-giovani\/penso-agisco-decido\/\",\"name\":\"Penso, agisco, decido - Citt\u00e0 di Fiume\",\"isPartOf\":{\"@id\":\"https:\/\/www.rijeka.hr\/it\/#website\"},\"datePublished\":\"2023-01-02T14:09:22+00:00\",\"dateModified\":\"2023-12-19T08:49:40+00:00\",\"breadcrumb\":{\"@id\":\"https:\/\/www.rijeka.hr\/it\/amministrazione-cittadina\/progetti-cittadini\/ongoing-projects\/crescere-in-maniera-sana-e-felice-e-sostegno-ai-giovani\/penso-agisco-decido\/#breadcrumb\"},\"inLanguage\":\"it-IT\",\"potentialAction\":[{\"@type\":\"ReadAction\",\"target\":[\"https:\/\/www.rijeka.hr\/it\/amministrazione-cittadina\/progetti-cittadini\/ongoing-projects\/crescere-in-maniera-sana-e-felice-e-sostegno-ai-giovani\/penso-agisco-decido\/\"]}]},{\"@type\":\"BreadcrumbList\",\"@id\":\"https:\/\/www.rijeka.hr\/it\/amministrazione-cittadina\/progetti-cittadini\/ongoing-projects\/crescere-in-maniera-sana-e-felice-e-sostegno-ai-giovani\/penso-agisco-decido\/#breadcrumb\",\"itemListElement\":[{\"@type\":\"ListItem\",\"position\":1,\"name\":\"Po\u010detna stranica\",\"item\":\"https:\/\/www.rijeka.hr\/it\/\"},{\"@type\":\"ListItem\",\"position\":2,\"name\":\"Amministrazione cittadina\",\"item\":\"https:\/\/www.rijeka.hr\/it\/amministrazione-cittadina\/\"},{\"@type\":\"ListItem\",\"position\":3,\"name\":\"Progetti cittadini\",\"item\":\"https:\/\/www.rijeka.hr\/it\/amministrazione-cittadina\/progetti-cittadini\/\"},{\"@type\":\"ListItem\",\"position\":4,\"name\":\"Progetti in corso\",\"item\":\"https:\/\/www.rijeka.hr\/it\/amministrazione-cittadina\/progetti-cittadini\/ongoing-projects\/\"},{\"@type\":\"ListItem\",\"position\":5,\"name\":\"Crescere in maniera sana e felice e sostegno ai giovani\",\"item\":\"https:\/\/www.rijeka.hr\/it\/amministrazione-cittadina\/progetti-cittadini\/ongoing-projects\/crescere-in-maniera-sana-e-felice-e-sostegno-ai-giovani\/\"},{\"@type\":\"ListItem\",\"position\":6,\"name\":\"Penso, agisco, decido\"}]},{\"@type\":\"WebSite\",\"@id\":\"https:\/\/www.rijeka.hr\/it\/#website\",\"url\":\"https:\/\/www.rijeka.hr\/it\/\",\"name\":\"Citt\u00e0 di Fiume\",\"description\":\"Portale web della Citta&#039; di Fiume\",\"potentialAction\":[{\"@type\":\"SearchAction\",\"target\":{\"@type\":\"EntryPoint\",\"urlTemplate\":\"https:\/\/www.rijeka.hr\/it\/?s={search_term_string}\"},\"query-input\":{\"@type\":\"PropertyValueSpecification\",\"valueRequired\":true,\"valueName\":\"search_term_string\"}}],\"inLanguage\":\"it-IT\"}]}<\/script>\n<!-- \/ Yoast SEO plugin. -->","yoast_head_json":{"title":"Penso, agisco, decido - Citt\u00e0 di Fiume","robots":{"index":"index","follow":"follow","max-snippet":"max-snippet:-1","max-image-preview":"max-image-preview:large","max-video-preview":"max-video-preview:-1"},"canonical":"https:\/\/www.rijeka.hr\/it\/amministrazione-cittadina\/progetti-cittadini\/ongoing-projects\/crescere-in-maniera-sana-e-felice-e-sostegno-ai-giovani\/penso-agisco-decido\/","og_locale":"it_IT","og_type":"article","og_title":"Penso, agisco, decido - Citt\u00e0 di Fiume","og_description":"Titolo del progetto Penso, agisco, decido &#8211; potenziamento della partecipazione dei giovani attraverso il loro coinvolgimento attivo nella creazione e nel sostegno delle politiche giovanili Obiettivo del progetto L&#8217;obiettivo generale del progetto intitolato &#8220;Penso, agisco, decido &#8211; potenziamento della partecipazione dei giovani attraverso il loro coinvolgimento attivo nella creazione e nel sostegno delle politiche giovanili&#8221;...","og_url":"https:\/\/www.rijeka.hr\/it\/amministrazione-cittadina\/progetti-cittadini\/ongoing-projects\/crescere-in-maniera-sana-e-felice-e-sostegno-ai-giovani\/penso-agisco-decido\/","og_site_name":"Citt\u00e0 di Fiume","article_modified_time":"2023-12-19T08:49:40+00:00","twitter_card":"summary_large_image","twitter_misc":{"Est. reading time":"3 minutes"},"schema":{"@context":"https:\/\/schema.org","@graph":[{"@type":"WebPage","@id":"https:\/\/www.rijeka.hr\/it\/amministrazione-cittadina\/progetti-cittadini\/ongoing-projects\/crescere-in-maniera-sana-e-felice-e-sostegno-ai-giovani\/penso-agisco-decido\/","url":"https:\/\/www.rijeka.hr\/it\/amministrazione-cittadina\/progetti-cittadini\/ongoing-projects\/crescere-in-maniera-sana-e-felice-e-sostegno-ai-giovani\/penso-agisco-decido\/","name":"Penso, agisco, decido - Citt\u00e0 di Fiume","isPartOf":{"@id":"https:\/\/www.rijeka.hr\/it\/#website"},"datePublished":"2023-01-02T14:09:22+00:00","dateModified":"2023-12-19T08:49:40+00:00","breadcrumb":{"@id":"https:\/\/www.rijeka.hr\/it\/amministrazione-cittadina\/progetti-cittadini\/ongoing-projects\/crescere-in-maniera-sana-e-felice-e-sostegno-ai-giovani\/penso-agisco-decido\/#breadcrumb"},"inLanguage":"it-IT","potentialAction":[{"@type":"ReadAction","target":["https:\/\/www.rijeka.hr\/it\/amministrazione-cittadina\/progetti-cittadini\/ongoing-projects\/crescere-in-maniera-sana-e-felice-e-sostegno-ai-giovani\/penso-agisco-decido\/"]}]},{"@type":"BreadcrumbList","@id":"https:\/\/www.rijeka.hr\/it\/amministrazione-cittadina\/progetti-cittadini\/ongoing-projects\/crescere-in-maniera-sana-e-felice-e-sostegno-ai-giovani\/penso-agisco-decido\/#breadcrumb","itemListElement":[{"@type":"ListItem","position":1,"name":"Po\u010detna stranica","item":"https:\/\/www.rijeka.hr\/it\/"},{"@type":"ListItem","position":2,"name":"Amministrazione cittadina","item":"https:\/\/www.rijeka.hr\/it\/amministrazione-cittadina\/"},{"@type":"ListItem","position":3,"name":"Progetti cittadini","item":"https:\/\/www.rijeka.hr\/it\/amministrazione-cittadina\/progetti-cittadini\/"},{"@type":"ListItem","position":4,"name":"Progetti in corso","item":"https:\/\/www.rijeka.hr\/it\/amministrazione-cittadina\/progetti-cittadini\/ongoing-projects\/"},{"@type":"ListItem","position":5,"name":"Crescere in maniera sana e felice e sostegno ai giovani","item":"https:\/\/www.rijeka.hr\/it\/amministrazione-cittadina\/progetti-cittadini\/ongoing-projects\/crescere-in-maniera-sana-e-felice-e-sostegno-ai-giovani\/"},{"@type":"ListItem","position":6,"name":"Penso, agisco, decido"}]},{"@type":"WebSite","@id":"https:\/\/www.rijeka.hr\/it\/#website","url":"https:\/\/www.rijeka.hr\/it\/","name":"Citt\u00e0 di Fiume","description":"Portale web della Citta&#039; di Fiume","potentialAction":[{"@type":"SearchAction","target":{"@type":"EntryPoint","urlTemplate":"https:\/\/www.rijeka.hr\/it\/?s={search_term_string}"},"query-input":{"@type":"PropertyValueSpecification","valueRequired":true,"valueName":"search_term_string"}}],"inLanguage":"it-IT"}]}},"_links":{"self":[{"href":"https:\/\/www.rijeka.hr\/it\/wp-json\/wp\/v2\/pages\/17152","targetHints":{"allow":["GET"]}}],"collection":[{"href":"https:\/\/www.rijeka.hr\/it\/wp-json\/wp\/v2\/pages"}],"about":[{"href":"https:\/\/www.rijeka.hr\/it\/wp-json\/wp\/v2\/types\/page"}],"author":[{"embeddable":true,"href":"https:\/\/www.rijeka.hr\/it\/wp-json\/wp\/v2\/users\/8"}],"replies":[{"embeddable":true,"href":"https:\/\/www.rijeka.hr\/it\/wp-json\/wp\/v2\/comments?post=17152"}],"version-history":[{"count":3,"href":"https:\/\/www.rijeka.hr\/it\/wp-json\/wp\/v2\/pages\/17152\/revisions"}],"predecessor-version":[{"id":17158,"href":"https:\/\/www.rijeka.hr\/it\/wp-json\/wp\/v2\/pages\/17152\/revisions\/17158"}],"up":[{"embeddable":true,"href":"https:\/\/www.rijeka.hr\/it\/wp-json\/wp\/v2\/pages\/15915"}],"wp:attachment":[{"href":"https:\/\/www.rijeka.hr\/it\/wp-json\/wp\/v2\/media?parent=17152"}],"wp:term":[{"taxonomy":"post_tag","embeddable":true,"href":"https:\/\/www.rijeka.hr\/it\/wp-json\/wp\/v2\/tags?post=17152"}],"curies":[{"name":"wp","href":"https:\/\/api.w.org\/{rel}","templated":true}]}}