{"id":1731,"date":"2016-10-28T13:19:25","date_gmt":"2016-10-28T11:19:25","guid":{"rendered":"https:\/\/www.rijeka.hr\/it\/?page_id=1731"},"modified":"2024-11-05T12:37:56","modified_gmt":"2024-11-05T11:37:56","slug":"anticorruzione","status":"publish","type":"page","link":"https:\/\/www.rijeka.hr\/it\/amministrazione-cittadina\/anticorruzione\/","title":{"rendered":"Anticorruzione"},"content":{"rendered":"<p>Nel mese di febbraio del 2015, la Croazia ha adottato\u00a0<strong>La strategia di anticorruzione per il periodo 2015 &#8211; 2020.<\/strong><\/p>\n<p>La Citt\u00e0 di Fiume <strong>ritiene che la trasparenza nel lavoro dei servizi cittadini sia tra le armi pi\u00f9 potenti nella lotta contro la corruzione<\/strong>. Tale trasparenza si riflette in una grande quantit\u00e0 di documenti pubblicati, atti, decisioni e conclusioni e in un grande numero di canali di comunicazione a due vie.<\/p>\n<h2>Cittadinanza attiva<\/h2>\n<p>Sotto il titolo Cittadinanza attiva sono disponibili vari modelli in cui \u00e8 \u00a0<strong>possibile coinvolgere i cittadini nei processi decisionali, nella creazione di bilancio e nella sorveglianza del lavoro degli organi della pubblica amministrazione<\/strong>.<\/p>\n\n    <div class=\"featured-pages\">\n\n        <ul>\n                            <li><a href=\"https:\/\/www.rijeka.hr\/it\/temi-per-i-cittadini\/cittadinanza-attiva\/\">Cittadinanza attiva<\/a><\/li>\n                    <\/ul>\n \n    <\/div>\n\n    \n<h2>Funzionario responsabile delle irregolarit\u00e0<\/h2>\n<p>Ai sensi dell\u2019articolo 36 (2) della Legge sul sistema dei controlli finanziari interni nel settore pubblico (\u201cGazzetta ufficiale\u201d n. 141\/06) \u00e8 stato stabilito l\u2019obbligo di nominare <strong>il funzionario responsabile per le irregolarit\u00e0 che ricever\u00e0 delle comunicazioni di irregolarit\u00e0 e di frodi sospette e indipendentemente inizier\u00e0 attivit\u00e0 rivolte contro le irregolarit\u00e0 e le frodi.<\/strong><\/p>\n<p><strong>Presso la Citt\u00e0 di Fiume, il funzionario responsabile delle regolarit\u00e0 \u00e8:<\/strong><\/p>\n<p><strong>Marijan Vunda\u0107,\u00a0<\/strong>Responsabile della Direzione degli affari generali e del personale<\/p>\n<p><strong>Indirrizo:<\/strong><br \/>\n<strong>Trpimirova 2, Rijeka<br \/>\n<\/strong><a href=\"tel:+385 51 209 479\">T. +385 51 209 479<\/a><br \/>\nF. <a href=\"tel:+385 51 209 480\">+385 51 209 480<\/a><br \/>\nE-mail: <a href=\"m&#97;&#x69;&#x6c;t&#111;&#58;&#x6d;&#x61;r&#105;&#x6a;&#x61;n&#46;&#118;&#x75;&#x6e;d&#97;&#x63;&#x40;r&#105;&#106;&#x65;&#x6b;a&#46;&#x68;&#x72;\">&#109;a&#114;i&#106;a&#x6e;&#46;&#x76;u&#x6e;d&#x61;c&#x40;r&#x69;j&#x65;k&#x61;&#46;&#x68;r<\/a><\/p>\n<h2>Codice etico<\/h2>\n<p>Il codice etico dei dipendenti e del personale di supporto della pubblica amministrazione della Citt\u00e0 di Fiume \u00e8 stato adottato nel 2012. Sulle pagine del Codice etico \u00e8 possibile trovare ulteriori informazioni sul codice, sulla Commissione etica e i dati sul commissario responsabile per l&#8217;etica al quale i cittadini possono notificare comportamenti non etici dei dipendenti e del personale di supporto della pubblica amministrazione della Citt\u00e0 di Fiume.<\/p>\n<h2>Prevenzione del conflitto d\u2019interessi<\/h2>\n<p><strong>Allo scopo di evitare qualunque conflitto d\u2019interesse<\/strong>, ai sensi della Legge sugli appalti pubblici, gli appaltatori hanno l\u2019obbligo di pubblicare \u00a0<strong>la lista degli operatori economici<\/strong>\u00a0 con cui i rappresenti dell\u2019ente pubblico intrattengono rapporti che si considerano una situazione di conflitto d\u2019interesse.<\/p>\n<p><strong>La Citt\u00e0 di Fiume, come un appaltatore pubblico, pubblica il fatto che gli operatori economici con cui i rappresentanti dell\u2019appaltatore \u2013 il sindaco e il vicesindaco e le persone legate ad essi \u2013 non siano in una situazione di conflitto d\u2019interesse.<\/strong><\/p>\n<h2>Appalti pubblici<\/h2>\n<p>I registri dei contratti e degli accordi quadro conclusi negli appalti pubblici e negli appalti sotto-soglia sono disponibili sul sito web degli Appalti pubblici. Oltre a questo sono disponibili i Piani degli appalti pubblici per anni e le procedure bandite in materia di appalti pubblici.<\/p>\n<h2>Compenso dei costi della campagna elettorale<\/h2>\n<p>Il compenso dei costi della campagna elettorale viene erogato dal bilancio delle unit\u00e0 di autogoverno locale e regionale in cui le elezioni si svolgono. La Citt\u00e0 di Fiume pubblica\u00a0<a href=\"https:\/\/www.rijeka.hr\/gradska-uprava\/gradonacelnik\/naknada-troskova-izborne-promidzbe\/\">Il compenso dei costi della campagna elettorale per le elezioni del sindaco <\/a>\u00a0e\u00a0<a href=\"https:\/\/www.rijeka.hr\/gradska-uprava\/gradsko-vijece\/naknade-troskova-izborne-promidzbe\/\">Il compenso dei costi della campagna elettorale per le elezioni dei membri del Consiglio cittadino.<\/a><\/p>\n<h2>Lista delle sponsorizzazioni e delle donazioni<\/h2>\n<p>La Citt\u00e0 di Fiume pubblica numerosi bandi di gara nel corso dell\u2019anno a cui possono partecipare organizzazioni della societ\u00e0 civile e realizzare donazioni e sponsorizzazioni per i loro progetti. Sulle pagine web dedicate allo sviluppo della societ\u00e0 civile sono disponibili i rapporti sulle assegnate sovvenzioni a favore dei progetti e programmi delle organizzazioni della societ\u00e0 civile suddivise per anni fino al 2008.<\/p>\n\n    <div class=\"featured-pages\">\n\n        <ul>\n                            <li><a href=\"https:\/\/www.rijeka.hr\/it\/temi-per-i-cittadini\/cittadinanza-attiva\/la-societa-civile-e-il-volontariato\/sviluppo-della-societa-civile\/\">Sviluppo della societ\u00e0 civile<\/a><\/li>\n                    <\/ul>\n \n    <\/div>\n\n    \n<h2>Diritto di accesso alle informazioni<\/h2>\n<p>Ai sensi della Legge sul diritto di accesso alle informazioni, le persone fisiche e giuridiche possono richiedere a un organo della pubblica amministrazione le informazioni che tale organo della pubblica amministrazione possiede, che ha a sua disposizione o che sono sotto la sua supervisione. La Citt\u00e0 di Fiume ha un altro sito web dedicato alla realizzazione di questo diritto civile dov\u2019\u00e8 possibile riempire il modulo per l\u2019accesso a informazioni, trovare il contatto del referente informativo, le domande pi\u00f9 frequenti e risposte e le relazioni sull\u2019implementazione della Legge sul diritto di accesso alle informazioni nella Citt\u00e0 di Fiume.<\/p>\n\n    <div class=\"featured-pages\">\n\n        <ul>\n                            <li><a href=\"https:\/\/www.rijeka.hr\/it\/temi-per-i-cittadini\/cittadinanza-attiva\/accesso-alle-informazioni\/\">Accesso a informazioni<\/a><\/li>\n                    <\/ul>\n \n    <\/div>\n\n    \n<h2>Piani territoriali e altri piani della Citt\u00e0 di Fiume<\/h2>\n<p>Il piano territoriale \u00e8 il documento fondamentale della pianificazione territoriale di ogni unit\u00e0 di autogoverno locale. La Citt\u00e0 di Fiume pubblica le cartografie e le parti testuali del piano territoriale e di altri piani. Attraverso il sito web dei Piani territoriali, oltre al piano territoriale, sono disponibili i seguenti piani: il Piano urbanistico generale, piani regolatori, piani di assetto territoriale, piani particolareggiati di asseto territoriale e progetti urbanistici. Oltre a questo, sul sito web \u00e8 disponibile il modo in cui si svolge il dibattito pubblico sulla proposta di piano territoriale.<\/p>\n<h1>Piano di\u00a0sviluppo della citt\u00e0 di Fiume<\/h1>\n<p>Il documento fondamentale di sviluppo di Fiume fino al 2030 \u00e8 il Piano di sviluppo della Citt\u00e0 di Fiume 2021 \u2013 2027, approvata nel mese di marzo 2021. Ulteriori informazioni sono disponibili sul sito web dell Piano di sviluppo.<\/p>\n\n    <div class=\"featured-links\">\n\n        <ul>\n                                                <li class=\"type-url\"><a href=\"https:\/\/www.rijeka.hr\/it\/amministrazione-cittadina\/piano-di-sviluppo-della-citta-di-fiume-2021-2027\/?noredirect=it_IT\">Piano di sviluppo della Citt\u00e0 di Fiume 2021 \u2013 2027<\/a><\/li>\n                                                                                                                                                                                                                                                                                                                                                                                                                                            <\/ul>\n \n    <\/div>\n\n    \n<p>&nbsp;<\/p>\n","protected":false},"excerpt":{"rendered":"<p>Nel mese di febbraio del 2015, la Croazia ha adottato\u00a0La strategia di anticorruzione per il periodo 2015 &#8211; 2020. La Citt\u00e0 di Fiume ritiene che la trasparenza nel lavoro dei servizi cittadini sia tra le armi pi\u00f9 potenti nella lotta contro la corruzione. Tale trasparenza si riflette in una grande quantit\u00e0 di documenti pubblicati, atti,&#8230;<\/p>\n","protected":false},"author":13,"featured_media":0,"parent":1833,"menu_order":126,"comment_status":"closed","ping_status":"closed","template":"","meta":{"_acf_changed":false,"_trash_the_other_posts":false,"footnotes":"","_links_to":"","_links_to_target":""},"tags":[],"class_list":["post-1731","page","type-page","status-publish","hentry"],"acf":[],"yoast_head":"<!-- This site is optimized with the Yoast SEO plugin v24.4 - https:\/\/yoast.com\/wordpress\/plugins\/seo\/ -->\n<title>Anticorruzione - Citt\u00e0 di Fiume<\/title>\n<meta name=\"robots\" content=\"index, follow, max-snippet:-1, max-image-preview:large, max-video-preview:-1\" \/>\n<link rel=\"canonical\" href=\"https:\/\/www.rijeka.hr\/it\/amministrazione-cittadina\/anticorruzione\/\" \/>\n<meta property=\"og:locale\" content=\"it_IT\" \/>\n<meta property=\"og:type\" content=\"article\" \/>\n<meta property=\"og:title\" content=\"Anticorruzione - Citt\u00e0 di Fiume\" \/>\n<meta property=\"og:description\" content=\"Nel mese di febbraio del 2015, la Croazia ha adottato\u00a0La strategia di anticorruzione per il periodo 2015 &#8211; 2020. La Citt\u00e0 di Fiume ritiene che la trasparenza nel lavoro dei servizi cittadini sia tra le armi pi\u00f9 potenti nella lotta contro la corruzione. Tale trasparenza si riflette in una grande quantit\u00e0 di documenti pubblicati, atti,...\" \/>\n<meta property=\"og:url\" content=\"https:\/\/www.rijeka.hr\/it\/amministrazione-cittadina\/anticorruzione\/\" \/>\n<meta property=\"og:site_name\" content=\"Citt\u00e0 di Fiume\" \/>\n<meta property=\"article:modified_time\" content=\"2024-11-05T11:37:56+00:00\" \/>\n<meta name=\"twitter:card\" content=\"summary_large_image\" \/>\n<meta name=\"twitter:label1\" content=\"Est. reading time\" \/>\n\t<meta name=\"twitter:data1\" content=\"4 minutes\" \/>\n<script type=\"application\/ld+json\" class=\"yoast-schema-graph\">{\"@context\":\"https:\/\/schema.org\",\"@graph\":[{\"@type\":\"WebPage\",\"@id\":\"https:\/\/www.rijeka.hr\/it\/amministrazione-cittadina\/anticorruzione\/\",\"url\":\"https:\/\/www.rijeka.hr\/it\/amministrazione-cittadina\/anticorruzione\/\",\"name\":\"Anticorruzione - Citt\u00e0 di Fiume\",\"isPartOf\":{\"@id\":\"https:\/\/www.rijeka.hr\/it\/#website\"},\"datePublished\":\"2016-10-28T11:19:25+00:00\",\"dateModified\":\"2024-11-05T11:37:56+00:00\",\"breadcrumb\":{\"@id\":\"https:\/\/www.rijeka.hr\/it\/amministrazione-cittadina\/anticorruzione\/#breadcrumb\"},\"inLanguage\":\"it-IT\",\"potentialAction\":[{\"@type\":\"ReadAction\",\"target\":[\"https:\/\/www.rijeka.hr\/it\/amministrazione-cittadina\/anticorruzione\/\"]}]},{\"@type\":\"BreadcrumbList\",\"@id\":\"https:\/\/www.rijeka.hr\/it\/amministrazione-cittadina\/anticorruzione\/#breadcrumb\",\"itemListElement\":[{\"@type\":\"ListItem\",\"position\":1,\"name\":\"Po\u010detna stranica\",\"item\":\"https:\/\/www.rijeka.hr\/it\/\"},{\"@type\":\"ListItem\",\"position\":2,\"name\":\"Amministrazione cittadina\",\"item\":\"https:\/\/www.rijeka.hr\/it\/amministrazione-cittadina\/\"},{\"@type\":\"ListItem\",\"position\":3,\"name\":\"Anticorruzione\"}]},{\"@type\":\"WebSite\",\"@id\":\"https:\/\/www.rijeka.hr\/it\/#website\",\"url\":\"https:\/\/www.rijeka.hr\/it\/\",\"name\":\"Citt\u00e0 di Fiume\",\"description\":\"Portale web della Citta&#039; di Fiume\",\"potentialAction\":[{\"@type\":\"SearchAction\",\"target\":{\"@type\":\"EntryPoint\",\"urlTemplate\":\"https:\/\/www.rijeka.hr\/it\/?s={search_term_string}\"},\"query-input\":{\"@type\":\"PropertyValueSpecification\",\"valueRequired\":true,\"valueName\":\"search_term_string\"}}],\"inLanguage\":\"it-IT\"}]}<\/script>\n<!-- \/ Yoast SEO plugin. -->","yoast_head_json":{"title":"Anticorruzione - Citt\u00e0 di Fiume","robots":{"index":"index","follow":"follow","max-snippet":"max-snippet:-1","max-image-preview":"max-image-preview:large","max-video-preview":"max-video-preview:-1"},"canonical":"https:\/\/www.rijeka.hr\/it\/amministrazione-cittadina\/anticorruzione\/","og_locale":"it_IT","og_type":"article","og_title":"Anticorruzione - Citt\u00e0 di Fiume","og_description":"Nel mese di febbraio del 2015, la Croazia ha adottato\u00a0La strategia di anticorruzione per il periodo 2015 &#8211; 2020. La Citt\u00e0 di Fiume ritiene che la trasparenza nel lavoro dei servizi cittadini sia tra le armi pi\u00f9 potenti nella lotta contro la corruzione. Tale trasparenza si riflette in una grande quantit\u00e0 di documenti pubblicati, atti,...","og_url":"https:\/\/www.rijeka.hr\/it\/amministrazione-cittadina\/anticorruzione\/","og_site_name":"Citt\u00e0 di Fiume","article_modified_time":"2024-11-05T11:37:56+00:00","twitter_card":"summary_large_image","twitter_misc":{"Est. reading time":"4 minutes"},"schema":{"@context":"https:\/\/schema.org","@graph":[{"@type":"WebPage","@id":"https:\/\/www.rijeka.hr\/it\/amministrazione-cittadina\/anticorruzione\/","url":"https:\/\/www.rijeka.hr\/it\/amministrazione-cittadina\/anticorruzione\/","name":"Anticorruzione - Citt\u00e0 di Fiume","isPartOf":{"@id":"https:\/\/www.rijeka.hr\/it\/#website"},"datePublished":"2016-10-28T11:19:25+00:00","dateModified":"2024-11-05T11:37:56+00:00","breadcrumb":{"@id":"https:\/\/www.rijeka.hr\/it\/amministrazione-cittadina\/anticorruzione\/#breadcrumb"},"inLanguage":"it-IT","potentialAction":[{"@type":"ReadAction","target":["https:\/\/www.rijeka.hr\/it\/amministrazione-cittadina\/anticorruzione\/"]}]},{"@type":"BreadcrumbList","@id":"https:\/\/www.rijeka.hr\/it\/amministrazione-cittadina\/anticorruzione\/#breadcrumb","itemListElement":[{"@type":"ListItem","position":1,"name":"Po\u010detna stranica","item":"https:\/\/www.rijeka.hr\/it\/"},{"@type":"ListItem","position":2,"name":"Amministrazione cittadina","item":"https:\/\/www.rijeka.hr\/it\/amministrazione-cittadina\/"},{"@type":"ListItem","position":3,"name":"Anticorruzione"}]},{"@type":"WebSite","@id":"https:\/\/www.rijeka.hr\/it\/#website","url":"https:\/\/www.rijeka.hr\/it\/","name":"Citt\u00e0 di Fiume","description":"Portale web della Citta&#039; di Fiume","potentialAction":[{"@type":"SearchAction","target":{"@type":"EntryPoint","urlTemplate":"https:\/\/www.rijeka.hr\/it\/?s={search_term_string}"},"query-input":{"@type":"PropertyValueSpecification","valueRequired":true,"valueName":"search_term_string"}}],"inLanguage":"it-IT"}]}},"_links":{"self":[{"href":"https:\/\/www.rijeka.hr\/it\/wp-json\/wp\/v2\/pages\/1731","targetHints":{"allow":["GET"]}}],"collection":[{"href":"https:\/\/www.rijeka.hr\/it\/wp-json\/wp\/v2\/pages"}],"about":[{"href":"https:\/\/www.rijeka.hr\/it\/wp-json\/wp\/v2\/types\/page"}],"author":[{"embeddable":true,"href":"https:\/\/www.rijeka.hr\/it\/wp-json\/wp\/v2\/users\/13"}],"replies":[{"embeddable":true,"href":"https:\/\/www.rijeka.hr\/it\/wp-json\/wp\/v2\/comments?post=1731"}],"version-history":[{"count":5,"href":"https:\/\/www.rijeka.hr\/it\/wp-json\/wp\/v2\/pages\/1731\/revisions"}],"predecessor-version":[{"id":19123,"href":"https:\/\/www.rijeka.hr\/it\/wp-json\/wp\/v2\/pages\/1731\/revisions\/19123"}],"up":[{"embeddable":true,"href":"https:\/\/www.rijeka.hr\/it\/wp-json\/wp\/v2\/pages\/1833"}],"wp:attachment":[{"href":"https:\/\/www.rijeka.hr\/it\/wp-json\/wp\/v2\/media?parent=1731"}],"wp:term":[{"taxonomy":"post_tag","embeddable":true,"href":"https:\/\/www.rijeka.hr\/it\/wp-json\/wp\/v2\/tags?post=1731"}],"curies":[{"name":"wp","href":"https:\/\/api.w.org\/{rel}","templated":true}]}}