{"id":1739,"date":"2016-10-28T13:47:47","date_gmt":"2016-10-28T11:47:47","guid":{"rendered":"https:\/\/www.rijeka.hr\/it\/?page_id=1739"},"modified":"2025-06-10T11:15:20","modified_gmt":"2025-06-10T09:15:20","slug":"vicesindaci","status":"publish","type":"page","link":"https:\/\/www.rijeka.hr\/it\/amministrazione-cittadina\/sindaco\/vicesindaci\/","title":{"rendered":"Vicesindaci"},"content":{"rendered":"<p>I sostituti del sindaco Marko Filipovi\u0107 sono i vicesindaci <b>Vedran Vivoda <\/b>e<b> Aleksandar Sa\u0161a Milakovi\u0107.<\/b><\/p>\n<p><strong>Contatto:<\/strong><br \/>\nTel: <a href=\"http:\/\/Tel:+385 51 209 525\">+385 51 209 525<\/a><br \/>\nE-mail: <a>&#x7a;&#97;&#x6d;&#x6a;&#101;&#x6e;&#x69;&#99;&#x69;&#x40;&#114;&#x69;&#x6a;e&#x6b;&#x61;&#46;&#x68;&#114;<\/a><\/p>\n","protected":false},"excerpt":{"rendered":"<p>I sostituti del sindaco Marko Filipovi\u0107 sono i vicesindaci Vedran Vivoda e Aleksandar Sa\u0161a Milakovi\u0107. Contatto: Tel: +385 51 209 525 E-mail: &#122;&#x61;&#x6d;&#106;&#x65;&#x6e;&#105;&#x63;&#x69;&#64;&#x72;&#x69;&#106;&#x65;&#x6b;&#97;&#x2e;&#x68;&#114;<\/p>\n","protected":false},"author":2,"featured_media":0,"parent":1733,"menu_order":0,"comment_status":"closed","ping_status":"closed","template":"","meta":{"_acf_changed":false,"_trash_the_other_posts":false,"footnotes":"","_links_to":"","_links_to_target":""},"tags":[],"class_list":["post-1739","page","type-page","status-publish","hentry"],"acf":[],"yoast_head":"<!-- This site is optimized with the Yoast SEO plugin v24.4 - https:\/\/yoast.com\/wordpress\/plugins\/seo\/ -->\n<title>Vicesindaci - Citt\u00e0 di Fiume<\/title>\n<meta name=\"robots\" content=\"index, follow, max-snippet:-1, max-image-preview:large, max-video-preview:-1\" \/>\n<link rel=\"canonical\" href=\"https:\/\/www.rijeka.hr\/it\/amministrazione-cittadina\/sindaco\/vicesindaci\/\" \/>\n<meta property=\"og:locale\" content=\"it_IT\" \/>\n<meta property=\"og:type\" content=\"article\" \/>\n<meta property=\"og:title\" content=\"Vicesindaci - Citt\u00e0 di Fiume\" \/>\n<meta property=\"og:description\" content=\"I sostituti del sindaco Marko Filipovi\u0107 sono i vicesindaci Vedran Vivoda e Aleksandar Sa\u0161a Milakovi\u0107. Contatto: Tel: +385 51 209 525 E-mail: &#x7a;&#x61;&#109;j&#x65;&#x6e;&#105;&#099;i&#x40;&#x72;&#105;&#106;e&#x6b;&#x61;&#046;hr\" \/>\n<meta property=\"og:url\" content=\"https:\/\/www.rijeka.hr\/it\/amministrazione-cittadina\/sindaco\/vicesindaci\/\" \/>\n<meta property=\"og:site_name\" content=\"Citt\u00e0 di Fiume\" \/>\n<meta property=\"article:modified_time\" content=\"2025-06-10T09:15:20+00:00\" \/>\n<meta name=\"twitter:card\" content=\"summary_large_image\" \/>\n<meta name=\"twitter:label1\" content=\"Est. reading time\" \/>\n\t<meta name=\"twitter:data1\" content=\"1 minute\" \/>\n<script type=\"application\/ld+json\" class=\"yoast-schema-graph\">{\"@context\":\"https:\/\/schema.org\",\"@graph\":[{\"@type\":\"WebPage\",\"@id\":\"https:\/\/www.rijeka.hr\/it\/amministrazione-cittadina\/sindaco\/vicesindaci\/\",\"url\":\"https:\/\/www.rijeka.hr\/it\/amministrazione-cittadina\/sindaco\/vicesindaci\/\",\"name\":\"Vicesindaci - Citt\u00e0 di Fiume\",\"isPartOf\":{\"@id\":\"https:\/\/www.rijeka.hr\/it\/#website\"},\"datePublished\":\"2016-10-28T11:47:47+00:00\",\"dateModified\":\"2025-06-10T09:15:20+00:00\",\"breadcrumb\":{\"@id\":\"https:\/\/www.rijeka.hr\/it\/amministrazione-cittadina\/sindaco\/vicesindaci\/#breadcrumb\"},\"inLanguage\":\"it-IT\",\"potentialAction\":[{\"@type\":\"ReadAction\",\"target\":[\"https:\/\/www.rijeka.hr\/it\/amministrazione-cittadina\/sindaco\/vicesindaci\/\"]}]},{\"@type\":\"BreadcrumbList\",\"@id\":\"https:\/\/www.rijeka.hr\/it\/amministrazione-cittadina\/sindaco\/vicesindaci\/#breadcrumb\",\"itemListElement\":[{\"@type\":\"ListItem\",\"position\":1,\"name\":\"Po\u010detna stranica\",\"item\":\"https:\/\/www.rijeka.hr\/it\/\"},{\"@type\":\"ListItem\",\"position\":2,\"name\":\"Amministrazione cittadina\",\"item\":\"https:\/\/www.rijeka.hr\/it\/amministrazione-cittadina\/\"},{\"@type\":\"ListItem\",\"position\":3,\"name\":\"Sindaco\",\"item\":\"https:\/\/www.rijeka.hr\/it\/amministrazione-cittadina\/sindaco\/\"},{\"@type\":\"ListItem\",\"position\":4,\"name\":\"Vicesindaci\"}]},{\"@type\":\"WebSite\",\"@id\":\"https:\/\/www.rijeka.hr\/it\/#website\",\"url\":\"https:\/\/www.rijeka.hr\/it\/\",\"name\":\"Citt\u00e0 di Fiume\",\"description\":\"Portale web della Citta&#039; di Fiume\",\"potentialAction\":[{\"@type\":\"SearchAction\",\"target\":{\"@type\":\"EntryPoint\",\"urlTemplate\":\"https:\/\/www.rijeka.hr\/it\/?s={search_term_string}\"},\"query-input\":{\"@type\":\"PropertyValueSpecification\",\"valueRequired\":true,\"valueName\":\"search_term_string\"}}],\"inLanguage\":\"it-IT\"}]}<\/script>\n<!-- \/ Yoast SEO plugin. -->","yoast_head_json":{"title":"Vicesindaci - Citt\u00e0 di Fiume","robots":{"index":"index","follow":"follow","max-snippet":"max-snippet:-1","max-image-preview":"max-image-preview:large","max-video-preview":"max-video-preview:-1"},"canonical":"https:\/\/www.rijeka.hr\/it\/amministrazione-cittadina\/sindaco\/vicesindaci\/","og_locale":"it_IT","og_type":"article","og_title":"Vicesindaci - Citt\u00e0 di Fiume","og_description":"I sostituti del sindaco Marko Filipovi\u0107 sono i vicesindaci Vedran Vivoda e Aleksandar Sa\u0161a Milakovi\u0107. Contatto: Tel: +385 51 209 525 E-mail: &#x7a;&#x61;&#109;j&#x65;&#x6e;&#105;&#99;i&#x40;&#x72;&#105;&#106;e&#x6b;&#x61;&#46;hr","og_url":"https:\/\/www.rijeka.hr\/it\/amministrazione-cittadina\/sindaco\/vicesindaci\/","og_site_name":"Citt\u00e0 di Fiume","article_modified_time":"2025-06-10T09:15:20+00:00","twitter_card":"summary_large_image","twitter_misc":{"Est. reading time":"1 minute"},"schema":{"@context":"https:\/\/schema.org","@graph":[{"@type":"WebPage","@id":"https:\/\/www.rijeka.hr\/it\/amministrazione-cittadina\/sindaco\/vicesindaci\/","url":"https:\/\/www.rijeka.hr\/it\/amministrazione-cittadina\/sindaco\/vicesindaci\/","name":"Vicesindaci - Citt\u00e0 di Fiume","isPartOf":{"@id":"https:\/\/www.rijeka.hr\/it\/#website"},"datePublished":"2016-10-28T11:47:47+00:00","dateModified":"2025-06-10T09:15:20+00:00","breadcrumb":{"@id":"https:\/\/www.rijeka.hr\/it\/amministrazione-cittadina\/sindaco\/vicesindaci\/#breadcrumb"},"inLanguage":"it-IT","potentialAction":[{"@type":"ReadAction","target":["https:\/\/www.rijeka.hr\/it\/amministrazione-cittadina\/sindaco\/vicesindaci\/"]}]},{"@type":"BreadcrumbList","@id":"https:\/\/www.rijeka.hr\/it\/amministrazione-cittadina\/sindaco\/vicesindaci\/#breadcrumb","itemListElement":[{"@type":"ListItem","position":1,"name":"Po\u010detna stranica","item":"https:\/\/www.rijeka.hr\/it\/"},{"@type":"ListItem","position":2,"name":"Amministrazione cittadina","item":"https:\/\/www.rijeka.hr\/it\/amministrazione-cittadina\/"},{"@type":"ListItem","position":3,"name":"Sindaco","item":"https:\/\/www.rijeka.hr\/it\/amministrazione-cittadina\/sindaco\/"},{"@type":"ListItem","position":4,"name":"Vicesindaci"}]},{"@type":"WebSite","@id":"https:\/\/www.rijeka.hr\/it\/#website","url":"https:\/\/www.rijeka.hr\/it\/","name":"Citt\u00e0 di Fiume","description":"Portale web della Citta&#039; di Fiume","potentialAction":[{"@type":"SearchAction","target":{"@type":"EntryPoint","urlTemplate":"https:\/\/www.rijeka.hr\/it\/?s={search_term_string}"},"query-input":{"@type":"PropertyValueSpecification","valueRequired":true,"valueName":"search_term_string"}}],"inLanguage":"it-IT"}]}},"_links":{"self":[{"href":"https:\/\/www.rijeka.hr\/it\/wp-json\/wp\/v2\/pages\/1739","targetHints":{"allow":["GET"]}}],"collection":[{"href":"https:\/\/www.rijeka.hr\/it\/wp-json\/wp\/v2\/pages"}],"about":[{"href":"https:\/\/www.rijeka.hr\/it\/wp-json\/wp\/v2\/types\/page"}],"author":[{"embeddable":true,"href":"https:\/\/www.rijeka.hr\/it\/wp-json\/wp\/v2\/users\/2"}],"replies":[{"embeddable":true,"href":"https:\/\/www.rijeka.hr\/it\/wp-json\/wp\/v2\/comments?post=1739"}],"version-history":[{"count":4,"href":"https:\/\/www.rijeka.hr\/it\/wp-json\/wp\/v2\/pages\/1739\/revisions"}],"predecessor-version":[{"id":19536,"href":"https:\/\/www.rijeka.hr\/it\/wp-json\/wp\/v2\/pages\/1739\/revisions\/19536"}],"up":[{"embeddable":true,"href":"https:\/\/www.rijeka.hr\/it\/wp-json\/wp\/v2\/pages\/1733"}],"wp:attachment":[{"href":"https:\/\/www.rijeka.hr\/it\/wp-json\/wp\/v2\/media?parent=1739"}],"wp:term":[{"taxonomy":"post_tag","embeddable":true,"href":"https:\/\/www.rijeka.hr\/it\/wp-json\/wp\/v2\/tags?post=1739"}],"curies":[{"name":"wp","href":"https:\/\/api.w.org\/{rel}","templated":true}]}}