{"id":1749,"date":"2016-10-28T14:28:59","date_gmt":"2016-10-28T12:28:59","guid":{"rendered":"https:\/\/www.rijeka.hr\/it\/?page_id=1749"},"modified":"2025-08-18T14:54:36","modified_gmt":"2025-08-18T12:54:36","slug":"scopo-regolamento-interno-del-consiglio-cittadino","status":"publish","type":"page","link":"https:\/\/www.rijeka.hr\/it\/amministrazione-cittadina\/consiglio-cittadino\/scopo-regolamento-interno-del-consiglio-cittadino\/","title":{"rendered":"Scopo e regolamento interno del Consiglio cittadino"},"content":{"rendered":"<p>Il Consiglio cittadino \u00e8 l&#8217;organismo rappresentativo dei cittadini della citt\u00e0 di Fiume e l&#8217;organismo di autogoverno locale che emana gli atti di competenza della Citt\u00e0 di Fiume e compie altre attivit\u00e0 in conformit\u00e0 alla Costituzione, alla legge e allo Statuto della Citt\u00e0 di Fiume. Il Consiglio cittadino della Citt\u00e0 di Fiume ha 31 consiglieri.<\/p>\n<p>In seno al Consiglio cittadino \u00e8 garantita la rappresentanza di un consigliere della minoranza italiana autoctona che viene scelto tra gli apartenenti alla minoranza italiana autoctona. In seno al Consiglio cittadino \u00e8 garantita la rappresentanza della minoranza nazionale serba scegliendo un numero appropriato degli appartenenti alla minoranza nazionale serba in conformit\u00e0 alle disposizioni della Legge costituzionale sui diritti delle minoranze nazionali e della Legge sulle elezioni locali.<\/p>\n<p><strong>Le elezioni per i nuovi consiglieri del Consiglio cittadino della Citt\u00e0 di Fiume si sono svolte domenica, 16 maggio 2021.<br \/>\nLa seduta costituente del Consiglio cittadino della Citt\u00e0 di Fiume si \u00e8 tenuta l\u201929 giugno 2021.<\/strong><\/p>\n<p>Il Consiglio cittadino ha il suo presidente e due vicepresidenti che vengono eletti con la maggioranza dei voti di tutti i membri del Consiglio cittadino tra i consiglieri stessi conforme a quanto stabilito dal Regolamento di procedura del Consiglio cittadino. Un vicepresidente del Consiglio cittadino viene eletto tra gli appartenenti alle minoranze nazionali.<\/p>\n<p>Le sedute del Consiglio cittadino sono pubbliche. <span style=\"color: #000000\"><a style=\"color: #000000\" href=\"http:\/\/www.rijeka.hr\/lgs.axd?t=13&amp;id=48758\">La pubblicit\u00e0 del lavoro del Consiglio cittadino <\/a><\/span>\u00e8 stabilita dal Regolamento di procedura.<\/p>\n<h2>Campo d&#8217;attivit\u00e0 del Consiglio citadino<\/h2>\n<p>Il Consiglio citadino:<\/p>\n<ul>\n<li>adotta lo Statuto della Citt\u00e0 di Fiume,<\/li>\n<li>adotta le delibere e gli altri atti generali che regolano le questioni nel quadro delle competenze d&#8217;autogoverno della Citt\u00e0 di Fiume,<\/li>\n<li>adotta il bilancio e la decisione sull&#8217;esecuzione del bilancio e la relazione semiannuale e annuale sull&#8217;esecuzione del bilancio,<\/li>\n<li>controlla la gestione complessiva, materiale e finanziaria, della Citt\u00e0 di Fiume,<\/li>\n<li>adotta le linee guida per lo sviluppo della Citt\u00e0 di Fiume,<\/li>\n<li>stabilisce i programmi di sviluppo per le attivit\u00e0 individuali e necessit\u00e0 pubbliche di rilievo per la Citt\u00e0 di Fiume<\/li>\n<li>adotta i documenti per l&#8217;assestamento territoriale della Citt\u00e0 di Fiume,<\/li>\n<li>adotta il Regolamento di procedura del Consiglio citadino,<\/li>\n<li>elegge e revoca il presidente ed i vicepresidenti del Consiglio citadino,<\/li>\n<li>costituisce gli organi di lavoro del Consiglio citadino,<\/li>\n<li>elegge e revoca il presidente, i vicepresidenti e i membri degli organi di lavoro del Consiglio citadino,<\/li>\n<li>nomina, elegge e destituisce dalla carica le persone previste dalla legge, dalle altre norme e da questo Statuto,<\/li>\n<li>bandisce il referendum sulla revoca del sindaco e dei vicesindaci conformemente alla legge e a questo Statuto<\/li>\n<li>regola l&#8217;organizzazione e la competenza degli organi amministrativi della Citt\u00e0 di Fiume,<\/li>\n<li>costituisce istituzioni pubbliche e alti enti giuridici allo scopo di compiere attivit\u00e0 economiche, sociali, comunali, e altre attivit\u00e0 nell&#8217;interesse della Citt\u00e0 di Fiume e delibera sulle modifiche statutarie e trasformazioni conforme alla legge,<\/li>\n<li>delibera sul trasferimento e assunzione dei diritti fondiari in conformit\u00e0 alle leggi particolari,<\/li>\n<li>delibera sull&#8217;acquisizione e trasferimento (acquisto e vendita) di azioni, cio\u00e8 gli interessi della Citt\u00e0 di Fiume nelle aziende fondate dalla Citt\u00e0 di Fiume,<\/li>\n<li>nomina i rappresentanti della Citt\u00e0 di Fiume alle assemblee delle aziende fondate dalla Citt\u00e0 di Fiume, nel caso in cui questo \u00e8 previsto dall&#8217;atto costitutivo dell&#8217;azienda,<\/li>\n<li>delibera sull&#8217;acquisizione e sull&#8217;alienazione dei beni mobili e dei beni immobili della Citt\u00e0 di Fiume cui valore individuale eccede l&#8217;ammontare di 1.000.000 (un milione) di kune,<\/li>\n<li>delibera sull&#8217;approvazione di un indebitamento e sul rilascio di una garanzia di pagamento in favore degli enti giuridici di propriet\u00e0 di maggioranza, diretta o indiretta, della Citt\u00e0 di Fiume e in favore delle istituzioni fondate dalla Citt\u00e0 di Fiume, che eccede l&#8217;ammontare di 10.000.000 (dieci milioni) di kune,<\/li>\n<li>delibera sull&#8217;attuazione di lavori congiunti nell&#8217;ambito dell&#8217;autogoverno con le altre unit\u00e0 dell&#8217;autogoverno locale,<\/li>\n<li>conferisce i riconoscimenti pubblici della Citt\u00e0 di Fiume,<\/li>\n<li>delibera sulla fondazione, oppure sull&#8217;adesione della Citt\u00e0 di Fiume all&#8217;associazione delle citt\u00e0 e sull&#8217;instaurazione della collaborazione tra la Citt\u00e0 di Fiume e le unit\u00e0 locali e regionali di altri paesi,<\/li>\n<li>bandisce il referendum per il territorio della Citt\u00e0 di Fiume,<\/li>\n<li>emana gli atti individuali e altri atti nell&#8217;ambito dell&#8217;autogoverno della Citt\u00e0 di Fiume conforme alla legge,<\/li>\n<li>compie pure gli altri lavori sotto la sua competenza secondo la legge, un&#8217;altra norma o lo Statuto della Citt\u00e0 di Fiume.<\/li>\n<\/ul>\n","protected":false},"excerpt":{"rendered":"<p>Il Consiglio cittadino \u00e8 l&#8217;organismo rappresentativo dei cittadini della citt\u00e0 di Fiume e l&#8217;organismo di autogoverno locale che emana gli atti di competenza della Citt\u00e0 di Fiume e compie altre attivit\u00e0 in conformit\u00e0 alla Costituzione, alla legge e allo Statuto della Citt\u00e0 di Fiume. Il Consiglio cittadino della Citt\u00e0 di Fiume ha 31 consiglieri. In&#8230;<\/p>\n","protected":false},"author":2,"featured_media":0,"parent":1747,"menu_order":15,"comment_status":"closed","ping_status":"closed","template":"","meta":{"_acf_changed":false,"_trash_the_other_posts":false,"footnotes":"","_links_to":"","_links_to_target":""},"tags":[],"class_list":["post-1749","page","type-page","status-publish","hentry"],"acf":[],"yoast_head":"<!-- This site is optimized with the Yoast SEO plugin v24.4 - https:\/\/yoast.com\/wordpress\/plugins\/seo\/ -->\n<title>Scopo e regolamento interno del Consiglio cittadino - Citt\u00e0 di Fiume<\/title>\n<meta name=\"robots\" content=\"index, follow, max-snippet:-1, max-image-preview:large, max-video-preview:-1\" \/>\n<link rel=\"canonical\" href=\"https:\/\/www.rijeka.hr\/it\/amministrazione-cittadina\/consiglio-cittadino\/scopo-regolamento-interno-del-consiglio-cittadino\/\" \/>\n<meta property=\"og:locale\" content=\"it_IT\" \/>\n<meta property=\"og:type\" content=\"article\" \/>\n<meta property=\"og:title\" content=\"Scopo e regolamento interno del Consiglio cittadino - Citt\u00e0 di Fiume\" \/>\n<meta property=\"og:description\" content=\"Il Consiglio cittadino \u00e8 l&#8217;organismo rappresentativo dei cittadini della citt\u00e0 di Fiume e l&#8217;organismo di autogoverno locale che emana gli atti di competenza della Citt\u00e0 di Fiume e compie altre attivit\u00e0 in conformit\u00e0 alla Costituzione, alla legge e allo Statuto della Citt\u00e0 di Fiume. Il Consiglio cittadino della Citt\u00e0 di Fiume ha 31 consiglieri. In...\" \/>\n<meta property=\"og:url\" content=\"https:\/\/www.rijeka.hr\/it\/amministrazione-cittadina\/consiglio-cittadino\/scopo-regolamento-interno-del-consiglio-cittadino\/\" \/>\n<meta property=\"og:site_name\" content=\"Citt\u00e0 di Fiume\" \/>\n<meta property=\"article:modified_time\" content=\"2025-08-18T12:54:36+00:00\" \/>\n<meta name=\"twitter:card\" content=\"summary_large_image\" \/>\n<meta name=\"twitter:label1\" content=\"Est. reading time\" \/>\n\t<meta name=\"twitter:data1\" content=\"3 minutes\" \/>\n<script type=\"application\/ld+json\" class=\"yoast-schema-graph\">{\"@context\":\"https:\/\/schema.org\",\"@graph\":[{\"@type\":\"WebPage\",\"@id\":\"https:\/\/www.rijeka.hr\/it\/amministrazione-cittadina\/consiglio-cittadino\/scopo-regolamento-interno-del-consiglio-cittadino\/\",\"url\":\"https:\/\/www.rijeka.hr\/it\/amministrazione-cittadina\/consiglio-cittadino\/scopo-regolamento-interno-del-consiglio-cittadino\/\",\"name\":\"Scopo e regolamento interno del Consiglio cittadino - Citt\u00e0 di Fiume\",\"isPartOf\":{\"@id\":\"https:\/\/www.rijeka.hr\/it\/#website\"},\"datePublished\":\"2016-10-28T12:28:59+00:00\",\"dateModified\":\"2025-08-18T12:54:36+00:00\",\"breadcrumb\":{\"@id\":\"https:\/\/www.rijeka.hr\/it\/amministrazione-cittadina\/consiglio-cittadino\/scopo-regolamento-interno-del-consiglio-cittadino\/#breadcrumb\"},\"inLanguage\":\"it-IT\",\"potentialAction\":[{\"@type\":\"ReadAction\",\"target\":[\"https:\/\/www.rijeka.hr\/it\/amministrazione-cittadina\/consiglio-cittadino\/scopo-regolamento-interno-del-consiglio-cittadino\/\"]}]},{\"@type\":\"BreadcrumbList\",\"@id\":\"https:\/\/www.rijeka.hr\/it\/amministrazione-cittadina\/consiglio-cittadino\/scopo-regolamento-interno-del-consiglio-cittadino\/#breadcrumb\",\"itemListElement\":[{\"@type\":\"ListItem\",\"position\":1,\"name\":\"Po\u010detna stranica\",\"item\":\"https:\/\/www.rijeka.hr\/it\/\"},{\"@type\":\"ListItem\",\"position\":2,\"name\":\"Amministrazione cittadina\",\"item\":\"https:\/\/www.rijeka.hr\/it\/amministrazione-cittadina\/\"},{\"@type\":\"ListItem\",\"position\":3,\"name\":\"Consiglio cittadino\",\"item\":\"https:\/\/www.rijeka.hr\/it\/amministrazione-cittadina\/consiglio-cittadino\/\"},{\"@type\":\"ListItem\",\"position\":4,\"name\":\"Scopo e regolamento interno del Consiglio cittadino\"}]},{\"@type\":\"WebSite\",\"@id\":\"https:\/\/www.rijeka.hr\/it\/#website\",\"url\":\"https:\/\/www.rijeka.hr\/it\/\",\"name\":\"Citt\u00e0 di Fiume\",\"description\":\"Portale web della Citta&#039; di Fiume\",\"potentialAction\":[{\"@type\":\"SearchAction\",\"target\":{\"@type\":\"EntryPoint\",\"urlTemplate\":\"https:\/\/www.rijeka.hr\/it\/?s={search_term_string}\"},\"query-input\":{\"@type\":\"PropertyValueSpecification\",\"valueRequired\":true,\"valueName\":\"search_term_string\"}}],\"inLanguage\":\"it-IT\"}]}<\/script>\n<!-- \/ Yoast SEO plugin. -->","yoast_head_json":{"title":"Scopo e regolamento interno del Consiglio cittadino - Citt\u00e0 di Fiume","robots":{"index":"index","follow":"follow","max-snippet":"max-snippet:-1","max-image-preview":"max-image-preview:large","max-video-preview":"max-video-preview:-1"},"canonical":"https:\/\/www.rijeka.hr\/it\/amministrazione-cittadina\/consiglio-cittadino\/scopo-regolamento-interno-del-consiglio-cittadino\/","og_locale":"it_IT","og_type":"article","og_title":"Scopo e regolamento interno del Consiglio cittadino - Citt\u00e0 di Fiume","og_description":"Il Consiglio cittadino \u00e8 l&#8217;organismo rappresentativo dei cittadini della citt\u00e0 di Fiume e l&#8217;organismo di autogoverno locale che emana gli atti di competenza della Citt\u00e0 di Fiume e compie altre attivit\u00e0 in conformit\u00e0 alla Costituzione, alla legge e allo Statuto della Citt\u00e0 di Fiume. Il Consiglio cittadino della Citt\u00e0 di Fiume ha 31 consiglieri. In...","og_url":"https:\/\/www.rijeka.hr\/it\/amministrazione-cittadina\/consiglio-cittadino\/scopo-regolamento-interno-del-consiglio-cittadino\/","og_site_name":"Citt\u00e0 di Fiume","article_modified_time":"2025-08-18T12:54:36+00:00","twitter_card":"summary_large_image","twitter_misc":{"Est. reading time":"3 minutes"},"schema":{"@context":"https:\/\/schema.org","@graph":[{"@type":"WebPage","@id":"https:\/\/www.rijeka.hr\/it\/amministrazione-cittadina\/consiglio-cittadino\/scopo-regolamento-interno-del-consiglio-cittadino\/","url":"https:\/\/www.rijeka.hr\/it\/amministrazione-cittadina\/consiglio-cittadino\/scopo-regolamento-interno-del-consiglio-cittadino\/","name":"Scopo e regolamento interno del Consiglio cittadino - Citt\u00e0 di Fiume","isPartOf":{"@id":"https:\/\/www.rijeka.hr\/it\/#website"},"datePublished":"2016-10-28T12:28:59+00:00","dateModified":"2025-08-18T12:54:36+00:00","breadcrumb":{"@id":"https:\/\/www.rijeka.hr\/it\/amministrazione-cittadina\/consiglio-cittadino\/scopo-regolamento-interno-del-consiglio-cittadino\/#breadcrumb"},"inLanguage":"it-IT","potentialAction":[{"@type":"ReadAction","target":["https:\/\/www.rijeka.hr\/it\/amministrazione-cittadina\/consiglio-cittadino\/scopo-regolamento-interno-del-consiglio-cittadino\/"]}]},{"@type":"BreadcrumbList","@id":"https:\/\/www.rijeka.hr\/it\/amministrazione-cittadina\/consiglio-cittadino\/scopo-regolamento-interno-del-consiglio-cittadino\/#breadcrumb","itemListElement":[{"@type":"ListItem","position":1,"name":"Po\u010detna stranica","item":"https:\/\/www.rijeka.hr\/it\/"},{"@type":"ListItem","position":2,"name":"Amministrazione cittadina","item":"https:\/\/www.rijeka.hr\/it\/amministrazione-cittadina\/"},{"@type":"ListItem","position":3,"name":"Consiglio cittadino","item":"https:\/\/www.rijeka.hr\/it\/amministrazione-cittadina\/consiglio-cittadino\/"},{"@type":"ListItem","position":4,"name":"Scopo e regolamento interno del Consiglio cittadino"}]},{"@type":"WebSite","@id":"https:\/\/www.rijeka.hr\/it\/#website","url":"https:\/\/www.rijeka.hr\/it\/","name":"Citt\u00e0 di Fiume","description":"Portale web della Citta&#039; di Fiume","potentialAction":[{"@type":"SearchAction","target":{"@type":"EntryPoint","urlTemplate":"https:\/\/www.rijeka.hr\/it\/?s={search_term_string}"},"query-input":{"@type":"PropertyValueSpecification","valueRequired":true,"valueName":"search_term_string"}}],"inLanguage":"it-IT"}]}},"_links":{"self":[{"href":"https:\/\/www.rijeka.hr\/it\/wp-json\/wp\/v2\/pages\/1749","targetHints":{"allow":["GET"]}}],"collection":[{"href":"https:\/\/www.rijeka.hr\/it\/wp-json\/wp\/v2\/pages"}],"about":[{"href":"https:\/\/www.rijeka.hr\/it\/wp-json\/wp\/v2\/types\/page"}],"author":[{"embeddable":true,"href":"https:\/\/www.rijeka.hr\/it\/wp-json\/wp\/v2\/users\/2"}],"replies":[{"embeddable":true,"href":"https:\/\/www.rijeka.hr\/it\/wp-json\/wp\/v2\/comments?post=1749"}],"version-history":[{"count":5,"href":"https:\/\/www.rijeka.hr\/it\/wp-json\/wp\/v2\/pages\/1749\/revisions"}],"predecessor-version":[{"id":15154,"href":"https:\/\/www.rijeka.hr\/it\/wp-json\/wp\/v2\/pages\/1749\/revisions\/15154"}],"up":[{"embeddable":true,"href":"https:\/\/www.rijeka.hr\/it\/wp-json\/wp\/v2\/pages\/1747"}],"wp:attachment":[{"href":"https:\/\/www.rijeka.hr\/it\/wp-json\/wp\/v2\/media?parent=1749"}],"wp:term":[{"taxonomy":"post_tag","embeddable":true,"href":"https:\/\/www.rijeka.hr\/it\/wp-json\/wp\/v2\/tags?post=1749"}],"curies":[{"name":"wp","href":"https:\/\/api.w.org\/{rel}","templated":true}]}}