{"id":1753,"date":"2016-10-28T15:03:40","date_gmt":"2016-10-28T13:03:40","guid":{"rendered":"https:\/\/www.rijeka.hr\/it\/?page_id=1753"},"modified":"2025-08-18T14:54:08","modified_gmt":"2025-08-18T12:54:08","slug":"pubblicita-del-lavoro-del-consiglio-cittadino","status":"publish","type":"page","link":"https:\/\/www.rijeka.hr\/it\/amministrazione-cittadina\/consiglio-cittadino\/pubblicita-del-lavoro-del-consiglio-cittadino\/","title":{"rendered":"Pubblicit\u00e0 del lavoro del Consiglio cittadino"},"content":{"rendered":"<p>La pubblicit\u00e0 del lavoro del Consiglio cittadino della Citt\u00e0 di Fiume \u00e8 stata determinata dal Regolamento interno della Citt\u00e0 di Fiume<\/p>\n<p>Il Regolamento interno determina, tra l&#8217;altro, che le sedute del Consiglio sono pubbliche e che la presenza del pubblico alla seduta del Consiglio o a una sua parte o del suo organo di lavoro pu\u00f2 essere esclusa solo in casi eccezionali previsti dalla legge e da atti speciali della Citt\u00e0 di Fiume.<\/p>\n<h2>Presenza dei rappresentanti dei media alle sedute del Consiglio<\/h2>\n<p>Inoltre, i rappresentanti dei media sono autorizzati a seguire il lavoro del Consiglio e dei suoi organi di lavoro e essere presenti alle sedute di tali organi e informare il pubblico sul loro lavoro. Al fine di informare il pubblico in modo pi\u00f9 completo e preciso sul lavoro del Consiglio e dei suoi organi di lavoro, comunicazioni ufficiali possono essere rilasciate, tenute interviste e organizzate conferenze.<\/p>\n<p>Al fine di assicurare la pubblicit\u00e0 del lavoro del Consiglio cittadino, la documentazione relativa alle sedute del Consiglio viene tempestivamente inoltrata ai media, mentre condizioni adeguate saranno assicurate per i loro rappresentanti che consentiranno loro di seguire il lavoro del Consiglio durante le sedute.<\/p>\n<p>L&#8217;invito a convocare la seduta del Consiglio con l\u2019ordine del giorno proposto e il materiale che sar\u00e0 discusso in Consiglio sono pubblicati sul sito web della citt\u00e0 di Fiume.<\/p>\n<p>I media elettronici possono trasmettere direttamente le sedute del Consiglio e dei suoi organi di lavoro in conformit\u00e0 a una speciale decisione.<\/p>\n<p>La pubblicit\u00e0 del lavoro del Consiglio si ottiene rilasciando i dati relativi al lavoro del Consiglio sul sito web della Citt\u00e0 di Fiume, secondo le possibilit\u00e0 tecniche e altre possibilit\u00e0 e in comunicazione tra i membri del Consiglio e i membri del lavoro con i cittadini.<\/p>\n<p>La Citt\u00e0 di Fiume trasmette le sedute del Consiglio cittadino in diretta tramite il sito web cittadino, e dopo ogni seduta, le registrazioni video delle sedute sono permanente disponibili.<\/p>\n<h2>Presenza dei cittadini alle sedute del Consiglio<\/h2>\n<p>I cittadini e un massimo di tre rappresentanti delle persone giuridiche interessate, hanno il diritto di presenziare alla sedute del Consiglio.<\/p>\n<p>I cittadini e le persone giuridiche hanno l\u2019obbligo di annunciare per iscritto almeno tre giorni prima dello svolgimento della seduta la propria presenza e la presenza dei propri rappresentanti alla seduta del Consiglio.<\/p>\n\n    <div class=\"featured-pages\">\n\n        <ul>\n                            <li><a href=\"https:\/\/www.rijeka.hr\/it\/amministrazione-cittadina\/consiglio-cittadino\/pubblicita-del-lavoro-del-consiglio-cittadino\/presenza-dei-cittadini-nelle-sedute-del-consiglio-cittadino\/\">Presenza dei cittadini alle sedute del Consiglio cittadino<\/a><\/li>\n                    <\/ul>\n \n    <\/div>\n\n    \n<h2>Visione della documentazione<\/h2>\n<p>Tutti i materiali relativi agli argomenti all&#8217;ordine del giorno da discutere in sedute, nonch\u00e9 le conclusioni e le decisioni prese saranno pubblicati sul sito web della citt\u00e0 di Fiume.<\/p>\n<p>Su richiesta, a tutte le persone giuridiche e fisiche, \u00e8 consentito di prendere una visione della documentazione del Consiglio, dei materiali d&#8217;archivio e di altri materiali relativi all&#8217;attivit\u00e0 del Consiglio, in conformit\u00e0 alla legge e agli atti della Citt\u00e0 di Fiume che regolano il diritto di accesso alle informazioni.<\/p>\n<p>Le richieste di cui sopra devono essere presentate all&#8217;ufficiale dell&#8217;informazione.<\/p>\n<p>&nbsp;<\/p>\n<p>&nbsp;<\/p>\n<p>&nbsp;<\/p>\n","protected":false},"excerpt":{"rendered":"<p>La pubblicit\u00e0 del lavoro del Consiglio cittadino della Citt\u00e0 di Fiume \u00e8 stata determinata dal Regolamento interno della Citt\u00e0 di Fiume Il Regolamento interno determina, tra l&#8217;altro, che le sedute del Consiglio sono pubbliche e che la presenza del pubblico alla seduta del Consiglio o a una sua parte o del suo organo di lavoro&#8230;<\/p>\n","protected":false},"author":13,"featured_media":0,"parent":1747,"menu_order":14,"comment_status":"closed","ping_status":"closed","template":"","meta":{"_acf_changed":false,"_trash_the_other_posts":false,"footnotes":"","_links_to":"","_links_to_target":""},"tags":[],"class_list":["post-1753","page","type-page","status-publish","hentry"],"acf":[],"yoast_head":"<!-- This site is optimized with the Yoast SEO plugin v24.4 - https:\/\/yoast.com\/wordpress\/plugins\/seo\/ -->\n<title>Pubblicit\u00e0 del lavoro del Consiglio cittadino - Citt\u00e0 di Fiume<\/title>\n<meta name=\"robots\" content=\"index, follow, max-snippet:-1, max-image-preview:large, max-video-preview:-1\" \/>\n<link rel=\"canonical\" href=\"https:\/\/www.rijeka.hr\/it\/amministrazione-cittadina\/consiglio-cittadino\/pubblicita-del-lavoro-del-consiglio-cittadino\/\" \/>\n<meta property=\"og:locale\" content=\"it_IT\" \/>\n<meta property=\"og:type\" content=\"article\" \/>\n<meta property=\"og:title\" content=\"Pubblicit\u00e0 del lavoro del Consiglio cittadino - Citt\u00e0 di Fiume\" \/>\n<meta property=\"og:description\" content=\"La pubblicit\u00e0 del lavoro del Consiglio cittadino della Citt\u00e0 di Fiume \u00e8 stata determinata dal Regolamento interno della Citt\u00e0 di Fiume Il Regolamento interno determina, tra l&#8217;altro, che le sedute del Consiglio sono pubbliche e che la presenza del pubblico alla seduta del Consiglio o a una sua parte o del suo organo di lavoro...\" \/>\n<meta property=\"og:url\" content=\"https:\/\/www.rijeka.hr\/it\/amministrazione-cittadina\/consiglio-cittadino\/pubblicita-del-lavoro-del-consiglio-cittadino\/\" \/>\n<meta property=\"og:site_name\" content=\"Citt\u00e0 di Fiume\" \/>\n<meta property=\"article:modified_time\" content=\"2025-08-18T12:54:08+00:00\" \/>\n<meta name=\"twitter:card\" content=\"summary_large_image\" \/>\n<meta name=\"twitter:label1\" content=\"Est. reading time\" \/>\n\t<meta name=\"twitter:data1\" content=\"2 minutes\" \/>\n<script type=\"application\/ld+json\" class=\"yoast-schema-graph\">{\"@context\":\"https:\/\/schema.org\",\"@graph\":[{\"@type\":\"WebPage\",\"@id\":\"https:\/\/www.rijeka.hr\/it\/amministrazione-cittadina\/consiglio-cittadino\/pubblicita-del-lavoro-del-consiglio-cittadino\/\",\"url\":\"https:\/\/www.rijeka.hr\/it\/amministrazione-cittadina\/consiglio-cittadino\/pubblicita-del-lavoro-del-consiglio-cittadino\/\",\"name\":\"Pubblicit\u00e0 del lavoro del Consiglio cittadino - Citt\u00e0 di Fiume\",\"isPartOf\":{\"@id\":\"https:\/\/www.rijeka.hr\/it\/#website\"},\"datePublished\":\"2016-10-28T13:03:40+00:00\",\"dateModified\":\"2025-08-18T12:54:08+00:00\",\"breadcrumb\":{\"@id\":\"https:\/\/www.rijeka.hr\/it\/amministrazione-cittadina\/consiglio-cittadino\/pubblicita-del-lavoro-del-consiglio-cittadino\/#breadcrumb\"},\"inLanguage\":\"it-IT\",\"potentialAction\":[{\"@type\":\"ReadAction\",\"target\":[\"https:\/\/www.rijeka.hr\/it\/amministrazione-cittadina\/consiglio-cittadino\/pubblicita-del-lavoro-del-consiglio-cittadino\/\"]}]},{\"@type\":\"BreadcrumbList\",\"@id\":\"https:\/\/www.rijeka.hr\/it\/amministrazione-cittadina\/consiglio-cittadino\/pubblicita-del-lavoro-del-consiglio-cittadino\/#breadcrumb\",\"itemListElement\":[{\"@type\":\"ListItem\",\"position\":1,\"name\":\"Po\u010detna stranica\",\"item\":\"https:\/\/www.rijeka.hr\/it\/\"},{\"@type\":\"ListItem\",\"position\":2,\"name\":\"Amministrazione cittadina\",\"item\":\"https:\/\/www.rijeka.hr\/it\/amministrazione-cittadina\/\"},{\"@type\":\"ListItem\",\"position\":3,\"name\":\"Consiglio cittadino\",\"item\":\"https:\/\/www.rijeka.hr\/it\/amministrazione-cittadina\/consiglio-cittadino\/\"},{\"@type\":\"ListItem\",\"position\":4,\"name\":\"Pubblicit\u00e0 del lavoro del Consiglio cittadino\"}]},{\"@type\":\"WebSite\",\"@id\":\"https:\/\/www.rijeka.hr\/it\/#website\",\"url\":\"https:\/\/www.rijeka.hr\/it\/\",\"name\":\"Citt\u00e0 di Fiume\",\"description\":\"Portale web della Citta&#039; di Fiume\",\"potentialAction\":[{\"@type\":\"SearchAction\",\"target\":{\"@type\":\"EntryPoint\",\"urlTemplate\":\"https:\/\/www.rijeka.hr\/it\/?s={search_term_string}\"},\"query-input\":{\"@type\":\"PropertyValueSpecification\",\"valueRequired\":true,\"valueName\":\"search_term_string\"}}],\"inLanguage\":\"it-IT\"}]}<\/script>\n<!-- \/ Yoast SEO plugin. -->","yoast_head_json":{"title":"Pubblicit\u00e0 del lavoro del Consiglio cittadino - Citt\u00e0 di Fiume","robots":{"index":"index","follow":"follow","max-snippet":"max-snippet:-1","max-image-preview":"max-image-preview:large","max-video-preview":"max-video-preview:-1"},"canonical":"https:\/\/www.rijeka.hr\/it\/amministrazione-cittadina\/consiglio-cittadino\/pubblicita-del-lavoro-del-consiglio-cittadino\/","og_locale":"it_IT","og_type":"article","og_title":"Pubblicit\u00e0 del lavoro del Consiglio cittadino - Citt\u00e0 di Fiume","og_description":"La pubblicit\u00e0 del lavoro del Consiglio cittadino della Citt\u00e0 di Fiume \u00e8 stata determinata dal Regolamento interno della Citt\u00e0 di Fiume Il Regolamento interno determina, tra l&#8217;altro, che le sedute del Consiglio sono pubbliche e che la presenza del pubblico alla seduta del Consiglio o a una sua parte o del suo organo di lavoro...","og_url":"https:\/\/www.rijeka.hr\/it\/amministrazione-cittadina\/consiglio-cittadino\/pubblicita-del-lavoro-del-consiglio-cittadino\/","og_site_name":"Citt\u00e0 di Fiume","article_modified_time":"2025-08-18T12:54:08+00:00","twitter_card":"summary_large_image","twitter_misc":{"Est. reading time":"2 minutes"},"schema":{"@context":"https:\/\/schema.org","@graph":[{"@type":"WebPage","@id":"https:\/\/www.rijeka.hr\/it\/amministrazione-cittadina\/consiglio-cittadino\/pubblicita-del-lavoro-del-consiglio-cittadino\/","url":"https:\/\/www.rijeka.hr\/it\/amministrazione-cittadina\/consiglio-cittadino\/pubblicita-del-lavoro-del-consiglio-cittadino\/","name":"Pubblicit\u00e0 del lavoro del Consiglio cittadino - Citt\u00e0 di Fiume","isPartOf":{"@id":"https:\/\/www.rijeka.hr\/it\/#website"},"datePublished":"2016-10-28T13:03:40+00:00","dateModified":"2025-08-18T12:54:08+00:00","breadcrumb":{"@id":"https:\/\/www.rijeka.hr\/it\/amministrazione-cittadina\/consiglio-cittadino\/pubblicita-del-lavoro-del-consiglio-cittadino\/#breadcrumb"},"inLanguage":"it-IT","potentialAction":[{"@type":"ReadAction","target":["https:\/\/www.rijeka.hr\/it\/amministrazione-cittadina\/consiglio-cittadino\/pubblicita-del-lavoro-del-consiglio-cittadino\/"]}]},{"@type":"BreadcrumbList","@id":"https:\/\/www.rijeka.hr\/it\/amministrazione-cittadina\/consiglio-cittadino\/pubblicita-del-lavoro-del-consiglio-cittadino\/#breadcrumb","itemListElement":[{"@type":"ListItem","position":1,"name":"Po\u010detna stranica","item":"https:\/\/www.rijeka.hr\/it\/"},{"@type":"ListItem","position":2,"name":"Amministrazione cittadina","item":"https:\/\/www.rijeka.hr\/it\/amministrazione-cittadina\/"},{"@type":"ListItem","position":3,"name":"Consiglio cittadino","item":"https:\/\/www.rijeka.hr\/it\/amministrazione-cittadina\/consiglio-cittadino\/"},{"@type":"ListItem","position":4,"name":"Pubblicit\u00e0 del lavoro del Consiglio cittadino"}]},{"@type":"WebSite","@id":"https:\/\/www.rijeka.hr\/it\/#website","url":"https:\/\/www.rijeka.hr\/it\/","name":"Citt\u00e0 di Fiume","description":"Portale web della Citta&#039; di Fiume","potentialAction":[{"@type":"SearchAction","target":{"@type":"EntryPoint","urlTemplate":"https:\/\/www.rijeka.hr\/it\/?s={search_term_string}"},"query-input":{"@type":"PropertyValueSpecification","valueRequired":true,"valueName":"search_term_string"}}],"inLanguage":"it-IT"}]}},"_links":{"self":[{"href":"https:\/\/www.rijeka.hr\/it\/wp-json\/wp\/v2\/pages\/1753","targetHints":{"allow":["GET"]}}],"collection":[{"href":"https:\/\/www.rijeka.hr\/it\/wp-json\/wp\/v2\/pages"}],"about":[{"href":"https:\/\/www.rijeka.hr\/it\/wp-json\/wp\/v2\/types\/page"}],"author":[{"embeddable":true,"href":"https:\/\/www.rijeka.hr\/it\/wp-json\/wp\/v2\/users\/13"}],"replies":[{"embeddable":true,"href":"https:\/\/www.rijeka.hr\/it\/wp-json\/wp\/v2\/comments?post=1753"}],"version-history":[{"count":9,"href":"https:\/\/www.rijeka.hr\/it\/wp-json\/wp\/v2\/pages\/1753\/revisions"}],"predecessor-version":[{"id":4242,"href":"https:\/\/www.rijeka.hr\/it\/wp-json\/wp\/v2\/pages\/1753\/revisions\/4242"}],"up":[{"embeddable":true,"href":"https:\/\/www.rijeka.hr\/it\/wp-json\/wp\/v2\/pages\/1747"}],"wp:attachment":[{"href":"https:\/\/www.rijeka.hr\/it\/wp-json\/wp\/v2\/media?parent=1753"}],"wp:term":[{"taxonomy":"post_tag","embeddable":true,"href":"https:\/\/www.rijeka.hr\/it\/wp-json\/wp\/v2\/tags?post=1753"}],"curies":[{"name":"wp","href":"https:\/\/api.w.org\/{rel}","templated":true}]}}