{"id":1759,"date":"2017-01-03T13:10:37","date_gmt":"2017-01-03T12:10:37","guid":{"rendered":"https:\/\/www.rijeka.hr\/it\/?page_id=1759"},"modified":"2026-03-03T07:58:09","modified_gmt":"2026-03-03T06:58:09","slug":"comitato-per-leconomia-e-lo-sviluppo-della-citta-di-fiume","status":"publish","type":"page","link":"https:\/\/www.rijeka.hr\/it\/amministrazione-cittadina\/consiglio-cittadino\/organi-lavoro-del-consiglio-cittadino\/comitato-per-leconomia-e-lo-sviluppo-della-citta-di-fiume\/","title":{"rendered":"Comitato per l&#8217;economia e lo sviluppo della Citt\u00e0 di Fiume"},"content":{"rendered":"<p>Lo scopo del Comitato per l&#8217;economia e lo sviluppo della Citt\u00e0 di Fiume comprende le attivit\u00e0 relative alla strategia di sviluppo economico della Citt\u00e0 di Fiume, lo sviluppo dell\u2019imprenditoria, investimenti di capitale di rilevanza per la Citt\u00e0 di Fiume, e l\u2019assicurazione delle condizioni per nuovi investimenti e il miglioramento dei rapporti economici con l\u2019estero.<\/p>\n<p><strong>Composizione del Comitato:<\/strong><\/p>\n<ul>\n<li><b><strong><strong>Damir Mikuli\u010di\u0107<\/strong><\/strong>, <\/b>come presidente<\/li>\n<li><b style=\"font-size: 1.125rem;\"><strong>Marijan Ba\u010di\u0107<\/strong>, <\/b><span style=\"font-size: 1.125rem;\">vicepresidente\u00a0<\/span><\/li>\n<\/ul>\n<p><strong>Membri:<\/strong><\/p>\n<ul>\n<li><strong>Boris Popovi\u0107<\/strong>,<\/li>\n<li><strong>Jerko Star\u010devi\u0107<\/strong>,<\/li>\n<li><strong>Alan Klanac<\/strong>,<\/li>\n<li><strong>Azra \u0106ati\u0107<\/strong>,<\/li>\n<li><strong>Renato Stankovi\u0107<\/strong>,<\/li>\n<\/ul>\n<p>Segretaria del Comitato:<br \/>\n<strong>Mirna Hriljac Nik\u0161i\u0107<\/strong><br \/>\nTel:\u00a0<a role=\"link\" href=\"tel:\/\/+385 51 209 439\">+385 51 209 439<\/a><br \/>\nE-mail:\u00a0<a role=\"link\" href=\"&#x6d;&#97;&#105;l&#x74;&#x6f;&#58;m&#x69;&#x72;&#110;a&#46;&#x68;&#114;&#105;l&#x6a;&#x61;&#99;-&#x6e;&#x69;&#107;&#115;i&#x63;&#x40;&#114;i&#x6a;&#x65;&#107;a&#x2e;&#x68;&#114;\">&#x6d;i&#x72;&#110;a&#x2e;&#104;&#x72;&#105;l&#x6a;&#97;&#x63;&#45;n&#x69;&#107;&#x73;&#x69;c&#x40;&#114;i&#x6a;&#101;&#x6b;&#97;&#46;&#x68;&#114;<\/a><\/p>\n<p>Responsabile per i preparativi delle sedute del Comitato:<br \/>\n<strong>Ines Pece<\/strong><br \/>\nTel:\u00a0\u00a0<a href=\"tel:\">+385 51 209 541<\/a><br \/>\nE-mail:\u00a0<a href=\"&#109;&#x61;&#105;&#x6c;t&#x6f;:&#105;&#x6e;&#101;&#x73;&#46;&#x70;e&#x63;e&#64;&#x72;&#105;&#x6a;e&#x6b;a&#x2e;&#x68;&#114;\">i&#110;&#101;&#x73;&#x2e;p&#101;&#99;&#x65;&#x40;&#x72;i&#106;&#101;&#x6b;&#x61;&#46;h&#114;<\/a><\/p>\n","protected":false},"excerpt":{"rendered":"<p>Lo scopo del Comitato per l&#8217;economia e lo sviluppo della Citt\u00e0 di Fiume comprende le attivit\u00e0 relative alla strategia di sviluppo economico della Citt\u00e0 di Fiume, lo sviluppo dell\u2019imprenditoria, investimenti di capitale di rilevanza per la Citt\u00e0 di Fiume, e l\u2019assicurazione delle condizioni per nuovi investimenti e il miglioramento dei rapporti economici con l\u2019estero. Composizione&#8230;<\/p>\n","protected":false},"author":13,"featured_media":0,"parent":1757,"menu_order":0,"comment_status":"closed","ping_status":"closed","template":"","meta":{"_acf_changed":false,"_trash_the_other_posts":false,"footnotes":"","_links_to":"","_links_to_target":""},"tags":[],"class_list":["post-1759","page","type-page","status-publish","hentry"],"acf":[],"yoast_head":"<!-- This site is optimized with the Yoast SEO plugin v24.4 - https:\/\/yoast.com\/wordpress\/plugins\/seo\/ -->\n<title>Comitato per l&#039;economia e lo sviluppo della Citt\u00e0 di Fiume - Citt\u00e0 di Fiume<\/title>\n<meta name=\"robots\" content=\"index, follow, max-snippet:-1, max-image-preview:large, max-video-preview:-1\" \/>\n<link rel=\"canonical\" href=\"https:\/\/www.rijeka.hr\/it\/amministrazione-cittadina\/consiglio-cittadino\/organi-lavoro-del-consiglio-cittadino\/comitato-per-leconomia-e-lo-sviluppo-della-citta-di-fiume\/\" \/>\n<meta property=\"og:locale\" content=\"it_IT\" \/>\n<meta property=\"og:type\" content=\"article\" \/>\n<meta property=\"og:title\" content=\"Comitato per l&#039;economia e lo sviluppo della Citt\u00e0 di Fiume - Citt\u00e0 di Fiume\" \/>\n<meta property=\"og:description\" content=\"Lo scopo del Comitato per l&#8217;economia e lo sviluppo della Citt\u00e0 di Fiume comprende le attivit\u00e0 relative alla strategia di sviluppo economico della Citt\u00e0 di Fiume, lo sviluppo dell\u2019imprenditoria, investimenti di capitale di rilevanza per la Citt\u00e0 di Fiume, e l\u2019assicurazione delle condizioni per nuovi investimenti e il miglioramento dei rapporti economici con l\u2019estero. Composizione...\" \/>\n<meta property=\"og:url\" content=\"https:\/\/www.rijeka.hr\/it\/amministrazione-cittadina\/consiglio-cittadino\/organi-lavoro-del-consiglio-cittadino\/comitato-per-leconomia-e-lo-sviluppo-della-citta-di-fiume\/\" \/>\n<meta property=\"og:site_name\" content=\"Citt\u00e0 di Fiume\" \/>\n<meta property=\"article:modified_time\" content=\"2026-03-03T06:58:09+00:00\" \/>\n<meta name=\"twitter:card\" content=\"summary_large_image\" \/>\n<meta name=\"twitter:label1\" content=\"Est. reading time\" \/>\n\t<meta name=\"twitter:data1\" content=\"1 minute\" \/>\n<script type=\"application\/ld+json\" class=\"yoast-schema-graph\">{\"@context\":\"https:\/\/schema.org\",\"@graph\":[{\"@type\":\"WebPage\",\"@id\":\"https:\/\/www.rijeka.hr\/it\/amministrazione-cittadina\/consiglio-cittadino\/organi-lavoro-del-consiglio-cittadino\/comitato-per-leconomia-e-lo-sviluppo-della-citta-di-fiume\/\",\"url\":\"https:\/\/www.rijeka.hr\/it\/amministrazione-cittadina\/consiglio-cittadino\/organi-lavoro-del-consiglio-cittadino\/comitato-per-leconomia-e-lo-sviluppo-della-citta-di-fiume\/\",\"name\":\"Comitato per l'economia e lo sviluppo della Citt\u00e0 di Fiume - Citt\u00e0 di Fiume\",\"isPartOf\":{\"@id\":\"https:\/\/www.rijeka.hr\/it\/#website\"},\"datePublished\":\"2017-01-03T12:10:37+00:00\",\"dateModified\":\"2026-03-03T06:58:09+00:00\",\"breadcrumb\":{\"@id\":\"https:\/\/www.rijeka.hr\/it\/amministrazione-cittadina\/consiglio-cittadino\/organi-lavoro-del-consiglio-cittadino\/comitato-per-leconomia-e-lo-sviluppo-della-citta-di-fiume\/#breadcrumb\"},\"inLanguage\":\"it-IT\",\"potentialAction\":[{\"@type\":\"ReadAction\",\"target\":[\"https:\/\/www.rijeka.hr\/it\/amministrazione-cittadina\/consiglio-cittadino\/organi-lavoro-del-consiglio-cittadino\/comitato-per-leconomia-e-lo-sviluppo-della-citta-di-fiume\/\"]}]},{\"@type\":\"BreadcrumbList\",\"@id\":\"https:\/\/www.rijeka.hr\/it\/amministrazione-cittadina\/consiglio-cittadino\/organi-lavoro-del-consiglio-cittadino\/comitato-per-leconomia-e-lo-sviluppo-della-citta-di-fiume\/#breadcrumb\",\"itemListElement\":[{\"@type\":\"ListItem\",\"position\":1,\"name\":\"Po\u010detna stranica\",\"item\":\"https:\/\/www.rijeka.hr\/it\/\"},{\"@type\":\"ListItem\",\"position\":2,\"name\":\"Amministrazione cittadina\",\"item\":\"https:\/\/www.rijeka.hr\/it\/amministrazione-cittadina\/\"},{\"@type\":\"ListItem\",\"position\":3,\"name\":\"Consiglio cittadino\",\"item\":\"https:\/\/www.rijeka.hr\/it\/amministrazione-cittadina\/consiglio-cittadino\/\"},{\"@type\":\"ListItem\",\"position\":4,\"name\":\"Organi di lavoro del Consiglio cittadino\",\"item\":\"https:\/\/www.rijeka.hr\/it\/amministrazione-cittadina\/consiglio-cittadino\/organi-lavoro-del-consiglio-cittadino\/\"},{\"@type\":\"ListItem\",\"position\":5,\"name\":\"Comitato per l&#8217;economia e lo sviluppo della Citt\u00e0 di Fiume\"}]},{\"@type\":\"WebSite\",\"@id\":\"https:\/\/www.rijeka.hr\/it\/#website\",\"url\":\"https:\/\/www.rijeka.hr\/it\/\",\"name\":\"Citt\u00e0 di Fiume\",\"description\":\"Portale web della Citta&#039; di Fiume\",\"potentialAction\":[{\"@type\":\"SearchAction\",\"target\":{\"@type\":\"EntryPoint\",\"urlTemplate\":\"https:\/\/www.rijeka.hr\/it\/?s={search_term_string}\"},\"query-input\":{\"@type\":\"PropertyValueSpecification\",\"valueRequired\":true,\"valueName\":\"search_term_string\"}}],\"inLanguage\":\"it-IT\"}]}<\/script>\n<!-- \/ Yoast SEO plugin. -->","yoast_head_json":{"title":"Comitato per l'economia e lo sviluppo della Citt\u00e0 di Fiume - Citt\u00e0 di Fiume","robots":{"index":"index","follow":"follow","max-snippet":"max-snippet:-1","max-image-preview":"max-image-preview:large","max-video-preview":"max-video-preview:-1"},"canonical":"https:\/\/www.rijeka.hr\/it\/amministrazione-cittadina\/consiglio-cittadino\/organi-lavoro-del-consiglio-cittadino\/comitato-per-leconomia-e-lo-sviluppo-della-citta-di-fiume\/","og_locale":"it_IT","og_type":"article","og_title":"Comitato per l'economia e lo sviluppo della Citt\u00e0 di Fiume - Citt\u00e0 di Fiume","og_description":"Lo scopo del Comitato per l&#8217;economia e lo sviluppo della Citt\u00e0 di Fiume comprende le attivit\u00e0 relative alla strategia di sviluppo economico della Citt\u00e0 di Fiume, lo sviluppo dell\u2019imprenditoria, investimenti di capitale di rilevanza per la Citt\u00e0 di Fiume, e l\u2019assicurazione delle condizioni per nuovi investimenti e il miglioramento dei rapporti economici con l\u2019estero. Composizione...","og_url":"https:\/\/www.rijeka.hr\/it\/amministrazione-cittadina\/consiglio-cittadino\/organi-lavoro-del-consiglio-cittadino\/comitato-per-leconomia-e-lo-sviluppo-della-citta-di-fiume\/","og_site_name":"Citt\u00e0 di Fiume","article_modified_time":"2026-03-03T06:58:09+00:00","twitter_card":"summary_large_image","twitter_misc":{"Est. reading time":"1 minute"},"schema":{"@context":"https:\/\/schema.org","@graph":[{"@type":"WebPage","@id":"https:\/\/www.rijeka.hr\/it\/amministrazione-cittadina\/consiglio-cittadino\/organi-lavoro-del-consiglio-cittadino\/comitato-per-leconomia-e-lo-sviluppo-della-citta-di-fiume\/","url":"https:\/\/www.rijeka.hr\/it\/amministrazione-cittadina\/consiglio-cittadino\/organi-lavoro-del-consiglio-cittadino\/comitato-per-leconomia-e-lo-sviluppo-della-citta-di-fiume\/","name":"Comitato per l'economia e lo sviluppo della Citt\u00e0 di Fiume - Citt\u00e0 di Fiume","isPartOf":{"@id":"https:\/\/www.rijeka.hr\/it\/#website"},"datePublished":"2017-01-03T12:10:37+00:00","dateModified":"2026-03-03T06:58:09+00:00","breadcrumb":{"@id":"https:\/\/www.rijeka.hr\/it\/amministrazione-cittadina\/consiglio-cittadino\/organi-lavoro-del-consiglio-cittadino\/comitato-per-leconomia-e-lo-sviluppo-della-citta-di-fiume\/#breadcrumb"},"inLanguage":"it-IT","potentialAction":[{"@type":"ReadAction","target":["https:\/\/www.rijeka.hr\/it\/amministrazione-cittadina\/consiglio-cittadino\/organi-lavoro-del-consiglio-cittadino\/comitato-per-leconomia-e-lo-sviluppo-della-citta-di-fiume\/"]}]},{"@type":"BreadcrumbList","@id":"https:\/\/www.rijeka.hr\/it\/amministrazione-cittadina\/consiglio-cittadino\/organi-lavoro-del-consiglio-cittadino\/comitato-per-leconomia-e-lo-sviluppo-della-citta-di-fiume\/#breadcrumb","itemListElement":[{"@type":"ListItem","position":1,"name":"Po\u010detna stranica","item":"https:\/\/www.rijeka.hr\/it\/"},{"@type":"ListItem","position":2,"name":"Amministrazione cittadina","item":"https:\/\/www.rijeka.hr\/it\/amministrazione-cittadina\/"},{"@type":"ListItem","position":3,"name":"Consiglio cittadino","item":"https:\/\/www.rijeka.hr\/it\/amministrazione-cittadina\/consiglio-cittadino\/"},{"@type":"ListItem","position":4,"name":"Organi di lavoro del Consiglio cittadino","item":"https:\/\/www.rijeka.hr\/it\/amministrazione-cittadina\/consiglio-cittadino\/organi-lavoro-del-consiglio-cittadino\/"},{"@type":"ListItem","position":5,"name":"Comitato per l&#8217;economia e lo sviluppo della Citt\u00e0 di Fiume"}]},{"@type":"WebSite","@id":"https:\/\/www.rijeka.hr\/it\/#website","url":"https:\/\/www.rijeka.hr\/it\/","name":"Citt\u00e0 di Fiume","description":"Portale web della Citta&#039; di Fiume","potentialAction":[{"@type":"SearchAction","target":{"@type":"EntryPoint","urlTemplate":"https:\/\/www.rijeka.hr\/it\/?s={search_term_string}"},"query-input":{"@type":"PropertyValueSpecification","valueRequired":true,"valueName":"search_term_string"}}],"inLanguage":"it-IT"}]}},"_links":{"self":[{"href":"https:\/\/www.rijeka.hr\/it\/wp-json\/wp\/v2\/pages\/1759","targetHints":{"allow":["GET"]}}],"collection":[{"href":"https:\/\/www.rijeka.hr\/it\/wp-json\/wp\/v2\/pages"}],"about":[{"href":"https:\/\/www.rijeka.hr\/it\/wp-json\/wp\/v2\/types\/page"}],"author":[{"embeddable":true,"href":"https:\/\/www.rijeka.hr\/it\/wp-json\/wp\/v2\/users\/13"}],"replies":[{"embeddable":true,"href":"https:\/\/www.rijeka.hr\/it\/wp-json\/wp\/v2\/comments?post=1759"}],"version-history":[{"count":4,"href":"https:\/\/www.rijeka.hr\/it\/wp-json\/wp\/v2\/pages\/1759\/revisions"}],"predecessor-version":[{"id":20227,"href":"https:\/\/www.rijeka.hr\/it\/wp-json\/wp\/v2\/pages\/1759\/revisions\/20227"}],"up":[{"embeddable":true,"href":"https:\/\/www.rijeka.hr\/it\/wp-json\/wp\/v2\/pages\/1757"}],"wp:attachment":[{"href":"https:\/\/www.rijeka.hr\/it\/wp-json\/wp\/v2\/media?parent=1759"}],"wp:term":[{"taxonomy":"post_tag","embeddable":true,"href":"https:\/\/www.rijeka.hr\/it\/wp-json\/wp\/v2\/tags?post=1759"}],"curies":[{"name":"wp","href":"https:\/\/api.w.org\/{rel}","templated":true}]}}