{"id":1775,"date":"2016-11-07T09:16:47","date_gmt":"2016-11-07T08:16:47","guid":{"rendered":"https:\/\/www.rijeka.hr\/it\/?page_id=1775"},"modified":"2026-03-03T09:56:10","modified_gmt":"2026-03-03T08:56:10","slug":"comitato-riconoscimenti-pubblici-della-citta-fiume","status":"publish","type":"page","link":"https:\/\/www.rijeka.hr\/it\/amministrazione-cittadina\/consiglio-cittadino\/organi-lavoro-del-consiglio-cittadino\/comitato-riconoscimenti-pubblici-della-citta-fiume\/","title":{"rendered":"Comitato per i riconoscimenti pubblici della Citt\u00e0 di Fiume"},"content":{"rendered":"<p>Al fine di assegnare un riconoscimento per risultati eccezionali e contributi di particolare importanza per lo sviluppo e la reputazione della Citt\u00e0 di Fiume nel campo dell&#8217;economia, della scienza, della cultura, della salute e della previdenza sociale, dell&#8217;istruzione, dello sport e della cultura tecnica, della protezione dell&#8217;ambiente e altre attivit\u00e0, la Citt\u00e0 di Fiume assegna riconoscimenti pubblici. La Decisione relativa ai riconoscimenti pubblici della Citt\u00e0 di Fiume (&#8220;Gazzetta ufficiale&#8221; della Citt\u00e0 di Fiume 14\/13, 6\/23) determina la composizione, il numero dei membri, lo scopo e il modo di lavoro del Comitato per i riconoscimenti pubblici della Citt\u00e0 di Fiume.<\/p>\n<p><strong>Composizione del Comitato:<\/strong><\/p>\n<p><strong>Robert Kureli\u0107<\/strong>,\u00a0come presidente<\/p>\n<p><strong>Membri:<\/strong><\/p>\n<ul>\n<li><strong>Marin Ra\u010di\u0107,<\/strong> \u010dlan<\/li>\n<li><strong>Ana Tro\u0161elj<\/strong>, \u010dlanica<\/li>\n<li><strong>Renato Stankovi\u0107<\/strong>, \u010dlan<\/li>\n<li><strong>Irena Bolf<\/strong>, \u010dlanica<\/li>\n<li><strong>Miljenko Kova\u010devi\u0107<\/strong>, \u010dlan<\/li>\n<li><strong>Tanja Savi\u0107<\/strong>, \u010dlanica<\/li>\n<li><strong>Enea Dessardo, <\/strong>\u010dlan<\/li>\n<li><strong>Berislav Vrani\u0107,<\/strong> \u010dlan<\/li>\n<li><strong>dr. sc. Ljubinka To\u0161eva Karpowicz<\/strong>, \u010dlanica<\/li>\n<li><strong>Anton Grego<\/strong>, \u010dlan<\/li>\n<\/ul>\n<p><strong>Contatti del Comitato:<\/strong><br \/>\nSegretaria del Comitato<br \/>\n<strong>Verena Lelas \u2013 Turak<\/strong><br \/>\nTelefono: <a href=\"tel:+385 51 209 524\">051 209 524<\/a><br \/>\nE-mail: <a>&#x76;e&#x72;&#101;n&#x61;&#46;&#x6c;&#101;l&#x61;&#115;&#x2d;&#116;u&#x72;&#97;&#x6b;&#x40;r&#x69;&#106;e&#x6b;&#97;&#x2e;&#104;r<\/a><\/p>\n<p>Responsabile per i preparativi delle sedute del Comitato:<br \/>\n<strong>Ines Pece<\/strong><br \/>\nTelefono: <a href=\"tel:+385 51 209 541\">051 209 541<\/a><br \/>\nE-mail: <a>&#x69;&#x6e;&#x65;&#x73;&#46;&#112;&#101;&#99;e&#64;r&#x69;&#x6a;&#x65;&#x6b;&#x61;&#46;&#104;&#114;<\/a><\/p>\n","protected":false},"excerpt":{"rendered":"<p>Al fine di assegnare un riconoscimento per risultati eccezionali e contributi di particolare importanza per lo sviluppo e la reputazione della Citt\u00e0 di Fiume nel campo dell&#8217;economia, della scienza, della cultura, della salute e della previdenza sociale, dell&#8217;istruzione, dello sport e della cultura tecnica, della protezione dell&#8217;ambiente e altre attivit\u00e0, la Citt\u00e0 di Fiume assegna&#8230;<\/p>\n","protected":false},"author":13,"featured_media":0,"parent":1757,"menu_order":0,"comment_status":"closed","ping_status":"closed","template":"","meta":{"_acf_changed":false,"_trash_the_other_posts":false,"footnotes":"","_links_to":"","_links_to_target":""},"tags":[],"class_list":["post-1775","page","type-page","status-publish","hentry"],"acf":[],"yoast_head":"<!-- This site is optimized with the Yoast SEO plugin v24.4 - https:\/\/yoast.com\/wordpress\/plugins\/seo\/ -->\n<title>Comitato per i riconoscimenti pubblici della Citt\u00e0 di Fiume - Citt\u00e0 di Fiume<\/title>\n<meta name=\"robots\" content=\"index, follow, max-snippet:-1, max-image-preview:large, max-video-preview:-1\" \/>\n<link rel=\"canonical\" href=\"https:\/\/www.rijeka.hr\/it\/amministrazione-cittadina\/consiglio-cittadino\/organi-lavoro-del-consiglio-cittadino\/comitato-riconoscimenti-pubblici-della-citta-fiume\/\" \/>\n<meta property=\"og:locale\" content=\"it_IT\" \/>\n<meta property=\"og:type\" content=\"article\" \/>\n<meta property=\"og:title\" content=\"Comitato per i riconoscimenti pubblici della Citt\u00e0 di Fiume - Citt\u00e0 di Fiume\" \/>\n<meta property=\"og:description\" content=\"Al fine di assegnare un riconoscimento per risultati eccezionali e contributi di particolare importanza per lo sviluppo e la reputazione della Citt\u00e0 di Fiume nel campo dell&#8217;economia, della scienza, della cultura, della salute e della previdenza sociale, dell&#8217;istruzione, dello sport e della cultura tecnica, della protezione dell&#8217;ambiente e altre attivit\u00e0, la Citt\u00e0 di Fiume assegna...\" \/>\n<meta property=\"og:url\" content=\"https:\/\/www.rijeka.hr\/it\/amministrazione-cittadina\/consiglio-cittadino\/organi-lavoro-del-consiglio-cittadino\/comitato-riconoscimenti-pubblici-della-citta-fiume\/\" \/>\n<meta property=\"og:site_name\" content=\"Citt\u00e0 di Fiume\" \/>\n<meta property=\"article:modified_time\" content=\"2026-03-03T08:56:10+00:00\" \/>\n<meta name=\"twitter:card\" content=\"summary_large_image\" \/>\n<meta name=\"twitter:label1\" content=\"Est. reading time\" \/>\n\t<meta name=\"twitter:data1\" content=\"1 minute\" \/>\n<script type=\"application\/ld+json\" class=\"yoast-schema-graph\">{\"@context\":\"https:\/\/schema.org\",\"@graph\":[{\"@type\":\"WebPage\",\"@id\":\"https:\/\/www.rijeka.hr\/it\/amministrazione-cittadina\/consiglio-cittadino\/organi-lavoro-del-consiglio-cittadino\/comitato-riconoscimenti-pubblici-della-citta-fiume\/\",\"url\":\"https:\/\/www.rijeka.hr\/it\/amministrazione-cittadina\/consiglio-cittadino\/organi-lavoro-del-consiglio-cittadino\/comitato-riconoscimenti-pubblici-della-citta-fiume\/\",\"name\":\"Comitato per i riconoscimenti pubblici della Citt\u00e0 di Fiume - Citt\u00e0 di Fiume\",\"isPartOf\":{\"@id\":\"https:\/\/www.rijeka.hr\/it\/#website\"},\"datePublished\":\"2016-11-07T08:16:47+00:00\",\"dateModified\":\"2026-03-03T08:56:10+00:00\",\"breadcrumb\":{\"@id\":\"https:\/\/www.rijeka.hr\/it\/amministrazione-cittadina\/consiglio-cittadino\/organi-lavoro-del-consiglio-cittadino\/comitato-riconoscimenti-pubblici-della-citta-fiume\/#breadcrumb\"},\"inLanguage\":\"it-IT\",\"potentialAction\":[{\"@type\":\"ReadAction\",\"target\":[\"https:\/\/www.rijeka.hr\/it\/amministrazione-cittadina\/consiglio-cittadino\/organi-lavoro-del-consiglio-cittadino\/comitato-riconoscimenti-pubblici-della-citta-fiume\/\"]}]},{\"@type\":\"BreadcrumbList\",\"@id\":\"https:\/\/www.rijeka.hr\/it\/amministrazione-cittadina\/consiglio-cittadino\/organi-lavoro-del-consiglio-cittadino\/comitato-riconoscimenti-pubblici-della-citta-fiume\/#breadcrumb\",\"itemListElement\":[{\"@type\":\"ListItem\",\"position\":1,\"name\":\"Po\u010detna stranica\",\"item\":\"https:\/\/www.rijeka.hr\/it\/\"},{\"@type\":\"ListItem\",\"position\":2,\"name\":\"Amministrazione cittadina\",\"item\":\"https:\/\/www.rijeka.hr\/it\/amministrazione-cittadina\/\"},{\"@type\":\"ListItem\",\"position\":3,\"name\":\"Consiglio cittadino\",\"item\":\"https:\/\/www.rijeka.hr\/it\/amministrazione-cittadina\/consiglio-cittadino\/\"},{\"@type\":\"ListItem\",\"position\":4,\"name\":\"Organi di lavoro del Consiglio cittadino\",\"item\":\"https:\/\/www.rijeka.hr\/it\/amministrazione-cittadina\/consiglio-cittadino\/organi-lavoro-del-consiglio-cittadino\/\"},{\"@type\":\"ListItem\",\"position\":5,\"name\":\"Comitato per i riconoscimenti pubblici della Citt\u00e0 di Fiume\"}]},{\"@type\":\"WebSite\",\"@id\":\"https:\/\/www.rijeka.hr\/it\/#website\",\"url\":\"https:\/\/www.rijeka.hr\/it\/\",\"name\":\"Citt\u00e0 di Fiume\",\"description\":\"Portale web della Citta&#039; di Fiume\",\"potentialAction\":[{\"@type\":\"SearchAction\",\"target\":{\"@type\":\"EntryPoint\",\"urlTemplate\":\"https:\/\/www.rijeka.hr\/it\/?s={search_term_string}\"},\"query-input\":{\"@type\":\"PropertyValueSpecification\",\"valueRequired\":true,\"valueName\":\"search_term_string\"}}],\"inLanguage\":\"it-IT\"}]}<\/script>\n<!-- \/ Yoast SEO plugin. -->","yoast_head_json":{"title":"Comitato per i riconoscimenti pubblici della Citt\u00e0 di Fiume - Citt\u00e0 di Fiume","robots":{"index":"index","follow":"follow","max-snippet":"max-snippet:-1","max-image-preview":"max-image-preview:large","max-video-preview":"max-video-preview:-1"},"canonical":"https:\/\/www.rijeka.hr\/it\/amministrazione-cittadina\/consiglio-cittadino\/organi-lavoro-del-consiglio-cittadino\/comitato-riconoscimenti-pubblici-della-citta-fiume\/","og_locale":"it_IT","og_type":"article","og_title":"Comitato per i riconoscimenti pubblici della Citt\u00e0 di Fiume - Citt\u00e0 di Fiume","og_description":"Al fine di assegnare un riconoscimento per risultati eccezionali e contributi di particolare importanza per lo sviluppo e la reputazione della Citt\u00e0 di Fiume nel campo dell&#8217;economia, della scienza, della cultura, della salute e della previdenza sociale, dell&#8217;istruzione, dello sport e della cultura tecnica, della protezione dell&#8217;ambiente e altre attivit\u00e0, la Citt\u00e0 di Fiume assegna...","og_url":"https:\/\/www.rijeka.hr\/it\/amministrazione-cittadina\/consiglio-cittadino\/organi-lavoro-del-consiglio-cittadino\/comitato-riconoscimenti-pubblici-della-citta-fiume\/","og_site_name":"Citt\u00e0 di Fiume","article_modified_time":"2026-03-03T08:56:10+00:00","twitter_card":"summary_large_image","twitter_misc":{"Est. reading time":"1 minute"},"schema":{"@context":"https:\/\/schema.org","@graph":[{"@type":"WebPage","@id":"https:\/\/www.rijeka.hr\/it\/amministrazione-cittadina\/consiglio-cittadino\/organi-lavoro-del-consiglio-cittadino\/comitato-riconoscimenti-pubblici-della-citta-fiume\/","url":"https:\/\/www.rijeka.hr\/it\/amministrazione-cittadina\/consiglio-cittadino\/organi-lavoro-del-consiglio-cittadino\/comitato-riconoscimenti-pubblici-della-citta-fiume\/","name":"Comitato per i riconoscimenti pubblici della Citt\u00e0 di Fiume - Citt\u00e0 di Fiume","isPartOf":{"@id":"https:\/\/www.rijeka.hr\/it\/#website"},"datePublished":"2016-11-07T08:16:47+00:00","dateModified":"2026-03-03T08:56:10+00:00","breadcrumb":{"@id":"https:\/\/www.rijeka.hr\/it\/amministrazione-cittadina\/consiglio-cittadino\/organi-lavoro-del-consiglio-cittadino\/comitato-riconoscimenti-pubblici-della-citta-fiume\/#breadcrumb"},"inLanguage":"it-IT","potentialAction":[{"@type":"ReadAction","target":["https:\/\/www.rijeka.hr\/it\/amministrazione-cittadina\/consiglio-cittadino\/organi-lavoro-del-consiglio-cittadino\/comitato-riconoscimenti-pubblici-della-citta-fiume\/"]}]},{"@type":"BreadcrumbList","@id":"https:\/\/www.rijeka.hr\/it\/amministrazione-cittadina\/consiglio-cittadino\/organi-lavoro-del-consiglio-cittadino\/comitato-riconoscimenti-pubblici-della-citta-fiume\/#breadcrumb","itemListElement":[{"@type":"ListItem","position":1,"name":"Po\u010detna stranica","item":"https:\/\/www.rijeka.hr\/it\/"},{"@type":"ListItem","position":2,"name":"Amministrazione cittadina","item":"https:\/\/www.rijeka.hr\/it\/amministrazione-cittadina\/"},{"@type":"ListItem","position":3,"name":"Consiglio cittadino","item":"https:\/\/www.rijeka.hr\/it\/amministrazione-cittadina\/consiglio-cittadino\/"},{"@type":"ListItem","position":4,"name":"Organi di lavoro del Consiglio cittadino","item":"https:\/\/www.rijeka.hr\/it\/amministrazione-cittadina\/consiglio-cittadino\/organi-lavoro-del-consiglio-cittadino\/"},{"@type":"ListItem","position":5,"name":"Comitato per i riconoscimenti pubblici della Citt\u00e0 di Fiume"}]},{"@type":"WebSite","@id":"https:\/\/www.rijeka.hr\/it\/#website","url":"https:\/\/www.rijeka.hr\/it\/","name":"Citt\u00e0 di Fiume","description":"Portale web della Citta&#039; di Fiume","potentialAction":[{"@type":"SearchAction","target":{"@type":"EntryPoint","urlTemplate":"https:\/\/www.rijeka.hr\/it\/?s={search_term_string}"},"query-input":{"@type":"PropertyValueSpecification","valueRequired":true,"valueName":"search_term_string"}}],"inLanguage":"it-IT"}]}},"_links":{"self":[{"href":"https:\/\/www.rijeka.hr\/it\/wp-json\/wp\/v2\/pages\/1775","targetHints":{"allow":["GET"]}}],"collection":[{"href":"https:\/\/www.rijeka.hr\/it\/wp-json\/wp\/v2\/pages"}],"about":[{"href":"https:\/\/www.rijeka.hr\/it\/wp-json\/wp\/v2\/types\/page"}],"author":[{"embeddable":true,"href":"https:\/\/www.rijeka.hr\/it\/wp-json\/wp\/v2\/users\/13"}],"replies":[{"embeddable":true,"href":"https:\/\/www.rijeka.hr\/it\/wp-json\/wp\/v2\/comments?post=1775"}],"version-history":[{"count":4,"href":"https:\/\/www.rijeka.hr\/it\/wp-json\/wp\/v2\/pages\/1775\/revisions"}],"predecessor-version":[{"id":20236,"href":"https:\/\/www.rijeka.hr\/it\/wp-json\/wp\/v2\/pages\/1775\/revisions\/20236"}],"up":[{"embeddable":true,"href":"https:\/\/www.rijeka.hr\/it\/wp-json\/wp\/v2\/pages\/1757"}],"wp:attachment":[{"href":"https:\/\/www.rijeka.hr\/it\/wp-json\/wp\/v2\/media?parent=1775"}],"wp:term":[{"taxonomy":"post_tag","embeddable":true,"href":"https:\/\/www.rijeka.hr\/it\/wp-json\/wp\/v2\/tags?post=1775"}],"curies":[{"name":"wp","href":"https:\/\/api.w.org\/{rel}","templated":true}]}}