{"id":1777,"date":"2016-11-07T09:30:36","date_gmt":"2016-11-07T08:30:36","guid":{"rendered":"https:\/\/www.rijeka.hr\/it\/?page_id=1777"},"modified":"2025-12-05T09:43:27","modified_gmt":"2025-12-05T08:43:27","slug":"comitato-leconomia-comunale","status":"publish","type":"page","link":"https:\/\/www.rijeka.hr\/it\/amministrazione-cittadina\/consiglio-cittadino\/organi-lavoro-del-consiglio-cittadino\/comitato-leconomia-comunale\/","title":{"rendered":"Comitato per l&#8217;economia comunale"},"content":{"rendered":"<p>Il Comitato per l&#8217;economia comunale considera e propone misure relative alla promozione dell\u2019assestamento di infrastrutture comunali e al patrimonio, allo scopo di assestare i quartieri in modo pi\u00f9 efficace, ottenere la qualit\u00e0 abitativa e mantenere gli impianti comunali e altre attivit\u00e0 di servizio e quelle relative alle infrastrutture locali.<\/p>\n<p><strong>Composizione del Comitato<\/strong><\/p>\n<ul>\n<li><b><strong>Stefan Mataja Mafrici<\/strong>, <\/b>come\u00a0presidente<\/li>\n<li><b style=\"font-size: 1.125rem;\"><strong>Katarina Matak Rado\u0161<\/strong>, <\/b>vicepresidente<\/li>\n<\/ul>\n<p><strong>Membri:<\/strong><\/p>\n<ul>\n<li><strong>Nikolina \u0160aponja<\/strong><\/li>\n<li><strong>Mihail Petar Luki\u0107<\/strong><\/li>\n<li><strong>Aleksio Komar<\/strong><\/li>\n<\/ul>\n<p>Contatti \u2013 Comitato per l&#8217;economia comunale:<\/p>\n<p>Segretaria del Comitato<br \/>\n<strong>Branislava D\u017eelajlija<\/strong><br \/>\nTelefono:\u00a0<a href=\"tel:+385 51 209 345\">051 209 345<\/a><a href=\"tel:\"><br \/>\n<\/a>E-mail:\u00a0<a href=\"&#109;&#x61;i&#108;&#x74;o&#58;&#x62;r&#x61;&#x6e;&#105;&#x73;l&#97;&#x76;a&#46;&#x64;z&#x65;&#x6c;&#97;&#x6a;&#x6c;&#105;&#x6a;a&#64;&#x72;i&#106;&#x65;k&#x61;&#x2e;&#104;&#x72;\">&#x62;&#114;a&#x6e;&#105;s&#x6c;&#x61;&#118;&#x61;&#x2e;&#100;z&#x65;&#108;a&#x6a;&#x6c;&#105;&#x6a;&#x61;&#64;r&#x69;&#106;e&#x6b;&#x61;&#46;&#x68;&#x72;<\/a><\/p>\n<p>Responsabile per i preparativi delle sedute del Comitato:<br \/>\n<strong>Daniela Pe\u0161ov<br \/>\n<\/strong>Telefono:\u00a0 <a href=\"tel:+385 51 209 694\">051 209 694<\/a><br \/>\nE-mail: <a href=\"ma&#105;&#108;&#116;&#x6f;&#x3a;&#x64;&#x61;&#x6e;ij&#101;&#108;&#97;&#x2e;&#x70;&#x65;&#x73;&#x6f;v&#64;&#114;&#105;&#106;&#x65;&#x6b;&#x61;&#x2e;&#x68;r\">&#100;a&#x6e;i&#x6a;e&#x6c;a&#x2e;&#112;&#x65;&#115;&#x6f;&#118;&#x40;&#114;i&#106;e&#x6b;a&#x2e;h&#x72;<\/a><\/p>\n","protected":false},"excerpt":{"rendered":"<p>Il Comitato per l&#8217;economia comunale considera e propone misure relative alla promozione dell\u2019assestamento di infrastrutture comunali e al patrimonio, allo scopo di assestare i quartieri in modo pi\u00f9 efficace, ottenere la qualit\u00e0 abitativa e mantenere gli impianti comunali e altre attivit\u00e0 di servizio e quelle relative alle infrastrutture locali. Composizione del Comitato Stefan Mataja Mafrici,&#8230;<\/p>\n","protected":false},"author":13,"featured_media":0,"parent":1757,"menu_order":0,"comment_status":"closed","ping_status":"closed","template":"","meta":{"_acf_changed":false,"_trash_the_other_posts":false,"footnotes":"","_links_to":"","_links_to_target":""},"tags":[],"class_list":["post-1777","page","type-page","status-publish","hentry"],"acf":[],"yoast_head":"<!-- This site is optimized with the Yoast SEO plugin v24.4 - https:\/\/yoast.com\/wordpress\/plugins\/seo\/ -->\n<title>Comitato per l&#039;economia comunale - Citt\u00e0 di Fiume<\/title>\n<meta name=\"robots\" content=\"index, follow, max-snippet:-1, max-image-preview:large, max-video-preview:-1\" \/>\n<link rel=\"canonical\" href=\"https:\/\/www.rijeka.hr\/it\/amministrazione-cittadina\/consiglio-cittadino\/organi-lavoro-del-consiglio-cittadino\/comitato-leconomia-comunale\/\" \/>\n<meta property=\"og:locale\" content=\"it_IT\" \/>\n<meta property=\"og:type\" content=\"article\" \/>\n<meta property=\"og:title\" content=\"Comitato per l&#039;economia comunale - Citt\u00e0 di Fiume\" \/>\n<meta property=\"og:description\" content=\"Il Comitato per l&#8217;economia comunale considera e propone misure relative alla promozione dell\u2019assestamento di infrastrutture comunali e al patrimonio, allo scopo di assestare i quartieri in modo pi\u00f9 efficace, ottenere la qualit\u00e0 abitativa e mantenere gli impianti comunali e altre attivit\u00e0 di servizio e quelle relative alle infrastrutture locali. Composizione del Comitato Stefan Mataja Mafrici,...\" \/>\n<meta property=\"og:url\" content=\"https:\/\/www.rijeka.hr\/it\/amministrazione-cittadina\/consiglio-cittadino\/organi-lavoro-del-consiglio-cittadino\/comitato-leconomia-comunale\/\" \/>\n<meta property=\"og:site_name\" content=\"Citt\u00e0 di Fiume\" \/>\n<meta property=\"article:modified_time\" content=\"2025-12-05T08:43:27+00:00\" \/>\n<meta name=\"twitter:card\" content=\"summary_large_image\" \/>\n<meta name=\"twitter:label1\" content=\"Est. reading time\" \/>\n\t<meta name=\"twitter:data1\" content=\"1 minute\" \/>\n<script type=\"application\/ld+json\" class=\"yoast-schema-graph\">{\"@context\":\"https:\/\/schema.org\",\"@graph\":[{\"@type\":\"WebPage\",\"@id\":\"https:\/\/www.rijeka.hr\/it\/amministrazione-cittadina\/consiglio-cittadino\/organi-lavoro-del-consiglio-cittadino\/comitato-leconomia-comunale\/\",\"url\":\"https:\/\/www.rijeka.hr\/it\/amministrazione-cittadina\/consiglio-cittadino\/organi-lavoro-del-consiglio-cittadino\/comitato-leconomia-comunale\/\",\"name\":\"Comitato per l'economia comunale - Citt\u00e0 di Fiume\",\"isPartOf\":{\"@id\":\"https:\/\/www.rijeka.hr\/it\/#website\"},\"datePublished\":\"2016-11-07T08:30:36+00:00\",\"dateModified\":\"2025-12-05T08:43:27+00:00\",\"breadcrumb\":{\"@id\":\"https:\/\/www.rijeka.hr\/it\/amministrazione-cittadina\/consiglio-cittadino\/organi-lavoro-del-consiglio-cittadino\/comitato-leconomia-comunale\/#breadcrumb\"},\"inLanguage\":\"it-IT\",\"potentialAction\":[{\"@type\":\"ReadAction\",\"target\":[\"https:\/\/www.rijeka.hr\/it\/amministrazione-cittadina\/consiglio-cittadino\/organi-lavoro-del-consiglio-cittadino\/comitato-leconomia-comunale\/\"]}]},{\"@type\":\"BreadcrumbList\",\"@id\":\"https:\/\/www.rijeka.hr\/it\/amministrazione-cittadina\/consiglio-cittadino\/organi-lavoro-del-consiglio-cittadino\/comitato-leconomia-comunale\/#breadcrumb\",\"itemListElement\":[{\"@type\":\"ListItem\",\"position\":1,\"name\":\"Po\u010detna stranica\",\"item\":\"https:\/\/www.rijeka.hr\/it\/\"},{\"@type\":\"ListItem\",\"position\":2,\"name\":\"Amministrazione cittadina\",\"item\":\"https:\/\/www.rijeka.hr\/it\/amministrazione-cittadina\/\"},{\"@type\":\"ListItem\",\"position\":3,\"name\":\"Consiglio cittadino\",\"item\":\"https:\/\/www.rijeka.hr\/it\/amministrazione-cittadina\/consiglio-cittadino\/\"},{\"@type\":\"ListItem\",\"position\":4,\"name\":\"Organi di lavoro del Consiglio cittadino\",\"item\":\"https:\/\/www.rijeka.hr\/it\/amministrazione-cittadina\/consiglio-cittadino\/organi-lavoro-del-consiglio-cittadino\/\"},{\"@type\":\"ListItem\",\"position\":5,\"name\":\"Comitato per l&#8217;economia comunale\"}]},{\"@type\":\"WebSite\",\"@id\":\"https:\/\/www.rijeka.hr\/it\/#website\",\"url\":\"https:\/\/www.rijeka.hr\/it\/\",\"name\":\"Citt\u00e0 di Fiume\",\"description\":\"Portale web della Citta&#039; di Fiume\",\"potentialAction\":[{\"@type\":\"SearchAction\",\"target\":{\"@type\":\"EntryPoint\",\"urlTemplate\":\"https:\/\/www.rijeka.hr\/it\/?s={search_term_string}\"},\"query-input\":{\"@type\":\"PropertyValueSpecification\",\"valueRequired\":true,\"valueName\":\"search_term_string\"}}],\"inLanguage\":\"it-IT\"}]}<\/script>\n<!-- \/ Yoast SEO plugin. -->","yoast_head_json":{"title":"Comitato per l'economia comunale - Citt\u00e0 di Fiume","robots":{"index":"index","follow":"follow","max-snippet":"max-snippet:-1","max-image-preview":"max-image-preview:large","max-video-preview":"max-video-preview:-1"},"canonical":"https:\/\/www.rijeka.hr\/it\/amministrazione-cittadina\/consiglio-cittadino\/organi-lavoro-del-consiglio-cittadino\/comitato-leconomia-comunale\/","og_locale":"it_IT","og_type":"article","og_title":"Comitato per l'economia comunale - Citt\u00e0 di Fiume","og_description":"Il Comitato per l&#8217;economia comunale considera e propone misure relative alla promozione dell\u2019assestamento di infrastrutture comunali e al patrimonio, allo scopo di assestare i quartieri in modo pi\u00f9 efficace, ottenere la qualit\u00e0 abitativa e mantenere gli impianti comunali e altre attivit\u00e0 di servizio e quelle relative alle infrastrutture locali. Composizione del Comitato Stefan Mataja Mafrici,...","og_url":"https:\/\/www.rijeka.hr\/it\/amministrazione-cittadina\/consiglio-cittadino\/organi-lavoro-del-consiglio-cittadino\/comitato-leconomia-comunale\/","og_site_name":"Citt\u00e0 di Fiume","article_modified_time":"2025-12-05T08:43:27+00:00","twitter_card":"summary_large_image","twitter_misc":{"Est. reading time":"1 minute"},"schema":{"@context":"https:\/\/schema.org","@graph":[{"@type":"WebPage","@id":"https:\/\/www.rijeka.hr\/it\/amministrazione-cittadina\/consiglio-cittadino\/organi-lavoro-del-consiglio-cittadino\/comitato-leconomia-comunale\/","url":"https:\/\/www.rijeka.hr\/it\/amministrazione-cittadina\/consiglio-cittadino\/organi-lavoro-del-consiglio-cittadino\/comitato-leconomia-comunale\/","name":"Comitato per l'economia comunale - Citt\u00e0 di Fiume","isPartOf":{"@id":"https:\/\/www.rijeka.hr\/it\/#website"},"datePublished":"2016-11-07T08:30:36+00:00","dateModified":"2025-12-05T08:43:27+00:00","breadcrumb":{"@id":"https:\/\/www.rijeka.hr\/it\/amministrazione-cittadina\/consiglio-cittadino\/organi-lavoro-del-consiglio-cittadino\/comitato-leconomia-comunale\/#breadcrumb"},"inLanguage":"it-IT","potentialAction":[{"@type":"ReadAction","target":["https:\/\/www.rijeka.hr\/it\/amministrazione-cittadina\/consiglio-cittadino\/organi-lavoro-del-consiglio-cittadino\/comitato-leconomia-comunale\/"]}]},{"@type":"BreadcrumbList","@id":"https:\/\/www.rijeka.hr\/it\/amministrazione-cittadina\/consiglio-cittadino\/organi-lavoro-del-consiglio-cittadino\/comitato-leconomia-comunale\/#breadcrumb","itemListElement":[{"@type":"ListItem","position":1,"name":"Po\u010detna stranica","item":"https:\/\/www.rijeka.hr\/it\/"},{"@type":"ListItem","position":2,"name":"Amministrazione cittadina","item":"https:\/\/www.rijeka.hr\/it\/amministrazione-cittadina\/"},{"@type":"ListItem","position":3,"name":"Consiglio cittadino","item":"https:\/\/www.rijeka.hr\/it\/amministrazione-cittadina\/consiglio-cittadino\/"},{"@type":"ListItem","position":4,"name":"Organi di lavoro del Consiglio cittadino","item":"https:\/\/www.rijeka.hr\/it\/amministrazione-cittadina\/consiglio-cittadino\/organi-lavoro-del-consiglio-cittadino\/"},{"@type":"ListItem","position":5,"name":"Comitato per l&#8217;economia comunale"}]},{"@type":"WebSite","@id":"https:\/\/www.rijeka.hr\/it\/#website","url":"https:\/\/www.rijeka.hr\/it\/","name":"Citt\u00e0 di Fiume","description":"Portale web della Citta&#039; di Fiume","potentialAction":[{"@type":"SearchAction","target":{"@type":"EntryPoint","urlTemplate":"https:\/\/www.rijeka.hr\/it\/?s={search_term_string}"},"query-input":{"@type":"PropertyValueSpecification","valueRequired":true,"valueName":"search_term_string"}}],"inLanguage":"it-IT"}]}},"_links":{"self":[{"href":"https:\/\/www.rijeka.hr\/it\/wp-json\/wp\/v2\/pages\/1777","targetHints":{"allow":["GET"]}}],"collection":[{"href":"https:\/\/www.rijeka.hr\/it\/wp-json\/wp\/v2\/pages"}],"about":[{"href":"https:\/\/www.rijeka.hr\/it\/wp-json\/wp\/v2\/types\/page"}],"author":[{"embeddable":true,"href":"https:\/\/www.rijeka.hr\/it\/wp-json\/wp\/v2\/users\/13"}],"replies":[{"embeddable":true,"href":"https:\/\/www.rijeka.hr\/it\/wp-json\/wp\/v2\/comments?post=1777"}],"version-history":[{"count":3,"href":"https:\/\/www.rijeka.hr\/it\/wp-json\/wp\/v2\/pages\/1777\/revisions"}],"predecessor-version":[{"id":20010,"href":"https:\/\/www.rijeka.hr\/it\/wp-json\/wp\/v2\/pages\/1777\/revisions\/20010"}],"up":[{"embeddable":true,"href":"https:\/\/www.rijeka.hr\/it\/wp-json\/wp\/v2\/pages\/1757"}],"wp:attachment":[{"href":"https:\/\/www.rijeka.hr\/it\/wp-json\/wp\/v2\/media?parent=1777"}],"wp:term":[{"taxonomy":"post_tag","embeddable":true,"href":"https:\/\/www.rijeka.hr\/it\/wp-json\/wp\/v2\/tags?post=1777"}],"curies":[{"name":"wp","href":"https:\/\/api.w.org\/{rel}","templated":true}]}}