{"id":1779,"date":"2016-11-07T09:32:58","date_gmt":"2016-11-07T08:32:58","guid":{"rendered":"https:\/\/www.rijeka.hr\/it\/?page_id=1779"},"modified":"2025-12-09T12:34:53","modified_gmt":"2025-12-09T11:34:53","slug":"comitato-la-cultura","status":"publish","type":"page","link":"https:\/\/www.rijeka.hr\/it\/amministrazione-cittadina\/consiglio-cittadino\/organi-lavoro-del-consiglio-cittadino\/comitato-la-cultura\/","title":{"rendered":"Comitato per la cultura"},"content":{"rendered":"<p>Il Comitato per la cultura considera le esigenze dei cittadini in campo culturale, propone misure volte a promuovere le attivit\u00e0 culturali e a proteggere e conservare i beni culturali, svolge anche le altre attivit\u00e0 specificate dal Regolamento e dagli atti del Consiglio cittadino.<\/p>\n<p><strong>Composizione del Comitato<\/strong><\/p>\n<ul>\n<li><b>Ma\u0161a Magzan, <\/b>come presidente<\/li>\n<li><b style=\"font-size: 1.125rem\"><strong>Voljen Grbac<\/strong>, <\/b><span style=\"font-size: 1.125rem\">vicepresidente<\/span><\/li>\n<\/ul>\n<p><b>\u00a0Membri:\u00a0<\/b><\/p>\n<ul>\n<li><b><strong>Mateo \u017dmak<\/strong>,<\/b><\/li>\n<li><strong>Alen \u0160ljivar<\/strong><\/li>\n<li><strong>Neboj\u0161a Zeli\u010d<\/strong><\/li>\n<\/ul>\n<p><strong>Contatti \u2013 Comitato per la cultura:<\/strong><\/p>\n<p>Segretaria del Comitato<br \/>\n<strong>Galjinka \u017dauhar<br \/>\n<\/strong>Tel:\u00a0<a href=\"tel:+385 51 209 565\">051 209 565<\/a><strong><br \/>\n<\/strong>E-mail: <a href=\"&#x6d;&#97;i&#x6c;&#x74;&#111;:&#x67;&#x61;&#108;j&#x69;&#110;k&#x61;&#x2e;&#122;a&#x75;&#x68;&#97;r&#x40;&#114;&#105;&#x6a;&#x65;&#107;a&#x2e;&#x68;&#114;\">&#x67;&#97;&#x6c;&#x6a;i&#x6e;&#107;a&#x2e;&#122;a&#x75;&#104;&#x61;&#x72;&#64;&#x72;&#105;j&#x65;&#107;a&#x2e;&#104;&#x72;<\/a><\/p>\n<p><strong>Responsabile per i preparativi delle sedute del Comitato:<\/strong><br \/>\n<strong>Ines Pece<\/strong><br \/>\nTelefono: <a href=\"tel:+385 51 209 541\">051 209 541<\/a><br \/>\nE-mail: <a>&#105;&#x6e;e&#x73;&#x2e;&#112;&#x65;c&#x65;&#x40;&#114;&#x69;j&#x65;&#x6b;&#97;&#x2e;h&#x72;<\/a><\/p>\n","protected":false},"excerpt":{"rendered":"<p>Il Comitato per la cultura considera le esigenze dei cittadini in campo culturale, propone misure volte a promuovere le attivit\u00e0 culturali e a proteggere e conservare i beni culturali, svolge anche le altre attivit\u00e0 specificate dal Regolamento e dagli atti del Consiglio cittadino. Composizione del Comitato Ma\u0161a Magzan, come presidente Voljen Grbac, vicepresidente \u00a0Membri:\u00a0 Mateo&#8230;<\/p>\n","protected":false},"author":13,"featured_media":0,"parent":1757,"menu_order":0,"comment_status":"closed","ping_status":"closed","template":"","meta":{"_acf_changed":false,"_trash_the_other_posts":false,"footnotes":"","_links_to":"","_links_to_target":""},"tags":[],"class_list":["post-1779","page","type-page","status-publish","hentry"],"acf":[],"yoast_head":"<!-- This site is optimized with the Yoast SEO plugin v24.4 - https:\/\/yoast.com\/wordpress\/plugins\/seo\/ -->\n<title>Comitato per la cultura - Citt\u00e0 di Fiume<\/title>\n<meta name=\"robots\" content=\"index, follow, max-snippet:-1, max-image-preview:large, max-video-preview:-1\" \/>\n<link rel=\"canonical\" href=\"https:\/\/www.rijeka.hr\/it\/amministrazione-cittadina\/consiglio-cittadino\/organi-lavoro-del-consiglio-cittadino\/comitato-la-cultura\/\" \/>\n<meta property=\"og:locale\" content=\"it_IT\" \/>\n<meta property=\"og:type\" content=\"article\" \/>\n<meta property=\"og:title\" content=\"Comitato per la cultura - Citt\u00e0 di Fiume\" \/>\n<meta property=\"og:description\" content=\"Il Comitato per la cultura considera le esigenze dei cittadini in campo culturale, propone misure volte a promuovere le attivit\u00e0 culturali e a proteggere e conservare i beni culturali, svolge anche le altre attivit\u00e0 specificate dal Regolamento e dagli atti del Consiglio cittadino. Composizione del Comitato Ma\u0161a Magzan, come presidente Voljen Grbac, vicepresidente \u00a0Membri:\u00a0 Mateo...\" \/>\n<meta property=\"og:url\" content=\"https:\/\/www.rijeka.hr\/it\/amministrazione-cittadina\/consiglio-cittadino\/organi-lavoro-del-consiglio-cittadino\/comitato-la-cultura\/\" \/>\n<meta property=\"og:site_name\" content=\"Citt\u00e0 di Fiume\" \/>\n<meta property=\"article:modified_time\" content=\"2025-12-09T11:34:53+00:00\" \/>\n<meta name=\"twitter:card\" content=\"summary_large_image\" \/>\n<meta name=\"twitter:label1\" content=\"Est. reading time\" \/>\n\t<meta name=\"twitter:data1\" content=\"1 minute\" \/>\n<script type=\"application\/ld+json\" class=\"yoast-schema-graph\">{\"@context\":\"https:\/\/schema.org\",\"@graph\":[{\"@type\":\"WebPage\",\"@id\":\"https:\/\/www.rijeka.hr\/it\/amministrazione-cittadina\/consiglio-cittadino\/organi-lavoro-del-consiglio-cittadino\/comitato-la-cultura\/\",\"url\":\"https:\/\/www.rijeka.hr\/it\/amministrazione-cittadina\/consiglio-cittadino\/organi-lavoro-del-consiglio-cittadino\/comitato-la-cultura\/\",\"name\":\"Comitato per la cultura - Citt\u00e0 di Fiume\",\"isPartOf\":{\"@id\":\"https:\/\/www.rijeka.hr\/it\/#website\"},\"datePublished\":\"2016-11-07T08:32:58+00:00\",\"dateModified\":\"2025-12-09T11:34:53+00:00\",\"breadcrumb\":{\"@id\":\"https:\/\/www.rijeka.hr\/it\/amministrazione-cittadina\/consiglio-cittadino\/organi-lavoro-del-consiglio-cittadino\/comitato-la-cultura\/#breadcrumb\"},\"inLanguage\":\"it-IT\",\"potentialAction\":[{\"@type\":\"ReadAction\",\"target\":[\"https:\/\/www.rijeka.hr\/it\/amministrazione-cittadina\/consiglio-cittadino\/organi-lavoro-del-consiglio-cittadino\/comitato-la-cultura\/\"]}]},{\"@type\":\"BreadcrumbList\",\"@id\":\"https:\/\/www.rijeka.hr\/it\/amministrazione-cittadina\/consiglio-cittadino\/organi-lavoro-del-consiglio-cittadino\/comitato-la-cultura\/#breadcrumb\",\"itemListElement\":[{\"@type\":\"ListItem\",\"position\":1,\"name\":\"Po\u010detna stranica\",\"item\":\"https:\/\/www.rijeka.hr\/it\/\"},{\"@type\":\"ListItem\",\"position\":2,\"name\":\"Amministrazione cittadina\",\"item\":\"https:\/\/www.rijeka.hr\/it\/amministrazione-cittadina\/\"},{\"@type\":\"ListItem\",\"position\":3,\"name\":\"Consiglio cittadino\",\"item\":\"https:\/\/www.rijeka.hr\/it\/amministrazione-cittadina\/consiglio-cittadino\/\"},{\"@type\":\"ListItem\",\"position\":4,\"name\":\"Organi di lavoro del Consiglio cittadino\",\"item\":\"https:\/\/www.rijeka.hr\/it\/amministrazione-cittadina\/consiglio-cittadino\/organi-lavoro-del-consiglio-cittadino\/\"},{\"@type\":\"ListItem\",\"position\":5,\"name\":\"Comitato per la cultura\"}]},{\"@type\":\"WebSite\",\"@id\":\"https:\/\/www.rijeka.hr\/it\/#website\",\"url\":\"https:\/\/www.rijeka.hr\/it\/\",\"name\":\"Citt\u00e0 di Fiume\",\"description\":\"Portale web della Citta&#039; di Fiume\",\"potentialAction\":[{\"@type\":\"SearchAction\",\"target\":{\"@type\":\"EntryPoint\",\"urlTemplate\":\"https:\/\/www.rijeka.hr\/it\/?s={search_term_string}\"},\"query-input\":{\"@type\":\"PropertyValueSpecification\",\"valueRequired\":true,\"valueName\":\"search_term_string\"}}],\"inLanguage\":\"it-IT\"}]}<\/script>\n<!-- \/ Yoast SEO plugin. -->","yoast_head_json":{"title":"Comitato per la cultura - Citt\u00e0 di Fiume","robots":{"index":"index","follow":"follow","max-snippet":"max-snippet:-1","max-image-preview":"max-image-preview:large","max-video-preview":"max-video-preview:-1"},"canonical":"https:\/\/www.rijeka.hr\/it\/amministrazione-cittadina\/consiglio-cittadino\/organi-lavoro-del-consiglio-cittadino\/comitato-la-cultura\/","og_locale":"it_IT","og_type":"article","og_title":"Comitato per la cultura - Citt\u00e0 di Fiume","og_description":"Il Comitato per la cultura considera le esigenze dei cittadini in campo culturale, propone misure volte a promuovere le attivit\u00e0 culturali e a proteggere e conservare i beni culturali, svolge anche le altre attivit\u00e0 specificate dal Regolamento e dagli atti del Consiglio cittadino. Composizione del Comitato Ma\u0161a Magzan, come presidente Voljen Grbac, vicepresidente \u00a0Membri:\u00a0 Mateo...","og_url":"https:\/\/www.rijeka.hr\/it\/amministrazione-cittadina\/consiglio-cittadino\/organi-lavoro-del-consiglio-cittadino\/comitato-la-cultura\/","og_site_name":"Citt\u00e0 di Fiume","article_modified_time":"2025-12-09T11:34:53+00:00","twitter_card":"summary_large_image","twitter_misc":{"Est. reading time":"1 minute"},"schema":{"@context":"https:\/\/schema.org","@graph":[{"@type":"WebPage","@id":"https:\/\/www.rijeka.hr\/it\/amministrazione-cittadina\/consiglio-cittadino\/organi-lavoro-del-consiglio-cittadino\/comitato-la-cultura\/","url":"https:\/\/www.rijeka.hr\/it\/amministrazione-cittadina\/consiglio-cittadino\/organi-lavoro-del-consiglio-cittadino\/comitato-la-cultura\/","name":"Comitato per la cultura - Citt\u00e0 di Fiume","isPartOf":{"@id":"https:\/\/www.rijeka.hr\/it\/#website"},"datePublished":"2016-11-07T08:32:58+00:00","dateModified":"2025-12-09T11:34:53+00:00","breadcrumb":{"@id":"https:\/\/www.rijeka.hr\/it\/amministrazione-cittadina\/consiglio-cittadino\/organi-lavoro-del-consiglio-cittadino\/comitato-la-cultura\/#breadcrumb"},"inLanguage":"it-IT","potentialAction":[{"@type":"ReadAction","target":["https:\/\/www.rijeka.hr\/it\/amministrazione-cittadina\/consiglio-cittadino\/organi-lavoro-del-consiglio-cittadino\/comitato-la-cultura\/"]}]},{"@type":"BreadcrumbList","@id":"https:\/\/www.rijeka.hr\/it\/amministrazione-cittadina\/consiglio-cittadino\/organi-lavoro-del-consiglio-cittadino\/comitato-la-cultura\/#breadcrumb","itemListElement":[{"@type":"ListItem","position":1,"name":"Po\u010detna stranica","item":"https:\/\/www.rijeka.hr\/it\/"},{"@type":"ListItem","position":2,"name":"Amministrazione cittadina","item":"https:\/\/www.rijeka.hr\/it\/amministrazione-cittadina\/"},{"@type":"ListItem","position":3,"name":"Consiglio cittadino","item":"https:\/\/www.rijeka.hr\/it\/amministrazione-cittadina\/consiglio-cittadino\/"},{"@type":"ListItem","position":4,"name":"Organi di lavoro del Consiglio cittadino","item":"https:\/\/www.rijeka.hr\/it\/amministrazione-cittadina\/consiglio-cittadino\/organi-lavoro-del-consiglio-cittadino\/"},{"@type":"ListItem","position":5,"name":"Comitato per la cultura"}]},{"@type":"WebSite","@id":"https:\/\/www.rijeka.hr\/it\/#website","url":"https:\/\/www.rijeka.hr\/it\/","name":"Citt\u00e0 di Fiume","description":"Portale web della Citta&#039; di Fiume","potentialAction":[{"@type":"SearchAction","target":{"@type":"EntryPoint","urlTemplate":"https:\/\/www.rijeka.hr\/it\/?s={search_term_string}"},"query-input":{"@type":"PropertyValueSpecification","valueRequired":true,"valueName":"search_term_string"}}],"inLanguage":"it-IT"}]}},"_links":{"self":[{"href":"https:\/\/www.rijeka.hr\/it\/wp-json\/wp\/v2\/pages\/1779","targetHints":{"allow":["GET"]}}],"collection":[{"href":"https:\/\/www.rijeka.hr\/it\/wp-json\/wp\/v2\/pages"}],"about":[{"href":"https:\/\/www.rijeka.hr\/it\/wp-json\/wp\/v2\/types\/page"}],"author":[{"embeddable":true,"href":"https:\/\/www.rijeka.hr\/it\/wp-json\/wp\/v2\/users\/13"}],"replies":[{"embeddable":true,"href":"https:\/\/www.rijeka.hr\/it\/wp-json\/wp\/v2\/comments?post=1779"}],"version-history":[{"count":5,"href":"https:\/\/www.rijeka.hr\/it\/wp-json\/wp\/v2\/pages\/1779\/revisions"}],"predecessor-version":[{"id":20089,"href":"https:\/\/www.rijeka.hr\/it\/wp-json\/wp\/v2\/pages\/1779\/revisions\/20089"}],"up":[{"embeddable":true,"href":"https:\/\/www.rijeka.hr\/it\/wp-json\/wp\/v2\/pages\/1757"}],"wp:attachment":[{"href":"https:\/\/www.rijeka.hr\/it\/wp-json\/wp\/v2\/media?parent=1779"}],"wp:term":[{"taxonomy":"post_tag","embeddable":true,"href":"https:\/\/www.rijeka.hr\/it\/wp-json\/wp\/v2\/tags?post=1779"}],"curies":[{"name":"wp","href":"https:\/\/api.w.org\/{rel}","templated":true}]}}