{"id":1781,"date":"2016-11-07T09:40:39","date_gmt":"2016-11-07T08:40:39","guid":{"rendered":"https:\/\/www.rijeka.hr\/it\/?page_id=1781"},"modified":"2025-12-05T10:22:05","modified_gmt":"2025-12-05T09:22:05","slug":"comitato-la-collaborazione-interurbana-internazionale","status":"publish","type":"page","link":"https:\/\/www.rijeka.hr\/it\/amministrazione-cittadina\/consiglio-cittadino\/organi-lavoro-del-consiglio-cittadino\/comitato-la-collaborazione-interurbana-internazionale\/","title":{"rendered":"Comitato per la collaborazione interurbana e internazionale"},"content":{"rendered":"<p>Il Comitato per la collaborazione interurbana e internazionale considera le questioni che riguardano la collaborazione tra la Citt\u00e0 di Fiume e altre unit\u00e0 di autogoverno locale e regionale come pure con le unit\u00e0 rispettive di altri paesi, prepara bozze di atto ed esprime l\u2019opinione sulle proposte presentate da altri proponenti che riguardano quest\u2019area e svolge le altre attivit\u00e0 specificate dal Regolamento e dagli atti del Consiglio cittadino.<\/p>\n<p><strong>Composizione del Comitato:<\/strong><\/p>\n<ul>\n<li><strong>Ana Tro\u0161elj,<\/strong> come presidente<\/li>\n<li><b style=\"font-size: 1.125rem;\"><strong>Marijan Mihaji\u0107<\/strong>,<\/b><span style=\"font-size: 1.125rem;\"> vice presidente<\/span><\/li>\n<\/ul>\n<p>Membri:<\/p>\n<ul>\n<li><b><strong>Adriano Marcenich<\/strong>,<\/b><\/li>\n<li><b><strong>Ivan Jurkovi\u0107<\/strong>,<\/b><\/li>\n<li><b><strong>Karla Glu\u010dina<\/strong>.<\/b><\/li>\n<\/ul>\n<p><strong>Contatti \u2013 Comitato per la collaborazione interurbana e internazionale:<\/strong><\/p>\n<p>Segretaria del Comitato<br \/>\n<strong>Maja Bo\u0161kovi\u0107<\/strong><br \/>\nTelefono: <a href=\"tel:+385 51 209 512\">051 209 512<\/a><br \/>\nE-mail: <a href=\"&#x6d;&#x61;&#x69;&#x6c;&#116;&#111;:ma&#x6a;&#x61;&#x2e;&#x62;&#111;&#115;kov&#x69;&#x63;&#x40;&#x72;&#105;&#106;&#101;ka&#x2e;&#x68;&#x72;\">&#x6d;&#x61;&#106;&#97;&#46;&#x62;&#x6f;&#x73;&#107;&#111;v&#x69;&#x63;&#x40;&#114;&#105;j&#x65;&#x6b;&#x61;&#46;&#104;r<\/a><\/p>\n<p>Responsabile per i preparativi delle sedute del Comitato:<br \/>\n<strong>Daniela Pe\u0161ov<\/strong><br \/>\nTel:\u00a0 <a href=\"tel:+385 51 209 694\">051 209 694<\/a><br \/>\nE-mail: <a href=\"&#x6d;&#x61;&#x69;&#x6c;&#x74;&#x6f;&#x3a;&#x64;&#x61;&#x6e;&#x69;&#x65;&#x6c;&#x61;&#46;&#112;&#101;&#115;&#111;&#118;&#64;&#114;&#105;&#106;&#101;ka&#46;hr\">&#x64;&#x61;&#x6e;&#x69;&#101;&#108;&#97;&#46;p&#x65;&#x73;&#x6f;&#x76;&#x40;&#114;&#105;&#106;ek&#x61;&#x2e;&#x68;&#x72;<\/a><\/p>\n","protected":false},"excerpt":{"rendered":"<p>Il Comitato per la collaborazione interurbana e internazionale considera le questioni che riguardano la collaborazione tra la Citt\u00e0 di Fiume e altre unit\u00e0 di autogoverno locale e regionale come pure con le unit\u00e0 rispettive di altri paesi, prepara bozze di atto ed esprime l\u2019opinione sulle proposte presentate da altri proponenti che riguardano quest\u2019area e svolge&#8230;<\/p>\n","protected":false},"author":13,"featured_media":0,"parent":1757,"menu_order":0,"comment_status":"closed","ping_status":"closed","template":"","meta":{"_acf_changed":false,"_trash_the_other_posts":false,"footnotes":"","_links_to":"","_links_to_target":""},"tags":[],"class_list":["post-1781","page","type-page","status-publish","hentry"],"acf":[],"yoast_head":"<!-- This site is optimized with the Yoast SEO plugin v24.4 - https:\/\/yoast.com\/wordpress\/plugins\/seo\/ -->\n<title>Comitato per la collaborazione interurbana e internazionale - Citt\u00e0 di Fiume<\/title>\n<meta name=\"robots\" content=\"index, follow, max-snippet:-1, max-image-preview:large, max-video-preview:-1\" \/>\n<link rel=\"canonical\" href=\"https:\/\/www.rijeka.hr\/it\/amministrazione-cittadina\/consiglio-cittadino\/organi-lavoro-del-consiglio-cittadino\/comitato-la-collaborazione-interurbana-internazionale\/\" \/>\n<meta property=\"og:locale\" content=\"it_IT\" \/>\n<meta property=\"og:type\" content=\"article\" \/>\n<meta property=\"og:title\" content=\"Comitato per la collaborazione interurbana e internazionale - Citt\u00e0 di Fiume\" \/>\n<meta property=\"og:description\" content=\"Il Comitato per la collaborazione interurbana e internazionale considera le questioni che riguardano la collaborazione tra la Citt\u00e0 di Fiume e altre unit\u00e0 di autogoverno locale e regionale come pure con le unit\u00e0 rispettive di altri paesi, prepara bozze di atto ed esprime l\u2019opinione sulle proposte presentate da altri proponenti che riguardano quest\u2019area e svolge...\" \/>\n<meta property=\"og:url\" content=\"https:\/\/www.rijeka.hr\/it\/amministrazione-cittadina\/consiglio-cittadino\/organi-lavoro-del-consiglio-cittadino\/comitato-la-collaborazione-interurbana-internazionale\/\" \/>\n<meta property=\"og:site_name\" content=\"Citt\u00e0 di Fiume\" \/>\n<meta property=\"article:modified_time\" content=\"2025-12-05T09:22:05+00:00\" \/>\n<meta name=\"twitter:card\" content=\"summary_large_image\" \/>\n<meta name=\"twitter:label1\" content=\"Est. reading time\" \/>\n\t<meta name=\"twitter:data1\" content=\"1 minute\" \/>\n<script type=\"application\/ld+json\" class=\"yoast-schema-graph\">{\"@context\":\"https:\/\/schema.org\",\"@graph\":[{\"@type\":\"WebPage\",\"@id\":\"https:\/\/www.rijeka.hr\/it\/amministrazione-cittadina\/consiglio-cittadino\/organi-lavoro-del-consiglio-cittadino\/comitato-la-collaborazione-interurbana-internazionale\/\",\"url\":\"https:\/\/www.rijeka.hr\/it\/amministrazione-cittadina\/consiglio-cittadino\/organi-lavoro-del-consiglio-cittadino\/comitato-la-collaborazione-interurbana-internazionale\/\",\"name\":\"Comitato per la collaborazione interurbana e internazionale - Citt\u00e0 di Fiume\",\"isPartOf\":{\"@id\":\"https:\/\/www.rijeka.hr\/it\/#website\"},\"datePublished\":\"2016-11-07T08:40:39+00:00\",\"dateModified\":\"2025-12-05T09:22:05+00:00\",\"breadcrumb\":{\"@id\":\"https:\/\/www.rijeka.hr\/it\/amministrazione-cittadina\/consiglio-cittadino\/organi-lavoro-del-consiglio-cittadino\/comitato-la-collaborazione-interurbana-internazionale\/#breadcrumb\"},\"inLanguage\":\"it-IT\",\"potentialAction\":[{\"@type\":\"ReadAction\",\"target\":[\"https:\/\/www.rijeka.hr\/it\/amministrazione-cittadina\/consiglio-cittadino\/organi-lavoro-del-consiglio-cittadino\/comitato-la-collaborazione-interurbana-internazionale\/\"]}]},{\"@type\":\"BreadcrumbList\",\"@id\":\"https:\/\/www.rijeka.hr\/it\/amministrazione-cittadina\/consiglio-cittadino\/organi-lavoro-del-consiglio-cittadino\/comitato-la-collaborazione-interurbana-internazionale\/#breadcrumb\",\"itemListElement\":[{\"@type\":\"ListItem\",\"position\":1,\"name\":\"Po\u010detna stranica\",\"item\":\"https:\/\/www.rijeka.hr\/it\/\"},{\"@type\":\"ListItem\",\"position\":2,\"name\":\"Amministrazione cittadina\",\"item\":\"https:\/\/www.rijeka.hr\/it\/amministrazione-cittadina\/\"},{\"@type\":\"ListItem\",\"position\":3,\"name\":\"Consiglio cittadino\",\"item\":\"https:\/\/www.rijeka.hr\/it\/amministrazione-cittadina\/consiglio-cittadino\/\"},{\"@type\":\"ListItem\",\"position\":4,\"name\":\"Organi di lavoro del Consiglio cittadino\",\"item\":\"https:\/\/www.rijeka.hr\/it\/amministrazione-cittadina\/consiglio-cittadino\/organi-lavoro-del-consiglio-cittadino\/\"},{\"@type\":\"ListItem\",\"position\":5,\"name\":\"Comitato per la collaborazione interurbana e internazionale\"}]},{\"@type\":\"WebSite\",\"@id\":\"https:\/\/www.rijeka.hr\/it\/#website\",\"url\":\"https:\/\/www.rijeka.hr\/it\/\",\"name\":\"Citt\u00e0 di Fiume\",\"description\":\"Portale web della Citta&#039; di Fiume\",\"potentialAction\":[{\"@type\":\"SearchAction\",\"target\":{\"@type\":\"EntryPoint\",\"urlTemplate\":\"https:\/\/www.rijeka.hr\/it\/?s={search_term_string}\"},\"query-input\":{\"@type\":\"PropertyValueSpecification\",\"valueRequired\":true,\"valueName\":\"search_term_string\"}}],\"inLanguage\":\"it-IT\"}]}<\/script>\n<!-- \/ Yoast SEO plugin. -->","yoast_head_json":{"title":"Comitato per la collaborazione interurbana e internazionale - Citt\u00e0 di Fiume","robots":{"index":"index","follow":"follow","max-snippet":"max-snippet:-1","max-image-preview":"max-image-preview:large","max-video-preview":"max-video-preview:-1"},"canonical":"https:\/\/www.rijeka.hr\/it\/amministrazione-cittadina\/consiglio-cittadino\/organi-lavoro-del-consiglio-cittadino\/comitato-la-collaborazione-interurbana-internazionale\/","og_locale":"it_IT","og_type":"article","og_title":"Comitato per la collaborazione interurbana e internazionale - Citt\u00e0 di Fiume","og_description":"Il Comitato per la collaborazione interurbana e internazionale considera le questioni che riguardano la collaborazione tra la Citt\u00e0 di Fiume e altre unit\u00e0 di autogoverno locale e regionale come pure con le unit\u00e0 rispettive di altri paesi, prepara bozze di atto ed esprime l\u2019opinione sulle proposte presentate da altri proponenti che riguardano quest\u2019area e svolge...","og_url":"https:\/\/www.rijeka.hr\/it\/amministrazione-cittadina\/consiglio-cittadino\/organi-lavoro-del-consiglio-cittadino\/comitato-la-collaborazione-interurbana-internazionale\/","og_site_name":"Citt\u00e0 di Fiume","article_modified_time":"2025-12-05T09:22:05+00:00","twitter_card":"summary_large_image","twitter_misc":{"Est. reading time":"1 minute"},"schema":{"@context":"https:\/\/schema.org","@graph":[{"@type":"WebPage","@id":"https:\/\/www.rijeka.hr\/it\/amministrazione-cittadina\/consiglio-cittadino\/organi-lavoro-del-consiglio-cittadino\/comitato-la-collaborazione-interurbana-internazionale\/","url":"https:\/\/www.rijeka.hr\/it\/amministrazione-cittadina\/consiglio-cittadino\/organi-lavoro-del-consiglio-cittadino\/comitato-la-collaborazione-interurbana-internazionale\/","name":"Comitato per la collaborazione interurbana e internazionale - Citt\u00e0 di Fiume","isPartOf":{"@id":"https:\/\/www.rijeka.hr\/it\/#website"},"datePublished":"2016-11-07T08:40:39+00:00","dateModified":"2025-12-05T09:22:05+00:00","breadcrumb":{"@id":"https:\/\/www.rijeka.hr\/it\/amministrazione-cittadina\/consiglio-cittadino\/organi-lavoro-del-consiglio-cittadino\/comitato-la-collaborazione-interurbana-internazionale\/#breadcrumb"},"inLanguage":"it-IT","potentialAction":[{"@type":"ReadAction","target":["https:\/\/www.rijeka.hr\/it\/amministrazione-cittadina\/consiglio-cittadino\/organi-lavoro-del-consiglio-cittadino\/comitato-la-collaborazione-interurbana-internazionale\/"]}]},{"@type":"BreadcrumbList","@id":"https:\/\/www.rijeka.hr\/it\/amministrazione-cittadina\/consiglio-cittadino\/organi-lavoro-del-consiglio-cittadino\/comitato-la-collaborazione-interurbana-internazionale\/#breadcrumb","itemListElement":[{"@type":"ListItem","position":1,"name":"Po\u010detna stranica","item":"https:\/\/www.rijeka.hr\/it\/"},{"@type":"ListItem","position":2,"name":"Amministrazione cittadina","item":"https:\/\/www.rijeka.hr\/it\/amministrazione-cittadina\/"},{"@type":"ListItem","position":3,"name":"Consiglio cittadino","item":"https:\/\/www.rijeka.hr\/it\/amministrazione-cittadina\/consiglio-cittadino\/"},{"@type":"ListItem","position":4,"name":"Organi di lavoro del Consiglio cittadino","item":"https:\/\/www.rijeka.hr\/it\/amministrazione-cittadina\/consiglio-cittadino\/organi-lavoro-del-consiglio-cittadino\/"},{"@type":"ListItem","position":5,"name":"Comitato per la collaborazione interurbana e internazionale"}]},{"@type":"WebSite","@id":"https:\/\/www.rijeka.hr\/it\/#website","url":"https:\/\/www.rijeka.hr\/it\/","name":"Citt\u00e0 di Fiume","description":"Portale web della Citta&#039; di Fiume","potentialAction":[{"@type":"SearchAction","target":{"@type":"EntryPoint","urlTemplate":"https:\/\/www.rijeka.hr\/it\/?s={search_term_string}"},"query-input":{"@type":"PropertyValueSpecification","valueRequired":true,"valueName":"search_term_string"}}],"inLanguage":"it-IT"}]}},"_links":{"self":[{"href":"https:\/\/www.rijeka.hr\/it\/wp-json\/wp\/v2\/pages\/1781","targetHints":{"allow":["GET"]}}],"collection":[{"href":"https:\/\/www.rijeka.hr\/it\/wp-json\/wp\/v2\/pages"}],"about":[{"href":"https:\/\/www.rijeka.hr\/it\/wp-json\/wp\/v2\/types\/page"}],"author":[{"embeddable":true,"href":"https:\/\/www.rijeka.hr\/it\/wp-json\/wp\/v2\/users\/13"}],"replies":[{"embeddable":true,"href":"https:\/\/www.rijeka.hr\/it\/wp-json\/wp\/v2\/comments?post=1781"}],"version-history":[{"count":4,"href":"https:\/\/www.rijeka.hr\/it\/wp-json\/wp\/v2\/pages\/1781\/revisions"}],"predecessor-version":[{"id":20019,"href":"https:\/\/www.rijeka.hr\/it\/wp-json\/wp\/v2\/pages\/1781\/revisions\/20019"}],"up":[{"embeddable":true,"href":"https:\/\/www.rijeka.hr\/it\/wp-json\/wp\/v2\/pages\/1757"}],"wp:attachment":[{"href":"https:\/\/www.rijeka.hr\/it\/wp-json\/wp\/v2\/media?parent=1781"}],"wp:term":[{"taxonomy":"post_tag","embeddable":true,"href":"https:\/\/www.rijeka.hr\/it\/wp-json\/wp\/v2\/tags?post=1781"}],"curies":[{"name":"wp","href":"https:\/\/api.w.org\/{rel}","templated":true}]}}